{"id":23847,"date":"2026-02-12T20:15:01","date_gmt":"2026-02-12T18:15:01","guid":{"rendered":"https:\/\/mekulo.com\/dk\/produkt\/universal-vandtaet-telefonholder-til-cykel-og-motorcykel\/"},"modified":"2026-03-02T12:32:57","modified_gmt":"2026-03-02T10:32:57","slug":"universal-vandtaet-telefonholder-til-cykel-og-motorcykel","status":"publish","type":"product","link":"https:\/\/mekulo.com\/dk\/produkt\/universal-vandtaet-telefonholder-til-cykel-og-motorcykel\/","title":{"rendered":"Universal vandt\u00e6t telefonholder til cykel og motorcykel"},"content":{"rendered":"<p style=\"text-align: center\"><strong>Hold din telefon sikker, t\u00f8r og synlig, mens du cykler. \ud83c\udfcd\ufe0f<\/strong><\/p>\n<p><img fetchpriority=\"high\" decoding=\"async\" class=\"size-full wp-image-24551 aligncenter\" src=\"https:\/\/mekulo.com\/template\/wp-content\/uploads\/sites\/6\/2026\/02\/S78c7a64c871d4dbbb16a0a1bf31dc12e8.jpg\" alt=\"\" width=\"794\" height=\"903\" \/><\/p>\n<h2 style=\"text-align: center\" data-start=\"536\" data-end=\"555\">Hovedfordele<strong>\u00a0\ud83c\udf27\ufe0f<\/strong><\/h2>\n<p data-start=\"635\" data-end=\"1071\">\ud83c\udf27\ufe0f Vandt\u00e6t &amp; regnt\u00e6t &#8211; K\u00f8r trygt i al slags vejr.<\/p>\n<p data-start=\"635\" data-end=\"1071\">\ud83d\udcf1 Universel pasform &#8211; Passer til telefoner op til 6,7 tommer.<\/p>\n<p data-start=\"635\" data-end=\"1071\">\ud83e\uddf2 Magnetisk greb &#8211; Holder telefonen stabil og forhindrer forskydning.<\/p>\n<p data-start=\"635\" data-end=\"1071\">\ud83d\udd04 360\u00b0 rotation &#8211; Juster nemt synsvinklen.<\/p>\n<p data-start=\"635\" data-end=\"1071\">\ud83d\udcf8 Klar bagrude &#8211; Tag fotos eller videoer uden at fjerne telefonen.<\/p>\n<p data-start=\"635\" data-end=\"1071\">\ud83c\udfa7 Kabeladgang &#8211; \u00c5bninger til opladning og hovedtelefoner.<\/p>\n<p data-start=\"635\" data-end=\"1071\">\ud83d\udee0\ufe0f Nem installation &#8211; Monteringsv\u00e6rkt\u00f8j medf\u00f8lger.<\/p>\n<p data-start=\"635\" data-end=\"1071\"><img decoding=\"async\" class=\"size-full wp-image-24549 aligncenter\" src=\"https:\/\/mekulo.com\/template\/wp-content\/uploads\/sites\/6\/2026\/02\/Sa2ed8082810f41e0b6fe2550f8e2818fp.jpg\" alt=\"\" width=\"404\" height=\"507\" \/><\/p>\n<h2 style=\"text-align: center\" data-start=\"1078\" data-end=\"1094\"><strong>S\u00e5dan Bruges \ud83d\udccc<\/strong><\/h2>\n<ol data-start=\"1095\" data-end=\"1342\">\n<li data-start=\"1095\" data-end=\"1143\">\n<p data-start=\"1098\" data-end=\"1143\">Fastg\u00f8r monteringsbasen p\u00e5 dit styr.<\/p>\n<\/li>\n<li data-start=\"1144\" data-end=\"1191\">\n<p data-start=\"1147\" data-end=\"1191\">Fastg\u00f8r den med den medf\u00f8lgende lille skruen\u00f8gle.<\/p>\n<\/li>\n<li data-start=\"1192\" data-end=\"1248\">\n<p data-start=\"1195\" data-end=\"1248\">Placer det magnetiske ark inde i etuiet, hvis det er n\u00f8dvendigt.<\/p>\n<\/li>\n<li data-start=\"1249\" data-end=\"1302\">\n<p data-start=\"1252\" data-end=\"1302\">Inds\u00e6t din telefon, og luk den vandt\u00e6tte forsegling.<\/p>\n<\/li>\n<li data-start=\"1303\" data-end=\"1342\">\n<p data-start=\"1306\" data-end=\"1342\">Juster vinklen, og begynd at k\u00f8re.<\/p>\n<\/li>\n<\/ol>\n<h2 style=\"text-align: center\" data-start=\"1349\" data-end=\"1370\"><strong>Produktoplysninger \ud83d\udccf<\/strong><\/h2>\n<ul data-start=\"1371\" data-end=\"1630\">\n<li data-start=\"1417\" data-end=\"1465\">\n<p data-start=\"1419\" data-end=\"1465\">Materiale: ABS + TPU + fiberforst\u00e6rket nylon<\/p>\n<\/li>\n<li data-start=\"1466\" data-end=\"1513\">\n<p data-start=\"1468\" data-end=\"1513\">Funktion: Vandt\u00e6t og regnt\u00e6t beskyttelse<\/p>\n<\/li>\n<li data-start=\"1514\" data-end=\"1543\">\n<p data-start=\"1516\" data-end=\"1543\">Rotation: 360\u00b0 justerbar<\/p>\n<\/li>\n<li data-start=\"1544\" data-end=\"1587\">\n<p data-start=\"1546\" data-end=\"1587\">Design: Sammenklappelig base, magnetisk fiksering<\/p>\n<\/li>\n<li data-start=\"1588\" data-end=\"1630\">\n<p data-start=\"1590\" data-end=\"1630\">Kompatibilitet: Telefoner op til 6,7 tommer<\/p>\n<\/li>\n<li data-start=\"1588\" data-end=\"1630\">St\u00f8rrelser: Telefontaske: 200 x 100 mm, telefonholder: 60 x 100 mm<\/li>\n<\/ul>\n<h2 style=\"text-align: center\" data-start=\"1637\" data-end=\"1659\"><strong>Pakken Indeholder \ud83d\udce6<\/strong><\/h2>\n<ul data-start=\"1660\" data-end=\"1773\">\n<li data-start=\"1660\" data-end=\"1689\">\n<p data-start=\"1662\" data-end=\"1689\">1x vandt\u00e6t telefonetui<\/p>\n<\/li>\n<li data-start=\"1690\" data-end=\"1711\">\n<p data-start=\"1692\" data-end=\"1711\">1x monteringsbase<\/p>\n<\/li>\n<li data-start=\"1712\" data-end=\"1734\">\n<p data-start=\"1714\" data-end=\"1734\">1x magnetisk ark<\/p>\n<\/li>\n<li data-start=\"1735\" data-end=\"1755\">\n<p data-start=\"1737\" data-end=\"1755\">1x lille skruen\u00f8gle.<\/p>\n<\/li>\n<\/ul>\n","protected":false},"excerpt":{"rendered":"<p>\ud83d\udeb4\u200d\u2642\ufe0fDesigned for ryttere, der har brug for bekvemmelighed og beskyttelse, denne universelle vandt\u00e6tte telefonholder passer til de fleste smartphones op til 6,7 tommer.<br \/>\n\ud83d\udcf1Det forseglede vandt\u00e6tte etui beskytter din telefon i v\u00e5dt vejr, mens sk\u00e6rmen forbliver fuldt anvendelig.<br \/>\n\ud83d\udd04\ufe0fYou kan dreje og justere vinklen for den perfekte visningsposition. Et must-have-tilbeh\u00f8r til sikrere, smartere og bekymringsfri k\u00f8reture.<\/p>\n","protected":false},"featured_media":23843,"comment_status":"open","ping_status":"closed","template":"","meta":{"site-sidebar-layout":"default","site-content-layout":"","ast-site-content-layout":"default","site-content-style":"default","site-sidebar-style":"default","ast-global-header-display":"","ast-banner-title-visibility":"","ast-main-header-display":"","ast-hfb-above-header-display":"","ast-hfb-below-header-display":"","ast-hfb-mobile-header-display":"","site-post-title":"","ast-breadcrumbs-content":"","ast-featured-img":"","footer-sml-layout":"","ast-disable-related-posts":"","theme-transparent-header-meta":"default","adv-header-id-meta":"","stick-header-meta":"","header-above-stick-meta":"","header-main-stick-meta":"","header-below-stick-meta":"","astra-migrate-meta-layouts":"set","ast-page-background-enabled":"default","ast-page-background-meta":{"desktop":{"background-color":"var(--ast-global-color-5)","background-image":"","background-repeat":"repeat","background-position":"center center","background-size":"auto","background-attachment":"scroll","background-type":"","background-media":"","overlay-type":"","overlay-color":"","overlay-opacity":"","overlay-gradient":""},"tablet":{"background-color":"","background-image":"","background-repeat":"repeat","background-position":"center center","background-size":"auto","background-attachment":"scroll","background-type":"","background-media":"","overlay-type":"","overlay-color":"","overlay-opacity":"","overlay-gradient":""},"mobile":{"background-color":"","background-image":"","background-repeat":"repeat","background-position":"center center","background-size":"auto","background-attachment":"scroll","background-type":"","background-media":"","overlay-type":"","overlay-color":"","overlay-opacity":"","overlay-gradient":""}},"ast-content-background-meta":{"desktop":{"background-color":"var(--ast-global-color-4)","background-image":"","background-repeat":"repeat","background-position":"center center","background-size":"auto","background-attachment":"scroll","background-type":"","background-media":"","overlay-type":"","overlay-color":"","overlay-opacity":"","overlay-gradient":""},"tablet":{"background-color":"var(--ast-global-color-4)","background-image":"","background-repeat":"repeat","background-position":"center center","background-size":"auto","background-attachment":"scroll","background-type":"","background-media":"","overlay-type":"","overlay-color":"","overlay-opacity":"","overlay-gradient":""},"mobile":{"background-color":"var(--ast-global-color-4)","background-image":"","background-repeat":"repeat","background-position":"center center","background-size":"auto","background-attachment":"scroll","background-type":"","background-media":"","overlay-type":"","overlay-color":"","overlay-opacity":"","overlay-gradient":""}}},"product_brand":[],"product_cat":[161,167],"product_tag":[],"class_list":{"0":"post-23847","1":"product","2":"type-product","3":"status-publish","4":"has-post-thumbnail","6":"product_cat-bilprodukter","7":"product_cat-vandreture-camping-og-fritidsartikler","8":"pa_58872_j274lohu-1-stk","9":"pa_58872_j274lohu-2-stk","10":"desktop-align-left","11":"tablet-align-left","12":"mobile-align-left","14":"first","15":"instock","16":"shipping-taxable","17":"purchasable","18":"product-type-variable"},"yoast_head":"<!-- This site is optimized with the Yoast SEO plugin v27.4 - https:\/\/yoast.com\/product\/yoast-seo-wordpress\/ -->\n<title>Universal vandt\u00e6t telefonholder til cykel og motorcykel - Mekulo DK<\/title>\n<meta name=\"robots\" content=\"index, follow, max-snippet:-1, max-image-preview:large, max-video-preview:-1\" \/>\n<link rel=\"canonical\" href=\"https:\/\/mekulo.com\/dk\/produkt\/universal-vandtaet-telefonholder-til-cykel-og-motorcykel\/\" \/>\n<meta property=\"og:locale\" content=\"da_DK\" \/>\n<meta property=\"og:type\" content=\"article\" \/>\n<meta property=\"og:title\" content=\"Universal vandt\u00e6t telefonholder til cykel og motorcykel - Mekulo DK\" \/>\n<meta property=\"og:description\" content=\"\ud83d\udeb4\u200d\u2642\ufe0fDesigned for ryttere, der har brug for bekvemmelighed og beskyttelse, denne universelle vandt\u00e6tte telefonholder passer til de fleste smartphones op til 6,7 tommer. \ud83d\udcf1Det forseglede vandt\u00e6tte etui beskytter din telefon i v\u00e5dt vejr, mens sk\u00e6rmen forbliver fuldt anvendelig. \ud83d\udd04\ufe0fYou kan dreje og justere vinklen for den perfekte visningsposition. Et must-have-tilbeh\u00f8r til sikrere, smartere og bekymringsfri k\u00f8reture.\" \/>\n<meta property=\"og:url\" content=\"https:\/\/mekulo.com\/dk\/produkt\/universal-vandtaet-telefonholder-til-cykel-og-motorcykel\/\" \/>\n<meta property=\"og:site_name\" content=\"Mekulo DK\" \/>\n<meta property=\"article:modified_time\" content=\"2026-03-02T10:32:57+00:00\" \/>\n<meta property=\"og:image\" content=\"https:\/\/mekulo.com\/dk\/wp-content\/uploads\/sites\/12\/2026\/02\/1sj0bmu-1.jpg\" \/>\n\t<meta property=\"og:image:width\" content=\"914\" \/>\n\t<meta property=\"og:image:height\" content=\"914\" \/>\n\t<meta property=\"og:image:type\" content=\"image\/jpeg\" \/>\n<meta name=\"twitter:card\" content=\"summary_large_image\" \/>\n<meta name=\"twitter:label1\" content=\"Estimeret l\u00e6setid\" \/>\n\t<meta name=\"twitter:data1\" content=\"2 minutter\" \/>\n<script type=\"application\/ld+json\" class=\"yoast-schema-graph\">{\"@context\":\"https:\\\/\\\/schema.org\",\"@graph\":[{\"@type\":\"WebPage\",\"@id\":\"https:\\\/\\\/mekulo.com\\\/dk\\\/produkt\\\/universal-vandtaet-telefonholder-til-cykel-og-motorcykel\\\/\",\"url\":\"https:\\\/\\\/mekulo.com\\\/dk\\\/produkt\\\/universal-vandtaet-telefonholder-til-cykel-og-motorcykel\\\/\",\"name\":\"Universal vandt\u00e6t telefonholder til cykel og motorcykel - Mekulo DK\",\"isPartOf\":{\"@id\":\"https:\\\/\\\/mekulo.com\\\/dk\\\/#website\"},\"primaryImageOfPage\":{\"@id\":\"https:\\\/\\\/mekulo.com\\\/dk\\\/produkt\\\/universal-vandtaet-telefonholder-til-cykel-og-motorcykel\\\/#primaryimage\"},\"image\":{\"@id\":\"https:\\\/\\\/mekulo.com\\\/dk\\\/produkt\\\/universal-vandtaet-telefonholder-til-cykel-og-motorcykel\\\/#primaryimage\"},\"thumbnailUrl\":\"https:\\\/\\\/mekulo.com\\\/dk\\\/wp-content\\\/uploads\\\/sites\\\/12\\\/2026\\\/02\\\/1sj0bmu-1.jpg\",\"datePublished\":\"2026-02-12T18:15:01+00:00\",\"dateModified\":\"2026-03-02T10:32:57+00:00\",\"breadcrumb\":{\"@id\":\"https:\\\/\\\/mekulo.com\\\/dk\\\/produkt\\\/universal-vandtaet-telefonholder-til-cykel-og-motorcykel\\\/#breadcrumb\"},\"inLanguage\":\"da-DK\",\"potentialAction\":[{\"@type\":\"ReadAction\",\"target\":[\"https:\\\/\\\/mekulo.com\\\/dk\\\/produkt\\\/universal-vandtaet-telefonholder-til-cykel-og-motorcykel\\\/\"]}]},{\"@type\":\"ImageObject\",\"inLanguage\":\"da-DK\",\"@id\":\"https:\\\/\\\/mekulo.com\\\/dk\\\/produkt\\\/universal-vandtaet-telefonholder-til-cykel-og-motorcykel\\\/#primaryimage\",\"url\":\"https:\\\/\\\/mekulo.com\\\/dk\\\/wp-content\\\/uploads\\\/sites\\\/12\\\/2026\\\/02\\\/1sj0bmu-1.jpg\",\"contentUrl\":\"https:\\\/\\\/mekulo.com\\\/dk\\\/wp-content\\\/uploads\\\/sites\\\/12\\\/2026\\\/02\\\/1sj0bmu-1.jpg\",\"width\":914,\"height\":914},{\"@type\":\"BreadcrumbList\",\"@id\":\"https:\\\/\\\/mekulo.com\\\/dk\\\/produkt\\\/universal-vandtaet-telefonholder-til-cykel-og-motorcykel\\\/#breadcrumb\",\"itemListElement\":[{\"@type\":\"ListItem\",\"position\":1,\"name\":\"Home\",\"item\":\"https:\\\/\\\/mekulo.com\\\/dk\\\/\"},{\"@type\":\"ListItem\",\"position\":2,\"name\":\"Butik\",\"item\":\"https:\\\/\\\/mekulo.com\\\/dk\\\/butik\\\/\"},{\"@type\":\"ListItem\",\"position\":3,\"name\":\"Universal vandt\u00e6t telefonholder til cykel og motorcykel\"}]},{\"@type\":\"WebSite\",\"@id\":\"https:\\\/\\\/mekulo.com\\\/dk\\\/#website\",\"url\":\"https:\\\/\\\/mekulo.com\\\/dk\\\/\",\"name\":\"Mekulo DK\",\"description\":\"\",\"publisher\":{\"@id\":\"https:\\\/\\\/mekulo.com\\\/dk\\\/#organization\"},\"potentialAction\":[{\"@type\":\"SearchAction\",\"target\":{\"@type\":\"EntryPoint\",\"urlTemplate\":\"https:\\\/\\\/mekulo.com\\\/dk\\\/?s={search_term_string}\"},\"query-input\":{\"@type\":\"PropertyValueSpecification\",\"valueRequired\":true,\"valueName\":\"search_term_string\"}}],\"inLanguage\":\"da-DK\"},{\"@type\":\"Organization\",\"@id\":\"https:\\\/\\\/mekulo.com\\\/dk\\\/#organization\",\"name\":\"Mekulo\",\"url\":\"https:\\\/\\\/mekulo.com\\\/dk\\\/\",\"logo\":{\"@type\":\"ImageObject\",\"inLanguage\":\"da-DK\",\"@id\":\"https:\\\/\\\/mekulo.com\\\/dk\\\/#\\\/schema\\\/logo\\\/image\\\/\",\"url\":\"https:\\\/\\\/mekulo.com\\\/dk\\\/wp-content\\\/uploads\\\/sites\\\/12\\\/2025\\\/12\\\/favicon_mekulo.png\",\"contentUrl\":\"https:\\\/\\\/mekulo.com\\\/dk\\\/wp-content\\\/uploads\\\/sites\\\/12\\\/2025\\\/12\\\/favicon_mekulo.png\",\"width\":50,\"height\":50,\"caption\":\"Mekulo\"},\"image\":{\"@id\":\"https:\\\/\\\/mekulo.com\\\/dk\\\/#\\\/schema\\\/logo\\\/image\\\/\"}}]}<\/script>\n<!-- \/ Yoast SEO plugin. -->","yoast_head_json":{"title":"Universal vandt\u00e6t telefonholder til cykel og motorcykel - Mekulo DK","robots":{"index":"index","follow":"follow","max-snippet":"max-snippet:-1","max-image-preview":"max-image-preview:large","max-video-preview":"max-video-preview:-1"},"canonical":"https:\/\/mekulo.com\/dk\/produkt\/universal-vandtaet-telefonholder-til-cykel-og-motorcykel\/","og_locale":"da_DK","og_type":"article","og_title":"Universal vandt\u00e6t telefonholder til cykel og motorcykel - Mekulo DK","og_description":"\ud83d\udeb4\u200d\u2642\ufe0fDesigned for ryttere, der har brug for bekvemmelighed og beskyttelse, denne universelle vandt\u00e6tte telefonholder passer til de fleste smartphones op til 6,7 tommer. \ud83d\udcf1Det forseglede vandt\u00e6tte etui beskytter din telefon i v\u00e5dt vejr, mens sk\u00e6rmen forbliver fuldt anvendelig. \ud83d\udd04\ufe0fYou kan dreje og justere vinklen for den perfekte visningsposition. Et must-have-tilbeh\u00f8r til sikrere, smartere og bekymringsfri k\u00f8reture.","og_url":"https:\/\/mekulo.com\/dk\/produkt\/universal-vandtaet-telefonholder-til-cykel-og-motorcykel\/","og_site_name":"Mekulo DK","article_modified_time":"2026-03-02T10:32:57+00:00","og_image":[{"width":914,"height":914,"url":"https:\/\/mekulo.com\/dk\/wp-content\/uploads\/sites\/12\/2026\/02\/1sj0bmu-1.jpg","type":"image\/jpeg"}],"twitter_card":"summary_large_image","twitter_misc":{"Estimeret l\u00e6setid":"2 minutter"},"schema":{"@context":"https:\/\/schema.org","@graph":[{"@type":"WebPage","@id":"https:\/\/mekulo.com\/dk\/produkt\/universal-vandtaet-telefonholder-til-cykel-og-motorcykel\/","url":"https:\/\/mekulo.com\/dk\/produkt\/universal-vandtaet-telefonholder-til-cykel-og-motorcykel\/","name":"Universal vandt\u00e6t telefonholder til cykel og motorcykel - Mekulo DK","isPartOf":{"@id":"https:\/\/mekulo.com\/dk\/#website"},"primaryImageOfPage":{"@id":"https:\/\/mekulo.com\/dk\/produkt\/universal-vandtaet-telefonholder-til-cykel-og-motorcykel\/#primaryimage"},"image":{"@id":"https:\/\/mekulo.com\/dk\/produkt\/universal-vandtaet-telefonholder-til-cykel-og-motorcykel\/#primaryimage"},"thumbnailUrl":"https:\/\/mekulo.com\/dk\/wp-content\/uploads\/sites\/12\/2026\/02\/1sj0bmu-1.jpg","datePublished":"2026-02-12T18:15:01+00:00","dateModified":"2026-03-02T10:32:57+00:00","breadcrumb":{"@id":"https:\/\/mekulo.com\/dk\/produkt\/universal-vandtaet-telefonholder-til-cykel-og-motorcykel\/#breadcrumb"},"inLanguage":"da-DK","potentialAction":[{"@type":"ReadAction","target":["https:\/\/mekulo.com\/dk\/produkt\/universal-vandtaet-telefonholder-til-cykel-og-motorcykel\/"]}]},{"@type":"ImageObject","inLanguage":"da-DK","@id":"https:\/\/mekulo.com\/dk\/produkt\/universal-vandtaet-telefonholder-til-cykel-og-motorcykel\/#primaryimage","url":"https:\/\/mekulo.com\/dk\/wp-content\/uploads\/sites\/12\/2026\/02\/1sj0bmu-1.jpg","contentUrl":"https:\/\/mekulo.com\/dk\/wp-content\/uploads\/sites\/12\/2026\/02\/1sj0bmu-1.jpg","width":914,"height":914},{"@type":"BreadcrumbList","@id":"https:\/\/mekulo.com\/dk\/produkt\/universal-vandtaet-telefonholder-til-cykel-og-motorcykel\/#breadcrumb","itemListElement":[{"@type":"ListItem","position":1,"name":"Home","item":"https:\/\/mekulo.com\/dk\/"},{"@type":"ListItem","position":2,"name":"Butik","item":"https:\/\/mekulo.com\/dk\/butik\/"},{"@type":"ListItem","position":3,"name":"Universal vandt\u00e6t telefonholder til cykel og motorcykel"}]},{"@type":"WebSite","@id":"https:\/\/mekulo.com\/dk\/#website","url":"https:\/\/mekulo.com\/dk\/","name":"Mekulo DK","description":"","publisher":{"@id":"https:\/\/mekulo.com\/dk\/#organization"},"potentialAction":[{"@type":"SearchAction","target":{"@type":"EntryPoint","urlTemplate":"https:\/\/mekulo.com\/dk\/?s={search_term_string}"},"query-input":{"@type":"PropertyValueSpecification","valueRequired":true,"valueName":"search_term_string"}}],"inLanguage":"da-DK"},{"@type":"Organization","@id":"https:\/\/mekulo.com\/dk\/#organization","name":"Mekulo","url":"https:\/\/mekulo.com\/dk\/","logo":{"@type":"ImageObject","inLanguage":"da-DK","@id":"https:\/\/mekulo.com\/dk\/#\/schema\/logo\/image\/","url":"https:\/\/mekulo.com\/dk\/wp-content\/uploads\/sites\/12\/2025\/12\/favicon_mekulo.png","contentUrl":"https:\/\/mekulo.com\/dk\/wp-content\/uploads\/sites\/12\/2025\/12\/favicon_mekulo.png","width":50,"height":50,"caption":"Mekulo"},"image":{"@id":"https:\/\/mekulo.com\/dk\/#\/schema\/logo\/image\/"}}]}},"_links":{"self":[{"href":"https:\/\/mekulo.com\/dk\/wp-json\/wp\/v2\/product\/23847","targetHints":{"allow":["GET"]}}],"collection":[{"href":"https:\/\/mekulo.com\/dk\/wp-json\/wp\/v2\/product"}],"about":[{"href":"https:\/\/mekulo.com\/dk\/wp-json\/wp\/v2\/types\/product"}],"replies":[{"embeddable":true,"href":"https:\/\/mekulo.com\/dk\/wp-json\/wp\/v2\/comments?post=23847"}],"wp:featuredmedia":[{"embeddable":true,"href":"https:\/\/mekulo.com\/dk\/wp-json\/wp\/v2\/media\/23843"}],"wp:attachment":[{"href":"https:\/\/mekulo.com\/dk\/wp-json\/wp\/v2\/media?parent=23847"}],"wp:term":[{"taxonomy":"product_brand","embeddable":true,"href":"https:\/\/mekulo.com\/dk\/wp-json\/wp\/v2\/product_brand?post=23847"},{"taxonomy":"product_cat","embeddable":true,"href":"https:\/\/mekulo.com\/dk\/wp-json\/wp\/v2\/product_cat?post=23847"},{"taxonomy":"product_tag","embeddable":true,"href":"https:\/\/mekulo.com\/dk\/wp-json\/wp\/v2\/product_tag?post=23847"}],"curies":[{"name":"wp","href":"https:\/\/api.w.org\/{rel}","templated":true}]}}