{"id":23806,"date":"2026-02-12T13:40:46","date_gmt":"2026-02-12T11:40:46","guid":{"rendered":"https:\/\/mekulo.com\/dk\/produkt\/baerbar-juice-krusblender-2\/"},"modified":"2026-02-12T13:47:15","modified_gmt":"2026-02-12T11:47:15","slug":"baerbar-juice-krusblender-2","status":"publish","type":"product","link":"https:\/\/mekulo.com\/dk\/produkt\/baerbar-juice-krusblender-2\/","title":{"rendered":"B\u00e6rbar juice-krusblender"},"content":{"rendered":"<p style=\"text-align: center\" data-start=\"32\" data-end=\"95\"><strong data-start=\"32\" data-end=\"95\">Blend Frisk Juice Hvor Som Helst Og N\u00e5r Som Helst Med En Enkelt Knap. \ud83c\udf4a<\/strong><\/p>\n<p data-start=\"32\" data-end=\"95\"><img fetchpriority=\"high\" decoding=\"async\" class=\"size-full wp-image-24405 aligncenter\" src=\"https:\/\/mekulo.com\/template\/wp-content\/uploads\/sites\/6\/2026\/02\/3-3.jpg\" alt=\"\" width=\"1080\" height=\"1080\" \/><\/p>\n<h2 style=\"text-align: center\" data-start=\"378\" data-end=\"395\">Vigtigste fordele \ud83e\udd64<\/h2>\n<p data-start=\"396\" data-end=\"714\">\ud83e\udd64 B\u00e6rbar og let &#8211; Nem at have med i en taske eller rygs\u00e6k.<\/p>\n<p data-start=\"396\" data-end=\"714\">\ud83c\udf53 Stor kapacitet &#8211; Lav nok juice i \u00e9n blend.<\/p>\n<p data-start=\"396\" data-end=\"714\">\ud83d\udd2a 10 kraftige blade &#8211; J\u00e6vn blendning og bedre frigivelse af n\u00e6ringsstoffer.<\/p>\n<p data-start=\"396\" data-end=\"714\">\ud83d\udd0b Tr\u00e5dl\u00f8s opladning &#8211; Ingen kabler n\u00f8dvendige under brug.<\/p>\n<p data-start=\"396\" data-end=\"714\">\u26a1 Betjening med \u00e9n knap &#8211; enkel og sikker for alle aldre.<\/p>\n<p data-start=\"396\" data-end=\"714\"><img decoding=\"async\" class=\"size-full wp-image-24408 aligncenter\" src=\"https:\/\/mekulo.com\/template\/wp-content\/uploads\/sites\/6\/2026\/02\/S5e282d4a088544eb8aca05a7d06d0556y.webp\" alt=\"\" width=\"1601\" height=\"1601\" \/><\/p>\n<h2 style=\"text-align: center\" data-start=\"721\" data-end=\"735\">S\u00e5dan bruges \ud83d\udccc<\/h2>\n<ol data-start=\"736\" data-end=\"934\">\n<li data-start=\"736\" data-end=\"783\">\n<p data-start=\"739\" data-end=\"783\">Tils\u00e6t sk\u00e5ret frugt eller gr\u00f8ntsager i koppen.<\/p>\n<\/li>\n<li data-start=\"784\" data-end=\"836\">\n<p data-start=\"787\" data-end=\"836\">Luk l\u00e5get t\u00e6t, og vend koppen lodret.<\/p>\n<\/li>\n<li data-start=\"837\" data-end=\"883\">\n<p data-start=\"840\" data-end=\"883\">Tryk p\u00e5 t\u00e6nd\/sluk-knappen for at begynde at blende.<\/p>\n<\/li>\n<li data-start=\"884\" data-end=\"934\">\n<p data-start=\"887\" data-end=\"934\">Nyd din friske juice direkte fra koppen.<\/p>\n<\/li>\n<\/ol>\n<h2 style=\"text-align: center\" data-start=\"941\" data-end=\"960\">Produktdetaljer \ud83d\udccf<\/h2>\n<ul data-start=\"961\" data-end=\"1236\">\n<li data-start=\"1002\" data-end=\"1019\">\n<p data-start=\"1004\" data-end=\"1019\">Materiale: ABS<\/p>\n<\/li>\n<li data-start=\"1020\" data-end=\"1065\">\n<p data-start=\"1022\" data-end=\"1065\">Batteri: 2600mAh indbygget litiumbatteri<\/p>\n<\/li>\n<li data-start=\"1066\" data-end=\"1080\">\n<p data-start=\"1068\" data-end=\"1080\">Effekt: 40W<\/p>\n<\/li>\n<li data-start=\"1081\" data-end=\"1118\">\n<p data-start=\"1083\" data-end=\"1118\">Knive: 10 knive i rustfrit st\u00e5l<\/p>\n<\/li>\n<li data-start=\"1119\" data-end=\"1172\">\n<p data-start=\"1121\" data-end=\"1172\">Kapacitet: 800ml drikkel\u00e5g \/ 500ml blenderl\u00e5g<\/p>\n<\/li>\n<li data-start=\"1173\" data-end=\"1201\">\n<p data-start=\"1175\" data-end=\"1201\">Opladningstid: 3-4 timer<\/p>\n<\/li>\n<li data-start=\"1202\" data-end=\"1236\">\n<p data-start=\"1204\" data-end=\"1236\">Brug pr. opladning: 15-20 blends<\/p>\n<\/li>\n<li data-start=\"1202\" data-end=\"1236\">St\u00f8rrelse: 155 x 110 mm<\/li>\n<\/ul>\n<h2 style=\"text-align: center\" data-start=\"1243\" data-end=\"1263\">Pakken inkluderer \ud83d\udce6<\/h2>\n<ul data-start=\"1264\" data-end=\"1316\">\n<li data-start=\"1264\" data-end=\"1281\">\n<p data-start=\"1266\" data-end=\"1281\">1x juicekop<\/p>\n<\/li>\n<li data-start=\"1282\" data-end=\"1304\">\n<p data-start=\"1284\" data-end=\"1304\">1x USB-opladerkabel<\/p>\n<\/li>\n<li data-start=\"1305\" data-end=\"1316\">\n<p data-start=\"1307\" data-end=\"1316\">1x l\u00e5g.<\/p>\n<\/li>\n<\/ul>\n","protected":false},"excerpt":{"rendered":"<p><span style=\"font-size: 16px\">\ud83e\udd64<\/span>Med denne b\u00e6rbare juicekrusblender kan du hurtigt forvandle frugt og gr\u00f8ntsager til glatte drikke, uanset hvor du er.<br \/>\n<span style=\"font-size: 16px\">\ud83c\udf4f<\/span>Det ledningsfrie design, den kraftige motor og de skarpe knive g\u00f8r juicing hurtig og ubesv\u00e6ret.<br \/>\n\ud83c\udfebPerfekt til travle morgener, rejser, arbejde, skole eller fitnessrutiner. <span style=\"font-size: 16px\">En enkel og praktisk m\u00e5de at nyde frisk, sund juice p\u00e5, uanset hvor livet f\u00f8rer dig hen.<\/span><\/p>\n","protected":false},"featured_media":23802,"comment_status":"open","ping_status":"closed","template":"","meta":{"site-sidebar-layout":"default","site-content-layout":"","ast-site-content-layout":"default","site-content-style":"default","site-sidebar-style":"default","ast-global-header-display":"","ast-banner-title-visibility":"","ast-main-header-display":"","ast-hfb-above-header-display":"","ast-hfb-below-header-display":"","ast-hfb-mobile-header-display":"","site-post-title":"","ast-breadcrumbs-content":"","ast-featured-img":"","footer-sml-layout":"","ast-disable-related-posts":"","theme-transparent-header-meta":"default","adv-header-id-meta":"","stick-header-meta":"","header-above-stick-meta":"","header-main-stick-meta":"","header-below-stick-meta":"","astra-migrate-meta-layouts":"set","ast-page-background-enabled":"default","ast-page-background-meta":{"desktop":{"background-color":"var(--ast-global-color-5)","background-image":"","background-repeat":"repeat","background-position":"center center","background-size":"auto","background-attachment":"scroll","background-type":"","background-media":"","overlay-type":"","overlay-color":"","overlay-opacity":"","overlay-gradient":""},"tablet":{"background-color":"","background-image":"","background-repeat":"repeat","background-position":"center center","background-size":"auto","background-attachment":"scroll","background-type":"","background-media":"","overlay-type":"","overlay-color":"","overlay-opacity":"","overlay-gradient":""},"mobile":{"background-color":"","background-image":"","background-repeat":"repeat","background-position":"center center","background-size":"auto","background-attachment":"scroll","background-type":"","background-media":"","overlay-type":"","overlay-color":"","overlay-opacity":"","overlay-gradient":""}},"ast-content-background-meta":{"desktop":{"background-color":"var(--ast-global-color-4)","background-image":"","background-repeat":"repeat","background-position":"center center","background-size":"auto","background-attachment":"scroll","background-type":"","background-media":"","overlay-type":"","overlay-color":"","overlay-opacity":"","overlay-gradient":""},"tablet":{"background-color":"var(--ast-global-color-4)","background-image":"","background-repeat":"repeat","background-position":"center center","background-size":"auto","background-attachment":"scroll","background-type":"","background-media":"","overlay-type":"","overlay-color":"","overlay-opacity":"","overlay-gradient":""},"mobile":{"background-color":"var(--ast-global-color-4)","background-image":"","background-repeat":"repeat","background-position":"center center","background-size":"auto","background-attachment":"scroll","background-type":"","background-media":"","overlay-type":"","overlay-color":"","overlay-opacity":"","overlay-gradient":""}}},"product_brand":[],"product_cat":[15],"product_tag":[],"class_list":{"0":"post-23806","1":"product","2":"type-product","3":"status-publish","4":"has-post-thumbnail","6":"product_cat-uncategorized","7":"desktop-align-left","8":"tablet-align-left","9":"mobile-align-left","11":"first","12":"instock","13":"shipping-taxable","14":"purchasable","15":"product-type-simple"},"yoast_head":"<!-- This site is optimized with the Yoast SEO plugin v27.4 - https:\/\/yoast.com\/product\/yoast-seo-wordpress\/ -->\n<title>B\u00e6rbar juice-krusblender - Mekulo DK<\/title>\n<meta name=\"robots\" content=\"index, follow, max-snippet:-1, max-image-preview:large, max-video-preview:-1\" \/>\n<link rel=\"canonical\" href=\"https:\/\/mekulo.com\/dk\/produkt\/baerbar-juice-krusblender-2\/\" \/>\n<meta property=\"og:locale\" content=\"da_DK\" \/>\n<meta property=\"og:type\" content=\"article\" \/>\n<meta property=\"og:title\" content=\"B\u00e6rbar juice-krusblender - Mekulo DK\" \/>\n<meta property=\"og:description\" content=\"\ud83e\udd64Med denne b\u00e6rbare juicekrusblender kan du hurtigt forvandle frugt og gr\u00f8ntsager til glatte drikke, uanset hvor du er. \ud83c\udf4fDet ledningsfrie design, den kraftige motor og de skarpe knive g\u00f8r juicing hurtig og ubesv\u00e6ret. \ud83c\udfebPerfekt til travle morgener, rejser, arbejde, skole eller fitnessrutiner. En enkel og praktisk m\u00e5de at nyde frisk, sund juice p\u00e5, uanset hvor livet f\u00f8rer dig hen.\" \/>\n<meta property=\"og:url\" content=\"https:\/\/mekulo.com\/dk\/produkt\/baerbar-juice-krusblender-2\/\" \/>\n<meta property=\"og:site_name\" content=\"Mekulo DK\" \/>\n<meta property=\"article:modified_time\" content=\"2026-02-12T11:47:15+00:00\" \/>\n<meta property=\"og:image\" content=\"https:\/\/mekulo.com\/dk\/wp-content\/uploads\/sites\/12\/2026\/02\/233k04g-1.jpg\" \/>\n\t<meta property=\"og:image:width\" content=\"1080\" \/>\n\t<meta property=\"og:image:height\" content=\"1080\" \/>\n\t<meta property=\"og:image:type\" content=\"image\/jpeg\" \/>\n<meta name=\"twitter:card\" content=\"summary_large_image\" \/>\n<meta name=\"twitter:label1\" content=\"Estimeret l\u00e6setid\" \/>\n\t<meta name=\"twitter:data1\" content=\"2 minutter\" \/>\n<script type=\"application\/ld+json\" class=\"yoast-schema-graph\">{\"@context\":\"https:\\\/\\\/schema.org\",\"@graph\":[{\"@type\":\"WebPage\",\"@id\":\"https:\\\/\\\/mekulo.com\\\/dk\\\/produkt\\\/baerbar-juice-krusblender-2\\\/\",\"url\":\"https:\\\/\\\/mekulo.com\\\/dk\\\/produkt\\\/baerbar-juice-krusblender-2\\\/\",\"name\":\"B\u00e6rbar juice-krusblender - Mekulo DK\",\"isPartOf\":{\"@id\":\"https:\\\/\\\/mekulo.com\\\/dk\\\/#website\"},\"primaryImageOfPage\":{\"@id\":\"https:\\\/\\\/mekulo.com\\\/dk\\\/produkt\\\/baerbar-juice-krusblender-2\\\/#primaryimage\"},\"image\":{\"@id\":\"https:\\\/\\\/mekulo.com\\\/dk\\\/produkt\\\/baerbar-juice-krusblender-2\\\/#primaryimage\"},\"thumbnailUrl\":\"https:\\\/\\\/mekulo.com\\\/dk\\\/wp-content\\\/uploads\\\/sites\\\/12\\\/2026\\\/02\\\/233k04g-1.jpg\",\"datePublished\":\"2026-02-12T11:40:46+00:00\",\"dateModified\":\"2026-02-12T11:47:15+00:00\",\"breadcrumb\":{\"@id\":\"https:\\\/\\\/mekulo.com\\\/dk\\\/produkt\\\/baerbar-juice-krusblender-2\\\/#breadcrumb\"},\"inLanguage\":\"da-DK\",\"potentialAction\":[{\"@type\":\"ReadAction\",\"target\":[\"https:\\\/\\\/mekulo.com\\\/dk\\\/produkt\\\/baerbar-juice-krusblender-2\\\/\"]}]},{\"@type\":\"ImageObject\",\"inLanguage\":\"da-DK\",\"@id\":\"https:\\\/\\\/mekulo.com\\\/dk\\\/produkt\\\/baerbar-juice-krusblender-2\\\/#primaryimage\",\"url\":\"https:\\\/\\\/mekulo.com\\\/dk\\\/wp-content\\\/uploads\\\/sites\\\/12\\\/2026\\\/02\\\/233k04g-1.jpg\",\"contentUrl\":\"https:\\\/\\\/mekulo.com\\\/dk\\\/wp-content\\\/uploads\\\/sites\\\/12\\\/2026\\\/02\\\/233k04g-1.jpg\",\"width\":1080,\"height\":1080},{\"@type\":\"BreadcrumbList\",\"@id\":\"https:\\\/\\\/mekulo.com\\\/dk\\\/produkt\\\/baerbar-juice-krusblender-2\\\/#breadcrumb\",\"itemListElement\":[{\"@type\":\"ListItem\",\"position\":1,\"name\":\"Home\",\"item\":\"https:\\\/\\\/mekulo.com\\\/dk\\\/\"},{\"@type\":\"ListItem\",\"position\":2,\"name\":\"Butik\",\"item\":\"https:\\\/\\\/mekulo.com\\\/dk\\\/butik\\\/\"},{\"@type\":\"ListItem\",\"position\":3,\"name\":\"B\u00e6rbar juice-krusblender\"}]},{\"@type\":\"WebSite\",\"@id\":\"https:\\\/\\\/mekulo.com\\\/dk\\\/#website\",\"url\":\"https:\\\/\\\/mekulo.com\\\/dk\\\/\",\"name\":\"Mekulo DK\",\"description\":\"\",\"publisher\":{\"@id\":\"https:\\\/\\\/mekulo.com\\\/dk\\\/#organization\"},\"potentialAction\":[{\"@type\":\"SearchAction\",\"target\":{\"@type\":\"EntryPoint\",\"urlTemplate\":\"https:\\\/\\\/mekulo.com\\\/dk\\\/?s={search_term_string}\"},\"query-input\":{\"@type\":\"PropertyValueSpecification\",\"valueRequired\":true,\"valueName\":\"search_term_string\"}}],\"inLanguage\":\"da-DK\"},{\"@type\":\"Organization\",\"@id\":\"https:\\\/\\\/mekulo.com\\\/dk\\\/#organization\",\"name\":\"Mekulo\",\"url\":\"https:\\\/\\\/mekulo.com\\\/dk\\\/\",\"logo\":{\"@type\":\"ImageObject\",\"inLanguage\":\"da-DK\",\"@id\":\"https:\\\/\\\/mekulo.com\\\/dk\\\/#\\\/schema\\\/logo\\\/image\\\/\",\"url\":\"https:\\\/\\\/mekulo.com\\\/dk\\\/wp-content\\\/uploads\\\/sites\\\/12\\\/2025\\\/12\\\/favicon_mekulo.png\",\"contentUrl\":\"https:\\\/\\\/mekulo.com\\\/dk\\\/wp-content\\\/uploads\\\/sites\\\/12\\\/2025\\\/12\\\/favicon_mekulo.png\",\"width\":50,\"height\":50,\"caption\":\"Mekulo\"},\"image\":{\"@id\":\"https:\\\/\\\/mekulo.com\\\/dk\\\/#\\\/schema\\\/logo\\\/image\\\/\"}}]}<\/script>\n<!-- \/ Yoast SEO plugin. -->","yoast_head_json":{"title":"B\u00e6rbar juice-krusblender - Mekulo DK","robots":{"index":"index","follow":"follow","max-snippet":"max-snippet:-1","max-image-preview":"max-image-preview:large","max-video-preview":"max-video-preview:-1"},"canonical":"https:\/\/mekulo.com\/dk\/produkt\/baerbar-juice-krusblender-2\/","og_locale":"da_DK","og_type":"article","og_title":"B\u00e6rbar juice-krusblender - Mekulo DK","og_description":"\ud83e\udd64Med denne b\u00e6rbare juicekrusblender kan du hurtigt forvandle frugt og gr\u00f8ntsager til glatte drikke, uanset hvor du er. \ud83c\udf4fDet ledningsfrie design, den kraftige motor og de skarpe knive g\u00f8r juicing hurtig og ubesv\u00e6ret. \ud83c\udfebPerfekt til travle morgener, rejser, arbejde, skole eller fitnessrutiner. En enkel og praktisk m\u00e5de at nyde frisk, sund juice p\u00e5, uanset hvor livet f\u00f8rer dig hen.","og_url":"https:\/\/mekulo.com\/dk\/produkt\/baerbar-juice-krusblender-2\/","og_site_name":"Mekulo DK","article_modified_time":"2026-02-12T11:47:15+00:00","og_image":[{"width":1080,"height":1080,"url":"https:\/\/mekulo.com\/dk\/wp-content\/uploads\/sites\/12\/2026\/02\/233k04g-1.jpg","type":"image\/jpeg"}],"twitter_card":"summary_large_image","twitter_misc":{"Estimeret l\u00e6setid":"2 minutter"},"schema":{"@context":"https:\/\/schema.org","@graph":[{"@type":"WebPage","@id":"https:\/\/mekulo.com\/dk\/produkt\/baerbar-juice-krusblender-2\/","url":"https:\/\/mekulo.com\/dk\/produkt\/baerbar-juice-krusblender-2\/","name":"B\u00e6rbar juice-krusblender - Mekulo DK","isPartOf":{"@id":"https:\/\/mekulo.com\/dk\/#website"},"primaryImageOfPage":{"@id":"https:\/\/mekulo.com\/dk\/produkt\/baerbar-juice-krusblender-2\/#primaryimage"},"image":{"@id":"https:\/\/mekulo.com\/dk\/produkt\/baerbar-juice-krusblender-2\/#primaryimage"},"thumbnailUrl":"https:\/\/mekulo.com\/dk\/wp-content\/uploads\/sites\/12\/2026\/02\/233k04g-1.jpg","datePublished":"2026-02-12T11:40:46+00:00","dateModified":"2026-02-12T11:47:15+00:00","breadcrumb":{"@id":"https:\/\/mekulo.com\/dk\/produkt\/baerbar-juice-krusblender-2\/#breadcrumb"},"inLanguage":"da-DK","potentialAction":[{"@type":"ReadAction","target":["https:\/\/mekulo.com\/dk\/produkt\/baerbar-juice-krusblender-2\/"]}]},{"@type":"ImageObject","inLanguage":"da-DK","@id":"https:\/\/mekulo.com\/dk\/produkt\/baerbar-juice-krusblender-2\/#primaryimage","url":"https:\/\/mekulo.com\/dk\/wp-content\/uploads\/sites\/12\/2026\/02\/233k04g-1.jpg","contentUrl":"https:\/\/mekulo.com\/dk\/wp-content\/uploads\/sites\/12\/2026\/02\/233k04g-1.jpg","width":1080,"height":1080},{"@type":"BreadcrumbList","@id":"https:\/\/mekulo.com\/dk\/produkt\/baerbar-juice-krusblender-2\/#breadcrumb","itemListElement":[{"@type":"ListItem","position":1,"name":"Home","item":"https:\/\/mekulo.com\/dk\/"},{"@type":"ListItem","position":2,"name":"Butik","item":"https:\/\/mekulo.com\/dk\/butik\/"},{"@type":"ListItem","position":3,"name":"B\u00e6rbar juice-krusblender"}]},{"@type":"WebSite","@id":"https:\/\/mekulo.com\/dk\/#website","url":"https:\/\/mekulo.com\/dk\/","name":"Mekulo DK","description":"","publisher":{"@id":"https:\/\/mekulo.com\/dk\/#organization"},"potentialAction":[{"@type":"SearchAction","target":{"@type":"EntryPoint","urlTemplate":"https:\/\/mekulo.com\/dk\/?s={search_term_string}"},"query-input":{"@type":"PropertyValueSpecification","valueRequired":true,"valueName":"search_term_string"}}],"inLanguage":"da-DK"},{"@type":"Organization","@id":"https:\/\/mekulo.com\/dk\/#organization","name":"Mekulo","url":"https:\/\/mekulo.com\/dk\/","logo":{"@type":"ImageObject","inLanguage":"da-DK","@id":"https:\/\/mekulo.com\/dk\/#\/schema\/logo\/image\/","url":"https:\/\/mekulo.com\/dk\/wp-content\/uploads\/sites\/12\/2025\/12\/favicon_mekulo.png","contentUrl":"https:\/\/mekulo.com\/dk\/wp-content\/uploads\/sites\/12\/2025\/12\/favicon_mekulo.png","width":50,"height":50,"caption":"Mekulo"},"image":{"@id":"https:\/\/mekulo.com\/dk\/#\/schema\/logo\/image\/"}}]}},"_links":{"self":[{"href":"https:\/\/mekulo.com\/dk\/wp-json\/wp\/v2\/product\/23806","targetHints":{"allow":["GET"]}}],"collection":[{"href":"https:\/\/mekulo.com\/dk\/wp-json\/wp\/v2\/product"}],"about":[{"href":"https:\/\/mekulo.com\/dk\/wp-json\/wp\/v2\/types\/product"}],"replies":[{"embeddable":true,"href":"https:\/\/mekulo.com\/dk\/wp-json\/wp\/v2\/comments?post=23806"}],"wp:featuredmedia":[{"embeddable":true,"href":"https:\/\/mekulo.com\/dk\/wp-json\/wp\/v2\/media\/23802"}],"wp:attachment":[{"href":"https:\/\/mekulo.com\/dk\/wp-json\/wp\/v2\/media?parent=23806"}],"wp:term":[{"taxonomy":"product_brand","embeddable":true,"href":"https:\/\/mekulo.com\/dk\/wp-json\/wp\/v2\/product_brand?post=23806"},{"taxonomy":"product_cat","embeddable":true,"href":"https:\/\/mekulo.com\/dk\/wp-json\/wp\/v2\/product_cat?post=23806"},{"taxonomy":"product_tag","embeddable":true,"href":"https:\/\/mekulo.com\/dk\/wp-json\/wp\/v2\/product_tag?post=23806"}],"curies":[{"name":"wp","href":"https:\/\/api.w.org\/{rel}","templated":true}]}}