{"id":23784,"date":"2026-02-12T12:42:16","date_gmt":"2026-02-12T10:42:16","guid":{"rendered":"https:\/\/mekulo.com\/dk\/produkt\/meget-effektiv-musefaelde\/"},"modified":"2026-03-02T12:30:42","modified_gmt":"2026-03-02T10:30:42","slug":"meget-effektiv-musefaelde","status":"publish","type":"product","link":"https:\/\/mekulo.com\/dk\/produkt\/meget-effektiv-musefaelde\/","title":{"rendered":"Meget effektiv musef\u00e6lde"},"content":{"rendered":"<p style=\"text-align: center;\" data-start=\"32\" data-end=\"80\"><strong data-start=\"32\" data-end=\"80\">Fang flere mus hurtigt og effektivt. \ud83d\udc01<\/strong><\/p>\n<p data-start=\"32\" data-end=\"80\"><img fetchpriority=\"high\" decoding=\"async\" class=\"size-full wp-image-24881 aligncenter\" src=\"https:\/\/mekulo.com\/template\/wp-content\/uploads\/sites\/6\/2026\/02\/3-9.jpeg\" alt=\"\" width=\"800\" height=\"800\" \/><\/p>\n<h2 style=\"text-align: center;\" data-start=\"608\" data-end=\"627\">Hovedfordele \ud83d\udc2d<\/h2>\n<p data-start=\"628\" data-end=\"947\">\ud83d\udc2d H\u00f8jsensitiv d\u00f8r &#8211; Hurtig og p\u00e5lidelig fangst.<\/p>\n<p data-start=\"628\" data-end=\"947\">\ud83d\udd01 Kontinuerligt cyklusdesign &#8211; Ingen konstant nulstilling.<\/p>\n<p data-start=\"628\" data-end=\"947\">\ud83d\udce6 Stor kapacitet &#8211; Fanger flere mus.<\/p>\n<p data-start=\"628\" data-end=\"947\">\ud83d\udee1\ufe0f Sikker betjening &#8211; Reducerer risikoen for h\u00e5ndskader.<\/p>\n<p data-start=\"628\" data-end=\"947\">\ud83d\udca7 Rustbestandigt net &#8211; Fungerer i fugtige omr\u00e5der.<\/p>\n<p data-start=\"628\" data-end=\"947\">\u267b\ufe0f Genanvendelig &#8211; Langvarig ydeevne.<\/p>\n<p data-start=\"628\" data-end=\"947\"><img decoding=\"async\" class=\"size-full wp-image-24885 aligncenter\" src=\"https:\/\/mekulo.com\/template\/wp-content\/uploads\/sites\/6\/2026\/02\/2-5.jpg\" alt=\"\" width=\"800\" height=\"800\" \/><\/p>\n<h2 style=\"text-align: center;\">S\u00e5dan Bruges \ud83d\udccc<\/h2>\n<ol data-start=\"971\" data-end=\"1126\">\n<li data-start=\"971\" data-end=\"1003\">\n<p data-start=\"974\" data-end=\"1003\">Placer lokkemad i f\u00e6lden.<\/p>\n<\/li>\n<li data-start=\"1004\" data-end=\"1049\">\n<p data-start=\"1007\" data-end=\"1049\">Placer f\u00e6lden, hvor musene er aktive.<\/p>\n<\/li>\n<li data-start=\"1050\" data-end=\"1092\">\n<p data-start=\"1053\" data-end=\"1092\">S\u00f8rg for, at f\u00e6lden sidder fladt og stabilt.<\/p>\n<\/li>\n<li data-start=\"1093\" data-end=\"1126\">\n<p data-start=\"1096\" data-end=\"1126\">Kontroller og t\u00f8m den efter behov.<\/p>\n<\/li>\n<\/ol>\n<h2 style=\"text-align: center;\" data-start=\"1133\" data-end=\"1154\">Produktdetaljer \ud83d\udccf<\/h2>\n<ul data-start=\"1155\" data-end=\"1331\">\n<li data-start=\"1155\" data-end=\"1180\">\n<p data-start=\"1157\" data-end=\"1180\">St\u00f8rrelse: 30 x 22 x 15 cm<\/p>\n<\/li>\n<li data-start=\"1181\" data-end=\"1215\">\n<p data-start=\"1183\" data-end=\"1215\">Materiale: Galvaniseret jernnet<\/p>\n<\/li>\n<li data-start=\"1216\" data-end=\"1251\">\n<p data-start=\"1218\" data-end=\"1251\">Proces: Galvaniseret jernfinish<\/p>\n<\/li>\n<li data-start=\"1252\" data-end=\"1287\">\n<p data-start=\"1254\" data-end=\"1287\">Brug: Indend\u00f8rs og fugtige milj\u00f8er<\/p>\n<\/li>\n<li data-start=\"1288\" data-end=\"1331\">\n<p data-start=\"1290\" data-end=\"1331\">Funktion: Automatisk kontinuerlig indfangning<\/p>\n<\/li>\n<\/ul>\n<h2 style=\"text-align: center;\" data-start=\"1338\" data-end=\"1360\">Pakken Indeholder \ud83d\udce6<\/h2>\n<ul data-start=\"1361\" data-end=\"1405\">\n<li data-start=\"1361\" data-end=\"1405\">\n<p data-start=\"1363\" data-end=\"1405\">1x meget effektiv musef\u00e6lde.<\/p>\n<\/li>\n<\/ul>\n","protected":false},"excerpt":{"rendered":"<p>\ud83d\udc2dDenne meget effektive musef\u00e6lde bruger en h\u00f8jsensitiv envejsd\u00f8r til at fange mus uden flugt. Designet med stor kapacitet giver dig mulighed for at fange flere mus p\u00e5 \u00e9n gang, hvilket reducerer behovet for konstant nulstilling.<br \/>\n<span style=\"font-size: 16px; font-style: normal; font-weight: 400;\">\ud83c\udfe0<\/span>Det smarte envejsindgangssystem sikrer, at musene let kan komme ind, men ikke ud.<br \/>\n\ud83d\udee1\ufe0fDesigned til gentagen brug og tilbyder en praktisk og langsigtet l\u00f8sning til gnaverbek\u00e6mpelse. En enkel, effektiv m\u00e5de at holde dit rum fri for gnavere.<\/p>\n","protected":false},"featured_media":23780,"comment_status":"open","ping_status":"closed","template":"","meta":{"site-sidebar-layout":"default","site-content-layout":"","ast-site-content-layout":"default","site-content-style":"default","site-sidebar-style":"default","ast-global-header-display":"","ast-banner-title-visibility":"","ast-main-header-display":"","ast-hfb-above-header-display":"","ast-hfb-below-header-display":"","ast-hfb-mobile-header-display":"","site-post-title":"","ast-breadcrumbs-content":"","ast-featured-img":"","footer-sml-layout":"","ast-disable-related-posts":"","theme-transparent-header-meta":"default","adv-header-id-meta":"","stick-header-meta":"","header-above-stick-meta":"","header-main-stick-meta":"","header-below-stick-meta":"","astra-migrate-meta-layouts":"set","ast-page-background-enabled":"default","ast-page-background-meta":{"desktop":{"background-color":"var(--ast-global-color-5)","background-image":"","background-repeat":"repeat","background-position":"center center","background-size":"auto","background-attachment":"scroll","background-type":"","background-media":"","overlay-type":"","overlay-color":"","overlay-opacity":"","overlay-gradient":""},"tablet":{"background-color":"","background-image":"","background-repeat":"repeat","background-position":"center center","background-size":"auto","background-attachment":"scroll","background-type":"","background-media":"","overlay-type":"","overlay-color":"","overlay-opacity":"","overlay-gradient":""},"mobile":{"background-color":"","background-image":"","background-repeat":"repeat","background-position":"center center","background-size":"auto","background-attachment":"scroll","background-type":"","background-media":"","overlay-type":"","overlay-color":"","overlay-opacity":"","overlay-gradient":""}},"ast-content-background-meta":{"desktop":{"background-color":"var(--ast-global-color-4)","background-image":"","background-repeat":"repeat","background-position":"center center","background-size":"auto","background-attachment":"scroll","background-type":"","background-media":"","overlay-type":"","overlay-color":"","overlay-opacity":"","overlay-gradient":""},"tablet":{"background-color":"var(--ast-global-color-4)","background-image":"","background-repeat":"repeat","background-position":"center center","background-size":"auto","background-attachment":"scroll","background-type":"","background-media":"","overlay-type":"","overlay-color":"","overlay-opacity":"","overlay-gradient":""},"mobile":{"background-color":"var(--ast-global-color-4)","background-image":"","background-repeat":"repeat","background-position":"center center","background-size":"auto","background-attachment":"scroll","background-type":"","background-media":"","overlay-type":"","overlay-color":"","overlay-opacity":"","overlay-gradient":""}}},"product_brand":[],"product_cat":[15],"product_tag":[],"class_list":{"0":"post-23784","1":"product","2":"type-product","3":"status-publish","4":"has-post-thumbnail","6":"product_cat-uncategorized","7":"desktop-align-left","8":"tablet-align-left","9":"mobile-align-left","11":"first","12":"instock","13":"shipping-taxable","14":"purchasable","15":"product-type-simple"},"yoast_head":"<!-- This site is optimized with the Yoast SEO plugin v27.4 - https:\/\/yoast.com\/product\/yoast-seo-wordpress\/ -->\n<title>Meget effektiv musef\u00e6lde - Mekulo DK<\/title>\n<meta name=\"robots\" content=\"index, follow, max-snippet:-1, max-image-preview:large, max-video-preview:-1\" \/>\n<link rel=\"canonical\" href=\"https:\/\/mekulo.com\/dk\/produkt\/meget-effektiv-musefaelde\/\" \/>\n<meta property=\"og:locale\" content=\"da_DK\" \/>\n<meta property=\"og:type\" content=\"article\" \/>\n<meta property=\"og:title\" content=\"Meget effektiv musef\u00e6lde - Mekulo DK\" \/>\n<meta property=\"og:description\" content=\"\ud83d\udc2dDenne meget effektive musef\u00e6lde bruger en h\u00f8jsensitiv envejsd\u00f8r til at fange mus uden flugt. Designet med stor kapacitet giver dig mulighed for at fange flere mus p\u00e5 \u00e9n gang, hvilket reducerer behovet for konstant nulstilling. \ud83c\udfe0Det smarte envejsindgangssystem sikrer, at musene let kan komme ind, men ikke ud. \ud83d\udee1\ufe0fDesigned til gentagen brug og tilbyder en praktisk og langsigtet l\u00f8sning til gnaverbek\u00e6mpelse. En enkel, effektiv m\u00e5de at holde dit rum fri for gnavere.\" \/>\n<meta property=\"og:url\" content=\"https:\/\/mekulo.com\/dk\/produkt\/meget-effektiv-musefaelde\/\" \/>\n<meta property=\"og:site_name\" content=\"Mekulo DK\" \/>\n<meta property=\"article:modified_time\" content=\"2026-03-02T10:30:42+00:00\" \/>\n<meta property=\"og:image\" content=\"https:\/\/mekulo.com\/dk\/wp-content\/uploads\/sites\/12\/2026\/02\/f4fvghj-1.jpeg\" \/>\n\t<meta property=\"og:image:width\" content=\"800\" \/>\n\t<meta property=\"og:image:height\" content=\"800\" \/>\n\t<meta property=\"og:image:type\" content=\"image\/jpeg\" \/>\n<meta name=\"twitter:card\" content=\"summary_large_image\" \/>\n<meta name=\"twitter:label1\" content=\"Estimeret l\u00e6setid\" \/>\n\t<meta name=\"twitter:data1\" content=\"2 minutter\" \/>\n<script type=\"application\/ld+json\" class=\"yoast-schema-graph\">{\"@context\":\"https:\\\/\\\/schema.org\",\"@graph\":[{\"@type\":\"WebPage\",\"@id\":\"https:\\\/\\\/mekulo.com\\\/dk\\\/produkt\\\/meget-effektiv-musefaelde\\\/\",\"url\":\"https:\\\/\\\/mekulo.com\\\/dk\\\/produkt\\\/meget-effektiv-musefaelde\\\/\",\"name\":\"Meget effektiv musef\u00e6lde - Mekulo DK\",\"isPartOf\":{\"@id\":\"https:\\\/\\\/mekulo.com\\\/dk\\\/#website\"},\"primaryImageOfPage\":{\"@id\":\"https:\\\/\\\/mekulo.com\\\/dk\\\/produkt\\\/meget-effektiv-musefaelde\\\/#primaryimage\"},\"image\":{\"@id\":\"https:\\\/\\\/mekulo.com\\\/dk\\\/produkt\\\/meget-effektiv-musefaelde\\\/#primaryimage\"},\"thumbnailUrl\":\"https:\\\/\\\/mekulo.com\\\/dk\\\/wp-content\\\/uploads\\\/sites\\\/12\\\/2026\\\/02\\\/f4fvghj-1.jpeg\",\"datePublished\":\"2026-02-12T10:42:16+00:00\",\"dateModified\":\"2026-03-02T10:30:42+00:00\",\"breadcrumb\":{\"@id\":\"https:\\\/\\\/mekulo.com\\\/dk\\\/produkt\\\/meget-effektiv-musefaelde\\\/#breadcrumb\"},\"inLanguage\":\"da-DK\",\"potentialAction\":[{\"@type\":\"ReadAction\",\"target\":[\"https:\\\/\\\/mekulo.com\\\/dk\\\/produkt\\\/meget-effektiv-musefaelde\\\/\"]}]},{\"@type\":\"ImageObject\",\"inLanguage\":\"da-DK\",\"@id\":\"https:\\\/\\\/mekulo.com\\\/dk\\\/produkt\\\/meget-effektiv-musefaelde\\\/#primaryimage\",\"url\":\"https:\\\/\\\/mekulo.com\\\/dk\\\/wp-content\\\/uploads\\\/sites\\\/12\\\/2026\\\/02\\\/f4fvghj-1.jpeg\",\"contentUrl\":\"https:\\\/\\\/mekulo.com\\\/dk\\\/wp-content\\\/uploads\\\/sites\\\/12\\\/2026\\\/02\\\/f4fvghj-1.jpeg\",\"width\":800,\"height\":800},{\"@type\":\"BreadcrumbList\",\"@id\":\"https:\\\/\\\/mekulo.com\\\/dk\\\/produkt\\\/meget-effektiv-musefaelde\\\/#breadcrumb\",\"itemListElement\":[{\"@type\":\"ListItem\",\"position\":1,\"name\":\"Home\",\"item\":\"https:\\\/\\\/mekulo.com\\\/dk\\\/\"},{\"@type\":\"ListItem\",\"position\":2,\"name\":\"Butik\",\"item\":\"https:\\\/\\\/mekulo.com\\\/dk\\\/butik\\\/\"},{\"@type\":\"ListItem\",\"position\":3,\"name\":\"Meget effektiv musef\u00e6lde\"}]},{\"@type\":\"WebSite\",\"@id\":\"https:\\\/\\\/mekulo.com\\\/dk\\\/#website\",\"url\":\"https:\\\/\\\/mekulo.com\\\/dk\\\/\",\"name\":\"Mekulo DK\",\"description\":\"\",\"publisher\":{\"@id\":\"https:\\\/\\\/mekulo.com\\\/dk\\\/#organization\"},\"potentialAction\":[{\"@type\":\"SearchAction\",\"target\":{\"@type\":\"EntryPoint\",\"urlTemplate\":\"https:\\\/\\\/mekulo.com\\\/dk\\\/?s={search_term_string}\"},\"query-input\":{\"@type\":\"PropertyValueSpecification\",\"valueRequired\":true,\"valueName\":\"search_term_string\"}}],\"inLanguage\":\"da-DK\"},{\"@type\":\"Organization\",\"@id\":\"https:\\\/\\\/mekulo.com\\\/dk\\\/#organization\",\"name\":\"Mekulo\",\"url\":\"https:\\\/\\\/mekulo.com\\\/dk\\\/\",\"logo\":{\"@type\":\"ImageObject\",\"inLanguage\":\"da-DK\",\"@id\":\"https:\\\/\\\/mekulo.com\\\/dk\\\/#\\\/schema\\\/logo\\\/image\\\/\",\"url\":\"https:\\\/\\\/mekulo.com\\\/dk\\\/wp-content\\\/uploads\\\/sites\\\/12\\\/2025\\\/12\\\/favicon_mekulo.png\",\"contentUrl\":\"https:\\\/\\\/mekulo.com\\\/dk\\\/wp-content\\\/uploads\\\/sites\\\/12\\\/2025\\\/12\\\/favicon_mekulo.png\",\"width\":50,\"height\":50,\"caption\":\"Mekulo\"},\"image\":{\"@id\":\"https:\\\/\\\/mekulo.com\\\/dk\\\/#\\\/schema\\\/logo\\\/image\\\/\"}}]}<\/script>\n<!-- \/ Yoast SEO plugin. -->","yoast_head_json":{"title":"Meget effektiv musef\u00e6lde - Mekulo DK","robots":{"index":"index","follow":"follow","max-snippet":"max-snippet:-1","max-image-preview":"max-image-preview:large","max-video-preview":"max-video-preview:-1"},"canonical":"https:\/\/mekulo.com\/dk\/produkt\/meget-effektiv-musefaelde\/","og_locale":"da_DK","og_type":"article","og_title":"Meget effektiv musef\u00e6lde - Mekulo DK","og_description":"\ud83d\udc2dDenne meget effektive musef\u00e6lde bruger en h\u00f8jsensitiv envejsd\u00f8r til at fange mus uden flugt. Designet med stor kapacitet giver dig mulighed for at fange flere mus p\u00e5 \u00e9n gang, hvilket reducerer behovet for konstant nulstilling. \ud83c\udfe0Det smarte envejsindgangssystem sikrer, at musene let kan komme ind, men ikke ud. \ud83d\udee1\ufe0fDesigned til gentagen brug og tilbyder en praktisk og langsigtet l\u00f8sning til gnaverbek\u00e6mpelse. En enkel, effektiv m\u00e5de at holde dit rum fri for gnavere.","og_url":"https:\/\/mekulo.com\/dk\/produkt\/meget-effektiv-musefaelde\/","og_site_name":"Mekulo DK","article_modified_time":"2026-03-02T10:30:42+00:00","og_image":[{"width":800,"height":800,"url":"https:\/\/mekulo.com\/dk\/wp-content\/uploads\/sites\/12\/2026\/02\/f4fvghj-1.jpeg","type":"image\/jpeg"}],"twitter_card":"summary_large_image","twitter_misc":{"Estimeret l\u00e6setid":"2 minutter"},"schema":{"@context":"https:\/\/schema.org","@graph":[{"@type":"WebPage","@id":"https:\/\/mekulo.com\/dk\/produkt\/meget-effektiv-musefaelde\/","url":"https:\/\/mekulo.com\/dk\/produkt\/meget-effektiv-musefaelde\/","name":"Meget effektiv musef\u00e6lde - Mekulo DK","isPartOf":{"@id":"https:\/\/mekulo.com\/dk\/#website"},"primaryImageOfPage":{"@id":"https:\/\/mekulo.com\/dk\/produkt\/meget-effektiv-musefaelde\/#primaryimage"},"image":{"@id":"https:\/\/mekulo.com\/dk\/produkt\/meget-effektiv-musefaelde\/#primaryimage"},"thumbnailUrl":"https:\/\/mekulo.com\/dk\/wp-content\/uploads\/sites\/12\/2026\/02\/f4fvghj-1.jpeg","datePublished":"2026-02-12T10:42:16+00:00","dateModified":"2026-03-02T10:30:42+00:00","breadcrumb":{"@id":"https:\/\/mekulo.com\/dk\/produkt\/meget-effektiv-musefaelde\/#breadcrumb"},"inLanguage":"da-DK","potentialAction":[{"@type":"ReadAction","target":["https:\/\/mekulo.com\/dk\/produkt\/meget-effektiv-musefaelde\/"]}]},{"@type":"ImageObject","inLanguage":"da-DK","@id":"https:\/\/mekulo.com\/dk\/produkt\/meget-effektiv-musefaelde\/#primaryimage","url":"https:\/\/mekulo.com\/dk\/wp-content\/uploads\/sites\/12\/2026\/02\/f4fvghj-1.jpeg","contentUrl":"https:\/\/mekulo.com\/dk\/wp-content\/uploads\/sites\/12\/2026\/02\/f4fvghj-1.jpeg","width":800,"height":800},{"@type":"BreadcrumbList","@id":"https:\/\/mekulo.com\/dk\/produkt\/meget-effektiv-musefaelde\/#breadcrumb","itemListElement":[{"@type":"ListItem","position":1,"name":"Home","item":"https:\/\/mekulo.com\/dk\/"},{"@type":"ListItem","position":2,"name":"Butik","item":"https:\/\/mekulo.com\/dk\/butik\/"},{"@type":"ListItem","position":3,"name":"Meget effektiv musef\u00e6lde"}]},{"@type":"WebSite","@id":"https:\/\/mekulo.com\/dk\/#website","url":"https:\/\/mekulo.com\/dk\/","name":"Mekulo DK","description":"","publisher":{"@id":"https:\/\/mekulo.com\/dk\/#organization"},"potentialAction":[{"@type":"SearchAction","target":{"@type":"EntryPoint","urlTemplate":"https:\/\/mekulo.com\/dk\/?s={search_term_string}"},"query-input":{"@type":"PropertyValueSpecification","valueRequired":true,"valueName":"search_term_string"}}],"inLanguage":"da-DK"},{"@type":"Organization","@id":"https:\/\/mekulo.com\/dk\/#organization","name":"Mekulo","url":"https:\/\/mekulo.com\/dk\/","logo":{"@type":"ImageObject","inLanguage":"da-DK","@id":"https:\/\/mekulo.com\/dk\/#\/schema\/logo\/image\/","url":"https:\/\/mekulo.com\/dk\/wp-content\/uploads\/sites\/12\/2025\/12\/favicon_mekulo.png","contentUrl":"https:\/\/mekulo.com\/dk\/wp-content\/uploads\/sites\/12\/2025\/12\/favicon_mekulo.png","width":50,"height":50,"caption":"Mekulo"},"image":{"@id":"https:\/\/mekulo.com\/dk\/#\/schema\/logo\/image\/"}}]}},"_links":{"self":[{"href":"https:\/\/mekulo.com\/dk\/wp-json\/wp\/v2\/product\/23784","targetHints":{"allow":["GET"]}}],"collection":[{"href":"https:\/\/mekulo.com\/dk\/wp-json\/wp\/v2\/product"}],"about":[{"href":"https:\/\/mekulo.com\/dk\/wp-json\/wp\/v2\/types\/product"}],"replies":[{"embeddable":true,"href":"https:\/\/mekulo.com\/dk\/wp-json\/wp\/v2\/comments?post=23784"}],"wp:featuredmedia":[{"embeddable":true,"href":"https:\/\/mekulo.com\/dk\/wp-json\/wp\/v2\/media\/23780"}],"wp:attachment":[{"href":"https:\/\/mekulo.com\/dk\/wp-json\/wp\/v2\/media?parent=23784"}],"wp:term":[{"taxonomy":"product_brand","embeddable":true,"href":"https:\/\/mekulo.com\/dk\/wp-json\/wp\/v2\/product_brand?post=23784"},{"taxonomy":"product_cat","embeddable":true,"href":"https:\/\/mekulo.com\/dk\/wp-json\/wp\/v2\/product_cat?post=23784"},{"taxonomy":"product_tag","embeddable":true,"href":"https:\/\/mekulo.com\/dk\/wp-json\/wp\/v2\/product_tag?post=23784"}],"curies":[{"name":"wp","href":"https:\/\/api.w.org\/{rel}","templated":true}]}}