{"id":23745,"date":"2026-02-12T12:40:24","date_gmt":"2026-02-12T10:40:24","guid":{"rendered":"https:\/\/mekulo.com\/dk\/produkt\/antenne-til-bilfinne\/"},"modified":"2026-02-12T13:08:54","modified_gmt":"2026-02-12T11:08:54","slug":"antenne-til-bilfinne","status":"publish","type":"product","link":"https:\/\/mekulo.com\/dk\/produkt\/antenne-til-bilfinne\/","title":{"rendered":"Antenne til bilfinne"},"content":{"rendered":"<p style=\"text-align: center;\" data-start=\"21\" data-end=\"82\"><strong data-start=\"21\" data-end=\"82\">Opgrader din bils udseende, mens du forbedrer signalmodtagelsen. \ud83d\ude97<\/strong><\/p>\n<p data-start=\"21\" data-end=\"82\"><img fetchpriority=\"high\" decoding=\"async\" class=\" wp-image-24838 aligncenter\" src=\"https:\/\/mekulo.com\/template\/wp-content\/uploads\/sites\/6\/2026\/02\/12213-ezgif.com-video-to-webp-converter.webp\" alt=\"\" width=\"528\" height=\"528\" \/><\/p>\n<h2 style=\"text-align: center;\" data-start=\"512\" data-end=\"531\">Hovedfordele \ud83d\udce1<\/h2>\n<p data-start=\"532\" data-end=\"827\">\ud83d\udce1 Forbedret signal &#8211; Forbedrer FM\/AM-modtagelse.<\/p>\n<p data-start=\"532\" data-end=\"827\">\ud83d\ude97 Stilfuld opgradering &#8211; Moderne hajfinne-design.<\/p>\n<p data-start=\"532\" data-end=\"827\">\ud83d\udd27 Ingen boring n\u00f8dvendig &#8211; Nem installation.<\/p>\n<p data-start=\"532\" data-end=\"827\">\ud83d\udca7 Vandt\u00e6t konstruktion &#8211; Forseglet gummiring.<\/p>\n<p data-start=\"532\" data-end=\"827\">\ud83d\udee1\ufe0f Holdbart ABS-materiale &#8211; Langvarig brug.<\/p>\n<p data-start=\"532\" data-end=\"827\">\u2728 Slank &amp; minimal &#8211; Rent og sporty look.<\/p>\n<p data-start=\"532\" data-end=\"827\"><img decoding=\"async\" class=\"size-full wp-image-24839 aligncenter\" src=\"https:\/\/mekulo.com\/template\/wp-content\/uploads\/sites\/6\/2026\/02\/Sb1a17a77beee4bd082a9b4d35574ecb6p.jpg_960x960q75.jpg_.jpg\" alt=\"\" width=\"800\" height=\"800\" \/><\/p>\n<h2 style=\"text-align: center;\" data-start=\"834\" data-end=\"850\">S\u00e5dan bruges \ud83d\udccc<\/h2>\n<ol data-start=\"851\" data-end=\"1002\">\n<li data-start=\"851\" data-end=\"892\">\n<p data-start=\"854\" data-end=\"892\">Reng\u00f8r og t\u00f8r installationsomr\u00e5det.<\/p>\n<\/li>\n<li data-start=\"893\" data-end=\"931\">\n<p data-start=\"896\" data-end=\"931\">Tilslut det interne FM\/AM-kabel.<\/p>\n<\/li>\n<li data-start=\"932\" data-end=\"961\">\n<p data-start=\"935\" data-end=\"961\">Fjern den selvkl\u00e6bende bagside.<\/p>\n<\/li>\n<li data-start=\"962\" data-end=\"1002\">\n<p data-start=\"965\" data-end=\"1002\">Tryk fast p\u00e5 tagets overflade.<\/p>\n<\/li>\n<\/ol>\n<h2 style=\"text-align: center;\" data-start=\"1009\" data-end=\"1030\">Produktdetaljer \ud83d\udccf<\/h2>\n<ul data-start=\"1031\" data-end=\"1274\">\n<li data-start=\"1031\" data-end=\"1069\">\n<p data-start=\"1033\" data-end=\"1069\">Materiale: ABS-plast af h\u00f8j kvalitet<\/p>\n<\/li>\n<li data-start=\"1070\" data-end=\"1102\">\n<p data-start=\"1072\" data-end=\"1102\">T\u00e6tning: Vandt\u00e6t gummiring<\/p>\n<\/li>\n<li data-start=\"1103\" data-end=\"1132\">\n<p data-start=\"1105\" data-end=\"1132\">H\u00f8jde: 69 mm<\/p>\n<\/li>\n<li data-start=\"1133\" data-end=\"1160\">\n<p data-start=\"1135\" data-end=\"1160\">L\u00e6ngde: 182 mm<\/p>\n<\/li>\n<li data-start=\"1211\" data-end=\"1246\">\n<p data-start=\"1213\" data-end=\"1246\">Pasform: Passer til de fleste biler<\/p>\n<\/li>\n<li data-start=\"1247\" data-end=\"1274\">\n<p data-start=\"1249\" data-end=\"1274\">Stil: Hajfinnedesign<\/p>\n<\/li>\n<\/ul>\n<h2 style=\"text-align: center;\" data-start=\"1281\" data-end=\"1303\">Pakken indeholder \ud83d\udce6<\/h2>\n<ul data-start=\"1304\" data-end=\"1329\">\n<li data-start=\"1304\" data-end=\"1329\">\n<p data-start=\"1306\" data-end=\"1329\">1x bilfinneantenne.<\/p>\n<\/li>\n<\/ul>\n","protected":false},"excerpt":{"rendered":"<p><span style=\"font-size: 16px; font-style: normal; font-weight: 400;\">\ud83d\ude98<\/span>Denne bilantenne erstatter din originale antenne med et slankt, moderne design. Den forbedrer FM\/AM-signalets ydeevne og tilf\u00f8jer et stilfuldt touch til dit k\u00f8ret\u00f8j.<br \/>\n\ud83d\udcfbDen fungerer som en funktionel antenne og en dekorativ opgradering p\u00e5 samme tid. Perfekt til bilister, der vil have bedre stil uden kompliceret installation.<br \/>\n\ud83d\udce1En enkel opgradering, der f\u00e5r din bil til at se sejere og mere raffineret ud.<\/p>\n","protected":false},"featured_media":23741,"comment_status":"open","ping_status":"closed","template":"","meta":{"site-sidebar-layout":"default","site-content-layout":"","ast-site-content-layout":"default","site-content-style":"default","site-sidebar-style":"default","ast-global-header-display":"","ast-banner-title-visibility":"","ast-main-header-display":"","ast-hfb-above-header-display":"","ast-hfb-below-header-display":"","ast-hfb-mobile-header-display":"","site-post-title":"","ast-breadcrumbs-content":"","ast-featured-img":"","footer-sml-layout":"","theme-transparent-header-meta":"default","adv-header-id-meta":"","stick-header-meta":"","header-above-stick-meta":"","header-main-stick-meta":"","header-below-stick-meta":"","astra-migrate-meta-layouts":"set","ast-page-background-enabled":"default","ast-page-background-meta":{"desktop":{"background-color":"var(--ast-global-color-5)","background-image":"","background-repeat":"repeat","background-position":"center center","background-size":"auto","background-attachment":"scroll","background-type":"","background-media":"","overlay-type":"","overlay-color":"","overlay-opacity":"","overlay-gradient":""},"tablet":{"background-color":"","background-image":"","background-repeat":"repeat","background-position":"center center","background-size":"auto","background-attachment":"scroll","background-type":"","background-media":"","overlay-type":"","overlay-color":"","overlay-opacity":"","overlay-gradient":""},"mobile":{"background-color":"","background-image":"","background-repeat":"repeat","background-position":"center center","background-size":"auto","background-attachment":"scroll","background-type":"","background-media":"","overlay-type":"","overlay-color":"","overlay-opacity":"","overlay-gradient":""}},"ast-content-background-meta":{"desktop":{"background-color":"var(--ast-global-color-4)","background-image":"","background-repeat":"repeat","background-position":"center center","background-size":"auto","background-attachment":"scroll","background-type":"","background-media":"","overlay-type":"","overlay-color":"","overlay-opacity":"","overlay-gradient":""},"tablet":{"background-color":"var(--ast-global-color-4)","background-image":"","background-repeat":"repeat","background-position":"center center","background-size":"auto","background-attachment":"scroll","background-type":"","background-media":"","overlay-type":"","overlay-color":"","overlay-opacity":"","overlay-gradient":""},"mobile":{"background-color":"var(--ast-global-color-4)","background-image":"","background-repeat":"repeat","background-position":"center center","background-size":"auto","background-attachment":"scroll","background-type":"","background-media":"","overlay-type":"","overlay-color":"","overlay-opacity":"","overlay-gradient":""}}},"product_brand":[],"product_cat":[161],"product_tag":[],"class_list":{"0":"post-23745","1":"product","2":"type-product","3":"status-publish","4":"has-post-thumbnail","6":"product_cat-bilprodukter","7":"pa_68751_6v2jcbef-mat","8":"pa_68751_6v2jcbef-skinnende","9":"pa_68751_ny8zrk4y-blaa","10":"pa_68751_ny8zrk4y-graa","11":"pa_68751_ny8zrk4y-hvid","12":"pa_68751_ny8zrk4y-krom","13":"pa_68751_ny8zrk4y-kulstof","14":"pa_68751_ny8zrk4y-moerkegraa","15":"pa_68751_ny8zrk4y-perlesort","16":"pa_68751_ny8zrk4y-roed","17":"pa_68751_ny8zrk4y-soelv","18":"pa_68751_ny8zrk4y-sort","19":"desktop-align-left","20":"tablet-align-left","21":"mobile-align-left","23":"first","24":"instock","25":"shipping-taxable","26":"purchasable","27":"product-type-variable","28":"has-default-attributes"},"yoast_head":"<!-- This site is optimized with the Yoast SEO plugin v26.6 - https:\/\/yoast.com\/wordpress\/plugins\/seo\/ -->\n<title>Antenne til bilfinne - Mekulo DK<\/title>\n<meta name=\"robots\" content=\"index, follow, max-snippet:-1, max-image-preview:large, max-video-preview:-1\" \/>\n<link rel=\"canonical\" href=\"https:\/\/mekulo.com\/dk\/produkt\/antenne-til-bilfinne\/\" \/>\n<meta property=\"og:locale\" content=\"da_DK\" \/>\n<meta property=\"og:type\" content=\"article\" \/>\n<meta property=\"og:title\" content=\"Antenne til bilfinne - Mekulo DK\" \/>\n<meta property=\"og:description\" content=\"\ud83d\ude98Denne bilantenne erstatter din originale antenne med et slankt, moderne design. Den forbedrer FM\/AM-signalets ydeevne og tilf\u00f8jer et stilfuldt touch til dit k\u00f8ret\u00f8j. \ud83d\udcfbDen fungerer som en funktionel antenne og en dekorativ opgradering p\u00e5 samme tid. Perfekt til bilister, der vil have bedre stil uden kompliceret installation. \ud83d\udce1En enkel opgradering, der f\u00e5r din bil til at se sejere og mere raffineret ud.\" \/>\n<meta property=\"og:url\" content=\"https:\/\/mekulo.com\/dk\/produkt\/antenne-til-bilfinne\/\" \/>\n<meta property=\"og:site_name\" content=\"Mekulo DK\" \/>\n<meta property=\"article:modified_time\" content=\"2026-02-12T11:08:54+00:00\" \/>\n<meta property=\"og:image\" content=\"https:\/\/mekulo.com\/dk\/wp-content\/uploads\/sites\/12\/2026\/02\/8fhwcra-1.webp\" \/>\n\t<meta property=\"og:image:width\" content=\"800\" \/>\n\t<meta property=\"og:image:height\" content=\"876\" \/>\n\t<meta property=\"og:image:type\" content=\"image\/webp\" \/>\n<meta name=\"twitter:card\" content=\"summary_large_image\" \/>\n<meta name=\"twitter:label1\" content=\"Estimeret l\u00e6setid\" \/>\n\t<meta name=\"twitter:data1\" content=\"2 minutter\" \/>\n<script type=\"application\/ld+json\" class=\"yoast-schema-graph\">{\"@context\":\"https:\/\/schema.org\",\"@graph\":[{\"@type\":\"WebPage\",\"@id\":\"https:\/\/mekulo.com\/dk\/produkt\/antenne-til-bilfinne\/\",\"url\":\"https:\/\/mekulo.com\/dk\/produkt\/antenne-til-bilfinne\/\",\"name\":\"Antenne til bilfinne - Mekulo DK\",\"isPartOf\":{\"@id\":\"https:\/\/mekulo.com\/dk\/#website\"},\"primaryImageOfPage\":{\"@id\":\"https:\/\/mekulo.com\/dk\/produkt\/antenne-til-bilfinne\/#primaryimage\"},\"image\":{\"@id\":\"https:\/\/mekulo.com\/dk\/produkt\/antenne-til-bilfinne\/#primaryimage\"},\"thumbnailUrl\":\"https:\/\/mekulo.com\/dk\/wp-content\/uploads\/sites\/12\/2026\/02\/8fhwcra-1.webp\",\"datePublished\":\"2026-02-12T10:40:24+00:00\",\"dateModified\":\"2026-02-12T11:08:54+00:00\",\"breadcrumb\":{\"@id\":\"https:\/\/mekulo.com\/dk\/produkt\/antenne-til-bilfinne\/#breadcrumb\"},\"inLanguage\":\"da-DK\",\"potentialAction\":[{\"@type\":\"ReadAction\",\"target\":[\"https:\/\/mekulo.com\/dk\/produkt\/antenne-til-bilfinne\/\"]}]},{\"@type\":\"ImageObject\",\"inLanguage\":\"da-DK\",\"@id\":\"https:\/\/mekulo.com\/dk\/produkt\/antenne-til-bilfinne\/#primaryimage\",\"url\":\"https:\/\/mekulo.com\/dk\/wp-content\/uploads\/sites\/12\/2026\/02\/8fhwcra-1.webp\",\"contentUrl\":\"https:\/\/mekulo.com\/dk\/wp-content\/uploads\/sites\/12\/2026\/02\/8fhwcra-1.webp\",\"width\":800,\"height\":876},{\"@type\":\"BreadcrumbList\",\"@id\":\"https:\/\/mekulo.com\/dk\/produkt\/antenne-til-bilfinne\/#breadcrumb\",\"itemListElement\":[{\"@type\":\"ListItem\",\"position\":1,\"name\":\"Home\",\"item\":\"https:\/\/mekulo.com\/dk\/\"},{\"@type\":\"ListItem\",\"position\":2,\"name\":\"Butik\",\"item\":\"https:\/\/mekulo.com\/dk\/butik\/\"},{\"@type\":\"ListItem\",\"position\":3,\"name\":\"Antenne til bilfinne\"}]},{\"@type\":\"WebSite\",\"@id\":\"https:\/\/mekulo.com\/dk\/#website\",\"url\":\"https:\/\/mekulo.com\/dk\/\",\"name\":\"Mekulo DK\",\"description\":\"\",\"publisher\":{\"@id\":\"https:\/\/mekulo.com\/dk\/#organization\"},\"potentialAction\":[{\"@type\":\"SearchAction\",\"target\":{\"@type\":\"EntryPoint\",\"urlTemplate\":\"https:\/\/mekulo.com\/dk\/?s={search_term_string}\"},\"query-input\":{\"@type\":\"PropertyValueSpecification\",\"valueRequired\":true,\"valueName\":\"search_term_string\"}}],\"inLanguage\":\"da-DK\"},{\"@type\":\"Organization\",\"@id\":\"https:\/\/mekulo.com\/dk\/#organization\",\"name\":\"Mekulo\",\"url\":\"https:\/\/mekulo.com\/dk\/\",\"logo\":{\"@type\":\"ImageObject\",\"inLanguage\":\"da-DK\",\"@id\":\"https:\/\/mekulo.com\/dk\/#\/schema\/logo\/image\/\",\"url\":\"https:\/\/mekulo.com\/dk\/wp-content\/uploads\/sites\/12\/2025\/12\/favicon_mekulo.png\",\"contentUrl\":\"https:\/\/mekulo.com\/dk\/wp-content\/uploads\/sites\/12\/2025\/12\/favicon_mekulo.png\",\"width\":50,\"height\":50,\"caption\":\"Mekulo\"},\"image\":{\"@id\":\"https:\/\/mekulo.com\/dk\/#\/schema\/logo\/image\/\"}}]}<\/script>\n<!-- \/ Yoast SEO plugin. -->","yoast_head_json":{"title":"Antenne til bilfinne - Mekulo DK","robots":{"index":"index","follow":"follow","max-snippet":"max-snippet:-1","max-image-preview":"max-image-preview:large","max-video-preview":"max-video-preview:-1"},"canonical":"https:\/\/mekulo.com\/dk\/produkt\/antenne-til-bilfinne\/","og_locale":"da_DK","og_type":"article","og_title":"Antenne til bilfinne - Mekulo DK","og_description":"\ud83d\ude98Denne bilantenne erstatter din originale antenne med et slankt, moderne design. Den forbedrer FM\/AM-signalets ydeevne og tilf\u00f8jer et stilfuldt touch til dit k\u00f8ret\u00f8j. \ud83d\udcfbDen fungerer som en funktionel antenne og en dekorativ opgradering p\u00e5 samme tid. Perfekt til bilister, der vil have bedre stil uden kompliceret installation. \ud83d\udce1En enkel opgradering, der f\u00e5r din bil til at se sejere og mere raffineret ud.","og_url":"https:\/\/mekulo.com\/dk\/produkt\/antenne-til-bilfinne\/","og_site_name":"Mekulo DK","article_modified_time":"2026-02-12T11:08:54+00:00","og_image":[{"width":800,"height":876,"url":"https:\/\/mekulo.com\/dk\/wp-content\/uploads\/sites\/12\/2026\/02\/8fhwcra-1.webp","type":"image\/webp"}],"twitter_card":"summary_large_image","twitter_misc":{"Estimeret l\u00e6setid":"2 minutter"},"schema":{"@context":"https:\/\/schema.org","@graph":[{"@type":"WebPage","@id":"https:\/\/mekulo.com\/dk\/produkt\/antenne-til-bilfinne\/","url":"https:\/\/mekulo.com\/dk\/produkt\/antenne-til-bilfinne\/","name":"Antenne til bilfinne - Mekulo DK","isPartOf":{"@id":"https:\/\/mekulo.com\/dk\/#website"},"primaryImageOfPage":{"@id":"https:\/\/mekulo.com\/dk\/produkt\/antenne-til-bilfinne\/#primaryimage"},"image":{"@id":"https:\/\/mekulo.com\/dk\/produkt\/antenne-til-bilfinne\/#primaryimage"},"thumbnailUrl":"https:\/\/mekulo.com\/dk\/wp-content\/uploads\/sites\/12\/2026\/02\/8fhwcra-1.webp","datePublished":"2026-02-12T10:40:24+00:00","dateModified":"2026-02-12T11:08:54+00:00","breadcrumb":{"@id":"https:\/\/mekulo.com\/dk\/produkt\/antenne-til-bilfinne\/#breadcrumb"},"inLanguage":"da-DK","potentialAction":[{"@type":"ReadAction","target":["https:\/\/mekulo.com\/dk\/produkt\/antenne-til-bilfinne\/"]}]},{"@type":"ImageObject","inLanguage":"da-DK","@id":"https:\/\/mekulo.com\/dk\/produkt\/antenne-til-bilfinne\/#primaryimage","url":"https:\/\/mekulo.com\/dk\/wp-content\/uploads\/sites\/12\/2026\/02\/8fhwcra-1.webp","contentUrl":"https:\/\/mekulo.com\/dk\/wp-content\/uploads\/sites\/12\/2026\/02\/8fhwcra-1.webp","width":800,"height":876},{"@type":"BreadcrumbList","@id":"https:\/\/mekulo.com\/dk\/produkt\/antenne-til-bilfinne\/#breadcrumb","itemListElement":[{"@type":"ListItem","position":1,"name":"Home","item":"https:\/\/mekulo.com\/dk\/"},{"@type":"ListItem","position":2,"name":"Butik","item":"https:\/\/mekulo.com\/dk\/butik\/"},{"@type":"ListItem","position":3,"name":"Antenne til bilfinne"}]},{"@type":"WebSite","@id":"https:\/\/mekulo.com\/dk\/#website","url":"https:\/\/mekulo.com\/dk\/","name":"Mekulo DK","description":"","publisher":{"@id":"https:\/\/mekulo.com\/dk\/#organization"},"potentialAction":[{"@type":"SearchAction","target":{"@type":"EntryPoint","urlTemplate":"https:\/\/mekulo.com\/dk\/?s={search_term_string}"},"query-input":{"@type":"PropertyValueSpecification","valueRequired":true,"valueName":"search_term_string"}}],"inLanguage":"da-DK"},{"@type":"Organization","@id":"https:\/\/mekulo.com\/dk\/#organization","name":"Mekulo","url":"https:\/\/mekulo.com\/dk\/","logo":{"@type":"ImageObject","inLanguage":"da-DK","@id":"https:\/\/mekulo.com\/dk\/#\/schema\/logo\/image\/","url":"https:\/\/mekulo.com\/dk\/wp-content\/uploads\/sites\/12\/2025\/12\/favicon_mekulo.png","contentUrl":"https:\/\/mekulo.com\/dk\/wp-content\/uploads\/sites\/12\/2025\/12\/favicon_mekulo.png","width":50,"height":50,"caption":"Mekulo"},"image":{"@id":"https:\/\/mekulo.com\/dk\/#\/schema\/logo\/image\/"}}]}},"_links":{"self":[{"href":"https:\/\/mekulo.com\/dk\/wp-json\/wp\/v2\/product\/23745","targetHints":{"allow":["GET"]}}],"collection":[{"href":"https:\/\/mekulo.com\/dk\/wp-json\/wp\/v2\/product"}],"about":[{"href":"https:\/\/mekulo.com\/dk\/wp-json\/wp\/v2\/types\/product"}],"replies":[{"embeddable":true,"href":"https:\/\/mekulo.com\/dk\/wp-json\/wp\/v2\/comments?post=23745"}],"wp:featuredmedia":[{"embeddable":true,"href":"https:\/\/mekulo.com\/dk\/wp-json\/wp\/v2\/media\/23741"}],"wp:attachment":[{"href":"https:\/\/mekulo.com\/dk\/wp-json\/wp\/v2\/media?parent=23745"}],"wp:term":[{"taxonomy":"product_brand","embeddable":true,"href":"https:\/\/mekulo.com\/dk\/wp-json\/wp\/v2\/product_brand?post=23745"},{"taxonomy":"product_cat","embeddable":true,"href":"https:\/\/mekulo.com\/dk\/wp-json\/wp\/v2\/product_cat?post=23745"},{"taxonomy":"product_tag","embeddable":true,"href":"https:\/\/mekulo.com\/dk\/wp-json\/wp\/v2\/product_tag?post=23745"}],"curies":[{"name":"wp","href":"https:\/\/api.w.org\/{rel}","templated":true}]}}