{"id":23662,"date":"2026-02-10T21:44:12","date_gmt":"2026-02-10T19:44:12","guid":{"rendered":"https:\/\/mekulo.com\/dk\/produkt\/bajonetsav-saet-med-hurtig-udskiftning\/"},"modified":"2026-03-02T12:29:48","modified_gmt":"2026-03-02T10:29:48","slug":"bajonetsav-saet-med-hurtig-udskiftning","status":"publish","type":"product","link":"https:\/\/mekulo.com\/dk\/produkt\/bajonetsav-saet-med-hurtig-udskiftning\/","title":{"rendered":"Bajonetsav-s\u00e6t med hurtig udskiftning"},"content":{"rendered":"<p style=\"text-align: center\" data-start=\"310\" data-end=\"596\"><strong>G\u00f8r Din Boremaskine Til Et Kraftfuldt Sk\u00e6rev\u00e6rkt\u00f8j P\u00e5 F\u00e5 Sekunder.<\/strong><span style=\"font-size: 16px;font-style: normal;font-weight: 400\">\ud83d\udee0\ufe0f<\/span><\/p>\n<p data-start=\"310\" data-end=\"596\"><img fetchpriority=\"high\" decoding=\"async\" class=\"size-full wp-image-24533 aligncenter\" src=\"https:\/\/mekulo.com\/template\/wp-content\/uploads\/sites\/6\/2026\/02\/spp_20250428165126_ce393892110fd7fde8ceeb1e996bd2b5_a1165036-e54f-41e8-8719-8cc668b8ff2b.webp\" alt=\"\" width=\"713\" height=\"713\" \/><\/p>\n<h2 style=\"text-align: center\" data-start=\"603\" data-end=\"620\">Main Fordele \ud83d\udd27<\/h2>\n<p data-start=\"621\" data-end=\"971\">\ud83d\udd27 V\u00e6rkt\u00f8jsfrit klingeskift &#8211; Hurtigt og nemt selvl\u00e5sende system.<\/p>\n<p data-start=\"621\" data-end=\"971\">\ud83e\udeb5 Sk\u00e6ring i flere materialer &#8211; Sk\u00e6rer i tr\u00e6, metal, PVC og meget mere.<\/p>\n<p data-start=\"621\" data-end=\"971\">\ud83d\udcaa Holdbar konstruktion &#8211; Fremstillet af legeret st\u00e5l til langvarig brug.<\/p>\n<p data-start=\"621\" data-end=\"971\">\u270b Komfortabelt greb &#8211; Stabilt h\u00e5ndtag reducerer tr\u00e6thed under langvarigt arbejde.<\/p>\n<p data-start=\"621\" data-end=\"971\">\ud83d\udee1\ufe0f Sikker betjening &#8211; Beskyttelsesplade beskytter h\u00e6nderne mod snavs.<\/p>\n<p data-start=\"621\" data-end=\"971\"><img decoding=\"async\" class=\"size-full wp-image-24536 aligncenter\" src=\"https:\/\/mekulo.com\/template\/wp-content\/uploads\/sites\/6\/2026\/02\/S6c6fe6cda19f43ca81c46d95c4907726q.jpg_960x960q75.jpg_.avif\" alt=\"\" width=\"750\" height=\"754\" \/><\/p>\n<h2 style=\"text-align: center\" data-start=\"978\" data-end=\"992\">S\u00e5dan Bruges \ud83d\udccc<\/h2>\n<ol data-start=\"993\" data-end=\"1170\">\n<li data-start=\"993\" data-end=\"1040\">\n<p data-start=\"996\" data-end=\"1040\">S\u00e6t savs\u00e6ttet godt fast p\u00e5 din boremaskine.<\/p>\n<\/li>\n<li data-start=\"1041\" data-end=\"1092\">\n<p data-start=\"1044\" data-end=\"1092\">S\u00e6t klingen i den selvl\u00e5sende sp\u00e6ndetang.<\/p>\n<\/li>\n<li data-start=\"1093\" data-end=\"1128\">\n<p data-start=\"1096\" data-end=\"1128\">Stram, indtil den er l\u00e5st p\u00e5 plads.<\/p>\n<\/li>\n<li data-start=\"1129\" data-end=\"1170\">\n<p data-start=\"1132\" data-end=\"1170\">T\u00e6nd for boremaskinen, og begynd at sk\u00e6re.<\/p>\n<\/li>\n<\/ol>\n<h2 style=\"text-align: center\" data-start=\"1177\" data-end=\"1196\">Produktdetaljer \ud83d\udccf<\/h2>\n<ul data-start=\"1197\" data-end=\"1378\">\n<li data-start=\"1197\" data-end=\"1232\">\n<p data-start=\"1199\" data-end=\"1232\">Materiale: Plast + legeret st\u00e5l<\/p>\n<\/li>\n<li data-start=\"1233\" data-end=\"1249\">\n<p data-start=\"1235\" data-end=\"1249\">Farve: Sort<\/p>\n<\/li>\n<li data-start=\"1250\" data-end=\"1313\">\n<p data-start=\"1252\" data-end=\"1313\">Kompatibilitet: Batteridrevne boremaskiner, elboremaskiner, slagboremaskiner<\/p>\n<\/li>\n<li data-start=\"1314\" data-end=\"1378\">\n<p data-start=\"1316\" data-end=\"1378\">Funktioner: Hurtigt klingeskift, sikkerhedssk\u00e6rm, ekstra h\u00e5ndtag<\/p>\n<\/li>\n<\/ul>\n<h2 style=\"text-align: center\" data-start=\"1385\" data-end=\"1405\">Pakken Indeholder \ud83d\udce6<\/h2>\n<ul data-start=\"1406\" data-end=\"1448\">\n<li data-start=\"1406\" data-end=\"1448\">\n<p data-start=\"1408\" data-end=\"1448\">1x bajonetsavss\u00e6t med hurtigskift.<\/p>\n<\/li>\n<\/ul>\n","protected":false},"excerpt":{"rendered":"<p>\ud83e\udeb5Designet til b\u00e5de g\u00f8r-det-selv-brugere og professionelle, dette s\u00e6t giver mulighed for hurtige klingeskift uden v\u00e6rkt\u00f8j og fungerer med de fleste boremaskiner.<br \/>\n\u2699\ufe0fThe st\u00e6rk konstruktion og smart design hj\u00e6lper dig med at udf\u00f8re sk\u00e6reopgaver med mindre indsats og st\u00f8rre n\u00f8jagtighed.<br \/>\n\ud83e\ude9aDet er ideelt til reparationer i hjemmet, byggeri og v\u00e6rkstedsbrug. En smart, p\u00e5lidelig sk\u00e6rel\u00f8sning, der opgraderer din boremaskine og g\u00f8r ethvert job lettere.<\/p>\n","protected":false},"featured_media":23658,"comment_status":"open","ping_status":"closed","template":"","meta":{"site-sidebar-layout":"default","site-content-layout":"","ast-site-content-layout":"default","site-content-style":"default","site-sidebar-style":"default","ast-global-header-display":"","ast-banner-title-visibility":"","ast-main-header-display":"","ast-hfb-above-header-display":"","ast-hfb-below-header-display":"","ast-hfb-mobile-header-display":"","site-post-title":"","ast-breadcrumbs-content":"","ast-featured-img":"","footer-sml-layout":"","ast-disable-related-posts":"","theme-transparent-header-meta":"default","adv-header-id-meta":"","stick-header-meta":"","header-above-stick-meta":"","header-main-stick-meta":"","header-below-stick-meta":"","astra-migrate-meta-layouts":"set","ast-page-background-enabled":"default","ast-page-background-meta":{"desktop":{"background-color":"var(--ast-global-color-5)","background-image":"","background-repeat":"repeat","background-position":"center center","background-size":"auto","background-attachment":"scroll","background-type":"","background-media":"","overlay-type":"","overlay-color":"","overlay-opacity":"","overlay-gradient":""},"tablet":{"background-color":"","background-image":"","background-repeat":"repeat","background-position":"center center","background-size":"auto","background-attachment":"scroll","background-type":"","background-media":"","overlay-type":"","overlay-color":"","overlay-opacity":"","overlay-gradient":""},"mobile":{"background-color":"","background-image":"","background-repeat":"repeat","background-position":"center center","background-size":"auto","background-attachment":"scroll","background-type":"","background-media":"","overlay-type":"","overlay-color":"","overlay-opacity":"","overlay-gradient":""}},"ast-content-background-meta":{"desktop":{"background-color":"var(--ast-global-color-4)","background-image":"","background-repeat":"repeat","background-position":"center center","background-size":"auto","background-attachment":"scroll","background-type":"","background-media":"","overlay-type":"","overlay-color":"","overlay-opacity":"","overlay-gradient":""},"tablet":{"background-color":"var(--ast-global-color-4)","background-image":"","background-repeat":"repeat","background-position":"center center","background-size":"auto","background-attachment":"scroll","background-type":"","background-media":"","overlay-type":"","overlay-color":"","overlay-opacity":"","overlay-gradient":""},"mobile":{"background-color":"var(--ast-global-color-4)","background-image":"","background-repeat":"repeat","background-position":"center center","background-size":"auto","background-attachment":"scroll","background-type":"","background-media":"","overlay-type":"","overlay-color":"","overlay-opacity":"","overlay-gradient":""}}},"product_brand":[],"product_cat":[171],"product_tag":[],"class_list":{"0":"post-23662","1":"product","2":"type-product","3":"status-publish","4":"has-post-thumbnail","6":"product_cat-vaerktoejer","7":"desktop-align-left","8":"tablet-align-left","9":"mobile-align-left","11":"first","12":"instock","13":"shipping-taxable","14":"purchasable","15":"product-type-simple"},"yoast_head":"<!-- This site is optimized with the Yoast SEO plugin v27.4 - https:\/\/yoast.com\/product\/yoast-seo-wordpress\/ -->\n<title>Bajonetsav-s\u00e6t med hurtig udskiftning - Mekulo DK<\/title>\n<meta name=\"robots\" content=\"index, follow, max-snippet:-1, max-image-preview:large, max-video-preview:-1\" \/>\n<link rel=\"canonical\" href=\"https:\/\/mekulo.com\/dk\/produkt\/bajonetsav-saet-med-hurtig-udskiftning\/\" \/>\n<meta property=\"og:locale\" content=\"da_DK\" \/>\n<meta property=\"og:type\" content=\"article\" \/>\n<meta property=\"og:title\" content=\"Bajonetsav-s\u00e6t med hurtig udskiftning - Mekulo DK\" \/>\n<meta property=\"og:description\" content=\"\ud83e\udeb5Designet til b\u00e5de g\u00f8r-det-selv-brugere og professionelle, dette s\u00e6t giver mulighed for hurtige klingeskift uden v\u00e6rkt\u00f8j og fungerer med de fleste boremaskiner. \u2699\ufe0fThe st\u00e6rk konstruktion og smart design hj\u00e6lper dig med at udf\u00f8re sk\u00e6reopgaver med mindre indsats og st\u00f8rre n\u00f8jagtighed. \ud83e\ude9aDet er ideelt til reparationer i hjemmet, byggeri og v\u00e6rkstedsbrug. En smart, p\u00e5lidelig sk\u00e6rel\u00f8sning, der opgraderer din boremaskine og g\u00f8r ethvert job lettere.\" \/>\n<meta property=\"og:url\" content=\"https:\/\/mekulo.com\/dk\/produkt\/bajonetsav-saet-med-hurtig-udskiftning\/\" \/>\n<meta property=\"og:site_name\" content=\"Mekulo DK\" \/>\n<meta property=\"article:modified_time\" content=\"2026-03-02T10:29:48+00:00\" \/>\n<meta property=\"og:image\" content=\"https:\/\/mekulo.com\/dk\/wp-content\/uploads\/sites\/12\/2026\/02\/zz23leh-1.webp\" \/>\n\t<meta property=\"og:image:width\" content=\"713\" \/>\n\t<meta property=\"og:image:height\" content=\"713\" \/>\n\t<meta property=\"og:image:type\" content=\"image\/webp\" \/>\n<meta name=\"twitter:card\" content=\"summary_large_image\" \/>\n<meta name=\"twitter:label1\" content=\"Estimeret l\u00e6setid\" \/>\n\t<meta name=\"twitter:data1\" content=\"2 minutter\" \/>\n<script type=\"application\/ld+json\" class=\"yoast-schema-graph\">{\"@context\":\"https:\\\/\\\/schema.org\",\"@graph\":[{\"@type\":\"WebPage\",\"@id\":\"https:\\\/\\\/mekulo.com\\\/dk\\\/produkt\\\/bajonetsav-saet-med-hurtig-udskiftning\\\/\",\"url\":\"https:\\\/\\\/mekulo.com\\\/dk\\\/produkt\\\/bajonetsav-saet-med-hurtig-udskiftning\\\/\",\"name\":\"Bajonetsav-s\u00e6t med hurtig udskiftning - Mekulo DK\",\"isPartOf\":{\"@id\":\"https:\\\/\\\/mekulo.com\\\/dk\\\/#website\"},\"primaryImageOfPage\":{\"@id\":\"https:\\\/\\\/mekulo.com\\\/dk\\\/produkt\\\/bajonetsav-saet-med-hurtig-udskiftning\\\/#primaryimage\"},\"image\":{\"@id\":\"https:\\\/\\\/mekulo.com\\\/dk\\\/produkt\\\/bajonetsav-saet-med-hurtig-udskiftning\\\/#primaryimage\"},\"thumbnailUrl\":\"https:\\\/\\\/mekulo.com\\\/dk\\\/wp-content\\\/uploads\\\/sites\\\/12\\\/2026\\\/02\\\/zz23leh-1.webp\",\"datePublished\":\"2026-02-10T19:44:12+00:00\",\"dateModified\":\"2026-03-02T10:29:48+00:00\",\"breadcrumb\":{\"@id\":\"https:\\\/\\\/mekulo.com\\\/dk\\\/produkt\\\/bajonetsav-saet-med-hurtig-udskiftning\\\/#breadcrumb\"},\"inLanguage\":\"da-DK\",\"potentialAction\":[{\"@type\":\"ReadAction\",\"target\":[\"https:\\\/\\\/mekulo.com\\\/dk\\\/produkt\\\/bajonetsav-saet-med-hurtig-udskiftning\\\/\"]}]},{\"@type\":\"ImageObject\",\"inLanguage\":\"da-DK\",\"@id\":\"https:\\\/\\\/mekulo.com\\\/dk\\\/produkt\\\/bajonetsav-saet-med-hurtig-udskiftning\\\/#primaryimage\",\"url\":\"https:\\\/\\\/mekulo.com\\\/dk\\\/wp-content\\\/uploads\\\/sites\\\/12\\\/2026\\\/02\\\/zz23leh-1.webp\",\"contentUrl\":\"https:\\\/\\\/mekulo.com\\\/dk\\\/wp-content\\\/uploads\\\/sites\\\/12\\\/2026\\\/02\\\/zz23leh-1.webp\",\"width\":713,\"height\":713},{\"@type\":\"BreadcrumbList\",\"@id\":\"https:\\\/\\\/mekulo.com\\\/dk\\\/produkt\\\/bajonetsav-saet-med-hurtig-udskiftning\\\/#breadcrumb\",\"itemListElement\":[{\"@type\":\"ListItem\",\"position\":1,\"name\":\"Home\",\"item\":\"https:\\\/\\\/mekulo.com\\\/dk\\\/\"},{\"@type\":\"ListItem\",\"position\":2,\"name\":\"Butik\",\"item\":\"https:\\\/\\\/mekulo.com\\\/dk\\\/butik\\\/\"},{\"@type\":\"ListItem\",\"position\":3,\"name\":\"Bajonetsav-s\u00e6t med hurtig udskiftning\"}]},{\"@type\":\"WebSite\",\"@id\":\"https:\\\/\\\/mekulo.com\\\/dk\\\/#website\",\"url\":\"https:\\\/\\\/mekulo.com\\\/dk\\\/\",\"name\":\"Mekulo DK\",\"description\":\"\",\"publisher\":{\"@id\":\"https:\\\/\\\/mekulo.com\\\/dk\\\/#organization\"},\"potentialAction\":[{\"@type\":\"SearchAction\",\"target\":{\"@type\":\"EntryPoint\",\"urlTemplate\":\"https:\\\/\\\/mekulo.com\\\/dk\\\/?s={search_term_string}\"},\"query-input\":{\"@type\":\"PropertyValueSpecification\",\"valueRequired\":true,\"valueName\":\"search_term_string\"}}],\"inLanguage\":\"da-DK\"},{\"@type\":\"Organization\",\"@id\":\"https:\\\/\\\/mekulo.com\\\/dk\\\/#organization\",\"name\":\"Mekulo\",\"url\":\"https:\\\/\\\/mekulo.com\\\/dk\\\/\",\"logo\":{\"@type\":\"ImageObject\",\"inLanguage\":\"da-DK\",\"@id\":\"https:\\\/\\\/mekulo.com\\\/dk\\\/#\\\/schema\\\/logo\\\/image\\\/\",\"url\":\"https:\\\/\\\/mekulo.com\\\/dk\\\/wp-content\\\/uploads\\\/sites\\\/12\\\/2025\\\/12\\\/favicon_mekulo.png\",\"contentUrl\":\"https:\\\/\\\/mekulo.com\\\/dk\\\/wp-content\\\/uploads\\\/sites\\\/12\\\/2025\\\/12\\\/favicon_mekulo.png\",\"width\":50,\"height\":50,\"caption\":\"Mekulo\"},\"image\":{\"@id\":\"https:\\\/\\\/mekulo.com\\\/dk\\\/#\\\/schema\\\/logo\\\/image\\\/\"}}]}<\/script>\n<!-- \/ Yoast SEO plugin. -->","yoast_head_json":{"title":"Bajonetsav-s\u00e6t med hurtig udskiftning - Mekulo DK","robots":{"index":"index","follow":"follow","max-snippet":"max-snippet:-1","max-image-preview":"max-image-preview:large","max-video-preview":"max-video-preview:-1"},"canonical":"https:\/\/mekulo.com\/dk\/produkt\/bajonetsav-saet-med-hurtig-udskiftning\/","og_locale":"da_DK","og_type":"article","og_title":"Bajonetsav-s\u00e6t med hurtig udskiftning - Mekulo DK","og_description":"\ud83e\udeb5Designet til b\u00e5de g\u00f8r-det-selv-brugere og professionelle, dette s\u00e6t giver mulighed for hurtige klingeskift uden v\u00e6rkt\u00f8j og fungerer med de fleste boremaskiner. \u2699\ufe0fThe st\u00e6rk konstruktion og smart design hj\u00e6lper dig med at udf\u00f8re sk\u00e6reopgaver med mindre indsats og st\u00f8rre n\u00f8jagtighed. \ud83e\ude9aDet er ideelt til reparationer i hjemmet, byggeri og v\u00e6rkstedsbrug. En smart, p\u00e5lidelig sk\u00e6rel\u00f8sning, der opgraderer din boremaskine og g\u00f8r ethvert job lettere.","og_url":"https:\/\/mekulo.com\/dk\/produkt\/bajonetsav-saet-med-hurtig-udskiftning\/","og_site_name":"Mekulo DK","article_modified_time":"2026-03-02T10:29:48+00:00","og_image":[{"width":713,"height":713,"url":"https:\/\/mekulo.com\/dk\/wp-content\/uploads\/sites\/12\/2026\/02\/zz23leh-1.webp","type":"image\/webp"}],"twitter_card":"summary_large_image","twitter_misc":{"Estimeret l\u00e6setid":"2 minutter"},"schema":{"@context":"https:\/\/schema.org","@graph":[{"@type":"WebPage","@id":"https:\/\/mekulo.com\/dk\/produkt\/bajonetsav-saet-med-hurtig-udskiftning\/","url":"https:\/\/mekulo.com\/dk\/produkt\/bajonetsav-saet-med-hurtig-udskiftning\/","name":"Bajonetsav-s\u00e6t med hurtig udskiftning - Mekulo DK","isPartOf":{"@id":"https:\/\/mekulo.com\/dk\/#website"},"primaryImageOfPage":{"@id":"https:\/\/mekulo.com\/dk\/produkt\/bajonetsav-saet-med-hurtig-udskiftning\/#primaryimage"},"image":{"@id":"https:\/\/mekulo.com\/dk\/produkt\/bajonetsav-saet-med-hurtig-udskiftning\/#primaryimage"},"thumbnailUrl":"https:\/\/mekulo.com\/dk\/wp-content\/uploads\/sites\/12\/2026\/02\/zz23leh-1.webp","datePublished":"2026-02-10T19:44:12+00:00","dateModified":"2026-03-02T10:29:48+00:00","breadcrumb":{"@id":"https:\/\/mekulo.com\/dk\/produkt\/bajonetsav-saet-med-hurtig-udskiftning\/#breadcrumb"},"inLanguage":"da-DK","potentialAction":[{"@type":"ReadAction","target":["https:\/\/mekulo.com\/dk\/produkt\/bajonetsav-saet-med-hurtig-udskiftning\/"]}]},{"@type":"ImageObject","inLanguage":"da-DK","@id":"https:\/\/mekulo.com\/dk\/produkt\/bajonetsav-saet-med-hurtig-udskiftning\/#primaryimage","url":"https:\/\/mekulo.com\/dk\/wp-content\/uploads\/sites\/12\/2026\/02\/zz23leh-1.webp","contentUrl":"https:\/\/mekulo.com\/dk\/wp-content\/uploads\/sites\/12\/2026\/02\/zz23leh-1.webp","width":713,"height":713},{"@type":"BreadcrumbList","@id":"https:\/\/mekulo.com\/dk\/produkt\/bajonetsav-saet-med-hurtig-udskiftning\/#breadcrumb","itemListElement":[{"@type":"ListItem","position":1,"name":"Home","item":"https:\/\/mekulo.com\/dk\/"},{"@type":"ListItem","position":2,"name":"Butik","item":"https:\/\/mekulo.com\/dk\/butik\/"},{"@type":"ListItem","position":3,"name":"Bajonetsav-s\u00e6t med hurtig udskiftning"}]},{"@type":"WebSite","@id":"https:\/\/mekulo.com\/dk\/#website","url":"https:\/\/mekulo.com\/dk\/","name":"Mekulo DK","description":"","publisher":{"@id":"https:\/\/mekulo.com\/dk\/#organization"},"potentialAction":[{"@type":"SearchAction","target":{"@type":"EntryPoint","urlTemplate":"https:\/\/mekulo.com\/dk\/?s={search_term_string}"},"query-input":{"@type":"PropertyValueSpecification","valueRequired":true,"valueName":"search_term_string"}}],"inLanguage":"da-DK"},{"@type":"Organization","@id":"https:\/\/mekulo.com\/dk\/#organization","name":"Mekulo","url":"https:\/\/mekulo.com\/dk\/","logo":{"@type":"ImageObject","inLanguage":"da-DK","@id":"https:\/\/mekulo.com\/dk\/#\/schema\/logo\/image\/","url":"https:\/\/mekulo.com\/dk\/wp-content\/uploads\/sites\/12\/2025\/12\/favicon_mekulo.png","contentUrl":"https:\/\/mekulo.com\/dk\/wp-content\/uploads\/sites\/12\/2025\/12\/favicon_mekulo.png","width":50,"height":50,"caption":"Mekulo"},"image":{"@id":"https:\/\/mekulo.com\/dk\/#\/schema\/logo\/image\/"}}]}},"_links":{"self":[{"href":"https:\/\/mekulo.com\/dk\/wp-json\/wp\/v2\/product\/23662","targetHints":{"allow":["GET"]}}],"collection":[{"href":"https:\/\/mekulo.com\/dk\/wp-json\/wp\/v2\/product"}],"about":[{"href":"https:\/\/mekulo.com\/dk\/wp-json\/wp\/v2\/types\/product"}],"replies":[{"embeddable":true,"href":"https:\/\/mekulo.com\/dk\/wp-json\/wp\/v2\/comments?post=23662"}],"wp:featuredmedia":[{"embeddable":true,"href":"https:\/\/mekulo.com\/dk\/wp-json\/wp\/v2\/media\/23658"}],"wp:attachment":[{"href":"https:\/\/mekulo.com\/dk\/wp-json\/wp\/v2\/media?parent=23662"}],"wp:term":[{"taxonomy":"product_brand","embeddable":true,"href":"https:\/\/mekulo.com\/dk\/wp-json\/wp\/v2\/product_brand?post=23662"},{"taxonomy":"product_cat","embeddable":true,"href":"https:\/\/mekulo.com\/dk\/wp-json\/wp\/v2\/product_cat?post=23662"},{"taxonomy":"product_tag","embeddable":true,"href":"https:\/\/mekulo.com\/dk\/wp-json\/wp\/v2\/product_tag?post=23662"}],"curies":[{"name":"wp","href":"https:\/\/api.w.org\/{rel}","templated":true}]}}