{"id":23653,"date":"2026-02-10T21:42:34","date_gmt":"2026-02-10T19:42:34","guid":{"rendered":"https:\/\/mekulo.com\/dk\/produkt\/pulver-til-hurtig-rodfaestelse-50-ml\/"},"modified":"2026-02-10T21:42:34","modified_gmt":"2026-02-10T19:42:34","slug":"pulver-til-hurtig-rodfaestelse-50-ml","status":"publish","type":"product","link":"https:\/\/mekulo.com\/dk\/produkt\/pulver-til-hurtig-rodfaestelse-50-ml\/","title":{"rendered":"Pulver til hurtig rodf\u00e6stelse (50 ml)"},"content":{"rendered":"<p style=\"text-align: center\" data-start=\"345\" data-end=\"627\"><strong>Dyrk st\u00e6rke, sunde r\u00f8dder hurtigere, og \u00f8g plantev\u00e6ksten med lethed. \ud83e\udeb4<\/strong><\/p>\n<p><strong><img fetchpriority=\"high\" decoding=\"async\" class=\" wp-image-24523 aligncenter\" src=\"https:\/\/mekulo.com\/template\/wp-content\/uploads\/sites\/6\/2026\/02\/c506963c6fed8c7efc00198429e7d035.webp\" alt=\"\" width=\"550\" height=\"550\" \/><\/strong><\/p>\n<h2 style=\"text-align: center\" data-start=\"634\" data-end=\"651\"><strong>Main Benefits \ud83c\udf31<\/strong><\/h2>\n<p data-start=\"652\" data-end=\"1000\">\ud83c\udf31 Hurtigere rodv\u00e6kst &#8211; Tilskynder til hurtig og st\u00e6rk rodudvikling.<\/p>\n<p data-start=\"652\" data-end=\"1000\">\ud83c\udf38 Bedre blomstring og frugts\u00e6tning &#8211; Underst\u00f8tter blomstring og h\u00f8jere udbytte.<\/p>\n<p data-start=\"652\" data-end=\"1000\">\ud83d\udcaa St\u00e6rkere plantesundhed &#8211; Forbedrer modstandsdygtigheden over for skadedyr og stress.<\/p>\n<p data-start=\"652\" data-end=\"1000\">\ud83e\uddea N\u00e6ringsrig formel &#8211; Indeholder essentielle planten\u00e6ringsstoffer.<\/p>\n<p data-start=\"652\" data-end=\"1000\">\ud83d\udca7 Let at bruge &#8211; Enkel anvendelse for alle gartnere.<\/p>\n<p data-start=\"652\" data-end=\"1000\"><img decoding=\"async\" class=\" wp-image-24524 aligncenter\" src=\"https:\/\/mekulo.com\/template\/wp-content\/uploads\/sites\/6\/2026\/02\/68b00ae235c20bb4196912aefaf5353d.webp\" alt=\"\" width=\"551\" height=\"555\" \/><\/p>\n<h2 style=\"text-align: center\" data-start=\"1007\" data-end=\"1021\"><strong>How To Use \ud83d\udccc<\/strong><\/h2>\n<ol data-start=\"1022\" data-end=\"1177\">\n<li data-start=\"1022\" data-end=\"1049\">\n<p data-start=\"1025\" data-end=\"1049\">Ryst godt f\u00f8r brug.<\/p>\n<\/li>\n<li data-start=\"1050\" data-end=\"1101\">\n<p data-start=\"1053\" data-end=\"1101\">P\u00e5f\u00f8r p\u00e5 stiklinger, r\u00f8dder eller jord som anvist.<\/p>\n<\/li>\n<li data-start=\"1102\" data-end=\"1140\">\n<p data-start=\"1105\" data-end=\"1140\">Vand let for at hj\u00e6lpe absorptionen.<\/p>\n<\/li>\n<li data-start=\"1141\" data-end=\"1177\">\n<p data-start=\"1144\" data-end=\"1177\">Brug regelm\u00e6ssigt for at f\u00e5 de bedste resultater.<\/p>\n<\/li>\n<\/ol>\n<h2 style=\"text-align: center\" data-start=\"1184\" data-end=\"1203\"><strong>Product Details \ud83d\udccf<\/strong><\/h2>\n<ul data-start=\"1204\" data-end=\"1395\">\n<li data-start=\"1251\" data-end=\"1273\">\n<p data-start=\"1253\" data-end=\"1273\">Netindhold: 50 ml<\/p>\n<\/li>\n<li data-start=\"1274\" data-end=\"1332\">\n<p data-start=\"1276\" data-end=\"1332\">Funktion: Rodv\u00e6kst, plantesundhed, st\u00f8tte til blomstring<\/p>\n<\/li>\n<li data-start=\"1333\" data-end=\"1395\">\n<p data-start=\"1335\" data-end=\"1395\">Velegnet til: Blomster, gr\u00f8ntsager, sukkulenter, frugttr\u00e6er<\/p>\n<\/li>\n<\/ul>\n<h2 style=\"text-align: center\" data-start=\"1402\" data-end=\"1422\"><strong>Package Includes \ud83d\udce6<\/strong><\/h2>\n<ul data-start=\"1423\" data-end=\"1459\">\n<li data-start=\"1423\" data-end=\"1459\">\n<p data-start=\"1425\" data-end=\"1459\">1x rapid rooting powder (50 ml).<\/p>\n<\/li>\n<\/ul>\n","protected":false},"excerpt":{"rendered":"<p><span style=\"font-size: 16px;font-style: normal;font-weight: 400\">\ud83c\udf3f<\/span>Dette kraftfulde pulver til hurtig rodf\u00e6stelse er designet til at fremskynde rodudviklingen og st\u00f8tte sund plantev\u00e6kst fra starten.<br \/>\n\ud83c\udf31Det hj\u00e6lper fr\u00f8planter og stiklinger med at etablere sig hurtigere, hvilket g\u00f8r planteformering enkel og p\u00e5lidelig.<br \/>\n\ud83e\udeb4Ved regelm\u00e6ssig brug bliver planterne st\u00e6rkere, gr\u00f8nnere og mere modstandsdygtige. En enkel l\u00f8sning til at dyrke sundere planter, st\u00e6rkere r\u00f8dder og en smukkere have med mindre indsats.<\/p>\n","protected":false},"featured_media":23649,"comment_status":"open","ping_status":"closed","template":"","meta":{"site-sidebar-layout":"default","site-content-layout":"","ast-site-content-layout":"default","site-content-style":"default","site-sidebar-style":"default","ast-global-header-display":"","ast-banner-title-visibility":"","ast-main-header-display":"","ast-hfb-above-header-display":"","ast-hfb-below-header-display":"","ast-hfb-mobile-header-display":"","site-post-title":"","ast-breadcrumbs-content":"","ast-featured-img":"","footer-sml-layout":"","ast-disable-related-posts":"","theme-transparent-header-meta":"default","adv-header-id-meta":"","stick-header-meta":"","header-above-stick-meta":"","header-main-stick-meta":"","header-below-stick-meta":"","astra-migrate-meta-layouts":"set","ast-page-background-enabled":"default","ast-page-background-meta":{"desktop":{"background-color":"var(--ast-global-color-5)","background-image":"","background-repeat":"repeat","background-position":"center center","background-size":"auto","background-attachment":"scroll","background-type":"","background-media":"","overlay-type":"","overlay-color":"","overlay-opacity":"","overlay-gradient":""},"tablet":{"background-color":"","background-image":"","background-repeat":"repeat","background-position":"center center","background-size":"auto","background-attachment":"scroll","background-type":"","background-media":"","overlay-type":"","overlay-color":"","overlay-opacity":"","overlay-gradient":""},"mobile":{"background-color":"","background-image":"","background-repeat":"repeat","background-position":"center center","background-size":"auto","background-attachment":"scroll","background-type":"","background-media":"","overlay-type":"","overlay-color":"","overlay-opacity":"","overlay-gradient":""}},"ast-content-background-meta":{"desktop":{"background-color":"var(--ast-global-color-4)","background-image":"","background-repeat":"repeat","background-position":"center center","background-size":"auto","background-attachment":"scroll","background-type":"","background-media":"","overlay-type":"","overlay-color":"","overlay-opacity":"","overlay-gradient":""},"tablet":{"background-color":"var(--ast-global-color-4)","background-image":"","background-repeat":"repeat","background-position":"center center","background-size":"auto","background-attachment":"scroll","background-type":"","background-media":"","overlay-type":"","overlay-color":"","overlay-opacity":"","overlay-gradient":""},"mobile":{"background-color":"var(--ast-global-color-4)","background-image":"","background-repeat":"repeat","background-position":"center center","background-size":"auto","background-attachment":"scroll","background-type":"","background-media":"","overlay-type":"","overlay-color":"","overlay-opacity":"","overlay-gradient":""}}},"product_brand":[],"product_cat":[168],"product_tag":[],"class_list":{"0":"post-23653","1":"product","2":"type-product","3":"status-publish","4":"has-post-thumbnail","6":"product_cat-husholdningsartikler","7":"desktop-align-left","8":"tablet-align-left","9":"mobile-align-left","11":"first","12":"instock","13":"shipping-taxable","14":"purchasable","15":"product-type-simple"},"yoast_head":"<!-- This site is optimized with the Yoast SEO plugin v27.4 - https:\/\/yoast.com\/product\/yoast-seo-wordpress\/ -->\n<title>Pulver til hurtig rodf\u00e6stelse (50 ml) - Mekulo DK<\/title>\n<meta name=\"robots\" content=\"index, follow, max-snippet:-1, max-image-preview:large, max-video-preview:-1\" \/>\n<link rel=\"canonical\" href=\"https:\/\/mekulo.com\/dk\/produkt\/pulver-til-hurtig-rodfaestelse-50-ml\/\" \/>\n<meta property=\"og:locale\" content=\"da_DK\" \/>\n<meta property=\"og:type\" content=\"article\" \/>\n<meta property=\"og:title\" content=\"Pulver til hurtig rodf\u00e6stelse (50 ml) - Mekulo DK\" \/>\n<meta property=\"og:description\" content=\"\ud83c\udf3fDette kraftfulde pulver til hurtig rodf\u00e6stelse er designet til at fremskynde rodudviklingen og st\u00f8tte sund plantev\u00e6kst fra starten. \ud83c\udf31Det hj\u00e6lper fr\u00f8planter og stiklinger med at etablere sig hurtigere, hvilket g\u00f8r planteformering enkel og p\u00e5lidelig. \ud83e\udeb4Ved regelm\u00e6ssig brug bliver planterne st\u00e6rkere, gr\u00f8nnere og mere modstandsdygtige. En enkel l\u00f8sning til at dyrke sundere planter, st\u00e6rkere r\u00f8dder og en smukkere have med mindre indsats.\" \/>\n<meta property=\"og:url\" content=\"https:\/\/mekulo.com\/dk\/produkt\/pulver-til-hurtig-rodfaestelse-50-ml\/\" \/>\n<meta property=\"og:site_name\" content=\"Mekulo DK\" \/>\n<meta property=\"og:image\" content=\"https:\/\/mekulo.com\/dk\/wp-content\/uploads\/sites\/12\/2026\/02\/kgibce0-1.webp\" \/>\n\t<meta property=\"og:image:width\" content=\"713\" \/>\n\t<meta property=\"og:image:height\" content=\"713\" \/>\n\t<meta property=\"og:image:type\" content=\"image\/webp\" \/>\n<meta name=\"twitter:card\" content=\"summary_large_image\" \/>\n<meta name=\"twitter:label1\" content=\"Estimeret l\u00e6setid\" \/>\n\t<meta name=\"twitter:data1\" content=\"2 minutter\" \/>\n<script type=\"application\/ld+json\" class=\"yoast-schema-graph\">{\"@context\":\"https:\\\/\\\/schema.org\",\"@graph\":[{\"@type\":\"WebPage\",\"@id\":\"https:\\\/\\\/mekulo.com\\\/dk\\\/produkt\\\/pulver-til-hurtig-rodfaestelse-50-ml\\\/\",\"url\":\"https:\\\/\\\/mekulo.com\\\/dk\\\/produkt\\\/pulver-til-hurtig-rodfaestelse-50-ml\\\/\",\"name\":\"Pulver til hurtig rodf\u00e6stelse (50 ml) - Mekulo DK\",\"isPartOf\":{\"@id\":\"https:\\\/\\\/mekulo.com\\\/dk\\\/#website\"},\"primaryImageOfPage\":{\"@id\":\"https:\\\/\\\/mekulo.com\\\/dk\\\/produkt\\\/pulver-til-hurtig-rodfaestelse-50-ml\\\/#primaryimage\"},\"image\":{\"@id\":\"https:\\\/\\\/mekulo.com\\\/dk\\\/produkt\\\/pulver-til-hurtig-rodfaestelse-50-ml\\\/#primaryimage\"},\"thumbnailUrl\":\"https:\\\/\\\/mekulo.com\\\/dk\\\/wp-content\\\/uploads\\\/sites\\\/12\\\/2026\\\/02\\\/kgibce0-1.webp\",\"datePublished\":\"2026-02-10T19:42:34+00:00\",\"breadcrumb\":{\"@id\":\"https:\\\/\\\/mekulo.com\\\/dk\\\/produkt\\\/pulver-til-hurtig-rodfaestelse-50-ml\\\/#breadcrumb\"},\"inLanguage\":\"da-DK\",\"potentialAction\":[{\"@type\":\"ReadAction\",\"target\":[\"https:\\\/\\\/mekulo.com\\\/dk\\\/produkt\\\/pulver-til-hurtig-rodfaestelse-50-ml\\\/\"]}]},{\"@type\":\"ImageObject\",\"inLanguage\":\"da-DK\",\"@id\":\"https:\\\/\\\/mekulo.com\\\/dk\\\/produkt\\\/pulver-til-hurtig-rodfaestelse-50-ml\\\/#primaryimage\",\"url\":\"https:\\\/\\\/mekulo.com\\\/dk\\\/wp-content\\\/uploads\\\/sites\\\/12\\\/2026\\\/02\\\/kgibce0-1.webp\",\"contentUrl\":\"https:\\\/\\\/mekulo.com\\\/dk\\\/wp-content\\\/uploads\\\/sites\\\/12\\\/2026\\\/02\\\/kgibce0-1.webp\",\"width\":713,\"height\":713},{\"@type\":\"BreadcrumbList\",\"@id\":\"https:\\\/\\\/mekulo.com\\\/dk\\\/produkt\\\/pulver-til-hurtig-rodfaestelse-50-ml\\\/#breadcrumb\",\"itemListElement\":[{\"@type\":\"ListItem\",\"position\":1,\"name\":\"Home\",\"item\":\"https:\\\/\\\/mekulo.com\\\/dk\\\/\"},{\"@type\":\"ListItem\",\"position\":2,\"name\":\"Butik\",\"item\":\"https:\\\/\\\/mekulo.com\\\/dk\\\/butik\\\/\"},{\"@type\":\"ListItem\",\"position\":3,\"name\":\"Pulver til hurtig rodf\u00e6stelse (50 ml)\"}]},{\"@type\":\"WebSite\",\"@id\":\"https:\\\/\\\/mekulo.com\\\/dk\\\/#website\",\"url\":\"https:\\\/\\\/mekulo.com\\\/dk\\\/\",\"name\":\"Mekulo DK\",\"description\":\"\",\"publisher\":{\"@id\":\"https:\\\/\\\/mekulo.com\\\/dk\\\/#organization\"},\"potentialAction\":[{\"@type\":\"SearchAction\",\"target\":{\"@type\":\"EntryPoint\",\"urlTemplate\":\"https:\\\/\\\/mekulo.com\\\/dk\\\/?s={search_term_string}\"},\"query-input\":{\"@type\":\"PropertyValueSpecification\",\"valueRequired\":true,\"valueName\":\"search_term_string\"}}],\"inLanguage\":\"da-DK\"},{\"@type\":\"Organization\",\"@id\":\"https:\\\/\\\/mekulo.com\\\/dk\\\/#organization\",\"name\":\"Mekulo\",\"url\":\"https:\\\/\\\/mekulo.com\\\/dk\\\/\",\"logo\":{\"@type\":\"ImageObject\",\"inLanguage\":\"da-DK\",\"@id\":\"https:\\\/\\\/mekulo.com\\\/dk\\\/#\\\/schema\\\/logo\\\/image\\\/\",\"url\":\"https:\\\/\\\/mekulo.com\\\/dk\\\/wp-content\\\/uploads\\\/sites\\\/12\\\/2025\\\/12\\\/favicon_mekulo.png\",\"contentUrl\":\"https:\\\/\\\/mekulo.com\\\/dk\\\/wp-content\\\/uploads\\\/sites\\\/12\\\/2025\\\/12\\\/favicon_mekulo.png\",\"width\":50,\"height\":50,\"caption\":\"Mekulo\"},\"image\":{\"@id\":\"https:\\\/\\\/mekulo.com\\\/dk\\\/#\\\/schema\\\/logo\\\/image\\\/\"}}]}<\/script>\n<!-- \/ Yoast SEO plugin. -->","yoast_head_json":{"title":"Pulver til hurtig rodf\u00e6stelse (50 ml) - Mekulo DK","robots":{"index":"index","follow":"follow","max-snippet":"max-snippet:-1","max-image-preview":"max-image-preview:large","max-video-preview":"max-video-preview:-1"},"canonical":"https:\/\/mekulo.com\/dk\/produkt\/pulver-til-hurtig-rodfaestelse-50-ml\/","og_locale":"da_DK","og_type":"article","og_title":"Pulver til hurtig rodf\u00e6stelse (50 ml) - Mekulo DK","og_description":"\ud83c\udf3fDette kraftfulde pulver til hurtig rodf\u00e6stelse er designet til at fremskynde rodudviklingen og st\u00f8tte sund plantev\u00e6kst fra starten. \ud83c\udf31Det hj\u00e6lper fr\u00f8planter og stiklinger med at etablere sig hurtigere, hvilket g\u00f8r planteformering enkel og p\u00e5lidelig. \ud83e\udeb4Ved regelm\u00e6ssig brug bliver planterne st\u00e6rkere, gr\u00f8nnere og mere modstandsdygtige. En enkel l\u00f8sning til at dyrke sundere planter, st\u00e6rkere r\u00f8dder og en smukkere have med mindre indsats.","og_url":"https:\/\/mekulo.com\/dk\/produkt\/pulver-til-hurtig-rodfaestelse-50-ml\/","og_site_name":"Mekulo DK","og_image":[{"width":713,"height":713,"url":"https:\/\/mekulo.com\/dk\/wp-content\/uploads\/sites\/12\/2026\/02\/kgibce0-1.webp","type":"image\/webp"}],"twitter_card":"summary_large_image","twitter_misc":{"Estimeret l\u00e6setid":"2 minutter"},"schema":{"@context":"https:\/\/schema.org","@graph":[{"@type":"WebPage","@id":"https:\/\/mekulo.com\/dk\/produkt\/pulver-til-hurtig-rodfaestelse-50-ml\/","url":"https:\/\/mekulo.com\/dk\/produkt\/pulver-til-hurtig-rodfaestelse-50-ml\/","name":"Pulver til hurtig rodf\u00e6stelse (50 ml) - Mekulo DK","isPartOf":{"@id":"https:\/\/mekulo.com\/dk\/#website"},"primaryImageOfPage":{"@id":"https:\/\/mekulo.com\/dk\/produkt\/pulver-til-hurtig-rodfaestelse-50-ml\/#primaryimage"},"image":{"@id":"https:\/\/mekulo.com\/dk\/produkt\/pulver-til-hurtig-rodfaestelse-50-ml\/#primaryimage"},"thumbnailUrl":"https:\/\/mekulo.com\/dk\/wp-content\/uploads\/sites\/12\/2026\/02\/kgibce0-1.webp","datePublished":"2026-02-10T19:42:34+00:00","breadcrumb":{"@id":"https:\/\/mekulo.com\/dk\/produkt\/pulver-til-hurtig-rodfaestelse-50-ml\/#breadcrumb"},"inLanguage":"da-DK","potentialAction":[{"@type":"ReadAction","target":["https:\/\/mekulo.com\/dk\/produkt\/pulver-til-hurtig-rodfaestelse-50-ml\/"]}]},{"@type":"ImageObject","inLanguage":"da-DK","@id":"https:\/\/mekulo.com\/dk\/produkt\/pulver-til-hurtig-rodfaestelse-50-ml\/#primaryimage","url":"https:\/\/mekulo.com\/dk\/wp-content\/uploads\/sites\/12\/2026\/02\/kgibce0-1.webp","contentUrl":"https:\/\/mekulo.com\/dk\/wp-content\/uploads\/sites\/12\/2026\/02\/kgibce0-1.webp","width":713,"height":713},{"@type":"BreadcrumbList","@id":"https:\/\/mekulo.com\/dk\/produkt\/pulver-til-hurtig-rodfaestelse-50-ml\/#breadcrumb","itemListElement":[{"@type":"ListItem","position":1,"name":"Home","item":"https:\/\/mekulo.com\/dk\/"},{"@type":"ListItem","position":2,"name":"Butik","item":"https:\/\/mekulo.com\/dk\/butik\/"},{"@type":"ListItem","position":3,"name":"Pulver til hurtig rodf\u00e6stelse (50 ml)"}]},{"@type":"WebSite","@id":"https:\/\/mekulo.com\/dk\/#website","url":"https:\/\/mekulo.com\/dk\/","name":"Mekulo DK","description":"","publisher":{"@id":"https:\/\/mekulo.com\/dk\/#organization"},"potentialAction":[{"@type":"SearchAction","target":{"@type":"EntryPoint","urlTemplate":"https:\/\/mekulo.com\/dk\/?s={search_term_string}"},"query-input":{"@type":"PropertyValueSpecification","valueRequired":true,"valueName":"search_term_string"}}],"inLanguage":"da-DK"},{"@type":"Organization","@id":"https:\/\/mekulo.com\/dk\/#organization","name":"Mekulo","url":"https:\/\/mekulo.com\/dk\/","logo":{"@type":"ImageObject","inLanguage":"da-DK","@id":"https:\/\/mekulo.com\/dk\/#\/schema\/logo\/image\/","url":"https:\/\/mekulo.com\/dk\/wp-content\/uploads\/sites\/12\/2025\/12\/favicon_mekulo.png","contentUrl":"https:\/\/mekulo.com\/dk\/wp-content\/uploads\/sites\/12\/2025\/12\/favicon_mekulo.png","width":50,"height":50,"caption":"Mekulo"},"image":{"@id":"https:\/\/mekulo.com\/dk\/#\/schema\/logo\/image\/"}}]}},"_links":{"self":[{"href":"https:\/\/mekulo.com\/dk\/wp-json\/wp\/v2\/product\/23653","targetHints":{"allow":["GET"]}}],"collection":[{"href":"https:\/\/mekulo.com\/dk\/wp-json\/wp\/v2\/product"}],"about":[{"href":"https:\/\/mekulo.com\/dk\/wp-json\/wp\/v2\/types\/product"}],"replies":[{"embeddable":true,"href":"https:\/\/mekulo.com\/dk\/wp-json\/wp\/v2\/comments?post=23653"}],"wp:featuredmedia":[{"embeddable":true,"href":"https:\/\/mekulo.com\/dk\/wp-json\/wp\/v2\/media\/23649"}],"wp:attachment":[{"href":"https:\/\/mekulo.com\/dk\/wp-json\/wp\/v2\/media?parent=23653"}],"wp:term":[{"taxonomy":"product_brand","embeddable":true,"href":"https:\/\/mekulo.com\/dk\/wp-json\/wp\/v2\/product_brand?post=23653"},{"taxonomy":"product_cat","embeddable":true,"href":"https:\/\/mekulo.com\/dk\/wp-json\/wp\/v2\/product_cat?post=23653"},{"taxonomy":"product_tag","embeddable":true,"href":"https:\/\/mekulo.com\/dk\/wp-json\/wp\/v2\/product_tag?post=23653"}],"curies":[{"name":"wp","href":"https:\/\/api.w.org\/{rel}","templated":true}]}}