{"id":23598,"date":"2026-02-10T18:58:03","date_gmt":"2026-02-10T16:58:03","guid":{"rendered":"https:\/\/mekulo.com\/dk\/produkt\/klip-til-presenning\/"},"modified":"2026-03-02T12:30:46","modified_gmt":"2026-03-02T10:30:46","slug":"klip-til-presenning","status":"publish","type":"product","link":"https:\/\/mekulo.com\/dk\/produkt\/klip-til-presenning\/","title":{"rendered":"Klip til presenning"},"content":{"rendered":"<p style=\"text-align: center\" data-start=\"114\" data-end=\"164\"><strong>Hold dine presenninger sikre selv i st\u00e6rk vind. \ud83d\udd12<\/strong><\/p>\n<p data-start=\"166\" data-end=\"445\"><img decoding=\"async\" class=\"size-full wp-image-35654 aligncenter\" src=\"https:\/\/keluvo.com\/template\/wp-content\/uploads\/sites\/5\/2025\/09\/092216-ezgif.com-video-to-webp-converter.webp\" alt=\"\" \/><\/p>\n<h2 style=\"text-align: center\" data-start=\"452\" data-end=\"474\">\ud83c\udf1f Hovedfordele<\/h2>\n<p data-start=\"477\" data-end=\"542\">\ud83d\udd12 St\u00e6rkt spiralformet sp\u00e6nde forhindrer, at det glider eller falder af<\/p>\n<p data-start=\"545\" data-end=\"605\">\u26a1 Justerbar fingerskrue passer nemt til tykke eller tynde presenninger<\/p>\n<p data-start=\"608\" data-end=\"670\">\ud83d\udcaa Kraftig PP-konstruktion underst\u00f8tter op til 70 kg<\/p>\n<p data-start=\"673\" data-end=\"717\">\ud83c\udf2c\ufe0f P\u00e5lideligt greb selv i bl\u00e6sevejr<\/p>\n<p data-start=\"720\" data-end=\"793\">\ud83c\udfd5\ufe0f Perfekt til presenninger, fortelte, campingvogne, b\u00e5dovertr\u00e6k og campingudstyr<\/p>\n<p data-start=\"720\" data-end=\"793\"><img decoding=\"async\" class=\"size-full wp-image-35650 aligncenter\" src=\"https:\/\/keluvo.com\/template\/wp-content\/uploads\/sites\/5\/2025\/09\/4afe8f138f755bf4ff483e81a225b6dae1598986-700.avif\" alt=\"\" \/><\/p>\n<h2 style=\"text-align: center\" data-start=\"800\" data-end=\"819\">\ud83d\udcdd S\u00e5dan bruges<\/h2>\n<ol data-start=\"820\" data-end=\"1075\">\n<li data-start=\"820\" data-end=\"884\">\n<p data-start=\"823\" data-end=\"884\">Plac\u00e9r presenningskanten i den tandede gr\u00e6nseflade p\u00e5 klemmen.<\/p>\n<\/li>\n<li data-start=\"885\" data-end=\"940\">\n<p data-start=\"888\" data-end=\"940\">Sp\u00e6nd skrueknappen for at l\u00e5se den fast p\u00e5 plads.<\/p>\n<\/li>\n<li data-start=\"941\" data-end=\"1008\">\n<p data-start=\"944\" data-end=\"1008\">Fastg\u00f8r bungee-snore eller reb til clipsen for sikker fastg\u00f8relse.<\/p>\n<\/li>\n<li data-start=\"1009\" data-end=\"1075\">\n<p data-start=\"1012\" data-end=\"1075\">For at fjerne, skal du blot l\u00f8sne skrueknappen og frig\u00f8re presenningen.<\/p>\n<\/li>\n<\/ol>\n<h2 style=\"text-align: center\" data-start=\"1082\" data-end=\"1106\">\ud83d\udccf Produktdetaljer<\/h2>\n<ul data-start=\"1107\" data-end=\"1323\">\n<li data-start=\"1153\" data-end=\"1185\">\n<p data-start=\"1155\" data-end=\"1185\">Materiale: PP (Polypropylen)<\/p>\n<\/li>\n<li data-start=\"1186\" data-end=\"1202\">\n<p data-start=\"1188\" data-end=\"1202\">Farve: Sort<\/p>\n<\/li>\n<li data-start=\"1203\" data-end=\"1252\">\n<p data-start=\"1205\" data-end=\"1252\">Belastningskapacitet: ca. 50\u201370 kg<\/p>\n<\/li>\n<li data-start=\"1253\" data-end=\"1323\">\n<p data-start=\"1255\" data-end=\"1323\">Anvendelser: Presenninger, fortelte, b\u00e5dovertr\u00e6k, campingvogne, telte, udend\u00f8rs opstillinger<\/p>\n<\/li>\n<\/ul>\n<h2 style=\"text-align: center\" data-start=\"1330\" data-end=\"1355\">\ud83d\udce6 Pakken indeholder<\/h2>\n<ul data-start=\"1356\" data-end=\"1430\">\n<li data-start=\"1356\" data-end=\"1430\">\n<p data-start=\"1358\" data-end=\"1430\">10, 25x presenningsclips.<\/p>\n<\/li>\n<\/ul>\n","protected":false},"excerpt":{"rendered":"<p>Disse kraftige presenningsklemmer er designet med en fortandet gr\u00e6nseflade og et spiralformet sp\u00e6nde, der sidder godt fast p\u00e5 enhver presenning. De er lavet af slidst\u00e6rkt PP-materiale og giver et st\u00e6rkt greb og h\u00f8j b\u00e6reevne, hvilket g\u00f8r dem perfekte til camping, sejlads, picnic eller andre udend\u00f8rs aktiviteter.<\/p>\n","protected":false},"featured_media":23594,"comment_status":"open","ping_status":"closed","template":"","meta":{"site-sidebar-layout":"default","site-content-layout":"","ast-site-content-layout":"default","site-content-style":"default","site-sidebar-style":"default","ast-global-header-display":"","ast-banner-title-visibility":"","ast-main-header-display":"","ast-hfb-above-header-display":"","ast-hfb-below-header-display":"","ast-hfb-mobile-header-display":"","site-post-title":"","ast-breadcrumbs-content":"","ast-featured-img":"","footer-sml-layout":"","ast-disable-related-posts":"","theme-transparent-header-meta":"default","adv-header-id-meta":"","stick-header-meta":"","header-above-stick-meta":"","header-main-stick-meta":"","header-below-stick-meta":"","astra-migrate-meta-layouts":"set","ast-page-background-enabled":"default","ast-page-background-meta":{"desktop":{"background-color":"var(--ast-global-color-5)","background-image":"","background-repeat":"repeat","background-position":"center center","background-size":"auto","background-attachment":"scroll","background-type":"","background-media":"","overlay-type":"","overlay-color":"","overlay-opacity":"","overlay-gradient":""},"tablet":{"background-color":"","background-image":"","background-repeat":"repeat","background-position":"center center","background-size":"auto","background-attachment":"scroll","background-type":"","background-media":"","overlay-type":"","overlay-color":"","overlay-opacity":"","overlay-gradient":""},"mobile":{"background-color":"","background-image":"","background-repeat":"repeat","background-position":"center center","background-size":"auto","background-attachment":"scroll","background-type":"","background-media":"","overlay-type":"","overlay-color":"","overlay-opacity":"","overlay-gradient":""}},"ast-content-background-meta":{"desktop":{"background-color":"var(--ast-global-color-4)","background-image":"","background-repeat":"repeat","background-position":"center center","background-size":"auto","background-attachment":"scroll","background-type":"","background-media":"","overlay-type":"","overlay-color":"","overlay-opacity":"","overlay-gradient":""},"tablet":{"background-color":"var(--ast-global-color-4)","background-image":"","background-repeat":"repeat","background-position":"center center","background-size":"auto","background-attachment":"scroll","background-type":"","background-media":"","overlay-type":"","overlay-color":"","overlay-opacity":"","overlay-gradient":""},"mobile":{"background-color":"var(--ast-global-color-4)","background-image":"","background-repeat":"repeat","background-position":"center center","background-size":"auto","background-attachment":"scroll","background-type":"","background-media":"","overlay-type":"","overlay-color":"","overlay-opacity":"","overlay-gradient":""}}},"product_brand":[],"product_cat":[167],"product_tag":[],"class_list":{"0":"post-23598","1":"product","2":"type-product","3":"status-publish","4":"has-post-thumbnail","6":"product_cat-vandreture-camping-og-fritidsartikler","7":"pa_30312_d4ygas4t-10-stk","8":"pa_30312_d4ygas4t-25-stk","9":"desktop-align-left","10":"tablet-align-left","11":"mobile-align-left","13":"first","14":"instock","15":"shipping-taxable","16":"purchasable","17":"product-type-variable"},"yoast_head":"<!-- This site is optimized with the Yoast SEO plugin v27.4 - https:\/\/yoast.com\/product\/yoast-seo-wordpress\/ -->\n<title>Klip til presenning - Mekulo DK<\/title>\n<meta name=\"robots\" content=\"index, follow, max-snippet:-1, max-image-preview:large, max-video-preview:-1\" \/>\n<link rel=\"canonical\" href=\"https:\/\/mekulo.com\/dk\/produkt\/klip-til-presenning\/\" \/>\n<meta property=\"og:locale\" content=\"da_DK\" \/>\n<meta property=\"og:type\" content=\"article\" \/>\n<meta property=\"og:title\" content=\"Klip til presenning - Mekulo DK\" \/>\n<meta property=\"og:description\" content=\"Disse kraftige presenningsklemmer er designet med en fortandet gr\u00e6nseflade og et spiralformet sp\u00e6nde, der sidder godt fast p\u00e5 enhver presenning. De er lavet af slidst\u00e6rkt PP-materiale og giver et st\u00e6rkt greb og h\u00f8j b\u00e6reevne, hvilket g\u00f8r dem perfekte til camping, sejlads, picnic eller andre udend\u00f8rs aktiviteter.\" \/>\n<meta property=\"og:url\" content=\"https:\/\/mekulo.com\/dk\/produkt\/klip-til-presenning\/\" \/>\n<meta property=\"og:site_name\" content=\"Mekulo DK\" \/>\n<meta property=\"article:modified_time\" content=\"2026-03-02T10:30:46+00:00\" \/>\n<meta property=\"og:image\" content=\"https:\/\/mekulo.com\/dk\/wp-content\/uploads\/sites\/12\/2026\/02\/2fpn9vp-1.jpg\" \/>\n\t<meta property=\"og:image:width\" content=\"700\" \/>\n\t<meta property=\"og:image:height\" content=\"688\" \/>\n\t<meta property=\"og:image:type\" content=\"image\/jpeg\" \/>\n<meta name=\"twitter:card\" content=\"summary_large_image\" \/>\n<meta name=\"twitter:label1\" content=\"Estimeret l\u00e6setid\" \/>\n\t<meta name=\"twitter:data1\" content=\"2 minutter\" \/>\n<script type=\"application\/ld+json\" class=\"yoast-schema-graph\">{\"@context\":\"https:\\\/\\\/schema.org\",\"@graph\":[{\"@type\":\"WebPage\",\"@id\":\"https:\\\/\\\/mekulo.com\\\/dk\\\/produkt\\\/klip-til-presenning\\\/\",\"url\":\"https:\\\/\\\/mekulo.com\\\/dk\\\/produkt\\\/klip-til-presenning\\\/\",\"name\":\"Klip til presenning - Mekulo DK\",\"isPartOf\":{\"@id\":\"https:\\\/\\\/mekulo.com\\\/dk\\\/#website\"},\"primaryImageOfPage\":{\"@id\":\"https:\\\/\\\/mekulo.com\\\/dk\\\/produkt\\\/klip-til-presenning\\\/#primaryimage\"},\"image\":{\"@id\":\"https:\\\/\\\/mekulo.com\\\/dk\\\/produkt\\\/klip-til-presenning\\\/#primaryimage\"},\"thumbnailUrl\":\"https:\\\/\\\/mekulo.com\\\/dk\\\/wp-content\\\/uploads\\\/sites\\\/12\\\/2026\\\/02\\\/2fpn9vp-1.jpg\",\"datePublished\":\"2026-02-10T16:58:03+00:00\",\"dateModified\":\"2026-03-02T10:30:46+00:00\",\"breadcrumb\":{\"@id\":\"https:\\\/\\\/mekulo.com\\\/dk\\\/produkt\\\/klip-til-presenning\\\/#breadcrumb\"},\"inLanguage\":\"da-DK\",\"potentialAction\":[{\"@type\":\"ReadAction\",\"target\":[\"https:\\\/\\\/mekulo.com\\\/dk\\\/produkt\\\/klip-til-presenning\\\/\"]}]},{\"@type\":\"ImageObject\",\"inLanguage\":\"da-DK\",\"@id\":\"https:\\\/\\\/mekulo.com\\\/dk\\\/produkt\\\/klip-til-presenning\\\/#primaryimage\",\"url\":\"https:\\\/\\\/mekulo.com\\\/dk\\\/wp-content\\\/uploads\\\/sites\\\/12\\\/2026\\\/02\\\/2fpn9vp-1.jpg\",\"contentUrl\":\"https:\\\/\\\/mekulo.com\\\/dk\\\/wp-content\\\/uploads\\\/sites\\\/12\\\/2026\\\/02\\\/2fpn9vp-1.jpg\",\"width\":700,\"height\":688},{\"@type\":\"BreadcrumbList\",\"@id\":\"https:\\\/\\\/mekulo.com\\\/dk\\\/produkt\\\/klip-til-presenning\\\/#breadcrumb\",\"itemListElement\":[{\"@type\":\"ListItem\",\"position\":1,\"name\":\"Home\",\"item\":\"https:\\\/\\\/mekulo.com\\\/dk\\\/\"},{\"@type\":\"ListItem\",\"position\":2,\"name\":\"Butik\",\"item\":\"https:\\\/\\\/mekulo.com\\\/dk\\\/butik\\\/\"},{\"@type\":\"ListItem\",\"position\":3,\"name\":\"Klip til presenning\"}]},{\"@type\":\"WebSite\",\"@id\":\"https:\\\/\\\/mekulo.com\\\/dk\\\/#website\",\"url\":\"https:\\\/\\\/mekulo.com\\\/dk\\\/\",\"name\":\"Mekulo DK\",\"description\":\"\",\"publisher\":{\"@id\":\"https:\\\/\\\/mekulo.com\\\/dk\\\/#organization\"},\"potentialAction\":[{\"@type\":\"SearchAction\",\"target\":{\"@type\":\"EntryPoint\",\"urlTemplate\":\"https:\\\/\\\/mekulo.com\\\/dk\\\/?s={search_term_string}\"},\"query-input\":{\"@type\":\"PropertyValueSpecification\",\"valueRequired\":true,\"valueName\":\"search_term_string\"}}],\"inLanguage\":\"da-DK\"},{\"@type\":\"Organization\",\"@id\":\"https:\\\/\\\/mekulo.com\\\/dk\\\/#organization\",\"name\":\"Mekulo\",\"url\":\"https:\\\/\\\/mekulo.com\\\/dk\\\/\",\"logo\":{\"@type\":\"ImageObject\",\"inLanguage\":\"da-DK\",\"@id\":\"https:\\\/\\\/mekulo.com\\\/dk\\\/#\\\/schema\\\/logo\\\/image\\\/\",\"url\":\"https:\\\/\\\/mekulo.com\\\/dk\\\/wp-content\\\/uploads\\\/sites\\\/12\\\/2025\\\/12\\\/favicon_mekulo.png\",\"contentUrl\":\"https:\\\/\\\/mekulo.com\\\/dk\\\/wp-content\\\/uploads\\\/sites\\\/12\\\/2025\\\/12\\\/favicon_mekulo.png\",\"width\":50,\"height\":50,\"caption\":\"Mekulo\"},\"image\":{\"@id\":\"https:\\\/\\\/mekulo.com\\\/dk\\\/#\\\/schema\\\/logo\\\/image\\\/\"}}]}<\/script>\n<!-- \/ Yoast SEO plugin. -->","yoast_head_json":{"title":"Klip til presenning - Mekulo DK","robots":{"index":"index","follow":"follow","max-snippet":"max-snippet:-1","max-image-preview":"max-image-preview:large","max-video-preview":"max-video-preview:-1"},"canonical":"https:\/\/mekulo.com\/dk\/produkt\/klip-til-presenning\/","og_locale":"da_DK","og_type":"article","og_title":"Klip til presenning - Mekulo DK","og_description":"Disse kraftige presenningsklemmer er designet med en fortandet gr\u00e6nseflade og et spiralformet sp\u00e6nde, der sidder godt fast p\u00e5 enhver presenning. De er lavet af slidst\u00e6rkt PP-materiale og giver et st\u00e6rkt greb og h\u00f8j b\u00e6reevne, hvilket g\u00f8r dem perfekte til camping, sejlads, picnic eller andre udend\u00f8rs aktiviteter.","og_url":"https:\/\/mekulo.com\/dk\/produkt\/klip-til-presenning\/","og_site_name":"Mekulo DK","article_modified_time":"2026-03-02T10:30:46+00:00","og_image":[{"width":700,"height":688,"url":"https:\/\/mekulo.com\/dk\/wp-content\/uploads\/sites\/12\/2026\/02\/2fpn9vp-1.jpg","type":"image\/jpeg"}],"twitter_card":"summary_large_image","twitter_misc":{"Estimeret l\u00e6setid":"2 minutter"},"schema":{"@context":"https:\/\/schema.org","@graph":[{"@type":"WebPage","@id":"https:\/\/mekulo.com\/dk\/produkt\/klip-til-presenning\/","url":"https:\/\/mekulo.com\/dk\/produkt\/klip-til-presenning\/","name":"Klip til presenning - Mekulo DK","isPartOf":{"@id":"https:\/\/mekulo.com\/dk\/#website"},"primaryImageOfPage":{"@id":"https:\/\/mekulo.com\/dk\/produkt\/klip-til-presenning\/#primaryimage"},"image":{"@id":"https:\/\/mekulo.com\/dk\/produkt\/klip-til-presenning\/#primaryimage"},"thumbnailUrl":"https:\/\/mekulo.com\/dk\/wp-content\/uploads\/sites\/12\/2026\/02\/2fpn9vp-1.jpg","datePublished":"2026-02-10T16:58:03+00:00","dateModified":"2026-03-02T10:30:46+00:00","breadcrumb":{"@id":"https:\/\/mekulo.com\/dk\/produkt\/klip-til-presenning\/#breadcrumb"},"inLanguage":"da-DK","potentialAction":[{"@type":"ReadAction","target":["https:\/\/mekulo.com\/dk\/produkt\/klip-til-presenning\/"]}]},{"@type":"ImageObject","inLanguage":"da-DK","@id":"https:\/\/mekulo.com\/dk\/produkt\/klip-til-presenning\/#primaryimage","url":"https:\/\/mekulo.com\/dk\/wp-content\/uploads\/sites\/12\/2026\/02\/2fpn9vp-1.jpg","contentUrl":"https:\/\/mekulo.com\/dk\/wp-content\/uploads\/sites\/12\/2026\/02\/2fpn9vp-1.jpg","width":700,"height":688},{"@type":"BreadcrumbList","@id":"https:\/\/mekulo.com\/dk\/produkt\/klip-til-presenning\/#breadcrumb","itemListElement":[{"@type":"ListItem","position":1,"name":"Home","item":"https:\/\/mekulo.com\/dk\/"},{"@type":"ListItem","position":2,"name":"Butik","item":"https:\/\/mekulo.com\/dk\/butik\/"},{"@type":"ListItem","position":3,"name":"Klip til presenning"}]},{"@type":"WebSite","@id":"https:\/\/mekulo.com\/dk\/#website","url":"https:\/\/mekulo.com\/dk\/","name":"Mekulo DK","description":"","publisher":{"@id":"https:\/\/mekulo.com\/dk\/#organization"},"potentialAction":[{"@type":"SearchAction","target":{"@type":"EntryPoint","urlTemplate":"https:\/\/mekulo.com\/dk\/?s={search_term_string}"},"query-input":{"@type":"PropertyValueSpecification","valueRequired":true,"valueName":"search_term_string"}}],"inLanguage":"da-DK"},{"@type":"Organization","@id":"https:\/\/mekulo.com\/dk\/#organization","name":"Mekulo","url":"https:\/\/mekulo.com\/dk\/","logo":{"@type":"ImageObject","inLanguage":"da-DK","@id":"https:\/\/mekulo.com\/dk\/#\/schema\/logo\/image\/","url":"https:\/\/mekulo.com\/dk\/wp-content\/uploads\/sites\/12\/2025\/12\/favicon_mekulo.png","contentUrl":"https:\/\/mekulo.com\/dk\/wp-content\/uploads\/sites\/12\/2025\/12\/favicon_mekulo.png","width":50,"height":50,"caption":"Mekulo"},"image":{"@id":"https:\/\/mekulo.com\/dk\/#\/schema\/logo\/image\/"}}]}},"_links":{"self":[{"href":"https:\/\/mekulo.com\/dk\/wp-json\/wp\/v2\/product\/23598","targetHints":{"allow":["GET"]}}],"collection":[{"href":"https:\/\/mekulo.com\/dk\/wp-json\/wp\/v2\/product"}],"about":[{"href":"https:\/\/mekulo.com\/dk\/wp-json\/wp\/v2\/types\/product"}],"replies":[{"embeddable":true,"href":"https:\/\/mekulo.com\/dk\/wp-json\/wp\/v2\/comments?post=23598"}],"wp:featuredmedia":[{"embeddable":true,"href":"https:\/\/mekulo.com\/dk\/wp-json\/wp\/v2\/media\/23594"}],"wp:attachment":[{"href":"https:\/\/mekulo.com\/dk\/wp-json\/wp\/v2\/media?parent=23598"}],"wp:term":[{"taxonomy":"product_brand","embeddable":true,"href":"https:\/\/mekulo.com\/dk\/wp-json\/wp\/v2\/product_brand?post=23598"},{"taxonomy":"product_cat","embeddable":true,"href":"https:\/\/mekulo.com\/dk\/wp-json\/wp\/v2\/product_cat?post=23598"},{"taxonomy":"product_tag","embeddable":true,"href":"https:\/\/mekulo.com\/dk\/wp-json\/wp\/v2\/product_tag?post=23598"}],"curies":[{"name":"wp","href":"https:\/\/api.w.org\/{rel}","templated":true}]}}