{"id":23558,"date":"2026-02-10T16:58:11","date_gmt":"2026-02-10T14:58:11","guid":{"rendered":"https:\/\/mekulo.com\/dk\/produkt\/vest-til-taljetraening\/"},"modified":"2026-02-10T16:59:30","modified_gmt":"2026-02-10T14:59:30","slug":"vest-til-taljetraening","status":"publish","type":"product","link":"https:\/\/mekulo.com\/dk\/produkt\/vest-til-taljetraening\/","title":{"rendered":"Vest til taljetr\u00e6ning"},"content":{"rendered":"<p style=\"text-align: center\" data-start=\"24\" data-end=\"108\"><strong data-start=\"24\" data-end=\"108\">Slank \u00f8jeblikkeligt din talje og skab en glat, selvsikker form under ethvert outfit. \ud83e\uddd4\u200d\u2642\ufe0f<\/strong><\/p>\n<p data-start=\"24\" data-end=\"108\"><img fetchpriority=\"high\" decoding=\"async\" class=\"size-full wp-image-24505 aligncenter\" src=\"https:\/\/mekulo.com\/template\/wp-content\/uploads\/sites\/6\/2026\/02\/spp_20250520191438_5dd9a76d604b4c27aee089c40de0e19f_cdb4e5ce-ca08-4268-9975-167e2c92c660.webp\" alt=\"\" width=\"600\" height=\"600\" \/><\/p>\n<h2 style=\"text-align: center\" data-start=\"342\" data-end=\"359\"><strong>Vigtigste fordele \ud83d\udd25<\/strong><\/h2>\n<p data-start=\"360\" data-end=\"708\">\ud83d\udd25 \u00d8jeblikkelig slankende effekt &#8211; Flader maven og glatter brystet.<\/p>\n<p data-start=\"360\" data-end=\"708\">\ud83d\udcaa Dobbeltlags kompression &#8211; M\u00e5lretter mod fedt, k\u00e6rlighedsh\u00e5ndtag og l\u00f8s hud.<\/p>\n<p data-start=\"360\" data-end=\"708\">\ud83e\uddcd Holdningsst\u00f8tte &#8211; Hj\u00e6lper med at holde ryggen lige og st\u00f8ttet.<\/p>\n<p data-start=\"360\" data-end=\"708\">\ud83d\udc55 Usynlig under t\u00f8jet &#8211; Flade s\u00f8mme for et naturligt udseende.<\/p>\n<p data-start=\"360\" data-end=\"708\">\ud83d\udca8 \u00c5ndbar og behagelig &#8211; Holder dig k\u00f8lig hele dagen.<\/p>\n<h2 data-start=\"360\" data-end=\"708\"><\/h2>\n<h2 style=\"text-align: center\" data-start=\"360\" data-end=\"708\"><strong>St\u00f8rrelsestabel<\/strong><\/h2>\n<table>\n<thead>\n<tr>\n<th>St\u00f8rrelse<\/th>\n<th>M\u00e5l (cm)<\/th>\n<th>Flad talje (cm)<\/th>\n<th>Flad buste (cm)<\/th>\n<th>L\u00e6ngde (cm)<\/th>\n<\/tr>\n<\/thead>\n<tbody>\n<tr>\n<td>S<\/td>\n<td>80\u201385<\/td>\n<td>39<\/td>\n<td>43<\/td>\n<td>59<\/td>\n<\/tr>\n<tr>\n<td>M<\/td>\n<td>85\u201393<\/td>\n<td>42<\/td>\n<td>46<\/td>\n<td>60<\/td>\n<\/tr>\n<tr>\n<td>L<\/td>\n<td>93\u2013100<\/td>\n<td>45<\/td>\n<td>48<\/td>\n<td>61<\/td>\n<\/tr>\n<tr>\n<td>XL<\/td>\n<td>100\u2013105<\/td>\n<td>47<\/td>\n<td>50<\/td>\n<td>61<\/td>\n<\/tr>\n<tr>\n<td>XXL<\/td>\n<td>105\u2013110<\/td>\n<td>50<\/td>\n<td>53<\/td>\n<td>62<\/td>\n<\/tr>\n<tr>\n<td>3XL<\/td>\n<td>110\u2013115<\/td>\n<td>52<\/td>\n<td>55<\/td>\n<td>64<\/td>\n<\/tr>\n<\/tbody>\n<\/table>\n<h2 style=\"text-align: center\" data-start=\"715\" data-end=\"729\"><strong>Anvendelse \ud83d\udccc<\/strong><\/h2>\n<ol data-start=\"730\" data-end=\"943\">\n<li data-start=\"730\" data-end=\"767\">\n<p data-start=\"733\" data-end=\"767\">Tag vesten p\u00e5 som en tanktop.<\/p>\n<\/li>\n<li data-start=\"768\" data-end=\"835\">\n<p data-start=\"771\" data-end=\"835\">Juster h\u00e6gtelukningerne til dit foretrukne kompressionsniveau.<\/p>\n<\/li>\n<li data-start=\"836\" data-end=\"882\">\n<p data-start=\"839\" data-end=\"882\">Brug den under t\u00f8jet eller under tr\u00e6ning.<\/p>\n<\/li>\n<li data-start=\"883\" data-end=\"943\">\n<p data-start=\"886\" data-end=\"943\">Brug den dagligt for at opn\u00e5 de bedste resultater med hensyn til formgivning og holdningsst\u00f8tte.<\/p>\n<\/li>\n<\/ol>\n<h2 style=\"text-align: center\" data-start=\"950\" data-end=\"969\"><strong>Produktdetaljer \ud83d\udccf<\/strong><\/h2>\n<ul data-start=\"970\" data-end=\"1171\">\n<li data-start=\"970\" data-end=\"1008\">\n<p data-start=\"972\" data-end=\"1008\">Materiale: 80% polyester, 20% nylon<\/p>\n<\/li>\n<li data-start=\"1009\" data-end=\"1045\">\n<p data-start=\"1011\" data-end=\"1045\">Design: Dobbeltlagskompression<\/p>\n<\/li>\n<li data-start=\"1046\" data-end=\"1077\">\n<p data-start=\"1048\" data-end=\"1077\">Lukning: 3 justerbare kroge<\/p>\n<\/li>\n<li data-start=\"1078\" data-end=\"1124\">\n<p data-start=\"1080\" data-end=\"1124\">Fit: Str\u00e6kbar, let og \u00e5ndbar<\/p>\n<\/li>\n<li data-start=\"1125\" data-end=\"1171\">\n<p data-start=\"1127\" data-end=\"1171\">Brug: Daglig brug, tr\u00e6ning, holdningsst\u00f8tte<\/p>\n<\/li>\n<li data-start=\"1125\" data-end=\"1171\">St\u00f8rrelser: S (80-85 cm), M (85-93 cm), L (93-100 cm), XL (100-105 cm), XXL (105-110 cm), 3XL (110-115 cm)<\/li>\n<\/ul>\n<h2 style=\"text-align: center\" data-start=\"1178\" data-end=\"1198\"><strong>Pakken Indeholder \ud83d\udce6<\/strong><\/h2>\n<ul data-start=\"1199\" data-end=\"1225\">\n<li data-start=\"1199\" data-end=\"1225\">\n<p data-start=\"1201\" data-end=\"1225\">1x waist trainer vest.<\/p>\n<\/li>\n<\/ul>\n","protected":false},"excerpt":{"rendered":"<p><span style=\"font-size: 16px;font-style: normal;font-weight: 400\">\ud83d\udcaa<\/span>Denne waist trainer-vest er designet til at komprimere mave og bryst, s\u00e5 du ser slankere ud i det \u00f8jeblik, du tager den p\u00e5.<br \/>\n\ud83c\udfcb\ufe0f\u200d\u2642\ufe0fIt underst\u00f8tter ogs\u00e5 kropsholdning og komfort, hvilket g\u00f8r den ideel til daglig brug, tr\u00e6ning eller brug under t\u00f8j.<br \/>\n\ud83e\uddcdEn enkel og effektiv m\u00e5de at se slankere ud p\u00e5, st\u00e5 h\u00f8jere og f\u00f8le sig mere selvsikker hver dag.<\/p>\n","protected":false},"featured_media":23554,"comment_status":"open","ping_status":"closed","template":"","meta":{"site-sidebar-layout":"default","site-content-layout":"","ast-site-content-layout":"default","site-content-style":"default","site-sidebar-style":"default","ast-global-header-display":"","ast-banner-title-visibility":"","ast-main-header-display":"","ast-hfb-above-header-display":"","ast-hfb-below-header-display":"","ast-hfb-mobile-header-display":"","site-post-title":"","ast-breadcrumbs-content":"","ast-featured-img":"","footer-sml-layout":"","ast-disable-related-posts":"","theme-transparent-header-meta":"default","adv-header-id-meta":"","stick-header-meta":"","header-above-stick-meta":"","header-main-stick-meta":"","header-below-stick-meta":"","astra-migrate-meta-layouts":"set","ast-page-background-enabled":"default","ast-page-background-meta":{"desktop":{"background-color":"var(--ast-global-color-5)","background-image":"","background-repeat":"repeat","background-position":"center center","background-size":"auto","background-attachment":"scroll","background-type":"","background-media":"","overlay-type":"","overlay-color":"","overlay-opacity":"","overlay-gradient":""},"tablet":{"background-color":"","background-image":"","background-repeat":"repeat","background-position":"center center","background-size":"auto","background-attachment":"scroll","background-type":"","background-media":"","overlay-type":"","overlay-color":"","overlay-opacity":"","overlay-gradient":""},"mobile":{"background-color":"","background-image":"","background-repeat":"repeat","background-position":"center center","background-size":"auto","background-attachment":"scroll","background-type":"","background-media":"","overlay-type":"","overlay-color":"","overlay-opacity":"","overlay-gradient":""}},"ast-content-background-meta":{"desktop":{"background-color":"var(--ast-global-color-4)","background-image":"","background-repeat":"repeat","background-position":"center center","background-size":"auto","background-attachment":"scroll","background-type":"","background-media":"","overlay-type":"","overlay-color":"","overlay-opacity":"","overlay-gradient":""},"tablet":{"background-color":"var(--ast-global-color-4)","background-image":"","background-repeat":"repeat","background-position":"center center","background-size":"auto","background-attachment":"scroll","background-type":"","background-media":"","overlay-type":"","overlay-color":"","overlay-opacity":"","overlay-gradient":""},"mobile":{"background-color":"var(--ast-global-color-4)","background-image":"","background-repeat":"repeat","background-position":"center center","background-size":"auto","background-attachment":"scroll","background-type":"","background-media":"","overlay-type":"","overlay-color":"","overlay-opacity":"","overlay-gradient":""}}},"product_brand":[],"product_cat":[165,170],"product_tag":[],"class_list":{"0":"post-23558","1":"product","2":"type-product","3":"status-publish","4":"has-post-thumbnail","6":"product_cat-fodtoej-tilbehoer","7":"product_cat-sportsudstyr","8":"pa_58819_nf6ekk9s-3xl","9":"pa_58819_nf6ekk9s-l","10":"pa_58819_nf6ekk9s-m","11":"pa_58819_nf6ekk9s-s","12":"pa_58819_nf6ekk9s-xl","13":"pa_58819_nf6ekk9s-xxl","14":"desktop-align-left","15":"tablet-align-left","16":"mobile-align-left","18":"first","19":"instock","20":"shipping-taxable","21":"purchasable","22":"product-type-variable"},"yoast_head":"<!-- This site is optimized with the Yoast SEO plugin v27.4 - https:\/\/yoast.com\/product\/yoast-seo-wordpress\/ -->\n<title>Vest til taljetr\u00e6ning - Mekulo DK<\/title>\n<meta name=\"robots\" content=\"index, follow, max-snippet:-1, max-image-preview:large, max-video-preview:-1\" \/>\n<link rel=\"canonical\" href=\"https:\/\/mekulo.com\/dk\/produkt\/vest-til-taljetraening\/\" \/>\n<meta property=\"og:locale\" content=\"da_DK\" \/>\n<meta property=\"og:type\" content=\"article\" \/>\n<meta property=\"og:title\" content=\"Vest til taljetr\u00e6ning - Mekulo DK\" \/>\n<meta property=\"og:description\" content=\"\ud83d\udcaaDenne waist trainer-vest er designet til at komprimere mave og bryst, s\u00e5 du ser slankere ud i det \u00f8jeblik, du tager den p\u00e5. \ud83c\udfcb\ufe0f\u200d\u2642\ufe0fIt underst\u00f8tter ogs\u00e5 kropsholdning og komfort, hvilket g\u00f8r den ideel til daglig brug, tr\u00e6ning eller brug under t\u00f8j. \ud83e\uddcdEn enkel og effektiv m\u00e5de at se slankere ud p\u00e5, st\u00e5 h\u00f8jere og f\u00f8le sig mere selvsikker hver dag.\" \/>\n<meta property=\"og:url\" content=\"https:\/\/mekulo.com\/dk\/produkt\/vest-til-taljetraening\/\" \/>\n<meta property=\"og:site_name\" content=\"Mekulo DK\" \/>\n<meta property=\"article:modified_time\" content=\"2026-02-10T14:59:30+00:00\" \/>\n<meta property=\"og:image\" content=\"https:\/\/mekulo.com\/dk\/wp-content\/uploads\/sites\/12\/2026\/02\/z0xm16s-1.jpg\" \/>\n\t<meta property=\"og:image:width\" content=\"713\" \/>\n\t<meta property=\"og:image:height\" content=\"713\" \/>\n\t<meta property=\"og:image:type\" content=\"image\/jpeg\" \/>\n<meta name=\"twitter:card\" content=\"summary_large_image\" \/>\n<meta name=\"twitter:label1\" content=\"Estimeret l\u00e6setid\" \/>\n\t<meta name=\"twitter:data1\" content=\"2 minutter\" \/>\n<script type=\"application\/ld+json\" class=\"yoast-schema-graph\">{\"@context\":\"https:\\\/\\\/schema.org\",\"@graph\":[{\"@type\":\"WebPage\",\"@id\":\"https:\\\/\\\/mekulo.com\\\/dk\\\/produkt\\\/vest-til-taljetraening\\\/\",\"url\":\"https:\\\/\\\/mekulo.com\\\/dk\\\/produkt\\\/vest-til-taljetraening\\\/\",\"name\":\"Vest til taljetr\u00e6ning - Mekulo DK\",\"isPartOf\":{\"@id\":\"https:\\\/\\\/mekulo.com\\\/dk\\\/#website\"},\"primaryImageOfPage\":{\"@id\":\"https:\\\/\\\/mekulo.com\\\/dk\\\/produkt\\\/vest-til-taljetraening\\\/#primaryimage\"},\"image\":{\"@id\":\"https:\\\/\\\/mekulo.com\\\/dk\\\/produkt\\\/vest-til-taljetraening\\\/#primaryimage\"},\"thumbnailUrl\":\"https:\\\/\\\/mekulo.com\\\/dk\\\/wp-content\\\/uploads\\\/sites\\\/12\\\/2026\\\/02\\\/z0xm16s-1.jpg\",\"datePublished\":\"2026-02-10T14:58:11+00:00\",\"dateModified\":\"2026-02-10T14:59:30+00:00\",\"breadcrumb\":{\"@id\":\"https:\\\/\\\/mekulo.com\\\/dk\\\/produkt\\\/vest-til-taljetraening\\\/#breadcrumb\"},\"inLanguage\":\"da-DK\",\"potentialAction\":[{\"@type\":\"ReadAction\",\"target\":[\"https:\\\/\\\/mekulo.com\\\/dk\\\/produkt\\\/vest-til-taljetraening\\\/\"]}]},{\"@type\":\"ImageObject\",\"inLanguage\":\"da-DK\",\"@id\":\"https:\\\/\\\/mekulo.com\\\/dk\\\/produkt\\\/vest-til-taljetraening\\\/#primaryimage\",\"url\":\"https:\\\/\\\/mekulo.com\\\/dk\\\/wp-content\\\/uploads\\\/sites\\\/12\\\/2026\\\/02\\\/z0xm16s-1.jpg\",\"contentUrl\":\"https:\\\/\\\/mekulo.com\\\/dk\\\/wp-content\\\/uploads\\\/sites\\\/12\\\/2026\\\/02\\\/z0xm16s-1.jpg\",\"width\":713,\"height\":713},{\"@type\":\"BreadcrumbList\",\"@id\":\"https:\\\/\\\/mekulo.com\\\/dk\\\/produkt\\\/vest-til-taljetraening\\\/#breadcrumb\",\"itemListElement\":[{\"@type\":\"ListItem\",\"position\":1,\"name\":\"Home\",\"item\":\"https:\\\/\\\/mekulo.com\\\/dk\\\/\"},{\"@type\":\"ListItem\",\"position\":2,\"name\":\"Butik\",\"item\":\"https:\\\/\\\/mekulo.com\\\/dk\\\/butik\\\/\"},{\"@type\":\"ListItem\",\"position\":3,\"name\":\"Vest til taljetr\u00e6ning\"}]},{\"@type\":\"WebSite\",\"@id\":\"https:\\\/\\\/mekulo.com\\\/dk\\\/#website\",\"url\":\"https:\\\/\\\/mekulo.com\\\/dk\\\/\",\"name\":\"Mekulo DK\",\"description\":\"\",\"publisher\":{\"@id\":\"https:\\\/\\\/mekulo.com\\\/dk\\\/#organization\"},\"potentialAction\":[{\"@type\":\"SearchAction\",\"target\":{\"@type\":\"EntryPoint\",\"urlTemplate\":\"https:\\\/\\\/mekulo.com\\\/dk\\\/?s={search_term_string}\"},\"query-input\":{\"@type\":\"PropertyValueSpecification\",\"valueRequired\":true,\"valueName\":\"search_term_string\"}}],\"inLanguage\":\"da-DK\"},{\"@type\":\"Organization\",\"@id\":\"https:\\\/\\\/mekulo.com\\\/dk\\\/#organization\",\"name\":\"Mekulo\",\"url\":\"https:\\\/\\\/mekulo.com\\\/dk\\\/\",\"logo\":{\"@type\":\"ImageObject\",\"inLanguage\":\"da-DK\",\"@id\":\"https:\\\/\\\/mekulo.com\\\/dk\\\/#\\\/schema\\\/logo\\\/image\\\/\",\"url\":\"https:\\\/\\\/mekulo.com\\\/dk\\\/wp-content\\\/uploads\\\/sites\\\/12\\\/2025\\\/12\\\/favicon_mekulo.png\",\"contentUrl\":\"https:\\\/\\\/mekulo.com\\\/dk\\\/wp-content\\\/uploads\\\/sites\\\/12\\\/2025\\\/12\\\/favicon_mekulo.png\",\"width\":50,\"height\":50,\"caption\":\"Mekulo\"},\"image\":{\"@id\":\"https:\\\/\\\/mekulo.com\\\/dk\\\/#\\\/schema\\\/logo\\\/image\\\/\"}}]}<\/script>\n<!-- \/ Yoast SEO plugin. -->","yoast_head_json":{"title":"Vest til taljetr\u00e6ning - Mekulo DK","robots":{"index":"index","follow":"follow","max-snippet":"max-snippet:-1","max-image-preview":"max-image-preview:large","max-video-preview":"max-video-preview:-1"},"canonical":"https:\/\/mekulo.com\/dk\/produkt\/vest-til-taljetraening\/","og_locale":"da_DK","og_type":"article","og_title":"Vest til taljetr\u00e6ning - Mekulo DK","og_description":"\ud83d\udcaaDenne waist trainer-vest er designet til at komprimere mave og bryst, s\u00e5 du ser slankere ud i det \u00f8jeblik, du tager den p\u00e5. \ud83c\udfcb\ufe0f\u200d\u2642\ufe0fIt underst\u00f8tter ogs\u00e5 kropsholdning og komfort, hvilket g\u00f8r den ideel til daglig brug, tr\u00e6ning eller brug under t\u00f8j. \ud83e\uddcdEn enkel og effektiv m\u00e5de at se slankere ud p\u00e5, st\u00e5 h\u00f8jere og f\u00f8le sig mere selvsikker hver dag.","og_url":"https:\/\/mekulo.com\/dk\/produkt\/vest-til-taljetraening\/","og_site_name":"Mekulo DK","article_modified_time":"2026-02-10T14:59:30+00:00","og_image":[{"width":713,"height":713,"url":"https:\/\/mekulo.com\/dk\/wp-content\/uploads\/sites\/12\/2026\/02\/z0xm16s-1.jpg","type":"image\/jpeg"}],"twitter_card":"summary_large_image","twitter_misc":{"Estimeret l\u00e6setid":"2 minutter"},"schema":{"@context":"https:\/\/schema.org","@graph":[{"@type":"WebPage","@id":"https:\/\/mekulo.com\/dk\/produkt\/vest-til-taljetraening\/","url":"https:\/\/mekulo.com\/dk\/produkt\/vest-til-taljetraening\/","name":"Vest til taljetr\u00e6ning - Mekulo DK","isPartOf":{"@id":"https:\/\/mekulo.com\/dk\/#website"},"primaryImageOfPage":{"@id":"https:\/\/mekulo.com\/dk\/produkt\/vest-til-taljetraening\/#primaryimage"},"image":{"@id":"https:\/\/mekulo.com\/dk\/produkt\/vest-til-taljetraening\/#primaryimage"},"thumbnailUrl":"https:\/\/mekulo.com\/dk\/wp-content\/uploads\/sites\/12\/2026\/02\/z0xm16s-1.jpg","datePublished":"2026-02-10T14:58:11+00:00","dateModified":"2026-02-10T14:59:30+00:00","breadcrumb":{"@id":"https:\/\/mekulo.com\/dk\/produkt\/vest-til-taljetraening\/#breadcrumb"},"inLanguage":"da-DK","potentialAction":[{"@type":"ReadAction","target":["https:\/\/mekulo.com\/dk\/produkt\/vest-til-taljetraening\/"]}]},{"@type":"ImageObject","inLanguage":"da-DK","@id":"https:\/\/mekulo.com\/dk\/produkt\/vest-til-taljetraening\/#primaryimage","url":"https:\/\/mekulo.com\/dk\/wp-content\/uploads\/sites\/12\/2026\/02\/z0xm16s-1.jpg","contentUrl":"https:\/\/mekulo.com\/dk\/wp-content\/uploads\/sites\/12\/2026\/02\/z0xm16s-1.jpg","width":713,"height":713},{"@type":"BreadcrumbList","@id":"https:\/\/mekulo.com\/dk\/produkt\/vest-til-taljetraening\/#breadcrumb","itemListElement":[{"@type":"ListItem","position":1,"name":"Home","item":"https:\/\/mekulo.com\/dk\/"},{"@type":"ListItem","position":2,"name":"Butik","item":"https:\/\/mekulo.com\/dk\/butik\/"},{"@type":"ListItem","position":3,"name":"Vest til taljetr\u00e6ning"}]},{"@type":"WebSite","@id":"https:\/\/mekulo.com\/dk\/#website","url":"https:\/\/mekulo.com\/dk\/","name":"Mekulo DK","description":"","publisher":{"@id":"https:\/\/mekulo.com\/dk\/#organization"},"potentialAction":[{"@type":"SearchAction","target":{"@type":"EntryPoint","urlTemplate":"https:\/\/mekulo.com\/dk\/?s={search_term_string}"},"query-input":{"@type":"PropertyValueSpecification","valueRequired":true,"valueName":"search_term_string"}}],"inLanguage":"da-DK"},{"@type":"Organization","@id":"https:\/\/mekulo.com\/dk\/#organization","name":"Mekulo","url":"https:\/\/mekulo.com\/dk\/","logo":{"@type":"ImageObject","inLanguage":"da-DK","@id":"https:\/\/mekulo.com\/dk\/#\/schema\/logo\/image\/","url":"https:\/\/mekulo.com\/dk\/wp-content\/uploads\/sites\/12\/2025\/12\/favicon_mekulo.png","contentUrl":"https:\/\/mekulo.com\/dk\/wp-content\/uploads\/sites\/12\/2025\/12\/favicon_mekulo.png","width":50,"height":50,"caption":"Mekulo"},"image":{"@id":"https:\/\/mekulo.com\/dk\/#\/schema\/logo\/image\/"}}]}},"_links":{"self":[{"href":"https:\/\/mekulo.com\/dk\/wp-json\/wp\/v2\/product\/23558","targetHints":{"allow":["GET"]}}],"collection":[{"href":"https:\/\/mekulo.com\/dk\/wp-json\/wp\/v2\/product"}],"about":[{"href":"https:\/\/mekulo.com\/dk\/wp-json\/wp\/v2\/types\/product"}],"replies":[{"embeddable":true,"href":"https:\/\/mekulo.com\/dk\/wp-json\/wp\/v2\/comments?post=23558"}],"wp:featuredmedia":[{"embeddable":true,"href":"https:\/\/mekulo.com\/dk\/wp-json\/wp\/v2\/media\/23554"}],"wp:attachment":[{"href":"https:\/\/mekulo.com\/dk\/wp-json\/wp\/v2\/media?parent=23558"}],"wp:term":[{"taxonomy":"product_brand","embeddable":true,"href":"https:\/\/mekulo.com\/dk\/wp-json\/wp\/v2\/product_brand?post=23558"},{"taxonomy":"product_cat","embeddable":true,"href":"https:\/\/mekulo.com\/dk\/wp-json\/wp\/v2\/product_cat?post=23558"},{"taxonomy":"product_tag","embeddable":true,"href":"https:\/\/mekulo.com\/dk\/wp-json\/wp\/v2\/product_tag?post=23558"}],"curies":[{"name":"wp","href":"https:\/\/api.w.org\/{rel}","templated":true}]}}