{"id":23537,"date":"2026-02-10T16:56:09","date_gmt":"2026-02-10T14:56:09","guid":{"rendered":"https:\/\/mekulo.com\/dk\/produkt\/genanvendelige-selvklaebende-oejenvipper-2-par\/"},"modified":"2026-03-02T12:32:59","modified_gmt":"2026-03-02T10:32:59","slug":"genanvendelige-selvklaebende-oejenvipper-2-par","status":"publish","type":"product","link":"https:\/\/mekulo.com\/dk\/produkt\/genanvendelige-selvklaebende-oejenvipper-2-par\/","title":{"rendered":"Genanvendelige selvkl\u00e6bende \u00f8jenvipper (2 par)"},"content":{"rendered":"<p style=\"text-align: center\" data-start=\"38\" data-end=\"111\"><strong data-start=\"38\" data-end=\"111\">F\u00e5 smukke, naturligt udseende vipper p\u00e5 f\u00e5 sekunder uden brug af lim. \ud83d\udc41\ufe0f<\/strong><\/p>\n<p data-start=\"38\" data-end=\"111\"><img fetchpriority=\"high\" decoding=\"async\" class=\" wp-image-24487 aligncenter\" src=\"https:\/\/mekulo.com\/template\/wp-content\/uploads\/sites\/6\/2026\/02\/80d35320ccdf4bf08f7cda44219de580.webp\" alt=\"\" width=\"550\" height=\"550\" \/><\/p>\n<h2 style=\"text-align: center\" data-start=\"344\" data-end=\"361\"><strong>Vigtigste fordele \u23f1\ufe0f<\/strong><\/h2>\n<p data-start=\"362\" data-end=\"707\">\u2728 Der er ikke brug for lim eller eyeliner &#8211; Selvkl\u00e6bende design til \u00f8jeblikkelig p\u00e5f\u00f8ring.<\/p>\n<p data-start=\"362\" data-end=\"707\">\u23f1\ufe0f P\u00e5f\u00f8res p\u00e5 f\u00e5 sekunder &#8211; Perfekt til travle morgener eller hurtige touch-ups.<\/p>\n<p data-start=\"362\" data-end=\"707\">\ud83d\udd01 Kan genbruges og vaskes &#8211; Hygiejnisk og langvarig brug.<\/p>\n<p data-start=\"362\" data-end=\"707\">\ud83c\udf3f Naturligt look &#8211; Bl\u00f8d kr\u00f8lle, der blander sig med dine rigtige vipper.<\/p>\n<p data-start=\"362\" data-end=\"707\">\ud83d\udc96 Hudvenligt materiale &#8211; Ingen rester, ingen irritation.<\/p>\n<p data-start=\"362\" data-end=\"707\"><img decoding=\"async\" class=\" wp-image-24482 aligncenter\" src=\"https:\/\/mekulo.com\/template\/wp-content\/uploads\/sites\/6\/2026\/02\/Reusable-Self-Adhesive-Eyelashes_08_480x480.jpg\" alt=\"\" width=\"550\" height=\"550\" \/><\/p>\n<h2 style=\"text-align: center\" data-start=\"714\" data-end=\"728\"><strong>S\u00e5dan Bruges \ud83d\udccc<\/strong><\/h2>\n<ol data-start=\"729\" data-end=\"966\">\n<li data-start=\"729\" data-end=\"775\">\n<p data-start=\"732\" data-end=\"775\">S\u00f8rg for, at dine \u00f8jenl\u00e5g er rene og t\u00f8rre.<\/p>\n<\/li>\n<li data-start=\"776\" data-end=\"823\">\n<p data-start=\"779\" data-end=\"823\">Fjern forsigtigt \u00f8jenvipperne fra bakken.<\/p>\n<\/li>\n<li data-start=\"824\" data-end=\"875\">\n<p data-start=\"827\" data-end=\"875\">Placer vipperne langs din naturlige vippekant.<\/p>\n<\/li>\n<li data-start=\"876\" data-end=\"919\">\n<p data-start=\"879\" data-end=\"919\">Tryk let for at sikre dem p\u00e5 plads.<\/p>\n<\/li>\n<li data-start=\"920\" data-end=\"966\">\n<p data-start=\"923\" data-end=\"966\">Fjern efter brug og reng\u00f8r til n\u00e6ste gang.<\/p>\n<\/li>\n<\/ol>\n<h2 style=\"text-align: center\" data-start=\"973\" data-end=\"992\"><strong>Produktoplysninger \ud83d\udccf<\/strong><\/h2>\n<ul data-start=\"993\" data-end=\"1105\">\n<li data-start=\"993\" data-end=\"1022\">\n<p data-start=\"995\" data-end=\"1022\">Materiale: 3D mink, sort streg<\/p>\n<\/li>\n<li data-start=\"1056\" data-end=\"1071\">\n<p data-start=\"1058\" data-end=\"1071\">V\u00e6gt: 38 g<\/p>\n<\/li>\n<li data-start=\"1056\" data-end=\"1071\">\n<p data-start=\"1058\" data-end=\"1071\">\u00d8jenvippel\u00e6ngde: ca. 1 cm til 1,5 cm<\/p>\n<\/li>\n<li data-start=\"1072\" data-end=\"1105\">\n<p data-start=\"1074\" data-end=\"1105\">Type: Selvkl\u00e6bende, genanvendelig<\/p>\n<\/li>\n<li data-start=\"1072\" data-end=\"1105\">\n<p data-start=\"1074\" data-end=\"1105\">Vandt\u00e6t, svedt\u00e6t og vindt\u00e6t<\/p>\n<\/li>\n<li data-start=\"1072\" data-end=\"1105\">Kan ikke tabes i 24 timer, kan genbruges 5-7 gange uden deformation<\/li>\n<\/ul>\n<h2 style=\"text-align: center\" data-start=\"1112\" data-end=\"1132\"><strong>Pakken Indeholder \ud83d\udce6<\/strong><\/h2>\n<ul data-start=\"1133\" data-end=\"1173\">\n<li data-start=\"1133\" data-end=\"1173\">\n<p data-start=\"1135\" data-end=\"1173\">2x par genanvendelige selvkl\u00e6bende \u00f8jenvipper.<\/p>\n<\/li>\n<\/ul>\n","protected":false},"excerpt":{"rendered":"<p>\u2728Disse genanvendelige selvkl\u00e6bende \u00f8jenvipper er hurtige at p\u00e5f\u00f8re og nemme at fjerne, hvilket g\u00f8r din makeup-rutine hurtigere og stressfri.<br \/>\n\ud83d\udc41\ufe0fThey blander sig problemfrit med dine naturlige vipper og forbliver behagelige hele dagen uden irritation.<br \/>\n\ud83d\udc57En enkel, elegant vippel\u00f8sning til ubesv\u00e6ret sk\u00f8nhed hver dag.<\/p>\n","protected":false},"featured_media":23533,"comment_status":"open","ping_status":"closed","template":"","meta":{"site-sidebar-layout":"default","site-content-layout":"","ast-site-content-layout":"default","site-content-style":"default","site-sidebar-style":"default","ast-global-header-display":"","ast-banner-title-visibility":"","ast-main-header-display":"","ast-hfb-above-header-display":"","ast-hfb-below-header-display":"","ast-hfb-mobile-header-display":"","site-post-title":"","ast-breadcrumbs-content":"","ast-featured-img":"","footer-sml-layout":"","ast-disable-related-posts":"","theme-transparent-header-meta":"default","adv-header-id-meta":"","stick-header-meta":"","header-above-stick-meta":"","header-main-stick-meta":"","header-below-stick-meta":"","astra-migrate-meta-layouts":"set","ast-page-background-enabled":"default","ast-page-background-meta":{"desktop":{"background-color":"var(--ast-global-color-5)","background-image":"","background-repeat":"repeat","background-position":"center center","background-size":"auto","background-attachment":"scroll","background-type":"","background-media":"","overlay-type":"","overlay-color":"","overlay-opacity":"","overlay-gradient":""},"tablet":{"background-color":"","background-image":"","background-repeat":"repeat","background-position":"center center","background-size":"auto","background-attachment":"scroll","background-type":"","background-media":"","overlay-type":"","overlay-color":"","overlay-opacity":"","overlay-gradient":""},"mobile":{"background-color":"","background-image":"","background-repeat":"repeat","background-position":"center center","background-size":"auto","background-attachment":"scroll","background-type":"","background-media":"","overlay-type":"","overlay-color":"","overlay-opacity":"","overlay-gradient":""}},"ast-content-background-meta":{"desktop":{"background-color":"var(--ast-global-color-4)","background-image":"","background-repeat":"repeat","background-position":"center center","background-size":"auto","background-attachment":"scroll","background-type":"","background-media":"","overlay-type":"","overlay-color":"","overlay-opacity":"","overlay-gradient":""},"tablet":{"background-color":"var(--ast-global-color-4)","background-image":"","background-repeat":"repeat","background-position":"center center","background-size":"auto","background-attachment":"scroll","background-type":"","background-media":"","overlay-type":"","overlay-color":"","overlay-opacity":"","overlay-gradient":""},"mobile":{"background-color":"var(--ast-global-color-4)","background-image":"","background-repeat":"repeat","background-position":"center center","background-size":"auto","background-attachment":"scroll","background-type":"","background-media":"","overlay-type":"","overlay-color":"","overlay-opacity":"","overlay-gradient":""}}},"product_brand":[],"product_cat":[162],"product_tag":[],"class_list":{"0":"post-23537","1":"product","2":"type-product","3":"status-publish","4":"has-post-thumbnail","6":"product_cat-skoenheds-og-hygiejneprodukter","7":"pa_58818_2k7ieimc-a","8":"pa_58818_2k7ieimc-b","9":"pa_58818_2k7ieimc-c","10":"pa_58818_2k7ieimc-d","11":"pa_58818_2k7ieimc-e","12":"pa_58818_2k7ieimc-f","13":"desktop-align-left","14":"tablet-align-left","15":"mobile-align-left","17":"first","18":"instock","19":"shipping-taxable","20":"purchasable","21":"product-type-variable"},"yoast_head":"<!-- This site is optimized with the Yoast SEO plugin v27.4 - https:\/\/yoast.com\/product\/yoast-seo-wordpress\/ -->\n<title>Genanvendelige selvkl\u00e6bende \u00f8jenvipper (2 par) - Mekulo DK<\/title>\n<meta name=\"robots\" content=\"index, follow, max-snippet:-1, max-image-preview:large, max-video-preview:-1\" \/>\n<link rel=\"canonical\" href=\"https:\/\/mekulo.com\/dk\/produkt\/genanvendelige-selvklaebende-oejenvipper-2-par\/\" \/>\n<meta property=\"og:locale\" content=\"da_DK\" \/>\n<meta property=\"og:type\" content=\"article\" \/>\n<meta property=\"og:title\" content=\"Genanvendelige selvkl\u00e6bende \u00f8jenvipper (2 par) - Mekulo DK\" \/>\n<meta property=\"og:description\" content=\"\u2728Disse genanvendelige selvkl\u00e6bende \u00f8jenvipper er hurtige at p\u00e5f\u00f8re og nemme at fjerne, hvilket g\u00f8r din makeup-rutine hurtigere og stressfri. \ud83d\udc41\ufe0fThey blander sig problemfrit med dine naturlige vipper og forbliver behagelige hele dagen uden irritation. \ud83d\udc57En enkel, elegant vippel\u00f8sning til ubesv\u00e6ret sk\u00f8nhed hver dag.\" \/>\n<meta property=\"og:url\" content=\"https:\/\/mekulo.com\/dk\/produkt\/genanvendelige-selvklaebende-oejenvipper-2-par\/\" \/>\n<meta property=\"og:site_name\" content=\"Mekulo DK\" \/>\n<meta property=\"article:modified_time\" content=\"2026-03-02T10:32:59+00:00\" \/>\n<meta property=\"og:image\" content=\"https:\/\/mekulo.com\/dk\/wp-content\/uploads\/sites\/12\/2026\/02\/wzn7mia-1.jpg\" \/>\n\t<meta property=\"og:image:width\" content=\"800\" \/>\n\t<meta property=\"og:image:height\" content=\"800\" \/>\n\t<meta property=\"og:image:type\" content=\"image\/jpeg\" \/>\n<meta name=\"twitter:card\" content=\"summary_large_image\" \/>\n<meta name=\"twitter:label1\" content=\"Estimeret l\u00e6setid\" \/>\n\t<meta name=\"twitter:data1\" content=\"2 minutter\" \/>\n<script type=\"application\/ld+json\" class=\"yoast-schema-graph\">{\"@context\":\"https:\\\/\\\/schema.org\",\"@graph\":[{\"@type\":\"WebPage\",\"@id\":\"https:\\\/\\\/mekulo.com\\\/dk\\\/produkt\\\/genanvendelige-selvklaebende-oejenvipper-2-par\\\/\",\"url\":\"https:\\\/\\\/mekulo.com\\\/dk\\\/produkt\\\/genanvendelige-selvklaebende-oejenvipper-2-par\\\/\",\"name\":\"Genanvendelige selvkl\u00e6bende \u00f8jenvipper (2 par) - Mekulo DK\",\"isPartOf\":{\"@id\":\"https:\\\/\\\/mekulo.com\\\/dk\\\/#website\"},\"primaryImageOfPage\":{\"@id\":\"https:\\\/\\\/mekulo.com\\\/dk\\\/produkt\\\/genanvendelige-selvklaebende-oejenvipper-2-par\\\/#primaryimage\"},\"image\":{\"@id\":\"https:\\\/\\\/mekulo.com\\\/dk\\\/produkt\\\/genanvendelige-selvklaebende-oejenvipper-2-par\\\/#primaryimage\"},\"thumbnailUrl\":\"https:\\\/\\\/mekulo.com\\\/dk\\\/wp-content\\\/uploads\\\/sites\\\/12\\\/2026\\\/02\\\/wzn7mia-1.jpg\",\"datePublished\":\"2026-02-10T14:56:09+00:00\",\"dateModified\":\"2026-03-02T10:32:59+00:00\",\"breadcrumb\":{\"@id\":\"https:\\\/\\\/mekulo.com\\\/dk\\\/produkt\\\/genanvendelige-selvklaebende-oejenvipper-2-par\\\/#breadcrumb\"},\"inLanguage\":\"da-DK\",\"potentialAction\":[{\"@type\":\"ReadAction\",\"target\":[\"https:\\\/\\\/mekulo.com\\\/dk\\\/produkt\\\/genanvendelige-selvklaebende-oejenvipper-2-par\\\/\"]}]},{\"@type\":\"ImageObject\",\"inLanguage\":\"da-DK\",\"@id\":\"https:\\\/\\\/mekulo.com\\\/dk\\\/produkt\\\/genanvendelige-selvklaebende-oejenvipper-2-par\\\/#primaryimage\",\"url\":\"https:\\\/\\\/mekulo.com\\\/dk\\\/wp-content\\\/uploads\\\/sites\\\/12\\\/2026\\\/02\\\/wzn7mia-1.jpg\",\"contentUrl\":\"https:\\\/\\\/mekulo.com\\\/dk\\\/wp-content\\\/uploads\\\/sites\\\/12\\\/2026\\\/02\\\/wzn7mia-1.jpg\",\"width\":800,\"height\":800},{\"@type\":\"BreadcrumbList\",\"@id\":\"https:\\\/\\\/mekulo.com\\\/dk\\\/produkt\\\/genanvendelige-selvklaebende-oejenvipper-2-par\\\/#breadcrumb\",\"itemListElement\":[{\"@type\":\"ListItem\",\"position\":1,\"name\":\"Home\",\"item\":\"https:\\\/\\\/mekulo.com\\\/dk\\\/\"},{\"@type\":\"ListItem\",\"position\":2,\"name\":\"Butik\",\"item\":\"https:\\\/\\\/mekulo.com\\\/dk\\\/butik\\\/\"},{\"@type\":\"ListItem\",\"position\":3,\"name\":\"Genanvendelige selvkl\u00e6bende \u00f8jenvipper (2 par)\"}]},{\"@type\":\"WebSite\",\"@id\":\"https:\\\/\\\/mekulo.com\\\/dk\\\/#website\",\"url\":\"https:\\\/\\\/mekulo.com\\\/dk\\\/\",\"name\":\"Mekulo DK\",\"description\":\"\",\"publisher\":{\"@id\":\"https:\\\/\\\/mekulo.com\\\/dk\\\/#organization\"},\"potentialAction\":[{\"@type\":\"SearchAction\",\"target\":{\"@type\":\"EntryPoint\",\"urlTemplate\":\"https:\\\/\\\/mekulo.com\\\/dk\\\/?s={search_term_string}\"},\"query-input\":{\"@type\":\"PropertyValueSpecification\",\"valueRequired\":true,\"valueName\":\"search_term_string\"}}],\"inLanguage\":\"da-DK\"},{\"@type\":\"Organization\",\"@id\":\"https:\\\/\\\/mekulo.com\\\/dk\\\/#organization\",\"name\":\"Mekulo\",\"url\":\"https:\\\/\\\/mekulo.com\\\/dk\\\/\",\"logo\":{\"@type\":\"ImageObject\",\"inLanguage\":\"da-DK\",\"@id\":\"https:\\\/\\\/mekulo.com\\\/dk\\\/#\\\/schema\\\/logo\\\/image\\\/\",\"url\":\"https:\\\/\\\/mekulo.com\\\/dk\\\/wp-content\\\/uploads\\\/sites\\\/12\\\/2025\\\/12\\\/favicon_mekulo.png\",\"contentUrl\":\"https:\\\/\\\/mekulo.com\\\/dk\\\/wp-content\\\/uploads\\\/sites\\\/12\\\/2025\\\/12\\\/favicon_mekulo.png\",\"width\":50,\"height\":50,\"caption\":\"Mekulo\"},\"image\":{\"@id\":\"https:\\\/\\\/mekulo.com\\\/dk\\\/#\\\/schema\\\/logo\\\/image\\\/\"}}]}<\/script>\n<!-- \/ Yoast SEO plugin. -->","yoast_head_json":{"title":"Genanvendelige selvkl\u00e6bende \u00f8jenvipper (2 par) - Mekulo DK","robots":{"index":"index","follow":"follow","max-snippet":"max-snippet:-1","max-image-preview":"max-image-preview:large","max-video-preview":"max-video-preview:-1"},"canonical":"https:\/\/mekulo.com\/dk\/produkt\/genanvendelige-selvklaebende-oejenvipper-2-par\/","og_locale":"da_DK","og_type":"article","og_title":"Genanvendelige selvkl\u00e6bende \u00f8jenvipper (2 par) - Mekulo DK","og_description":"\u2728Disse genanvendelige selvkl\u00e6bende \u00f8jenvipper er hurtige at p\u00e5f\u00f8re og nemme at fjerne, hvilket g\u00f8r din makeup-rutine hurtigere og stressfri. \ud83d\udc41\ufe0fThey blander sig problemfrit med dine naturlige vipper og forbliver behagelige hele dagen uden irritation. \ud83d\udc57En enkel, elegant vippel\u00f8sning til ubesv\u00e6ret sk\u00f8nhed hver dag.","og_url":"https:\/\/mekulo.com\/dk\/produkt\/genanvendelige-selvklaebende-oejenvipper-2-par\/","og_site_name":"Mekulo DK","article_modified_time":"2026-03-02T10:32:59+00:00","og_image":[{"width":800,"height":800,"url":"https:\/\/mekulo.com\/dk\/wp-content\/uploads\/sites\/12\/2026\/02\/wzn7mia-1.jpg","type":"image\/jpeg"}],"twitter_card":"summary_large_image","twitter_misc":{"Estimeret l\u00e6setid":"2 minutter"},"schema":{"@context":"https:\/\/schema.org","@graph":[{"@type":"WebPage","@id":"https:\/\/mekulo.com\/dk\/produkt\/genanvendelige-selvklaebende-oejenvipper-2-par\/","url":"https:\/\/mekulo.com\/dk\/produkt\/genanvendelige-selvklaebende-oejenvipper-2-par\/","name":"Genanvendelige selvkl\u00e6bende \u00f8jenvipper (2 par) - Mekulo DK","isPartOf":{"@id":"https:\/\/mekulo.com\/dk\/#website"},"primaryImageOfPage":{"@id":"https:\/\/mekulo.com\/dk\/produkt\/genanvendelige-selvklaebende-oejenvipper-2-par\/#primaryimage"},"image":{"@id":"https:\/\/mekulo.com\/dk\/produkt\/genanvendelige-selvklaebende-oejenvipper-2-par\/#primaryimage"},"thumbnailUrl":"https:\/\/mekulo.com\/dk\/wp-content\/uploads\/sites\/12\/2026\/02\/wzn7mia-1.jpg","datePublished":"2026-02-10T14:56:09+00:00","dateModified":"2026-03-02T10:32:59+00:00","breadcrumb":{"@id":"https:\/\/mekulo.com\/dk\/produkt\/genanvendelige-selvklaebende-oejenvipper-2-par\/#breadcrumb"},"inLanguage":"da-DK","potentialAction":[{"@type":"ReadAction","target":["https:\/\/mekulo.com\/dk\/produkt\/genanvendelige-selvklaebende-oejenvipper-2-par\/"]}]},{"@type":"ImageObject","inLanguage":"da-DK","@id":"https:\/\/mekulo.com\/dk\/produkt\/genanvendelige-selvklaebende-oejenvipper-2-par\/#primaryimage","url":"https:\/\/mekulo.com\/dk\/wp-content\/uploads\/sites\/12\/2026\/02\/wzn7mia-1.jpg","contentUrl":"https:\/\/mekulo.com\/dk\/wp-content\/uploads\/sites\/12\/2026\/02\/wzn7mia-1.jpg","width":800,"height":800},{"@type":"BreadcrumbList","@id":"https:\/\/mekulo.com\/dk\/produkt\/genanvendelige-selvklaebende-oejenvipper-2-par\/#breadcrumb","itemListElement":[{"@type":"ListItem","position":1,"name":"Home","item":"https:\/\/mekulo.com\/dk\/"},{"@type":"ListItem","position":2,"name":"Butik","item":"https:\/\/mekulo.com\/dk\/butik\/"},{"@type":"ListItem","position":3,"name":"Genanvendelige selvkl\u00e6bende \u00f8jenvipper (2 par)"}]},{"@type":"WebSite","@id":"https:\/\/mekulo.com\/dk\/#website","url":"https:\/\/mekulo.com\/dk\/","name":"Mekulo DK","description":"","publisher":{"@id":"https:\/\/mekulo.com\/dk\/#organization"},"potentialAction":[{"@type":"SearchAction","target":{"@type":"EntryPoint","urlTemplate":"https:\/\/mekulo.com\/dk\/?s={search_term_string}"},"query-input":{"@type":"PropertyValueSpecification","valueRequired":true,"valueName":"search_term_string"}}],"inLanguage":"da-DK"},{"@type":"Organization","@id":"https:\/\/mekulo.com\/dk\/#organization","name":"Mekulo","url":"https:\/\/mekulo.com\/dk\/","logo":{"@type":"ImageObject","inLanguage":"da-DK","@id":"https:\/\/mekulo.com\/dk\/#\/schema\/logo\/image\/","url":"https:\/\/mekulo.com\/dk\/wp-content\/uploads\/sites\/12\/2025\/12\/favicon_mekulo.png","contentUrl":"https:\/\/mekulo.com\/dk\/wp-content\/uploads\/sites\/12\/2025\/12\/favicon_mekulo.png","width":50,"height":50,"caption":"Mekulo"},"image":{"@id":"https:\/\/mekulo.com\/dk\/#\/schema\/logo\/image\/"}}]}},"_links":{"self":[{"href":"https:\/\/mekulo.com\/dk\/wp-json\/wp\/v2\/product\/23537","targetHints":{"allow":["GET"]}}],"collection":[{"href":"https:\/\/mekulo.com\/dk\/wp-json\/wp\/v2\/product"}],"about":[{"href":"https:\/\/mekulo.com\/dk\/wp-json\/wp\/v2\/types\/product"}],"replies":[{"embeddable":true,"href":"https:\/\/mekulo.com\/dk\/wp-json\/wp\/v2\/comments?post=23537"}],"wp:featuredmedia":[{"embeddable":true,"href":"https:\/\/mekulo.com\/dk\/wp-json\/wp\/v2\/media\/23533"}],"wp:attachment":[{"href":"https:\/\/mekulo.com\/dk\/wp-json\/wp\/v2\/media?parent=23537"}],"wp:term":[{"taxonomy":"product_brand","embeddable":true,"href":"https:\/\/mekulo.com\/dk\/wp-json\/wp\/v2\/product_brand?post=23537"},{"taxonomy":"product_cat","embeddable":true,"href":"https:\/\/mekulo.com\/dk\/wp-json\/wp\/v2\/product_cat?post=23537"},{"taxonomy":"product_tag","embeddable":true,"href":"https:\/\/mekulo.com\/dk\/wp-json\/wp\/v2\/product_tag?post=23537"}],"curies":[{"name":"wp","href":"https:\/\/api.w.org\/{rel}","templated":true}]}}