{"id":23513,"date":"2026-02-10T16:53:21","date_gmt":"2026-02-10T14:53:21","guid":{"rendered":"https:\/\/mekulo.com\/dk\/produkt\/gestusstyret-stuntkoeretoej\/"},"modified":"2026-02-10T16:53:31","modified_gmt":"2026-02-10T14:53:31","slug":"gestusstyret-stuntkoeretoej","status":"publish","type":"product","link":"https:\/\/mekulo.com\/dk\/produkt\/gestusstyret-stuntkoeretoej\/","title":{"rendered":"Gestusstyret stuntk\u00f8ret\u00f8j"},"content":{"rendered":"<p style=\"text-align: center\" data-start=\"38\" data-end=\"117\"><strong data-start=\"38\" data-end=\"117\">Styr Bilen Med Enkle H\u00e5ndbev\u00e6gelser, Og Udf\u00f8r Fantastiske 360\u00b0 Stunts. \ud83d\udd04<\/strong><\/p>\n<p data-start=\"38\" data-end=\"117\"><img fetchpriority=\"high\" decoding=\"async\" class=\"size-full wp-image-24468 aligncenter\" src=\"https:\/\/mekulo.com\/template\/wp-content\/uploads\/sites\/6\/2026\/02\/S434361de16c74e1ba2c05765062885cdQ.webp\" alt=\"\" width=\"1601\" height=\"1601\" \/><\/p>\n<h2 style=\"text-align: center\" data-start=\"446\" data-end=\"463\">Hovedfordele \ud83e\udd16<\/h2>\n<p data-start=\"464\" data-end=\"780\">\ud83e\udd16 Gesture &amp; fjernbetjening &#8211; V\u00e6lg h\u00e5ndbetjening eller standard fjernbetjening.<\/p>\n<p data-start=\"464\" data-end=\"780\">\ud83d\udd04 360\u00b0 driftstunts &#8211; Drej, glid og udf\u00f8r seje tricks.<\/p>\n<p data-start=\"464\" data-end=\"780\">\ud83d\udee1\ufe0f Sikker ABS-krop &#8211; Slagfast med glatte kanter.<\/p>\n<p data-start=\"464\" data-end=\"780\">\ud83d\udd0b Genopladeligt batteri &#8211; Nem opladning for l\u00e6ngere spilletid.<\/p>\n<p data-start=\"464\" data-end=\"780\">\ud83c\udf81 Perfekt gave &#8211; Perfekt til b\u00f8rn i alderen 4-15.<\/p>\n<p data-start=\"464\" data-end=\"780\"><img decoding=\"async\" class=\"size-full wp-image-24467 aligncenter\" src=\"https:\/\/mekulo.com\/template\/wp-content\/uploads\/sites\/6\/2026\/02\/S56a5eca163f84015adcf5ccdc58fd978Y.webp\" alt=\"\" width=\"1601\" height=\"1601\" \/><\/p>\n<h2 style=\"text-align: center\" data-start=\"787\" data-end=\"801\">S\u00e5dan Bruges Den \ud83d\udccc<\/h2>\n<ol data-start=\"802\" data-end=\"1037\">\n<li data-start=\"802\" data-end=\"853\">\n<p data-start=\"805\" data-end=\"853\">Lad bilens batteri helt op f\u00f8r f\u00f8rste brug.<\/p>\n<\/li>\n<li data-start=\"854\" data-end=\"925\">\n<p data-start=\"857\" data-end=\"925\">S\u00e6t batterier i fjernbetjeningen og bev\u00e6gelsescontrolleren, hvis det er n\u00f8dvendigt.<\/p>\n<\/li>\n<li data-start=\"926\" data-end=\"971\">\n<p data-start=\"929\" data-end=\"971\">T\u00e6nd for bilen, og v\u00e6lg kontroltilstand.<\/p>\n<\/li>\n<li data-start=\"972\" data-end=\"1037\">\n<p data-start=\"975\" data-end=\"1037\">Brug h\u00e5ndbev\u00e6gelser eller fjernbetjeningen til at k\u00f8re og udf\u00f8re stunts.<\/p>\n<\/li>\n<\/ol>\n<h2 style=\"text-align: center\" data-start=\"1044\" data-end=\"1063\">Produktoplysninger \ud83d\udccf<\/h2>\n<ul data-start=\"1064\" data-end=\"1293\">\n<li data-start=\"1064\" data-end=\"1105\">\n<p data-start=\"1066\" data-end=\"1105\">Materiale: ABS + elektroniske komponenter<\/p>\n<\/li>\n<li data-start=\"1106\" data-end=\"1138\">\n<p data-start=\"1108\" data-end=\"1138\">St\u00f8rrelse: 24 x 12 x 7 cm<\/p>\n<\/li>\n<li data-start=\"1139\" data-end=\"1182\">\n<p data-start=\"1141\" data-end=\"1182\">Kropsbatteri: 3,7V genopladeligt batteri<\/p>\n<\/li>\n<li data-start=\"1183\" data-end=\"1212\">\n<p data-start=\"1185\" data-end=\"1212\">Batterikapacitet: 1200mAh<\/p>\n<\/li>\n<li data-start=\"1213\" data-end=\"1264\">\n<p data-start=\"1215\" data-end=\"1264\">Kontroltilstande: Gestusstyring + fjernbetjening<\/p>\n<\/li>\n<li data-start=\"1265\" data-end=\"1293\">\n<p data-start=\"1267\" data-end=\"1293\">Passende alder: 4-15 \u00e5r<\/p>\n<\/li>\n<\/ul>\n<h2 style=\"text-align: center\" data-start=\"1300\" data-end=\"1320\">Pakken Indeholder \ud83d\udce6<\/h2>\n<ul data-start=\"1321\" data-end=\"1494\">\n<li data-start=\"1321\" data-end=\"1361\">\n<p data-start=\"1323\" data-end=\"1361\">1x gestusstyret stuntk\u00f8ret\u00f8j<\/p>\n<\/li>\n<li data-start=\"1362\" data-end=\"1390\">\n<p data-start=\"1364\" data-end=\"1390\">1x genopladeligt batteri<\/p>\n<\/li>\n<li data-start=\"1391\" data-end=\"1413\">\n<p data-start=\"1393\" data-end=\"1413\">1x fjernbetjening<\/p>\n<\/li>\n<li data-start=\"1414\" data-end=\"1444\">\n<p data-start=\"1416\" data-end=\"1444\">1x gestusstyringsfjernbetjening<\/p>\n<\/li>\n<li data-start=\"1445\" data-end=\"1467\">\n<p data-start=\"1447\" data-end=\"1467\">1x opladningskabel<\/p>\n<\/li>\n<li data-start=\"1468\" data-end=\"1494\">\n<p data-start=\"1470\" data-end=\"1494\">1x brugsanvisning.<\/p>\n<\/li>\n<\/ul>\n","protected":false},"excerpt":{"rendered":"<p>\ud83c\udfce\ufe0fThis Bev\u00e6gelsesstyret stuntk\u00f8ret\u00f8j lader b\u00f8rn k\u00f8re, drifte og dreje ved hj\u00e6lp af enten en bev\u00e6gelsessensor eller en klassisk fjernbetjening.<br \/>\n\ud83e\udd16Det giver hurtig respons, j\u00e6vn bev\u00e6gelse og sp\u00e6ndende stuntaction til indend\u00f8rs og udend\u00f8rs leg.<br \/>\n\ud83d\udc66Designet til sjov og sikkerhed, det holder b\u00f8rn engagerede, mens de forbedrer koordinationen og kreativiteten. Et sjovt, interaktivt leget\u00f8j, der forvandler enhver h\u00e5ndbev\u00e6gelse til et sp\u00e6ndende stunteventyr.<\/p>\n","protected":false},"featured_media":23509,"comment_status":"open","ping_status":"closed","template":"","meta":{"site-sidebar-layout":"default","site-content-layout":"","ast-site-content-layout":"default","site-content-style":"default","site-sidebar-style":"default","ast-global-header-display":"","ast-banner-title-visibility":"","ast-main-header-display":"","ast-hfb-above-header-display":"","ast-hfb-below-header-display":"","ast-hfb-mobile-header-display":"","site-post-title":"","ast-breadcrumbs-content":"","ast-featured-img":"","footer-sml-layout":"","ast-disable-related-posts":"","theme-transparent-header-meta":"default","adv-header-id-meta":"","stick-header-meta":"","header-above-stick-meta":"","header-main-stick-meta":"","header-below-stick-meta":"","astra-migrate-meta-layouts":"set","ast-page-background-enabled":"default","ast-page-background-meta":{"desktop":{"background-color":"var(--ast-global-color-5)","background-image":"","background-repeat":"repeat","background-position":"center center","background-size":"auto","background-attachment":"scroll","background-type":"","background-media":"","overlay-type":"","overlay-color":"","overlay-opacity":"","overlay-gradient":""},"tablet":{"background-color":"","background-image":"","background-repeat":"repeat","background-position":"center center","background-size":"auto","background-attachment":"scroll","background-type":"","background-media":"","overlay-type":"","overlay-color":"","overlay-opacity":"","overlay-gradient":""},"mobile":{"background-color":"","background-image":"","background-repeat":"repeat","background-position":"center center","background-size":"auto","background-attachment":"scroll","background-type":"","background-media":"","overlay-type":"","overlay-color":"","overlay-opacity":"","overlay-gradient":""}},"ast-content-background-meta":{"desktop":{"background-color":"var(--ast-global-color-4)","background-image":"","background-repeat":"repeat","background-position":"center center","background-size":"auto","background-attachment":"scroll","background-type":"","background-media":"","overlay-type":"","overlay-color":"","overlay-opacity":"","overlay-gradient":""},"tablet":{"background-color":"var(--ast-global-color-4)","background-image":"","background-repeat":"repeat","background-position":"center center","background-size":"auto","background-attachment":"scroll","background-type":"","background-media":"","overlay-type":"","overlay-color":"","overlay-opacity":"","overlay-gradient":""},"mobile":{"background-color":"var(--ast-global-color-4)","background-image":"","background-repeat":"repeat","background-position":"center center","background-size":"auto","background-attachment":"scroll","background-type":"","background-media":"","overlay-type":"","overlay-color":"","overlay-opacity":"","overlay-gradient":""}}},"product_brand":[],"product_cat":[172],"product_tag":[],"class_list":{"0":"post-23513","1":"product","2":"type-product","3":"status-publish","4":"has-post-thumbnail","6":"product_cat-legetoej-boerne-og-babyprodukter","7":"pa_58723_v220dkaw-blaa","8":"pa_58723_v220dkaw-hvid","9":"desktop-align-left","10":"tablet-align-left","11":"mobile-align-left","13":"first","14":"instock","15":"shipping-taxable","16":"purchasable","17":"product-type-variable"},"yoast_head":"<!-- This site is optimized with the Yoast SEO plugin v27.4 - https:\/\/yoast.com\/product\/yoast-seo-wordpress\/ -->\n<title>Gestusstyret stuntk\u00f8ret\u00f8j - Mekulo DK<\/title>\n<meta name=\"robots\" content=\"index, follow, max-snippet:-1, max-image-preview:large, max-video-preview:-1\" \/>\n<link rel=\"canonical\" href=\"https:\/\/mekulo.com\/dk\/produkt\/gestusstyret-stuntkoeretoej\/\" \/>\n<meta property=\"og:locale\" content=\"da_DK\" \/>\n<meta property=\"og:type\" content=\"article\" \/>\n<meta property=\"og:title\" content=\"Gestusstyret stuntk\u00f8ret\u00f8j - Mekulo DK\" \/>\n<meta property=\"og:description\" content=\"\ud83c\udfce\ufe0fThis Bev\u00e6gelsesstyret stuntk\u00f8ret\u00f8j lader b\u00f8rn k\u00f8re, drifte og dreje ved hj\u00e6lp af enten en bev\u00e6gelsessensor eller en klassisk fjernbetjening. \ud83e\udd16Det giver hurtig respons, j\u00e6vn bev\u00e6gelse og sp\u00e6ndende stuntaction til indend\u00f8rs og udend\u00f8rs leg. \ud83d\udc66Designet til sjov og sikkerhed, det holder b\u00f8rn engagerede, mens de forbedrer koordinationen og kreativiteten. Et sjovt, interaktivt leget\u00f8j, der forvandler enhver h\u00e5ndbev\u00e6gelse til et sp\u00e6ndende stunteventyr.\" \/>\n<meta property=\"og:url\" content=\"https:\/\/mekulo.com\/dk\/produkt\/gestusstyret-stuntkoeretoej\/\" \/>\n<meta property=\"og:site_name\" content=\"Mekulo DK\" \/>\n<meta property=\"article:modified_time\" content=\"2026-02-10T14:53:31+00:00\" \/>\n<meta property=\"og:image\" content=\"https:\/\/mekulo.com\/dk\/wp-content\/uploads\/sites\/12\/2026\/02\/bfyobr2-1.jpg\" \/>\n\t<meta property=\"og:image:width\" content=\"960\" \/>\n\t<meta property=\"og:image:height\" content=\"960\" \/>\n\t<meta property=\"og:image:type\" content=\"image\/jpeg\" \/>\n<meta name=\"twitter:card\" content=\"summary_large_image\" \/>\n<meta name=\"twitter:label1\" content=\"Estimeret l\u00e6setid\" \/>\n\t<meta name=\"twitter:data1\" content=\"2 minutter\" \/>\n<script type=\"application\/ld+json\" class=\"yoast-schema-graph\">{\"@context\":\"https:\\\/\\\/schema.org\",\"@graph\":[{\"@type\":\"WebPage\",\"@id\":\"https:\\\/\\\/mekulo.com\\\/dk\\\/produkt\\\/gestusstyret-stuntkoeretoej\\\/\",\"url\":\"https:\\\/\\\/mekulo.com\\\/dk\\\/produkt\\\/gestusstyret-stuntkoeretoej\\\/\",\"name\":\"Gestusstyret stuntk\u00f8ret\u00f8j - Mekulo DK\",\"isPartOf\":{\"@id\":\"https:\\\/\\\/mekulo.com\\\/dk\\\/#website\"},\"primaryImageOfPage\":{\"@id\":\"https:\\\/\\\/mekulo.com\\\/dk\\\/produkt\\\/gestusstyret-stuntkoeretoej\\\/#primaryimage\"},\"image\":{\"@id\":\"https:\\\/\\\/mekulo.com\\\/dk\\\/produkt\\\/gestusstyret-stuntkoeretoej\\\/#primaryimage\"},\"thumbnailUrl\":\"https:\\\/\\\/mekulo.com\\\/dk\\\/wp-content\\\/uploads\\\/sites\\\/12\\\/2026\\\/02\\\/bfyobr2-1.jpg\",\"datePublished\":\"2026-02-10T14:53:21+00:00\",\"dateModified\":\"2026-02-10T14:53:31+00:00\",\"breadcrumb\":{\"@id\":\"https:\\\/\\\/mekulo.com\\\/dk\\\/produkt\\\/gestusstyret-stuntkoeretoej\\\/#breadcrumb\"},\"inLanguage\":\"da-DK\",\"potentialAction\":[{\"@type\":\"ReadAction\",\"target\":[\"https:\\\/\\\/mekulo.com\\\/dk\\\/produkt\\\/gestusstyret-stuntkoeretoej\\\/\"]}]},{\"@type\":\"ImageObject\",\"inLanguage\":\"da-DK\",\"@id\":\"https:\\\/\\\/mekulo.com\\\/dk\\\/produkt\\\/gestusstyret-stuntkoeretoej\\\/#primaryimage\",\"url\":\"https:\\\/\\\/mekulo.com\\\/dk\\\/wp-content\\\/uploads\\\/sites\\\/12\\\/2026\\\/02\\\/bfyobr2-1.jpg\",\"contentUrl\":\"https:\\\/\\\/mekulo.com\\\/dk\\\/wp-content\\\/uploads\\\/sites\\\/12\\\/2026\\\/02\\\/bfyobr2-1.jpg\",\"width\":960,\"height\":960},{\"@type\":\"BreadcrumbList\",\"@id\":\"https:\\\/\\\/mekulo.com\\\/dk\\\/produkt\\\/gestusstyret-stuntkoeretoej\\\/#breadcrumb\",\"itemListElement\":[{\"@type\":\"ListItem\",\"position\":1,\"name\":\"Home\",\"item\":\"https:\\\/\\\/mekulo.com\\\/dk\\\/\"},{\"@type\":\"ListItem\",\"position\":2,\"name\":\"Butik\",\"item\":\"https:\\\/\\\/mekulo.com\\\/dk\\\/butik\\\/\"},{\"@type\":\"ListItem\",\"position\":3,\"name\":\"Gestusstyret stuntk\u00f8ret\u00f8j\"}]},{\"@type\":\"WebSite\",\"@id\":\"https:\\\/\\\/mekulo.com\\\/dk\\\/#website\",\"url\":\"https:\\\/\\\/mekulo.com\\\/dk\\\/\",\"name\":\"Mekulo DK\",\"description\":\"\",\"publisher\":{\"@id\":\"https:\\\/\\\/mekulo.com\\\/dk\\\/#organization\"},\"potentialAction\":[{\"@type\":\"SearchAction\",\"target\":{\"@type\":\"EntryPoint\",\"urlTemplate\":\"https:\\\/\\\/mekulo.com\\\/dk\\\/?s={search_term_string}\"},\"query-input\":{\"@type\":\"PropertyValueSpecification\",\"valueRequired\":true,\"valueName\":\"search_term_string\"}}],\"inLanguage\":\"da-DK\"},{\"@type\":\"Organization\",\"@id\":\"https:\\\/\\\/mekulo.com\\\/dk\\\/#organization\",\"name\":\"Mekulo\",\"url\":\"https:\\\/\\\/mekulo.com\\\/dk\\\/\",\"logo\":{\"@type\":\"ImageObject\",\"inLanguage\":\"da-DK\",\"@id\":\"https:\\\/\\\/mekulo.com\\\/dk\\\/#\\\/schema\\\/logo\\\/image\\\/\",\"url\":\"https:\\\/\\\/mekulo.com\\\/dk\\\/wp-content\\\/uploads\\\/sites\\\/12\\\/2025\\\/12\\\/favicon_mekulo.png\",\"contentUrl\":\"https:\\\/\\\/mekulo.com\\\/dk\\\/wp-content\\\/uploads\\\/sites\\\/12\\\/2025\\\/12\\\/favicon_mekulo.png\",\"width\":50,\"height\":50,\"caption\":\"Mekulo\"},\"image\":{\"@id\":\"https:\\\/\\\/mekulo.com\\\/dk\\\/#\\\/schema\\\/logo\\\/image\\\/\"}}]}<\/script>\n<!-- \/ Yoast SEO plugin. -->","yoast_head_json":{"title":"Gestusstyret stuntk\u00f8ret\u00f8j - Mekulo DK","robots":{"index":"index","follow":"follow","max-snippet":"max-snippet:-1","max-image-preview":"max-image-preview:large","max-video-preview":"max-video-preview:-1"},"canonical":"https:\/\/mekulo.com\/dk\/produkt\/gestusstyret-stuntkoeretoej\/","og_locale":"da_DK","og_type":"article","og_title":"Gestusstyret stuntk\u00f8ret\u00f8j - Mekulo DK","og_description":"\ud83c\udfce\ufe0fThis Bev\u00e6gelsesstyret stuntk\u00f8ret\u00f8j lader b\u00f8rn k\u00f8re, drifte og dreje ved hj\u00e6lp af enten en bev\u00e6gelsessensor eller en klassisk fjernbetjening. \ud83e\udd16Det giver hurtig respons, j\u00e6vn bev\u00e6gelse og sp\u00e6ndende stuntaction til indend\u00f8rs og udend\u00f8rs leg. \ud83d\udc66Designet til sjov og sikkerhed, det holder b\u00f8rn engagerede, mens de forbedrer koordinationen og kreativiteten. Et sjovt, interaktivt leget\u00f8j, der forvandler enhver h\u00e5ndbev\u00e6gelse til et sp\u00e6ndende stunteventyr.","og_url":"https:\/\/mekulo.com\/dk\/produkt\/gestusstyret-stuntkoeretoej\/","og_site_name":"Mekulo DK","article_modified_time":"2026-02-10T14:53:31+00:00","og_image":[{"width":960,"height":960,"url":"https:\/\/mekulo.com\/dk\/wp-content\/uploads\/sites\/12\/2026\/02\/bfyobr2-1.jpg","type":"image\/jpeg"}],"twitter_card":"summary_large_image","twitter_misc":{"Estimeret l\u00e6setid":"2 minutter"},"schema":{"@context":"https:\/\/schema.org","@graph":[{"@type":"WebPage","@id":"https:\/\/mekulo.com\/dk\/produkt\/gestusstyret-stuntkoeretoej\/","url":"https:\/\/mekulo.com\/dk\/produkt\/gestusstyret-stuntkoeretoej\/","name":"Gestusstyret stuntk\u00f8ret\u00f8j - Mekulo DK","isPartOf":{"@id":"https:\/\/mekulo.com\/dk\/#website"},"primaryImageOfPage":{"@id":"https:\/\/mekulo.com\/dk\/produkt\/gestusstyret-stuntkoeretoej\/#primaryimage"},"image":{"@id":"https:\/\/mekulo.com\/dk\/produkt\/gestusstyret-stuntkoeretoej\/#primaryimage"},"thumbnailUrl":"https:\/\/mekulo.com\/dk\/wp-content\/uploads\/sites\/12\/2026\/02\/bfyobr2-1.jpg","datePublished":"2026-02-10T14:53:21+00:00","dateModified":"2026-02-10T14:53:31+00:00","breadcrumb":{"@id":"https:\/\/mekulo.com\/dk\/produkt\/gestusstyret-stuntkoeretoej\/#breadcrumb"},"inLanguage":"da-DK","potentialAction":[{"@type":"ReadAction","target":["https:\/\/mekulo.com\/dk\/produkt\/gestusstyret-stuntkoeretoej\/"]}]},{"@type":"ImageObject","inLanguage":"da-DK","@id":"https:\/\/mekulo.com\/dk\/produkt\/gestusstyret-stuntkoeretoej\/#primaryimage","url":"https:\/\/mekulo.com\/dk\/wp-content\/uploads\/sites\/12\/2026\/02\/bfyobr2-1.jpg","contentUrl":"https:\/\/mekulo.com\/dk\/wp-content\/uploads\/sites\/12\/2026\/02\/bfyobr2-1.jpg","width":960,"height":960},{"@type":"BreadcrumbList","@id":"https:\/\/mekulo.com\/dk\/produkt\/gestusstyret-stuntkoeretoej\/#breadcrumb","itemListElement":[{"@type":"ListItem","position":1,"name":"Home","item":"https:\/\/mekulo.com\/dk\/"},{"@type":"ListItem","position":2,"name":"Butik","item":"https:\/\/mekulo.com\/dk\/butik\/"},{"@type":"ListItem","position":3,"name":"Gestusstyret stuntk\u00f8ret\u00f8j"}]},{"@type":"WebSite","@id":"https:\/\/mekulo.com\/dk\/#website","url":"https:\/\/mekulo.com\/dk\/","name":"Mekulo DK","description":"","publisher":{"@id":"https:\/\/mekulo.com\/dk\/#organization"},"potentialAction":[{"@type":"SearchAction","target":{"@type":"EntryPoint","urlTemplate":"https:\/\/mekulo.com\/dk\/?s={search_term_string}"},"query-input":{"@type":"PropertyValueSpecification","valueRequired":true,"valueName":"search_term_string"}}],"inLanguage":"da-DK"},{"@type":"Organization","@id":"https:\/\/mekulo.com\/dk\/#organization","name":"Mekulo","url":"https:\/\/mekulo.com\/dk\/","logo":{"@type":"ImageObject","inLanguage":"da-DK","@id":"https:\/\/mekulo.com\/dk\/#\/schema\/logo\/image\/","url":"https:\/\/mekulo.com\/dk\/wp-content\/uploads\/sites\/12\/2025\/12\/favicon_mekulo.png","contentUrl":"https:\/\/mekulo.com\/dk\/wp-content\/uploads\/sites\/12\/2025\/12\/favicon_mekulo.png","width":50,"height":50,"caption":"Mekulo"},"image":{"@id":"https:\/\/mekulo.com\/dk\/#\/schema\/logo\/image\/"}}]}},"_links":{"self":[{"href":"https:\/\/mekulo.com\/dk\/wp-json\/wp\/v2\/product\/23513","targetHints":{"allow":["GET"]}}],"collection":[{"href":"https:\/\/mekulo.com\/dk\/wp-json\/wp\/v2\/product"}],"about":[{"href":"https:\/\/mekulo.com\/dk\/wp-json\/wp\/v2\/types\/product"}],"replies":[{"embeddable":true,"href":"https:\/\/mekulo.com\/dk\/wp-json\/wp\/v2\/comments?post=23513"}],"wp:featuredmedia":[{"embeddable":true,"href":"https:\/\/mekulo.com\/dk\/wp-json\/wp\/v2\/media\/23509"}],"wp:attachment":[{"href":"https:\/\/mekulo.com\/dk\/wp-json\/wp\/v2\/media?parent=23513"}],"wp:term":[{"taxonomy":"product_brand","embeddable":true,"href":"https:\/\/mekulo.com\/dk\/wp-json\/wp\/v2\/product_brand?post=23513"},{"taxonomy":"product_cat","embeddable":true,"href":"https:\/\/mekulo.com\/dk\/wp-json\/wp\/v2\/product_cat?post=23513"},{"taxonomy":"product_tag","embeddable":true,"href":"https:\/\/mekulo.com\/dk\/wp-json\/wp\/v2\/product_tag?post=23513"}],"curies":[{"name":"wp","href":"https:\/\/api.w.org\/{rel}","templated":true}]}}