{"id":23478,"date":"2026-02-10T16:49:46","date_gmt":"2026-02-10T14:49:46","guid":{"rendered":"https:\/\/mekulo.com\/dk\/produkt\/saet-med-finmasket-si\/"},"modified":"2026-02-10T16:53:10","modified_gmt":"2026-02-10T14:53:10","slug":"saet-med-finmasket-si","status":"publish","type":"product","link":"https:\/\/mekulo.com\/dk\/produkt\/saet-med-finmasket-si\/","title":{"rendered":"S\u00e6t med finmasket si"},"content":{"rendered":"<p style=\"text-align: center\" data-start=\"24\" data-end=\"96\"><strong data-start=\"24\" data-end=\"96\">Forbered, vask, riv og afdryp maden hurtigere med \u00e9t smart k\u00f8kkens\u00e6t. \ud83d\udc69\u200d\ud83c\udf73<\/strong><\/p>\n<h2 style=\"text-align: center\" data-start=\"24\" data-end=\"96\"><img fetchpriority=\"high\" decoding=\"async\" class=\"size-full wp-image-24411 aligncenter\" src=\"https:\/\/mekulo.com\/template\/wp-content\/uploads\/sites\/6\/2026\/02\/d95a79dc-69d5-4771-b256-1bb2a0138f6b.jpg\" alt=\"\" width=\"590\" height=\"590\" \/><strong>Vigtigste fordele \ud83e\udd55<\/strong><\/h2>\n<p data-start=\"396\" data-end=\"733\">\ud83e\udd55 Multifunktionelt design &#8211; Makuler, vask og afdryp i \u00e9t s\u00e6t.<\/p>\n<p data-start=\"396\" data-end=\"733\">\ud83d\udd2a Flere makuleringsmuligheder &#8211; Fine og grove snit med lethed.<\/p>\n<p data-start=\"396\" data-end=\"733\">\ud83d\udca7 Hurtig vandafledning &#8211; Hul bund dr\u00e6ner vand hurtigt.<\/p>\n<p data-start=\"396\" data-end=\"733\">\ud83e\udd63 Holdbart rustfrit st\u00e5l &#8211; St\u00e6rkt, rustbestandigt og sikkert.<\/p>\n<p data-start=\"396\" data-end=\"733\">\ud83e\uddfc Let at reng\u00f8re og opbevare &#8211; Glat overflade og stabelbare sk\u00e5le<\/p>\n<h2 data-start=\"396\" data-end=\"733\"><\/h2>\n<h2 style=\"text-align: center\" data-start=\"396\" data-end=\"733\"><strong>Produktm\u00e5l \ud83d\udccf<\/strong><\/h2>\n<p data-start=\"396\" data-end=\"733\"><img decoding=\"async\" class=\"size-full wp-image-24522 aligncenter\" src=\"https:\/\/mekulo.com\/template\/wp-content\/uploads\/sites\/6\/2026\/02\/1615459417180616.png\" alt=\"\" width=\"750\" height=\"610\" \/><\/p>\n<h2 style=\"text-align: center\" data-start=\"740\" data-end=\"754\"><strong>S\u00e5dan Bruges \ud83d\udccc<\/strong><\/h2>\n<ol data-start=\"755\" data-end=\"1014\">\n<li data-start=\"755\" data-end=\"831\">\n<p data-start=\"758\" data-end=\"831\">Placer gr\u00f8ntsager eller frugt i rivesk\u00e5len og riv efter behov.<\/p>\n<\/li>\n<li data-start=\"832\" data-end=\"892\">\n<p data-start=\"835\" data-end=\"892\">Brug dr\u00e6nsk\u00e5len til at skylle og fjerne overskydende vand.<\/p>\n<\/li>\n<li data-start=\"893\" data-end=\"953\">\n<p data-start=\"896\" data-end=\"953\">Vask ris, r\u00e5varer eller andre f\u00f8devarer i vaskesk\u00e5len.<\/p>\n<\/li>\n<li data-start=\"954\" data-end=\"1014\">\n<p data-start=\"957\" data-end=\"1014\">Stabl sk\u00e5lene sammen efter brug for kompakt opbevaring.<\/p>\n<\/li>\n<\/ol>\n<h2 style=\"text-align: center\" data-start=\"1021\" data-end=\"1040\"><strong>Produktoplysninger \ud83d\udccf<\/strong><\/h2>\n<ul data-start=\"1041\" data-end=\"1302\">\n<li data-start=\"1041\" data-end=\"1070\">\n<p data-start=\"1043\" data-end=\"1070\">Materiale: Rustfrit st\u00e5l<\/p>\n<\/li>\n<li data-start=\"1071\" data-end=\"1128\">\n<p data-start=\"1073\" data-end=\"1128\">S\u00e6t type: Makuleringssk\u00e5l, aftapningssk\u00e5l, vaskesk\u00e5l<\/p>\n<\/li>\n<li data-start=\"1129\" data-end=\"1177\">\n<p data-start=\"1131\" data-end=\"1177\">Makuleringsmuligheder: 4 forskellige sk\u00e6rehuller<\/p>\n<\/li>\n<li data-start=\"1178\" data-end=\"1221\">\n<p data-start=\"1180\" data-end=\"1221\">Finish: Spejlpoleret, glat overflade<\/p>\n<\/li>\n<li data-start=\"1222\" data-end=\"1265\">\n<p data-start=\"1224\" data-end=\"1265\">Design: Afrundede kanter for sikker h\u00e5ndtering<\/p>\n<\/li>\n<li data-start=\"1266\" data-end=\"1302\">\n<p data-start=\"1268\" data-end=\"1302\">Opbevaring: Kan stables for at spare plads<\/p>\n<\/li>\n<li data-start=\"1266\" data-end=\"1302\">Diameter: 26 cm<\/li>\n<li data-start=\"1266\" data-end=\"1302\">Kapacitet: 2000 ml<\/li>\n<\/ul>\n<h2 style=\"text-align: center\" data-start=\"1309\" data-end=\"1329\"><strong>Pakken Indeholder \ud83d\udce6<\/strong><\/h2>\n<ul data-start=\"1330\" data-end=\"1395\">\n<li data-start=\"1330\" data-end=\"1352\">\n<p data-start=\"1332\" data-end=\"1352\">1, 2, 3x s\u00e6t med finmasket si (rivesk\u00e5l, dr\u00e6nsk\u00e5l, vaskesk\u00e5l).<\/p>\n<\/li>\n<\/ul>\n","protected":false},"excerpt":{"rendered":"<p>\ud83e\udd57Dette finmaskede si-s\u00e6t kombinerer findeling, vask og afdrypning i \u00e9n praktisk l\u00f8sning.<br \/>\n\ud83c\udf7d\ufe0fMade af holdbart rustfrit st\u00e5l hj\u00e6lper det dig med at tilberede gr\u00f8ntsager og frugt hurtigt, samtidig med at dit k\u00f8kken holdes rent og organiseret.<br \/>\n\ud83c\udfe0Perfekt til daglig madlavning og tilberedning af m\u00e5ltider. Et alsidigt k\u00f8kkenredskab, der sparer tid, plads og kr\u00e6fter hver dag.<\/p>\n","protected":false},"featured_media":23474,"comment_status":"open","ping_status":"closed","template":"","meta":{"site-sidebar-layout":"default","site-content-layout":"","ast-site-content-layout":"default","site-content-style":"default","site-sidebar-style":"default","ast-global-header-display":"","ast-banner-title-visibility":"","ast-main-header-display":"","ast-hfb-above-header-display":"","ast-hfb-below-header-display":"","ast-hfb-mobile-header-display":"","site-post-title":"","ast-breadcrumbs-content":"","ast-featured-img":"","footer-sml-layout":"","ast-disable-related-posts":"","theme-transparent-header-meta":"default","adv-header-id-meta":"","stick-header-meta":"","header-above-stick-meta":"","header-main-stick-meta":"","header-below-stick-meta":"","astra-migrate-meta-layouts":"set","ast-page-background-enabled":"default","ast-page-background-meta":{"desktop":{"background-color":"var(--ast-global-color-5)","background-image":"","background-repeat":"repeat","background-position":"center center","background-size":"auto","background-attachment":"scroll","background-type":"","background-media":"","overlay-type":"","overlay-color":"","overlay-opacity":"","overlay-gradient":""},"tablet":{"background-color":"","background-image":"","background-repeat":"repeat","background-position":"center center","background-size":"auto","background-attachment":"scroll","background-type":"","background-media":"","overlay-type":"","overlay-color":"","overlay-opacity":"","overlay-gradient":""},"mobile":{"background-color":"","background-image":"","background-repeat":"repeat","background-position":"center center","background-size":"auto","background-attachment":"scroll","background-type":"","background-media":"","overlay-type":"","overlay-color":"","overlay-opacity":"","overlay-gradient":""}},"ast-content-background-meta":{"desktop":{"background-color":"var(--ast-global-color-4)","background-image":"","background-repeat":"repeat","background-position":"center center","background-size":"auto","background-attachment":"scroll","background-type":"","background-media":"","overlay-type":"","overlay-color":"","overlay-opacity":"","overlay-gradient":""},"tablet":{"background-color":"var(--ast-global-color-4)","background-image":"","background-repeat":"repeat","background-position":"center center","background-size":"auto","background-attachment":"scroll","background-type":"","background-media":"","overlay-type":"","overlay-color":"","overlay-opacity":"","overlay-gradient":""},"mobile":{"background-color":"var(--ast-global-color-4)","background-image":"","background-repeat":"repeat","background-position":"center center","background-size":"auto","background-attachment":"scroll","background-type":"","background-media":"","overlay-type":"","overlay-color":"","overlay-opacity":"","overlay-gradient":""}}},"product_brand":[],"product_cat":[168],"product_tag":[],"class_list":{"0":"post-23478","1":"product","2":"type-product","3":"status-publish","4":"has-post-thumbnail","6":"product_cat-husholdningsartikler","7":"pa_58679_6u23d87d-1-saet","8":"pa_58679_6u23d87d-2-saet","9":"pa_58679_6u23d87d-3-saet","10":"desktop-align-left","11":"tablet-align-left","12":"mobile-align-left","14":"first","15":"instock","16":"shipping-taxable","17":"purchasable","18":"product-type-variable"},"yoast_head":"<!-- This site is optimized with the Yoast SEO plugin v27.4 - https:\/\/yoast.com\/product\/yoast-seo-wordpress\/ -->\n<title>S\u00e6t med finmasket si - Mekulo DK<\/title>\n<meta name=\"robots\" content=\"index, follow, max-snippet:-1, max-image-preview:large, max-video-preview:-1\" \/>\n<link rel=\"canonical\" href=\"https:\/\/mekulo.com\/dk\/produkt\/saet-med-finmasket-si\/\" \/>\n<meta property=\"og:locale\" content=\"da_DK\" \/>\n<meta property=\"og:type\" content=\"article\" \/>\n<meta property=\"og:title\" content=\"S\u00e6t med finmasket si - Mekulo DK\" \/>\n<meta property=\"og:description\" content=\"\ud83e\udd57Dette finmaskede si-s\u00e6t kombinerer findeling, vask og afdrypning i \u00e9n praktisk l\u00f8sning. \ud83c\udf7d\ufe0fMade af holdbart rustfrit st\u00e5l hj\u00e6lper det dig med at tilberede gr\u00f8ntsager og frugt hurtigt, samtidig med at dit k\u00f8kken holdes rent og organiseret. \ud83c\udfe0Perfekt til daglig madlavning og tilberedning af m\u00e5ltider. Et alsidigt k\u00f8kkenredskab, der sparer tid, plads og kr\u00e6fter hver dag.\" \/>\n<meta property=\"og:url\" content=\"https:\/\/mekulo.com\/dk\/produkt\/saet-med-finmasket-si\/\" \/>\n<meta property=\"og:site_name\" content=\"Mekulo DK\" \/>\n<meta property=\"article:modified_time\" content=\"2026-02-10T14:53:10+00:00\" \/>\n<meta property=\"og:image\" content=\"https:\/\/mekulo.com\/dk\/wp-content\/uploads\/sites\/12\/2026\/02\/mc1nnwa-1.jpg\" \/>\n\t<meta property=\"og:image:width\" content=\"800\" \/>\n\t<meta property=\"og:image:height\" content=\"800\" \/>\n\t<meta property=\"og:image:type\" content=\"image\/jpeg\" \/>\n<meta name=\"twitter:card\" content=\"summary_large_image\" \/>\n<meta name=\"twitter:label1\" content=\"Estimeret l\u00e6setid\" \/>\n\t<meta name=\"twitter:data1\" content=\"2 minutter\" \/>\n<script type=\"application\/ld+json\" class=\"yoast-schema-graph\">{\"@context\":\"https:\\\/\\\/schema.org\",\"@graph\":[{\"@type\":\"WebPage\",\"@id\":\"https:\\\/\\\/mekulo.com\\\/dk\\\/produkt\\\/saet-med-finmasket-si\\\/\",\"url\":\"https:\\\/\\\/mekulo.com\\\/dk\\\/produkt\\\/saet-med-finmasket-si\\\/\",\"name\":\"S\u00e6t med finmasket si - Mekulo DK\",\"isPartOf\":{\"@id\":\"https:\\\/\\\/mekulo.com\\\/dk\\\/#website\"},\"primaryImageOfPage\":{\"@id\":\"https:\\\/\\\/mekulo.com\\\/dk\\\/produkt\\\/saet-med-finmasket-si\\\/#primaryimage\"},\"image\":{\"@id\":\"https:\\\/\\\/mekulo.com\\\/dk\\\/produkt\\\/saet-med-finmasket-si\\\/#primaryimage\"},\"thumbnailUrl\":\"https:\\\/\\\/mekulo.com\\\/dk\\\/wp-content\\\/uploads\\\/sites\\\/12\\\/2026\\\/02\\\/mc1nnwa-1.jpg\",\"datePublished\":\"2026-02-10T14:49:46+00:00\",\"dateModified\":\"2026-02-10T14:53:10+00:00\",\"breadcrumb\":{\"@id\":\"https:\\\/\\\/mekulo.com\\\/dk\\\/produkt\\\/saet-med-finmasket-si\\\/#breadcrumb\"},\"inLanguage\":\"da-DK\",\"potentialAction\":[{\"@type\":\"ReadAction\",\"target\":[\"https:\\\/\\\/mekulo.com\\\/dk\\\/produkt\\\/saet-med-finmasket-si\\\/\"]}]},{\"@type\":\"ImageObject\",\"inLanguage\":\"da-DK\",\"@id\":\"https:\\\/\\\/mekulo.com\\\/dk\\\/produkt\\\/saet-med-finmasket-si\\\/#primaryimage\",\"url\":\"https:\\\/\\\/mekulo.com\\\/dk\\\/wp-content\\\/uploads\\\/sites\\\/12\\\/2026\\\/02\\\/mc1nnwa-1.jpg\",\"contentUrl\":\"https:\\\/\\\/mekulo.com\\\/dk\\\/wp-content\\\/uploads\\\/sites\\\/12\\\/2026\\\/02\\\/mc1nnwa-1.jpg\",\"width\":800,\"height\":800},{\"@type\":\"BreadcrumbList\",\"@id\":\"https:\\\/\\\/mekulo.com\\\/dk\\\/produkt\\\/saet-med-finmasket-si\\\/#breadcrumb\",\"itemListElement\":[{\"@type\":\"ListItem\",\"position\":1,\"name\":\"Home\",\"item\":\"https:\\\/\\\/mekulo.com\\\/dk\\\/\"},{\"@type\":\"ListItem\",\"position\":2,\"name\":\"Butik\",\"item\":\"https:\\\/\\\/mekulo.com\\\/dk\\\/butik\\\/\"},{\"@type\":\"ListItem\",\"position\":3,\"name\":\"S\u00e6t med finmasket si\"}]},{\"@type\":\"WebSite\",\"@id\":\"https:\\\/\\\/mekulo.com\\\/dk\\\/#website\",\"url\":\"https:\\\/\\\/mekulo.com\\\/dk\\\/\",\"name\":\"Mekulo DK\",\"description\":\"\",\"publisher\":{\"@id\":\"https:\\\/\\\/mekulo.com\\\/dk\\\/#organization\"},\"potentialAction\":[{\"@type\":\"SearchAction\",\"target\":{\"@type\":\"EntryPoint\",\"urlTemplate\":\"https:\\\/\\\/mekulo.com\\\/dk\\\/?s={search_term_string}\"},\"query-input\":{\"@type\":\"PropertyValueSpecification\",\"valueRequired\":true,\"valueName\":\"search_term_string\"}}],\"inLanguage\":\"da-DK\"},{\"@type\":\"Organization\",\"@id\":\"https:\\\/\\\/mekulo.com\\\/dk\\\/#organization\",\"name\":\"Mekulo\",\"url\":\"https:\\\/\\\/mekulo.com\\\/dk\\\/\",\"logo\":{\"@type\":\"ImageObject\",\"inLanguage\":\"da-DK\",\"@id\":\"https:\\\/\\\/mekulo.com\\\/dk\\\/#\\\/schema\\\/logo\\\/image\\\/\",\"url\":\"https:\\\/\\\/mekulo.com\\\/dk\\\/wp-content\\\/uploads\\\/sites\\\/12\\\/2025\\\/12\\\/favicon_mekulo.png\",\"contentUrl\":\"https:\\\/\\\/mekulo.com\\\/dk\\\/wp-content\\\/uploads\\\/sites\\\/12\\\/2025\\\/12\\\/favicon_mekulo.png\",\"width\":50,\"height\":50,\"caption\":\"Mekulo\"},\"image\":{\"@id\":\"https:\\\/\\\/mekulo.com\\\/dk\\\/#\\\/schema\\\/logo\\\/image\\\/\"}}]}<\/script>\n<!-- \/ Yoast SEO plugin. -->","yoast_head_json":{"title":"S\u00e6t med finmasket si - Mekulo DK","robots":{"index":"index","follow":"follow","max-snippet":"max-snippet:-1","max-image-preview":"max-image-preview:large","max-video-preview":"max-video-preview:-1"},"canonical":"https:\/\/mekulo.com\/dk\/produkt\/saet-med-finmasket-si\/","og_locale":"da_DK","og_type":"article","og_title":"S\u00e6t med finmasket si - Mekulo DK","og_description":"\ud83e\udd57Dette finmaskede si-s\u00e6t kombinerer findeling, vask og afdrypning i \u00e9n praktisk l\u00f8sning. \ud83c\udf7d\ufe0fMade af holdbart rustfrit st\u00e5l hj\u00e6lper det dig med at tilberede gr\u00f8ntsager og frugt hurtigt, samtidig med at dit k\u00f8kken holdes rent og organiseret. \ud83c\udfe0Perfekt til daglig madlavning og tilberedning af m\u00e5ltider. Et alsidigt k\u00f8kkenredskab, der sparer tid, plads og kr\u00e6fter hver dag.","og_url":"https:\/\/mekulo.com\/dk\/produkt\/saet-med-finmasket-si\/","og_site_name":"Mekulo DK","article_modified_time":"2026-02-10T14:53:10+00:00","og_image":[{"width":800,"height":800,"url":"https:\/\/mekulo.com\/dk\/wp-content\/uploads\/sites\/12\/2026\/02\/mc1nnwa-1.jpg","type":"image\/jpeg"}],"twitter_card":"summary_large_image","twitter_misc":{"Estimeret l\u00e6setid":"2 minutter"},"schema":{"@context":"https:\/\/schema.org","@graph":[{"@type":"WebPage","@id":"https:\/\/mekulo.com\/dk\/produkt\/saet-med-finmasket-si\/","url":"https:\/\/mekulo.com\/dk\/produkt\/saet-med-finmasket-si\/","name":"S\u00e6t med finmasket si - Mekulo DK","isPartOf":{"@id":"https:\/\/mekulo.com\/dk\/#website"},"primaryImageOfPage":{"@id":"https:\/\/mekulo.com\/dk\/produkt\/saet-med-finmasket-si\/#primaryimage"},"image":{"@id":"https:\/\/mekulo.com\/dk\/produkt\/saet-med-finmasket-si\/#primaryimage"},"thumbnailUrl":"https:\/\/mekulo.com\/dk\/wp-content\/uploads\/sites\/12\/2026\/02\/mc1nnwa-1.jpg","datePublished":"2026-02-10T14:49:46+00:00","dateModified":"2026-02-10T14:53:10+00:00","breadcrumb":{"@id":"https:\/\/mekulo.com\/dk\/produkt\/saet-med-finmasket-si\/#breadcrumb"},"inLanguage":"da-DK","potentialAction":[{"@type":"ReadAction","target":["https:\/\/mekulo.com\/dk\/produkt\/saet-med-finmasket-si\/"]}]},{"@type":"ImageObject","inLanguage":"da-DK","@id":"https:\/\/mekulo.com\/dk\/produkt\/saet-med-finmasket-si\/#primaryimage","url":"https:\/\/mekulo.com\/dk\/wp-content\/uploads\/sites\/12\/2026\/02\/mc1nnwa-1.jpg","contentUrl":"https:\/\/mekulo.com\/dk\/wp-content\/uploads\/sites\/12\/2026\/02\/mc1nnwa-1.jpg","width":800,"height":800},{"@type":"BreadcrumbList","@id":"https:\/\/mekulo.com\/dk\/produkt\/saet-med-finmasket-si\/#breadcrumb","itemListElement":[{"@type":"ListItem","position":1,"name":"Home","item":"https:\/\/mekulo.com\/dk\/"},{"@type":"ListItem","position":2,"name":"Butik","item":"https:\/\/mekulo.com\/dk\/butik\/"},{"@type":"ListItem","position":3,"name":"S\u00e6t med finmasket si"}]},{"@type":"WebSite","@id":"https:\/\/mekulo.com\/dk\/#website","url":"https:\/\/mekulo.com\/dk\/","name":"Mekulo DK","description":"","publisher":{"@id":"https:\/\/mekulo.com\/dk\/#organization"},"potentialAction":[{"@type":"SearchAction","target":{"@type":"EntryPoint","urlTemplate":"https:\/\/mekulo.com\/dk\/?s={search_term_string}"},"query-input":{"@type":"PropertyValueSpecification","valueRequired":true,"valueName":"search_term_string"}}],"inLanguage":"da-DK"},{"@type":"Organization","@id":"https:\/\/mekulo.com\/dk\/#organization","name":"Mekulo","url":"https:\/\/mekulo.com\/dk\/","logo":{"@type":"ImageObject","inLanguage":"da-DK","@id":"https:\/\/mekulo.com\/dk\/#\/schema\/logo\/image\/","url":"https:\/\/mekulo.com\/dk\/wp-content\/uploads\/sites\/12\/2025\/12\/favicon_mekulo.png","contentUrl":"https:\/\/mekulo.com\/dk\/wp-content\/uploads\/sites\/12\/2025\/12\/favicon_mekulo.png","width":50,"height":50,"caption":"Mekulo"},"image":{"@id":"https:\/\/mekulo.com\/dk\/#\/schema\/logo\/image\/"}}]}},"_links":{"self":[{"href":"https:\/\/mekulo.com\/dk\/wp-json\/wp\/v2\/product\/23478","targetHints":{"allow":["GET"]}}],"collection":[{"href":"https:\/\/mekulo.com\/dk\/wp-json\/wp\/v2\/product"}],"about":[{"href":"https:\/\/mekulo.com\/dk\/wp-json\/wp\/v2\/types\/product"}],"replies":[{"embeddable":true,"href":"https:\/\/mekulo.com\/dk\/wp-json\/wp\/v2\/comments?post=23478"}],"wp:featuredmedia":[{"embeddable":true,"href":"https:\/\/mekulo.com\/dk\/wp-json\/wp\/v2\/media\/23474"}],"wp:attachment":[{"href":"https:\/\/mekulo.com\/dk\/wp-json\/wp\/v2\/media?parent=23478"}],"wp:term":[{"taxonomy":"product_brand","embeddable":true,"href":"https:\/\/mekulo.com\/dk\/wp-json\/wp\/v2\/product_brand?post=23478"},{"taxonomy":"product_cat","embeddable":true,"href":"https:\/\/mekulo.com\/dk\/wp-json\/wp\/v2\/product_cat?post=23478"},{"taxonomy":"product_tag","embeddable":true,"href":"https:\/\/mekulo.com\/dk\/wp-json\/wp\/v2\/product_tag?post=23478"}],"curies":[{"name":"wp","href":"https:\/\/api.w.org\/{rel}","templated":true}]}}