{"id":23414,"date":"2026-02-10T07:38:41","date_gmt":"2026-02-10T05:38:41","guid":{"rendered":"https:\/\/mekulo.com\/dk\/produkt\/sammenklappelig-opbevaringshylde-6-lag\/"},"modified":"2026-02-10T07:38:41","modified_gmt":"2026-02-10T05:38:41","slug":"sammenklappelig-opbevaringshylde-6-lag","status":"publish","type":"product","link":"https:\/\/mekulo.com\/dk\/produkt\/sammenklappelig-opbevaringshylde-6-lag\/","title":{"rendered":"Sammenklappelig opbevaringshylde (6 lag)"},"content":{"rendered":"<div class=\"flex flex-col text-sm pb-25\">\n<article class=\"text-token-text-primary w-full focus:outline-none [--shadow-height:45px] has-data-writing-block:pointer-events-none has-data-writing-block:-mt-(--shadow-height) has-data-writing-block:pt-(--shadow-height) [&amp;:has([data-writing-block])&gt;*]:pointer-events-auto scroll-mt-[calc(var(--header-height)+min(200px,max(70px,20svh)))]\" dir=\"auto\" data-turn-id=\"bae8e57f-73e1-4f41-a807-e91946eddb78\" data-testid=\"conversation-turn-188\" data-scroll-anchor=\"true\" data-turn=\"assistant\">\n<div class=\"text-base my-auto mx-auto pb-10 [--thread-content-margin:--spacing(4)] @w-sm\/main:[--thread-content-margin:--spacing(6)] @w-lg\/main:[--thread-content-margin:--spacing(16)] px-(--thread-content-margin)\">\n<div class=\"[--thread-content-max-width:40rem] @w-lg\/main:[--thread-content-max-width:48rem] mx-auto max-w-(--thread-content-max-width) flex-1 group\/turn-messages focus-visible:outline-hidden relative flex w-full min-w-0 flex-col agent-turn\">\n<div class=\"flex max-w-full flex-col grow\">\n<div class=\"min-h-8 text-message relative flex w-full flex-col items-end gap-2 text-start break-words whitespace-normal [.text-message+&amp;]:mt-1\" dir=\"auto\" data-message-author-role=\"assistant\" data-message-id=\"8fd0d530-401c-40eb-8339-d2af0632975c\" data-message-model-slug=\"gpt-5-2\">\n<div class=\"flex w-full flex-col gap-1 empty:hidden first:pt-[1px]\">\n<div class=\"markdown prose dark:prose-invert w-full wrap-break-word light markdown-new-styling\">\n<p style=\"text-align: center\" data-start=\"27\" data-end=\"101\"><strong data-start=\"27\" data-end=\"101\">Organiser Dine Sko Og Andre Ting P\u00e6nt, Og Spar V\u00e6rdifuld Plads. \ud83d\udc5e<\/strong><\/p>\n<p data-start=\"27\" data-end=\"101\"><img fetchpriority=\"high\" decoding=\"async\" class=\"size-full wp-image-23937 aligncenter\" src=\"https:\/\/mekulo.com\/template\/wp-content\/uploads\/sites\/6\/2026\/02\/\u03a0\u03c4\u03c5\u03c3\u03c3\u03cc\u03bc\u03b5\u03bd\u03b7-\u03a1\u03b1\u03c6\u03b9\u03ad\u03c1\u03b1-\u039f\u03c1\u03b3\u03ac\u03bd\u03c9\u03c3\u03b7\u03c2-\u0391\u03c0\u03bf\u03b8\u03ae\u03ba\u03b5\u03c5\u03c3\u03b7\u03c2-6-\u0398\u03ad\u03c3\u03b5\u03c9\u03bd5-1.png\" alt=\"\" width=\"800\" height=\"800\" \/><\/p>\n<h2 style=\"text-align: center\" data-start=\"361\" data-end=\"378\"><strong>Hovedfordele \ud83d\udc5f<\/strong><\/h2>\n<p data-start=\"381\" data-end=\"456\">\ud83d\udc5f Stor opbevaringskapacitet &#8211; rummer sneakers, h\u00e6le og dagligt fodt\u00f8j.<\/p>\n<p data-start=\"459\" data-end=\"524\">\ud83e\udde9 Nem, v\u00e6rkt\u00f8jsfri ops\u00e6tning &#8211; klar til brug p\u00e5 under 60 sekunder.<\/p>\n<p data-start=\"527\" data-end=\"591\">\ud83e\uddf1 St\u00e6rk og stabil &#8211; underst\u00f8tter op til 20 kg uden at v\u00e6lte.<\/p>\n<p data-start=\"594\" data-end=\"672\">\ud83c\udf2c\ufe0f \u00c5ndbart design &#8211; Luftcirkulation hj\u00e6lper med at forhindre fugt og lugt.<\/p>\n<p data-start=\"675\" data-end=\"742\">\ud83d\udc40 Klart frontpanel &#8211; Find hurtigt, hvad du har brug for.<\/p>\n<p data-start=\"745\" data-end=\"818\">\ud83c\udfe0 Multifunktionel brug &#8211; Opbevar sko, t\u00f8j, hatte, makeup m.m.<\/p>\n<p data-start=\"745\" data-end=\"818\"><img decoding=\"async\" class=\"size-full wp-image-23940 aligncenter\" src=\"https:\/\/mekulo.com\/template\/wp-content\/uploads\/sites\/6\/2026\/02\/\u03a0\u03c4\u03c5\u03c3\u03c3\u03cc\u03bc\u03b5\u03bd\u03b7-\u03a1\u03b1\u03c6\u03b9\u03ad\u03c1\u03b1-\u039f\u03c1\u03b3\u03ac\u03bd\u03c9\u03c3\u03b7\u03c2-\u0391\u03c0\u03bf\u03b8\u03ae\u03ba\u03b5\u03c5\u03c3\u03b7\u03c2-6-\u0398\u03ad\u03c3\u03b5\u03c9\u03bd2.png\" alt=\"\" width=\"800\" height=\"800\" \/><\/p>\n<h2 style=\"text-align: center\" data-start=\"825\" data-end=\"839\"><strong>S\u00e5dan Bruges \ud83d\udccc<\/strong><\/h2>\n<ol data-start=\"840\" data-end=\"988\">\n<li data-start=\"840\" data-end=\"868\">\n<p data-start=\"843\" data-end=\"868\">Fold opbevaringshylden ud.<\/p>\n<\/li>\n<li data-start=\"869\" data-end=\"899\">\n<p data-start=\"872\" data-end=\"899\">Klik panelerne p\u00e5 plads.<\/p>\n<\/li>\n<li data-start=\"900\" data-end=\"943\">\n<p data-start=\"903\" data-end=\"943\">Stabl enheder, hvis det er n\u00f8dvendigt for ekstra opbevaring.<\/p>\n<\/li>\n<li data-start=\"944\" data-end=\"988\">\n<p data-start=\"947\" data-end=\"988\">Placer tingene inde i skabet, og luk det.<\/p>\n<\/li>\n<\/ol>\n<h2 style=\"text-align: center\" data-start=\"995\" data-end=\"1014\"><strong>Produktdetaljer \ud83d\udccf<\/strong><\/h2>\n<ul data-start=\"1015\" data-end=\"1178\">\n<li data-start=\"1015\" data-end=\"1036\">\n<p data-start=\"1017\" data-end=\"1036\">Materiale: PS + PP<\/p>\n<\/li>\n<li data-start=\"1062\" data-end=\"1093\">\n<p data-start=\"1064\" data-end=\"1093\">Size: 34,5 x 25,5 x 19,5 cm<\/p>\n<\/li>\n<li data-start=\"1094\" data-end=\"1123\">\n<p data-start=\"1096\" data-end=\"1123\">Load capacity: Op til 20 kg<\/p>\n<\/li>\n<li data-start=\"1124\" data-end=\"1178\">\n<p data-start=\"1126\" data-end=\"1178\">Design: Foldbar, stabelbar, \u00e5ndbart bagpanel<\/p>\n<\/li>\n<li data-start=\"1124\" data-end=\"1178\">Stil: 6 lag<\/li>\n<\/ul>\n<h2 style=\"text-align: center\" data-start=\"1185\" data-end=\"1205\"><strong>Pakken Indeholder \ud83d\udce6<\/strong><\/h2>\n<ul data-start=\"1206\" data-end=\"1249\" data-is-last-node=\"\" data-is-only-node=\"\">\n<li data-start=\"1206\" data-end=\"1249\" data-is-last-node=\"\">\n<p data-start=\"1208\" data-end=\"1249\" data-is-last-node=\"\">1x foldbar opbevaringshylde.<\/p>\n<\/li>\n<\/ul>\n<\/div>\n<\/div>\n<\/div>\n<\/div>\n<\/div>\n<\/div>\n<\/article>\n<\/div>\n","protected":false},"excerpt":{"rendered":"<p>\ud83d\udc60Denne sammenklappelige opbevaringshylde giver dig en ren og praktisk m\u00e5de at opbevare sko, t\u00f8j og daglige ting p\u00e5 uden rod.<br \/>\n\ud83c\udfe0Den har et robust, stabelbart design med klare paneler, s\u00e5 du nemt kan se, hvad der er indeni, hvilket g\u00f8r organisering enkel og hurtig.<br \/>\n\ud83e\udde9Perfekt til sovev\u00e6relser, skabe eller indgangspartier, den holder alting p\u00e6nt, mens du maksimerer din tilg\u00e6ngelige plads.<\/p>\n","protected":false},"featured_media":23410,"comment_status":"open","ping_status":"closed","template":"","meta":{"site-sidebar-layout":"default","site-content-layout":"","ast-site-content-layout":"default","site-content-style":"default","site-sidebar-style":"default","ast-global-header-display":"","ast-banner-title-visibility":"","ast-main-header-display":"","ast-hfb-above-header-display":"","ast-hfb-below-header-display":"","ast-hfb-mobile-header-display":"","site-post-title":"","ast-breadcrumbs-content":"","ast-featured-img":"","footer-sml-layout":"","ast-disable-related-posts":"","theme-transparent-header-meta":"default","adv-header-id-meta":"","stick-header-meta":"","header-above-stick-meta":"","header-main-stick-meta":"","header-below-stick-meta":"","astra-migrate-meta-layouts":"set","ast-page-background-enabled":"default","ast-page-background-meta":{"desktop":{"background-color":"var(--ast-global-color-5)","background-image":"","background-repeat":"repeat","background-position":"center center","background-size":"auto","background-attachment":"scroll","background-type":"","background-media":"","overlay-type":"","overlay-color":"","overlay-opacity":"","overlay-gradient":""},"tablet":{"background-color":"","background-image":"","background-repeat":"repeat","background-position":"center center","background-size":"auto","background-attachment":"scroll","background-type":"","background-media":"","overlay-type":"","overlay-color":"","overlay-opacity":"","overlay-gradient":""},"mobile":{"background-color":"","background-image":"","background-repeat":"repeat","background-position":"center center","background-size":"auto","background-attachment":"scroll","background-type":"","background-media":"","overlay-type":"","overlay-color":"","overlay-opacity":"","overlay-gradient":""}},"ast-content-background-meta":{"desktop":{"background-color":"var(--ast-global-color-4)","background-image":"","background-repeat":"repeat","background-position":"center center","background-size":"auto","background-attachment":"scroll","background-type":"","background-media":"","overlay-type":"","overlay-color":"","overlay-opacity":"","overlay-gradient":""},"tablet":{"background-color":"var(--ast-global-color-4)","background-image":"","background-repeat":"repeat","background-position":"center center","background-size":"auto","background-attachment":"scroll","background-type":"","background-media":"","overlay-type":"","overlay-color":"","overlay-opacity":"","overlay-gradient":""},"mobile":{"background-color":"var(--ast-global-color-4)","background-image":"","background-repeat":"repeat","background-position":"center center","background-size":"auto","background-attachment":"scroll","background-type":"","background-media":"","overlay-type":"","overlay-color":"","overlay-opacity":"","overlay-gradient":""}}},"product_brand":[],"product_cat":[168],"product_tag":[],"class_list":{"0":"post-23414","1":"product","2":"type-product","3":"status-publish","4":"has-post-thumbnail","6":"product_cat-husholdningsartikler","7":"desktop-align-left","8":"tablet-align-left","9":"mobile-align-left","11":"first","12":"instock","13":"shipping-taxable","14":"purchasable","15":"product-type-simple"},"yoast_head":"<!-- This site is optimized with the Yoast SEO plugin v27.4 - https:\/\/yoast.com\/product\/yoast-seo-wordpress\/ -->\n<title>Sammenklappelig opbevaringshylde (6 lag) - Mekulo DK<\/title>\n<meta name=\"robots\" content=\"index, follow, max-snippet:-1, max-image-preview:large, max-video-preview:-1\" \/>\n<link rel=\"canonical\" href=\"https:\/\/mekulo.com\/dk\/produkt\/sammenklappelig-opbevaringshylde-6-lag\/\" \/>\n<meta property=\"og:locale\" content=\"da_DK\" \/>\n<meta property=\"og:type\" content=\"article\" \/>\n<meta property=\"og:title\" content=\"Sammenklappelig opbevaringshylde (6 lag) - Mekulo DK\" \/>\n<meta property=\"og:description\" content=\"\ud83d\udc60Denne sammenklappelige opbevaringshylde giver dig en ren og praktisk m\u00e5de at opbevare sko, t\u00f8j og daglige ting p\u00e5 uden rod. \ud83c\udfe0Den har et robust, stabelbart design med klare paneler, s\u00e5 du nemt kan se, hvad der er indeni, hvilket g\u00f8r organisering enkel og hurtig. \ud83e\udde9Perfekt til sovev\u00e6relser, skabe eller indgangspartier, den holder alting p\u00e6nt, mens du maksimerer din tilg\u00e6ngelige plads.\" \/>\n<meta property=\"og:url\" content=\"https:\/\/mekulo.com\/dk\/produkt\/sammenklappelig-opbevaringshylde-6-lag\/\" \/>\n<meta property=\"og:site_name\" content=\"Mekulo DK\" \/>\n<meta property=\"og:image\" content=\"https:\/\/mekulo.com\/dk\/wp-content\/uploads\/sites\/12\/2026\/02\/07tnmmw-1.png\" \/>\n\t<meta property=\"og:image:width\" content=\"800\" \/>\n\t<meta property=\"og:image:height\" content=\"800\" \/>\n\t<meta property=\"og:image:type\" content=\"image\/png\" \/>\n<meta name=\"twitter:card\" content=\"summary_large_image\" \/>\n<meta name=\"twitter:label1\" content=\"Estimeret l\u00e6setid\" \/>\n\t<meta name=\"twitter:data1\" content=\"2 minutter\" \/>\n<script type=\"application\/ld+json\" class=\"yoast-schema-graph\">{\"@context\":\"https:\\\/\\\/schema.org\",\"@graph\":[{\"@type\":\"WebPage\",\"@id\":\"https:\\\/\\\/mekulo.com\\\/dk\\\/produkt\\\/sammenklappelig-opbevaringshylde-6-lag\\\/\",\"url\":\"https:\\\/\\\/mekulo.com\\\/dk\\\/produkt\\\/sammenklappelig-opbevaringshylde-6-lag\\\/\",\"name\":\"Sammenklappelig opbevaringshylde (6 lag) - Mekulo DK\",\"isPartOf\":{\"@id\":\"https:\\\/\\\/mekulo.com\\\/dk\\\/#website\"},\"primaryImageOfPage\":{\"@id\":\"https:\\\/\\\/mekulo.com\\\/dk\\\/produkt\\\/sammenklappelig-opbevaringshylde-6-lag\\\/#primaryimage\"},\"image\":{\"@id\":\"https:\\\/\\\/mekulo.com\\\/dk\\\/produkt\\\/sammenklappelig-opbevaringshylde-6-lag\\\/#primaryimage\"},\"thumbnailUrl\":\"https:\\\/\\\/mekulo.com\\\/dk\\\/wp-content\\\/uploads\\\/sites\\\/12\\\/2026\\\/02\\\/07tnmmw-1.png\",\"datePublished\":\"2026-02-10T05:38:41+00:00\",\"breadcrumb\":{\"@id\":\"https:\\\/\\\/mekulo.com\\\/dk\\\/produkt\\\/sammenklappelig-opbevaringshylde-6-lag\\\/#breadcrumb\"},\"inLanguage\":\"da-DK\",\"potentialAction\":[{\"@type\":\"ReadAction\",\"target\":[\"https:\\\/\\\/mekulo.com\\\/dk\\\/produkt\\\/sammenklappelig-opbevaringshylde-6-lag\\\/\"]}]},{\"@type\":\"ImageObject\",\"inLanguage\":\"da-DK\",\"@id\":\"https:\\\/\\\/mekulo.com\\\/dk\\\/produkt\\\/sammenklappelig-opbevaringshylde-6-lag\\\/#primaryimage\",\"url\":\"https:\\\/\\\/mekulo.com\\\/dk\\\/wp-content\\\/uploads\\\/sites\\\/12\\\/2026\\\/02\\\/07tnmmw-1.png\",\"contentUrl\":\"https:\\\/\\\/mekulo.com\\\/dk\\\/wp-content\\\/uploads\\\/sites\\\/12\\\/2026\\\/02\\\/07tnmmw-1.png\",\"width\":800,\"height\":800},{\"@type\":\"BreadcrumbList\",\"@id\":\"https:\\\/\\\/mekulo.com\\\/dk\\\/produkt\\\/sammenklappelig-opbevaringshylde-6-lag\\\/#breadcrumb\",\"itemListElement\":[{\"@type\":\"ListItem\",\"position\":1,\"name\":\"Home\",\"item\":\"https:\\\/\\\/mekulo.com\\\/dk\\\/\"},{\"@type\":\"ListItem\",\"position\":2,\"name\":\"Butik\",\"item\":\"https:\\\/\\\/mekulo.com\\\/dk\\\/butik\\\/\"},{\"@type\":\"ListItem\",\"position\":3,\"name\":\"Sammenklappelig opbevaringshylde (6 lag)\"}]},{\"@type\":\"WebSite\",\"@id\":\"https:\\\/\\\/mekulo.com\\\/dk\\\/#website\",\"url\":\"https:\\\/\\\/mekulo.com\\\/dk\\\/\",\"name\":\"Mekulo DK\",\"description\":\"\",\"publisher\":{\"@id\":\"https:\\\/\\\/mekulo.com\\\/dk\\\/#organization\"},\"potentialAction\":[{\"@type\":\"SearchAction\",\"target\":{\"@type\":\"EntryPoint\",\"urlTemplate\":\"https:\\\/\\\/mekulo.com\\\/dk\\\/?s={search_term_string}\"},\"query-input\":{\"@type\":\"PropertyValueSpecification\",\"valueRequired\":true,\"valueName\":\"search_term_string\"}}],\"inLanguage\":\"da-DK\"},{\"@type\":\"Organization\",\"@id\":\"https:\\\/\\\/mekulo.com\\\/dk\\\/#organization\",\"name\":\"Mekulo\",\"url\":\"https:\\\/\\\/mekulo.com\\\/dk\\\/\",\"logo\":{\"@type\":\"ImageObject\",\"inLanguage\":\"da-DK\",\"@id\":\"https:\\\/\\\/mekulo.com\\\/dk\\\/#\\\/schema\\\/logo\\\/image\\\/\",\"url\":\"https:\\\/\\\/mekulo.com\\\/dk\\\/wp-content\\\/uploads\\\/sites\\\/12\\\/2025\\\/12\\\/favicon_mekulo.png\",\"contentUrl\":\"https:\\\/\\\/mekulo.com\\\/dk\\\/wp-content\\\/uploads\\\/sites\\\/12\\\/2025\\\/12\\\/favicon_mekulo.png\",\"width\":50,\"height\":50,\"caption\":\"Mekulo\"},\"image\":{\"@id\":\"https:\\\/\\\/mekulo.com\\\/dk\\\/#\\\/schema\\\/logo\\\/image\\\/\"}}]}<\/script>\n<!-- \/ Yoast SEO plugin. -->","yoast_head_json":{"title":"Sammenklappelig opbevaringshylde (6 lag) - Mekulo DK","robots":{"index":"index","follow":"follow","max-snippet":"max-snippet:-1","max-image-preview":"max-image-preview:large","max-video-preview":"max-video-preview:-1"},"canonical":"https:\/\/mekulo.com\/dk\/produkt\/sammenklappelig-opbevaringshylde-6-lag\/","og_locale":"da_DK","og_type":"article","og_title":"Sammenklappelig opbevaringshylde (6 lag) - Mekulo DK","og_description":"\ud83d\udc60Denne sammenklappelige opbevaringshylde giver dig en ren og praktisk m\u00e5de at opbevare sko, t\u00f8j og daglige ting p\u00e5 uden rod. \ud83c\udfe0Den har et robust, stabelbart design med klare paneler, s\u00e5 du nemt kan se, hvad der er indeni, hvilket g\u00f8r organisering enkel og hurtig. \ud83e\udde9Perfekt til sovev\u00e6relser, skabe eller indgangspartier, den holder alting p\u00e6nt, mens du maksimerer din tilg\u00e6ngelige plads.","og_url":"https:\/\/mekulo.com\/dk\/produkt\/sammenklappelig-opbevaringshylde-6-lag\/","og_site_name":"Mekulo DK","og_image":[{"width":800,"height":800,"url":"https:\/\/mekulo.com\/dk\/wp-content\/uploads\/sites\/12\/2026\/02\/07tnmmw-1.png","type":"image\/png"}],"twitter_card":"summary_large_image","twitter_misc":{"Estimeret l\u00e6setid":"2 minutter"},"schema":{"@context":"https:\/\/schema.org","@graph":[{"@type":"WebPage","@id":"https:\/\/mekulo.com\/dk\/produkt\/sammenklappelig-opbevaringshylde-6-lag\/","url":"https:\/\/mekulo.com\/dk\/produkt\/sammenklappelig-opbevaringshylde-6-lag\/","name":"Sammenklappelig opbevaringshylde (6 lag) - Mekulo DK","isPartOf":{"@id":"https:\/\/mekulo.com\/dk\/#website"},"primaryImageOfPage":{"@id":"https:\/\/mekulo.com\/dk\/produkt\/sammenklappelig-opbevaringshylde-6-lag\/#primaryimage"},"image":{"@id":"https:\/\/mekulo.com\/dk\/produkt\/sammenklappelig-opbevaringshylde-6-lag\/#primaryimage"},"thumbnailUrl":"https:\/\/mekulo.com\/dk\/wp-content\/uploads\/sites\/12\/2026\/02\/07tnmmw-1.png","datePublished":"2026-02-10T05:38:41+00:00","breadcrumb":{"@id":"https:\/\/mekulo.com\/dk\/produkt\/sammenklappelig-opbevaringshylde-6-lag\/#breadcrumb"},"inLanguage":"da-DK","potentialAction":[{"@type":"ReadAction","target":["https:\/\/mekulo.com\/dk\/produkt\/sammenklappelig-opbevaringshylde-6-lag\/"]}]},{"@type":"ImageObject","inLanguage":"da-DK","@id":"https:\/\/mekulo.com\/dk\/produkt\/sammenklappelig-opbevaringshylde-6-lag\/#primaryimage","url":"https:\/\/mekulo.com\/dk\/wp-content\/uploads\/sites\/12\/2026\/02\/07tnmmw-1.png","contentUrl":"https:\/\/mekulo.com\/dk\/wp-content\/uploads\/sites\/12\/2026\/02\/07tnmmw-1.png","width":800,"height":800},{"@type":"BreadcrumbList","@id":"https:\/\/mekulo.com\/dk\/produkt\/sammenklappelig-opbevaringshylde-6-lag\/#breadcrumb","itemListElement":[{"@type":"ListItem","position":1,"name":"Home","item":"https:\/\/mekulo.com\/dk\/"},{"@type":"ListItem","position":2,"name":"Butik","item":"https:\/\/mekulo.com\/dk\/butik\/"},{"@type":"ListItem","position":3,"name":"Sammenklappelig opbevaringshylde (6 lag)"}]},{"@type":"WebSite","@id":"https:\/\/mekulo.com\/dk\/#website","url":"https:\/\/mekulo.com\/dk\/","name":"Mekulo DK","description":"","publisher":{"@id":"https:\/\/mekulo.com\/dk\/#organization"},"potentialAction":[{"@type":"SearchAction","target":{"@type":"EntryPoint","urlTemplate":"https:\/\/mekulo.com\/dk\/?s={search_term_string}"},"query-input":{"@type":"PropertyValueSpecification","valueRequired":true,"valueName":"search_term_string"}}],"inLanguage":"da-DK"},{"@type":"Organization","@id":"https:\/\/mekulo.com\/dk\/#organization","name":"Mekulo","url":"https:\/\/mekulo.com\/dk\/","logo":{"@type":"ImageObject","inLanguage":"da-DK","@id":"https:\/\/mekulo.com\/dk\/#\/schema\/logo\/image\/","url":"https:\/\/mekulo.com\/dk\/wp-content\/uploads\/sites\/12\/2025\/12\/favicon_mekulo.png","contentUrl":"https:\/\/mekulo.com\/dk\/wp-content\/uploads\/sites\/12\/2025\/12\/favicon_mekulo.png","width":50,"height":50,"caption":"Mekulo"},"image":{"@id":"https:\/\/mekulo.com\/dk\/#\/schema\/logo\/image\/"}}]}},"_links":{"self":[{"href":"https:\/\/mekulo.com\/dk\/wp-json\/wp\/v2\/product\/23414","targetHints":{"allow":["GET"]}}],"collection":[{"href":"https:\/\/mekulo.com\/dk\/wp-json\/wp\/v2\/product"}],"about":[{"href":"https:\/\/mekulo.com\/dk\/wp-json\/wp\/v2\/types\/product"}],"replies":[{"embeddable":true,"href":"https:\/\/mekulo.com\/dk\/wp-json\/wp\/v2\/comments?post=23414"}],"wp:featuredmedia":[{"embeddable":true,"href":"https:\/\/mekulo.com\/dk\/wp-json\/wp\/v2\/media\/23410"}],"wp:attachment":[{"href":"https:\/\/mekulo.com\/dk\/wp-json\/wp\/v2\/media?parent=23414"}],"wp:term":[{"taxonomy":"product_brand","embeddable":true,"href":"https:\/\/mekulo.com\/dk\/wp-json\/wp\/v2\/product_brand?post=23414"},{"taxonomy":"product_cat","embeddable":true,"href":"https:\/\/mekulo.com\/dk\/wp-json\/wp\/v2\/product_cat?post=23414"},{"taxonomy":"product_tag","embeddable":true,"href":"https:\/\/mekulo.com\/dk\/wp-json\/wp\/v2\/product_tag?post=23414"}],"curies":[{"name":"wp","href":"https:\/\/api.w.org\/{rel}","templated":true}]}}