{"id":23362,"date":"2026-02-10T07:34:53","date_gmt":"2026-02-10T05:34:53","guid":{"rendered":"https:\/\/mekulo.com\/dk\/produkt\/magisk-tommelfingerlys\/"},"modified":"2026-02-10T07:35:34","modified_gmt":"2026-02-10T05:35:34","slug":"magisk-tommelfingerlys","status":"publish","type":"product","link":"https:\/\/mekulo.com\/dk\/produkt\/magisk-tommelfingerlys\/","title":{"rendered":"Magisk tommelfingerlys"},"content":{"rendered":"<div class=\"flex flex-col text-sm pb-25\">\n<article class=\"text-token-text-primary w-full focus:outline-none [--shadow-height:45px] has-data-writing-block:pointer-events-none has-data-writing-block:-mt-(--shadow-height) has-data-writing-block:pt-(--shadow-height) [&amp;:has([data-writing-block])&gt;*]:pointer-events-auto scroll-mt-[calc(var(--header-height)+min(200px,max(70px,20svh)))]\" dir=\"auto\" data-turn-id=\"ebc2913f-8c4a-4ab4-9b82-27099249c457\" data-testid=\"conversation-turn-180\" data-scroll-anchor=\"true\" data-turn=\"assistant\">\n<div class=\"text-base my-auto mx-auto pb-10 [--thread-content-margin:--spacing(4)] @w-sm\/main:[--thread-content-margin:--spacing(6)] @w-lg\/main:[--thread-content-margin:--spacing(16)] px-(--thread-content-margin)\">\n<div class=\"[--thread-content-max-width:40rem] @w-lg\/main:[--thread-content-max-width:48rem] mx-auto max-w-(--thread-content-max-width) flex-1 group\/turn-messages focus-visible:outline-hidden relative flex w-full min-w-0 flex-col agent-turn\">\n<div class=\"flex max-w-full flex-col grow\">\n<div class=\"min-h-8 text-message relative flex w-full flex-col items-end gap-2 text-start break-words whitespace-normal [.text-message+&amp;]:mt-1\" dir=\"auto\" data-message-author-role=\"assistant\" data-message-id=\"5ef9b5fa-df7d-497e-9175-0912c4527c92\" data-message-model-slug=\"gpt-5-2\">\n<div class=\"flex w-full flex-col gap-1 empty:hidden first:pt-[1px]\">\n<div class=\"markdown prose dark:prose-invert w-full wrap-break-word light markdown-new-styling\">\n<p style=\"text-align: center\" data-start=\"0\" data-end=\"64\"><strong data-start=\"0\" data-end=\"64\">Skab \u00d8jeblikkeligt Fantastisk Lysmagi Med Bare Dine Fingre. \ud83e\udd1f<\/strong><\/p>\n<p data-start=\"0\" data-end=\"64\"><img fetchpriority=\"high\" decoding=\"async\" class=\"size-full wp-image-23879 aligncenter\" src=\"https:\/\/mekulo.com\/template\/wp-content\/uploads\/sites\/6\/2026\/02\/Sd20efa2488fd416691b8c00594ae691eC.jpg_960x960q75.jpg_.avif\" alt=\"\" width=\"960\" height=\"960\" \/><\/p>\n<h2 style=\"text-align: center\" data-start=\"356\" data-end=\"373\"><strong>Main Fordele \ud83d\udd90\ufe0f<\/strong><\/h2>\n<p data-start=\"376\" data-end=\"435\">\u2728 \u00c6gte magisk effekt &#8211; styr lyset med fingrene.<\/p>\n<p data-start=\"438\" data-end=\"506\">\ud83c\udfad Perfekt til forestillinger &#8211; fantastisk til scene- og festtricks.<\/p>\n<p data-start=\"509\" data-end=\"574\">\ud83d\udc4d Let at have p\u00e5 &#8211; let og behagelig p\u00e5 tommelfingeren.<\/p>\n<p data-start=\"577\" data-end=\"637\">\ud83d\udd0b Klar til brug &#8211; batterier medf\u00f8lger og er forudinstalleret.<\/p>\n<p data-start=\"640\" data-end=\"690\">\ud83c\udf81 God gaveid\u00e9 &#8211; sjov for b\u00f8rn og voksne.<\/p>\n<p data-start=\"640\" data-end=\"690\"><img decoding=\"async\" class=\"size-full wp-image-23875 aligncenter\" src=\"https:\/\/mekulo.com\/template\/wp-content\/uploads\/sites\/6\/2026\/02\/f52832bd37fbc529e59a9ee6636574826f1dc4cb-800.avif\" alt=\"\" \/><\/p>\n<h2 style=\"text-align: center\" data-start=\"692\" data-end=\"706\"><strong>S\u00e5dan Bruger Du Den \ud83d\udccc<\/strong><\/h2>\n<ol data-start=\"707\" data-end=\"922\">\n<li data-start=\"707\" data-end=\"748\">\n<p data-start=\"710\" data-end=\"748\">S\u00e6t tommelfingerlampen p\u00e5 din tommelfinger.<\/p>\n<\/li>\n<li data-start=\"749\" data-end=\"785\">\n<p data-start=\"752\" data-end=\"785\">Gem den naturligt i din h\u00e5nd.<\/p>\n<\/li>\n<li data-start=\"786\" data-end=\"826\">\n<p data-start=\"789\" data-end=\"826\">Tryk let for at t\u00e6nde lyset.<\/p>\n<\/li>\n<li data-start=\"827\" data-end=\"872\">\n<p data-start=\"830\" data-end=\"872\">Bev\u00e6g dine h\u00e6nder for at skabe magiske effekter.<\/p>\n<\/li>\n<li data-start=\"873\" data-end=\"922\">\n<p data-start=\"876\" data-end=\"922\">Sluk den, og gem den igen, n\u00e5r du er f\u00e6rdig.<\/p>\n<\/li>\n<\/ol>\n<h2 style=\"text-align: center\" data-start=\"924\" data-end=\"943\"><strong>Produktdetaljer \ud83d\udccf<\/strong><\/h2>\n<ul data-start=\"944\" data-end=\"1103\">\n<li data-start=\"944\" data-end=\"965\">\n<p data-start=\"946\" data-end=\"965\">Materiale: Plastik<\/p>\n<\/li>\n<li data-start=\"966\" data-end=\"981\">\n<p data-start=\"968\" data-end=\"981\">V\u00e6gt: 16g<\/p>\n<\/li>\n<li data-start=\"1033\" data-end=\"1060\">\n<p data-start=\"1035\" data-end=\"1060\">Effekt: Indbygget batteri<\/p>\n<\/li>\n<li data-start=\"1061\" data-end=\"1103\">\n<p data-start=\"1063\" data-end=\"1103\">Brugstid: Op til 1 \u00e5r ved normal brug<\/p>\n<\/li>\n<li data-start=\"1061\" data-end=\"1103\">St\u00f8rrelse: 4 x 3 x 2 cm<\/li>\n<\/ul>\n<h2 style=\"text-align: center\" data-start=\"1105\" data-end=\"1125\"><strong>Pakken Indeholder \ud83d\udce6<\/strong><\/h2>\n<ul data-start=\"1126\" data-end=\"1150\" data-is-last-node=\"\" data-is-only-node=\"\">\n<li data-start=\"1126\" data-end=\"1150\" data-is-last-node=\"\">\n<p data-start=\"1128\" data-end=\"1150\" data-is-last-node=\"\">1, 2, 3x par magiske tommelfingerlys (2, 4, 6 stk.).<\/p>\n<\/li>\n<\/ul>\n<\/div>\n<\/div>\n<\/div>\n<\/div>\n<\/div>\n<\/div>\n<\/article>\n<\/div>\n","protected":false},"excerpt":{"rendered":"<p>\ud83d\udd34Med denne magiske tommelfingerlampe kan du f\u00e5 en lysende kugle til at dukke op, bev\u00e6ge sig og forsvinde som \u00e6gte magi.<br \/>\n\ud83d\udd90\ufe0fIt er nem at have p\u00e5, enkel at bruge og perfekt til magiske tricks, sceneoptr\u00e6den eller sjove fest\u00f8jeblikke.<br \/>\n\ud83d\udd0bBatterier er allerede installeret, s\u00e5 du kan begynde at optr\u00e6de med det samme.<\/p>\n","protected":false},"featured_media":23358,"comment_status":"open","ping_status":"closed","template":"","meta":{"site-sidebar-layout":"default","site-content-layout":"","ast-site-content-layout":"default","site-content-style":"default","site-sidebar-style":"default","ast-global-header-display":"","ast-banner-title-visibility":"","ast-main-header-display":"","ast-hfb-above-header-display":"","ast-hfb-below-header-display":"","ast-hfb-mobile-header-display":"","site-post-title":"","ast-breadcrumbs-content":"","ast-featured-img":"","footer-sml-layout":"","ast-disable-related-posts":"","theme-transparent-header-meta":"default","adv-header-id-meta":"","stick-header-meta":"","header-above-stick-meta":"","header-main-stick-meta":"","header-below-stick-meta":"","astra-migrate-meta-layouts":"set","ast-page-background-enabled":"default","ast-page-background-meta":{"desktop":{"background-color":"var(--ast-global-color-5)","background-image":"","background-repeat":"repeat","background-position":"center center","background-size":"auto","background-attachment":"scroll","background-type":"","background-media":"","overlay-type":"","overlay-color":"","overlay-opacity":"","overlay-gradient":""},"tablet":{"background-color":"","background-image":"","background-repeat":"repeat","background-position":"center center","background-size":"auto","background-attachment":"scroll","background-type":"","background-media":"","overlay-type":"","overlay-color":"","overlay-opacity":"","overlay-gradient":""},"mobile":{"background-color":"","background-image":"","background-repeat":"repeat","background-position":"center center","background-size":"auto","background-attachment":"scroll","background-type":"","background-media":"","overlay-type":"","overlay-color":"","overlay-opacity":"","overlay-gradient":""}},"ast-content-background-meta":{"desktop":{"background-color":"var(--ast-global-color-4)","background-image":"","background-repeat":"repeat","background-position":"center center","background-size":"auto","background-attachment":"scroll","background-type":"","background-media":"","overlay-type":"","overlay-color":"","overlay-opacity":"","overlay-gradient":""},"tablet":{"background-color":"var(--ast-global-color-4)","background-image":"","background-repeat":"repeat","background-position":"center center","background-size":"auto","background-attachment":"scroll","background-type":"","background-media":"","overlay-type":"","overlay-color":"","overlay-opacity":"","overlay-gradient":""},"mobile":{"background-color":"var(--ast-global-color-4)","background-image":"","background-repeat":"repeat","background-position":"center center","background-size":"auto","background-attachment":"scroll","background-type":"","background-media":"","overlay-type":"","overlay-color":"","overlay-opacity":"","overlay-gradient":""}}},"product_brand":[],"product_cat":[172],"product_tag":[],"class_list":{"0":"post-23362","1":"product","2":"type-product","3":"status-publish","4":"has-post-thumbnail","6":"product_cat-legetoej-boerne-og-babyprodukter","7":"pa_55759_ejk7ulej-1-par","8":"pa_55759_ejk7ulej-2-par","9":"pa_55759_ejk7ulej-3-par","10":"pa_55759_wd92i6qs-blaa","11":"pa_55759_wd92i6qs-groen","12":"pa_55759_wd92i6qs-gul","13":"pa_55759_wd92i6qs-roed","14":"desktop-align-left","15":"tablet-align-left","16":"mobile-align-left","18":"first","19":"instock","20":"shipping-taxable","21":"purchasable","22":"product-type-variable","23":"has-default-attributes"},"yoast_head":"<!-- This site is optimized with the Yoast SEO plugin v27.4 - https:\/\/yoast.com\/product\/yoast-seo-wordpress\/ -->\n<title>Magisk tommelfingerlys - Mekulo DK<\/title>\n<meta name=\"robots\" content=\"index, follow, max-snippet:-1, max-image-preview:large, max-video-preview:-1\" \/>\n<link rel=\"canonical\" href=\"https:\/\/mekulo.com\/dk\/produkt\/magisk-tommelfingerlys\/\" \/>\n<meta property=\"og:locale\" content=\"da_DK\" \/>\n<meta property=\"og:type\" content=\"article\" \/>\n<meta property=\"og:title\" content=\"Magisk tommelfingerlys - Mekulo DK\" \/>\n<meta property=\"og:description\" content=\"\ud83d\udd34Med denne magiske tommelfingerlampe kan du f\u00e5 en lysende kugle til at dukke op, bev\u00e6ge sig og forsvinde som \u00e6gte magi. \ud83d\udd90\ufe0fIt er nem at have p\u00e5, enkel at bruge og perfekt til magiske tricks, sceneoptr\u00e6den eller sjove fest\u00f8jeblikke. \ud83d\udd0bBatterier er allerede installeret, s\u00e5 du kan begynde at optr\u00e6de med det samme.\" \/>\n<meta property=\"og:url\" content=\"https:\/\/mekulo.com\/dk\/produkt\/magisk-tommelfingerlys\/\" \/>\n<meta property=\"og:site_name\" content=\"Mekulo DK\" \/>\n<meta property=\"article:modified_time\" content=\"2026-02-10T05:35:34+00:00\" \/>\n<meta property=\"og:image\" content=\"https:\/\/mekulo.com\/dk\/wp-content\/uploads\/sites\/12\/2026\/02\/nmjj5fw-1.jpg\" \/>\n\t<meta property=\"og:image:width\" content=\"800\" \/>\n\t<meta property=\"og:image:height\" content=\"800\" \/>\n\t<meta property=\"og:image:type\" content=\"image\/jpeg\" \/>\n<meta name=\"twitter:card\" content=\"summary_large_image\" \/>\n<meta name=\"twitter:label1\" content=\"Estimeret l\u00e6setid\" \/>\n\t<meta name=\"twitter:data1\" content=\"2 minutter\" \/>\n<script type=\"application\/ld+json\" class=\"yoast-schema-graph\">{\"@context\":\"https:\\\/\\\/schema.org\",\"@graph\":[{\"@type\":\"WebPage\",\"@id\":\"https:\\\/\\\/mekulo.com\\\/dk\\\/produkt\\\/magisk-tommelfingerlys\\\/\",\"url\":\"https:\\\/\\\/mekulo.com\\\/dk\\\/produkt\\\/magisk-tommelfingerlys\\\/\",\"name\":\"Magisk tommelfingerlys - Mekulo DK\",\"isPartOf\":{\"@id\":\"https:\\\/\\\/mekulo.com\\\/dk\\\/#website\"},\"primaryImageOfPage\":{\"@id\":\"https:\\\/\\\/mekulo.com\\\/dk\\\/produkt\\\/magisk-tommelfingerlys\\\/#primaryimage\"},\"image\":{\"@id\":\"https:\\\/\\\/mekulo.com\\\/dk\\\/produkt\\\/magisk-tommelfingerlys\\\/#primaryimage\"},\"thumbnailUrl\":\"https:\\\/\\\/mekulo.com\\\/dk\\\/wp-content\\\/uploads\\\/sites\\\/12\\\/2026\\\/02\\\/nmjj5fw-1.jpg\",\"datePublished\":\"2026-02-10T05:34:53+00:00\",\"dateModified\":\"2026-02-10T05:35:34+00:00\",\"breadcrumb\":{\"@id\":\"https:\\\/\\\/mekulo.com\\\/dk\\\/produkt\\\/magisk-tommelfingerlys\\\/#breadcrumb\"},\"inLanguage\":\"da-DK\",\"potentialAction\":[{\"@type\":\"ReadAction\",\"target\":[\"https:\\\/\\\/mekulo.com\\\/dk\\\/produkt\\\/magisk-tommelfingerlys\\\/\"]}]},{\"@type\":\"ImageObject\",\"inLanguage\":\"da-DK\",\"@id\":\"https:\\\/\\\/mekulo.com\\\/dk\\\/produkt\\\/magisk-tommelfingerlys\\\/#primaryimage\",\"url\":\"https:\\\/\\\/mekulo.com\\\/dk\\\/wp-content\\\/uploads\\\/sites\\\/12\\\/2026\\\/02\\\/nmjj5fw-1.jpg\",\"contentUrl\":\"https:\\\/\\\/mekulo.com\\\/dk\\\/wp-content\\\/uploads\\\/sites\\\/12\\\/2026\\\/02\\\/nmjj5fw-1.jpg\",\"width\":800,\"height\":800},{\"@type\":\"BreadcrumbList\",\"@id\":\"https:\\\/\\\/mekulo.com\\\/dk\\\/produkt\\\/magisk-tommelfingerlys\\\/#breadcrumb\",\"itemListElement\":[{\"@type\":\"ListItem\",\"position\":1,\"name\":\"Home\",\"item\":\"https:\\\/\\\/mekulo.com\\\/dk\\\/\"},{\"@type\":\"ListItem\",\"position\":2,\"name\":\"Butik\",\"item\":\"https:\\\/\\\/mekulo.com\\\/dk\\\/butik\\\/\"},{\"@type\":\"ListItem\",\"position\":3,\"name\":\"Magisk tommelfingerlys\"}]},{\"@type\":\"WebSite\",\"@id\":\"https:\\\/\\\/mekulo.com\\\/dk\\\/#website\",\"url\":\"https:\\\/\\\/mekulo.com\\\/dk\\\/\",\"name\":\"Mekulo DK\",\"description\":\"\",\"publisher\":{\"@id\":\"https:\\\/\\\/mekulo.com\\\/dk\\\/#organization\"},\"potentialAction\":[{\"@type\":\"SearchAction\",\"target\":{\"@type\":\"EntryPoint\",\"urlTemplate\":\"https:\\\/\\\/mekulo.com\\\/dk\\\/?s={search_term_string}\"},\"query-input\":{\"@type\":\"PropertyValueSpecification\",\"valueRequired\":true,\"valueName\":\"search_term_string\"}}],\"inLanguage\":\"da-DK\"},{\"@type\":\"Organization\",\"@id\":\"https:\\\/\\\/mekulo.com\\\/dk\\\/#organization\",\"name\":\"Mekulo\",\"url\":\"https:\\\/\\\/mekulo.com\\\/dk\\\/\",\"logo\":{\"@type\":\"ImageObject\",\"inLanguage\":\"da-DK\",\"@id\":\"https:\\\/\\\/mekulo.com\\\/dk\\\/#\\\/schema\\\/logo\\\/image\\\/\",\"url\":\"https:\\\/\\\/mekulo.com\\\/dk\\\/wp-content\\\/uploads\\\/sites\\\/12\\\/2025\\\/12\\\/favicon_mekulo.png\",\"contentUrl\":\"https:\\\/\\\/mekulo.com\\\/dk\\\/wp-content\\\/uploads\\\/sites\\\/12\\\/2025\\\/12\\\/favicon_mekulo.png\",\"width\":50,\"height\":50,\"caption\":\"Mekulo\"},\"image\":{\"@id\":\"https:\\\/\\\/mekulo.com\\\/dk\\\/#\\\/schema\\\/logo\\\/image\\\/\"}}]}<\/script>\n<!-- \/ Yoast SEO plugin. -->","yoast_head_json":{"title":"Magisk tommelfingerlys - Mekulo DK","robots":{"index":"index","follow":"follow","max-snippet":"max-snippet:-1","max-image-preview":"max-image-preview:large","max-video-preview":"max-video-preview:-1"},"canonical":"https:\/\/mekulo.com\/dk\/produkt\/magisk-tommelfingerlys\/","og_locale":"da_DK","og_type":"article","og_title":"Magisk tommelfingerlys - Mekulo DK","og_description":"\ud83d\udd34Med denne magiske tommelfingerlampe kan du f\u00e5 en lysende kugle til at dukke op, bev\u00e6ge sig og forsvinde som \u00e6gte magi. \ud83d\udd90\ufe0fIt er nem at have p\u00e5, enkel at bruge og perfekt til magiske tricks, sceneoptr\u00e6den eller sjove fest\u00f8jeblikke. \ud83d\udd0bBatterier er allerede installeret, s\u00e5 du kan begynde at optr\u00e6de med det samme.","og_url":"https:\/\/mekulo.com\/dk\/produkt\/magisk-tommelfingerlys\/","og_site_name":"Mekulo DK","article_modified_time":"2026-02-10T05:35:34+00:00","og_image":[{"width":800,"height":800,"url":"https:\/\/mekulo.com\/dk\/wp-content\/uploads\/sites\/12\/2026\/02\/nmjj5fw-1.jpg","type":"image\/jpeg"}],"twitter_card":"summary_large_image","twitter_misc":{"Estimeret l\u00e6setid":"2 minutter"},"schema":{"@context":"https:\/\/schema.org","@graph":[{"@type":"WebPage","@id":"https:\/\/mekulo.com\/dk\/produkt\/magisk-tommelfingerlys\/","url":"https:\/\/mekulo.com\/dk\/produkt\/magisk-tommelfingerlys\/","name":"Magisk tommelfingerlys - Mekulo DK","isPartOf":{"@id":"https:\/\/mekulo.com\/dk\/#website"},"primaryImageOfPage":{"@id":"https:\/\/mekulo.com\/dk\/produkt\/magisk-tommelfingerlys\/#primaryimage"},"image":{"@id":"https:\/\/mekulo.com\/dk\/produkt\/magisk-tommelfingerlys\/#primaryimage"},"thumbnailUrl":"https:\/\/mekulo.com\/dk\/wp-content\/uploads\/sites\/12\/2026\/02\/nmjj5fw-1.jpg","datePublished":"2026-02-10T05:34:53+00:00","dateModified":"2026-02-10T05:35:34+00:00","breadcrumb":{"@id":"https:\/\/mekulo.com\/dk\/produkt\/magisk-tommelfingerlys\/#breadcrumb"},"inLanguage":"da-DK","potentialAction":[{"@type":"ReadAction","target":["https:\/\/mekulo.com\/dk\/produkt\/magisk-tommelfingerlys\/"]}]},{"@type":"ImageObject","inLanguage":"da-DK","@id":"https:\/\/mekulo.com\/dk\/produkt\/magisk-tommelfingerlys\/#primaryimage","url":"https:\/\/mekulo.com\/dk\/wp-content\/uploads\/sites\/12\/2026\/02\/nmjj5fw-1.jpg","contentUrl":"https:\/\/mekulo.com\/dk\/wp-content\/uploads\/sites\/12\/2026\/02\/nmjj5fw-1.jpg","width":800,"height":800},{"@type":"BreadcrumbList","@id":"https:\/\/mekulo.com\/dk\/produkt\/magisk-tommelfingerlys\/#breadcrumb","itemListElement":[{"@type":"ListItem","position":1,"name":"Home","item":"https:\/\/mekulo.com\/dk\/"},{"@type":"ListItem","position":2,"name":"Butik","item":"https:\/\/mekulo.com\/dk\/butik\/"},{"@type":"ListItem","position":3,"name":"Magisk tommelfingerlys"}]},{"@type":"WebSite","@id":"https:\/\/mekulo.com\/dk\/#website","url":"https:\/\/mekulo.com\/dk\/","name":"Mekulo DK","description":"","publisher":{"@id":"https:\/\/mekulo.com\/dk\/#organization"},"potentialAction":[{"@type":"SearchAction","target":{"@type":"EntryPoint","urlTemplate":"https:\/\/mekulo.com\/dk\/?s={search_term_string}"},"query-input":{"@type":"PropertyValueSpecification","valueRequired":true,"valueName":"search_term_string"}}],"inLanguage":"da-DK"},{"@type":"Organization","@id":"https:\/\/mekulo.com\/dk\/#organization","name":"Mekulo","url":"https:\/\/mekulo.com\/dk\/","logo":{"@type":"ImageObject","inLanguage":"da-DK","@id":"https:\/\/mekulo.com\/dk\/#\/schema\/logo\/image\/","url":"https:\/\/mekulo.com\/dk\/wp-content\/uploads\/sites\/12\/2025\/12\/favicon_mekulo.png","contentUrl":"https:\/\/mekulo.com\/dk\/wp-content\/uploads\/sites\/12\/2025\/12\/favicon_mekulo.png","width":50,"height":50,"caption":"Mekulo"},"image":{"@id":"https:\/\/mekulo.com\/dk\/#\/schema\/logo\/image\/"}}]}},"_links":{"self":[{"href":"https:\/\/mekulo.com\/dk\/wp-json\/wp\/v2\/product\/23362","targetHints":{"allow":["GET"]}}],"collection":[{"href":"https:\/\/mekulo.com\/dk\/wp-json\/wp\/v2\/product"}],"about":[{"href":"https:\/\/mekulo.com\/dk\/wp-json\/wp\/v2\/types\/product"}],"replies":[{"embeddable":true,"href":"https:\/\/mekulo.com\/dk\/wp-json\/wp\/v2\/comments?post=23362"}],"wp:featuredmedia":[{"embeddable":true,"href":"https:\/\/mekulo.com\/dk\/wp-json\/wp\/v2\/media\/23358"}],"wp:attachment":[{"href":"https:\/\/mekulo.com\/dk\/wp-json\/wp\/v2\/media?parent=23362"}],"wp:term":[{"taxonomy":"product_brand","embeddable":true,"href":"https:\/\/mekulo.com\/dk\/wp-json\/wp\/v2\/product_brand?post=23362"},{"taxonomy":"product_cat","embeddable":true,"href":"https:\/\/mekulo.com\/dk\/wp-json\/wp\/v2\/product_cat?post=23362"},{"taxonomy":"product_tag","embeddable":true,"href":"https:\/\/mekulo.com\/dk\/wp-json\/wp\/v2\/product_tag?post=23362"}],"curies":[{"name":"wp","href":"https:\/\/api.w.org\/{rel}","templated":true}]}}