{"id":23345,"date":"2026-02-10T07:33:14","date_gmt":"2026-02-10T05:33:14","guid":{"rendered":"https:\/\/mekulo.com\/dk\/produkt\/professionel-hjoernepensel\/"},"modified":"2026-03-02T12:30:47","modified_gmt":"2026-03-02T10:30:47","slug":"professionel-hjoernepensel","status":"publish","type":"product","link":"https:\/\/mekulo.com\/dk\/produkt\/professionel-hjoernepensel\/","title":{"rendered":"Professionel hj\u00f8rnepensel"},"content":{"rendered":"<p style=\"text-align: center\" data-start=\"0\" data-end=\"61\"><strong data-start=\"0\" data-end=\"61\">Mal Hurtigt Rene, Skarpe Kanter Uden Brug Af Maskeringstape.\ud83e\uddf1<\/strong><\/p>\n<p data-start=\"0\" data-end=\"61\"><img fetchpriority=\"high\" decoding=\"async\" class=\"size-full wp-image-23868 aligncenter\" src=\"https:\/\/mekulo.com\/template\/wp-content\/uploads\/sites\/6\/2026\/02\/9aae8c65ce3b1d25f4084a76e6e32c33a82afbf038f502112649e7b6be3869ba-800.jpg\" alt=\"\" width=\"1078\" height=\"1080\" \/><\/p>\n<h2 style=\"text-align: center\" data-start=\"368\" data-end=\"385\">Hovedfordele \ud83d\udd8c\ufe0f<\/h2>\n<p data-start=\"388\" data-end=\"448\">\ud83c\udfa8 Perfekte kanter hver gang &#8211; rene linjer uden huller.<\/p>\n<p data-start=\"451\" data-end=\"510\">\u23f1\ufe0f 10-20 gange hurtigere end tape &#8211; afslut arbejdet meget hurtigere.<\/p>\n<p data-start=\"513\" data-end=\"568\">\ud83d\udeab Intet behov for maskeringstape &#8211; mindre forberedelse og oprydning.<\/p>\n<p data-start=\"571\" data-end=\"628\">\ud83e\uddfc Ingen bl\u00f8dning af maling &#8211; holder lister og hj\u00f8rner rene.<\/p>\n<p data-start=\"631\" data-end=\"703\">\ud83d\udc77 Begyndervenlig &#8211; professionelle resultater med lidt erfaring.<\/p>\n<p data-start=\"631\" data-end=\"703\"><img decoding=\"async\" class=\"size-full wp-image-23866 aligncenter\" src=\"https:\/\/mekulo.com\/template\/wp-content\/uploads\/sites\/6\/2026\/02\/2-2.jpg\" alt=\"\" width=\"1080\" height=\"1080\" \/><\/p>\n<h2 style=\"text-align: center\" data-start=\"705\" data-end=\"719\">S\u00e5dan Bruges \ud83d\udccc<\/h2>\n<ol data-start=\"720\" data-end=\"954\">\n<li data-start=\"720\" data-end=\"758\">\n<p data-start=\"723\" data-end=\"758\">Dyp penslen let i maling.<\/p>\n<\/li>\n<li data-start=\"759\" data-end=\"802\">\n<p data-start=\"762\" data-end=\"802\">Fjern overskydende maling fra b\u00f8rsterne.<\/p>\n<\/li>\n<li data-start=\"803\" data-end=\"859\">\n<p data-start=\"806\" data-end=\"859\">Placer f\u00f8ringskanten mod hj\u00f8rnet eller listen.<\/p>\n<\/li>\n<li data-start=\"860\" data-end=\"905\">\n<p data-start=\"863\" data-end=\"905\">Glid penslen glat langs kanten.<\/p>\n<\/li>\n<li data-start=\"906\" data-end=\"954\">\n<p data-start=\"909\" data-end=\"954\">Gentag efter behov for rene, lige linjer.<\/p>\n<\/li>\n<\/ol>\n<h2 style=\"text-align: center\" data-start=\"956\" data-end=\"975\">Produktdetaljer \ud83d\udccf<\/h2>\n<ul data-start=\"976\" data-end=\"1164\">\n<li data-start=\"1020\" data-end=\"1071\">\n<p data-start=\"1022\" data-end=\"1071\">Anvendelse: V\u00e6gge, lofter, lister, dekorative lister<\/p>\n<\/li>\n<li data-start=\"1072\" data-end=\"1106\">\n<p data-start=\"1074\" data-end=\"1106\">Anvendelse: Indvendig maling<\/p>\n<\/li>\n<li data-start=\"1107\" data-end=\"1164\">\n<p data-start=\"1109\" data-end=\"1164\">Kompetenceniveau: Velegnet til begyndere og professionelle<\/p>\n<\/li>\n<li data-start=\"1107\" data-end=\"1164\">St\u00f8rrelser: Pensel: 20 x 5 cm, Drip guard: 5,5 x 4,5 cm<\/li>\n<\/ul>\n<h2 style=\"text-align: center\" data-start=\"1166\" data-end=\"1186\">Pakken Indeholder \ud83d\udce6<\/h2>\n<ul data-start=\"1187\" data-end=\"1224\" data-is-last-node=\"\" data-is-only-node=\"\">\n<li data-start=\"1187\" data-end=\"1224\" data-is-last-node=\"\">\n<p data-start=\"1189\" data-end=\"1224\" data-is-last-node=\"\">1, 2x s\u00e6t med professionel hj\u00f8rnemalerpensel og 1x almindelig lille pensel.<\/p>\n<\/li>\n<\/ul>\n","protected":false},"excerpt":{"rendered":"<p>\ud83c\udfa8Med denne professionelle hj\u00f8rnepensel kan du nemt male perfekte kanter rundt om v\u00e6gge, lofter og lister.<br \/>\n\ud83e\uddf1Den fjerner behovet for at tape og sk\u00e6re i h\u00e5nden, hvilket sparer tid og kr\u00e6fter p\u00e5 hvert job.<br \/>\n\ud83d\udd8c\ufe0fEven begyndere kan opn\u00e5 lige, professionelt udseende linjer uden at malingen bl\u00f8der ud p\u00e5 listerne.<\/p>\n","protected":false},"featured_media":23341,"comment_status":"open","ping_status":"closed","template":"","meta":{"site-sidebar-layout":"default","site-content-layout":"","ast-site-content-layout":"default","site-content-style":"default","site-sidebar-style":"default","ast-global-header-display":"","ast-banner-title-visibility":"","ast-main-header-display":"","ast-hfb-above-header-display":"","ast-hfb-below-header-display":"","ast-hfb-mobile-header-display":"","site-post-title":"","ast-breadcrumbs-content":"","ast-featured-img":"","footer-sml-layout":"","ast-disable-related-posts":"","theme-transparent-header-meta":"default","adv-header-id-meta":"","stick-header-meta":"","header-above-stick-meta":"","header-main-stick-meta":"","header-below-stick-meta":"","astra-migrate-meta-layouts":"set","ast-page-background-enabled":"default","ast-page-background-meta":{"desktop":{"background-color":"var(--ast-global-color-5)","background-image":"","background-repeat":"repeat","background-position":"center center","background-size":"auto","background-attachment":"scroll","background-type":"","background-media":"","overlay-type":"","overlay-color":"","overlay-opacity":"","overlay-gradient":""},"tablet":{"background-color":"","background-image":"","background-repeat":"repeat","background-position":"center center","background-size":"auto","background-attachment":"scroll","background-type":"","background-media":"","overlay-type":"","overlay-color":"","overlay-opacity":"","overlay-gradient":""},"mobile":{"background-color":"","background-image":"","background-repeat":"repeat","background-position":"center center","background-size":"auto","background-attachment":"scroll","background-type":"","background-media":"","overlay-type":"","overlay-color":"","overlay-opacity":"","overlay-gradient":""}},"ast-content-background-meta":{"desktop":{"background-color":"var(--ast-global-color-4)","background-image":"","background-repeat":"repeat","background-position":"center center","background-size":"auto","background-attachment":"scroll","background-type":"","background-media":"","overlay-type":"","overlay-color":"","overlay-opacity":"","overlay-gradient":""},"tablet":{"background-color":"var(--ast-global-color-4)","background-image":"","background-repeat":"repeat","background-position":"center center","background-size":"auto","background-attachment":"scroll","background-type":"","background-media":"","overlay-type":"","overlay-color":"","overlay-opacity":"","overlay-gradient":""},"mobile":{"background-color":"var(--ast-global-color-4)","background-image":"","background-repeat":"repeat","background-position":"center center","background-size":"auto","background-attachment":"scroll","background-type":"","background-media":"","overlay-type":"","overlay-color":"","overlay-opacity":"","overlay-gradient":""}}},"product_brand":[],"product_cat":[171],"product_tag":[],"class_list":{"0":"post-23345","1":"product","2":"type-product","3":"status-publish","4":"has-post-thumbnail","6":"product_cat-vaerktoejer","7":"pa_55730_w2wqdt8e-1-saet","8":"pa_55730_w2wqdt8e-2-saet","9":"desktop-align-left","10":"tablet-align-left","11":"mobile-align-left","13":"first","14":"instock","15":"shipping-taxable","16":"purchasable","17":"product-type-variable"},"yoast_head":"<!-- This site is optimized with the Yoast SEO plugin v27.4 - https:\/\/yoast.com\/product\/yoast-seo-wordpress\/ -->\n<title>Professionel hj\u00f8rnepensel - Mekulo DK<\/title>\n<meta name=\"robots\" content=\"index, follow, max-snippet:-1, max-image-preview:large, max-video-preview:-1\" \/>\n<link rel=\"canonical\" href=\"https:\/\/mekulo.com\/dk\/produkt\/professionel-hjoernepensel\/\" \/>\n<meta property=\"og:locale\" content=\"da_DK\" \/>\n<meta property=\"og:type\" content=\"article\" \/>\n<meta property=\"og:title\" content=\"Professionel hj\u00f8rnepensel - Mekulo DK\" \/>\n<meta property=\"og:description\" content=\"\ud83c\udfa8Med denne professionelle hj\u00f8rnepensel kan du nemt male perfekte kanter rundt om v\u00e6gge, lofter og lister. \ud83e\uddf1Den fjerner behovet for at tape og sk\u00e6re i h\u00e5nden, hvilket sparer tid og kr\u00e6fter p\u00e5 hvert job. \ud83d\udd8c\ufe0fEven begyndere kan opn\u00e5 lige, professionelt udseende linjer uden at malingen bl\u00f8der ud p\u00e5 listerne.\" \/>\n<meta property=\"og:url\" content=\"https:\/\/mekulo.com\/dk\/produkt\/professionel-hjoernepensel\/\" \/>\n<meta property=\"og:site_name\" content=\"Mekulo DK\" \/>\n<meta property=\"article:modified_time\" content=\"2026-03-02T10:30:47+00:00\" \/>\n<meta property=\"og:image\" content=\"https:\/\/mekulo.com\/dk\/wp-content\/uploads\/sites\/12\/2026\/02\/nklvrgx-1.jpeg\" \/>\n\t<meta property=\"og:image:width\" content=\"800\" \/>\n\t<meta property=\"og:image:height\" content=\"800\" \/>\n\t<meta property=\"og:image:type\" content=\"image\/jpeg\" \/>\n<meta name=\"twitter:card\" content=\"summary_large_image\" \/>\n<meta name=\"twitter:label1\" content=\"Estimeret l\u00e6setid\" \/>\n\t<meta name=\"twitter:data1\" content=\"2 minutter\" \/>\n<script type=\"application\/ld+json\" class=\"yoast-schema-graph\">{\"@context\":\"https:\\\/\\\/schema.org\",\"@graph\":[{\"@type\":\"WebPage\",\"@id\":\"https:\\\/\\\/mekulo.com\\\/dk\\\/produkt\\\/professionel-hjoernepensel\\\/\",\"url\":\"https:\\\/\\\/mekulo.com\\\/dk\\\/produkt\\\/professionel-hjoernepensel\\\/\",\"name\":\"Professionel hj\u00f8rnepensel - Mekulo DK\",\"isPartOf\":{\"@id\":\"https:\\\/\\\/mekulo.com\\\/dk\\\/#website\"},\"primaryImageOfPage\":{\"@id\":\"https:\\\/\\\/mekulo.com\\\/dk\\\/produkt\\\/professionel-hjoernepensel\\\/#primaryimage\"},\"image\":{\"@id\":\"https:\\\/\\\/mekulo.com\\\/dk\\\/produkt\\\/professionel-hjoernepensel\\\/#primaryimage\"},\"thumbnailUrl\":\"https:\\\/\\\/mekulo.com\\\/dk\\\/wp-content\\\/uploads\\\/sites\\\/12\\\/2026\\\/02\\\/nklvrgx-1.jpeg\",\"datePublished\":\"2026-02-10T05:33:14+00:00\",\"dateModified\":\"2026-03-02T10:30:47+00:00\",\"breadcrumb\":{\"@id\":\"https:\\\/\\\/mekulo.com\\\/dk\\\/produkt\\\/professionel-hjoernepensel\\\/#breadcrumb\"},\"inLanguage\":\"da-DK\",\"potentialAction\":[{\"@type\":\"ReadAction\",\"target\":[\"https:\\\/\\\/mekulo.com\\\/dk\\\/produkt\\\/professionel-hjoernepensel\\\/\"]}]},{\"@type\":\"ImageObject\",\"inLanguage\":\"da-DK\",\"@id\":\"https:\\\/\\\/mekulo.com\\\/dk\\\/produkt\\\/professionel-hjoernepensel\\\/#primaryimage\",\"url\":\"https:\\\/\\\/mekulo.com\\\/dk\\\/wp-content\\\/uploads\\\/sites\\\/12\\\/2026\\\/02\\\/nklvrgx-1.jpeg\",\"contentUrl\":\"https:\\\/\\\/mekulo.com\\\/dk\\\/wp-content\\\/uploads\\\/sites\\\/12\\\/2026\\\/02\\\/nklvrgx-1.jpeg\",\"width\":800,\"height\":800},{\"@type\":\"BreadcrumbList\",\"@id\":\"https:\\\/\\\/mekulo.com\\\/dk\\\/produkt\\\/professionel-hjoernepensel\\\/#breadcrumb\",\"itemListElement\":[{\"@type\":\"ListItem\",\"position\":1,\"name\":\"Home\",\"item\":\"https:\\\/\\\/mekulo.com\\\/dk\\\/\"},{\"@type\":\"ListItem\",\"position\":2,\"name\":\"Butik\",\"item\":\"https:\\\/\\\/mekulo.com\\\/dk\\\/butik\\\/\"},{\"@type\":\"ListItem\",\"position\":3,\"name\":\"Professionel hj\u00f8rnepensel\"}]},{\"@type\":\"WebSite\",\"@id\":\"https:\\\/\\\/mekulo.com\\\/dk\\\/#website\",\"url\":\"https:\\\/\\\/mekulo.com\\\/dk\\\/\",\"name\":\"Mekulo DK\",\"description\":\"\",\"publisher\":{\"@id\":\"https:\\\/\\\/mekulo.com\\\/dk\\\/#organization\"},\"potentialAction\":[{\"@type\":\"SearchAction\",\"target\":{\"@type\":\"EntryPoint\",\"urlTemplate\":\"https:\\\/\\\/mekulo.com\\\/dk\\\/?s={search_term_string}\"},\"query-input\":{\"@type\":\"PropertyValueSpecification\",\"valueRequired\":true,\"valueName\":\"search_term_string\"}}],\"inLanguage\":\"da-DK\"},{\"@type\":\"Organization\",\"@id\":\"https:\\\/\\\/mekulo.com\\\/dk\\\/#organization\",\"name\":\"Mekulo\",\"url\":\"https:\\\/\\\/mekulo.com\\\/dk\\\/\",\"logo\":{\"@type\":\"ImageObject\",\"inLanguage\":\"da-DK\",\"@id\":\"https:\\\/\\\/mekulo.com\\\/dk\\\/#\\\/schema\\\/logo\\\/image\\\/\",\"url\":\"https:\\\/\\\/mekulo.com\\\/dk\\\/wp-content\\\/uploads\\\/sites\\\/12\\\/2025\\\/12\\\/favicon_mekulo.png\",\"contentUrl\":\"https:\\\/\\\/mekulo.com\\\/dk\\\/wp-content\\\/uploads\\\/sites\\\/12\\\/2025\\\/12\\\/favicon_mekulo.png\",\"width\":50,\"height\":50,\"caption\":\"Mekulo\"},\"image\":{\"@id\":\"https:\\\/\\\/mekulo.com\\\/dk\\\/#\\\/schema\\\/logo\\\/image\\\/\"}}]}<\/script>\n<!-- \/ Yoast SEO plugin. -->","yoast_head_json":{"title":"Professionel hj\u00f8rnepensel - Mekulo DK","robots":{"index":"index","follow":"follow","max-snippet":"max-snippet:-1","max-image-preview":"max-image-preview:large","max-video-preview":"max-video-preview:-1"},"canonical":"https:\/\/mekulo.com\/dk\/produkt\/professionel-hjoernepensel\/","og_locale":"da_DK","og_type":"article","og_title":"Professionel hj\u00f8rnepensel - Mekulo DK","og_description":"\ud83c\udfa8Med denne professionelle hj\u00f8rnepensel kan du nemt male perfekte kanter rundt om v\u00e6gge, lofter og lister. \ud83e\uddf1Den fjerner behovet for at tape og sk\u00e6re i h\u00e5nden, hvilket sparer tid og kr\u00e6fter p\u00e5 hvert job. \ud83d\udd8c\ufe0fEven begyndere kan opn\u00e5 lige, professionelt udseende linjer uden at malingen bl\u00f8der ud p\u00e5 listerne.","og_url":"https:\/\/mekulo.com\/dk\/produkt\/professionel-hjoernepensel\/","og_site_name":"Mekulo DK","article_modified_time":"2026-03-02T10:30:47+00:00","og_image":[{"width":800,"height":800,"url":"https:\/\/mekulo.com\/dk\/wp-content\/uploads\/sites\/12\/2026\/02\/nklvrgx-1.jpeg","type":"image\/jpeg"}],"twitter_card":"summary_large_image","twitter_misc":{"Estimeret l\u00e6setid":"2 minutter"},"schema":{"@context":"https:\/\/schema.org","@graph":[{"@type":"WebPage","@id":"https:\/\/mekulo.com\/dk\/produkt\/professionel-hjoernepensel\/","url":"https:\/\/mekulo.com\/dk\/produkt\/professionel-hjoernepensel\/","name":"Professionel hj\u00f8rnepensel - Mekulo DK","isPartOf":{"@id":"https:\/\/mekulo.com\/dk\/#website"},"primaryImageOfPage":{"@id":"https:\/\/mekulo.com\/dk\/produkt\/professionel-hjoernepensel\/#primaryimage"},"image":{"@id":"https:\/\/mekulo.com\/dk\/produkt\/professionel-hjoernepensel\/#primaryimage"},"thumbnailUrl":"https:\/\/mekulo.com\/dk\/wp-content\/uploads\/sites\/12\/2026\/02\/nklvrgx-1.jpeg","datePublished":"2026-02-10T05:33:14+00:00","dateModified":"2026-03-02T10:30:47+00:00","breadcrumb":{"@id":"https:\/\/mekulo.com\/dk\/produkt\/professionel-hjoernepensel\/#breadcrumb"},"inLanguage":"da-DK","potentialAction":[{"@type":"ReadAction","target":["https:\/\/mekulo.com\/dk\/produkt\/professionel-hjoernepensel\/"]}]},{"@type":"ImageObject","inLanguage":"da-DK","@id":"https:\/\/mekulo.com\/dk\/produkt\/professionel-hjoernepensel\/#primaryimage","url":"https:\/\/mekulo.com\/dk\/wp-content\/uploads\/sites\/12\/2026\/02\/nklvrgx-1.jpeg","contentUrl":"https:\/\/mekulo.com\/dk\/wp-content\/uploads\/sites\/12\/2026\/02\/nklvrgx-1.jpeg","width":800,"height":800},{"@type":"BreadcrumbList","@id":"https:\/\/mekulo.com\/dk\/produkt\/professionel-hjoernepensel\/#breadcrumb","itemListElement":[{"@type":"ListItem","position":1,"name":"Home","item":"https:\/\/mekulo.com\/dk\/"},{"@type":"ListItem","position":2,"name":"Butik","item":"https:\/\/mekulo.com\/dk\/butik\/"},{"@type":"ListItem","position":3,"name":"Professionel hj\u00f8rnepensel"}]},{"@type":"WebSite","@id":"https:\/\/mekulo.com\/dk\/#website","url":"https:\/\/mekulo.com\/dk\/","name":"Mekulo DK","description":"","publisher":{"@id":"https:\/\/mekulo.com\/dk\/#organization"},"potentialAction":[{"@type":"SearchAction","target":{"@type":"EntryPoint","urlTemplate":"https:\/\/mekulo.com\/dk\/?s={search_term_string}"},"query-input":{"@type":"PropertyValueSpecification","valueRequired":true,"valueName":"search_term_string"}}],"inLanguage":"da-DK"},{"@type":"Organization","@id":"https:\/\/mekulo.com\/dk\/#organization","name":"Mekulo","url":"https:\/\/mekulo.com\/dk\/","logo":{"@type":"ImageObject","inLanguage":"da-DK","@id":"https:\/\/mekulo.com\/dk\/#\/schema\/logo\/image\/","url":"https:\/\/mekulo.com\/dk\/wp-content\/uploads\/sites\/12\/2025\/12\/favicon_mekulo.png","contentUrl":"https:\/\/mekulo.com\/dk\/wp-content\/uploads\/sites\/12\/2025\/12\/favicon_mekulo.png","width":50,"height":50,"caption":"Mekulo"},"image":{"@id":"https:\/\/mekulo.com\/dk\/#\/schema\/logo\/image\/"}}]}},"_links":{"self":[{"href":"https:\/\/mekulo.com\/dk\/wp-json\/wp\/v2\/product\/23345","targetHints":{"allow":["GET"]}}],"collection":[{"href":"https:\/\/mekulo.com\/dk\/wp-json\/wp\/v2\/product"}],"about":[{"href":"https:\/\/mekulo.com\/dk\/wp-json\/wp\/v2\/types\/product"}],"replies":[{"embeddable":true,"href":"https:\/\/mekulo.com\/dk\/wp-json\/wp\/v2\/comments?post=23345"}],"wp:featuredmedia":[{"embeddable":true,"href":"https:\/\/mekulo.com\/dk\/wp-json\/wp\/v2\/media\/23341"}],"wp:attachment":[{"href":"https:\/\/mekulo.com\/dk\/wp-json\/wp\/v2\/media?parent=23345"}],"wp:term":[{"taxonomy":"product_brand","embeddable":true,"href":"https:\/\/mekulo.com\/dk\/wp-json\/wp\/v2\/product_brand?post=23345"},{"taxonomy":"product_cat","embeddable":true,"href":"https:\/\/mekulo.com\/dk\/wp-json\/wp\/v2\/product_cat?post=23345"},{"taxonomy":"product_tag","embeddable":true,"href":"https:\/\/mekulo.com\/dk\/wp-json\/wp\/v2\/product_tag?post=23345"}],"curies":[{"name":"wp","href":"https:\/\/api.w.org\/{rel}","templated":true}]}}