{"id":23336,"date":"2026-02-10T07:31:58","date_gmt":"2026-02-10T05:31:58","guid":{"rendered":"https:\/\/mekulo.com\/dk\/produkt\/3d-hologram-led-projektor\/"},"modified":"2026-02-10T07:31:58","modified_gmt":"2026-02-10T05:31:58","slug":"3d-hologram-led-projektor","status":"publish","type":"product","link":"https:\/\/mekulo.com\/dk\/produkt\/3d-hologram-led-projektor\/","title":{"rendered":"3D-hologram LED-projektor"},"content":{"rendered":"<p style=\"text-align: center\" data-start=\"0\" data-end=\"78\"><strong data-start=\"0\" data-end=\"78\">Skab i\u00f8jnefaldende 3D-visualiseringer, der ser ud, som om de sv\u00e6ver i luften. \ud83e\uddf8<\/strong><\/p>\n<p data-start=\"0\" data-end=\"78\"><img fetchpriority=\"high\" decoding=\"async\" class=\"size-full wp-image-23791 aligncenter\" src=\"https:\/\/mekulo.com\/template\/wp-content\/uploads\/sites\/6\/2026\/02\/S0aa04fa459234dc28701d1f086e6268cB.jpg\" alt=\"\" width=\"1080\" height=\"1080\" \/><\/p>\n<h2 style=\"text-align: center\" data-start=\"386\" data-end=\"403\"><strong>Hovedfordele \ud83e\udd8b<\/strong><\/h2>\n<p data-start=\"406\" data-end=\"463\">\ud83c\udf08 Sv\u00e6vende 3D-billeder &#8211; kantl\u00f8s hologrammeffekt.<\/p>\n<p data-start=\"466\" data-end=\"514\">\ud83d\udca1 224 LED-kugler &#8211; lyse og skarpe billeder.<\/p>\n<p data-start=\"517\" data-end=\"574\">\ud83d\udcf6 Flere kontrolmuligheder &#8211; WiFi, app, fjernbetjening, pc.<\/p>\n<p data-start=\"577\" data-end=\"638\">\ud83c\udf9e\ufe0f Underst\u00f8ttelse af brugerdefineret indhold &#8211; videoer, billeder, animationer.<\/p>\n<p data-start=\"641\" data-end=\"692\">\ud83d\udd04 Bred betragtningsvinkel &#8211; op til 176\u00b0 synlighed.<\/p>\n<p data-start=\"641\" data-end=\"692\"><img decoding=\"async\" class=\"size-full wp-image-23796 aligncenter\" src=\"https:\/\/mekulo.com\/template\/wp-content\/uploads\/sites\/6\/2026\/02\/5f684d302c5215ff9ff9621b5e65fd5bb7695bd0.avif\" alt=\"\" \/><\/p>\n<h2 style=\"text-align: center\" data-start=\"694\" data-end=\"708\"><strong>S\u00e5dan Bruges \ud83d\udccc<\/strong><\/h2>\n<ol data-start=\"709\" data-end=\"935\">\n<li data-start=\"709\" data-end=\"768\">\n<p data-start=\"712\" data-end=\"768\">Monter ventilatorbladene p\u00e5 basen ved hj\u00e6lp af skruerne.<\/p>\n<\/li>\n<li data-start=\"769\" data-end=\"817\">\n<p data-start=\"772\" data-end=\"817\">S\u00e6t str\u00f8madapteren i en str\u00f8mkilde.<\/p>\n<\/li>\n<li data-start=\"818\" data-end=\"876\">\n<p data-start=\"821\" data-end=\"876\">Upload billeder eller videoer ved hj\u00e6lp af hukommelseskortet eller appen.<\/p>\n<\/li>\n<li data-start=\"877\" data-end=\"935\">\n<p data-start=\"880\" data-end=\"935\">Styr afspilningen via WiFi, mobilapp, fjernbetjening eller pc.<\/p>\n<\/li>\n<\/ol>\n<h2 style=\"text-align: center\" data-start=\"937\" data-end=\"956\"><strong>Produktdetaljer \ud83d\udccf<\/strong><\/h2>\n<ul data-start=\"957\" data-end=\"1254\">\n<li data-start=\"957\" data-end=\"983\">\n<p data-start=\"959\" data-end=\"983\">Opl\u00f8sning: 2000 x 224<\/p>\n<\/li>\n<li data-start=\"984\" data-end=\"1002\">\n<p data-start=\"986\" data-end=\"1002\">LED-perler: 224<\/p>\n<\/li>\n<li data-start=\"1003\" data-end=\"1025\">\n<p data-start=\"1005\" data-end=\"1025\">Materiale: ABS + PC<\/p>\n<\/li>\n<li data-start=\"1026\" data-end=\"1040\">\n<p data-start=\"1028\" data-end=\"1040\">Power: 15W<\/p>\n<\/li>\n<li data-start=\"1041\" data-end=\"1062\">\n<p data-start=\"1043\" data-end=\"1062\">Voltage: 100-240V<\/p>\n<\/li>\n<li data-start=\"1063\" data-end=\"1091\">\n<p data-start=\"1065\" data-end=\"1091\">Rotation speed: 1250 RPM<\/p>\n<\/li>\n<li data-start=\"1092\" data-end=\"1115\">\n<p data-start=\"1094\" data-end=\"1115\">Viewing angle: 176\u00b0<\/p>\n<\/li>\n<li data-start=\"1116\" data-end=\"1161\">\n<p data-start=\"1118\" data-end=\"1161\">Memory support: Op til 32 GB (4 GB inkluderet)<\/p>\n<\/li>\n<li data-start=\"1162\" data-end=\"1196\">\n<p data-start=\"1164\" data-end=\"1196\">Kontrol: WiFi, app, fjernbetjening, PC<\/p>\n<\/li>\n<li data-start=\"1197\" data-end=\"1220\">\n<p data-start=\"1199\" data-end=\"1220\">App-navn: 3D Circle<\/p>\n<\/li>\n<li data-start=\"1221\" data-end=\"1254\">\n<p data-start=\"1223\" data-end=\"1254\">Livsl\u00e6ngde: Op til 100.000 timer<\/p>\n<\/li>\n<\/ul>\n<h2 style=\"text-align: center\" data-start=\"1256\" data-end=\"1276\"><strong>Pakken Indeholder \ud83d\udce6<\/strong><\/h2>\n<ul data-start=\"1277\" data-end=\"1433\" data-is-last-node=\"\" data-is-only-node=\"\">\n<li data-start=\"1277\" data-end=\"1289\">\n<p data-start=\"1279\" data-end=\"1289\">1x base<\/p>\n<\/li>\n<li data-start=\"1290\" data-end=\"1308\">\n<p data-start=\"1292\" data-end=\"1308\">2x bl\u00e6serblade<\/p>\n<\/li>\n<li data-start=\"1309\" data-end=\"1330\">\n<p data-start=\"1311\" data-end=\"1330\">1x str\u00f8madapter<\/p>\n<\/li>\n<li data-start=\"1331\" data-end=\"1350\">\n<p data-start=\"1333\" data-end=\"1350\">1x skruetr\u00e6kker<\/p>\n<\/li>\n<li data-start=\"1351\" data-end=\"1365\">\n<p data-start=\"1353\" data-end=\"1365\">2x skruer<\/p>\n<\/li>\n<li data-start=\"1366\" data-end=\"1388\">\n<p data-start=\"1368\" data-end=\"1388\">2x gummimuffer<\/p>\n<\/li>\n<li data-start=\"1389\" data-end=\"1408\">\n<p data-start=\"1391\" data-end=\"1408\">1x kortl\u00e6ser<\/p>\n<\/li>\n<li data-start=\"1409\" data-end=\"1433\" data-is-last-node=\"\">\n<p data-start=\"1411\" data-end=\"1433\" data-is-last-node=\"\">1x brugsanvisning.<\/p>\n<\/li>\n<\/ul>\n","protected":false},"excerpt":{"rendered":"<p>\ud83e\udd8bDenne 3D-hologram LED-projektor viser lyse, kantl\u00f8se billeder, der fanger opm\u00e6rksomheden med det samme.<br \/>\n\ud83c\udfe0Den er perfekt til butikker, events, barer og udstillinger, hvor du vil have folk til at stoppe op og kigge.<br \/>\n\ud83c\udf38Den h\u00f8jopl\u00f8ste sk\u00e6rm forbliver klar selv i lyse omgivelser, s\u00e5 dit indhold skiller sig ud overalt.<\/p>\n","protected":false},"featured_media":23332,"comment_status":"open","ping_status":"closed","template":"","meta":{"site-sidebar-layout":"default","site-content-layout":"","ast-site-content-layout":"default","site-content-style":"default","site-sidebar-style":"default","ast-global-header-display":"","ast-banner-title-visibility":"","ast-main-header-display":"","ast-hfb-above-header-display":"","ast-hfb-below-header-display":"","ast-hfb-mobile-header-display":"","site-post-title":"","ast-breadcrumbs-content":"","ast-featured-img":"","footer-sml-layout":"","ast-disable-related-posts":"","theme-transparent-header-meta":"default","adv-header-id-meta":"","stick-header-meta":"","header-above-stick-meta":"","header-main-stick-meta":"","header-below-stick-meta":"","astra-migrate-meta-layouts":"set","ast-page-background-enabled":"default","ast-page-background-meta":{"desktop":{"background-color":"var(--ast-global-color-5)","background-image":"","background-repeat":"repeat","background-position":"center center","background-size":"auto","background-attachment":"scroll","background-type":"","background-media":"","overlay-type":"","overlay-color":"","overlay-opacity":"","overlay-gradient":""},"tablet":{"background-color":"","background-image":"","background-repeat":"repeat","background-position":"center center","background-size":"auto","background-attachment":"scroll","background-type":"","background-media":"","overlay-type":"","overlay-color":"","overlay-opacity":"","overlay-gradient":""},"mobile":{"background-color":"","background-image":"","background-repeat":"repeat","background-position":"center center","background-size":"auto","background-attachment":"scroll","background-type":"","background-media":"","overlay-type":"","overlay-color":"","overlay-opacity":"","overlay-gradient":""}},"ast-content-background-meta":{"desktop":{"background-color":"var(--ast-global-color-4)","background-image":"","background-repeat":"repeat","background-position":"center center","background-size":"auto","background-attachment":"scroll","background-type":"","background-media":"","overlay-type":"","overlay-color":"","overlay-opacity":"","overlay-gradient":""},"tablet":{"background-color":"var(--ast-global-color-4)","background-image":"","background-repeat":"repeat","background-position":"center center","background-size":"auto","background-attachment":"scroll","background-type":"","background-media":"","overlay-type":"","overlay-color":"","overlay-opacity":"","overlay-gradient":""},"mobile":{"background-color":"var(--ast-global-color-4)","background-image":"","background-repeat":"repeat","background-position":"center center","background-size":"auto","background-attachment":"scroll","background-type":"","background-media":"","overlay-type":"","overlay-color":"","overlay-opacity":"","overlay-gradient":""}}},"product_brand":[],"product_cat":[173],"product_tag":[],"class_list":{"0":"post-23336","1":"product","2":"type-product","3":"status-publish","4":"has-post-thumbnail","6":"product_cat-elektronik","7":"desktop-align-left","8":"tablet-align-left","9":"mobile-align-left","11":"first","12":"instock","13":"shipping-taxable","14":"purchasable","15":"product-type-simple"},"yoast_head":"<!-- This site is optimized with the Yoast SEO plugin v27.4 - https:\/\/yoast.com\/product\/yoast-seo-wordpress\/ -->\n<title>3D-hologram LED-projektor - Mekulo DK<\/title>\n<meta name=\"robots\" content=\"index, follow, max-snippet:-1, max-image-preview:large, max-video-preview:-1\" \/>\n<link rel=\"canonical\" href=\"https:\/\/mekulo.com\/dk\/produkt\/3d-hologram-led-projektor\/\" \/>\n<meta property=\"og:locale\" content=\"da_DK\" \/>\n<meta property=\"og:type\" content=\"article\" \/>\n<meta property=\"og:title\" content=\"3D-hologram LED-projektor - Mekulo DK\" \/>\n<meta property=\"og:description\" content=\"\ud83e\udd8bDenne 3D-hologram LED-projektor viser lyse, kantl\u00f8se billeder, der fanger opm\u00e6rksomheden med det samme. \ud83c\udfe0Den er perfekt til butikker, events, barer og udstillinger, hvor du vil have folk til at stoppe op og kigge. \ud83c\udf38Den h\u00f8jopl\u00f8ste sk\u00e6rm forbliver klar selv i lyse omgivelser, s\u00e5 dit indhold skiller sig ud overalt.\" \/>\n<meta property=\"og:url\" content=\"https:\/\/mekulo.com\/dk\/produkt\/3d-hologram-led-projektor\/\" \/>\n<meta property=\"og:site_name\" content=\"Mekulo DK\" \/>\n<meta property=\"og:image\" content=\"https:\/\/mekulo.com\/dk\/wp-content\/uploads\/sites\/12\/2026\/02\/1gs46j2-1.jpg\" \/>\n\t<meta property=\"og:image:width\" content=\"1080\" \/>\n\t<meta property=\"og:image:height\" content=\"1080\" \/>\n\t<meta property=\"og:image:type\" content=\"image\/jpeg\" \/>\n<meta name=\"twitter:card\" content=\"summary_large_image\" \/>\n<meta name=\"twitter:label1\" content=\"Estimeret l\u00e6setid\" \/>\n\t<meta name=\"twitter:data1\" content=\"2 minutter\" \/>\n<script type=\"application\/ld+json\" class=\"yoast-schema-graph\">{\"@context\":\"https:\\\/\\\/schema.org\",\"@graph\":[{\"@type\":\"WebPage\",\"@id\":\"https:\\\/\\\/mekulo.com\\\/dk\\\/produkt\\\/3d-hologram-led-projektor\\\/\",\"url\":\"https:\\\/\\\/mekulo.com\\\/dk\\\/produkt\\\/3d-hologram-led-projektor\\\/\",\"name\":\"3D-hologram LED-projektor - Mekulo DK\",\"isPartOf\":{\"@id\":\"https:\\\/\\\/mekulo.com\\\/dk\\\/#website\"},\"primaryImageOfPage\":{\"@id\":\"https:\\\/\\\/mekulo.com\\\/dk\\\/produkt\\\/3d-hologram-led-projektor\\\/#primaryimage\"},\"image\":{\"@id\":\"https:\\\/\\\/mekulo.com\\\/dk\\\/produkt\\\/3d-hologram-led-projektor\\\/#primaryimage\"},\"thumbnailUrl\":\"https:\\\/\\\/mekulo.com\\\/dk\\\/wp-content\\\/uploads\\\/sites\\\/12\\\/2026\\\/02\\\/1gs46j2-1.jpg\",\"datePublished\":\"2026-02-10T05:31:58+00:00\",\"breadcrumb\":{\"@id\":\"https:\\\/\\\/mekulo.com\\\/dk\\\/produkt\\\/3d-hologram-led-projektor\\\/#breadcrumb\"},\"inLanguage\":\"da-DK\",\"potentialAction\":[{\"@type\":\"ReadAction\",\"target\":[\"https:\\\/\\\/mekulo.com\\\/dk\\\/produkt\\\/3d-hologram-led-projektor\\\/\"]}]},{\"@type\":\"ImageObject\",\"inLanguage\":\"da-DK\",\"@id\":\"https:\\\/\\\/mekulo.com\\\/dk\\\/produkt\\\/3d-hologram-led-projektor\\\/#primaryimage\",\"url\":\"https:\\\/\\\/mekulo.com\\\/dk\\\/wp-content\\\/uploads\\\/sites\\\/12\\\/2026\\\/02\\\/1gs46j2-1.jpg\",\"contentUrl\":\"https:\\\/\\\/mekulo.com\\\/dk\\\/wp-content\\\/uploads\\\/sites\\\/12\\\/2026\\\/02\\\/1gs46j2-1.jpg\",\"width\":1080,\"height\":1080},{\"@type\":\"BreadcrumbList\",\"@id\":\"https:\\\/\\\/mekulo.com\\\/dk\\\/produkt\\\/3d-hologram-led-projektor\\\/#breadcrumb\",\"itemListElement\":[{\"@type\":\"ListItem\",\"position\":1,\"name\":\"Home\",\"item\":\"https:\\\/\\\/mekulo.com\\\/dk\\\/\"},{\"@type\":\"ListItem\",\"position\":2,\"name\":\"Butik\",\"item\":\"https:\\\/\\\/mekulo.com\\\/dk\\\/butik\\\/\"},{\"@type\":\"ListItem\",\"position\":3,\"name\":\"3D-hologram LED-projektor\"}]},{\"@type\":\"WebSite\",\"@id\":\"https:\\\/\\\/mekulo.com\\\/dk\\\/#website\",\"url\":\"https:\\\/\\\/mekulo.com\\\/dk\\\/\",\"name\":\"Mekulo DK\",\"description\":\"\",\"publisher\":{\"@id\":\"https:\\\/\\\/mekulo.com\\\/dk\\\/#organization\"},\"potentialAction\":[{\"@type\":\"SearchAction\",\"target\":{\"@type\":\"EntryPoint\",\"urlTemplate\":\"https:\\\/\\\/mekulo.com\\\/dk\\\/?s={search_term_string}\"},\"query-input\":{\"@type\":\"PropertyValueSpecification\",\"valueRequired\":true,\"valueName\":\"search_term_string\"}}],\"inLanguage\":\"da-DK\"},{\"@type\":\"Organization\",\"@id\":\"https:\\\/\\\/mekulo.com\\\/dk\\\/#organization\",\"name\":\"Mekulo\",\"url\":\"https:\\\/\\\/mekulo.com\\\/dk\\\/\",\"logo\":{\"@type\":\"ImageObject\",\"inLanguage\":\"da-DK\",\"@id\":\"https:\\\/\\\/mekulo.com\\\/dk\\\/#\\\/schema\\\/logo\\\/image\\\/\",\"url\":\"https:\\\/\\\/mekulo.com\\\/dk\\\/wp-content\\\/uploads\\\/sites\\\/12\\\/2025\\\/12\\\/favicon_mekulo.png\",\"contentUrl\":\"https:\\\/\\\/mekulo.com\\\/dk\\\/wp-content\\\/uploads\\\/sites\\\/12\\\/2025\\\/12\\\/favicon_mekulo.png\",\"width\":50,\"height\":50,\"caption\":\"Mekulo\"},\"image\":{\"@id\":\"https:\\\/\\\/mekulo.com\\\/dk\\\/#\\\/schema\\\/logo\\\/image\\\/\"}}]}<\/script>\n<!-- \/ Yoast SEO plugin. -->","yoast_head_json":{"title":"3D-hologram LED-projektor - Mekulo DK","robots":{"index":"index","follow":"follow","max-snippet":"max-snippet:-1","max-image-preview":"max-image-preview:large","max-video-preview":"max-video-preview:-1"},"canonical":"https:\/\/mekulo.com\/dk\/produkt\/3d-hologram-led-projektor\/","og_locale":"da_DK","og_type":"article","og_title":"3D-hologram LED-projektor - Mekulo DK","og_description":"\ud83e\udd8bDenne 3D-hologram LED-projektor viser lyse, kantl\u00f8se billeder, der fanger opm\u00e6rksomheden med det samme. \ud83c\udfe0Den er perfekt til butikker, events, barer og udstillinger, hvor du vil have folk til at stoppe op og kigge. \ud83c\udf38Den h\u00f8jopl\u00f8ste sk\u00e6rm forbliver klar selv i lyse omgivelser, s\u00e5 dit indhold skiller sig ud overalt.","og_url":"https:\/\/mekulo.com\/dk\/produkt\/3d-hologram-led-projektor\/","og_site_name":"Mekulo DK","og_image":[{"width":1080,"height":1080,"url":"https:\/\/mekulo.com\/dk\/wp-content\/uploads\/sites\/12\/2026\/02\/1gs46j2-1.jpg","type":"image\/jpeg"}],"twitter_card":"summary_large_image","twitter_misc":{"Estimeret l\u00e6setid":"2 minutter"},"schema":{"@context":"https:\/\/schema.org","@graph":[{"@type":"WebPage","@id":"https:\/\/mekulo.com\/dk\/produkt\/3d-hologram-led-projektor\/","url":"https:\/\/mekulo.com\/dk\/produkt\/3d-hologram-led-projektor\/","name":"3D-hologram LED-projektor - Mekulo DK","isPartOf":{"@id":"https:\/\/mekulo.com\/dk\/#website"},"primaryImageOfPage":{"@id":"https:\/\/mekulo.com\/dk\/produkt\/3d-hologram-led-projektor\/#primaryimage"},"image":{"@id":"https:\/\/mekulo.com\/dk\/produkt\/3d-hologram-led-projektor\/#primaryimage"},"thumbnailUrl":"https:\/\/mekulo.com\/dk\/wp-content\/uploads\/sites\/12\/2026\/02\/1gs46j2-1.jpg","datePublished":"2026-02-10T05:31:58+00:00","breadcrumb":{"@id":"https:\/\/mekulo.com\/dk\/produkt\/3d-hologram-led-projektor\/#breadcrumb"},"inLanguage":"da-DK","potentialAction":[{"@type":"ReadAction","target":["https:\/\/mekulo.com\/dk\/produkt\/3d-hologram-led-projektor\/"]}]},{"@type":"ImageObject","inLanguage":"da-DK","@id":"https:\/\/mekulo.com\/dk\/produkt\/3d-hologram-led-projektor\/#primaryimage","url":"https:\/\/mekulo.com\/dk\/wp-content\/uploads\/sites\/12\/2026\/02\/1gs46j2-1.jpg","contentUrl":"https:\/\/mekulo.com\/dk\/wp-content\/uploads\/sites\/12\/2026\/02\/1gs46j2-1.jpg","width":1080,"height":1080},{"@type":"BreadcrumbList","@id":"https:\/\/mekulo.com\/dk\/produkt\/3d-hologram-led-projektor\/#breadcrumb","itemListElement":[{"@type":"ListItem","position":1,"name":"Home","item":"https:\/\/mekulo.com\/dk\/"},{"@type":"ListItem","position":2,"name":"Butik","item":"https:\/\/mekulo.com\/dk\/butik\/"},{"@type":"ListItem","position":3,"name":"3D-hologram LED-projektor"}]},{"@type":"WebSite","@id":"https:\/\/mekulo.com\/dk\/#website","url":"https:\/\/mekulo.com\/dk\/","name":"Mekulo DK","description":"","publisher":{"@id":"https:\/\/mekulo.com\/dk\/#organization"},"potentialAction":[{"@type":"SearchAction","target":{"@type":"EntryPoint","urlTemplate":"https:\/\/mekulo.com\/dk\/?s={search_term_string}"},"query-input":{"@type":"PropertyValueSpecification","valueRequired":true,"valueName":"search_term_string"}}],"inLanguage":"da-DK"},{"@type":"Organization","@id":"https:\/\/mekulo.com\/dk\/#organization","name":"Mekulo","url":"https:\/\/mekulo.com\/dk\/","logo":{"@type":"ImageObject","inLanguage":"da-DK","@id":"https:\/\/mekulo.com\/dk\/#\/schema\/logo\/image\/","url":"https:\/\/mekulo.com\/dk\/wp-content\/uploads\/sites\/12\/2025\/12\/favicon_mekulo.png","contentUrl":"https:\/\/mekulo.com\/dk\/wp-content\/uploads\/sites\/12\/2025\/12\/favicon_mekulo.png","width":50,"height":50,"caption":"Mekulo"},"image":{"@id":"https:\/\/mekulo.com\/dk\/#\/schema\/logo\/image\/"}}]}},"_links":{"self":[{"href":"https:\/\/mekulo.com\/dk\/wp-json\/wp\/v2\/product\/23336","targetHints":{"allow":["GET"]}}],"collection":[{"href":"https:\/\/mekulo.com\/dk\/wp-json\/wp\/v2\/product"}],"about":[{"href":"https:\/\/mekulo.com\/dk\/wp-json\/wp\/v2\/types\/product"}],"replies":[{"embeddable":true,"href":"https:\/\/mekulo.com\/dk\/wp-json\/wp\/v2\/comments?post=23336"}],"wp:featuredmedia":[{"embeddable":true,"href":"https:\/\/mekulo.com\/dk\/wp-json\/wp\/v2\/media\/23332"}],"wp:attachment":[{"href":"https:\/\/mekulo.com\/dk\/wp-json\/wp\/v2\/media?parent=23336"}],"wp:term":[{"taxonomy":"product_brand","embeddable":true,"href":"https:\/\/mekulo.com\/dk\/wp-json\/wp\/v2\/product_brand?post=23336"},{"taxonomy":"product_cat","embeddable":true,"href":"https:\/\/mekulo.com\/dk\/wp-json\/wp\/v2\/product_cat?post=23336"},{"taxonomy":"product_tag","embeddable":true,"href":"https:\/\/mekulo.com\/dk\/wp-json\/wp\/v2\/product_tag?post=23336"}],"curies":[{"name":"wp","href":"https:\/\/api.w.org\/{rel}","templated":true}]}}