{"id":23318,"date":"2026-02-10T07:30:12","date_gmt":"2026-02-10T05:30:12","guid":{"rendered":"https:\/\/mekulo.com\/dk\/produkt\/baerbar-elektrisk-vaeskepumpe\/"},"modified":"2026-02-10T07:30:26","modified_gmt":"2026-02-10T05:30:26","slug":"baerbar-elektrisk-vaeskepumpe","status":"publish","type":"product","link":"https:\/\/mekulo.com\/dk\/produkt\/baerbar-elektrisk-vaeskepumpe\/","title":{"rendered":"B\u00e6rbar elektrisk v\u00e6skepumpe"},"content":{"rendered":"<div class=\"flex flex-col text-sm pb-25\">\n<article class=\"text-token-text-primary w-full focus:outline-none [--shadow-height:45px] has-data-writing-block:pointer-events-none has-data-writing-block:-mt-(--shadow-height) has-data-writing-block:pt-(--shadow-height) [&amp;:has([data-writing-block])&gt;*]:pointer-events-auto scroll-mt-[calc(var(--header-height)+min(200px,max(70px,20svh)))]\" dir=\"auto\" data-turn-id=\"56aedfd7-2235-4d51-aacd-53ed5f368efc\" data-testid=\"conversation-turn-160\" data-scroll-anchor=\"true\" data-turn=\"assistant\">\n<div class=\"text-base my-auto mx-auto pb-10 [--thread-content-margin:--spacing(4)] @w-sm\/main:[--thread-content-margin:--spacing(6)] @w-lg\/main:[--thread-content-margin:--spacing(16)] px-(--thread-content-margin)\">\n<div class=\"[--thread-content-max-width:40rem] @w-lg\/main:[--thread-content-max-width:48rem] mx-auto max-w-(--thread-content-max-width) flex-1 group\/turn-messages focus-visible:outline-hidden relative flex w-full min-w-0 flex-col agent-turn\">\n<div class=\"flex max-w-full flex-col grow\">\n<div class=\"min-h-8 text-message relative flex w-full flex-col items-end gap-2 text-start break-words whitespace-normal [.text-message+&amp;]:mt-1\" dir=\"auto\" data-message-author-role=\"assistant\" data-message-id=\"4481e274-92ff-429e-a3cb-b5dac8d8b83d\" data-message-model-slug=\"gpt-5-2\">\n<div class=\"flex w-full flex-col gap-1 empty:hidden first:pt-[1px]\">\n<div class=\"markdown prose dark:prose-invert w-full wrap-break-word light markdown-new-styling\">\n<p style=\"text-align: center\" data-start=\"0\" data-end=\"65\"><strong data-start=\"0\" data-end=\"65\">Overf\u00f8r Br\u00e6ndstof Og V\u00e6sker Hurtigt, Rent Og Uden At Svine. \u26fd<\/strong><\/p>\n<p data-start=\"0\" data-end=\"65\"><img fetchpriority=\"high\" decoding=\"async\" class=\"size-full wp-image-23723 aligncenter\" src=\"https:\/\/mekulo.com\/template\/wp-content\/uploads\/sites\/6\/2026\/02\/S44f20596ca0d42b3b825278de8d4bab7b.jpg\" alt=\"\" width=\"1080\" height=\"1080\" \/><\/p>\n<h2 style=\"text-align: center\" data-start=\"396\" data-end=\"413\"><strong>Hovedfordele \u26fd<\/strong><\/h2>\n<p data-start=\"416\" data-end=\"483\">\u26fd Hurtig pumpekraft &#8211; overf\u00f8rer op til 9 L pr. minut.<\/p>\n<p data-start=\"486\" data-end=\"554\">\ud83d\udd27 Justerbar dyse &#8211; bedre flowkontrol til forskellige opgaver.<\/p>\n<p data-start=\"557\" data-end=\"623\">\ud83d\udd04 Bred kompatibilitet &#8211; passer til de fleste 11-18 L br\u00e6ndstofbeholdere.<\/p>\n<p data-start=\"626\" data-end=\"691\">\ud83e\uddf1 Holdbart materiale &#8211; korrosionsbestandigt og bygget til at holde.<\/p>\n<p data-start=\"694\" data-end=\"751\">\ud83d\udeab L\u00e6kagesikker slange &#8211; ren og sikker v\u00e6skeoverf\u00f8rsel.<\/p>\n<p data-start=\"694\" data-end=\"751\"><img decoding=\"async\" class=\"size-full wp-image-23721 aligncenter\" src=\"https:\/\/mekulo.com\/template\/wp-content\/uploads\/sites\/6\/2026\/02\/S3012c24a6add4d3f95f0cd463ec06aael.jpg\" alt=\"\" width=\"1080\" height=\"1080\" \/><\/p>\n<h2 style=\"text-align: center\" data-start=\"753\" data-end=\"767\"><strong>S\u00e5dan Bruges \ud83d\udccc<\/strong><\/h2>\n<ol data-start=\"768\" data-end=\"1036\">\n<li data-start=\"768\" data-end=\"816\">\n<p data-start=\"771\" data-end=\"816\">S\u00e6t de rigtige batterier i pumpen.<\/p>\n<\/li>\n<li data-start=\"817\" data-end=\"867\">\n<p data-start=\"820\" data-end=\"867\">Placer suger\u00f8ret helt ned i v\u00e6sken.<\/p>\n<\/li>\n<li data-start=\"868\" data-end=\"925\">\n<p data-start=\"871\" data-end=\"925\">S\u00e6t slangen i den beholder, du vil fylde.<\/p>\n<\/li>\n<li data-start=\"926\" data-end=\"980\">\n<p data-start=\"929\" data-end=\"980\">Tryk og hold t\u00e6nd\/sluk-knappen nede for at begynde at pumpe.<\/p>\n<\/li>\n<li data-start=\"981\" data-end=\"1036\">\n<p data-start=\"984\" data-end=\"1036\">Slip knappen, f\u00f8r beholderen overfyldes.<\/p>\n<\/li>\n<\/ol>\n<h2 style=\"text-align: center\" data-start=\"1038\" data-end=\"1057\"><strong>Produktdetaljer \ud83d\udccf<\/strong><\/h2>\n<ul data-start=\"1058\" data-end=\"1472\">\n<li data-start=\"1058\" data-end=\"1079\">\n<p data-start=\"1060\" data-end=\"1079\">Materiale: Plastik<\/p>\n<\/li>\n<li data-start=\"1106\" data-end=\"1137\">\n<p data-start=\"1108\" data-end=\"1137\">Tr\u00e5dens l\u00e6ngde: Ca. 90 cm<\/p>\n<\/li>\n<li data-start=\"1138\" data-end=\"1181\">\n<p data-start=\"1140\" data-end=\"1181\">Flowhastighed: Op til 9 L pr. minut<\/p>\n<\/li>\n<li data-start=\"1182\" data-end=\"1209\">\n<p data-start=\"1184\" data-end=\"1209\">Effekt: Batteridrevet<\/p>\n<\/li>\n<li data-start=\"1333\" data-end=\"1409\">\n<p data-start=\"1335\" data-end=\"1409\">Velegnet til: Benzin, diesel, petroleum, lette olier, ikke-drikkevand<\/p>\n<\/li>\n<li data-start=\"1410\" data-end=\"1472\">\n<p data-start=\"1412\" data-end=\"1472\">Ikke egnet til: Drikkevand, kemikalier, tykke v\u00e6sker<\/p>\n<\/li>\n<li data-start=\"1410\" data-end=\"1472\">\n<p data-start=\"1412\" data-end=\"1472\">Batterityper: 6x AA-batterier eller 2x D-batterier<\/p>\n<\/li>\n<li data-start=\"1410\" data-end=\"1472\">St\u00f8rrelse: 59 x 4,5 x 2 cm<\/li>\n<\/ul>\n<h2 style=\"text-align: center\" data-start=\"1474\" data-end=\"1494\"><strong>Pakken Indeholder \ud83d\udce6<\/strong><\/h2>\n<ul data-start=\"1495\" data-end=\"1556\" data-is-last-node=\"\" data-is-only-node=\"\">\n<li data-start=\"1495\" data-end=\"1556\" data-is-last-node=\"\">\n<p data-start=\"1497\" data-end=\"1556\" data-is-last-node=\"\">Option A: 1x b\u00e6rbar elektrisk v\u00e6skepumpe<\/p>\n<\/li>\n<li data-start=\"1495\" data-end=\"1556\" data-is-last-node=\"\">Option B: 1x b\u00e6rbar elektrisk v\u00e6skepumpe, 2x batterirum.<\/li>\n<\/ul>\n<\/div>\n<\/div>\n<\/div>\n<\/div>\n<\/div>\n<\/div>\n<\/article>\n<\/div>\n","protected":false},"excerpt":{"rendered":"<p>\ud83d\udd04Denne b\u00e6rbare elektriske v\u00e6skepumpe g\u00f8r det hurtigt og ubesv\u00e6ret at flytte br\u00e6ndstof og andre v\u00e6sker med et tryk p\u00e5 en knap.<br \/>\n\ud83d\udeabDen har en justerbar dyse og en lang slange til kontrolleret, spildfri overf\u00f8rsel fra tromler og tanke.<br \/>\n\ud83c\udfe1Denne pumpe er ideel til garager, v\u00e6rksteder, biler, b\u00e5de og n\u00f8dbrug, hvor hastighed og sikkerhed er vigtig.<\/p>\n","protected":false},"featured_media":23314,"comment_status":"open","ping_status":"closed","template":"","meta":{"site-sidebar-layout":"default","site-content-layout":"","ast-site-content-layout":"default","site-content-style":"default","site-sidebar-style":"default","ast-global-header-display":"","ast-banner-title-visibility":"","ast-main-header-display":"","ast-hfb-above-header-display":"","ast-hfb-below-header-display":"","ast-hfb-mobile-header-display":"","site-post-title":"","ast-breadcrumbs-content":"","ast-featured-img":"","footer-sml-layout":"","ast-disable-related-posts":"","theme-transparent-header-meta":"default","adv-header-id-meta":"","stick-header-meta":"","header-above-stick-meta":"","header-main-stick-meta":"","header-below-stick-meta":"","astra-migrate-meta-layouts":"set","ast-page-background-enabled":"default","ast-page-background-meta":{"desktop":{"background-color":"var(--ast-global-color-5)","background-image":"","background-repeat":"repeat","background-position":"center center","background-size":"auto","background-attachment":"scroll","background-type":"","background-media":"","overlay-type":"","overlay-color":"","overlay-opacity":"","overlay-gradient":""},"tablet":{"background-color":"","background-image":"","background-repeat":"repeat","background-position":"center center","background-size":"auto","background-attachment":"scroll","background-type":"","background-media":"","overlay-type":"","overlay-color":"","overlay-opacity":"","overlay-gradient":""},"mobile":{"background-color":"","background-image":"","background-repeat":"repeat","background-position":"center center","background-size":"auto","background-attachment":"scroll","background-type":"","background-media":"","overlay-type":"","overlay-color":"","overlay-opacity":"","overlay-gradient":""}},"ast-content-background-meta":{"desktop":{"background-color":"var(--ast-global-color-4)","background-image":"","background-repeat":"repeat","background-position":"center center","background-size":"auto","background-attachment":"scroll","background-type":"","background-media":"","overlay-type":"","overlay-color":"","overlay-opacity":"","overlay-gradient":""},"tablet":{"background-color":"var(--ast-global-color-4)","background-image":"","background-repeat":"repeat","background-position":"center center","background-size":"auto","background-attachment":"scroll","background-type":"","background-media":"","overlay-type":"","overlay-color":"","overlay-opacity":"","overlay-gradient":""},"mobile":{"background-color":"var(--ast-global-color-4)","background-image":"","background-repeat":"repeat","background-position":"center center","background-size":"auto","background-attachment":"scroll","background-type":"","background-media":"","overlay-type":"","overlay-color":"","overlay-opacity":"","overlay-gradient":""}}},"product_brand":[],"product_cat":[161,171],"product_tag":[],"class_list":{"0":"post-23318","1":"product","2":"type-product","3":"status-publish","4":"has-post-thumbnail","6":"product_cat-bilprodukter","7":"product_cat-vaerktoejer","8":"pa_55480_1rfin3hj-orange","9":"pa_55480_1rfin3hj-roed","10":"pa_55480_46ajx0ym-a","11":"pa_55480_46ajx0ym-b","12":"desktop-align-left","13":"tablet-align-left","14":"mobile-align-left","16":"first","17":"instock","18":"shipping-taxable","19":"purchasable","20":"product-type-variable","21":"has-default-attributes"},"yoast_head":"<!-- This site is optimized with the Yoast SEO plugin v27.4 - https:\/\/yoast.com\/product\/yoast-seo-wordpress\/ -->\n<title>B\u00e6rbar elektrisk v\u00e6skepumpe - Mekulo DK<\/title>\n<meta name=\"robots\" content=\"index, follow, max-snippet:-1, max-image-preview:large, max-video-preview:-1\" \/>\n<link rel=\"canonical\" href=\"https:\/\/mekulo.com\/dk\/produkt\/baerbar-elektrisk-vaeskepumpe\/\" \/>\n<meta property=\"og:locale\" content=\"da_DK\" \/>\n<meta property=\"og:type\" content=\"article\" \/>\n<meta property=\"og:title\" content=\"B\u00e6rbar elektrisk v\u00e6skepumpe - Mekulo DK\" \/>\n<meta property=\"og:description\" content=\"\ud83d\udd04Denne b\u00e6rbare elektriske v\u00e6skepumpe g\u00f8r det hurtigt og ubesv\u00e6ret at flytte br\u00e6ndstof og andre v\u00e6sker med et tryk p\u00e5 en knap. \ud83d\udeabDen har en justerbar dyse og en lang slange til kontrolleret, spildfri overf\u00f8rsel fra tromler og tanke. \ud83c\udfe1Denne pumpe er ideel til garager, v\u00e6rksteder, biler, b\u00e5de og n\u00f8dbrug, hvor hastighed og sikkerhed er vigtig.\" \/>\n<meta property=\"og:url\" content=\"https:\/\/mekulo.com\/dk\/produkt\/baerbar-elektrisk-vaeskepumpe\/\" \/>\n<meta property=\"og:site_name\" content=\"Mekulo DK\" \/>\n<meta property=\"article:modified_time\" content=\"2026-02-10T05:30:26+00:00\" \/>\n<meta property=\"og:image\" content=\"https:\/\/mekulo.com\/dk\/wp-content\/uploads\/sites\/12\/2026\/02\/hkzoqhf-1.jpg\" \/>\n\t<meta property=\"og:image:width\" content=\"1080\" \/>\n\t<meta property=\"og:image:height\" content=\"1054\" \/>\n\t<meta property=\"og:image:type\" content=\"image\/jpeg\" \/>\n<meta name=\"twitter:card\" content=\"summary_large_image\" \/>\n<meta name=\"twitter:label1\" content=\"Estimeret l\u00e6setid\" \/>\n\t<meta name=\"twitter:data1\" content=\"2 minutter\" \/>\n<script type=\"application\/ld+json\" class=\"yoast-schema-graph\">{\"@context\":\"https:\\\/\\\/schema.org\",\"@graph\":[{\"@type\":\"WebPage\",\"@id\":\"https:\\\/\\\/mekulo.com\\\/dk\\\/produkt\\\/baerbar-elektrisk-vaeskepumpe\\\/\",\"url\":\"https:\\\/\\\/mekulo.com\\\/dk\\\/produkt\\\/baerbar-elektrisk-vaeskepumpe\\\/\",\"name\":\"B\u00e6rbar elektrisk v\u00e6skepumpe - Mekulo DK\",\"isPartOf\":{\"@id\":\"https:\\\/\\\/mekulo.com\\\/dk\\\/#website\"},\"primaryImageOfPage\":{\"@id\":\"https:\\\/\\\/mekulo.com\\\/dk\\\/produkt\\\/baerbar-elektrisk-vaeskepumpe\\\/#primaryimage\"},\"image\":{\"@id\":\"https:\\\/\\\/mekulo.com\\\/dk\\\/produkt\\\/baerbar-elektrisk-vaeskepumpe\\\/#primaryimage\"},\"thumbnailUrl\":\"https:\\\/\\\/mekulo.com\\\/dk\\\/wp-content\\\/uploads\\\/sites\\\/12\\\/2026\\\/02\\\/hkzoqhf-1.jpg\",\"datePublished\":\"2026-02-10T05:30:12+00:00\",\"dateModified\":\"2026-02-10T05:30:26+00:00\",\"breadcrumb\":{\"@id\":\"https:\\\/\\\/mekulo.com\\\/dk\\\/produkt\\\/baerbar-elektrisk-vaeskepumpe\\\/#breadcrumb\"},\"inLanguage\":\"da-DK\",\"potentialAction\":[{\"@type\":\"ReadAction\",\"target\":[\"https:\\\/\\\/mekulo.com\\\/dk\\\/produkt\\\/baerbar-elektrisk-vaeskepumpe\\\/\"]}]},{\"@type\":\"ImageObject\",\"inLanguage\":\"da-DK\",\"@id\":\"https:\\\/\\\/mekulo.com\\\/dk\\\/produkt\\\/baerbar-elektrisk-vaeskepumpe\\\/#primaryimage\",\"url\":\"https:\\\/\\\/mekulo.com\\\/dk\\\/wp-content\\\/uploads\\\/sites\\\/12\\\/2026\\\/02\\\/hkzoqhf-1.jpg\",\"contentUrl\":\"https:\\\/\\\/mekulo.com\\\/dk\\\/wp-content\\\/uploads\\\/sites\\\/12\\\/2026\\\/02\\\/hkzoqhf-1.jpg\",\"width\":1080,\"height\":1054},{\"@type\":\"BreadcrumbList\",\"@id\":\"https:\\\/\\\/mekulo.com\\\/dk\\\/produkt\\\/baerbar-elektrisk-vaeskepumpe\\\/#breadcrumb\",\"itemListElement\":[{\"@type\":\"ListItem\",\"position\":1,\"name\":\"Home\",\"item\":\"https:\\\/\\\/mekulo.com\\\/dk\\\/\"},{\"@type\":\"ListItem\",\"position\":2,\"name\":\"Butik\",\"item\":\"https:\\\/\\\/mekulo.com\\\/dk\\\/butik\\\/\"},{\"@type\":\"ListItem\",\"position\":3,\"name\":\"B\u00e6rbar elektrisk v\u00e6skepumpe\"}]},{\"@type\":\"WebSite\",\"@id\":\"https:\\\/\\\/mekulo.com\\\/dk\\\/#website\",\"url\":\"https:\\\/\\\/mekulo.com\\\/dk\\\/\",\"name\":\"Mekulo DK\",\"description\":\"\",\"publisher\":{\"@id\":\"https:\\\/\\\/mekulo.com\\\/dk\\\/#organization\"},\"potentialAction\":[{\"@type\":\"SearchAction\",\"target\":{\"@type\":\"EntryPoint\",\"urlTemplate\":\"https:\\\/\\\/mekulo.com\\\/dk\\\/?s={search_term_string}\"},\"query-input\":{\"@type\":\"PropertyValueSpecification\",\"valueRequired\":true,\"valueName\":\"search_term_string\"}}],\"inLanguage\":\"da-DK\"},{\"@type\":\"Organization\",\"@id\":\"https:\\\/\\\/mekulo.com\\\/dk\\\/#organization\",\"name\":\"Mekulo\",\"url\":\"https:\\\/\\\/mekulo.com\\\/dk\\\/\",\"logo\":{\"@type\":\"ImageObject\",\"inLanguage\":\"da-DK\",\"@id\":\"https:\\\/\\\/mekulo.com\\\/dk\\\/#\\\/schema\\\/logo\\\/image\\\/\",\"url\":\"https:\\\/\\\/mekulo.com\\\/dk\\\/wp-content\\\/uploads\\\/sites\\\/12\\\/2025\\\/12\\\/favicon_mekulo.png\",\"contentUrl\":\"https:\\\/\\\/mekulo.com\\\/dk\\\/wp-content\\\/uploads\\\/sites\\\/12\\\/2025\\\/12\\\/favicon_mekulo.png\",\"width\":50,\"height\":50,\"caption\":\"Mekulo\"},\"image\":{\"@id\":\"https:\\\/\\\/mekulo.com\\\/dk\\\/#\\\/schema\\\/logo\\\/image\\\/\"}}]}<\/script>\n<!-- \/ Yoast SEO plugin. -->","yoast_head_json":{"title":"B\u00e6rbar elektrisk v\u00e6skepumpe - Mekulo DK","robots":{"index":"index","follow":"follow","max-snippet":"max-snippet:-1","max-image-preview":"max-image-preview:large","max-video-preview":"max-video-preview:-1"},"canonical":"https:\/\/mekulo.com\/dk\/produkt\/baerbar-elektrisk-vaeskepumpe\/","og_locale":"da_DK","og_type":"article","og_title":"B\u00e6rbar elektrisk v\u00e6skepumpe - Mekulo DK","og_description":"\ud83d\udd04Denne b\u00e6rbare elektriske v\u00e6skepumpe g\u00f8r det hurtigt og ubesv\u00e6ret at flytte br\u00e6ndstof og andre v\u00e6sker med et tryk p\u00e5 en knap. \ud83d\udeabDen har en justerbar dyse og en lang slange til kontrolleret, spildfri overf\u00f8rsel fra tromler og tanke. \ud83c\udfe1Denne pumpe er ideel til garager, v\u00e6rksteder, biler, b\u00e5de og n\u00f8dbrug, hvor hastighed og sikkerhed er vigtig.","og_url":"https:\/\/mekulo.com\/dk\/produkt\/baerbar-elektrisk-vaeskepumpe\/","og_site_name":"Mekulo DK","article_modified_time":"2026-02-10T05:30:26+00:00","og_image":[{"width":1080,"height":1054,"url":"https:\/\/mekulo.com\/dk\/wp-content\/uploads\/sites\/12\/2026\/02\/hkzoqhf-1.jpg","type":"image\/jpeg"}],"twitter_card":"summary_large_image","twitter_misc":{"Estimeret l\u00e6setid":"2 minutter"},"schema":{"@context":"https:\/\/schema.org","@graph":[{"@type":"WebPage","@id":"https:\/\/mekulo.com\/dk\/produkt\/baerbar-elektrisk-vaeskepumpe\/","url":"https:\/\/mekulo.com\/dk\/produkt\/baerbar-elektrisk-vaeskepumpe\/","name":"B\u00e6rbar elektrisk v\u00e6skepumpe - Mekulo DK","isPartOf":{"@id":"https:\/\/mekulo.com\/dk\/#website"},"primaryImageOfPage":{"@id":"https:\/\/mekulo.com\/dk\/produkt\/baerbar-elektrisk-vaeskepumpe\/#primaryimage"},"image":{"@id":"https:\/\/mekulo.com\/dk\/produkt\/baerbar-elektrisk-vaeskepumpe\/#primaryimage"},"thumbnailUrl":"https:\/\/mekulo.com\/dk\/wp-content\/uploads\/sites\/12\/2026\/02\/hkzoqhf-1.jpg","datePublished":"2026-02-10T05:30:12+00:00","dateModified":"2026-02-10T05:30:26+00:00","breadcrumb":{"@id":"https:\/\/mekulo.com\/dk\/produkt\/baerbar-elektrisk-vaeskepumpe\/#breadcrumb"},"inLanguage":"da-DK","potentialAction":[{"@type":"ReadAction","target":["https:\/\/mekulo.com\/dk\/produkt\/baerbar-elektrisk-vaeskepumpe\/"]}]},{"@type":"ImageObject","inLanguage":"da-DK","@id":"https:\/\/mekulo.com\/dk\/produkt\/baerbar-elektrisk-vaeskepumpe\/#primaryimage","url":"https:\/\/mekulo.com\/dk\/wp-content\/uploads\/sites\/12\/2026\/02\/hkzoqhf-1.jpg","contentUrl":"https:\/\/mekulo.com\/dk\/wp-content\/uploads\/sites\/12\/2026\/02\/hkzoqhf-1.jpg","width":1080,"height":1054},{"@type":"BreadcrumbList","@id":"https:\/\/mekulo.com\/dk\/produkt\/baerbar-elektrisk-vaeskepumpe\/#breadcrumb","itemListElement":[{"@type":"ListItem","position":1,"name":"Home","item":"https:\/\/mekulo.com\/dk\/"},{"@type":"ListItem","position":2,"name":"Butik","item":"https:\/\/mekulo.com\/dk\/butik\/"},{"@type":"ListItem","position":3,"name":"B\u00e6rbar elektrisk v\u00e6skepumpe"}]},{"@type":"WebSite","@id":"https:\/\/mekulo.com\/dk\/#website","url":"https:\/\/mekulo.com\/dk\/","name":"Mekulo DK","description":"","publisher":{"@id":"https:\/\/mekulo.com\/dk\/#organization"},"potentialAction":[{"@type":"SearchAction","target":{"@type":"EntryPoint","urlTemplate":"https:\/\/mekulo.com\/dk\/?s={search_term_string}"},"query-input":{"@type":"PropertyValueSpecification","valueRequired":true,"valueName":"search_term_string"}}],"inLanguage":"da-DK"},{"@type":"Organization","@id":"https:\/\/mekulo.com\/dk\/#organization","name":"Mekulo","url":"https:\/\/mekulo.com\/dk\/","logo":{"@type":"ImageObject","inLanguage":"da-DK","@id":"https:\/\/mekulo.com\/dk\/#\/schema\/logo\/image\/","url":"https:\/\/mekulo.com\/dk\/wp-content\/uploads\/sites\/12\/2025\/12\/favicon_mekulo.png","contentUrl":"https:\/\/mekulo.com\/dk\/wp-content\/uploads\/sites\/12\/2025\/12\/favicon_mekulo.png","width":50,"height":50,"caption":"Mekulo"},"image":{"@id":"https:\/\/mekulo.com\/dk\/#\/schema\/logo\/image\/"}}]}},"_links":{"self":[{"href":"https:\/\/mekulo.com\/dk\/wp-json\/wp\/v2\/product\/23318","targetHints":{"allow":["GET"]}}],"collection":[{"href":"https:\/\/mekulo.com\/dk\/wp-json\/wp\/v2\/product"}],"about":[{"href":"https:\/\/mekulo.com\/dk\/wp-json\/wp\/v2\/types\/product"}],"replies":[{"embeddable":true,"href":"https:\/\/mekulo.com\/dk\/wp-json\/wp\/v2\/comments?post=23318"}],"wp:featuredmedia":[{"embeddable":true,"href":"https:\/\/mekulo.com\/dk\/wp-json\/wp\/v2\/media\/23314"}],"wp:attachment":[{"href":"https:\/\/mekulo.com\/dk\/wp-json\/wp\/v2\/media?parent=23318"}],"wp:term":[{"taxonomy":"product_brand","embeddable":true,"href":"https:\/\/mekulo.com\/dk\/wp-json\/wp\/v2\/product_brand?post=23318"},{"taxonomy":"product_cat","embeddable":true,"href":"https:\/\/mekulo.com\/dk\/wp-json\/wp\/v2\/product_cat?post=23318"},{"taxonomy":"product_tag","embeddable":true,"href":"https:\/\/mekulo.com\/dk\/wp-json\/wp\/v2\/product_tag?post=23318"}],"curies":[{"name":"wp","href":"https:\/\/api.w.org\/{rel}","templated":true}]}}