{"id":23264,"date":"2026-02-09T19:36:05","date_gmt":"2026-02-09T17:36:05","guid":{"rendered":"https:\/\/mekulo.com\/dk\/produkt\/vaekstboks-til-roedder-2-stk\/"},"modified":"2026-03-02T12:30:49","modified_gmt":"2026-03-02T10:30:49","slug":"vaekstboks-til-roedder-2-stk","status":"publish","type":"product","link":"https:\/\/mekulo.com\/dk\/produkt\/vaekstboks-til-roedder-2-stk\/","title":{"rendered":"V\u00e6kstboks til r\u00f8dder (2 stk.)"},"content":{"rendered":"<p style=\"text-align: center\" data-start=\"0\" data-end=\"90\"><strong data-start=\"0\" data-end=\"90\">F\u00e5 Nye Planter Til At Vokse Hurtigere Ved At Hj\u00e6lpe Grene Med At Udvikle St\u00e6rke R\u00f8dder Direkte P\u00e5 Planten. \ud83e\udeb4<\/strong><\/p>\n<p data-start=\"0\" data-end=\"90\"><img decoding=\"async\" class=\"size-full wp-image-23801 aligncenter\" src=\"https:\/\/mekulo.com\/template\/wp-content\/uploads\/sites\/6\/2026\/02\/fb79755aebd75407b9c247bb6f48ab4a9d5f02483027f29ad9b285e9c59dddf9-800.avif\" alt=\"\" \/><\/p>\n<h2 style=\"text-align: center\" data-start=\"380\" data-end=\"397\">Hovedfordele \ud83c\udf31<\/h2>\n<p data-start=\"400\" data-end=\"457\">\ud83c\udf31 Hurtigere rodv\u00e6kst &#8211; hj\u00e6lper grene med at sl\u00e5 rod hurtigt.<\/p>\n<p data-start=\"460\" data-end=\"514\">\ud83d\udd12 Sikkert l\u00e5sedesign &#8211; sidder godt fast.<\/p>\n<p data-start=\"517\" data-end=\"575\">\ud83d\udc40 Observationsvindue &#8211; overv\u00e5g nemt rodfremskridt.<\/p>\n<p data-start=\"578\" data-end=\"633\">\ud83d\udca7 Nem vandingsport &#8211; tils\u00e6t vand uden at \u00e5bne.<\/p>\n<p data-start=\"636\" data-end=\"698\">\u267b\ufe0f Genanvendelig og milj\u00f8venlig &#8211; bedre end plastikindpakning.<\/p>\n<p data-start=\"636\" data-end=\"698\"><img decoding=\"async\" class=\"size-full wp-image-23799 aligncenter\" src=\"https:\/\/mekulo.com\/template\/wp-content\/uploads\/sites\/6\/2026\/02\/f8ed02a3d84147a09470e005a96befc081c5f23a72dae00bb7a191832bd46918-800.avif\" alt=\"\" \/><\/p>\n<h2 style=\"text-align: center\" data-start=\"700\" data-end=\"714\">S\u00e5dan Bruges \ud83d\udccc<\/h2>\n<ol data-start=\"715\" data-end=\"981\">\n<li data-start=\"715\" data-end=\"781\">\n<p data-start=\"718\" data-end=\"781\">\u00c5bn rodkassen, og placer den omkring den valgte gren.<\/p>\n<\/li>\n<li data-start=\"782\" data-end=\"833\">\n<p data-start=\"785\" data-end=\"833\">Juster bunden, s\u00e5 den passer til grenens tykkelse.<\/p>\n<\/li>\n<li data-start=\"834\" data-end=\"878\">\n<p data-start=\"837\" data-end=\"878\">Fyld med fugtig jord eller rodmedium.<\/p>\n<\/li>\n<li data-start=\"879\" data-end=\"924\">\n<p data-start=\"882\" data-end=\"924\">Luk og l\u00e5s kassen ved hj\u00e6lp af sp\u00e6ndet.<\/p>\n<\/li>\n<li data-start=\"925\" data-end=\"981\">\n<p data-start=\"928\" data-end=\"981\">Vand gennem indl\u00f8bet, og vent p\u00e5, at der dannes r\u00f8dder.<\/p>\n<\/li>\n<\/ol>\n<h2 style=\"text-align: center\" data-start=\"983\" data-end=\"1002\">Produktdetaljer \ud83d\udccf<\/h2>\n<ul data-start=\"1003\" data-end=\"1242\">\n<li data-start=\"1031\" data-end=\"1055\">\n<p data-start=\"1033\" data-end=\"1055\">Materiale: PP-plast<\/p>\n<\/li>\n<li data-start=\"1088\" data-end=\"1181\">\n<p data-start=\"1090\" data-end=\"1108\">Tilg\u00e6ngelige st\u00f8rrelser: S (5 cm), M (8 cm), L (12 cm)<\/p>\n<\/li>\n<li data-start=\"1182\" data-end=\"1242\">\n<p data-start=\"1184\" data-end=\"1242\">Funktioner: Justerbar base, observationsport, vandindtag<\/p>\n<\/li>\n<\/ul>\n<h2 style=\"text-align: center\" data-start=\"1244\" data-end=\"1264\">Pakken Indeholder \ud83d\udce6<\/h2>\n<ul data-start=\"1265\" data-end=\"1289\" data-is-last-node=\"\" data-is-only-node=\"\">\n<li data-start=\"1265\" data-end=\"1289\" data-is-last-node=\"\">\n<p data-start=\"1267\" data-end=\"1289\" data-is-last-node=\"\">2x v\u00e6kstkasser med r\u00f8dder.<\/p>\n<\/li>\n<\/ul>\n","protected":false},"excerpt":{"rendered":"<p>\ud83c\udf31Med denne rodv\u00e6kstkasse kan du nemt formere planter uden at sk\u00e6re grene af f\u00f8rst.<br \/>\n\ud83d\udc69\u200d\ud83c\udf3eIt skaber det perfekte milj\u00f8 for hurtig rodv\u00e6kst og hj\u00e6lper dig med at formere planter p\u00e5 kortere tid.<br \/>\n\ud83c\udfe1Denne metode er enkel, ren og giver h\u00f8jere succesrater end traditionel formering.<\/p>\n","protected":false},"featured_media":23260,"comment_status":"open","ping_status":"closed","template":"","meta":{"site-sidebar-layout":"default","site-content-layout":"","ast-site-content-layout":"default","site-content-style":"default","site-sidebar-style":"default","ast-global-header-display":"","ast-banner-title-visibility":"","ast-main-header-display":"","ast-hfb-above-header-display":"","ast-hfb-below-header-display":"","ast-hfb-mobile-header-display":"","site-post-title":"","ast-breadcrumbs-content":"","ast-featured-img":"","footer-sml-layout":"","theme-transparent-header-meta":"default","adv-header-id-meta":"","stick-header-meta":"","header-above-stick-meta":"","header-main-stick-meta":"","header-below-stick-meta":"","astra-migrate-meta-layouts":"set","ast-page-background-enabled":"default","ast-page-background-meta":{"desktop":{"background-color":"var(--ast-global-color-5)","background-image":"","background-repeat":"repeat","background-position":"center center","background-size":"auto","background-attachment":"scroll","background-type":"","background-media":"","overlay-type":"","overlay-color":"","overlay-opacity":"","overlay-gradient":""},"tablet":{"background-color":"","background-image":"","background-repeat":"repeat","background-position":"center center","background-size":"auto","background-attachment":"scroll","background-type":"","background-media":"","overlay-type":"","overlay-color":"","overlay-opacity":"","overlay-gradient":""},"mobile":{"background-color":"","background-image":"","background-repeat":"repeat","background-position":"center center","background-size":"auto","background-attachment":"scroll","background-type":"","background-media":"","overlay-type":"","overlay-color":"","overlay-opacity":"","overlay-gradient":""}},"ast-content-background-meta":{"desktop":{"background-color":"var(--ast-global-color-4)","background-image":"","background-repeat":"repeat","background-position":"center center","background-size":"auto","background-attachment":"scroll","background-type":"","background-media":"","overlay-type":"","overlay-color":"","overlay-opacity":"","overlay-gradient":""},"tablet":{"background-color":"var(--ast-global-color-4)","background-image":"","background-repeat":"repeat","background-position":"center center","background-size":"auto","background-attachment":"scroll","background-type":"","background-media":"","overlay-type":"","overlay-color":"","overlay-opacity":"","overlay-gradient":""},"mobile":{"background-color":"var(--ast-global-color-4)","background-image":"","background-repeat":"repeat","background-position":"center center","background-size":"auto","background-attachment":"scroll","background-type":"","background-media":"","overlay-type":"","overlay-color":"","overlay-opacity":"","overlay-gradient":""}}},"product_brand":[],"product_cat":[168],"product_tag":[],"class_list":{"0":"post-23264","1":"product","2":"type-product","3":"status-publish","4":"has-post-thumbnail","6":"product_cat-husholdningsartikler","7":"pa_55701_eun1riix-gennemsigtig","8":"pa_55701_eun1riix-sort","9":"pa_55701_nyoxtdwa-l","10":"pa_55701_nyoxtdwa-m","11":"pa_55701_nyoxtdwa-s","12":"desktop-align-left","13":"tablet-align-left","14":"mobile-align-left","16":"first","17":"instock","18":"shipping-taxable","19":"purchasable","20":"product-type-variable","21":"has-default-attributes"},"yoast_head":"<!-- This site is optimized with the Yoast SEO plugin v26.6 - https:\/\/yoast.com\/wordpress\/plugins\/seo\/ -->\n<title>V\u00e6kstboks til r\u00f8dder (2 stk.) - Mekulo DK<\/title>\n<meta name=\"robots\" content=\"index, follow, max-snippet:-1, max-image-preview:large, max-video-preview:-1\" \/>\n<link rel=\"canonical\" href=\"https:\/\/mekulo.com\/dk\/produkt\/vaekstboks-til-roedder-2-stk\/\" \/>\n<meta property=\"og:locale\" content=\"da_DK\" \/>\n<meta property=\"og:type\" content=\"article\" \/>\n<meta property=\"og:title\" content=\"V\u00e6kstboks til r\u00f8dder (2 stk.) - Mekulo DK\" \/>\n<meta property=\"og:description\" content=\"\ud83c\udf31Med denne rodv\u00e6kstkasse kan du nemt formere planter uden at sk\u00e6re grene af f\u00f8rst. \ud83d\udc69\u200d\ud83c\udf3eIt skaber det perfekte milj\u00f8 for hurtig rodv\u00e6kst og hj\u00e6lper dig med at formere planter p\u00e5 kortere tid. \ud83c\udfe1Denne metode er enkel, ren og giver h\u00f8jere succesrater end traditionel formering.\" \/>\n<meta property=\"og:url\" content=\"https:\/\/mekulo.com\/dk\/produkt\/vaekstboks-til-roedder-2-stk\/\" \/>\n<meta property=\"og:site_name\" content=\"Mekulo DK\" \/>\n<meta property=\"article:modified_time\" content=\"2026-03-02T10:30:49+00:00\" \/>\n<meta property=\"og:image\" content=\"https:\/\/mekulo.com\/dk\/wp-content\/uploads\/sites\/12\/2026\/02\/3mcru08-1.jpg\" \/>\n\t<meta property=\"og:image:width\" content=\"1080\" \/>\n\t<meta property=\"og:image:height\" content=\"1080\" \/>\n\t<meta property=\"og:image:type\" content=\"image\/jpeg\" \/>\n<meta name=\"twitter:card\" content=\"summary_large_image\" \/>\n<meta name=\"twitter:label1\" content=\"Estimeret l\u00e6setid\" \/>\n\t<meta name=\"twitter:data1\" content=\"2 minutter\" \/>\n<script type=\"application\/ld+json\" class=\"yoast-schema-graph\">{\"@context\":\"https:\/\/schema.org\",\"@graph\":[{\"@type\":\"WebPage\",\"@id\":\"https:\/\/mekulo.com\/dk\/produkt\/vaekstboks-til-roedder-2-stk\/\",\"url\":\"https:\/\/mekulo.com\/dk\/produkt\/vaekstboks-til-roedder-2-stk\/\",\"name\":\"V\u00e6kstboks til r\u00f8dder (2 stk.) - Mekulo DK\",\"isPartOf\":{\"@id\":\"https:\/\/mekulo.com\/dk\/#website\"},\"primaryImageOfPage\":{\"@id\":\"https:\/\/mekulo.com\/dk\/produkt\/vaekstboks-til-roedder-2-stk\/#primaryimage\"},\"image\":{\"@id\":\"https:\/\/mekulo.com\/dk\/produkt\/vaekstboks-til-roedder-2-stk\/#primaryimage\"},\"thumbnailUrl\":\"https:\/\/mekulo.com\/dk\/wp-content\/uploads\/sites\/12\/2026\/02\/3mcru08-1.jpg\",\"datePublished\":\"2026-02-09T17:36:05+00:00\",\"dateModified\":\"2026-03-02T10:30:49+00:00\",\"breadcrumb\":{\"@id\":\"https:\/\/mekulo.com\/dk\/produkt\/vaekstboks-til-roedder-2-stk\/#breadcrumb\"},\"inLanguage\":\"da-DK\",\"potentialAction\":[{\"@type\":\"ReadAction\",\"target\":[\"https:\/\/mekulo.com\/dk\/produkt\/vaekstboks-til-roedder-2-stk\/\"]}]},{\"@type\":\"ImageObject\",\"inLanguage\":\"da-DK\",\"@id\":\"https:\/\/mekulo.com\/dk\/produkt\/vaekstboks-til-roedder-2-stk\/#primaryimage\",\"url\":\"https:\/\/mekulo.com\/dk\/wp-content\/uploads\/sites\/12\/2026\/02\/3mcru08-1.jpg\",\"contentUrl\":\"https:\/\/mekulo.com\/dk\/wp-content\/uploads\/sites\/12\/2026\/02\/3mcru08-1.jpg\",\"width\":1080,\"height\":1080},{\"@type\":\"BreadcrumbList\",\"@id\":\"https:\/\/mekulo.com\/dk\/produkt\/vaekstboks-til-roedder-2-stk\/#breadcrumb\",\"itemListElement\":[{\"@type\":\"ListItem\",\"position\":1,\"name\":\"Home\",\"item\":\"https:\/\/mekulo.com\/dk\/\"},{\"@type\":\"ListItem\",\"position\":2,\"name\":\"Butik\",\"item\":\"https:\/\/mekulo.com\/dk\/butik\/\"},{\"@type\":\"ListItem\",\"position\":3,\"name\":\"V\u00e6kstboks til r\u00f8dder (2 stk.)\"}]},{\"@type\":\"WebSite\",\"@id\":\"https:\/\/mekulo.com\/dk\/#website\",\"url\":\"https:\/\/mekulo.com\/dk\/\",\"name\":\"Mekulo DK\",\"description\":\"\",\"publisher\":{\"@id\":\"https:\/\/mekulo.com\/dk\/#organization\"},\"potentialAction\":[{\"@type\":\"SearchAction\",\"target\":{\"@type\":\"EntryPoint\",\"urlTemplate\":\"https:\/\/mekulo.com\/dk\/?s={search_term_string}\"},\"query-input\":{\"@type\":\"PropertyValueSpecification\",\"valueRequired\":true,\"valueName\":\"search_term_string\"}}],\"inLanguage\":\"da-DK\"},{\"@type\":\"Organization\",\"@id\":\"https:\/\/mekulo.com\/dk\/#organization\",\"name\":\"Mekulo\",\"url\":\"https:\/\/mekulo.com\/dk\/\",\"logo\":{\"@type\":\"ImageObject\",\"inLanguage\":\"da-DK\",\"@id\":\"https:\/\/mekulo.com\/dk\/#\/schema\/logo\/image\/\",\"url\":\"https:\/\/mekulo.com\/dk\/wp-content\/uploads\/sites\/12\/2025\/12\/favicon_mekulo.png\",\"contentUrl\":\"https:\/\/mekulo.com\/dk\/wp-content\/uploads\/sites\/12\/2025\/12\/favicon_mekulo.png\",\"width\":50,\"height\":50,\"caption\":\"Mekulo\"},\"image\":{\"@id\":\"https:\/\/mekulo.com\/dk\/#\/schema\/logo\/image\/\"}}]}<\/script>\n<!-- \/ Yoast SEO plugin. -->","yoast_head_json":{"title":"V\u00e6kstboks til r\u00f8dder (2 stk.) - Mekulo DK","robots":{"index":"index","follow":"follow","max-snippet":"max-snippet:-1","max-image-preview":"max-image-preview:large","max-video-preview":"max-video-preview:-1"},"canonical":"https:\/\/mekulo.com\/dk\/produkt\/vaekstboks-til-roedder-2-stk\/","og_locale":"da_DK","og_type":"article","og_title":"V\u00e6kstboks til r\u00f8dder (2 stk.) - Mekulo DK","og_description":"\ud83c\udf31Med denne rodv\u00e6kstkasse kan du nemt formere planter uden at sk\u00e6re grene af f\u00f8rst. \ud83d\udc69\u200d\ud83c\udf3eIt skaber det perfekte milj\u00f8 for hurtig rodv\u00e6kst og hj\u00e6lper dig med at formere planter p\u00e5 kortere tid. \ud83c\udfe1Denne metode er enkel, ren og giver h\u00f8jere succesrater end traditionel formering.","og_url":"https:\/\/mekulo.com\/dk\/produkt\/vaekstboks-til-roedder-2-stk\/","og_site_name":"Mekulo DK","article_modified_time":"2026-03-02T10:30:49+00:00","og_image":[{"width":1080,"height":1080,"url":"https:\/\/mekulo.com\/dk\/wp-content\/uploads\/sites\/12\/2026\/02\/3mcru08-1.jpg","type":"image\/jpeg"}],"twitter_card":"summary_large_image","twitter_misc":{"Estimeret l\u00e6setid":"2 minutter"},"schema":{"@context":"https:\/\/schema.org","@graph":[{"@type":"WebPage","@id":"https:\/\/mekulo.com\/dk\/produkt\/vaekstboks-til-roedder-2-stk\/","url":"https:\/\/mekulo.com\/dk\/produkt\/vaekstboks-til-roedder-2-stk\/","name":"V\u00e6kstboks til r\u00f8dder (2 stk.) - Mekulo DK","isPartOf":{"@id":"https:\/\/mekulo.com\/dk\/#website"},"primaryImageOfPage":{"@id":"https:\/\/mekulo.com\/dk\/produkt\/vaekstboks-til-roedder-2-stk\/#primaryimage"},"image":{"@id":"https:\/\/mekulo.com\/dk\/produkt\/vaekstboks-til-roedder-2-stk\/#primaryimage"},"thumbnailUrl":"https:\/\/mekulo.com\/dk\/wp-content\/uploads\/sites\/12\/2026\/02\/3mcru08-1.jpg","datePublished":"2026-02-09T17:36:05+00:00","dateModified":"2026-03-02T10:30:49+00:00","breadcrumb":{"@id":"https:\/\/mekulo.com\/dk\/produkt\/vaekstboks-til-roedder-2-stk\/#breadcrumb"},"inLanguage":"da-DK","potentialAction":[{"@type":"ReadAction","target":["https:\/\/mekulo.com\/dk\/produkt\/vaekstboks-til-roedder-2-stk\/"]}]},{"@type":"ImageObject","inLanguage":"da-DK","@id":"https:\/\/mekulo.com\/dk\/produkt\/vaekstboks-til-roedder-2-stk\/#primaryimage","url":"https:\/\/mekulo.com\/dk\/wp-content\/uploads\/sites\/12\/2026\/02\/3mcru08-1.jpg","contentUrl":"https:\/\/mekulo.com\/dk\/wp-content\/uploads\/sites\/12\/2026\/02\/3mcru08-1.jpg","width":1080,"height":1080},{"@type":"BreadcrumbList","@id":"https:\/\/mekulo.com\/dk\/produkt\/vaekstboks-til-roedder-2-stk\/#breadcrumb","itemListElement":[{"@type":"ListItem","position":1,"name":"Home","item":"https:\/\/mekulo.com\/dk\/"},{"@type":"ListItem","position":2,"name":"Butik","item":"https:\/\/mekulo.com\/dk\/butik\/"},{"@type":"ListItem","position":3,"name":"V\u00e6kstboks til r\u00f8dder (2 stk.)"}]},{"@type":"WebSite","@id":"https:\/\/mekulo.com\/dk\/#website","url":"https:\/\/mekulo.com\/dk\/","name":"Mekulo DK","description":"","publisher":{"@id":"https:\/\/mekulo.com\/dk\/#organization"},"potentialAction":[{"@type":"SearchAction","target":{"@type":"EntryPoint","urlTemplate":"https:\/\/mekulo.com\/dk\/?s={search_term_string}"},"query-input":{"@type":"PropertyValueSpecification","valueRequired":true,"valueName":"search_term_string"}}],"inLanguage":"da-DK"},{"@type":"Organization","@id":"https:\/\/mekulo.com\/dk\/#organization","name":"Mekulo","url":"https:\/\/mekulo.com\/dk\/","logo":{"@type":"ImageObject","inLanguage":"da-DK","@id":"https:\/\/mekulo.com\/dk\/#\/schema\/logo\/image\/","url":"https:\/\/mekulo.com\/dk\/wp-content\/uploads\/sites\/12\/2025\/12\/favicon_mekulo.png","contentUrl":"https:\/\/mekulo.com\/dk\/wp-content\/uploads\/sites\/12\/2025\/12\/favicon_mekulo.png","width":50,"height":50,"caption":"Mekulo"},"image":{"@id":"https:\/\/mekulo.com\/dk\/#\/schema\/logo\/image\/"}}]}},"_links":{"self":[{"href":"https:\/\/mekulo.com\/dk\/wp-json\/wp\/v2\/product\/23264","targetHints":{"allow":["GET"]}}],"collection":[{"href":"https:\/\/mekulo.com\/dk\/wp-json\/wp\/v2\/product"}],"about":[{"href":"https:\/\/mekulo.com\/dk\/wp-json\/wp\/v2\/types\/product"}],"replies":[{"embeddable":true,"href":"https:\/\/mekulo.com\/dk\/wp-json\/wp\/v2\/comments?post=23264"}],"wp:featuredmedia":[{"embeddable":true,"href":"https:\/\/mekulo.com\/dk\/wp-json\/wp\/v2\/media\/23260"}],"wp:attachment":[{"href":"https:\/\/mekulo.com\/dk\/wp-json\/wp\/v2\/media?parent=23264"}],"wp:term":[{"taxonomy":"product_brand","embeddable":true,"href":"https:\/\/mekulo.com\/dk\/wp-json\/wp\/v2\/product_brand?post=23264"},{"taxonomy":"product_cat","embeddable":true,"href":"https:\/\/mekulo.com\/dk\/wp-json\/wp\/v2\/product_cat?post=23264"},{"taxonomy":"product_tag","embeddable":true,"href":"https:\/\/mekulo.com\/dk\/wp-json\/wp\/v2\/product_tag?post=23264"}],"curies":[{"name":"wp","href":"https:\/\/api.w.org\/{rel}","templated":true}]}}