{"id":23242,"date":"2026-02-09T19:31:55","date_gmt":"2026-02-09T17:31:55","guid":{"rendered":"https:\/\/mekulo.com\/dk\/produkt\/mini-moppe\/"},"modified":"2026-03-02T12:30:17","modified_gmt":"2026-03-02T10:30:17","slug":"mini-moppe","status":"publish","type":"product","link":"https:\/\/mekulo.com\/dk\/produkt\/mini-moppe\/","title":{"rendered":"Mini moppe"},"content":{"rendered":"<div class=\"flex flex-col text-sm pb-25\">\n<article class=\"text-token-text-primary w-full focus:outline-none [--shadow-height:45px] has-data-writing-block:pointer-events-none has-data-writing-block:-mt-(--shadow-height) has-data-writing-block:pt-(--shadow-height) [&amp;:has([data-writing-block])&gt;*]:pointer-events-auto scroll-mt-[calc(var(--header-height)+min(200px,max(70px,20svh)))]\" dir=\"auto\" data-turn-id=\"request-69788f7d-d97c-832a-a512-ce7bdd364928-5\" data-testid=\"conversation-turn-168\" data-scroll-anchor=\"true\" data-turn=\"assistant\">\n<div class=\"text-base my-auto mx-auto pb-10 [--thread-content-margin:--spacing(4)] @w-sm\/main:[--thread-content-margin:--spacing(6)] @w-lg\/main:[--thread-content-margin:--spacing(16)] px-(--thread-content-margin)\">\n<div class=\"[--thread-content-max-width:40rem] @w-lg\/main:[--thread-content-max-width:48rem] mx-auto max-w-(--thread-content-max-width) flex-1 group\/turn-messages focus-visible:outline-hidden relative flex w-full min-w-0 flex-col agent-turn\">\n<div class=\"flex max-w-full flex-col grow\">\n<div class=\"min-h-8 text-message relative flex w-full flex-col items-end gap-2 text-start break-words whitespace-normal [.text-message+&amp;]:mt-1\" dir=\"auto\" data-message-author-role=\"assistant\" data-message-id=\"9ab67f4d-248d-4d52-ae53-952159846b19\" data-message-model-slug=\"gpt-5-2\">\n<div class=\"flex w-full flex-col gap-1 empty:hidden first:pt-[1px]\">\n<div class=\"markdown prose dark:prose-invert w-full wrap-break-word light markdown-new-styling\">\n<p style=\"text-align: center\" data-start=\"0\" data-end=\"64\"><strong data-start=\"0\" data-end=\"64\">Reng\u00f8r Sm\u00e5 Rum Hurtigt Med En Kompakt, H\u00e5ndfri Minimoppe. \ud83e\uddfc<\/strong><\/p>\n<p data-start=\"0\" data-end=\"64\"><img fetchpriority=\"high\" decoding=\"async\" class=\"size-full wp-image-23780 aligncenter\" src=\"https:\/\/mekulo.com\/template\/wp-content\/uploads\/sites\/6\/2026\/02\/Sf49b070f5e844ab2b609a7efdbb7512d1.jpg_960x960q75.jpg_.avif\" alt=\"\" width=\"800\" height=\"800\" \/><\/p>\n<h2 style=\"text-align: center\" data-start=\"318\" data-end=\"335\"><strong>Main Fordele \ud83e\uddfc<\/strong><\/h2>\n<p data-start=\"338\" data-end=\"407\">\ud83e\uddfc H\u00e5ndfrit Kludeskift \u2013 Push-Pull-H\u00e5ndtag Holder H\u00e6nderne Rene.<\/p>\n<p data-start=\"410\" data-end=\"472\">\ud83d\udd04 360\u00b0 Roterende Hoved \u2013 N\u00e5r Nemt Hj\u00f8rner Og Kanter.<\/p>\n<p data-start=\"475\" data-end=\"529\">\u267b\ufe0f Genanvendelige Klude Eller Engangsklude \u2013 Reducerer Spild.<\/p>\n<p data-start=\"532\" data-end=\"598\">\ud83e\uddf1 Reng\u00f8ring Af Flere Overflader \u2013 Gulve, V\u00e6gge, Spejle, Skabe.<\/p>\n<p data-start=\"601\" data-end=\"662\">\ud83d\udce6 Pladsbesparende Opbevaring \u2013 V\u00e6gmonteret Og Hurtigt\u00f8rrende.<\/p>\n<p data-start=\"601\" data-end=\"662\"><img decoding=\"async\" class=\"size-full wp-image-23781 aligncenter\" src=\"https:\/\/mekulo.com\/template\/wp-content\/uploads\/sites\/6\/2026\/02\/S2ce9015d9f6b485b8de8306b658bf0cdc.jpg_960x960q75.jpg_.avif\" alt=\"\" width=\"800\" height=\"800\" \/><\/p>\n<h2 style=\"text-align: center\" data-start=\"664\" data-end=\"678\"><strong>S\u00e5dan Bruges \ud83d\udccc<\/strong><\/h2>\n<ol data-start=\"679\" data-end=\"887\">\n<li data-start=\"679\" data-end=\"735\">\n<p data-start=\"682\" data-end=\"735\">Fastg\u00f8r Et H\u00e5ndkl\u00e6de Eller En Engangsklud P\u00e5 Moppehovedet.<\/p>\n<\/li>\n<li data-start=\"736\" data-end=\"782\">\n<p data-start=\"739\" data-end=\"782\">Tryk H\u00e5ndtaget Ned For At Fastg\u00f8re Kluden.<\/p>\n<\/li>\n<li data-start=\"783\" data-end=\"827\">\n<p data-start=\"786\" data-end=\"827\">Reng\u00f8r Overfladen Med Et Let Tryk.<\/p>\n<\/li>\n<li data-start=\"828\" data-end=\"887\">\n<p data-start=\"831\" data-end=\"887\">Tryk P\u00e5 H\u00e5ndtaget Igen For At Frig\u00f8re Og Fjerne Kluden.<\/p>\n<\/li>\n<\/ol>\n<h2 style=\"text-align: center\" data-start=\"889\" data-end=\"908\"><strong>Produktoplysninger \ud83d\udccf<\/strong><\/h2>\n<ul data-start=\"909\" data-end=\"1092\">\n<li data-start=\"909\" data-end=\"953\">\n<p data-start=\"911\" data-end=\"953\">Materiale: PP + Rustfri St\u00e5lstang + ABS<\/p>\n<\/li>\n<li data-start=\"909\" data-end=\"953\">\n<p data-start=\"911\" data-end=\"953\">St\u00f8rrelser: 16 x 8 x 71 cm, 16 x 8 x 92 cm<\/p>\n<\/li>\n<li data-start=\"909\" data-end=\"953\">\n<p data-start=\"911\" data-end=\"953\">V\u00e6gt: 195 g \/ 280 g<\/p>\n<\/li>\n<li data-start=\"1012\" data-end=\"1040\">\n<p data-start=\"1014\" data-end=\"1040\">Moppehoved: 360\u00b0 Drejeligt<\/p>\n<\/li>\n<li data-start=\"1041\" data-end=\"1092\">\n<p data-start=\"1043\" data-end=\"1092\">Anvendelse: Gulve, V\u00e6gge, Spejle, K\u00f8kkener, Skabe<\/p>\n<\/li>\n<\/ul>\n<h2 style=\"text-align: center\" data-start=\"1094\" data-end=\"1114\"><strong>Pakken Indeholder \ud83d\udce6<\/strong><\/h2>\n<ul data-start=\"1115\" data-end=\"1152\" data-is-last-node=\"\" data-is-only-node=\"\">\n<li data-start=\"1115\" data-end=\"1152\" data-is-last-node=\"\">\n<p data-start=\"1117\" data-end=\"1152\" data-is-last-node=\"\">1x Minimoppe.<\/p>\n<\/li>\n<\/ul>\n<\/div>\n<\/div>\n<\/div>\n<\/div>\n<\/div>\n<\/div>\n<\/article>\n<\/div>\n","protected":false},"excerpt":{"rendered":"<p>\ud83e\ude9eDenne minimoppe hj\u00e6lper dig med at reng\u00f8re gulve, v\u00e6gge, spejle og skabe uden at spilde papirh\u00e5ndkl\u00e6der.<br \/>\n\ud83e\udee7Den bruger genbrugs- eller engangsklude og holder dine h\u00e6nder rene under brug.<br \/>\n\ud83c\udfe0Den er perfekt til hurtig daglig reng\u00f8ring i sn\u00e6vre og sv\u00e6rt tilg\u00e6ngelige omr\u00e5der.<\/p>\n","protected":false},"featured_media":23238,"comment_status":"open","ping_status":"closed","template":"","meta":{"site-sidebar-layout":"default","site-content-layout":"","ast-site-content-layout":"default","site-content-style":"default","site-sidebar-style":"default","ast-global-header-display":"","ast-banner-title-visibility":"","ast-main-header-display":"","ast-hfb-above-header-display":"","ast-hfb-below-header-display":"","ast-hfb-mobile-header-display":"","site-post-title":"","ast-breadcrumbs-content":"","ast-featured-img":"","footer-sml-layout":"","theme-transparent-header-meta":"default","adv-header-id-meta":"","stick-header-meta":"","header-above-stick-meta":"","header-main-stick-meta":"","header-below-stick-meta":"","astra-migrate-meta-layouts":"set","ast-page-background-enabled":"default","ast-page-background-meta":{"desktop":{"background-color":"var(--ast-global-color-5)","background-image":"","background-repeat":"repeat","background-position":"center center","background-size":"auto","background-attachment":"scroll","background-type":"","background-media":"","overlay-type":"","overlay-color":"","overlay-opacity":"","overlay-gradient":""},"tablet":{"background-color":"","background-image":"","background-repeat":"repeat","background-position":"center center","background-size":"auto","background-attachment":"scroll","background-type":"","background-media":"","overlay-type":"","overlay-color":"","overlay-opacity":"","overlay-gradient":""},"mobile":{"background-color":"","background-image":"","background-repeat":"repeat","background-position":"center center","background-size":"auto","background-attachment":"scroll","background-type":"","background-media":"","overlay-type":"","overlay-color":"","overlay-opacity":"","overlay-gradient":""}},"ast-content-background-meta":{"desktop":{"background-color":"var(--ast-global-color-4)","background-image":"","background-repeat":"repeat","background-position":"center center","background-size":"auto","background-attachment":"scroll","background-type":"","background-media":"","overlay-type":"","overlay-color":"","overlay-opacity":"","overlay-gradient":""},"tablet":{"background-color":"var(--ast-global-color-4)","background-image":"","background-repeat":"repeat","background-position":"center center","background-size":"auto","background-attachment":"scroll","background-type":"","background-media":"","overlay-type":"","overlay-color":"","overlay-opacity":"","overlay-gradient":""},"mobile":{"background-color":"var(--ast-global-color-4)","background-image":"","background-repeat":"repeat","background-position":"center center","background-size":"auto","background-attachment":"scroll","background-type":"","background-media":"","overlay-type":"","overlay-color":"","overlay-opacity":"","overlay-gradient":""}}},"product_brand":[],"product_cat":[168],"product_tag":[],"class_list":{"0":"post-23242","1":"product","2":"type-product","3":"status-publish","4":"has-post-thumbnail","6":"product_cat-husholdningsartikler","7":"pa_55554_jrnwzzh4-16-x-8-x-71-cm","8":"pa_55554_jrnwzzh4-16-x-8-x-92-cm","9":"pa_55554_krk0nqqh-hvid","10":"pa_55554_krk0nqqh-lilla","11":"desktop-align-left","12":"tablet-align-left","13":"mobile-align-left","15":"first","16":"instock","17":"shipping-taxable","18":"purchasable","19":"product-type-variable","20":"has-default-attributes"},"yoast_head":"<!-- This site is optimized with the Yoast SEO plugin v26.6 - https:\/\/yoast.com\/wordpress\/plugins\/seo\/ -->\n<title>Mini moppe - Mekulo DK<\/title>\n<meta name=\"robots\" content=\"index, follow, max-snippet:-1, max-image-preview:large, max-video-preview:-1\" \/>\n<link rel=\"canonical\" href=\"https:\/\/mekulo.com\/dk\/produkt\/mini-moppe\/\" \/>\n<meta property=\"og:locale\" content=\"da_DK\" \/>\n<meta property=\"og:type\" content=\"article\" \/>\n<meta property=\"og:title\" content=\"Mini moppe - Mekulo DK\" \/>\n<meta property=\"og:description\" content=\"\ud83e\ude9eDenne minimoppe hj\u00e6lper dig med at reng\u00f8re gulve, v\u00e6gge, spejle og skabe uden at spilde papirh\u00e5ndkl\u00e6der. \ud83e\udee7Den bruger genbrugs- eller engangsklude og holder dine h\u00e6nder rene under brug. \ud83c\udfe0Den er perfekt til hurtig daglig reng\u00f8ring i sn\u00e6vre og sv\u00e6rt tilg\u00e6ngelige omr\u00e5der.\" \/>\n<meta property=\"og:url\" content=\"https:\/\/mekulo.com\/dk\/produkt\/mini-moppe\/\" \/>\n<meta property=\"og:site_name\" content=\"Mekulo DK\" \/>\n<meta property=\"article:modified_time\" content=\"2026-03-02T10:30:17+00:00\" \/>\n<meta property=\"og:image\" content=\"https:\/\/mekulo.com\/dk\/wp-content\/uploads\/sites\/12\/2026\/02\/bfl30gk-1.jpg\" \/>\n\t<meta property=\"og:image:width\" content=\"800\" \/>\n\t<meta property=\"og:image:height\" content=\"800\" \/>\n\t<meta property=\"og:image:type\" content=\"image\/jpeg\" \/>\n<meta name=\"twitter:card\" content=\"summary_large_image\" \/>\n<meta name=\"twitter:label1\" content=\"Estimeret l\u00e6setid\" \/>\n\t<meta name=\"twitter:data1\" content=\"2 minutter\" \/>\n<script type=\"application\/ld+json\" class=\"yoast-schema-graph\">{\"@context\":\"https:\/\/schema.org\",\"@graph\":[{\"@type\":\"WebPage\",\"@id\":\"https:\/\/mekulo.com\/dk\/produkt\/mini-moppe\/\",\"url\":\"https:\/\/mekulo.com\/dk\/produkt\/mini-moppe\/\",\"name\":\"Mini moppe - Mekulo DK\",\"isPartOf\":{\"@id\":\"https:\/\/mekulo.com\/dk\/#website\"},\"primaryImageOfPage\":{\"@id\":\"https:\/\/mekulo.com\/dk\/produkt\/mini-moppe\/#primaryimage\"},\"image\":{\"@id\":\"https:\/\/mekulo.com\/dk\/produkt\/mini-moppe\/#primaryimage\"},\"thumbnailUrl\":\"https:\/\/mekulo.com\/dk\/wp-content\/uploads\/sites\/12\/2026\/02\/bfl30gk-1.jpg\",\"datePublished\":\"2026-02-09T17:31:55+00:00\",\"dateModified\":\"2026-03-02T10:30:17+00:00\",\"breadcrumb\":{\"@id\":\"https:\/\/mekulo.com\/dk\/produkt\/mini-moppe\/#breadcrumb\"},\"inLanguage\":\"da-DK\",\"potentialAction\":[{\"@type\":\"ReadAction\",\"target\":[\"https:\/\/mekulo.com\/dk\/produkt\/mini-moppe\/\"]}]},{\"@type\":\"ImageObject\",\"inLanguage\":\"da-DK\",\"@id\":\"https:\/\/mekulo.com\/dk\/produkt\/mini-moppe\/#primaryimage\",\"url\":\"https:\/\/mekulo.com\/dk\/wp-content\/uploads\/sites\/12\/2026\/02\/bfl30gk-1.jpg\",\"contentUrl\":\"https:\/\/mekulo.com\/dk\/wp-content\/uploads\/sites\/12\/2026\/02\/bfl30gk-1.jpg\",\"width\":800,\"height\":800},{\"@type\":\"BreadcrumbList\",\"@id\":\"https:\/\/mekulo.com\/dk\/produkt\/mini-moppe\/#breadcrumb\",\"itemListElement\":[{\"@type\":\"ListItem\",\"position\":1,\"name\":\"Home\",\"item\":\"https:\/\/mekulo.com\/dk\/\"},{\"@type\":\"ListItem\",\"position\":2,\"name\":\"Butik\",\"item\":\"https:\/\/mekulo.com\/dk\/butik\/\"},{\"@type\":\"ListItem\",\"position\":3,\"name\":\"Mini moppe\"}]},{\"@type\":\"WebSite\",\"@id\":\"https:\/\/mekulo.com\/dk\/#website\",\"url\":\"https:\/\/mekulo.com\/dk\/\",\"name\":\"Mekulo DK\",\"description\":\"\",\"publisher\":{\"@id\":\"https:\/\/mekulo.com\/dk\/#organization\"},\"potentialAction\":[{\"@type\":\"SearchAction\",\"target\":{\"@type\":\"EntryPoint\",\"urlTemplate\":\"https:\/\/mekulo.com\/dk\/?s={search_term_string}\"},\"query-input\":{\"@type\":\"PropertyValueSpecification\",\"valueRequired\":true,\"valueName\":\"search_term_string\"}}],\"inLanguage\":\"da-DK\"},{\"@type\":\"Organization\",\"@id\":\"https:\/\/mekulo.com\/dk\/#organization\",\"name\":\"Mekulo\",\"url\":\"https:\/\/mekulo.com\/dk\/\",\"logo\":{\"@type\":\"ImageObject\",\"inLanguage\":\"da-DK\",\"@id\":\"https:\/\/mekulo.com\/dk\/#\/schema\/logo\/image\/\",\"url\":\"https:\/\/mekulo.com\/dk\/wp-content\/uploads\/sites\/12\/2025\/12\/favicon_mekulo.png\",\"contentUrl\":\"https:\/\/mekulo.com\/dk\/wp-content\/uploads\/sites\/12\/2025\/12\/favicon_mekulo.png\",\"width\":50,\"height\":50,\"caption\":\"Mekulo\"},\"image\":{\"@id\":\"https:\/\/mekulo.com\/dk\/#\/schema\/logo\/image\/\"}}]}<\/script>\n<!-- \/ Yoast SEO plugin. -->","yoast_head_json":{"title":"Mini moppe - Mekulo DK","robots":{"index":"index","follow":"follow","max-snippet":"max-snippet:-1","max-image-preview":"max-image-preview:large","max-video-preview":"max-video-preview:-1"},"canonical":"https:\/\/mekulo.com\/dk\/produkt\/mini-moppe\/","og_locale":"da_DK","og_type":"article","og_title":"Mini moppe - Mekulo DK","og_description":"\ud83e\ude9eDenne minimoppe hj\u00e6lper dig med at reng\u00f8re gulve, v\u00e6gge, spejle og skabe uden at spilde papirh\u00e5ndkl\u00e6der. \ud83e\udee7Den bruger genbrugs- eller engangsklude og holder dine h\u00e6nder rene under brug. \ud83c\udfe0Den er perfekt til hurtig daglig reng\u00f8ring i sn\u00e6vre og sv\u00e6rt tilg\u00e6ngelige omr\u00e5der.","og_url":"https:\/\/mekulo.com\/dk\/produkt\/mini-moppe\/","og_site_name":"Mekulo DK","article_modified_time":"2026-03-02T10:30:17+00:00","og_image":[{"width":800,"height":800,"url":"https:\/\/mekulo.com\/dk\/wp-content\/uploads\/sites\/12\/2026\/02\/bfl30gk-1.jpg","type":"image\/jpeg"}],"twitter_card":"summary_large_image","twitter_misc":{"Estimeret l\u00e6setid":"2 minutter"},"schema":{"@context":"https:\/\/schema.org","@graph":[{"@type":"WebPage","@id":"https:\/\/mekulo.com\/dk\/produkt\/mini-moppe\/","url":"https:\/\/mekulo.com\/dk\/produkt\/mini-moppe\/","name":"Mini moppe - Mekulo DK","isPartOf":{"@id":"https:\/\/mekulo.com\/dk\/#website"},"primaryImageOfPage":{"@id":"https:\/\/mekulo.com\/dk\/produkt\/mini-moppe\/#primaryimage"},"image":{"@id":"https:\/\/mekulo.com\/dk\/produkt\/mini-moppe\/#primaryimage"},"thumbnailUrl":"https:\/\/mekulo.com\/dk\/wp-content\/uploads\/sites\/12\/2026\/02\/bfl30gk-1.jpg","datePublished":"2026-02-09T17:31:55+00:00","dateModified":"2026-03-02T10:30:17+00:00","breadcrumb":{"@id":"https:\/\/mekulo.com\/dk\/produkt\/mini-moppe\/#breadcrumb"},"inLanguage":"da-DK","potentialAction":[{"@type":"ReadAction","target":["https:\/\/mekulo.com\/dk\/produkt\/mini-moppe\/"]}]},{"@type":"ImageObject","inLanguage":"da-DK","@id":"https:\/\/mekulo.com\/dk\/produkt\/mini-moppe\/#primaryimage","url":"https:\/\/mekulo.com\/dk\/wp-content\/uploads\/sites\/12\/2026\/02\/bfl30gk-1.jpg","contentUrl":"https:\/\/mekulo.com\/dk\/wp-content\/uploads\/sites\/12\/2026\/02\/bfl30gk-1.jpg","width":800,"height":800},{"@type":"BreadcrumbList","@id":"https:\/\/mekulo.com\/dk\/produkt\/mini-moppe\/#breadcrumb","itemListElement":[{"@type":"ListItem","position":1,"name":"Home","item":"https:\/\/mekulo.com\/dk\/"},{"@type":"ListItem","position":2,"name":"Butik","item":"https:\/\/mekulo.com\/dk\/butik\/"},{"@type":"ListItem","position":3,"name":"Mini moppe"}]},{"@type":"WebSite","@id":"https:\/\/mekulo.com\/dk\/#website","url":"https:\/\/mekulo.com\/dk\/","name":"Mekulo DK","description":"","publisher":{"@id":"https:\/\/mekulo.com\/dk\/#organization"},"potentialAction":[{"@type":"SearchAction","target":{"@type":"EntryPoint","urlTemplate":"https:\/\/mekulo.com\/dk\/?s={search_term_string}"},"query-input":{"@type":"PropertyValueSpecification","valueRequired":true,"valueName":"search_term_string"}}],"inLanguage":"da-DK"},{"@type":"Organization","@id":"https:\/\/mekulo.com\/dk\/#organization","name":"Mekulo","url":"https:\/\/mekulo.com\/dk\/","logo":{"@type":"ImageObject","inLanguage":"da-DK","@id":"https:\/\/mekulo.com\/dk\/#\/schema\/logo\/image\/","url":"https:\/\/mekulo.com\/dk\/wp-content\/uploads\/sites\/12\/2025\/12\/favicon_mekulo.png","contentUrl":"https:\/\/mekulo.com\/dk\/wp-content\/uploads\/sites\/12\/2025\/12\/favicon_mekulo.png","width":50,"height":50,"caption":"Mekulo"},"image":{"@id":"https:\/\/mekulo.com\/dk\/#\/schema\/logo\/image\/"}}]}},"_links":{"self":[{"href":"https:\/\/mekulo.com\/dk\/wp-json\/wp\/v2\/product\/23242","targetHints":{"allow":["GET"]}}],"collection":[{"href":"https:\/\/mekulo.com\/dk\/wp-json\/wp\/v2\/product"}],"about":[{"href":"https:\/\/mekulo.com\/dk\/wp-json\/wp\/v2\/types\/product"}],"replies":[{"embeddable":true,"href":"https:\/\/mekulo.com\/dk\/wp-json\/wp\/v2\/comments?post=23242"}],"wp:featuredmedia":[{"embeddable":true,"href":"https:\/\/mekulo.com\/dk\/wp-json\/wp\/v2\/media\/23238"}],"wp:attachment":[{"href":"https:\/\/mekulo.com\/dk\/wp-json\/wp\/v2\/media?parent=23242"}],"wp:term":[{"taxonomy":"product_brand","embeddable":true,"href":"https:\/\/mekulo.com\/dk\/wp-json\/wp\/v2\/product_brand?post=23242"},{"taxonomy":"product_cat","embeddable":true,"href":"https:\/\/mekulo.com\/dk\/wp-json\/wp\/v2\/product_cat?post=23242"},{"taxonomy":"product_tag","embeddable":true,"href":"https:\/\/mekulo.com\/dk\/wp-json\/wp\/v2\/product_tag?post=23242"}],"curies":[{"name":"wp","href":"https:\/\/api.w.org\/{rel}","templated":true}]}}