{"id":23207,"date":"2026-02-09T18:52:32","date_gmt":"2026-02-09T16:52:32","guid":{"rendered":"https:\/\/mekulo.com\/dk\/produkt\/vejrhane\/"},"modified":"2026-02-09T18:53:09","modified_gmt":"2026-02-09T16:53:09","slug":"vejrhane","status":"publish","type":"product","link":"https:\/\/mekulo.com\/dk\/produkt\/vejrhane\/","title":{"rendered":"Vejrhane"},"content":{"rendered":"<p style=\"text-align: center\" data-start=\"18\" data-end=\"99\"><strong data-start=\"18\" data-end=\"99\">Kend Vindretningen P\u00e5 Et \u00d8jeblik, Mens Du Tilf\u00f8jer Stil Til Dit Uderum. \ud83c\udfe1<\/strong><\/p>\n<p data-start=\"18\" data-end=\"99\"><img fetchpriority=\"high\" decoding=\"async\" class=\"size-full wp-image-24379 aligncenter\" src=\"https:\/\/mekulo.com\/template\/wp-content\/uploads\/sites\/6\/2026\/02\/0c875642-e8b0-4dbf-a7a6-fc5388165dfb.webp\" alt=\"\" width=\"1000\" height=\"1000\" \/><\/p>\n<h2 style=\"text-align: center\" data-start=\"360\" data-end=\"377\">Hovedfordele \ud83c\udfe1<\/h2>\n<p data-start=\"378\" data-end=\"838\">\ud83c\udf2c\ufe0f J\u00e6vn vindretningsvisning &#8211; Roterer let med en pr\u00e6cisionsdrejning.<\/p>\n<p data-start=\"378\" data-end=\"838\">\ud83d\udda4 Stilfuldt design &#8211; Satin sort finish med rene, elegante linjer.<\/p>\n<p data-start=\"378\" data-end=\"838\">\ud83d\udee1\ufe0f Rustbestandigt rustfrit st\u00e5l &#8211; Bygget til langvarig udend\u00f8rs brug.<\/p>\n<p data-start=\"378\" data-end=\"838\">\ud83c\udfe1 Bred anvendelse &#8211; Perfekt til tage, haver, stalde og lysthuse.<\/p>\n<p data-start=\"378\" data-end=\"838\">\ud83c\udf81 Fantastisk gaveid\u00e9 &#8211; Ideel til housewarming, helligdage og specielle begivenheder.<\/p>\n<p data-start=\"378\" data-end=\"838\">\ud83c\udf31 Milj\u00f8venlig og sikker &#8211; Ikke-giftige materialer, sikre for mennesker og dyr.<\/p>\n<p data-start=\"378\" data-end=\"838\"><img decoding=\"async\" class=\" wp-image-24378 aligncenter\" src=\"https:\/\/mekulo.com\/template\/wp-content\/uploads\/sites\/6\/2026\/02\/A40yjmBrBzulf9oBwPWK.jpg\" alt=\"\" width=\"731\" height=\"731\" \/><\/p>\n<h2 style=\"text-align: center\" data-start=\"845\" data-end=\"859\">S\u00e5dan Bruges \ud83d\udccc<\/h2>\n<ol data-start=\"860\" data-end=\"1118\">\n<li data-start=\"860\" data-end=\"921\">\n<p data-start=\"863\" data-end=\"921\">V\u00e6lg et h\u00f8jt og \u00e5bent sted med god vindeksponering.<\/p>\n<\/li>\n<li data-start=\"922\" data-end=\"990\">\n<p data-start=\"925\" data-end=\"990\">Fastg\u00f8r vejrfl\u00f8jen godt til taget, stolpen eller strukturen.<\/p>\n<\/li>\n<li data-start=\"991\" data-end=\"1055\">\n<p data-start=\"994\" data-end=\"1055\">Juster den korrekt med kardinalretningerne, hvis det er inkluderet.<\/p>\n<\/li>\n<li data-start=\"1056\" data-end=\"1118\">\n<p data-start=\"1059\" data-end=\"1118\">Lad vinden dreje fl\u00f8jen naturligt for at vise retning.<\/p>\n<\/li>\n<\/ol>\n<h2 style=\"text-align: center\" data-start=\"1125\" data-end=\"1144\">Produktdetaljer \ud83d\udccf<\/h2>\n<ul data-start=\"1145\" data-end=\"1323\">\n<li data-start=\"1145\" data-end=\"1174\">\n<p data-start=\"1147\" data-end=\"1174\">Materiale: Rustfrit st\u00e5l<\/p>\n<\/li>\n<li data-start=\"1175\" data-end=\"1198\">\n<p data-start=\"1177\" data-end=\"1198\">Finish: Satin sort<\/p>\n<\/li>\n<li data-start=\"1199\" data-end=\"1251\">\n<p data-start=\"1201\" data-end=\"1251\">Design: H\u00e5ndlavet med glatte, gratfrie kanter<\/p>\n<\/li>\n<li data-start=\"1252\" data-end=\"1323\">\n<p data-start=\"1254\" data-end=\"1323\">Funktion: Vindretningsindikator og dekorativ udend\u00f8rs skulptur<\/p>\n<\/li>\n<li data-start=\"1252\" data-end=\"1323\">\n<p data-start=\"1254\" data-end=\"1323\">St\u00f8rrelse: St\u00f8rrelsen er forskellig for hver form<\/p>\n<\/li>\n<\/ul>\n<h2 style=\"text-align: center\" data-start=\"1330\" data-end=\"1350\">Pakken Indeholder \ud83d\udce6<\/h2>\n<ul data-start=\"1351\" data-end=\"1371\">\n<li data-start=\"1351\" data-end=\"1371\">\n<p data-start=\"1353\" data-end=\"1371\">1x vejrhane.<\/p>\n<\/li>\n<\/ul>\n","protected":false},"excerpt":{"rendered":"<p>\ud83c\udf2c\ufe0fThis vejrhane i rustfrit st\u00e5l roterer j\u00e6vnt med vinden for tydeligt at vise vindretningen.<br \/>\n\ud83c\udfe1Det elegante design fungerer ogs\u00e5 som en dekorativ accent til dit hjem, din have eller dit tag.<br \/>\n\ud83c\udf31En funktionel og elegant m\u00e5de at spore vinden p\u00e5, samtidig med at den forbedrer udseendet af dit udend\u00f8rs rum.<\/p>\n","protected":false},"featured_media":23203,"comment_status":"open","ping_status":"closed","template":"","meta":{"site-sidebar-layout":"default","site-content-layout":"","ast-site-content-layout":"default","site-content-style":"default","site-sidebar-style":"default","ast-global-header-display":"","ast-banner-title-visibility":"","ast-main-header-display":"","ast-hfb-above-header-display":"","ast-hfb-below-header-display":"","ast-hfb-mobile-header-display":"","site-post-title":"","ast-breadcrumbs-content":"","ast-featured-img":"","footer-sml-layout":"","ast-disable-related-posts":"","theme-transparent-header-meta":"default","adv-header-id-meta":"","stick-header-meta":"","header-above-stick-meta":"","header-main-stick-meta":"","header-below-stick-meta":"","astra-migrate-meta-layouts":"set","ast-page-background-enabled":"default","ast-page-background-meta":{"desktop":{"background-color":"var(--ast-global-color-5)","background-image":"","background-repeat":"repeat","background-position":"center center","background-size":"auto","background-attachment":"scroll","background-type":"","background-media":"","overlay-type":"","overlay-color":"","overlay-opacity":"","overlay-gradient":""},"tablet":{"background-color":"","background-image":"","background-repeat":"repeat","background-position":"center center","background-size":"auto","background-attachment":"scroll","background-type":"","background-media":"","overlay-type":"","overlay-color":"","overlay-opacity":"","overlay-gradient":""},"mobile":{"background-color":"","background-image":"","background-repeat":"repeat","background-position":"center center","background-size":"auto","background-attachment":"scroll","background-type":"","background-media":"","overlay-type":"","overlay-color":"","overlay-opacity":"","overlay-gradient":""}},"ast-content-background-meta":{"desktop":{"background-color":"var(--ast-global-color-4)","background-image":"","background-repeat":"repeat","background-position":"center center","background-size":"auto","background-attachment":"scroll","background-type":"","background-media":"","overlay-type":"","overlay-color":"","overlay-opacity":"","overlay-gradient":""},"tablet":{"background-color":"var(--ast-global-color-4)","background-image":"","background-repeat":"repeat","background-position":"center center","background-size":"auto","background-attachment":"scroll","background-type":"","background-media":"","overlay-type":"","overlay-color":"","overlay-opacity":"","overlay-gradient":""},"mobile":{"background-color":"var(--ast-global-color-4)","background-image":"","background-repeat":"repeat","background-position":"center center","background-size":"auto","background-attachment":"scroll","background-type":"","background-media":"","overlay-type":"","overlay-color":"","overlay-opacity":"","overlay-gradient":""}}},"product_brand":[],"product_cat":[168],"product_tag":[],"class_list":{"0":"post-23207","1":"product","2":"type-product","3":"status-publish","4":"has-post-thumbnail","6":"product_cat-husholdningsartikler","7":"pa_58448_vqvppmzx-a","8":"pa_58448_vqvppmzx-b","9":"pa_58448_vqvppmzx-c","10":"pa_58448_vqvppmzx-d","11":"pa_58448_vqvppmzx-e","12":"pa_58448_vqvppmzx-f","13":"pa_58448_vqvppmzx-g","14":"pa_58448_vqvppmzx-h","15":"pa_58448_vqvppmzx-i","16":"pa_58448_vqvppmzx-j","17":"pa_58448_vqvppmzx-k","18":"desktop-align-left","19":"tablet-align-left","20":"mobile-align-left","22":"first","23":"instock","24":"shipping-taxable","25":"purchasable","26":"product-type-variable"},"yoast_head":"<!-- This site is optimized with the Yoast SEO plugin v27.4 - https:\/\/yoast.com\/product\/yoast-seo-wordpress\/ -->\n<title>Vejrhane - Mekulo DK<\/title>\n<meta name=\"robots\" content=\"index, follow, max-snippet:-1, max-image-preview:large, max-video-preview:-1\" \/>\n<link rel=\"canonical\" href=\"https:\/\/mekulo.com\/dk\/produkt\/vejrhane\/\" \/>\n<meta property=\"og:locale\" content=\"da_DK\" \/>\n<meta property=\"og:type\" content=\"article\" \/>\n<meta property=\"og:title\" content=\"Vejrhane - Mekulo DK\" \/>\n<meta property=\"og:description\" content=\"\ud83c\udf2c\ufe0fThis vejrhane i rustfrit st\u00e5l roterer j\u00e6vnt med vinden for tydeligt at vise vindretningen. \ud83c\udfe1Det elegante design fungerer ogs\u00e5 som en dekorativ accent til dit hjem, din have eller dit tag. \ud83c\udf31En funktionel og elegant m\u00e5de at spore vinden p\u00e5, samtidig med at den forbedrer udseendet af dit udend\u00f8rs rum.\" \/>\n<meta property=\"og:url\" content=\"https:\/\/mekulo.com\/dk\/produkt\/vejrhane\/\" \/>\n<meta property=\"og:site_name\" content=\"Mekulo DK\" \/>\n<meta property=\"article:modified_time\" content=\"2026-02-09T16:53:09+00:00\" \/>\n<meta property=\"og:image\" content=\"https:\/\/mekulo.com\/dk\/wp-content\/uploads\/sites\/12\/2026\/02\/59ox3uh-1.webp\" \/>\n\t<meta property=\"og:image:width\" content=\"1000\" \/>\n\t<meta property=\"og:image:height\" content=\"1000\" \/>\n\t<meta property=\"og:image:type\" content=\"image\/webp\" \/>\n<meta name=\"twitter:card\" content=\"summary_large_image\" \/>\n<meta name=\"twitter:label1\" content=\"Estimeret l\u00e6setid\" \/>\n\t<meta name=\"twitter:data1\" content=\"2 minutter\" \/>\n<script type=\"application\/ld+json\" class=\"yoast-schema-graph\">{\"@context\":\"https:\\\/\\\/schema.org\",\"@graph\":[{\"@type\":\"WebPage\",\"@id\":\"https:\\\/\\\/mekulo.com\\\/dk\\\/produkt\\\/vejrhane\\\/\",\"url\":\"https:\\\/\\\/mekulo.com\\\/dk\\\/produkt\\\/vejrhane\\\/\",\"name\":\"Vejrhane - Mekulo DK\",\"isPartOf\":{\"@id\":\"https:\\\/\\\/mekulo.com\\\/dk\\\/#website\"},\"primaryImageOfPage\":{\"@id\":\"https:\\\/\\\/mekulo.com\\\/dk\\\/produkt\\\/vejrhane\\\/#primaryimage\"},\"image\":{\"@id\":\"https:\\\/\\\/mekulo.com\\\/dk\\\/produkt\\\/vejrhane\\\/#primaryimage\"},\"thumbnailUrl\":\"https:\\\/\\\/mekulo.com\\\/dk\\\/wp-content\\\/uploads\\\/sites\\\/12\\\/2026\\\/02\\\/59ox3uh-1.webp\",\"datePublished\":\"2026-02-09T16:52:32+00:00\",\"dateModified\":\"2026-02-09T16:53:09+00:00\",\"breadcrumb\":{\"@id\":\"https:\\\/\\\/mekulo.com\\\/dk\\\/produkt\\\/vejrhane\\\/#breadcrumb\"},\"inLanguage\":\"da-DK\",\"potentialAction\":[{\"@type\":\"ReadAction\",\"target\":[\"https:\\\/\\\/mekulo.com\\\/dk\\\/produkt\\\/vejrhane\\\/\"]}]},{\"@type\":\"ImageObject\",\"inLanguage\":\"da-DK\",\"@id\":\"https:\\\/\\\/mekulo.com\\\/dk\\\/produkt\\\/vejrhane\\\/#primaryimage\",\"url\":\"https:\\\/\\\/mekulo.com\\\/dk\\\/wp-content\\\/uploads\\\/sites\\\/12\\\/2026\\\/02\\\/59ox3uh-1.webp\",\"contentUrl\":\"https:\\\/\\\/mekulo.com\\\/dk\\\/wp-content\\\/uploads\\\/sites\\\/12\\\/2026\\\/02\\\/59ox3uh-1.webp\",\"width\":1000,\"height\":1000},{\"@type\":\"BreadcrumbList\",\"@id\":\"https:\\\/\\\/mekulo.com\\\/dk\\\/produkt\\\/vejrhane\\\/#breadcrumb\",\"itemListElement\":[{\"@type\":\"ListItem\",\"position\":1,\"name\":\"Home\",\"item\":\"https:\\\/\\\/mekulo.com\\\/dk\\\/\"},{\"@type\":\"ListItem\",\"position\":2,\"name\":\"Butik\",\"item\":\"https:\\\/\\\/mekulo.com\\\/dk\\\/butik\\\/\"},{\"@type\":\"ListItem\",\"position\":3,\"name\":\"Vejrhane\"}]},{\"@type\":\"WebSite\",\"@id\":\"https:\\\/\\\/mekulo.com\\\/dk\\\/#website\",\"url\":\"https:\\\/\\\/mekulo.com\\\/dk\\\/\",\"name\":\"Mekulo DK\",\"description\":\"\",\"publisher\":{\"@id\":\"https:\\\/\\\/mekulo.com\\\/dk\\\/#organization\"},\"potentialAction\":[{\"@type\":\"SearchAction\",\"target\":{\"@type\":\"EntryPoint\",\"urlTemplate\":\"https:\\\/\\\/mekulo.com\\\/dk\\\/?s={search_term_string}\"},\"query-input\":{\"@type\":\"PropertyValueSpecification\",\"valueRequired\":true,\"valueName\":\"search_term_string\"}}],\"inLanguage\":\"da-DK\"},{\"@type\":\"Organization\",\"@id\":\"https:\\\/\\\/mekulo.com\\\/dk\\\/#organization\",\"name\":\"Mekulo\",\"url\":\"https:\\\/\\\/mekulo.com\\\/dk\\\/\",\"logo\":{\"@type\":\"ImageObject\",\"inLanguage\":\"da-DK\",\"@id\":\"https:\\\/\\\/mekulo.com\\\/dk\\\/#\\\/schema\\\/logo\\\/image\\\/\",\"url\":\"https:\\\/\\\/mekulo.com\\\/dk\\\/wp-content\\\/uploads\\\/sites\\\/12\\\/2025\\\/12\\\/favicon_mekulo.png\",\"contentUrl\":\"https:\\\/\\\/mekulo.com\\\/dk\\\/wp-content\\\/uploads\\\/sites\\\/12\\\/2025\\\/12\\\/favicon_mekulo.png\",\"width\":50,\"height\":50,\"caption\":\"Mekulo\"},\"image\":{\"@id\":\"https:\\\/\\\/mekulo.com\\\/dk\\\/#\\\/schema\\\/logo\\\/image\\\/\"}}]}<\/script>\n<!-- \/ Yoast SEO plugin. -->","yoast_head_json":{"title":"Vejrhane - Mekulo DK","robots":{"index":"index","follow":"follow","max-snippet":"max-snippet:-1","max-image-preview":"max-image-preview:large","max-video-preview":"max-video-preview:-1"},"canonical":"https:\/\/mekulo.com\/dk\/produkt\/vejrhane\/","og_locale":"da_DK","og_type":"article","og_title":"Vejrhane - Mekulo DK","og_description":"\ud83c\udf2c\ufe0fThis vejrhane i rustfrit st\u00e5l roterer j\u00e6vnt med vinden for tydeligt at vise vindretningen. \ud83c\udfe1Det elegante design fungerer ogs\u00e5 som en dekorativ accent til dit hjem, din have eller dit tag. \ud83c\udf31En funktionel og elegant m\u00e5de at spore vinden p\u00e5, samtidig med at den forbedrer udseendet af dit udend\u00f8rs rum.","og_url":"https:\/\/mekulo.com\/dk\/produkt\/vejrhane\/","og_site_name":"Mekulo DK","article_modified_time":"2026-02-09T16:53:09+00:00","og_image":[{"width":1000,"height":1000,"url":"https:\/\/mekulo.com\/dk\/wp-content\/uploads\/sites\/12\/2026\/02\/59ox3uh-1.webp","type":"image\/webp"}],"twitter_card":"summary_large_image","twitter_misc":{"Estimeret l\u00e6setid":"2 minutter"},"schema":{"@context":"https:\/\/schema.org","@graph":[{"@type":"WebPage","@id":"https:\/\/mekulo.com\/dk\/produkt\/vejrhane\/","url":"https:\/\/mekulo.com\/dk\/produkt\/vejrhane\/","name":"Vejrhane - Mekulo DK","isPartOf":{"@id":"https:\/\/mekulo.com\/dk\/#website"},"primaryImageOfPage":{"@id":"https:\/\/mekulo.com\/dk\/produkt\/vejrhane\/#primaryimage"},"image":{"@id":"https:\/\/mekulo.com\/dk\/produkt\/vejrhane\/#primaryimage"},"thumbnailUrl":"https:\/\/mekulo.com\/dk\/wp-content\/uploads\/sites\/12\/2026\/02\/59ox3uh-1.webp","datePublished":"2026-02-09T16:52:32+00:00","dateModified":"2026-02-09T16:53:09+00:00","breadcrumb":{"@id":"https:\/\/mekulo.com\/dk\/produkt\/vejrhane\/#breadcrumb"},"inLanguage":"da-DK","potentialAction":[{"@type":"ReadAction","target":["https:\/\/mekulo.com\/dk\/produkt\/vejrhane\/"]}]},{"@type":"ImageObject","inLanguage":"da-DK","@id":"https:\/\/mekulo.com\/dk\/produkt\/vejrhane\/#primaryimage","url":"https:\/\/mekulo.com\/dk\/wp-content\/uploads\/sites\/12\/2026\/02\/59ox3uh-1.webp","contentUrl":"https:\/\/mekulo.com\/dk\/wp-content\/uploads\/sites\/12\/2026\/02\/59ox3uh-1.webp","width":1000,"height":1000},{"@type":"BreadcrumbList","@id":"https:\/\/mekulo.com\/dk\/produkt\/vejrhane\/#breadcrumb","itemListElement":[{"@type":"ListItem","position":1,"name":"Home","item":"https:\/\/mekulo.com\/dk\/"},{"@type":"ListItem","position":2,"name":"Butik","item":"https:\/\/mekulo.com\/dk\/butik\/"},{"@type":"ListItem","position":3,"name":"Vejrhane"}]},{"@type":"WebSite","@id":"https:\/\/mekulo.com\/dk\/#website","url":"https:\/\/mekulo.com\/dk\/","name":"Mekulo DK","description":"","publisher":{"@id":"https:\/\/mekulo.com\/dk\/#organization"},"potentialAction":[{"@type":"SearchAction","target":{"@type":"EntryPoint","urlTemplate":"https:\/\/mekulo.com\/dk\/?s={search_term_string}"},"query-input":{"@type":"PropertyValueSpecification","valueRequired":true,"valueName":"search_term_string"}}],"inLanguage":"da-DK"},{"@type":"Organization","@id":"https:\/\/mekulo.com\/dk\/#organization","name":"Mekulo","url":"https:\/\/mekulo.com\/dk\/","logo":{"@type":"ImageObject","inLanguage":"da-DK","@id":"https:\/\/mekulo.com\/dk\/#\/schema\/logo\/image\/","url":"https:\/\/mekulo.com\/dk\/wp-content\/uploads\/sites\/12\/2025\/12\/favicon_mekulo.png","contentUrl":"https:\/\/mekulo.com\/dk\/wp-content\/uploads\/sites\/12\/2025\/12\/favicon_mekulo.png","width":50,"height":50,"caption":"Mekulo"},"image":{"@id":"https:\/\/mekulo.com\/dk\/#\/schema\/logo\/image\/"}}]}},"_links":{"self":[{"href":"https:\/\/mekulo.com\/dk\/wp-json\/wp\/v2\/product\/23207","targetHints":{"allow":["GET"]}}],"collection":[{"href":"https:\/\/mekulo.com\/dk\/wp-json\/wp\/v2\/product"}],"about":[{"href":"https:\/\/mekulo.com\/dk\/wp-json\/wp\/v2\/types\/product"}],"replies":[{"embeddable":true,"href":"https:\/\/mekulo.com\/dk\/wp-json\/wp\/v2\/comments?post=23207"}],"wp:featuredmedia":[{"embeddable":true,"href":"https:\/\/mekulo.com\/dk\/wp-json\/wp\/v2\/media\/23203"}],"wp:attachment":[{"href":"https:\/\/mekulo.com\/dk\/wp-json\/wp\/v2\/media?parent=23207"}],"wp:term":[{"taxonomy":"product_brand","embeddable":true,"href":"https:\/\/mekulo.com\/dk\/wp-json\/wp\/v2\/product_brand?post=23207"},{"taxonomy":"product_cat","embeddable":true,"href":"https:\/\/mekulo.com\/dk\/wp-json\/wp\/v2\/product_cat?post=23207"},{"taxonomy":"product_tag","embeddable":true,"href":"https:\/\/mekulo.com\/dk\/wp-json\/wp\/v2\/product_tag?post=23207"}],"curies":[{"name":"wp","href":"https:\/\/api.w.org\/{rel}","templated":true}]}}