{"id":23198,"date":"2026-02-09T18:50:24","date_gmt":"2026-02-09T16:50:24","guid":{"rendered":"https:\/\/mekulo.com\/dk\/produkt\/praecisionsskinne-i-aluminium\/"},"modified":"2026-03-02T14:58:59","modified_gmt":"2026-03-02T12:58:59","slug":"praecisionsskinne-i-aluminium","status":"publish","type":"product","link":"https:\/\/mekulo.com\/dk\/produkt\/praecisionsskinne-i-aluminium\/","title":{"rendered":"Pr\u00e6cisionsskinne i aluminium"},"content":{"rendered":"<p style=\"text-align: center;\" data-start=\"36\" data-end=\"106\"><strong data-start=\"36\" data-end=\"106\">Lav Pr\u00e6cise Vinkelsnit Hver Gang Med J\u00e6vn, P\u00e5Lidelig Kontrol. \ud83e\udeb5<\/strong><\/p>\n<p data-start=\"36\" data-end=\"106\"><img fetchpriority=\"high\" decoding=\"async\" class=\"size-full wp-image-24370 aligncenter\" src=\"https:\/\/mekulo.com\/template\/wp-content\/uploads\/sites\/6\/2026\/02\/S8c718b04c54c4903b813df0ede850bdfE.avif\" alt=\"\" width=\"1200\" height=\"1200\" \/><\/p>\n<h2 style=\"text-align: center;\" data-start=\"442\" data-end=\"459\">Hovedfordele \ud83d\udcd0<\/h2>\n<p data-start=\"460\" data-end=\"904\">\ud83d\udcd0 Pr\u00e6cis vinkeljustering &#8211; Graveret skala fra 0\u00b0 til 60\u00b0 til venstre og h\u00f8jre.<\/p>\n<p data-start=\"460\" data-end=\"904\">\ud83d\udd12 Sikkert l\u00e5sesystem &#8211; Holder vinklerne fast under sk\u00e6ring.<\/p>\n<p data-start=\"460\" data-end=\"904\">\ud83e\udeb5 Stabil styreskinne i aluminium &#8211; Reducerer bev\u00e6gelse for renere snit.<\/p>\n<p data-start=\"460\" data-end=\"904\">\u2699\ufe0f Universel kompatibilitet &#8211; Passer til de fleste standardbordsav- og overfr\u00e6serspor.<\/p>\n<p data-start=\"460\" data-end=\"904\">\ud83d\udee0\ufe0f Holdbart anodiseret aluminium &#8211; Rustbestandigt og langtidsholdbart.<\/p>\n<p data-start=\"460\" data-end=\"904\">\ud83d\udc4c Nem betjening &#8211; J\u00e6vne justeringer med ergonomisk kontrolknap.<\/p>\n<p data-start=\"460\" data-end=\"904\"><img decoding=\"async\" class=\"size-full wp-image-24366 aligncenter\" src=\"https:\/\/mekulo.com\/template\/wp-content\/uploads\/sites\/6\/2026\/02\/spp_20250222143358_2453f231adb10b6914bb70b930eb8468.webp\" alt=\"\" width=\"800\" height=\"800\" \/><\/p>\n<h2 style=\"text-align: center;\" data-start=\"911\" data-end=\"925\">S\u00e5dan Bruges \ud83d\udccc<\/h2>\n<ol data-start=\"926\" data-end=\"1158\">\n<li data-start=\"926\" data-end=\"990\">\n<p data-start=\"929\" data-end=\"990\">S\u00e6t geringsm\u00e5leren i bordsaven eller overfr\u00e6serens T-spor.<\/p>\n<\/li>\n<li data-start=\"991\" data-end=\"1043\">\n<p data-start=\"994\" data-end=\"1043\">Indstil den \u00f8nskede vinkel ved hj\u00e6lp af den indgraverede skala.<\/p>\n<\/li>\n<li data-start=\"1044\" data-end=\"1098\">\n<p data-start=\"1047\" data-end=\"1098\">L\u00e5s vinklen sikkert med justeringsknappen.<\/p>\n<\/li>\n<li data-start=\"1099\" data-end=\"1158\">\n<p data-start=\"1102\" data-end=\"1158\">F\u00f8r dit materiale langs hegnet, og begynd at sk\u00e6re.<\/p>\n<\/li>\n<\/ol>\n<h2 style=\"text-align: center;\" data-start=\"1165\" data-end=\"1184\">Produktdetaljer \ud83d\udccf<\/h2>\n<ul data-start=\"1185\" data-end=\"1374\">\n<li data-start=\"1185\" data-end=\"1216\">\n<p data-start=\"1187\" data-end=\"1216\">Materiale: Anodiseret aluminium<\/p>\n<\/li>\n<li data-start=\"1217\" data-end=\"1257\">\n<p data-start=\"1219\" data-end=\"1257\">Vinkelomr\u00e5de: 0\u00b0-60\u00b0 (venstre og h\u00f8jre)<\/p>\n<\/li>\n<li data-start=\"1258\" data-end=\"1296\">\n<p data-start=\"1260\" data-end=\"1296\">Anl\u00e6gsl\u00e6ngde: 450 mm<\/p>\n<\/li>\n<li data-start=\"1297\" data-end=\"1346\">\n<p data-start=\"1299\" data-end=\"1346\">Meter\u00e5bning st\u00f8rrelse: 19 mm x 9,5 mm<\/p>\n<\/li>\n<li data-start=\"1347\" data-end=\"1374\">\n<p data-start=\"1349\" data-end=\"1374\">Monteringsskrue st\u00f8rrelse: M6<\/p>\n<\/li>\n<\/ul>\n<h2 style=\"text-align: center;\" data-start=\"1381\" data-end=\"1401\">Pakken Indeholder \ud83d\udce6<\/h2>\n<ul>\n<li data-start=\"53\" data-end=\"133\">1x vinkelstyringsv\u00e6rkt\u00f8j<\/li>\n<li data-start=\"53\" data-end=\"133\">1x lang styrestang\/skinne<\/li>\n<li data-start=\"53\" data-end=\"133\">2x unbrakon\u00f8gler<\/li>\n<li data-start=\"53\" data-end=\"133\">4x runde monteringsafstandsstykker\/skiver<\/li>\n<li data-start=\"53\" data-end=\"133\">4x monteringsskruer\/bolte.<\/li>\n<\/ul>\n","protected":false},"excerpt":{"rendered":"<p>\ud83d\udcd0Denne pr\u00e6cise geringsm\u00e5ler i aluminium hj\u00e6lper dig med at opn\u00e5 rene og pr\u00e6cise snit til tr\u00e6bearbejdnings- og snedkerprojekter.<br \/>\n\ud83e\udeb5Den har en tydeligt indgraveret vinkelskala og en stabil styreskinne i aluminium for bedre kontrol og n\u00f8jagtighed.<br \/>\n\ud83c\udfe0Perfekt til b\u00e5de begyndere og professionelle, der har brug for ensartede, gentagelige resultater i v\u00e6rkstedet.<\/p>\n","protected":false},"featured_media":23194,"comment_status":"open","ping_status":"closed","template":"","meta":{"site-sidebar-layout":"default","site-content-layout":"","ast-site-content-layout":"default","site-content-style":"default","site-sidebar-style":"default","ast-global-header-display":"","ast-banner-title-visibility":"","ast-main-header-display":"","ast-hfb-above-header-display":"","ast-hfb-below-header-display":"","ast-hfb-mobile-header-display":"","site-post-title":"","ast-breadcrumbs-content":"","ast-featured-img":"","footer-sml-layout":"","ast-disable-related-posts":"","theme-transparent-header-meta":"default","adv-header-id-meta":"","stick-header-meta":"","header-above-stick-meta":"","header-main-stick-meta":"","header-below-stick-meta":"","astra-migrate-meta-layouts":"set","ast-page-background-enabled":"default","ast-page-background-meta":{"desktop":{"background-color":"var(--ast-global-color-5)","background-image":"","background-repeat":"repeat","background-position":"center center","background-size":"auto","background-attachment":"scroll","background-type":"","background-media":"","overlay-type":"","overlay-color":"","overlay-opacity":"","overlay-gradient":""},"tablet":{"background-color":"","background-image":"","background-repeat":"repeat","background-position":"center center","background-size":"auto","background-attachment":"scroll","background-type":"","background-media":"","overlay-type":"","overlay-color":"","overlay-opacity":"","overlay-gradient":""},"mobile":{"background-color":"","background-image":"","background-repeat":"repeat","background-position":"center center","background-size":"auto","background-attachment":"scroll","background-type":"","background-media":"","overlay-type":"","overlay-color":"","overlay-opacity":"","overlay-gradient":""}},"ast-content-background-meta":{"desktop":{"background-color":"var(--ast-global-color-4)","background-image":"","background-repeat":"repeat","background-position":"center center","background-size":"auto","background-attachment":"scroll","background-type":"","background-media":"","overlay-type":"","overlay-color":"","overlay-opacity":"","overlay-gradient":""},"tablet":{"background-color":"var(--ast-global-color-4)","background-image":"","background-repeat":"repeat","background-position":"center center","background-size":"auto","background-attachment":"scroll","background-type":"","background-media":"","overlay-type":"","overlay-color":"","overlay-opacity":"","overlay-gradient":""},"mobile":{"background-color":"var(--ast-global-color-4)","background-image":"","background-repeat":"repeat","background-position":"center center","background-size":"auto","background-attachment":"scroll","background-type":"","background-media":"","overlay-type":"","overlay-color":"","overlay-opacity":"","overlay-gradient":""}}},"product_brand":[],"product_cat":[171],"product_tag":[],"class_list":{"0":"post-23198","1":"product","2":"type-product","3":"status-publish","4":"has-post-thumbnail","6":"product_cat-vaerktoejer","7":"desktop-align-left","8":"tablet-align-left","9":"mobile-align-left","11":"first","12":"instock","13":"shipping-taxable","14":"purchasable","15":"product-type-simple"},"yoast_head":"<!-- This site is optimized with the Yoast SEO plugin v27.4 - https:\/\/yoast.com\/product\/yoast-seo-wordpress\/ -->\n<title>Pr\u00e6cisionsskinne i aluminium - Mekulo DK<\/title>\n<meta name=\"robots\" content=\"index, follow, max-snippet:-1, max-image-preview:large, max-video-preview:-1\" \/>\n<link rel=\"canonical\" href=\"https:\/\/mekulo.com\/dk\/produkt\/praecisionsskinne-i-aluminium\/\" \/>\n<meta property=\"og:locale\" content=\"da_DK\" \/>\n<meta property=\"og:type\" content=\"article\" \/>\n<meta property=\"og:title\" content=\"Pr\u00e6cisionsskinne i aluminium - Mekulo DK\" \/>\n<meta property=\"og:description\" content=\"\ud83d\udcd0Denne pr\u00e6cise geringsm\u00e5ler i aluminium hj\u00e6lper dig med at opn\u00e5 rene og pr\u00e6cise snit til tr\u00e6bearbejdnings- og snedkerprojekter. \ud83e\udeb5Den har en tydeligt indgraveret vinkelskala og en stabil styreskinne i aluminium for bedre kontrol og n\u00f8jagtighed. \ud83c\udfe0Perfekt til b\u00e5de begyndere og professionelle, der har brug for ensartede, gentagelige resultater i v\u00e6rkstedet.\" \/>\n<meta property=\"og:url\" content=\"https:\/\/mekulo.com\/dk\/produkt\/praecisionsskinne-i-aluminium\/\" \/>\n<meta property=\"og:site_name\" content=\"Mekulo DK\" \/>\n<meta property=\"article:modified_time\" content=\"2026-03-02T12:58:59+00:00\" \/>\n<meta property=\"og:image\" content=\"https:\/\/mekulo.com\/dk\/wp-content\/uploads\/sites\/12\/2026\/02\/6f4uegx-1.jpg\" \/>\n\t<meta property=\"og:image:width\" content=\"1200\" \/>\n\t<meta property=\"og:image:height\" content=\"1200\" \/>\n\t<meta property=\"og:image:type\" content=\"image\/jpeg\" \/>\n<meta name=\"twitter:card\" content=\"summary_large_image\" \/>\n<meta name=\"twitter:label1\" content=\"Estimeret l\u00e6setid\" \/>\n\t<meta name=\"twitter:data1\" content=\"2 minutter\" \/>\n<script type=\"application\/ld+json\" class=\"yoast-schema-graph\">{\"@context\":\"https:\\\/\\\/schema.org\",\"@graph\":[{\"@type\":\"WebPage\",\"@id\":\"https:\\\/\\\/mekulo.com\\\/dk\\\/produkt\\\/praecisionsskinne-i-aluminium\\\/\",\"url\":\"https:\\\/\\\/mekulo.com\\\/dk\\\/produkt\\\/praecisionsskinne-i-aluminium\\\/\",\"name\":\"Pr\u00e6cisionsskinne i aluminium - Mekulo DK\",\"isPartOf\":{\"@id\":\"https:\\\/\\\/mekulo.com\\\/dk\\\/#website\"},\"primaryImageOfPage\":{\"@id\":\"https:\\\/\\\/mekulo.com\\\/dk\\\/produkt\\\/praecisionsskinne-i-aluminium\\\/#primaryimage\"},\"image\":{\"@id\":\"https:\\\/\\\/mekulo.com\\\/dk\\\/produkt\\\/praecisionsskinne-i-aluminium\\\/#primaryimage\"},\"thumbnailUrl\":\"https:\\\/\\\/mekulo.com\\\/dk\\\/wp-content\\\/uploads\\\/sites\\\/12\\\/2026\\\/02\\\/6f4uegx-1.jpg\",\"datePublished\":\"2026-02-09T16:50:24+00:00\",\"dateModified\":\"2026-03-02T12:58:59+00:00\",\"breadcrumb\":{\"@id\":\"https:\\\/\\\/mekulo.com\\\/dk\\\/produkt\\\/praecisionsskinne-i-aluminium\\\/#breadcrumb\"},\"inLanguage\":\"da-DK\",\"potentialAction\":[{\"@type\":\"ReadAction\",\"target\":[\"https:\\\/\\\/mekulo.com\\\/dk\\\/produkt\\\/praecisionsskinne-i-aluminium\\\/\"]}]},{\"@type\":\"ImageObject\",\"inLanguage\":\"da-DK\",\"@id\":\"https:\\\/\\\/mekulo.com\\\/dk\\\/produkt\\\/praecisionsskinne-i-aluminium\\\/#primaryimage\",\"url\":\"https:\\\/\\\/mekulo.com\\\/dk\\\/wp-content\\\/uploads\\\/sites\\\/12\\\/2026\\\/02\\\/6f4uegx-1.jpg\",\"contentUrl\":\"https:\\\/\\\/mekulo.com\\\/dk\\\/wp-content\\\/uploads\\\/sites\\\/12\\\/2026\\\/02\\\/6f4uegx-1.jpg\",\"width\":1200,\"height\":1200},{\"@type\":\"BreadcrumbList\",\"@id\":\"https:\\\/\\\/mekulo.com\\\/dk\\\/produkt\\\/praecisionsskinne-i-aluminium\\\/#breadcrumb\",\"itemListElement\":[{\"@type\":\"ListItem\",\"position\":1,\"name\":\"Home\",\"item\":\"https:\\\/\\\/mekulo.com\\\/dk\\\/\"},{\"@type\":\"ListItem\",\"position\":2,\"name\":\"Butik\",\"item\":\"https:\\\/\\\/mekulo.com\\\/dk\\\/butik\\\/\"},{\"@type\":\"ListItem\",\"position\":3,\"name\":\"Pr\u00e6cisionsskinne i aluminium\"}]},{\"@type\":\"WebSite\",\"@id\":\"https:\\\/\\\/mekulo.com\\\/dk\\\/#website\",\"url\":\"https:\\\/\\\/mekulo.com\\\/dk\\\/\",\"name\":\"Mekulo DK\",\"description\":\"\",\"publisher\":{\"@id\":\"https:\\\/\\\/mekulo.com\\\/dk\\\/#organization\"},\"potentialAction\":[{\"@type\":\"SearchAction\",\"target\":{\"@type\":\"EntryPoint\",\"urlTemplate\":\"https:\\\/\\\/mekulo.com\\\/dk\\\/?s={search_term_string}\"},\"query-input\":{\"@type\":\"PropertyValueSpecification\",\"valueRequired\":true,\"valueName\":\"search_term_string\"}}],\"inLanguage\":\"da-DK\"},{\"@type\":\"Organization\",\"@id\":\"https:\\\/\\\/mekulo.com\\\/dk\\\/#organization\",\"name\":\"Mekulo\",\"url\":\"https:\\\/\\\/mekulo.com\\\/dk\\\/\",\"logo\":{\"@type\":\"ImageObject\",\"inLanguage\":\"da-DK\",\"@id\":\"https:\\\/\\\/mekulo.com\\\/dk\\\/#\\\/schema\\\/logo\\\/image\\\/\",\"url\":\"https:\\\/\\\/mekulo.com\\\/dk\\\/wp-content\\\/uploads\\\/sites\\\/12\\\/2025\\\/12\\\/favicon_mekulo.png\",\"contentUrl\":\"https:\\\/\\\/mekulo.com\\\/dk\\\/wp-content\\\/uploads\\\/sites\\\/12\\\/2025\\\/12\\\/favicon_mekulo.png\",\"width\":50,\"height\":50,\"caption\":\"Mekulo\"},\"image\":{\"@id\":\"https:\\\/\\\/mekulo.com\\\/dk\\\/#\\\/schema\\\/logo\\\/image\\\/\"}}]}<\/script>\n<!-- \/ Yoast SEO plugin. -->","yoast_head_json":{"title":"Pr\u00e6cisionsskinne i aluminium - Mekulo DK","robots":{"index":"index","follow":"follow","max-snippet":"max-snippet:-1","max-image-preview":"max-image-preview:large","max-video-preview":"max-video-preview:-1"},"canonical":"https:\/\/mekulo.com\/dk\/produkt\/praecisionsskinne-i-aluminium\/","og_locale":"da_DK","og_type":"article","og_title":"Pr\u00e6cisionsskinne i aluminium - Mekulo DK","og_description":"\ud83d\udcd0Denne pr\u00e6cise geringsm\u00e5ler i aluminium hj\u00e6lper dig med at opn\u00e5 rene og pr\u00e6cise snit til tr\u00e6bearbejdnings- og snedkerprojekter. \ud83e\udeb5Den har en tydeligt indgraveret vinkelskala og en stabil styreskinne i aluminium for bedre kontrol og n\u00f8jagtighed. \ud83c\udfe0Perfekt til b\u00e5de begyndere og professionelle, der har brug for ensartede, gentagelige resultater i v\u00e6rkstedet.","og_url":"https:\/\/mekulo.com\/dk\/produkt\/praecisionsskinne-i-aluminium\/","og_site_name":"Mekulo DK","article_modified_time":"2026-03-02T12:58:59+00:00","og_image":[{"width":1200,"height":1200,"url":"https:\/\/mekulo.com\/dk\/wp-content\/uploads\/sites\/12\/2026\/02\/6f4uegx-1.jpg","type":"image\/jpeg"}],"twitter_card":"summary_large_image","twitter_misc":{"Estimeret l\u00e6setid":"2 minutter"},"schema":{"@context":"https:\/\/schema.org","@graph":[{"@type":"WebPage","@id":"https:\/\/mekulo.com\/dk\/produkt\/praecisionsskinne-i-aluminium\/","url":"https:\/\/mekulo.com\/dk\/produkt\/praecisionsskinne-i-aluminium\/","name":"Pr\u00e6cisionsskinne i aluminium - Mekulo DK","isPartOf":{"@id":"https:\/\/mekulo.com\/dk\/#website"},"primaryImageOfPage":{"@id":"https:\/\/mekulo.com\/dk\/produkt\/praecisionsskinne-i-aluminium\/#primaryimage"},"image":{"@id":"https:\/\/mekulo.com\/dk\/produkt\/praecisionsskinne-i-aluminium\/#primaryimage"},"thumbnailUrl":"https:\/\/mekulo.com\/dk\/wp-content\/uploads\/sites\/12\/2026\/02\/6f4uegx-1.jpg","datePublished":"2026-02-09T16:50:24+00:00","dateModified":"2026-03-02T12:58:59+00:00","breadcrumb":{"@id":"https:\/\/mekulo.com\/dk\/produkt\/praecisionsskinne-i-aluminium\/#breadcrumb"},"inLanguage":"da-DK","potentialAction":[{"@type":"ReadAction","target":["https:\/\/mekulo.com\/dk\/produkt\/praecisionsskinne-i-aluminium\/"]}]},{"@type":"ImageObject","inLanguage":"da-DK","@id":"https:\/\/mekulo.com\/dk\/produkt\/praecisionsskinne-i-aluminium\/#primaryimage","url":"https:\/\/mekulo.com\/dk\/wp-content\/uploads\/sites\/12\/2026\/02\/6f4uegx-1.jpg","contentUrl":"https:\/\/mekulo.com\/dk\/wp-content\/uploads\/sites\/12\/2026\/02\/6f4uegx-1.jpg","width":1200,"height":1200},{"@type":"BreadcrumbList","@id":"https:\/\/mekulo.com\/dk\/produkt\/praecisionsskinne-i-aluminium\/#breadcrumb","itemListElement":[{"@type":"ListItem","position":1,"name":"Home","item":"https:\/\/mekulo.com\/dk\/"},{"@type":"ListItem","position":2,"name":"Butik","item":"https:\/\/mekulo.com\/dk\/butik\/"},{"@type":"ListItem","position":3,"name":"Pr\u00e6cisionsskinne i aluminium"}]},{"@type":"WebSite","@id":"https:\/\/mekulo.com\/dk\/#website","url":"https:\/\/mekulo.com\/dk\/","name":"Mekulo DK","description":"","publisher":{"@id":"https:\/\/mekulo.com\/dk\/#organization"},"potentialAction":[{"@type":"SearchAction","target":{"@type":"EntryPoint","urlTemplate":"https:\/\/mekulo.com\/dk\/?s={search_term_string}"},"query-input":{"@type":"PropertyValueSpecification","valueRequired":true,"valueName":"search_term_string"}}],"inLanguage":"da-DK"},{"@type":"Organization","@id":"https:\/\/mekulo.com\/dk\/#organization","name":"Mekulo","url":"https:\/\/mekulo.com\/dk\/","logo":{"@type":"ImageObject","inLanguage":"da-DK","@id":"https:\/\/mekulo.com\/dk\/#\/schema\/logo\/image\/","url":"https:\/\/mekulo.com\/dk\/wp-content\/uploads\/sites\/12\/2025\/12\/favicon_mekulo.png","contentUrl":"https:\/\/mekulo.com\/dk\/wp-content\/uploads\/sites\/12\/2025\/12\/favicon_mekulo.png","width":50,"height":50,"caption":"Mekulo"},"image":{"@id":"https:\/\/mekulo.com\/dk\/#\/schema\/logo\/image\/"}}]}},"_links":{"self":[{"href":"https:\/\/mekulo.com\/dk\/wp-json\/wp\/v2\/product\/23198","targetHints":{"allow":["GET"]}}],"collection":[{"href":"https:\/\/mekulo.com\/dk\/wp-json\/wp\/v2\/product"}],"about":[{"href":"https:\/\/mekulo.com\/dk\/wp-json\/wp\/v2\/types\/product"}],"replies":[{"embeddable":true,"href":"https:\/\/mekulo.com\/dk\/wp-json\/wp\/v2\/comments?post=23198"}],"wp:featuredmedia":[{"embeddable":true,"href":"https:\/\/mekulo.com\/dk\/wp-json\/wp\/v2\/media\/23194"}],"wp:attachment":[{"href":"https:\/\/mekulo.com\/dk\/wp-json\/wp\/v2\/media?parent=23198"}],"wp:term":[{"taxonomy":"product_brand","embeddable":true,"href":"https:\/\/mekulo.com\/dk\/wp-json\/wp\/v2\/product_brand?post=23198"},{"taxonomy":"product_cat","embeddable":true,"href":"https:\/\/mekulo.com\/dk\/wp-json\/wp\/v2\/product_cat?post=23198"},{"taxonomy":"product_tag","embeddable":true,"href":"https:\/\/mekulo.com\/dk\/wp-json\/wp\/v2\/product_tag?post=23198"}],"curies":[{"name":"wp","href":"https:\/\/api.w.org\/{rel}","templated":true}]}}