{"id":23166,"date":"2026-02-09T18:46:04","date_gmt":"2026-02-09T16:46:04","guid":{"rendered":"https:\/\/mekulo.com\/dk\/produkt\/haandholdt-skumsproejte\/"},"modified":"2026-03-02T12:30:04","modified_gmt":"2026-03-02T10:30:04","slug":"haandholdt-skumsproejte","status":"publish","type":"product","link":"https:\/\/mekulo.com\/dk\/produkt\/haandholdt-skumsproejte\/","title":{"rendered":"H\u00e5ndholdt skumspr\u00f8jte"},"content":{"rendered":"<p style=\"text-align: center\" data-start=\"27\" data-end=\"105\"><strong data-start=\"27\" data-end=\"105\">Skab Nemt Tykt, Kraftigt Skum Til Hurtigere Og Mere Effektiv Reng\u00f8ring. \ud83e\udee7<\/strong><\/p>\n<p data-start=\"27\" data-end=\"105\"><img fetchpriority=\"high\" decoding=\"async\" class=\"size-full wp-image-24342 aligncenter\" src=\"https:\/\/mekulo.com\/template\/wp-content\/uploads\/sites\/6\/2026\/02\/FOAMBLISS19704__b62251af.jpg\" alt=\"\" width=\"600\" height=\"600\" \/><\/p>\n<h2 style=\"text-align: center\" data-start=\"475\" data-end=\"492\">Main Benefits \ud83e\uddfc<\/h2>\n<p data-start=\"493\" data-end=\"935\">\ud83e\uddfc Tyk skumproduktion &#8211; Kl\u00e6ber til overflader for dyb og effektiv reng\u00f8ring.<\/p>\n<p data-start=\"493\" data-end=\"935\">\ud83d\udebf 2-i-1-dyse &#8211; Skift nemt mellem skum- og spr\u00f8jtetilstand.<\/p>\n<p data-start=\"493\" data-end=\"935\">\ud83d\udc4c Enkel trykbetjening &#8211; Pump og spr\u00f8jt uden anstrengelse.<\/p>\n<p data-start=\"493\" data-end=\"935\">\ud83d\udca7 Stor kapacitet p\u00e5 2 L &#8211; Reng\u00f8r eller vand l\u00e6ngere uden genopfyldning.<\/p>\n<p data-start=\"493\" data-end=\"935\">\ud83c\udf3f Multifunktionel brug &#8211; Ideel til bilvask, plantevanding og reng\u00f8ring i hjemmet.<\/p>\n<p data-start=\"493\" data-end=\"935\">\ud83d\udee0\ufe0f Holdbart materiale &#8211; Fremstillet af PP af h\u00f8j kvalitet til langvarig brug.<\/p>\n<p data-start=\"493\" data-end=\"935\"><img decoding=\"async\" class=\"size-full wp-image-24346 aligncenter\" src=\"https:\/\/mekulo.com\/template\/wp-content\/uploads\/sites\/6\/2026\/02\/FOAMBLISS12635__a898d370.jpg\" alt=\"\" width=\"600\" height=\"600\" \/><\/p>\n<h2 style=\"text-align: center\" data-start=\"942\" data-end=\"956\">How to Use \ud83d\udccc<\/h2>\n<ol data-start=\"957\" data-end=\"1204\">\n<li data-start=\"957\" data-end=\"1033\">\n<p data-start=\"960\" data-end=\"1033\">\u00c5bn flasken, og fyld den med vand og reng\u00f8ringsmiddel, hvis det er n\u00f8dvendigt.<\/p>\n<\/li>\n<li data-start=\"1034\" data-end=\"1099\">\n<p data-start=\"1037\" data-end=\"1099\">Luk l\u00e5get t\u00e6t, og pump h\u00e5ndtaget for at opbygge tryk.<\/p>\n<\/li>\n<li data-start=\"1100\" data-end=\"1148\">\n<p data-start=\"1103\" data-end=\"1148\">V\u00e6lg skum- eller spraytilstand ved hj\u00e6lp af dysen.<\/p>\n<\/li>\n<li data-start=\"1149\" data-end=\"1204\">\n<p data-start=\"1152\" data-end=\"1204\">Tryk p\u00e5 aftr\u00e6kkeren, og p\u00e5f\u00f8r j\u00e6vnt p\u00e5 overfladen.<\/p>\n<\/li>\n<\/ol>\n<h2 style=\"text-align: center\" data-start=\"1211\" data-end=\"1230\">Product Details \ud83d\udccf<\/h2>\n<ul data-start=\"1231\" data-end=\"1412\">\n<li data-start=\"1231\" data-end=\"1260\">\n<p data-start=\"1233\" data-end=\"1260\">Materiale: PP \/ PE-plast<\/p>\n<\/li>\n<li data-start=\"1261\" data-end=\"1277\">\n<p data-start=\"1263\" data-end=\"1277\">Kapacitet: 2 L<\/p>\n<\/li>\n<li data-start=\"1278\" data-end=\"1300\">\n<p data-start=\"1280\" data-end=\"1300\">St\u00f8rrelse: 33 x 12,5 cm<\/p>\n<\/li>\n<li data-start=\"1301\" data-end=\"1318\">\n<p data-start=\"1303\" data-end=\"1318\">V\u00e6gt: 400 g<\/p>\n<\/li>\n<li data-start=\"1319\" data-end=\"1351\">\n<p data-start=\"1321\" data-end=\"1351\">Betjening: Trykbetjent<\/p>\n<\/li>\n<li data-start=\"1352\" data-end=\"1412\">\n<p data-start=\"1354\" data-end=\"1412\">Funktioner: Bilvask, plantevanding, generel reng\u00f8ring<\/p>\n<\/li>\n<\/ul>\n<h2 style=\"text-align: center\" data-start=\"1419\" data-end=\"1439\">Package Includes \ud83d\udce6<\/h2>\n<ul data-start=\"1440\" data-end=\"1469\">\n<li data-start=\"1440\" data-end=\"1469\">\n<p data-start=\"1442\" data-end=\"1469\">1x h\u00e5ndholdt skumspr\u00f8jte.<\/p>\n<\/li>\n<\/ul>\n","protected":false},"excerpt":{"rendered":"<p>\ud83e\uddfcDenne h\u00e5ndholdte skumspr\u00f8jte leverer fyldigt, t\u00e6t skum, der kl\u00e6ber til overflader, hvilket g\u00f8r reng\u00f8ringen hurtigere og mere effektiv.<br \/>\n\ud83e\udee7Den er trykdrevet og nem at bruge, kr\u00e6ver ingen elektricitet eller slanger, hvilket g\u00f8r den perfekt til opgaver i hjemmet og udend\u00f8rs.<br \/>\n\ud83d\udca7Med sin store kapacitet og justerbare dyse sparer den tid og giver dig fuld kontrol over hvert eneste spr\u00f8jt.<\/p>\n","protected":false},"featured_media":23162,"comment_status":"open","ping_status":"closed","template":"","meta":{"site-sidebar-layout":"default","site-content-layout":"","ast-site-content-layout":"default","site-content-style":"default","site-sidebar-style":"default","ast-global-header-display":"","ast-banner-title-visibility":"","ast-main-header-display":"","ast-hfb-above-header-display":"","ast-hfb-below-header-display":"","ast-hfb-mobile-header-display":"","site-post-title":"","ast-breadcrumbs-content":"","ast-featured-img":"","footer-sml-layout":"","theme-transparent-header-meta":"default","adv-header-id-meta":"","stick-header-meta":"","header-above-stick-meta":"","header-main-stick-meta":"","header-below-stick-meta":"","astra-migrate-meta-layouts":"set","ast-page-background-enabled":"default","ast-page-background-meta":{"desktop":{"background-color":"var(--ast-global-color-5)","background-image":"","background-repeat":"repeat","background-position":"center center","background-size":"auto","background-attachment":"scroll","background-type":"","background-media":"","overlay-type":"","overlay-color":"","overlay-opacity":"","overlay-gradient":""},"tablet":{"background-color":"","background-image":"","background-repeat":"repeat","background-position":"center center","background-size":"auto","background-attachment":"scroll","background-type":"","background-media":"","overlay-type":"","overlay-color":"","overlay-opacity":"","overlay-gradient":""},"mobile":{"background-color":"","background-image":"","background-repeat":"repeat","background-position":"center center","background-size":"auto","background-attachment":"scroll","background-type":"","background-media":"","overlay-type":"","overlay-color":"","overlay-opacity":"","overlay-gradient":""}},"ast-content-background-meta":{"desktop":{"background-color":"var(--ast-global-color-4)","background-image":"","background-repeat":"repeat","background-position":"center center","background-size":"auto","background-attachment":"scroll","background-type":"","background-media":"","overlay-type":"","overlay-color":"","overlay-opacity":"","overlay-gradient":""},"tablet":{"background-color":"var(--ast-global-color-4)","background-image":"","background-repeat":"repeat","background-position":"center center","background-size":"auto","background-attachment":"scroll","background-type":"","background-media":"","overlay-type":"","overlay-color":"","overlay-opacity":"","overlay-gradient":""},"mobile":{"background-color":"var(--ast-global-color-4)","background-image":"","background-repeat":"repeat","background-position":"center center","background-size":"auto","background-attachment":"scroll","background-type":"","background-media":"","overlay-type":"","overlay-color":"","overlay-opacity":"","overlay-gradient":""}}},"product_brand":[],"product_cat":[161,168],"product_tag":[],"class_list":{"0":"post-23166","1":"product","2":"type-product","3":"status-publish","4":"has-post-thumbnail","6":"product_cat-bilprodukter","7":"product_cat-husholdningsartikler","8":"pa_57277_hoh2ukuu-hvid","9":"pa_57277_hoh2ukuu-sort","10":"desktop-align-left","11":"tablet-align-left","12":"mobile-align-left","14":"first","15":"instock","16":"shipping-taxable","17":"purchasable","18":"product-type-variable"},"yoast_head":"<!-- This site is optimized with the Yoast SEO plugin v26.6 - https:\/\/yoast.com\/wordpress\/plugins\/seo\/ -->\n<title>H\u00e5ndholdt skumspr\u00f8jte - Mekulo DK<\/title>\n<meta name=\"robots\" content=\"index, follow, max-snippet:-1, max-image-preview:large, max-video-preview:-1\" \/>\n<link rel=\"canonical\" href=\"https:\/\/mekulo.com\/dk\/produkt\/haandholdt-skumsproejte\/\" \/>\n<meta property=\"og:locale\" content=\"da_DK\" \/>\n<meta property=\"og:type\" content=\"article\" \/>\n<meta property=\"og:title\" content=\"H\u00e5ndholdt skumspr\u00f8jte - Mekulo DK\" \/>\n<meta property=\"og:description\" content=\"\ud83e\uddfcDenne h\u00e5ndholdte skumspr\u00f8jte leverer fyldigt, t\u00e6t skum, der kl\u00e6ber til overflader, hvilket g\u00f8r reng\u00f8ringen hurtigere og mere effektiv. \ud83e\udee7Den er trykdrevet og nem at bruge, kr\u00e6ver ingen elektricitet eller slanger, hvilket g\u00f8r den perfekt til opgaver i hjemmet og udend\u00f8rs. \ud83d\udca7Med sin store kapacitet og justerbare dyse sparer den tid og giver dig fuld kontrol over hvert eneste spr\u00f8jt.\" \/>\n<meta property=\"og:url\" content=\"https:\/\/mekulo.com\/dk\/produkt\/haandholdt-skumsproejte\/\" \/>\n<meta property=\"og:site_name\" content=\"Mekulo DK\" \/>\n<meta property=\"article:modified_time\" content=\"2026-03-02T10:30:04+00:00\" \/>\n<meta property=\"og:image\" content=\"https:\/\/mekulo.com\/dk\/wp-content\/uploads\/sites\/12\/2026\/02\/x8qcf35-1.jpg\" \/>\n\t<meta property=\"og:image:width\" content=\"600\" \/>\n\t<meta property=\"og:image:height\" content=\"600\" \/>\n\t<meta property=\"og:image:type\" content=\"image\/jpeg\" \/>\n<meta name=\"twitter:card\" content=\"summary_large_image\" \/>\n<meta name=\"twitter:label1\" content=\"Estimeret l\u00e6setid\" \/>\n\t<meta name=\"twitter:data1\" content=\"2 minutter\" \/>\n<script type=\"application\/ld+json\" class=\"yoast-schema-graph\">{\"@context\":\"https:\/\/schema.org\",\"@graph\":[{\"@type\":\"WebPage\",\"@id\":\"https:\/\/mekulo.com\/dk\/produkt\/haandholdt-skumsproejte\/\",\"url\":\"https:\/\/mekulo.com\/dk\/produkt\/haandholdt-skumsproejte\/\",\"name\":\"H\u00e5ndholdt skumspr\u00f8jte - Mekulo DK\",\"isPartOf\":{\"@id\":\"https:\/\/mekulo.com\/dk\/#website\"},\"primaryImageOfPage\":{\"@id\":\"https:\/\/mekulo.com\/dk\/produkt\/haandholdt-skumsproejte\/#primaryimage\"},\"image\":{\"@id\":\"https:\/\/mekulo.com\/dk\/produkt\/haandholdt-skumsproejte\/#primaryimage\"},\"thumbnailUrl\":\"https:\/\/mekulo.com\/dk\/wp-content\/uploads\/sites\/12\/2026\/02\/x8qcf35-1.jpg\",\"datePublished\":\"2026-02-09T16:46:04+00:00\",\"dateModified\":\"2026-03-02T10:30:04+00:00\",\"breadcrumb\":{\"@id\":\"https:\/\/mekulo.com\/dk\/produkt\/haandholdt-skumsproejte\/#breadcrumb\"},\"inLanguage\":\"da-DK\",\"potentialAction\":[{\"@type\":\"ReadAction\",\"target\":[\"https:\/\/mekulo.com\/dk\/produkt\/haandholdt-skumsproejte\/\"]}]},{\"@type\":\"ImageObject\",\"inLanguage\":\"da-DK\",\"@id\":\"https:\/\/mekulo.com\/dk\/produkt\/haandholdt-skumsproejte\/#primaryimage\",\"url\":\"https:\/\/mekulo.com\/dk\/wp-content\/uploads\/sites\/12\/2026\/02\/x8qcf35-1.jpg\",\"contentUrl\":\"https:\/\/mekulo.com\/dk\/wp-content\/uploads\/sites\/12\/2026\/02\/x8qcf35-1.jpg\",\"width\":600,\"height\":600},{\"@type\":\"BreadcrumbList\",\"@id\":\"https:\/\/mekulo.com\/dk\/produkt\/haandholdt-skumsproejte\/#breadcrumb\",\"itemListElement\":[{\"@type\":\"ListItem\",\"position\":1,\"name\":\"Home\",\"item\":\"https:\/\/mekulo.com\/dk\/\"},{\"@type\":\"ListItem\",\"position\":2,\"name\":\"Butik\",\"item\":\"https:\/\/mekulo.com\/dk\/butik\/\"},{\"@type\":\"ListItem\",\"position\":3,\"name\":\"H\u00e5ndholdt skumspr\u00f8jte\"}]},{\"@type\":\"WebSite\",\"@id\":\"https:\/\/mekulo.com\/dk\/#website\",\"url\":\"https:\/\/mekulo.com\/dk\/\",\"name\":\"Mekulo DK\",\"description\":\"\",\"publisher\":{\"@id\":\"https:\/\/mekulo.com\/dk\/#organization\"},\"potentialAction\":[{\"@type\":\"SearchAction\",\"target\":{\"@type\":\"EntryPoint\",\"urlTemplate\":\"https:\/\/mekulo.com\/dk\/?s={search_term_string}\"},\"query-input\":{\"@type\":\"PropertyValueSpecification\",\"valueRequired\":true,\"valueName\":\"search_term_string\"}}],\"inLanguage\":\"da-DK\"},{\"@type\":\"Organization\",\"@id\":\"https:\/\/mekulo.com\/dk\/#organization\",\"name\":\"Mekulo\",\"url\":\"https:\/\/mekulo.com\/dk\/\",\"logo\":{\"@type\":\"ImageObject\",\"inLanguage\":\"da-DK\",\"@id\":\"https:\/\/mekulo.com\/dk\/#\/schema\/logo\/image\/\",\"url\":\"https:\/\/mekulo.com\/dk\/wp-content\/uploads\/sites\/12\/2025\/12\/favicon_mekulo.png\",\"contentUrl\":\"https:\/\/mekulo.com\/dk\/wp-content\/uploads\/sites\/12\/2025\/12\/favicon_mekulo.png\",\"width\":50,\"height\":50,\"caption\":\"Mekulo\"},\"image\":{\"@id\":\"https:\/\/mekulo.com\/dk\/#\/schema\/logo\/image\/\"}}]}<\/script>\n<!-- \/ Yoast SEO plugin. -->","yoast_head_json":{"title":"H\u00e5ndholdt skumspr\u00f8jte - Mekulo DK","robots":{"index":"index","follow":"follow","max-snippet":"max-snippet:-1","max-image-preview":"max-image-preview:large","max-video-preview":"max-video-preview:-1"},"canonical":"https:\/\/mekulo.com\/dk\/produkt\/haandholdt-skumsproejte\/","og_locale":"da_DK","og_type":"article","og_title":"H\u00e5ndholdt skumspr\u00f8jte - Mekulo DK","og_description":"\ud83e\uddfcDenne h\u00e5ndholdte skumspr\u00f8jte leverer fyldigt, t\u00e6t skum, der kl\u00e6ber til overflader, hvilket g\u00f8r reng\u00f8ringen hurtigere og mere effektiv. \ud83e\udee7Den er trykdrevet og nem at bruge, kr\u00e6ver ingen elektricitet eller slanger, hvilket g\u00f8r den perfekt til opgaver i hjemmet og udend\u00f8rs. \ud83d\udca7Med sin store kapacitet og justerbare dyse sparer den tid og giver dig fuld kontrol over hvert eneste spr\u00f8jt.","og_url":"https:\/\/mekulo.com\/dk\/produkt\/haandholdt-skumsproejte\/","og_site_name":"Mekulo DK","article_modified_time":"2026-03-02T10:30:04+00:00","og_image":[{"width":600,"height":600,"url":"https:\/\/mekulo.com\/dk\/wp-content\/uploads\/sites\/12\/2026\/02\/x8qcf35-1.jpg","type":"image\/jpeg"}],"twitter_card":"summary_large_image","twitter_misc":{"Estimeret l\u00e6setid":"2 minutter"},"schema":{"@context":"https:\/\/schema.org","@graph":[{"@type":"WebPage","@id":"https:\/\/mekulo.com\/dk\/produkt\/haandholdt-skumsproejte\/","url":"https:\/\/mekulo.com\/dk\/produkt\/haandholdt-skumsproejte\/","name":"H\u00e5ndholdt skumspr\u00f8jte - Mekulo DK","isPartOf":{"@id":"https:\/\/mekulo.com\/dk\/#website"},"primaryImageOfPage":{"@id":"https:\/\/mekulo.com\/dk\/produkt\/haandholdt-skumsproejte\/#primaryimage"},"image":{"@id":"https:\/\/mekulo.com\/dk\/produkt\/haandholdt-skumsproejte\/#primaryimage"},"thumbnailUrl":"https:\/\/mekulo.com\/dk\/wp-content\/uploads\/sites\/12\/2026\/02\/x8qcf35-1.jpg","datePublished":"2026-02-09T16:46:04+00:00","dateModified":"2026-03-02T10:30:04+00:00","breadcrumb":{"@id":"https:\/\/mekulo.com\/dk\/produkt\/haandholdt-skumsproejte\/#breadcrumb"},"inLanguage":"da-DK","potentialAction":[{"@type":"ReadAction","target":["https:\/\/mekulo.com\/dk\/produkt\/haandholdt-skumsproejte\/"]}]},{"@type":"ImageObject","inLanguage":"da-DK","@id":"https:\/\/mekulo.com\/dk\/produkt\/haandholdt-skumsproejte\/#primaryimage","url":"https:\/\/mekulo.com\/dk\/wp-content\/uploads\/sites\/12\/2026\/02\/x8qcf35-1.jpg","contentUrl":"https:\/\/mekulo.com\/dk\/wp-content\/uploads\/sites\/12\/2026\/02\/x8qcf35-1.jpg","width":600,"height":600},{"@type":"BreadcrumbList","@id":"https:\/\/mekulo.com\/dk\/produkt\/haandholdt-skumsproejte\/#breadcrumb","itemListElement":[{"@type":"ListItem","position":1,"name":"Home","item":"https:\/\/mekulo.com\/dk\/"},{"@type":"ListItem","position":2,"name":"Butik","item":"https:\/\/mekulo.com\/dk\/butik\/"},{"@type":"ListItem","position":3,"name":"H\u00e5ndholdt skumspr\u00f8jte"}]},{"@type":"WebSite","@id":"https:\/\/mekulo.com\/dk\/#website","url":"https:\/\/mekulo.com\/dk\/","name":"Mekulo DK","description":"","publisher":{"@id":"https:\/\/mekulo.com\/dk\/#organization"},"potentialAction":[{"@type":"SearchAction","target":{"@type":"EntryPoint","urlTemplate":"https:\/\/mekulo.com\/dk\/?s={search_term_string}"},"query-input":{"@type":"PropertyValueSpecification","valueRequired":true,"valueName":"search_term_string"}}],"inLanguage":"da-DK"},{"@type":"Organization","@id":"https:\/\/mekulo.com\/dk\/#organization","name":"Mekulo","url":"https:\/\/mekulo.com\/dk\/","logo":{"@type":"ImageObject","inLanguage":"da-DK","@id":"https:\/\/mekulo.com\/dk\/#\/schema\/logo\/image\/","url":"https:\/\/mekulo.com\/dk\/wp-content\/uploads\/sites\/12\/2025\/12\/favicon_mekulo.png","contentUrl":"https:\/\/mekulo.com\/dk\/wp-content\/uploads\/sites\/12\/2025\/12\/favicon_mekulo.png","width":50,"height":50,"caption":"Mekulo"},"image":{"@id":"https:\/\/mekulo.com\/dk\/#\/schema\/logo\/image\/"}}]}},"_links":{"self":[{"href":"https:\/\/mekulo.com\/dk\/wp-json\/wp\/v2\/product\/23166","targetHints":{"allow":["GET"]}}],"collection":[{"href":"https:\/\/mekulo.com\/dk\/wp-json\/wp\/v2\/product"}],"about":[{"href":"https:\/\/mekulo.com\/dk\/wp-json\/wp\/v2\/types\/product"}],"replies":[{"embeddable":true,"href":"https:\/\/mekulo.com\/dk\/wp-json\/wp\/v2\/comments?post=23166"}],"wp:featuredmedia":[{"embeddable":true,"href":"https:\/\/mekulo.com\/dk\/wp-json\/wp\/v2\/media\/23162"}],"wp:attachment":[{"href":"https:\/\/mekulo.com\/dk\/wp-json\/wp\/v2\/media?parent=23166"}],"wp:term":[{"taxonomy":"product_brand","embeddable":true,"href":"https:\/\/mekulo.com\/dk\/wp-json\/wp\/v2\/product_brand?post=23166"},{"taxonomy":"product_cat","embeddable":true,"href":"https:\/\/mekulo.com\/dk\/wp-json\/wp\/v2\/product_cat?post=23166"},{"taxonomy":"product_tag","embeddable":true,"href":"https:\/\/mekulo.com\/dk\/wp-json\/wp\/v2\/product_tag?post=23166"}],"curies":[{"name":"wp","href":"https:\/\/api.w.org\/{rel}","templated":true}]}}