{"id":23085,"date":"2026-02-09T18:29:39","date_gmt":"2026-02-09T16:29:39","guid":{"rendered":"https:\/\/mekulo.com\/dk\/produkt\/vinkelsliberskive-til-trae\/"},"modified":"2026-02-09T18:30:38","modified_gmt":"2026-02-09T16:30:38","slug":"vinkelsliberskive-til-trae","status":"publish","type":"product","link":"https:\/\/mekulo.com\/dk\/produkt\/vinkelsliberskive-til-trae\/","title":{"rendered":"Vinkelsliberskive til tr\u00e6"},"content":{"rendered":"<div class=\"flex max-w-full flex-col grow\">\n<div class=\"min-h-8 text-message relative flex w-full flex-col items-end gap-2 text-start break-words whitespace-normal [.text-message+&amp;]:mt-1\" dir=\"auto\" data-message-author-role=\"assistant\" data-message-id=\"9754ff08-3fb5-4ea4-bb49-b281ad56f59e\" data-message-model-slug=\"gpt-5-2\">\n<div class=\"flex w-full flex-col gap-1 empty:hidden first:pt-[1px]\">\n<div class=\"markdown prose dark:prose-invert w-full wrap-break-word light markdown-new-styling\">\n<p style=\"text-align: center\" data-start=\"0\" data-end=\"82\"><strong data-start=\"0\" data-end=\"82\">Form, Udsk\u00e6r Og Glat Tr\u00e6 Hurtigt Med Kraftig Og Pr\u00e6cis Materialefjernelse. \ud83e\udeb5<\/strong><\/p>\n<p data-start=\"0\" data-end=\"82\"><img fetchpriority=\"high\" decoding=\"async\" class=\"size-full wp-image-23819 aligncenter\" src=\"https:\/\/mekulo.com\/template\/wp-content\/uploads\/sites\/6\/2026\/02\/fcf18fdba88653c19b3f6528a67d795b5fdc1eb9-800.jpg\" alt=\"\" width=\"1080\" height=\"1080\" \/><\/p>\n<h2 style=\"text-align: center\" data-start=\"380\" data-end=\"397\"><strong>Main Benefits \u26a1<\/strong><\/h2>\n<p data-start=\"400\" data-end=\"453\">\u26a1 Hurtig materialefjernelse &#8211; sparer tid og kr\u00e6fter.<\/p>\n<p data-start=\"456\" data-end=\"520\">\ud83e\udeb5 Perfekt til kurver &#8211; ideel til konkave og konvekse omr\u00e5der.<\/p>\n<p data-start=\"523\" data-end=\"591\">\ud83d\udd29 St\u00e6rkt og holdbart st\u00e5l &#8211; modst\u00e5r brud og deformation.<\/p>\n<p data-start=\"594\" data-end=\"657\">\ud83e\uddb7 Skarpe, kontinuerlige t\u00e6nder &#8211; j\u00e6vn og effektiv slibning.<\/p>\n<p data-start=\"660\" data-end=\"728\">\ud83d\udee0\ufe0f Bred anvendelse &#8211; udsk\u00e6ring, trimning, afgratning, polering.<\/p>\n<p data-start=\"660\" data-end=\"728\"><img decoding=\"async\" class=\"size-full wp-image-23821 aligncenter\" src=\"https:\/\/mekulo.com\/template\/wp-content\/uploads\/sites\/6\/2026\/02\/83c5c312e552779afaee418141afe9cfdbc7a5fa-800.avif\" alt=\"\" \/><\/p>\n<h2 style=\"text-align: center\" data-start=\"730\" data-end=\"744\"><strong>How To Use \ud83d\udccc<\/strong><\/h2>\n<ol data-start=\"745\" data-end=\"985\">\n<li data-start=\"745\" data-end=\"789\">\n<p data-start=\"748\" data-end=\"789\">Sluk og tag stikket ud af din vinkelsliber.<\/p>\n<\/li>\n<li data-start=\"790\" data-end=\"838\">\n<p data-start=\"793\" data-end=\"838\">Monter skiven sikkert p\u00e5 kv\u00e6rnen.<\/p>\n<\/li>\n<li data-start=\"839\" data-end=\"886\">\n<p data-start=\"842\" data-end=\"886\">Sp\u00e6nd den i henhold til kv\u00e6rnens instruktioner.<\/p>\n<\/li>\n<li data-start=\"887\" data-end=\"945\">\n<p data-start=\"890\" data-end=\"945\">T\u00e6nd for kv\u00e6rnen og anvend et let, stabilt tryk.<\/p>\n<\/li>\n<li data-start=\"946\" data-end=\"985\">\n<p data-start=\"949\" data-end=\"985\">Form eller slib tr\u00e6et efter behov.<\/p>\n<\/li>\n<\/ol>\n<h2 style=\"text-align: center\" data-start=\"987\" data-end=\"1006\"><strong>Product Details \ud83d\udccf<\/strong><\/h2>\n<ul data-start=\"1007\" data-end=\"1236\">\n<li data-start=\"1007\" data-end=\"1038\">\n<p data-start=\"1009\" data-end=\"1038\">Materiale: St\u00e5l med h\u00f8jt kulstofindhold<\/p>\n<\/li>\n<li data-start=\"1080\" data-end=\"1105\">\n<p data-start=\"1082\" data-end=\"1105\">Ydre diameter: 75 mm<\/p>\n<\/li>\n<li data-start=\"1106\" data-end=\"1136\">\n<p data-start=\"1108\" data-end=\"1136\">Indre boringsdiameter: 16 mm, 22 mm<\/p>\n<\/li>\n<li data-start=\"1137\" data-end=\"1157\">\n<p data-start=\"1139\" data-end=\"1157\">Tykkelse: 20 mm<\/p>\n<\/li>\n<li data-start=\"1158\" data-end=\"1183\">\n<p data-start=\"1160\" data-end=\"1183\">Pakkev\u00e6gt: 232 g<\/p>\n<\/li>\n<li data-start=\"1184\" data-end=\"1236\">\n<p data-start=\"1186\" data-end=\"1236\">Velegnet til: Tr\u00e6 og andre ikke-metalliske materialer<\/p>\n<\/li>\n<\/ul>\n<h2 style=\"text-align: center\" data-start=\"1238\" data-end=\"1258\"><strong>Package Includes \ud83d\udce6<\/strong><\/h2>\n<ul data-start=\"1259\" data-end=\"1288\" data-is-last-node=\"\" data-is-only-node=\"\">\n<li data-start=\"1259\" data-end=\"1288\" data-is-last-node=\"\">\n<p data-start=\"1261\" data-end=\"1288\" data-is-last-node=\"\">1, 2x vinkelsliberskive til tr\u00e6.<\/p>\n<\/li>\n<\/ul>\n<\/div>\n<\/div>\n<\/div>\n<\/div>\n","protected":false},"excerpt":{"rendered":"<p>\ud83e\udeb5Denne vinkelsliberskive til tr\u00e6 monteres nemt p\u00e5 de fleste standardvinkelslibere og lader dig fjerne tr\u00e6 hurtigt og j\u00e6vnt.<br \/>\n\u2699\ufe0fIt er perfekt til at forme buede overflader, hule omr\u00e5der og detaljeret tr\u00e6arbejde.<br \/>\n\u231bDenne skive sparer tid, samtidig med at den giver dig fuld kontrol over dit udsk\u00e6rings- og slibearbejde.<\/p>\n","protected":false},"featured_media":23081,"comment_status":"open","ping_status":"closed","template":"","meta":{"site-sidebar-layout":"default","site-content-layout":"","ast-site-content-layout":"default","site-content-style":"default","site-sidebar-style":"default","ast-global-header-display":"","ast-banner-title-visibility":"","ast-main-header-display":"","ast-hfb-above-header-display":"","ast-hfb-below-header-display":"","ast-hfb-mobile-header-display":"","site-post-title":"","ast-breadcrumbs-content":"","ast-featured-img":"","footer-sml-layout":"","ast-disable-related-posts":"","theme-transparent-header-meta":"default","adv-header-id-meta":"","stick-header-meta":"","header-above-stick-meta":"","header-main-stick-meta":"","header-below-stick-meta":"","astra-migrate-meta-layouts":"set","ast-page-background-enabled":"default","ast-page-background-meta":{"desktop":{"background-color":"var(--ast-global-color-5)","background-image":"","background-repeat":"repeat","background-position":"center center","background-size":"auto","background-attachment":"scroll","background-type":"","background-media":"","overlay-type":"","overlay-color":"","overlay-opacity":"","overlay-gradient":""},"tablet":{"background-color":"","background-image":"","background-repeat":"repeat","background-position":"center center","background-size":"auto","background-attachment":"scroll","background-type":"","background-media":"","overlay-type":"","overlay-color":"","overlay-opacity":"","overlay-gradient":""},"mobile":{"background-color":"","background-image":"","background-repeat":"repeat","background-position":"center center","background-size":"auto","background-attachment":"scroll","background-type":"","background-media":"","overlay-type":"","overlay-color":"","overlay-opacity":"","overlay-gradient":""}},"ast-content-background-meta":{"desktop":{"background-color":"var(--ast-global-color-4)","background-image":"","background-repeat":"repeat","background-position":"center center","background-size":"auto","background-attachment":"scroll","background-type":"","background-media":"","overlay-type":"","overlay-color":"","overlay-opacity":"","overlay-gradient":""},"tablet":{"background-color":"var(--ast-global-color-4)","background-image":"","background-repeat":"repeat","background-position":"center center","background-size":"auto","background-attachment":"scroll","background-type":"","background-media":"","overlay-type":"","overlay-color":"","overlay-opacity":"","overlay-gradient":""},"mobile":{"background-color":"var(--ast-global-color-4)","background-image":"","background-repeat":"repeat","background-position":"center center","background-size":"auto","background-attachment":"scroll","background-type":"","background-media":"","overlay-type":"","overlay-color":"","overlay-opacity":"","overlay-gradient":""}}},"product_brand":[],"product_cat":[171],"product_tag":[],"class_list":{"0":"post-23085","1":"product","2":"type-product","3":"status-publish","4":"has-post-thumbnail","6":"product_cat-vaerktoejer","7":"pa_55717_4gzkno7f-1-stk","8":"pa_55717_4gzkno7f-2-stk","9":"pa_55717_ekxrcn0g-16-mm","10":"pa_55717_ekxrcn0g-22-mm","11":"pa_55717_xg2d30cb-blaa","12":"pa_55717_xg2d30cb-guld","13":"pa_55717_xg2d30cb-soelv","14":"pa_55717_xg2d30cb-sort","15":"desktop-align-left","16":"tablet-align-left","17":"mobile-align-left","19":"first","20":"instock","21":"shipping-taxable","22":"purchasable","23":"product-type-variable","24":"has-default-attributes"},"yoast_head":"<!-- This site is optimized with the Yoast SEO plugin v27.4 - https:\/\/yoast.com\/product\/yoast-seo-wordpress\/ -->\n<title>Vinkelsliberskive til tr\u00e6 - Mekulo DK<\/title>\n<meta name=\"robots\" content=\"index, follow, max-snippet:-1, max-image-preview:large, max-video-preview:-1\" \/>\n<link rel=\"canonical\" href=\"https:\/\/mekulo.com\/dk\/produkt\/vinkelsliberskive-til-trae\/\" \/>\n<meta property=\"og:locale\" content=\"da_DK\" \/>\n<meta property=\"og:type\" content=\"article\" \/>\n<meta property=\"og:title\" content=\"Vinkelsliberskive til tr\u00e6 - Mekulo DK\" \/>\n<meta property=\"og:description\" content=\"\ud83e\udeb5Denne vinkelsliberskive til tr\u00e6 monteres nemt p\u00e5 de fleste standardvinkelslibere og lader dig fjerne tr\u00e6 hurtigt og j\u00e6vnt. \u2699\ufe0fIt er perfekt til at forme buede overflader, hule omr\u00e5der og detaljeret tr\u00e6arbejde. \u231bDenne skive sparer tid, samtidig med at den giver dig fuld kontrol over dit udsk\u00e6rings- og slibearbejde.\" \/>\n<meta property=\"og:url\" content=\"https:\/\/mekulo.com\/dk\/produkt\/vinkelsliberskive-til-trae\/\" \/>\n<meta property=\"og:site_name\" content=\"Mekulo DK\" \/>\n<meta property=\"article:modified_time\" content=\"2026-02-09T16:30:38+00:00\" \/>\n<meta property=\"og:image\" content=\"https:\/\/mekulo.com\/dk\/wp-content\/uploads\/sites\/12\/2026\/02\/9x5qt5g-1.jpg\" \/>\n\t<meta property=\"og:image:width\" content=\"1080\" \/>\n\t<meta property=\"og:image:height\" content=\"1080\" \/>\n\t<meta property=\"og:image:type\" content=\"image\/jpeg\" \/>\n<meta name=\"twitter:card\" content=\"summary_large_image\" \/>\n<meta name=\"twitter:label1\" content=\"Estimeret l\u00e6setid\" \/>\n\t<meta name=\"twitter:data1\" content=\"2 minutter\" \/>\n<script type=\"application\/ld+json\" class=\"yoast-schema-graph\">{\"@context\":\"https:\\\/\\\/schema.org\",\"@graph\":[{\"@type\":\"WebPage\",\"@id\":\"https:\\\/\\\/mekulo.com\\\/dk\\\/produkt\\\/vinkelsliberskive-til-trae\\\/\",\"url\":\"https:\\\/\\\/mekulo.com\\\/dk\\\/produkt\\\/vinkelsliberskive-til-trae\\\/\",\"name\":\"Vinkelsliberskive til tr\u00e6 - Mekulo DK\",\"isPartOf\":{\"@id\":\"https:\\\/\\\/mekulo.com\\\/dk\\\/#website\"},\"primaryImageOfPage\":{\"@id\":\"https:\\\/\\\/mekulo.com\\\/dk\\\/produkt\\\/vinkelsliberskive-til-trae\\\/#primaryimage\"},\"image\":{\"@id\":\"https:\\\/\\\/mekulo.com\\\/dk\\\/produkt\\\/vinkelsliberskive-til-trae\\\/#primaryimage\"},\"thumbnailUrl\":\"https:\\\/\\\/mekulo.com\\\/dk\\\/wp-content\\\/uploads\\\/sites\\\/12\\\/2026\\\/02\\\/9x5qt5g-1.jpg\",\"datePublished\":\"2026-02-09T16:29:39+00:00\",\"dateModified\":\"2026-02-09T16:30:38+00:00\",\"breadcrumb\":{\"@id\":\"https:\\\/\\\/mekulo.com\\\/dk\\\/produkt\\\/vinkelsliberskive-til-trae\\\/#breadcrumb\"},\"inLanguage\":\"da-DK\",\"potentialAction\":[{\"@type\":\"ReadAction\",\"target\":[\"https:\\\/\\\/mekulo.com\\\/dk\\\/produkt\\\/vinkelsliberskive-til-trae\\\/\"]}]},{\"@type\":\"ImageObject\",\"inLanguage\":\"da-DK\",\"@id\":\"https:\\\/\\\/mekulo.com\\\/dk\\\/produkt\\\/vinkelsliberskive-til-trae\\\/#primaryimage\",\"url\":\"https:\\\/\\\/mekulo.com\\\/dk\\\/wp-content\\\/uploads\\\/sites\\\/12\\\/2026\\\/02\\\/9x5qt5g-1.jpg\",\"contentUrl\":\"https:\\\/\\\/mekulo.com\\\/dk\\\/wp-content\\\/uploads\\\/sites\\\/12\\\/2026\\\/02\\\/9x5qt5g-1.jpg\",\"width\":1080,\"height\":1080},{\"@type\":\"BreadcrumbList\",\"@id\":\"https:\\\/\\\/mekulo.com\\\/dk\\\/produkt\\\/vinkelsliberskive-til-trae\\\/#breadcrumb\",\"itemListElement\":[{\"@type\":\"ListItem\",\"position\":1,\"name\":\"Home\",\"item\":\"https:\\\/\\\/mekulo.com\\\/dk\\\/\"},{\"@type\":\"ListItem\",\"position\":2,\"name\":\"Butik\",\"item\":\"https:\\\/\\\/mekulo.com\\\/dk\\\/butik\\\/\"},{\"@type\":\"ListItem\",\"position\":3,\"name\":\"Vinkelsliberskive til tr\u00e6\"}]},{\"@type\":\"WebSite\",\"@id\":\"https:\\\/\\\/mekulo.com\\\/dk\\\/#website\",\"url\":\"https:\\\/\\\/mekulo.com\\\/dk\\\/\",\"name\":\"Mekulo DK\",\"description\":\"\",\"publisher\":{\"@id\":\"https:\\\/\\\/mekulo.com\\\/dk\\\/#organization\"},\"potentialAction\":[{\"@type\":\"SearchAction\",\"target\":{\"@type\":\"EntryPoint\",\"urlTemplate\":\"https:\\\/\\\/mekulo.com\\\/dk\\\/?s={search_term_string}\"},\"query-input\":{\"@type\":\"PropertyValueSpecification\",\"valueRequired\":true,\"valueName\":\"search_term_string\"}}],\"inLanguage\":\"da-DK\"},{\"@type\":\"Organization\",\"@id\":\"https:\\\/\\\/mekulo.com\\\/dk\\\/#organization\",\"name\":\"Mekulo\",\"url\":\"https:\\\/\\\/mekulo.com\\\/dk\\\/\",\"logo\":{\"@type\":\"ImageObject\",\"inLanguage\":\"da-DK\",\"@id\":\"https:\\\/\\\/mekulo.com\\\/dk\\\/#\\\/schema\\\/logo\\\/image\\\/\",\"url\":\"https:\\\/\\\/mekulo.com\\\/dk\\\/wp-content\\\/uploads\\\/sites\\\/12\\\/2025\\\/12\\\/favicon_mekulo.png\",\"contentUrl\":\"https:\\\/\\\/mekulo.com\\\/dk\\\/wp-content\\\/uploads\\\/sites\\\/12\\\/2025\\\/12\\\/favicon_mekulo.png\",\"width\":50,\"height\":50,\"caption\":\"Mekulo\"},\"image\":{\"@id\":\"https:\\\/\\\/mekulo.com\\\/dk\\\/#\\\/schema\\\/logo\\\/image\\\/\"}}]}<\/script>\n<!-- \/ Yoast SEO plugin. -->","yoast_head_json":{"title":"Vinkelsliberskive til tr\u00e6 - Mekulo DK","robots":{"index":"index","follow":"follow","max-snippet":"max-snippet:-1","max-image-preview":"max-image-preview:large","max-video-preview":"max-video-preview:-1"},"canonical":"https:\/\/mekulo.com\/dk\/produkt\/vinkelsliberskive-til-trae\/","og_locale":"da_DK","og_type":"article","og_title":"Vinkelsliberskive til tr\u00e6 - Mekulo DK","og_description":"\ud83e\udeb5Denne vinkelsliberskive til tr\u00e6 monteres nemt p\u00e5 de fleste standardvinkelslibere og lader dig fjerne tr\u00e6 hurtigt og j\u00e6vnt. \u2699\ufe0fIt er perfekt til at forme buede overflader, hule omr\u00e5der og detaljeret tr\u00e6arbejde. \u231bDenne skive sparer tid, samtidig med at den giver dig fuld kontrol over dit udsk\u00e6rings- og slibearbejde.","og_url":"https:\/\/mekulo.com\/dk\/produkt\/vinkelsliberskive-til-trae\/","og_site_name":"Mekulo DK","article_modified_time":"2026-02-09T16:30:38+00:00","og_image":[{"width":1080,"height":1080,"url":"https:\/\/mekulo.com\/dk\/wp-content\/uploads\/sites\/12\/2026\/02\/9x5qt5g-1.jpg","type":"image\/jpeg"}],"twitter_card":"summary_large_image","twitter_misc":{"Estimeret l\u00e6setid":"2 minutter"},"schema":{"@context":"https:\/\/schema.org","@graph":[{"@type":"WebPage","@id":"https:\/\/mekulo.com\/dk\/produkt\/vinkelsliberskive-til-trae\/","url":"https:\/\/mekulo.com\/dk\/produkt\/vinkelsliberskive-til-trae\/","name":"Vinkelsliberskive til tr\u00e6 - Mekulo DK","isPartOf":{"@id":"https:\/\/mekulo.com\/dk\/#website"},"primaryImageOfPage":{"@id":"https:\/\/mekulo.com\/dk\/produkt\/vinkelsliberskive-til-trae\/#primaryimage"},"image":{"@id":"https:\/\/mekulo.com\/dk\/produkt\/vinkelsliberskive-til-trae\/#primaryimage"},"thumbnailUrl":"https:\/\/mekulo.com\/dk\/wp-content\/uploads\/sites\/12\/2026\/02\/9x5qt5g-1.jpg","datePublished":"2026-02-09T16:29:39+00:00","dateModified":"2026-02-09T16:30:38+00:00","breadcrumb":{"@id":"https:\/\/mekulo.com\/dk\/produkt\/vinkelsliberskive-til-trae\/#breadcrumb"},"inLanguage":"da-DK","potentialAction":[{"@type":"ReadAction","target":["https:\/\/mekulo.com\/dk\/produkt\/vinkelsliberskive-til-trae\/"]}]},{"@type":"ImageObject","inLanguage":"da-DK","@id":"https:\/\/mekulo.com\/dk\/produkt\/vinkelsliberskive-til-trae\/#primaryimage","url":"https:\/\/mekulo.com\/dk\/wp-content\/uploads\/sites\/12\/2026\/02\/9x5qt5g-1.jpg","contentUrl":"https:\/\/mekulo.com\/dk\/wp-content\/uploads\/sites\/12\/2026\/02\/9x5qt5g-1.jpg","width":1080,"height":1080},{"@type":"BreadcrumbList","@id":"https:\/\/mekulo.com\/dk\/produkt\/vinkelsliberskive-til-trae\/#breadcrumb","itemListElement":[{"@type":"ListItem","position":1,"name":"Home","item":"https:\/\/mekulo.com\/dk\/"},{"@type":"ListItem","position":2,"name":"Butik","item":"https:\/\/mekulo.com\/dk\/butik\/"},{"@type":"ListItem","position":3,"name":"Vinkelsliberskive til tr\u00e6"}]},{"@type":"WebSite","@id":"https:\/\/mekulo.com\/dk\/#website","url":"https:\/\/mekulo.com\/dk\/","name":"Mekulo DK","description":"","publisher":{"@id":"https:\/\/mekulo.com\/dk\/#organization"},"potentialAction":[{"@type":"SearchAction","target":{"@type":"EntryPoint","urlTemplate":"https:\/\/mekulo.com\/dk\/?s={search_term_string}"},"query-input":{"@type":"PropertyValueSpecification","valueRequired":true,"valueName":"search_term_string"}}],"inLanguage":"da-DK"},{"@type":"Organization","@id":"https:\/\/mekulo.com\/dk\/#organization","name":"Mekulo","url":"https:\/\/mekulo.com\/dk\/","logo":{"@type":"ImageObject","inLanguage":"da-DK","@id":"https:\/\/mekulo.com\/dk\/#\/schema\/logo\/image\/","url":"https:\/\/mekulo.com\/dk\/wp-content\/uploads\/sites\/12\/2025\/12\/favicon_mekulo.png","contentUrl":"https:\/\/mekulo.com\/dk\/wp-content\/uploads\/sites\/12\/2025\/12\/favicon_mekulo.png","width":50,"height":50,"caption":"Mekulo"},"image":{"@id":"https:\/\/mekulo.com\/dk\/#\/schema\/logo\/image\/"}}]}},"_links":{"self":[{"href":"https:\/\/mekulo.com\/dk\/wp-json\/wp\/v2\/product\/23085","targetHints":{"allow":["GET"]}}],"collection":[{"href":"https:\/\/mekulo.com\/dk\/wp-json\/wp\/v2\/product"}],"about":[{"href":"https:\/\/mekulo.com\/dk\/wp-json\/wp\/v2\/types\/product"}],"replies":[{"embeddable":true,"href":"https:\/\/mekulo.com\/dk\/wp-json\/wp\/v2\/comments?post=23085"}],"wp:featuredmedia":[{"embeddable":true,"href":"https:\/\/mekulo.com\/dk\/wp-json\/wp\/v2\/media\/23081"}],"wp:attachment":[{"href":"https:\/\/mekulo.com\/dk\/wp-json\/wp\/v2\/media?parent=23085"}],"wp:term":[{"taxonomy":"product_brand","embeddable":true,"href":"https:\/\/mekulo.com\/dk\/wp-json\/wp\/v2\/product_brand?post=23085"},{"taxonomy":"product_cat","embeddable":true,"href":"https:\/\/mekulo.com\/dk\/wp-json\/wp\/v2\/product_cat?post=23085"},{"taxonomy":"product_tag","embeddable":true,"href":"https:\/\/mekulo.com\/dk\/wp-json\/wp\/v2\/product_tag?post=23085"}],"curies":[{"name":"wp","href":"https:\/\/api.w.org\/{rel}","templated":true}]}}