{"id":23061,"date":"2026-02-09T18:21:42","date_gmt":"2026-02-09T16:21:42","guid":{"rendered":"https:\/\/mekulo.com\/dk\/produkt\/halskaede-med-englevinger-2\/"},"modified":"2026-03-02T12:30:03","modified_gmt":"2026-03-02T10:30:03","slug":"halskaede-med-englevinger-2","status":"publish","type":"product","link":"https:\/\/mekulo.com\/dk\/produkt\/halskaede-med-englevinger-2\/","title":{"rendered":"Halsk\u00e6de med englevinger"},"content":{"rendered":"<p style=\"text-align: center\" data-start=\"0\" data-end=\"56\"><strong data-start=\"0\" data-end=\"56\">Tilf\u00f8j et strejf af elegance og mening til ethvert outfit. \ud83d\udc57<\/strong><\/p>\n<p data-start=\"0\" data-end=\"56\"><img fetchpriority=\"high\" decoding=\"async\" class=\"size-full wp-image-23746 aligncenter\" src=\"https:\/\/mekulo.com\/template\/wp-content\/uploads\/sites\/6\/2026\/02\/S5bd387d8816848b6a0ce3b12cee0e6ddR.jpg_960x960q75.jpg_.avif\" alt=\"\" width=\"800\" height=\"800\" \/><\/p>\n<h2 style=\"text-align: center\" data-start=\"341\" data-end=\"358\"><strong>Main Fordele \ud83e\udebd<\/strong><\/h2>\n<p data-start=\"361\" data-end=\"421\">\ud83d\udc7c Unikt englevingedesign &#8211; elegant og i\u00f8jnefaldende.<\/p>\n<p data-start=\"424\" data-end=\"487\">\u2728 Glitrende rhinestones &#8211; tilf\u00f8jer blid glans til ethvert outfit.<\/p>\n<p data-start=\"490\" data-end=\"548\">\ud83d\udc8e Allergivenligt materiale &#8211; sikkert for f\u00f8lsom hud.<\/p>\n<p data-start=\"551\" data-end=\"613\">\ud83c\udf38 Let at matche &#8211; passer godt sammen med afslappet eller formelt t\u00f8j.<\/p>\n<p data-start=\"616\" data-end=\"686\">\ud83c\udf81 Perfekt gavevalg &#8211; ideel til f\u00f8dselsdage og s\u00e6rlige \u00f8jeblikke.<\/p>\n<p data-start=\"616\" data-end=\"686\"><img decoding=\"async\" class=\"size-full wp-image-23749 aligncenter\" src=\"https:\/\/mekulo.com\/template\/wp-content\/uploads\/sites\/6\/2026\/02\/7c928ca4715b856f337cab0d12e0fe49213ce3ff-800.avif\" alt=\"\" \/><\/p>\n<h2 style=\"text-align: center\" data-start=\"688\" data-end=\"702\"><strong>S\u00e5dan Bruges Den \ud83d\udccc<\/strong><\/h2>\n<ol data-start=\"703\" data-end=\"907\">\n<li data-start=\"703\" data-end=\"763\">\n<p data-start=\"706\" data-end=\"763\">\u00c5bn l\u00e5sen, og l\u00e6g halsk\u00e6den om halsen.<\/p>\n<\/li>\n<li data-start=\"764\" data-end=\"809\">\n<p data-start=\"767\" data-end=\"809\">Juster l\u00e6ngden, s\u00e5 den sidder behageligt.<\/p>\n<\/li>\n<li data-start=\"810\" data-end=\"862\">\n<p data-start=\"813\" data-end=\"862\">Brug den alene eller sammen med andre halsk\u00e6der.<\/p>\n<\/li>\n<li data-start=\"863\" data-end=\"907\">\n<p data-start=\"866\" data-end=\"907\">Opbevar den i et smykkeskrin, n\u00e5r den ikke er i brug.<\/p>\n<\/li>\n<\/ol>\n<h2 style=\"text-align: center\" data-start=\"909\" data-end=\"928\"><strong>Produktdetaljer \ud83d\udccf<\/strong><\/h2>\n<ul data-start=\"929\" data-end=\"1129\">\n<li data-start=\"956\" data-end=\"997\">\n<p data-start=\"958\" data-end=\"997\">Materiale: Titaniumst\u00e5l, rhinsten<\/p>\n<\/li>\n<li data-start=\"1030\" data-end=\"1054\">\n<p data-start=\"1032\" data-end=\"1054\">Stil: Bl\u00f8d, elegant<\/p>\n<\/li>\n<li data-start=\"1055\" data-end=\"1080\">\n<p data-start=\"1057\" data-end=\"1080\">Vingest\u00f8rrelse: 21 x 11 mm<\/p>\n<\/li>\n<li data-start=\"1081\" data-end=\"1105\">\n<p data-start=\"1083\" data-end=\"1105\">V\u00e6gt: Ca. 20 g<\/p>\n<\/li>\n<li data-start=\"1106\" data-end=\"1129\">\n<p data-start=\"1108\" data-end=\"1129\">Velegnet til: Kvinder<\/p>\n<\/li>\n<\/ul>\n<h2 style=\"text-align: center\" data-start=\"1131\" data-end=\"1151\"><strong>Pakken Indeholder \ud83d\udce6<\/strong><\/h2>\n<ul data-start=\"1152\" data-end=\"1188\" data-is-last-node=\"\" data-is-only-node=\"\">\n<li data-start=\"1152\" data-end=\"1188\" data-is-last-node=\"\">\n<p data-start=\"1154\" data-end=\"1188\" data-is-last-node=\"\">1x halsk\u00e6de med englevinger.<\/p>\n<\/li>\n<\/ul>\n","protected":false},"excerpt":{"rendered":"<p>\ud83e\udebdDenne halsk\u00e6de med englevinger har et yndefuldt vingedesign, der symboliserer k\u00e6rlighed, beskyttelse og sk\u00f8nhed.<br \/>\n\u2728De funklende rhinsten og den bl\u00f8de, elegante stil g\u00f8r den perfekt til daglig brug eller s\u00e6rlige lejligheder.<br \/>\n\ud83d\udc96Denne halsk\u00e6de fremh\u00e6ver nemt dit look og tilf\u00f8jer samtidig et meningsfuldt touch.<\/p>\n","protected":false},"featured_media":23057,"comment_status":"open","ping_status":"closed","template":"","meta":{"site-sidebar-layout":"default","site-content-layout":"","ast-site-content-layout":"default","site-content-style":"default","site-sidebar-style":"default","ast-global-header-display":"","ast-banner-title-visibility":"","ast-main-header-display":"","ast-hfb-above-header-display":"","ast-hfb-below-header-display":"","ast-hfb-mobile-header-display":"","site-post-title":"","ast-breadcrumbs-content":"","ast-featured-img":"","footer-sml-layout":"","theme-transparent-header-meta":"default","adv-header-id-meta":"","stick-header-meta":"","header-above-stick-meta":"","header-main-stick-meta":"","header-below-stick-meta":"","astra-migrate-meta-layouts":"set","ast-page-background-enabled":"default","ast-page-background-meta":{"desktop":{"background-color":"var(--ast-global-color-5)","background-image":"","background-repeat":"repeat","background-position":"center center","background-size":"auto","background-attachment":"scroll","background-type":"","background-media":"","overlay-type":"","overlay-color":"","overlay-opacity":"","overlay-gradient":""},"tablet":{"background-color":"","background-image":"","background-repeat":"repeat","background-position":"center center","background-size":"auto","background-attachment":"scroll","background-type":"","background-media":"","overlay-type":"","overlay-color":"","overlay-opacity":"","overlay-gradient":""},"mobile":{"background-color":"","background-image":"","background-repeat":"repeat","background-position":"center center","background-size":"auto","background-attachment":"scroll","background-type":"","background-media":"","overlay-type":"","overlay-color":"","overlay-opacity":"","overlay-gradient":""}},"ast-content-background-meta":{"desktop":{"background-color":"var(--ast-global-color-4)","background-image":"","background-repeat":"repeat","background-position":"center center","background-size":"auto","background-attachment":"scroll","background-type":"","background-media":"","overlay-type":"","overlay-color":"","overlay-opacity":"","overlay-gradient":""},"tablet":{"background-color":"var(--ast-global-color-4)","background-image":"","background-repeat":"repeat","background-position":"center center","background-size":"auto","background-attachment":"scroll","background-type":"","background-media":"","overlay-type":"","overlay-color":"","overlay-opacity":"","overlay-gradient":""},"mobile":{"background-color":"var(--ast-global-color-4)","background-image":"","background-repeat":"repeat","background-position":"center center","background-size":"auto","background-attachment":"scroll","background-type":"","background-media":"","overlay-type":"","overlay-color":"","overlay-opacity":"","overlay-gradient":""}}},"product_brand":[],"product_cat":[165],"product_tag":[],"class_list":{"0":"post-23061","1":"product","2":"type-product","3":"status-publish","4":"has-post-thumbnail","6":"product_cat-fodtoej-tilbehoer","7":"pa_55545_a2295uza-guld","8":"pa_55545_a2295uza-rosaguld","9":"pa_55545_a2295uza-soelv","10":"desktop-align-left","11":"tablet-align-left","12":"mobile-align-left","14":"first","15":"instock","16":"shipping-taxable","17":"purchasable","18":"product-type-variable"},"yoast_head":"<!-- This site is optimized with the Yoast SEO plugin v26.6 - https:\/\/yoast.com\/wordpress\/plugins\/seo\/ -->\n<title>Halsk\u00e6de med englevinger - Mekulo DK<\/title>\n<meta name=\"robots\" content=\"index, follow, max-snippet:-1, max-image-preview:large, max-video-preview:-1\" \/>\n<link rel=\"canonical\" href=\"https:\/\/mekulo.com\/dk\/produkt\/halskaede-med-englevinger-2\/\" \/>\n<meta property=\"og:locale\" content=\"da_DK\" \/>\n<meta property=\"og:type\" content=\"article\" \/>\n<meta property=\"og:title\" content=\"Halsk\u00e6de med englevinger - Mekulo DK\" \/>\n<meta property=\"og:description\" content=\"\ud83e\udebdDenne halsk\u00e6de med englevinger har et yndefuldt vingedesign, der symboliserer k\u00e6rlighed, beskyttelse og sk\u00f8nhed. \u2728De funklende rhinsten og den bl\u00f8de, elegante stil g\u00f8r den perfekt til daglig brug eller s\u00e6rlige lejligheder. \ud83d\udc96Denne halsk\u00e6de fremh\u00e6ver nemt dit look og tilf\u00f8jer samtidig et meningsfuldt touch.\" \/>\n<meta property=\"og:url\" content=\"https:\/\/mekulo.com\/dk\/produkt\/halskaede-med-englevinger-2\/\" \/>\n<meta property=\"og:site_name\" content=\"Mekulo DK\" \/>\n<meta property=\"article:modified_time\" content=\"2026-03-02T10:30:03+00:00\" \/>\n<meta property=\"og:image\" content=\"https:\/\/mekulo.com\/dk\/wp-content\/uploads\/sites\/12\/2026\/02\/x772k5f-1.jpg\" \/>\n\t<meta property=\"og:image:width\" content=\"800\" \/>\n\t<meta property=\"og:image:height\" content=\"800\" \/>\n\t<meta property=\"og:image:type\" content=\"image\/jpeg\" \/>\n<meta name=\"twitter:card\" content=\"summary_large_image\" \/>\n<meta name=\"twitter:label1\" content=\"Estimeret l\u00e6setid\" \/>\n\t<meta name=\"twitter:data1\" content=\"2 minutter\" \/>\n<script type=\"application\/ld+json\" class=\"yoast-schema-graph\">{\"@context\":\"https:\/\/schema.org\",\"@graph\":[{\"@type\":\"WebPage\",\"@id\":\"https:\/\/mekulo.com\/dk\/produkt\/halskaede-med-englevinger-2\/\",\"url\":\"https:\/\/mekulo.com\/dk\/produkt\/halskaede-med-englevinger-2\/\",\"name\":\"Halsk\u00e6de med englevinger - Mekulo DK\",\"isPartOf\":{\"@id\":\"https:\/\/mekulo.com\/dk\/#website\"},\"primaryImageOfPage\":{\"@id\":\"https:\/\/mekulo.com\/dk\/produkt\/halskaede-med-englevinger-2\/#primaryimage\"},\"image\":{\"@id\":\"https:\/\/mekulo.com\/dk\/produkt\/halskaede-med-englevinger-2\/#primaryimage\"},\"thumbnailUrl\":\"https:\/\/mekulo.com\/dk\/wp-content\/uploads\/sites\/12\/2026\/02\/x772k5f-1.jpg\",\"datePublished\":\"2026-02-09T16:21:42+00:00\",\"dateModified\":\"2026-03-02T10:30:03+00:00\",\"breadcrumb\":{\"@id\":\"https:\/\/mekulo.com\/dk\/produkt\/halskaede-med-englevinger-2\/#breadcrumb\"},\"inLanguage\":\"da-DK\",\"potentialAction\":[{\"@type\":\"ReadAction\",\"target\":[\"https:\/\/mekulo.com\/dk\/produkt\/halskaede-med-englevinger-2\/\"]}]},{\"@type\":\"ImageObject\",\"inLanguage\":\"da-DK\",\"@id\":\"https:\/\/mekulo.com\/dk\/produkt\/halskaede-med-englevinger-2\/#primaryimage\",\"url\":\"https:\/\/mekulo.com\/dk\/wp-content\/uploads\/sites\/12\/2026\/02\/x772k5f-1.jpg\",\"contentUrl\":\"https:\/\/mekulo.com\/dk\/wp-content\/uploads\/sites\/12\/2026\/02\/x772k5f-1.jpg\",\"width\":800,\"height\":800},{\"@type\":\"BreadcrumbList\",\"@id\":\"https:\/\/mekulo.com\/dk\/produkt\/halskaede-med-englevinger-2\/#breadcrumb\",\"itemListElement\":[{\"@type\":\"ListItem\",\"position\":1,\"name\":\"Home\",\"item\":\"https:\/\/mekulo.com\/dk\/\"},{\"@type\":\"ListItem\",\"position\":2,\"name\":\"Butik\",\"item\":\"https:\/\/mekulo.com\/dk\/butik\/\"},{\"@type\":\"ListItem\",\"position\":3,\"name\":\"Halsk\u00e6de med englevinger\"}]},{\"@type\":\"WebSite\",\"@id\":\"https:\/\/mekulo.com\/dk\/#website\",\"url\":\"https:\/\/mekulo.com\/dk\/\",\"name\":\"Mekulo DK\",\"description\":\"\",\"publisher\":{\"@id\":\"https:\/\/mekulo.com\/dk\/#organization\"},\"potentialAction\":[{\"@type\":\"SearchAction\",\"target\":{\"@type\":\"EntryPoint\",\"urlTemplate\":\"https:\/\/mekulo.com\/dk\/?s={search_term_string}\"},\"query-input\":{\"@type\":\"PropertyValueSpecification\",\"valueRequired\":true,\"valueName\":\"search_term_string\"}}],\"inLanguage\":\"da-DK\"},{\"@type\":\"Organization\",\"@id\":\"https:\/\/mekulo.com\/dk\/#organization\",\"name\":\"Mekulo\",\"url\":\"https:\/\/mekulo.com\/dk\/\",\"logo\":{\"@type\":\"ImageObject\",\"inLanguage\":\"da-DK\",\"@id\":\"https:\/\/mekulo.com\/dk\/#\/schema\/logo\/image\/\",\"url\":\"https:\/\/mekulo.com\/dk\/wp-content\/uploads\/sites\/12\/2025\/12\/favicon_mekulo.png\",\"contentUrl\":\"https:\/\/mekulo.com\/dk\/wp-content\/uploads\/sites\/12\/2025\/12\/favicon_mekulo.png\",\"width\":50,\"height\":50,\"caption\":\"Mekulo\"},\"image\":{\"@id\":\"https:\/\/mekulo.com\/dk\/#\/schema\/logo\/image\/\"}}]}<\/script>\n<!-- \/ Yoast SEO plugin. -->","yoast_head_json":{"title":"Halsk\u00e6de med englevinger - Mekulo DK","robots":{"index":"index","follow":"follow","max-snippet":"max-snippet:-1","max-image-preview":"max-image-preview:large","max-video-preview":"max-video-preview:-1"},"canonical":"https:\/\/mekulo.com\/dk\/produkt\/halskaede-med-englevinger-2\/","og_locale":"da_DK","og_type":"article","og_title":"Halsk\u00e6de med englevinger - Mekulo DK","og_description":"\ud83e\udebdDenne halsk\u00e6de med englevinger har et yndefuldt vingedesign, der symboliserer k\u00e6rlighed, beskyttelse og sk\u00f8nhed. \u2728De funklende rhinsten og den bl\u00f8de, elegante stil g\u00f8r den perfekt til daglig brug eller s\u00e6rlige lejligheder. \ud83d\udc96Denne halsk\u00e6de fremh\u00e6ver nemt dit look og tilf\u00f8jer samtidig et meningsfuldt touch.","og_url":"https:\/\/mekulo.com\/dk\/produkt\/halskaede-med-englevinger-2\/","og_site_name":"Mekulo DK","article_modified_time":"2026-03-02T10:30:03+00:00","og_image":[{"width":800,"height":800,"url":"https:\/\/mekulo.com\/dk\/wp-content\/uploads\/sites\/12\/2026\/02\/x772k5f-1.jpg","type":"image\/jpeg"}],"twitter_card":"summary_large_image","twitter_misc":{"Estimeret l\u00e6setid":"2 minutter"},"schema":{"@context":"https:\/\/schema.org","@graph":[{"@type":"WebPage","@id":"https:\/\/mekulo.com\/dk\/produkt\/halskaede-med-englevinger-2\/","url":"https:\/\/mekulo.com\/dk\/produkt\/halskaede-med-englevinger-2\/","name":"Halsk\u00e6de med englevinger - Mekulo DK","isPartOf":{"@id":"https:\/\/mekulo.com\/dk\/#website"},"primaryImageOfPage":{"@id":"https:\/\/mekulo.com\/dk\/produkt\/halskaede-med-englevinger-2\/#primaryimage"},"image":{"@id":"https:\/\/mekulo.com\/dk\/produkt\/halskaede-med-englevinger-2\/#primaryimage"},"thumbnailUrl":"https:\/\/mekulo.com\/dk\/wp-content\/uploads\/sites\/12\/2026\/02\/x772k5f-1.jpg","datePublished":"2026-02-09T16:21:42+00:00","dateModified":"2026-03-02T10:30:03+00:00","breadcrumb":{"@id":"https:\/\/mekulo.com\/dk\/produkt\/halskaede-med-englevinger-2\/#breadcrumb"},"inLanguage":"da-DK","potentialAction":[{"@type":"ReadAction","target":["https:\/\/mekulo.com\/dk\/produkt\/halskaede-med-englevinger-2\/"]}]},{"@type":"ImageObject","inLanguage":"da-DK","@id":"https:\/\/mekulo.com\/dk\/produkt\/halskaede-med-englevinger-2\/#primaryimage","url":"https:\/\/mekulo.com\/dk\/wp-content\/uploads\/sites\/12\/2026\/02\/x772k5f-1.jpg","contentUrl":"https:\/\/mekulo.com\/dk\/wp-content\/uploads\/sites\/12\/2026\/02\/x772k5f-1.jpg","width":800,"height":800},{"@type":"BreadcrumbList","@id":"https:\/\/mekulo.com\/dk\/produkt\/halskaede-med-englevinger-2\/#breadcrumb","itemListElement":[{"@type":"ListItem","position":1,"name":"Home","item":"https:\/\/mekulo.com\/dk\/"},{"@type":"ListItem","position":2,"name":"Butik","item":"https:\/\/mekulo.com\/dk\/butik\/"},{"@type":"ListItem","position":3,"name":"Halsk\u00e6de med englevinger"}]},{"@type":"WebSite","@id":"https:\/\/mekulo.com\/dk\/#website","url":"https:\/\/mekulo.com\/dk\/","name":"Mekulo DK","description":"","publisher":{"@id":"https:\/\/mekulo.com\/dk\/#organization"},"potentialAction":[{"@type":"SearchAction","target":{"@type":"EntryPoint","urlTemplate":"https:\/\/mekulo.com\/dk\/?s={search_term_string}"},"query-input":{"@type":"PropertyValueSpecification","valueRequired":true,"valueName":"search_term_string"}}],"inLanguage":"da-DK"},{"@type":"Organization","@id":"https:\/\/mekulo.com\/dk\/#organization","name":"Mekulo","url":"https:\/\/mekulo.com\/dk\/","logo":{"@type":"ImageObject","inLanguage":"da-DK","@id":"https:\/\/mekulo.com\/dk\/#\/schema\/logo\/image\/","url":"https:\/\/mekulo.com\/dk\/wp-content\/uploads\/sites\/12\/2025\/12\/favicon_mekulo.png","contentUrl":"https:\/\/mekulo.com\/dk\/wp-content\/uploads\/sites\/12\/2025\/12\/favicon_mekulo.png","width":50,"height":50,"caption":"Mekulo"},"image":{"@id":"https:\/\/mekulo.com\/dk\/#\/schema\/logo\/image\/"}}]}},"_links":{"self":[{"href":"https:\/\/mekulo.com\/dk\/wp-json\/wp\/v2\/product\/23061","targetHints":{"allow":["GET"]}}],"collection":[{"href":"https:\/\/mekulo.com\/dk\/wp-json\/wp\/v2\/product"}],"about":[{"href":"https:\/\/mekulo.com\/dk\/wp-json\/wp\/v2\/types\/product"}],"replies":[{"embeddable":true,"href":"https:\/\/mekulo.com\/dk\/wp-json\/wp\/v2\/comments?post=23061"}],"wp:featuredmedia":[{"embeddable":true,"href":"https:\/\/mekulo.com\/dk\/wp-json\/wp\/v2\/media\/23057"}],"wp:attachment":[{"href":"https:\/\/mekulo.com\/dk\/wp-json\/wp\/v2\/media?parent=23061"}],"wp:term":[{"taxonomy":"product_brand","embeddable":true,"href":"https:\/\/mekulo.com\/dk\/wp-json\/wp\/v2\/product_brand?post=23061"},{"taxonomy":"product_cat","embeddable":true,"href":"https:\/\/mekulo.com\/dk\/wp-json\/wp\/v2\/product_cat?post=23061"},{"taxonomy":"product_tag","embeddable":true,"href":"https:\/\/mekulo.com\/dk\/wp-json\/wp\/v2\/product_tag?post=23061"}],"curies":[{"name":"wp","href":"https:\/\/api.w.org\/{rel}","templated":true}]}}