{"id":22997,"date":"2026-02-09T18:13:55","date_gmt":"2026-02-09T16:13:55","guid":{"rendered":"https:\/\/mekulo.com\/dk\/produkt\/svingtraener\/"},"modified":"2026-02-09T18:14:12","modified_gmt":"2026-02-09T16:14:12","slug":"svingtraener","status":"publish","type":"product","link":"https:\/\/mekulo.com\/dk\/produkt\/svingtraener\/","title":{"rendered":"Svingtr\u00e6ner"},"content":{"rendered":"<p style=\"text-align: center\" data-start=\"0\" data-end=\"72\"><strong data-start=\"0\" data-end=\"72\">Forbedr din svingteknik og opbyg bedre golfvaner hver dag. \ud83c\udfcc\ufe0f<\/strong><\/p>\n<p data-start=\"0\" data-end=\"72\"><img decoding=\"async\" class=\"size-full wp-image-23704 aligncenter\" src=\"https:\/\/mekulo.com\/template\/wp-content\/uploads\/sites\/6\/2026\/02\/19edf21d67839d2c80ec860f824a62c5336f289c-800.avif\" alt=\"\" \/><\/p>\n<h2 style=\"text-align: center\" data-start=\"367\" data-end=\"384\"><strong>Main Fordele \u26f3<\/strong><\/h2>\n<p data-start=\"387\" data-end=\"457\">\u26f3 Forbedrer svingrytmen &#8211; h\u00f8rbart &#8220;klik&#8221; bekr\u00e6fter korrekt timing.<\/p>\n<p data-start=\"460\" data-end=\"528\">\ud83d\udcaa Opbygger muskelhukommelse &#8211; underst\u00f8tter balance, hastighed og kontrol.<\/p>\n<p data-start=\"531\" data-end=\"600\">\ud83d\udd01 Udtr\u00e6kkeligt skaft &#8211; realistisk svingf\u00f8lelse i et kompakt design.<\/p>\n<p data-start=\"603\" data-end=\"663\">\u270b Ergonomisk greb &#8211; behageligt, skridsikkert gummih\u00e5ndtag.<\/p>\n<p data-start=\"666\" data-end=\"720\">\ud83c\udf92 B\u00e6rbar st\u00f8rrelse &#8211; nem at have med i enhver golftaske.<\/p>\n<p data-start=\"666\" data-end=\"720\"><img fetchpriority=\"high\" decoding=\"async\" class=\"size-full wp-image-23701 aligncenter\" src=\"https:\/\/mekulo.com\/template\/wp-content\/uploads\/sites\/6\/2026\/02\/Sd0b4db510b7a47348df6bf72f21e2504e.jpg\" alt=\"\" width=\"1080\" height=\"1080\" \/><\/p>\n<h2 style=\"text-align: center\" data-start=\"722\" data-end=\"736\"><strong>Brug \ud83d\udccc<\/strong><\/h2>\n<ol data-start=\"737\" data-end=\"934\">\n<li data-start=\"737\" data-end=\"784\">\n<p data-start=\"740\" data-end=\"784\">Hold tr\u00e6neren med det ergonomiske greb.<\/p>\n<\/li>\n<li data-start=\"785\" data-end=\"825\">\n<p data-start=\"788\" data-end=\"825\">\u00d8v j\u00e6vne, kontrollerede sving.<\/p>\n<\/li>\n<li data-start=\"826\" data-end=\"885\">\n<p data-start=\"829\" data-end=\"885\">Lyt efter &#8220;klik&#8221;-lyden for at bekr\u00e6fte korrekt timing.<\/p>\n<\/li>\n<li data-start=\"886\" data-end=\"934\">\n<p data-start=\"889\" data-end=\"934\">Gentag 20-25 sving dagligt for at opn\u00e5 de bedste resultater.<\/p>\n<\/li>\n<\/ol>\n<h2 style=\"text-align: center\" data-start=\"936\" data-end=\"955\"><strong>Produktdetaljer \ud83d\udccf<\/strong><\/h2>\n<ul data-start=\"956\" data-end=\"1168\">\n<li data-start=\"985\" data-end=\"1047\">\n<p data-start=\"987\" data-end=\"1047\">Materiale: Gummigreb + krop i rustfrit st\u00e5l + gummikugle<\/p>\n<\/li>\n<li data-start=\"1048\" data-end=\"1094\">\n<p data-start=\"1050\" data-end=\"1094\">L\u00e6ngde: 38,9 cm sammenklappet \/ 66 cm udstrakt<\/p>\n<\/li>\n<li data-start=\"1095\" data-end=\"1129\">\n<p data-start=\"1097\" data-end=\"1129\">Grebstype: Ergonomisk, skridsikker<\/p>\n<\/li>\n<li data-start=\"1130\" data-end=\"1168\">\n<p data-start=\"1132\" data-end=\"1168\">Velegnet til: H\u00f8jreh\u00e5ndede golfspillere<\/p>\n<\/li>\n<\/ul>\n<h2 style=\"text-align: center\" data-start=\"1170\" data-end=\"1190\"><strong>Pakken Indeholder<\/strong><\/h2>\n<ul data-start=\"1191\" data-end=\"1215\" data-is-last-node=\"\" data-is-only-node=\"\">\n<li data-start=\"1191\" data-end=\"1215\" data-is-last-node=\"\">\n<p data-start=\"1193\" data-end=\"1215\" data-is-last-node=\"\">1x golfsvingtr\u00e6ner.<\/p>\n<\/li>\n<\/ul>\n","protected":false},"excerpt":{"rendered":"<p>\u26f3Denne svingtr\u00e6ner hj\u00e6lper dig med at \u00f8ve korrekt greb, rytme og svingtiming med realistisk feedback.<br \/>\n\ud83c\udfcc\ufe0fThe udtr\u00e6kkeligt skaft og slaglyd guider din bev\u00e6gelse og g\u00f8r tr\u00e6ningen effektiv, selv uden bold.<br \/>\n\ud83c\udfe0Den er perfekt til opvarmning, hjemmetr\u00e6ning eller til at forbedre ensartetheden p\u00e5 banen.<\/p>\n","protected":false},"featured_media":22993,"comment_status":"open","ping_status":"closed","template":"","meta":{"site-sidebar-layout":"default","site-content-layout":"","ast-site-content-layout":"default","site-content-style":"default","site-sidebar-style":"default","ast-global-header-display":"","ast-banner-title-visibility":"","ast-main-header-display":"","ast-hfb-above-header-display":"","ast-hfb-below-header-display":"","ast-hfb-mobile-header-display":"","site-post-title":"","ast-breadcrumbs-content":"","ast-featured-img":"","footer-sml-layout":"","ast-disable-related-posts":"","theme-transparent-header-meta":"default","adv-header-id-meta":"","stick-header-meta":"","header-above-stick-meta":"","header-main-stick-meta":"","header-below-stick-meta":"","astra-migrate-meta-layouts":"set","ast-page-background-enabled":"default","ast-page-background-meta":{"desktop":{"background-color":"var(--ast-global-color-5)","background-image":"","background-repeat":"repeat","background-position":"center center","background-size":"auto","background-attachment":"scroll","background-type":"","background-media":"","overlay-type":"","overlay-color":"","overlay-opacity":"","overlay-gradient":""},"tablet":{"background-color":"","background-image":"","background-repeat":"repeat","background-position":"center center","background-size":"auto","background-attachment":"scroll","background-type":"","background-media":"","overlay-type":"","overlay-color":"","overlay-opacity":"","overlay-gradient":""},"mobile":{"background-color":"","background-image":"","background-repeat":"repeat","background-position":"center center","background-size":"auto","background-attachment":"scroll","background-type":"","background-media":"","overlay-type":"","overlay-color":"","overlay-opacity":"","overlay-gradient":""}},"ast-content-background-meta":{"desktop":{"background-color":"var(--ast-global-color-4)","background-image":"","background-repeat":"repeat","background-position":"center center","background-size":"auto","background-attachment":"scroll","background-type":"","background-media":"","overlay-type":"","overlay-color":"","overlay-opacity":"","overlay-gradient":""},"tablet":{"background-color":"var(--ast-global-color-4)","background-image":"","background-repeat":"repeat","background-position":"center center","background-size":"auto","background-attachment":"scroll","background-type":"","background-media":"","overlay-type":"","overlay-color":"","overlay-opacity":"","overlay-gradient":""},"mobile":{"background-color":"var(--ast-global-color-4)","background-image":"","background-repeat":"repeat","background-position":"center center","background-size":"auto","background-attachment":"scroll","background-type":"","background-media":"","overlay-type":"","overlay-color":"","overlay-opacity":"","overlay-gradient":""}}},"product_brand":[],"product_cat":[170],"product_tag":[],"class_list":{"0":"post-22997","1":"product","2":"type-product","3":"status-publish","4":"has-post-thumbnail","6":"product_cat-sportsudstyr","7":"pa_55477_vmdh0r9i-blaa","8":"pa_55477_vmdh0r9i-groen","9":"pa_55477_vmdh0r9i-moerkeblaa","10":"pa_55477_vmdh0r9i-roed","11":"pa_55477_vmdh0r9i-sort","12":"desktop-align-left","13":"tablet-align-left","14":"mobile-align-left","16":"first","17":"instock","18":"shipping-taxable","19":"purchasable","20":"product-type-variable"},"yoast_head":"<!-- This site is optimized with the Yoast SEO plugin v27.4 - https:\/\/yoast.com\/product\/yoast-seo-wordpress\/ -->\n<title>Svingtr\u00e6ner - Mekulo DK<\/title>\n<meta name=\"robots\" content=\"index, follow, max-snippet:-1, max-image-preview:large, max-video-preview:-1\" \/>\n<link rel=\"canonical\" href=\"https:\/\/mekulo.com\/dk\/produkt\/svingtraener\/\" \/>\n<meta property=\"og:locale\" content=\"da_DK\" \/>\n<meta property=\"og:type\" content=\"article\" \/>\n<meta property=\"og:title\" content=\"Svingtr\u00e6ner - Mekulo DK\" \/>\n<meta property=\"og:description\" content=\"\u26f3Denne svingtr\u00e6ner hj\u00e6lper dig med at \u00f8ve korrekt greb, rytme og svingtiming med realistisk feedback. \ud83c\udfcc\ufe0fThe udtr\u00e6kkeligt skaft og slaglyd guider din bev\u00e6gelse og g\u00f8r tr\u00e6ningen effektiv, selv uden bold. \ud83c\udfe0Den er perfekt til opvarmning, hjemmetr\u00e6ning eller til at forbedre ensartetheden p\u00e5 banen.\" \/>\n<meta property=\"og:url\" content=\"https:\/\/mekulo.com\/dk\/produkt\/svingtraener\/\" \/>\n<meta property=\"og:site_name\" content=\"Mekulo DK\" \/>\n<meta property=\"article:modified_time\" content=\"2026-02-09T16:14:12+00:00\" \/>\n<meta property=\"og:image\" content=\"https:\/\/mekulo.com\/dk\/wp-content\/uploads\/sites\/12\/2026\/02\/neo5cn1-1.jpg\" \/>\n\t<meta property=\"og:image:width\" content=\"960\" \/>\n\t<meta property=\"og:image:height\" content=\"960\" \/>\n\t<meta property=\"og:image:type\" content=\"image\/jpeg\" \/>\n<meta name=\"twitter:card\" content=\"summary_large_image\" \/>\n<meta name=\"twitter:label1\" content=\"Estimeret l\u00e6setid\" \/>\n\t<meta name=\"twitter:data1\" content=\"2 minutter\" \/>\n<script type=\"application\/ld+json\" class=\"yoast-schema-graph\">{\"@context\":\"https:\\\/\\\/schema.org\",\"@graph\":[{\"@type\":\"WebPage\",\"@id\":\"https:\\\/\\\/mekulo.com\\\/dk\\\/produkt\\\/svingtraener\\\/\",\"url\":\"https:\\\/\\\/mekulo.com\\\/dk\\\/produkt\\\/svingtraener\\\/\",\"name\":\"Svingtr\u00e6ner - Mekulo DK\",\"isPartOf\":{\"@id\":\"https:\\\/\\\/mekulo.com\\\/dk\\\/#website\"},\"primaryImageOfPage\":{\"@id\":\"https:\\\/\\\/mekulo.com\\\/dk\\\/produkt\\\/svingtraener\\\/#primaryimage\"},\"image\":{\"@id\":\"https:\\\/\\\/mekulo.com\\\/dk\\\/produkt\\\/svingtraener\\\/#primaryimage\"},\"thumbnailUrl\":\"https:\\\/\\\/mekulo.com\\\/dk\\\/wp-content\\\/uploads\\\/sites\\\/12\\\/2026\\\/02\\\/neo5cn1-1.jpg\",\"datePublished\":\"2026-02-09T16:13:55+00:00\",\"dateModified\":\"2026-02-09T16:14:12+00:00\",\"breadcrumb\":{\"@id\":\"https:\\\/\\\/mekulo.com\\\/dk\\\/produkt\\\/svingtraener\\\/#breadcrumb\"},\"inLanguage\":\"da-DK\",\"potentialAction\":[{\"@type\":\"ReadAction\",\"target\":[\"https:\\\/\\\/mekulo.com\\\/dk\\\/produkt\\\/svingtraener\\\/\"]}]},{\"@type\":\"ImageObject\",\"inLanguage\":\"da-DK\",\"@id\":\"https:\\\/\\\/mekulo.com\\\/dk\\\/produkt\\\/svingtraener\\\/#primaryimage\",\"url\":\"https:\\\/\\\/mekulo.com\\\/dk\\\/wp-content\\\/uploads\\\/sites\\\/12\\\/2026\\\/02\\\/neo5cn1-1.jpg\",\"contentUrl\":\"https:\\\/\\\/mekulo.com\\\/dk\\\/wp-content\\\/uploads\\\/sites\\\/12\\\/2026\\\/02\\\/neo5cn1-1.jpg\",\"width\":960,\"height\":960},{\"@type\":\"BreadcrumbList\",\"@id\":\"https:\\\/\\\/mekulo.com\\\/dk\\\/produkt\\\/svingtraener\\\/#breadcrumb\",\"itemListElement\":[{\"@type\":\"ListItem\",\"position\":1,\"name\":\"Home\",\"item\":\"https:\\\/\\\/mekulo.com\\\/dk\\\/\"},{\"@type\":\"ListItem\",\"position\":2,\"name\":\"Butik\",\"item\":\"https:\\\/\\\/mekulo.com\\\/dk\\\/butik\\\/\"},{\"@type\":\"ListItem\",\"position\":3,\"name\":\"Svingtr\u00e6ner\"}]},{\"@type\":\"WebSite\",\"@id\":\"https:\\\/\\\/mekulo.com\\\/dk\\\/#website\",\"url\":\"https:\\\/\\\/mekulo.com\\\/dk\\\/\",\"name\":\"Mekulo DK\",\"description\":\"\",\"publisher\":{\"@id\":\"https:\\\/\\\/mekulo.com\\\/dk\\\/#organization\"},\"potentialAction\":[{\"@type\":\"SearchAction\",\"target\":{\"@type\":\"EntryPoint\",\"urlTemplate\":\"https:\\\/\\\/mekulo.com\\\/dk\\\/?s={search_term_string}\"},\"query-input\":{\"@type\":\"PropertyValueSpecification\",\"valueRequired\":true,\"valueName\":\"search_term_string\"}}],\"inLanguage\":\"da-DK\"},{\"@type\":\"Organization\",\"@id\":\"https:\\\/\\\/mekulo.com\\\/dk\\\/#organization\",\"name\":\"Mekulo\",\"url\":\"https:\\\/\\\/mekulo.com\\\/dk\\\/\",\"logo\":{\"@type\":\"ImageObject\",\"inLanguage\":\"da-DK\",\"@id\":\"https:\\\/\\\/mekulo.com\\\/dk\\\/#\\\/schema\\\/logo\\\/image\\\/\",\"url\":\"https:\\\/\\\/mekulo.com\\\/dk\\\/wp-content\\\/uploads\\\/sites\\\/12\\\/2025\\\/12\\\/favicon_mekulo.png\",\"contentUrl\":\"https:\\\/\\\/mekulo.com\\\/dk\\\/wp-content\\\/uploads\\\/sites\\\/12\\\/2025\\\/12\\\/favicon_mekulo.png\",\"width\":50,\"height\":50,\"caption\":\"Mekulo\"},\"image\":{\"@id\":\"https:\\\/\\\/mekulo.com\\\/dk\\\/#\\\/schema\\\/logo\\\/image\\\/\"}}]}<\/script>\n<!-- \/ Yoast SEO plugin. -->","yoast_head_json":{"title":"Svingtr\u00e6ner - Mekulo DK","robots":{"index":"index","follow":"follow","max-snippet":"max-snippet:-1","max-image-preview":"max-image-preview:large","max-video-preview":"max-video-preview:-1"},"canonical":"https:\/\/mekulo.com\/dk\/produkt\/svingtraener\/","og_locale":"da_DK","og_type":"article","og_title":"Svingtr\u00e6ner - Mekulo DK","og_description":"\u26f3Denne svingtr\u00e6ner hj\u00e6lper dig med at \u00f8ve korrekt greb, rytme og svingtiming med realistisk feedback. \ud83c\udfcc\ufe0fThe udtr\u00e6kkeligt skaft og slaglyd guider din bev\u00e6gelse og g\u00f8r tr\u00e6ningen effektiv, selv uden bold. \ud83c\udfe0Den er perfekt til opvarmning, hjemmetr\u00e6ning eller til at forbedre ensartetheden p\u00e5 banen.","og_url":"https:\/\/mekulo.com\/dk\/produkt\/svingtraener\/","og_site_name":"Mekulo DK","article_modified_time":"2026-02-09T16:14:12+00:00","og_image":[{"width":960,"height":960,"url":"https:\/\/mekulo.com\/dk\/wp-content\/uploads\/sites\/12\/2026\/02\/neo5cn1-1.jpg","type":"image\/jpeg"}],"twitter_card":"summary_large_image","twitter_misc":{"Estimeret l\u00e6setid":"2 minutter"},"schema":{"@context":"https:\/\/schema.org","@graph":[{"@type":"WebPage","@id":"https:\/\/mekulo.com\/dk\/produkt\/svingtraener\/","url":"https:\/\/mekulo.com\/dk\/produkt\/svingtraener\/","name":"Svingtr\u00e6ner - Mekulo DK","isPartOf":{"@id":"https:\/\/mekulo.com\/dk\/#website"},"primaryImageOfPage":{"@id":"https:\/\/mekulo.com\/dk\/produkt\/svingtraener\/#primaryimage"},"image":{"@id":"https:\/\/mekulo.com\/dk\/produkt\/svingtraener\/#primaryimage"},"thumbnailUrl":"https:\/\/mekulo.com\/dk\/wp-content\/uploads\/sites\/12\/2026\/02\/neo5cn1-1.jpg","datePublished":"2026-02-09T16:13:55+00:00","dateModified":"2026-02-09T16:14:12+00:00","breadcrumb":{"@id":"https:\/\/mekulo.com\/dk\/produkt\/svingtraener\/#breadcrumb"},"inLanguage":"da-DK","potentialAction":[{"@type":"ReadAction","target":["https:\/\/mekulo.com\/dk\/produkt\/svingtraener\/"]}]},{"@type":"ImageObject","inLanguage":"da-DK","@id":"https:\/\/mekulo.com\/dk\/produkt\/svingtraener\/#primaryimage","url":"https:\/\/mekulo.com\/dk\/wp-content\/uploads\/sites\/12\/2026\/02\/neo5cn1-1.jpg","contentUrl":"https:\/\/mekulo.com\/dk\/wp-content\/uploads\/sites\/12\/2026\/02\/neo5cn1-1.jpg","width":960,"height":960},{"@type":"BreadcrumbList","@id":"https:\/\/mekulo.com\/dk\/produkt\/svingtraener\/#breadcrumb","itemListElement":[{"@type":"ListItem","position":1,"name":"Home","item":"https:\/\/mekulo.com\/dk\/"},{"@type":"ListItem","position":2,"name":"Butik","item":"https:\/\/mekulo.com\/dk\/butik\/"},{"@type":"ListItem","position":3,"name":"Svingtr\u00e6ner"}]},{"@type":"WebSite","@id":"https:\/\/mekulo.com\/dk\/#website","url":"https:\/\/mekulo.com\/dk\/","name":"Mekulo DK","description":"","publisher":{"@id":"https:\/\/mekulo.com\/dk\/#organization"},"potentialAction":[{"@type":"SearchAction","target":{"@type":"EntryPoint","urlTemplate":"https:\/\/mekulo.com\/dk\/?s={search_term_string}"},"query-input":{"@type":"PropertyValueSpecification","valueRequired":true,"valueName":"search_term_string"}}],"inLanguage":"da-DK"},{"@type":"Organization","@id":"https:\/\/mekulo.com\/dk\/#organization","name":"Mekulo","url":"https:\/\/mekulo.com\/dk\/","logo":{"@type":"ImageObject","inLanguage":"da-DK","@id":"https:\/\/mekulo.com\/dk\/#\/schema\/logo\/image\/","url":"https:\/\/mekulo.com\/dk\/wp-content\/uploads\/sites\/12\/2025\/12\/favicon_mekulo.png","contentUrl":"https:\/\/mekulo.com\/dk\/wp-content\/uploads\/sites\/12\/2025\/12\/favicon_mekulo.png","width":50,"height":50,"caption":"Mekulo"},"image":{"@id":"https:\/\/mekulo.com\/dk\/#\/schema\/logo\/image\/"}}]}},"_links":{"self":[{"href":"https:\/\/mekulo.com\/dk\/wp-json\/wp\/v2\/product\/22997","targetHints":{"allow":["GET"]}}],"collection":[{"href":"https:\/\/mekulo.com\/dk\/wp-json\/wp\/v2\/product"}],"about":[{"href":"https:\/\/mekulo.com\/dk\/wp-json\/wp\/v2\/types\/product"}],"replies":[{"embeddable":true,"href":"https:\/\/mekulo.com\/dk\/wp-json\/wp\/v2\/comments?post=22997"}],"wp:featuredmedia":[{"embeddable":true,"href":"https:\/\/mekulo.com\/dk\/wp-json\/wp\/v2\/media\/22993"}],"wp:attachment":[{"href":"https:\/\/mekulo.com\/dk\/wp-json\/wp\/v2\/media?parent=22997"}],"wp:term":[{"taxonomy":"product_brand","embeddable":true,"href":"https:\/\/mekulo.com\/dk\/wp-json\/wp\/v2\/product_brand?post=22997"},{"taxonomy":"product_cat","embeddable":true,"href":"https:\/\/mekulo.com\/dk\/wp-json\/wp\/v2\/product_cat?post=22997"},{"taxonomy":"product_tag","embeddable":true,"href":"https:\/\/mekulo.com\/dk\/wp-json\/wp\/v2\/product_tag?post=22997"}],"curies":[{"name":"wp","href":"https:\/\/api.w.org\/{rel}","templated":true}]}}