{"id":22970,"date":"2026-02-09T15:25:34","date_gmt":"2026-02-09T13:25:34","guid":{"rendered":"https:\/\/mekulo.com\/dk\/produkt\/hylde-til-badevaerelset\/"},"modified":"2026-02-09T15:25:44","modified_gmt":"2026-02-09T13:25:44","slug":"hylde-til-badevaerelset","status":"publish","type":"product","link":"https:\/\/mekulo.com\/dk\/produkt\/hylde-til-badevaerelset\/","title":{"rendered":"Hylde til badev\u00e6relset"},"content":{"rendered":"<h2 class=\"font-claude-response-body break-words whitespace-normal leading-[1.7]\" style=\"text-align: center\"><strong>Forvandl Rodede Rum Til Organiserede Zoner Med Denne Opbevaringsl\u00f8sning Med Sugekop, Der Er Nem At Installere.<\/strong><\/h2>\n<h4 style=\"text-align: center\"><img fetchpriority=\"high\" decoding=\"async\" class=\"aligncenter\" src=\"https:\/\/m.media-amazon.com\/images\/I\/711qCR6yYyL._AC_SL1500_.jpg\" width=\"652\" height=\"652\" \/><\/h4>\n<h2><\/h2>\n<h2 class=\"text-text-100 mt-3 -mb-1 text-[1.125rem] font-bold\" style=\"text-align: center\">Vigtigste Fordele \u2728<\/h2>\n<p class=\"font-claude-response-body break-words whitespace-normal leading-[1.7]\" style=\"text-align: center\">\ud83d\udd27 Ingen boring n\u00f8dvendig &#8211; Montering af sugekopper tager kun f\u00e5 minutter uden at beskadige v\u00e6ggen<\/p>\n<p class=\"font-claude-response-body break-words whitespace-normal leading-[1.7]\" style=\"text-align: center\">\ud83d\udcaa St\u00e6rk &amp; Holdbar &#8211; Materiale af h\u00f8j kvalitet modst\u00e5r brud og slid for langvarig brug<\/p>\n<p class=\"font-claude-response-body break-words whitespace-normal leading-[1.7]\" style=\"text-align: center\">\ud83d\udca7 Design med bundafl\u00f8b &#8211; Vand l\u00f8ber automatisk v\u00e6k og holder genstande rene og t\u00f8rre<\/p>\n<p class=\"font-claude-response-body break-words whitespace-normal leading-[1.7]\" style=\"text-align: center\">\ud83d\udce6 Stor opbevaringskapacitet &#8211; Har plads til badeprodukter, k\u00f8kkenting, toiletartikler og daglige forn\u00f8denheder<\/p>\n<p class=\"font-claude-response-body break-words whitespace-normal leading-[1.7]\" style=\"text-align: center\">\ud83c\udfe0 Universel anvendelse &#8211; Fungerer i badev\u00e6relser, k\u00f8kkener, sovev\u00e6relser, kontorer, garager og meget mere<\/p>\n<p class=\"font-claude-response-body break-words whitespace-normal leading-[1.7]\" style=\"text-align: center\">\ud83e\uddfc Let at reng\u00f8re &#8211; Aftageligt design giver hurtig reng\u00f8ring, n\u00e5r det er n\u00f8dvendigt<\/p>\n<h2><\/h2>\n<p style=\"text-align: center\"><img decoding=\"async\" class=\"\" src=\"https:\/\/m.media-amazon.com\/images\/I\/71cGD3g8VtL._AC_SL1500_.jpg\" width=\"839\" height=\"443\" \/><\/p>\n<h2 class=\"text-text-100 mt-3 -mb-1 text-[1.125rem] font-bold\" style=\"text-align: center\">S\u00e5dan Bruges<\/h2>\n<ol class=\"[li_&amp;]:mb-0 [li_&amp;]:mt-1 [li_&amp;]:gap-1 [&amp;:not(:last-child)_ul]:pb-1 [&amp;:not(:last-child)_ol]:pb-1 list-decimal flex flex-col gap-1 pl-8 mb-3\" style=\"text-align: center\">\n<li class=\"whitespace-normal break-words pl-2\" style=\"text-align: left\">V\u00e6lg din hyldest\u00f8rrelse (lille, stor eller begge dele)<\/li>\n<li class=\"whitespace-normal break-words pl-2\" style=\"text-align: left\">Reng\u00f8r og t\u00f8r v\u00e6goverfladen, hvor du vil montere hylden<\/li>\n<li class=\"whitespace-normal break-words pl-2\" style=\"text-align: left\">Tryk sugekopperne fast mod den glatte v\u00e6goverflade<\/li>\n<li class=\"whitespace-normal break-words pl-2\" style=\"text-align: left\">Vent et \u00f8jeblik, til suget sidder fast<\/li>\n<li class=\"whitespace-normal break-words pl-2\" style=\"text-align: left\">Placer dine ting i kurven &#8211; de nederste afl\u00f8bshuller lader vandet slippe ud<\/li>\n<li class=\"whitespace-normal break-words pl-2\" style=\"text-align: left\">For at fjerne eller reng\u00f8re skal du blot tr\u00e6kke i sugekoppen og l\u00f8sne den<\/li>\n<\/ol>\n<p style=\"text-align: center\"><img decoding=\"async\" class=\"\" src=\"https:\/\/m.media-amazon.com\/images\/I\/81bERjLgUaL._AC_SL1500_.jpg\" width=\"591\" height=\"591\" \/><\/p>\n<h2 style=\"text-align: center\">Stor Kapacitet<\/h2>\n<p style=\"text-align: center\">Denne opbevaringshylde har en stor kapacitet og et design med bundafl\u00f8b. Den kan opbevare daglige forn\u00f8denheder, badeartikler, k\u00f8kkenkrydderier og andre ting i rummet.<\/p>\n<p style=\"text-align: center\"><img loading=\"lazy\" decoding=\"async\" class=\"\" src=\"https:\/\/m.media-amazon.com\/images\/I\/711qCR6yYyL._AC_SL1500_.jpg\" width=\"641\" height=\"641\" \/><\/p>\n<h2 class=\"text-text-100 mt-3 -mb-1 text-[1.125rem] font-bold\" style=\"text-align: center\">Produktdetaljer<\/h2>\n<ul class=\"[li_&amp;]:mb-0 [li_&amp;]:mt-1 [li_&amp;]:gap-1 [&amp;:not(:last-child)_ul]:pb-1 [&amp;:not(:last-child)_ol]:pb-1 list-disc flex flex-col gap-1 pl-8 mb-3\" style=\"text-align: center\">\n<li class=\"whitespace-normal break-words pl-2\" style=\"text-align: left\">Materiale: Slidst\u00e6rk plast af h\u00f8j kvalitet<\/li>\n<li class=\"whitespace-normal break-words pl-2\" style=\"text-align: left\">Installation: Sugekop (kr\u00e6ver ikke boring)<\/li>\n<li class=\"whitespace-normal break-words pl-2\" style=\"text-align: left\">St\u00f8rrelsesmuligheder: Lille, stor eller begge dele<\/li>\n<li class=\"whitespace-normal break-words pl-2\" style=\"text-align: left\">Designfunktion: Bundafl\u00f8bshuller til vandafl\u00f8b<\/li>\n<li class=\"whitespace-normal break-words pl-2\" style=\"text-align: left\">Garanti: 30 dages pengene-tilbage-garanti<\/li>\n<\/ul>\n<p style=\"text-align: center\"><img loading=\"lazy\" decoding=\"async\" class=\"\" src=\"https:\/\/m.media-amazon.com\/images\/I\/71tJEKumWOL._AC_SL1500_.jpg\" width=\"734\" height=\"734\" \/><\/p>\n<h2 class=\"text-text-100 mt-3 -mb-1 text-[1.125rem] font-bold\" style=\"text-align: center\">Pakken Indeholder<\/h2>\n<ul class=\"[li_&amp;]:mb-0 [li_&amp;]:mt-1 [li_&amp;]:gap-1 [&amp;:not(:last-child)_ul]:pb-1 [&amp;:not(:last-child)_ol]:pb-1 list-disc flex flex-col gap-1 pl-8 mb-3\">\n<li class=\"whitespace-normal break-words pl-2\" style=\"text-align: center\">1x badev\u00e6relseshylde med sugekopper (lille st\u00f8rrelse)<\/li>\n<li class=\"whitespace-normal break-words pl-2\" style=\"text-align: center\">1x badev\u00e6relseshylde med sugekopper (stor st\u00f8rrelse)<\/li>\n<li class=\"whitespace-normal break-words pl-2\" style=\"text-align: center\">2x badev\u00e6relseshylder med sugekopper (hvis &#8220;Begge&#8221; er valgt)<\/li>\n<\/ul>\n","protected":false},"excerpt":{"rendered":"<p>Ingen boring, ingen skader, intet besv\u00e6r. Denne alsidige badev\u00e6relseshylde bruger kraftige sugekopper til at montere sikkert p\u00e5 enhver glat overflade p\u00e5 f\u00e5 sekunder. Det holdbare, slidst\u00e6rke design har et smart afl\u00f8bssystem i bunden, som holder tingene t\u00f8rre og organiserede, hvilket g\u00f8r den perfekt til badev\u00e6relser, k\u00f8kkener eller andre rum, hvor der er brug for ekstra opbevaringsplads.<\/p>\n","protected":false},"featured_media":22965,"comment_status":"open","ping_status":"closed","template":"","meta":{"site-sidebar-layout":"default","site-content-layout":"","ast-site-content-layout":"default","site-content-style":"default","site-sidebar-style":"default","ast-global-header-display":"","ast-banner-title-visibility":"","ast-main-header-display":"","ast-hfb-above-header-display":"","ast-hfb-below-header-display":"","ast-hfb-mobile-header-display":"","site-post-title":"","ast-breadcrumbs-content":"","ast-featured-img":"","footer-sml-layout":"","ast-disable-related-posts":"","theme-transparent-header-meta":"default","adv-header-id-meta":"","stick-header-meta":"","header-above-stick-meta":"","header-main-stick-meta":"","header-below-stick-meta":"","astra-migrate-meta-layouts":"set","ast-page-background-enabled":"default","ast-page-background-meta":{"desktop":{"background-color":"var(--ast-global-color-5)","background-image":"","background-repeat":"repeat","background-position":"center center","background-size":"auto","background-attachment":"scroll","background-type":"","background-media":"","overlay-type":"","overlay-color":"","overlay-opacity":"","overlay-gradient":""},"tablet":{"background-color":"","background-image":"","background-repeat":"repeat","background-position":"center center","background-size":"auto","background-attachment":"scroll","background-type":"","background-media":"","overlay-type":"","overlay-color":"","overlay-opacity":"","overlay-gradient":""},"mobile":{"background-color":"","background-image":"","background-repeat":"repeat","background-position":"center center","background-size":"auto","background-attachment":"scroll","background-type":"","background-media":"","overlay-type":"","overlay-color":"","overlay-opacity":"","overlay-gradient":""}},"ast-content-background-meta":{"desktop":{"background-color":"var(--ast-global-color-4)","background-image":"","background-repeat":"repeat","background-position":"center center","background-size":"auto","background-attachment":"scroll","background-type":"","background-media":"","overlay-type":"","overlay-color":"","overlay-opacity":"","overlay-gradient":""},"tablet":{"background-color":"var(--ast-global-color-4)","background-image":"","background-repeat":"repeat","background-position":"center center","background-size":"auto","background-attachment":"scroll","background-type":"","background-media":"","overlay-type":"","overlay-color":"","overlay-opacity":"","overlay-gradient":""},"mobile":{"background-color":"var(--ast-global-color-4)","background-image":"","background-repeat":"repeat","background-position":"center center","background-size":"auto","background-attachment":"scroll","background-type":"","background-media":"","overlay-type":"","overlay-color":"","overlay-opacity":"","overlay-gradient":""}}},"product_brand":[],"product_cat":[168,162],"product_tag":[],"class_list":{"0":"post-22970","1":"product","2":"type-product","3":"status-publish","4":"has-post-thumbnail","6":"product_cat-husholdningsartikler","7":"product_cat-skoenheds-og-hygiejneprodukter","8":"pa_14598_f50gany0-lille","9":"pa_14598_f50gany0-stor","10":"pa_14598_f50gany0-stor-lille","11":"desktop-align-left","12":"tablet-align-left","13":"mobile-align-left","15":"first","16":"instock","17":"shipping-taxable","18":"purchasable","19":"product-type-variable"},"yoast_head":"<!-- This site is optimized with the Yoast SEO plugin v27.4 - https:\/\/yoast.com\/product\/yoast-seo-wordpress\/ -->\n<title>Hylde til badev\u00e6relset - Mekulo DK<\/title>\n<meta name=\"robots\" content=\"index, follow, max-snippet:-1, max-image-preview:large, max-video-preview:-1\" \/>\n<link rel=\"canonical\" href=\"https:\/\/mekulo.com\/dk\/produkt\/hylde-til-badevaerelset\/\" \/>\n<meta property=\"og:locale\" content=\"da_DK\" \/>\n<meta property=\"og:type\" content=\"article\" \/>\n<meta property=\"og:title\" content=\"Hylde til badev\u00e6relset - Mekulo DK\" \/>\n<meta property=\"og:description\" content=\"Ingen boring, ingen skader, intet besv\u00e6r. Denne alsidige badev\u00e6relseshylde bruger kraftige sugekopper til at montere sikkert p\u00e5 enhver glat overflade p\u00e5 f\u00e5 sekunder. Det holdbare, slidst\u00e6rke design har et smart afl\u00f8bssystem i bunden, som holder tingene t\u00f8rre og organiserede, hvilket g\u00f8r den perfekt til badev\u00e6relser, k\u00f8kkener eller andre rum, hvor der er brug for ekstra opbevaringsplads.\" \/>\n<meta property=\"og:url\" content=\"https:\/\/mekulo.com\/dk\/produkt\/hylde-til-badevaerelset\/\" \/>\n<meta property=\"og:site_name\" content=\"Mekulo DK\" \/>\n<meta property=\"article:modified_time\" content=\"2026-02-09T13:25:44+00:00\" \/>\n<meta property=\"og:image\" content=\"https:\/\/mekulo.com\/dk\/wp-content\/uploads\/sites\/12\/2026\/02\/55woq32-1.webp\" \/>\n\t<meta property=\"og:image:width\" content=\"800\" \/>\n\t<meta property=\"og:image:height\" content=\"800\" \/>\n\t<meta property=\"og:image:type\" content=\"image\/webp\" \/>\n<meta name=\"twitter:card\" content=\"summary_large_image\" \/>\n<meta name=\"twitter:label1\" content=\"Estimeret l\u00e6setid\" \/>\n\t<meta name=\"twitter:data1\" content=\"3 minutter\" \/>\n<script type=\"application\/ld+json\" class=\"yoast-schema-graph\">{\"@context\":\"https:\\\/\\\/schema.org\",\"@graph\":[{\"@type\":\"WebPage\",\"@id\":\"https:\\\/\\\/mekulo.com\\\/dk\\\/produkt\\\/hylde-til-badevaerelset\\\/\",\"url\":\"https:\\\/\\\/mekulo.com\\\/dk\\\/produkt\\\/hylde-til-badevaerelset\\\/\",\"name\":\"Hylde til badev\u00e6relset - Mekulo DK\",\"isPartOf\":{\"@id\":\"https:\\\/\\\/mekulo.com\\\/dk\\\/#website\"},\"primaryImageOfPage\":{\"@id\":\"https:\\\/\\\/mekulo.com\\\/dk\\\/produkt\\\/hylde-til-badevaerelset\\\/#primaryimage\"},\"image\":{\"@id\":\"https:\\\/\\\/mekulo.com\\\/dk\\\/produkt\\\/hylde-til-badevaerelset\\\/#primaryimage\"},\"thumbnailUrl\":\"https:\\\/\\\/mekulo.com\\\/dk\\\/wp-content\\\/uploads\\\/sites\\\/12\\\/2026\\\/02\\\/55woq32-1.webp\",\"datePublished\":\"2026-02-09T13:25:34+00:00\",\"dateModified\":\"2026-02-09T13:25:44+00:00\",\"breadcrumb\":{\"@id\":\"https:\\\/\\\/mekulo.com\\\/dk\\\/produkt\\\/hylde-til-badevaerelset\\\/#breadcrumb\"},\"inLanguage\":\"da-DK\",\"potentialAction\":[{\"@type\":\"ReadAction\",\"target\":[\"https:\\\/\\\/mekulo.com\\\/dk\\\/produkt\\\/hylde-til-badevaerelset\\\/\"]}]},{\"@type\":\"ImageObject\",\"inLanguage\":\"da-DK\",\"@id\":\"https:\\\/\\\/mekulo.com\\\/dk\\\/produkt\\\/hylde-til-badevaerelset\\\/#primaryimage\",\"url\":\"https:\\\/\\\/mekulo.com\\\/dk\\\/wp-content\\\/uploads\\\/sites\\\/12\\\/2026\\\/02\\\/55woq32-1.webp\",\"contentUrl\":\"https:\\\/\\\/mekulo.com\\\/dk\\\/wp-content\\\/uploads\\\/sites\\\/12\\\/2026\\\/02\\\/55woq32-1.webp\",\"width\":800,\"height\":800},{\"@type\":\"BreadcrumbList\",\"@id\":\"https:\\\/\\\/mekulo.com\\\/dk\\\/produkt\\\/hylde-til-badevaerelset\\\/#breadcrumb\",\"itemListElement\":[{\"@type\":\"ListItem\",\"position\":1,\"name\":\"Home\",\"item\":\"https:\\\/\\\/mekulo.com\\\/dk\\\/\"},{\"@type\":\"ListItem\",\"position\":2,\"name\":\"Butik\",\"item\":\"https:\\\/\\\/mekulo.com\\\/dk\\\/butik\\\/\"},{\"@type\":\"ListItem\",\"position\":3,\"name\":\"Hylde til badev\u00e6relset\"}]},{\"@type\":\"WebSite\",\"@id\":\"https:\\\/\\\/mekulo.com\\\/dk\\\/#website\",\"url\":\"https:\\\/\\\/mekulo.com\\\/dk\\\/\",\"name\":\"Mekulo DK\",\"description\":\"\",\"publisher\":{\"@id\":\"https:\\\/\\\/mekulo.com\\\/dk\\\/#organization\"},\"potentialAction\":[{\"@type\":\"SearchAction\",\"target\":{\"@type\":\"EntryPoint\",\"urlTemplate\":\"https:\\\/\\\/mekulo.com\\\/dk\\\/?s={search_term_string}\"},\"query-input\":{\"@type\":\"PropertyValueSpecification\",\"valueRequired\":true,\"valueName\":\"search_term_string\"}}],\"inLanguage\":\"da-DK\"},{\"@type\":\"Organization\",\"@id\":\"https:\\\/\\\/mekulo.com\\\/dk\\\/#organization\",\"name\":\"Mekulo\",\"url\":\"https:\\\/\\\/mekulo.com\\\/dk\\\/\",\"logo\":{\"@type\":\"ImageObject\",\"inLanguage\":\"da-DK\",\"@id\":\"https:\\\/\\\/mekulo.com\\\/dk\\\/#\\\/schema\\\/logo\\\/image\\\/\",\"url\":\"https:\\\/\\\/mekulo.com\\\/dk\\\/wp-content\\\/uploads\\\/sites\\\/12\\\/2025\\\/12\\\/favicon_mekulo.png\",\"contentUrl\":\"https:\\\/\\\/mekulo.com\\\/dk\\\/wp-content\\\/uploads\\\/sites\\\/12\\\/2025\\\/12\\\/favicon_mekulo.png\",\"width\":50,\"height\":50,\"caption\":\"Mekulo\"},\"image\":{\"@id\":\"https:\\\/\\\/mekulo.com\\\/dk\\\/#\\\/schema\\\/logo\\\/image\\\/\"}}]}<\/script>\n<!-- \/ Yoast SEO plugin. -->","yoast_head_json":{"title":"Hylde til badev\u00e6relset - Mekulo DK","robots":{"index":"index","follow":"follow","max-snippet":"max-snippet:-1","max-image-preview":"max-image-preview:large","max-video-preview":"max-video-preview:-1"},"canonical":"https:\/\/mekulo.com\/dk\/produkt\/hylde-til-badevaerelset\/","og_locale":"da_DK","og_type":"article","og_title":"Hylde til badev\u00e6relset - Mekulo DK","og_description":"Ingen boring, ingen skader, intet besv\u00e6r. Denne alsidige badev\u00e6relseshylde bruger kraftige sugekopper til at montere sikkert p\u00e5 enhver glat overflade p\u00e5 f\u00e5 sekunder. Det holdbare, slidst\u00e6rke design har et smart afl\u00f8bssystem i bunden, som holder tingene t\u00f8rre og organiserede, hvilket g\u00f8r den perfekt til badev\u00e6relser, k\u00f8kkener eller andre rum, hvor der er brug for ekstra opbevaringsplads.","og_url":"https:\/\/mekulo.com\/dk\/produkt\/hylde-til-badevaerelset\/","og_site_name":"Mekulo DK","article_modified_time":"2026-02-09T13:25:44+00:00","og_image":[{"width":800,"height":800,"url":"https:\/\/mekulo.com\/dk\/wp-content\/uploads\/sites\/12\/2026\/02\/55woq32-1.webp","type":"image\/webp"}],"twitter_card":"summary_large_image","twitter_misc":{"Estimeret l\u00e6setid":"3 minutter"},"schema":{"@context":"https:\/\/schema.org","@graph":[{"@type":"WebPage","@id":"https:\/\/mekulo.com\/dk\/produkt\/hylde-til-badevaerelset\/","url":"https:\/\/mekulo.com\/dk\/produkt\/hylde-til-badevaerelset\/","name":"Hylde til badev\u00e6relset - Mekulo DK","isPartOf":{"@id":"https:\/\/mekulo.com\/dk\/#website"},"primaryImageOfPage":{"@id":"https:\/\/mekulo.com\/dk\/produkt\/hylde-til-badevaerelset\/#primaryimage"},"image":{"@id":"https:\/\/mekulo.com\/dk\/produkt\/hylde-til-badevaerelset\/#primaryimage"},"thumbnailUrl":"https:\/\/mekulo.com\/dk\/wp-content\/uploads\/sites\/12\/2026\/02\/55woq32-1.webp","datePublished":"2026-02-09T13:25:34+00:00","dateModified":"2026-02-09T13:25:44+00:00","breadcrumb":{"@id":"https:\/\/mekulo.com\/dk\/produkt\/hylde-til-badevaerelset\/#breadcrumb"},"inLanguage":"da-DK","potentialAction":[{"@type":"ReadAction","target":["https:\/\/mekulo.com\/dk\/produkt\/hylde-til-badevaerelset\/"]}]},{"@type":"ImageObject","inLanguage":"da-DK","@id":"https:\/\/mekulo.com\/dk\/produkt\/hylde-til-badevaerelset\/#primaryimage","url":"https:\/\/mekulo.com\/dk\/wp-content\/uploads\/sites\/12\/2026\/02\/55woq32-1.webp","contentUrl":"https:\/\/mekulo.com\/dk\/wp-content\/uploads\/sites\/12\/2026\/02\/55woq32-1.webp","width":800,"height":800},{"@type":"BreadcrumbList","@id":"https:\/\/mekulo.com\/dk\/produkt\/hylde-til-badevaerelset\/#breadcrumb","itemListElement":[{"@type":"ListItem","position":1,"name":"Home","item":"https:\/\/mekulo.com\/dk\/"},{"@type":"ListItem","position":2,"name":"Butik","item":"https:\/\/mekulo.com\/dk\/butik\/"},{"@type":"ListItem","position":3,"name":"Hylde til badev\u00e6relset"}]},{"@type":"WebSite","@id":"https:\/\/mekulo.com\/dk\/#website","url":"https:\/\/mekulo.com\/dk\/","name":"Mekulo DK","description":"","publisher":{"@id":"https:\/\/mekulo.com\/dk\/#organization"},"potentialAction":[{"@type":"SearchAction","target":{"@type":"EntryPoint","urlTemplate":"https:\/\/mekulo.com\/dk\/?s={search_term_string}"},"query-input":{"@type":"PropertyValueSpecification","valueRequired":true,"valueName":"search_term_string"}}],"inLanguage":"da-DK"},{"@type":"Organization","@id":"https:\/\/mekulo.com\/dk\/#organization","name":"Mekulo","url":"https:\/\/mekulo.com\/dk\/","logo":{"@type":"ImageObject","inLanguage":"da-DK","@id":"https:\/\/mekulo.com\/dk\/#\/schema\/logo\/image\/","url":"https:\/\/mekulo.com\/dk\/wp-content\/uploads\/sites\/12\/2025\/12\/favicon_mekulo.png","contentUrl":"https:\/\/mekulo.com\/dk\/wp-content\/uploads\/sites\/12\/2025\/12\/favicon_mekulo.png","width":50,"height":50,"caption":"Mekulo"},"image":{"@id":"https:\/\/mekulo.com\/dk\/#\/schema\/logo\/image\/"}}]}},"_links":{"self":[{"href":"https:\/\/mekulo.com\/dk\/wp-json\/wp\/v2\/product\/22970","targetHints":{"allow":["GET"]}}],"collection":[{"href":"https:\/\/mekulo.com\/dk\/wp-json\/wp\/v2\/product"}],"about":[{"href":"https:\/\/mekulo.com\/dk\/wp-json\/wp\/v2\/types\/product"}],"replies":[{"embeddable":true,"href":"https:\/\/mekulo.com\/dk\/wp-json\/wp\/v2\/comments?post=22970"}],"wp:featuredmedia":[{"embeddable":true,"href":"https:\/\/mekulo.com\/dk\/wp-json\/wp\/v2\/media\/22965"}],"wp:attachment":[{"href":"https:\/\/mekulo.com\/dk\/wp-json\/wp\/v2\/media?parent=22970"}],"wp:term":[{"taxonomy":"product_brand","embeddable":true,"href":"https:\/\/mekulo.com\/dk\/wp-json\/wp\/v2\/product_brand?post=22970"},{"taxonomy":"product_cat","embeddable":true,"href":"https:\/\/mekulo.com\/dk\/wp-json\/wp\/v2\/product_cat?post=22970"},{"taxonomy":"product_tag","embeddable":true,"href":"https:\/\/mekulo.com\/dk\/wp-json\/wp\/v2\/product_tag?post=22970"}],"curies":[{"name":"wp","href":"https:\/\/api.w.org\/{rel}","templated":true}]}}