{"id":22943,"date":"2026-02-09T14:47:48","date_gmt":"2026-02-09T12:47:48","guid":{"rendered":"https:\/\/mekulo.com\/dk\/produkt\/holder-til-aeg\/"},"modified":"2026-03-02T14:53:08","modified_gmt":"2026-03-02T12:53:08","slug":"holder-til-aeg","status":"publish","type":"product","link":"https:\/\/mekulo.com\/dk\/produkt\/holder-til-aeg\/","title":{"rendered":"Holder til \u00e6g"},"content":{"rendered":"<div class=\"text-base my-auto mx-auto pb-10 [--thread-content-margin:--spacing(4)] @w-sm\/main:[--thread-content-margin:--spacing(6)] @w-lg\/main:[--thread-content-margin:--spacing(16)] px-(--thread-content-margin)\">\n<div class=\"[--thread-content-max-width:40rem] @w-lg\/main:[--thread-content-max-width:48rem] mx-auto max-w-(--thread-content-max-width) flex-1 group\/turn-messages focus-visible:outline-hidden relative flex w-full min-w-0 flex-col agent-turn\">\n<div class=\"flex max-w-full flex-col grow\">\n<h2 style=\"text-align: center\">Hold dine \u00e6g organiseret og altid inden for r\u00e6kkevidde.<\/h2>\n<\/div>\n<\/div>\n<\/div>\n<p><img decoding=\"async\" class=\"alignnone size-medium wp-image-2304 aligncenter\" src=\"https:\/\/keluvo.com\/template\/wp-content\/uploads\/sites\/5\/2024\/10\/6346645c-a9b0-4a72-a594-ae768a94bc60.webp\" alt=\"\" \/><\/p>\n<h3 style=\"text-align: center\" data-start=\"246\" data-end=\"266\">\ud83e\udd5a Hovedfordele<\/h3>\n<h2><\/h2>\n<p style=\"text-align: center\" data-start=\"269\" data-end=\"335\">\ud83d\udd04 Automatisk rullende design &#8211; \u00c6ggene bev\u00e6ger sig fremad af sig selv<\/p>\n<p style=\"text-align: center\" data-start=\"338\" data-end=\"391\">\ud83d\udce6 Stor kapacitet &#8211; Holder flere \u00e6g p\u00e5 \u00e9n gang<\/p>\n<p style=\"text-align: center\" data-start=\"394\" data-end=\"454\">\ud83e\uddca K\u00f8leskabsvenlig &#8211; Passer p\u00e6nt uden at spilde plads<\/p>\n<p style=\"text-align: center\" data-start=\"457\" data-end=\"512\">\ud83e\uddfc Nem adgang &#8211; Ingen grund til at flytte hele holderen<\/p>\n<p style=\"text-align: center\" data-start=\"515\" data-end=\"577\">\ud83c\udfe0 Renere organisation &#8211; Holder \u00e6ggene samlet p\u00e5 \u00e9t sted<\/p>\n<h2 style=\"text-align: center\"><img decoding=\"async\" class=\"alignnone size-medium wp-image-2305 aligncenter\" style=\"font-size: 16px;font-style: inherit;font-weight: inherit\" src=\"https:\/\/keluvo.com\/template\/wp-content\/uploads\/sites\/5\/2024\/10\/bb5b5602-cd61-460b-8100-04ac6d924773.webp\" alt=\"\" \/><\/h2>\n<h3 style=\"text-align: center\" data-start=\"777\" data-end=\"799\">\ud83d\udccf Produktdetaljer<\/h3>\n<h2><\/h2>\n<ul data-start=\"800\" data-end=\"942\">\n<li data-start=\"800\" data-end=\"840\">\n<p data-start=\"802\" data-end=\"840\">Automatisk rullende \u00e6ggeholder<\/p>\n<\/li>\n<li data-start=\"841\" data-end=\"874\">\n<p data-start=\"843\" data-end=\"874\">Designet til k\u00f8leskabsbrug<\/p>\n<\/li>\n<li data-start=\"875\" data-end=\"907\">\n<p data-start=\"877\" data-end=\"907\">Pladsbesparende lodret design<\/p>\n<\/li>\n<li data-start=\"908\" data-end=\"942\">\n<p data-start=\"910\" data-end=\"942\">F\u00e5 farver: Brun, hvid<\/p>\n<\/li>\n<\/ul>\n<h3 style=\"text-align: center\" data-start=\"949\" data-end=\"972\">\ud83d\udce6 Pakken indeholder<\/h3>\n<h2><\/h2>\n<p style=\"text-align: center\" data-start=\"975\" data-end=\"991\">1 \u00d7 \u00e6ggeholder<\/p>\n<p style=\"text-align: center\" data-start=\"993\" data-end=\"1094\" data-is-last-node=\"\" data-is-only-node=\"\">En enkel og smart m\u00e5de at opbevare \u00e6g p\u00e5, spare plads og holde dit k\u00f8leskab perfekt organiseret hver dag.<\/p>\n","protected":false},"excerpt":{"rendered":"<p><span style=\"font-size: 16px\">Denne automatisk rullende \u00e6ggeholder holder k\u00f8leskabet p\u00e6nt og g\u00f8r det nemt og hurtigt at f\u00e5 fat i \u00e6g. Hvert \u00e6g ruller fremad, n\u00e5r det er taget, s\u00e5 det n\u00e6ste friske \u00e6g altid er klar.<\/span><\/p>\n","protected":false},"featured_media":22939,"comment_status":"open","ping_status":"closed","template":"","meta":{"site-sidebar-layout":"default","site-content-layout":"","ast-site-content-layout":"default","site-content-style":"default","site-sidebar-style":"default","ast-global-header-display":"","ast-banner-title-visibility":"","ast-main-header-display":"","ast-hfb-above-header-display":"","ast-hfb-below-header-display":"","ast-hfb-mobile-header-display":"","site-post-title":"","ast-breadcrumbs-content":"","ast-featured-img":"","footer-sml-layout":"","theme-transparent-header-meta":"default","adv-header-id-meta":"","stick-header-meta":"","header-above-stick-meta":"","header-main-stick-meta":"","header-below-stick-meta":"","astra-migrate-meta-layouts":"set","ast-page-background-enabled":"default","ast-page-background-meta":{"desktop":{"background-color":"var(--ast-global-color-5)","background-image":"","background-repeat":"repeat","background-position":"center center","background-size":"auto","background-attachment":"scroll","background-type":"","background-media":"","overlay-type":"","overlay-color":"","overlay-opacity":"","overlay-gradient":""},"tablet":{"background-color":"","background-image":"","background-repeat":"repeat","background-position":"center center","background-size":"auto","background-attachment":"scroll","background-type":"","background-media":"","overlay-type":"","overlay-color":"","overlay-opacity":"","overlay-gradient":""},"mobile":{"background-color":"","background-image":"","background-repeat":"repeat","background-position":"center center","background-size":"auto","background-attachment":"scroll","background-type":"","background-media":"","overlay-type":"","overlay-color":"","overlay-opacity":"","overlay-gradient":""}},"ast-content-background-meta":{"desktop":{"background-color":"var(--ast-global-color-4)","background-image":"","background-repeat":"repeat","background-position":"center center","background-size":"auto","background-attachment":"scroll","background-type":"","background-media":"","overlay-type":"","overlay-color":"","overlay-opacity":"","overlay-gradient":""},"tablet":{"background-color":"var(--ast-global-color-4)","background-image":"","background-repeat":"repeat","background-position":"center center","background-size":"auto","background-attachment":"scroll","background-type":"","background-media":"","overlay-type":"","overlay-color":"","overlay-opacity":"","overlay-gradient":""},"mobile":{"background-color":"var(--ast-global-color-4)","background-image":"","background-repeat":"repeat","background-position":"center center","background-size":"auto","background-attachment":"scroll","background-type":"","background-media":"","overlay-type":"","overlay-color":"","overlay-opacity":"","overlay-gradient":""}}},"product_brand":[],"product_cat":[168],"product_tag":[],"class_list":{"0":"post-22943","1":"product","2":"type-product","3":"status-publish","4":"has-post-thumbnail","6":"product_cat-husholdningsartikler","7":"pa_14771_olvhc1h6-brun","8":"pa_14771_olvhc1h6-hvid","9":"pa_14771_oxlgvnri-1-stk","10":"pa_14771_oxlgvnri-2-stk","11":"pa_14771_oxlgvnri-3-stk","12":"desktop-align-left","13":"tablet-align-left","14":"mobile-align-left","16":"first","17":"instock","18":"shipping-taxable","19":"purchasable","20":"product-type-variable"},"yoast_head":"<!-- This site is optimized with the Yoast SEO plugin v26.6 - https:\/\/yoast.com\/wordpress\/plugins\/seo\/ -->\n<title>Holder til \u00e6g - Mekulo DK<\/title>\n<meta name=\"robots\" content=\"index, follow, max-snippet:-1, max-image-preview:large, max-video-preview:-1\" \/>\n<link rel=\"canonical\" href=\"https:\/\/mekulo.com\/dk\/produkt\/holder-til-aeg\/\" \/>\n<meta property=\"og:locale\" content=\"da_DK\" \/>\n<meta property=\"og:type\" content=\"article\" \/>\n<meta property=\"og:title\" content=\"Holder til \u00e6g - Mekulo DK\" \/>\n<meta property=\"og:description\" content=\"Denne automatisk rullende \u00e6ggeholder holder k\u00f8leskabet p\u00e6nt og g\u00f8r det nemt og hurtigt at f\u00e5 fat i \u00e6g. Hvert \u00e6g ruller fremad, n\u00e5r det er taget, s\u00e5 det n\u00e6ste friske \u00e6g altid er klar.\" \/>\n<meta property=\"og:url\" content=\"https:\/\/mekulo.com\/dk\/produkt\/holder-til-aeg\/\" \/>\n<meta property=\"og:site_name\" content=\"Mekulo DK\" \/>\n<meta property=\"article:modified_time\" content=\"2026-03-02T12:53:08+00:00\" \/>\n<meta property=\"og:image\" content=\"https:\/\/mekulo.com\/dk\/wp-content\/uploads\/sites\/12\/2026\/02\/2jh4i7s-1.webp\" \/>\n\t<meta property=\"og:image:width\" content=\"800\" \/>\n\t<meta property=\"og:image:height\" content=\"800\" \/>\n\t<meta property=\"og:image:type\" content=\"image\/webp\" \/>\n<meta name=\"twitter:card\" content=\"summary_large_image\" \/>\n<meta name=\"twitter:label1\" content=\"Estimeret l\u00e6setid\" \/>\n\t<meta name=\"twitter:data1\" content=\"2 minutter\" \/>\n<script type=\"application\/ld+json\" class=\"yoast-schema-graph\">{\"@context\":\"https:\/\/schema.org\",\"@graph\":[{\"@type\":\"WebPage\",\"@id\":\"https:\/\/mekulo.com\/dk\/produkt\/holder-til-aeg\/\",\"url\":\"https:\/\/mekulo.com\/dk\/produkt\/holder-til-aeg\/\",\"name\":\"Holder til \u00e6g - Mekulo DK\",\"isPartOf\":{\"@id\":\"https:\/\/mekulo.com\/dk\/#website\"},\"primaryImageOfPage\":{\"@id\":\"https:\/\/mekulo.com\/dk\/produkt\/holder-til-aeg\/#primaryimage\"},\"image\":{\"@id\":\"https:\/\/mekulo.com\/dk\/produkt\/holder-til-aeg\/#primaryimage\"},\"thumbnailUrl\":\"https:\/\/mekulo.com\/dk\/wp-content\/uploads\/sites\/12\/2026\/02\/2jh4i7s-1.webp\",\"datePublished\":\"2026-02-09T12:47:48+00:00\",\"dateModified\":\"2026-03-02T12:53:08+00:00\",\"breadcrumb\":{\"@id\":\"https:\/\/mekulo.com\/dk\/produkt\/holder-til-aeg\/#breadcrumb\"},\"inLanguage\":\"da-DK\",\"potentialAction\":[{\"@type\":\"ReadAction\",\"target\":[\"https:\/\/mekulo.com\/dk\/produkt\/holder-til-aeg\/\"]}]},{\"@type\":\"ImageObject\",\"inLanguage\":\"da-DK\",\"@id\":\"https:\/\/mekulo.com\/dk\/produkt\/holder-til-aeg\/#primaryimage\",\"url\":\"https:\/\/mekulo.com\/dk\/wp-content\/uploads\/sites\/12\/2026\/02\/2jh4i7s-1.webp\",\"contentUrl\":\"https:\/\/mekulo.com\/dk\/wp-content\/uploads\/sites\/12\/2026\/02\/2jh4i7s-1.webp\",\"width\":800,\"height\":800},{\"@type\":\"BreadcrumbList\",\"@id\":\"https:\/\/mekulo.com\/dk\/produkt\/holder-til-aeg\/#breadcrumb\",\"itemListElement\":[{\"@type\":\"ListItem\",\"position\":1,\"name\":\"Home\",\"item\":\"https:\/\/mekulo.com\/dk\/\"},{\"@type\":\"ListItem\",\"position\":2,\"name\":\"Butik\",\"item\":\"https:\/\/mekulo.com\/dk\/butik\/\"},{\"@type\":\"ListItem\",\"position\":3,\"name\":\"Holder til \u00e6g\"}]},{\"@type\":\"WebSite\",\"@id\":\"https:\/\/mekulo.com\/dk\/#website\",\"url\":\"https:\/\/mekulo.com\/dk\/\",\"name\":\"Mekulo DK\",\"description\":\"\",\"publisher\":{\"@id\":\"https:\/\/mekulo.com\/dk\/#organization\"},\"potentialAction\":[{\"@type\":\"SearchAction\",\"target\":{\"@type\":\"EntryPoint\",\"urlTemplate\":\"https:\/\/mekulo.com\/dk\/?s={search_term_string}\"},\"query-input\":{\"@type\":\"PropertyValueSpecification\",\"valueRequired\":true,\"valueName\":\"search_term_string\"}}],\"inLanguage\":\"da-DK\"},{\"@type\":\"Organization\",\"@id\":\"https:\/\/mekulo.com\/dk\/#organization\",\"name\":\"Mekulo\",\"url\":\"https:\/\/mekulo.com\/dk\/\",\"logo\":{\"@type\":\"ImageObject\",\"inLanguage\":\"da-DK\",\"@id\":\"https:\/\/mekulo.com\/dk\/#\/schema\/logo\/image\/\",\"url\":\"https:\/\/mekulo.com\/dk\/wp-content\/uploads\/sites\/12\/2025\/12\/favicon_mekulo.png\",\"contentUrl\":\"https:\/\/mekulo.com\/dk\/wp-content\/uploads\/sites\/12\/2025\/12\/favicon_mekulo.png\",\"width\":50,\"height\":50,\"caption\":\"Mekulo\"},\"image\":{\"@id\":\"https:\/\/mekulo.com\/dk\/#\/schema\/logo\/image\/\"}}]}<\/script>\n<!-- \/ Yoast SEO plugin. -->","yoast_head_json":{"title":"Holder til \u00e6g - Mekulo DK","robots":{"index":"index","follow":"follow","max-snippet":"max-snippet:-1","max-image-preview":"max-image-preview:large","max-video-preview":"max-video-preview:-1"},"canonical":"https:\/\/mekulo.com\/dk\/produkt\/holder-til-aeg\/","og_locale":"da_DK","og_type":"article","og_title":"Holder til \u00e6g - Mekulo DK","og_description":"Denne automatisk rullende \u00e6ggeholder holder k\u00f8leskabet p\u00e6nt og g\u00f8r det nemt og hurtigt at f\u00e5 fat i \u00e6g. Hvert \u00e6g ruller fremad, n\u00e5r det er taget, s\u00e5 det n\u00e6ste friske \u00e6g altid er klar.","og_url":"https:\/\/mekulo.com\/dk\/produkt\/holder-til-aeg\/","og_site_name":"Mekulo DK","article_modified_time":"2026-03-02T12:53:08+00:00","og_image":[{"width":800,"height":800,"url":"https:\/\/mekulo.com\/dk\/wp-content\/uploads\/sites\/12\/2026\/02\/2jh4i7s-1.webp","type":"image\/webp"}],"twitter_card":"summary_large_image","twitter_misc":{"Estimeret l\u00e6setid":"2 minutter"},"schema":{"@context":"https:\/\/schema.org","@graph":[{"@type":"WebPage","@id":"https:\/\/mekulo.com\/dk\/produkt\/holder-til-aeg\/","url":"https:\/\/mekulo.com\/dk\/produkt\/holder-til-aeg\/","name":"Holder til \u00e6g - Mekulo DK","isPartOf":{"@id":"https:\/\/mekulo.com\/dk\/#website"},"primaryImageOfPage":{"@id":"https:\/\/mekulo.com\/dk\/produkt\/holder-til-aeg\/#primaryimage"},"image":{"@id":"https:\/\/mekulo.com\/dk\/produkt\/holder-til-aeg\/#primaryimage"},"thumbnailUrl":"https:\/\/mekulo.com\/dk\/wp-content\/uploads\/sites\/12\/2026\/02\/2jh4i7s-1.webp","datePublished":"2026-02-09T12:47:48+00:00","dateModified":"2026-03-02T12:53:08+00:00","breadcrumb":{"@id":"https:\/\/mekulo.com\/dk\/produkt\/holder-til-aeg\/#breadcrumb"},"inLanguage":"da-DK","potentialAction":[{"@type":"ReadAction","target":["https:\/\/mekulo.com\/dk\/produkt\/holder-til-aeg\/"]}]},{"@type":"ImageObject","inLanguage":"da-DK","@id":"https:\/\/mekulo.com\/dk\/produkt\/holder-til-aeg\/#primaryimage","url":"https:\/\/mekulo.com\/dk\/wp-content\/uploads\/sites\/12\/2026\/02\/2jh4i7s-1.webp","contentUrl":"https:\/\/mekulo.com\/dk\/wp-content\/uploads\/sites\/12\/2026\/02\/2jh4i7s-1.webp","width":800,"height":800},{"@type":"BreadcrumbList","@id":"https:\/\/mekulo.com\/dk\/produkt\/holder-til-aeg\/#breadcrumb","itemListElement":[{"@type":"ListItem","position":1,"name":"Home","item":"https:\/\/mekulo.com\/dk\/"},{"@type":"ListItem","position":2,"name":"Butik","item":"https:\/\/mekulo.com\/dk\/butik\/"},{"@type":"ListItem","position":3,"name":"Holder til \u00e6g"}]},{"@type":"WebSite","@id":"https:\/\/mekulo.com\/dk\/#website","url":"https:\/\/mekulo.com\/dk\/","name":"Mekulo DK","description":"","publisher":{"@id":"https:\/\/mekulo.com\/dk\/#organization"},"potentialAction":[{"@type":"SearchAction","target":{"@type":"EntryPoint","urlTemplate":"https:\/\/mekulo.com\/dk\/?s={search_term_string}"},"query-input":{"@type":"PropertyValueSpecification","valueRequired":true,"valueName":"search_term_string"}}],"inLanguage":"da-DK"},{"@type":"Organization","@id":"https:\/\/mekulo.com\/dk\/#organization","name":"Mekulo","url":"https:\/\/mekulo.com\/dk\/","logo":{"@type":"ImageObject","inLanguage":"da-DK","@id":"https:\/\/mekulo.com\/dk\/#\/schema\/logo\/image\/","url":"https:\/\/mekulo.com\/dk\/wp-content\/uploads\/sites\/12\/2025\/12\/favicon_mekulo.png","contentUrl":"https:\/\/mekulo.com\/dk\/wp-content\/uploads\/sites\/12\/2025\/12\/favicon_mekulo.png","width":50,"height":50,"caption":"Mekulo"},"image":{"@id":"https:\/\/mekulo.com\/dk\/#\/schema\/logo\/image\/"}}]}},"_links":{"self":[{"href":"https:\/\/mekulo.com\/dk\/wp-json\/wp\/v2\/product\/22943","targetHints":{"allow":["GET"]}}],"collection":[{"href":"https:\/\/mekulo.com\/dk\/wp-json\/wp\/v2\/product"}],"about":[{"href":"https:\/\/mekulo.com\/dk\/wp-json\/wp\/v2\/types\/product"}],"replies":[{"embeddable":true,"href":"https:\/\/mekulo.com\/dk\/wp-json\/wp\/v2\/comments?post=22943"}],"wp:featuredmedia":[{"embeddable":true,"href":"https:\/\/mekulo.com\/dk\/wp-json\/wp\/v2\/media\/22939"}],"wp:attachment":[{"href":"https:\/\/mekulo.com\/dk\/wp-json\/wp\/v2\/media?parent=22943"}],"wp:term":[{"taxonomy":"product_brand","embeddable":true,"href":"https:\/\/mekulo.com\/dk\/wp-json\/wp\/v2\/product_brand?post=22943"},{"taxonomy":"product_cat","embeddable":true,"href":"https:\/\/mekulo.com\/dk\/wp-json\/wp\/v2\/product_cat?post=22943"},{"taxonomy":"product_tag","embeddable":true,"href":"https:\/\/mekulo.com\/dk\/wp-json\/wp\/v2\/product_tag?post=22943"}],"curies":[{"name":"wp","href":"https:\/\/api.w.org\/{rel}","templated":true}]}}