{"id":22934,"date":"2026-02-09T14:46:47","date_gmt":"2026-02-09T12:46:47","guid":{"rendered":"https:\/\/mekulo.com\/dk\/produkt\/malerrulle\/"},"modified":"2026-02-09T14:53:05","modified_gmt":"2026-02-09T12:53:05","slug":"malerrulle","status":"publish","type":"product","link":"https:\/\/mekulo.com\/dk\/produkt\/malerrulle\/","title":{"rendered":"Malerrulle"},"content":{"rendered":"<h2 style=\"text-align: center\" data-start=\"0\" data-end=\"68\"><strong data-start=\"0\" data-end=\"68\">Mal Perfekte Kanter Hurtigere Uden Tape, Uden Rod Og Uden Stress.<\/strong><\/h2>\n<p style=\"text-align: center\"><img fetchpriority=\"high\" decoding=\"async\" class=\" wp-image-1261 aligncenter\" src=\"https:\/\/keluvo.com\/template\/wp-content\/uploads\/sites\/5\/2024\/10\/paintrollerdesc1.webp\" alt=\"\" width=\"500\" height=\"500\" \/><\/p>\n<h2 style=\"text-align: center\" data-start=\"253\" data-end=\"273\">\ud83c\udfa8 Hovedfordele<\/h2>\n<p style=\"text-align: center\" data-start=\"276\" data-end=\"337\">\ud83d\ude80 Mal meget hurtigere &#8211; Op til 10-20\u00d7 hurtigere end med tape<\/p>\n<p style=\"text-align: center\" data-start=\"340\" data-end=\"396\">\ud83e\uddfd Intet behov for afd\u00e6kningstape &#8211; Rene kanter hver gang<\/p>\n<p style=\"text-align: center\" data-start=\"399\" data-end=\"470\">\ud83c\udfaf Pr\u00e6cisionskontrol &#8211; Justerbar pensel til lige, skarpe kanter<\/p>\n<p style=\"text-align: center\" data-start=\"473\" data-end=\"540\">\ud83d\udecb\ufe0f Maling uden rod &#8211; St\u00e5lcover beskytter n\u00e6rliggende overflader<\/p>\n<p style=\"text-align: center\" data-start=\"543\" data-end=\"609\">\ud83d\udcaa Mindre arbejde, flere resultater &#8211; Reducerer arbejdstiden med mindst 50 %<\/p>\n<p style=\"text-align: center\"><img decoding=\"async\" class=\" wp-image-1261 aligncenter\" src=\"https:\/\/keluvo.com\/template\/wp-content\/uploads\/sites\/5\/2024\/10\/paintrollerdesc2.webp\" alt=\"\" width=\"490\" height=\"498\" \/><\/p>\n<h3 style=\"text-align: center\" data-start=\"616\" data-end=\"633\">\ud83e\udded S\u00e5dan bruges<\/h3>\n<h2><\/h2>\n<ol style=\"text-align: center\" data-start=\"634\" data-end=\"859\">\n<li data-start=\"634\" data-end=\"666\">\n<p style=\"text-align: left\" data-start=\"637\" data-end=\"666\">Fyld rullen med maling.<\/p>\n<\/li>\n<li style=\"text-align: left\" data-start=\"667\" data-end=\"716\">\n<p data-start=\"670\" data-end=\"716\">Juster penslen til den \u00f8nskede kantbredde.<\/p>\n<\/li>\n<li style=\"text-align: left\" data-start=\"717\" data-end=\"762\">\n<p data-start=\"720\" data-end=\"762\">Rul langs v\u00e6gkanter, hj\u00f8rner eller lister.<\/p>\n<\/li>\n<li style=\"text-align: left\" data-start=\"763\" data-end=\"814\">\n<p data-start=\"766\" data-end=\"814\">Genopfyld efter at have d\u00e6kket op til 2 meter pr. p\u00e5fyldning.<\/p>\n<\/li>\n<li data-start=\"815\" data-end=\"859\">\n<p style=\"text-align: left\" data-start=\"818\" data-end=\"859\">Reng\u00f8r v\u00e6rkt\u00f8jet efter brug til n\u00e6ste gang.<\/p>\n<\/li>\n<\/ol>\n<p style=\"text-align: center\"><img decoding=\"async\" class=\" wp-image-1261 aligncenter\" src=\"https:\/\/keluvo.com\/template\/wp-content\/uploads\/sites\/5\/2024\/10\/paintrollerdesc3.webp\" alt=\"\" width=\"495\" height=\"495\" \/><\/p>\n<h3 style=\"text-align: center\" data-start=\"866\" data-end=\"888\">\ud83d\udccf Produktdetaljer<\/h3>\n<h2><\/h2>\n<ul style=\"text-align: center\" data-start=\"889\" data-end=\"1122\">\n<li data-start=\"889\" data-end=\"942\">\n<p style=\"text-align: left\" data-start=\"891\" data-end=\"942\">Kantmalerrulle med rulle-til-rulle-teknologi<\/p>\n<\/li>\n<li style=\"text-align: left\" data-start=\"943\" data-end=\"982\">\n<p data-start=\"945\" data-end=\"982\">D\u00e6kker over 2 meter pr. p\u00e5fyldning af maling<\/p>\n<\/li>\n<li style=\"text-align: left\" data-start=\"983\" data-end=\"1019\">\n<p data-start=\"985\" data-end=\"1019\">Beskyttelseskappe i rustfrit st\u00e5l<\/p>\n<\/li>\n<li style=\"text-align: left\" data-start=\"1020\" data-end=\"1067\">\n<p data-start=\"1022\" data-end=\"1067\">Indbyggede hjul og indsatser til rene linjer<\/p>\n<\/li>\n<li data-start=\"1068\" data-end=\"1122\">\n<p style=\"text-align: left\" data-start=\"1070\" data-end=\"1122\">Designet til v\u00e6gge, kanter og dekorative funktioner<\/p>\n<\/li>\n<\/ul>\n<h3 style=\"text-align: center\" data-start=\"1129\" data-end=\"1152\">\ud83d\udce6 Pakken indeholder<\/h3>\n<h2><\/h2>\n<p style=\"text-align: left\" data-start=\"1155\" data-end=\"1165\">1 \u00d7 Stativ<\/p>\n<p style=\"text-align: left\" data-start=\"1168\" data-end=\"1181\">2 \u00d7 Pensler<\/p>\n<p style=\"text-align: left\" data-start=\"1184\" data-end=\"1197\">2 \u00d7 Ruller<\/p>\n<p style=\"text-align: center\" data-start=\"1199\" data-end=\"1297\" data-is-last-node=\"\" data-is-only-node=\"\">Et <span style=\"text-decoration: underline\"><strong>Must-Have<\/strong><\/span> v\u00e6rkt\u00f8j til hurtigere, renere og mere professionelle maleresultater &#8211; uden ekstra anstrengelse.<\/p>\n","protected":false},"excerpt":{"rendered":"<p>Denne smarte malerrulle er designet til at male rene kanter uden afd\u00e6kningstape eller stiger. Den sparer tid, reducerer indsatsen og hj\u00e6lper dig med at opn\u00e5 en professionel finish derhjemme.<\/p>\n","protected":false},"featured_media":22930,"comment_status":"open","ping_status":"closed","template":"","meta":{"site-sidebar-layout":"default","site-content-layout":"","ast-site-content-layout":"default","site-content-style":"default","site-sidebar-style":"default","ast-global-header-display":"","ast-banner-title-visibility":"","ast-main-header-display":"","ast-hfb-above-header-display":"","ast-hfb-below-header-display":"","ast-hfb-mobile-header-display":"","site-post-title":"","ast-breadcrumbs-content":"","ast-featured-img":"","footer-sml-layout":"","ast-disable-related-posts":"","theme-transparent-header-meta":"default","adv-header-id-meta":"","stick-header-meta":"","header-above-stick-meta":"","header-main-stick-meta":"","header-below-stick-meta":"","astra-migrate-meta-layouts":"set","ast-page-background-enabled":"default","ast-page-background-meta":{"desktop":{"background-color":"var(--ast-global-color-5)","background-image":"","background-repeat":"repeat","background-position":"center center","background-size":"auto","background-attachment":"scroll","background-type":"","background-media":"","overlay-type":"","overlay-color":"","overlay-opacity":"","overlay-gradient":""},"tablet":{"background-color":"","background-image":"","background-repeat":"repeat","background-position":"center center","background-size":"auto","background-attachment":"scroll","background-type":"","background-media":"","overlay-type":"","overlay-color":"","overlay-opacity":"","overlay-gradient":""},"mobile":{"background-color":"","background-image":"","background-repeat":"repeat","background-position":"center center","background-size":"auto","background-attachment":"scroll","background-type":"","background-media":"","overlay-type":"","overlay-color":"","overlay-opacity":"","overlay-gradient":""}},"ast-content-background-meta":{"desktop":{"background-color":"var(--ast-global-color-4)","background-image":"","background-repeat":"repeat","background-position":"center center","background-size":"auto","background-attachment":"scroll","background-type":"","background-media":"","overlay-type":"","overlay-color":"","overlay-opacity":"","overlay-gradient":""},"tablet":{"background-color":"var(--ast-global-color-4)","background-image":"","background-repeat":"repeat","background-position":"center center","background-size":"auto","background-attachment":"scroll","background-type":"","background-media":"","overlay-type":"","overlay-color":"","overlay-opacity":"","overlay-gradient":""},"mobile":{"background-color":"var(--ast-global-color-4)","background-image":"","background-repeat":"repeat","background-position":"center center","background-size":"auto","background-attachment":"scroll","background-type":"","background-media":"","overlay-type":"","overlay-color":"","overlay-opacity":"","overlay-gradient":""}}},"product_brand":[],"product_cat":[168],"product_tag":[],"class_list":{"0":"post-22934","1":"product","2":"type-product","3":"status-publish","4":"has-post-thumbnail","6":"product_cat-husholdningsartikler","7":"desktop-align-left","8":"tablet-align-left","9":"mobile-align-left","11":"first","12":"instock","13":"shipping-taxable","14":"purchasable","15":"product-type-simple"},"yoast_head":"<!-- This site is optimized with the Yoast SEO plugin v27.4 - https:\/\/yoast.com\/product\/yoast-seo-wordpress\/ -->\n<title>Malerrulle - Mekulo DK<\/title>\n<meta name=\"robots\" content=\"index, follow, max-snippet:-1, max-image-preview:large, max-video-preview:-1\" \/>\n<link rel=\"canonical\" href=\"https:\/\/mekulo.com\/dk\/produkt\/malerrulle\/\" \/>\n<meta property=\"og:locale\" content=\"da_DK\" \/>\n<meta property=\"og:type\" content=\"article\" \/>\n<meta property=\"og:title\" content=\"Malerrulle - Mekulo DK\" \/>\n<meta property=\"og:description\" content=\"Denne smarte malerrulle er designet til at male rene kanter uden afd\u00e6kningstape eller stiger. Den sparer tid, reducerer indsatsen og hj\u00e6lper dig med at opn\u00e5 en professionel finish derhjemme.\" \/>\n<meta property=\"og:url\" content=\"https:\/\/mekulo.com\/dk\/produkt\/malerrulle\/\" \/>\n<meta property=\"og:site_name\" content=\"Mekulo DK\" \/>\n<meta property=\"article:modified_time\" content=\"2026-02-09T12:53:05+00:00\" \/>\n<meta property=\"og:image\" content=\"https:\/\/mekulo.com\/dk\/wp-content\/uploads\/sites\/12\/2026\/02\/xzacnms-1.webp\" \/>\n\t<meta property=\"og:image:width\" content=\"720\" \/>\n\t<meta property=\"og:image:height\" content=\"720\" \/>\n\t<meta property=\"og:image:type\" content=\"image\/webp\" \/>\n<meta name=\"twitter:card\" content=\"summary_large_image\" \/>\n<meta name=\"twitter:label1\" content=\"Estimeret l\u00e6setid\" \/>\n\t<meta name=\"twitter:data1\" content=\"2 minutter\" \/>\n<script type=\"application\/ld+json\" class=\"yoast-schema-graph\">{\"@context\":\"https:\\\/\\\/schema.org\",\"@graph\":[{\"@type\":\"WebPage\",\"@id\":\"https:\\\/\\\/mekulo.com\\\/dk\\\/produkt\\\/malerrulle\\\/\",\"url\":\"https:\\\/\\\/mekulo.com\\\/dk\\\/produkt\\\/malerrulle\\\/\",\"name\":\"Malerrulle - Mekulo DK\",\"isPartOf\":{\"@id\":\"https:\\\/\\\/mekulo.com\\\/dk\\\/#website\"},\"primaryImageOfPage\":{\"@id\":\"https:\\\/\\\/mekulo.com\\\/dk\\\/produkt\\\/malerrulle\\\/#primaryimage\"},\"image\":{\"@id\":\"https:\\\/\\\/mekulo.com\\\/dk\\\/produkt\\\/malerrulle\\\/#primaryimage\"},\"thumbnailUrl\":\"https:\\\/\\\/mekulo.com\\\/dk\\\/wp-content\\\/uploads\\\/sites\\\/12\\\/2026\\\/02\\\/xzacnms-1.webp\",\"datePublished\":\"2026-02-09T12:46:47+00:00\",\"dateModified\":\"2026-02-09T12:53:05+00:00\",\"breadcrumb\":{\"@id\":\"https:\\\/\\\/mekulo.com\\\/dk\\\/produkt\\\/malerrulle\\\/#breadcrumb\"},\"inLanguage\":\"da-DK\",\"potentialAction\":[{\"@type\":\"ReadAction\",\"target\":[\"https:\\\/\\\/mekulo.com\\\/dk\\\/produkt\\\/malerrulle\\\/\"]}]},{\"@type\":\"ImageObject\",\"inLanguage\":\"da-DK\",\"@id\":\"https:\\\/\\\/mekulo.com\\\/dk\\\/produkt\\\/malerrulle\\\/#primaryimage\",\"url\":\"https:\\\/\\\/mekulo.com\\\/dk\\\/wp-content\\\/uploads\\\/sites\\\/12\\\/2026\\\/02\\\/xzacnms-1.webp\",\"contentUrl\":\"https:\\\/\\\/mekulo.com\\\/dk\\\/wp-content\\\/uploads\\\/sites\\\/12\\\/2026\\\/02\\\/xzacnms-1.webp\",\"width\":720,\"height\":720},{\"@type\":\"BreadcrumbList\",\"@id\":\"https:\\\/\\\/mekulo.com\\\/dk\\\/produkt\\\/malerrulle\\\/#breadcrumb\",\"itemListElement\":[{\"@type\":\"ListItem\",\"position\":1,\"name\":\"Home\",\"item\":\"https:\\\/\\\/mekulo.com\\\/dk\\\/\"},{\"@type\":\"ListItem\",\"position\":2,\"name\":\"Butik\",\"item\":\"https:\\\/\\\/mekulo.com\\\/dk\\\/butik\\\/\"},{\"@type\":\"ListItem\",\"position\":3,\"name\":\"Malerrulle\"}]},{\"@type\":\"WebSite\",\"@id\":\"https:\\\/\\\/mekulo.com\\\/dk\\\/#website\",\"url\":\"https:\\\/\\\/mekulo.com\\\/dk\\\/\",\"name\":\"Mekulo DK\",\"description\":\"\",\"publisher\":{\"@id\":\"https:\\\/\\\/mekulo.com\\\/dk\\\/#organization\"},\"potentialAction\":[{\"@type\":\"SearchAction\",\"target\":{\"@type\":\"EntryPoint\",\"urlTemplate\":\"https:\\\/\\\/mekulo.com\\\/dk\\\/?s={search_term_string}\"},\"query-input\":{\"@type\":\"PropertyValueSpecification\",\"valueRequired\":true,\"valueName\":\"search_term_string\"}}],\"inLanguage\":\"da-DK\"},{\"@type\":\"Organization\",\"@id\":\"https:\\\/\\\/mekulo.com\\\/dk\\\/#organization\",\"name\":\"Mekulo\",\"url\":\"https:\\\/\\\/mekulo.com\\\/dk\\\/\",\"logo\":{\"@type\":\"ImageObject\",\"inLanguage\":\"da-DK\",\"@id\":\"https:\\\/\\\/mekulo.com\\\/dk\\\/#\\\/schema\\\/logo\\\/image\\\/\",\"url\":\"https:\\\/\\\/mekulo.com\\\/dk\\\/wp-content\\\/uploads\\\/sites\\\/12\\\/2025\\\/12\\\/favicon_mekulo.png\",\"contentUrl\":\"https:\\\/\\\/mekulo.com\\\/dk\\\/wp-content\\\/uploads\\\/sites\\\/12\\\/2025\\\/12\\\/favicon_mekulo.png\",\"width\":50,\"height\":50,\"caption\":\"Mekulo\"},\"image\":{\"@id\":\"https:\\\/\\\/mekulo.com\\\/dk\\\/#\\\/schema\\\/logo\\\/image\\\/\"}}]}<\/script>\n<!-- \/ Yoast SEO plugin. -->","yoast_head_json":{"title":"Malerrulle - Mekulo DK","robots":{"index":"index","follow":"follow","max-snippet":"max-snippet:-1","max-image-preview":"max-image-preview:large","max-video-preview":"max-video-preview:-1"},"canonical":"https:\/\/mekulo.com\/dk\/produkt\/malerrulle\/","og_locale":"da_DK","og_type":"article","og_title":"Malerrulle - Mekulo DK","og_description":"Denne smarte malerrulle er designet til at male rene kanter uden afd\u00e6kningstape eller stiger. Den sparer tid, reducerer indsatsen og hj\u00e6lper dig med at opn\u00e5 en professionel finish derhjemme.","og_url":"https:\/\/mekulo.com\/dk\/produkt\/malerrulle\/","og_site_name":"Mekulo DK","article_modified_time":"2026-02-09T12:53:05+00:00","og_image":[{"width":720,"height":720,"url":"https:\/\/mekulo.com\/dk\/wp-content\/uploads\/sites\/12\/2026\/02\/xzacnms-1.webp","type":"image\/webp"}],"twitter_card":"summary_large_image","twitter_misc":{"Estimeret l\u00e6setid":"2 minutter"},"schema":{"@context":"https:\/\/schema.org","@graph":[{"@type":"WebPage","@id":"https:\/\/mekulo.com\/dk\/produkt\/malerrulle\/","url":"https:\/\/mekulo.com\/dk\/produkt\/malerrulle\/","name":"Malerrulle - Mekulo DK","isPartOf":{"@id":"https:\/\/mekulo.com\/dk\/#website"},"primaryImageOfPage":{"@id":"https:\/\/mekulo.com\/dk\/produkt\/malerrulle\/#primaryimage"},"image":{"@id":"https:\/\/mekulo.com\/dk\/produkt\/malerrulle\/#primaryimage"},"thumbnailUrl":"https:\/\/mekulo.com\/dk\/wp-content\/uploads\/sites\/12\/2026\/02\/xzacnms-1.webp","datePublished":"2026-02-09T12:46:47+00:00","dateModified":"2026-02-09T12:53:05+00:00","breadcrumb":{"@id":"https:\/\/mekulo.com\/dk\/produkt\/malerrulle\/#breadcrumb"},"inLanguage":"da-DK","potentialAction":[{"@type":"ReadAction","target":["https:\/\/mekulo.com\/dk\/produkt\/malerrulle\/"]}]},{"@type":"ImageObject","inLanguage":"da-DK","@id":"https:\/\/mekulo.com\/dk\/produkt\/malerrulle\/#primaryimage","url":"https:\/\/mekulo.com\/dk\/wp-content\/uploads\/sites\/12\/2026\/02\/xzacnms-1.webp","contentUrl":"https:\/\/mekulo.com\/dk\/wp-content\/uploads\/sites\/12\/2026\/02\/xzacnms-1.webp","width":720,"height":720},{"@type":"BreadcrumbList","@id":"https:\/\/mekulo.com\/dk\/produkt\/malerrulle\/#breadcrumb","itemListElement":[{"@type":"ListItem","position":1,"name":"Home","item":"https:\/\/mekulo.com\/dk\/"},{"@type":"ListItem","position":2,"name":"Butik","item":"https:\/\/mekulo.com\/dk\/butik\/"},{"@type":"ListItem","position":3,"name":"Malerrulle"}]},{"@type":"WebSite","@id":"https:\/\/mekulo.com\/dk\/#website","url":"https:\/\/mekulo.com\/dk\/","name":"Mekulo DK","description":"","publisher":{"@id":"https:\/\/mekulo.com\/dk\/#organization"},"potentialAction":[{"@type":"SearchAction","target":{"@type":"EntryPoint","urlTemplate":"https:\/\/mekulo.com\/dk\/?s={search_term_string}"},"query-input":{"@type":"PropertyValueSpecification","valueRequired":true,"valueName":"search_term_string"}}],"inLanguage":"da-DK"},{"@type":"Organization","@id":"https:\/\/mekulo.com\/dk\/#organization","name":"Mekulo","url":"https:\/\/mekulo.com\/dk\/","logo":{"@type":"ImageObject","inLanguage":"da-DK","@id":"https:\/\/mekulo.com\/dk\/#\/schema\/logo\/image\/","url":"https:\/\/mekulo.com\/dk\/wp-content\/uploads\/sites\/12\/2025\/12\/favicon_mekulo.png","contentUrl":"https:\/\/mekulo.com\/dk\/wp-content\/uploads\/sites\/12\/2025\/12\/favicon_mekulo.png","width":50,"height":50,"caption":"Mekulo"},"image":{"@id":"https:\/\/mekulo.com\/dk\/#\/schema\/logo\/image\/"}}]}},"_links":{"self":[{"href":"https:\/\/mekulo.com\/dk\/wp-json\/wp\/v2\/product\/22934","targetHints":{"allow":["GET"]}}],"collection":[{"href":"https:\/\/mekulo.com\/dk\/wp-json\/wp\/v2\/product"}],"about":[{"href":"https:\/\/mekulo.com\/dk\/wp-json\/wp\/v2\/types\/product"}],"replies":[{"embeddable":true,"href":"https:\/\/mekulo.com\/dk\/wp-json\/wp\/v2\/comments?post=22934"}],"wp:featuredmedia":[{"embeddable":true,"href":"https:\/\/mekulo.com\/dk\/wp-json\/wp\/v2\/media\/22930"}],"wp:attachment":[{"href":"https:\/\/mekulo.com\/dk\/wp-json\/wp\/v2\/media?parent=22934"}],"wp:term":[{"taxonomy":"product_brand","embeddable":true,"href":"https:\/\/mekulo.com\/dk\/wp-json\/wp\/v2\/product_brand?post=22934"},{"taxonomy":"product_cat","embeddable":true,"href":"https:\/\/mekulo.com\/dk\/wp-json\/wp\/v2\/product_cat?post=22934"},{"taxonomy":"product_tag","embeddable":true,"href":"https:\/\/mekulo.com\/dk\/wp-json\/wp\/v2\/product_tag?post=22934"}],"curies":[{"name":"wp","href":"https:\/\/api.w.org\/{rel}","templated":true}]}}