{"id":22880,"date":"2026-02-09T14:43:17","date_gmt":"2026-02-09T12:43:17","guid":{"rendered":"https:\/\/mekulo.com\/dk\/produkt\/kattelegetoej-med-fuglelyde\/"},"modified":"2026-03-02T14:51:10","modified_gmt":"2026-03-02T12:51:10","slug":"kattelegetoej-med-fuglelyde","status":"publish","type":"product","link":"https:\/\/mekulo.com\/dk\/produkt\/kattelegetoej-med-fuglelyde\/","title":{"rendered":"Katteleget\u00f8j med fuglelyde"},"content":{"rendered":"<h2 style=\"text-align: center\" data-start=\"0\" data-end=\"69\"><strong>Holder Din Kat Aktiv Og Underholdt Med Realistiske Fuglelyde \ud83d\udc08<\/strong><\/h2>\n<p><img fetchpriority=\"high\" decoding=\"async\" class=\"alignnone wp-image-24300 aligncenter\" src=\"https:\/\/keluvo.com\/template\/wp-content\/uploads\/sites\/5\/2024\/11\/kalvin_tool_20230927172241.webp\" alt=\"\" width=\"500\" height=\"500\" \/><\/p>\n<h3 style=\"text-align: center\" data-start=\"278\" data-end=\"298\">\ud83d\udc3e Hovedfordele<\/h3>\n<h2><\/h2>\n<p style=\"text-align: center\" data-start=\"301\" data-end=\"370\">\ud83d\udc26 Realistiske fuglelyde &#8211; Fanger din kats opm\u00e6rksomhed med det samme<\/p>\n<p style=\"text-align: center\" data-start=\"373\" data-end=\"445\">\ud83c\udfaf Stimulerer jagtinstinkter &#8211; Tilskynder til naturlig legeadf\u00e6rd<\/p>\n<p style=\"text-align: center\" data-start=\"448\" data-end=\"505\">\ud83e\udeb6 \u00c6gte fjer &#8211; Naturlig f\u00f8lelse og lugt, som katte elsker<\/p>\n<p style=\"text-align: center\" data-start=\"508\" data-end=\"562\">\ud83e\uddf8 Bl\u00f8d, men holdbar &#8211; Lavet af tyk plys felt<\/p>\n<p style=\"text-align: center\" data-start=\"565\" data-end=\"629\">\ud83d\udee1\ufe0f Sikker leg &#8211; Fjerene er sikre, hvis de ved et uheld indtages<\/p>\n<p><img decoding=\"async\" class=\"alignnone wp-image-24299 aligncenter\" src=\"https:\/\/keluvo.com\/template\/wp-content\/uploads\/sites\/5\/2024\/11\/kalvin_tool_20230927173727.webp\" alt=\"\" width=\"500\" height=\"500\" \/><\/p>\n<h2 style=\"text-align: center\"><strong>\ud83d\udccc Produktdetaljer<\/strong><\/h2>\n<ul>\n<li data-start=\"893\" data-end=\"917\">\n<p data-start=\"895\" data-end=\"917\">Materiale: Plysfilt<\/p>\n<\/li>\n<li data-start=\"918\" data-end=\"953\">\n<p data-start=\"920\" data-end=\"953\">Lyd: Elektronisk fuglekvidren<\/p>\n<\/li>\n<li data-start=\"954\" data-end=\"973\">\n<p data-start=\"956\" data-end=\"973\">St\u00f8rrelse: 7 \u00d7 14 cm<\/p>\n<\/li>\n<li data-start=\"974\" data-end=\"998\">\n<p data-start=\"976\" data-end=\"998\">V\u00e6gt: Ca. 60 g<\/p>\n<\/li>\n<li data-start=\"999\" data-end=\"1090\">\n<p data-start=\"1001\" data-end=\"1090\">Stilarter: Bi, bille, fugl, bl\u00e5 papeg\u00f8je, f\u00e5rekylling, pindsvin, langn\u00e6b, mus, r\u00f8d papeg\u00f8je<\/p>\n<\/li>\n<li data-start=\"1091\" data-end=\"1145\">\n<p data-start=\"1093\" data-end=\"1145\">Velegnet til: Katte og k\u00e6ledyr med jagtinstinkter<\/p>\n<\/li>\n<\/ul>\n<p><img decoding=\"async\" class=\"alignnone wp-image-24298 aligncenter\" src=\"https:\/\/keluvo.com\/template\/wp-content\/uploads\/sites\/5\/2024\/11\/kalvin_tool_20230927170247.gif\" alt=\"\" width=\"500\" height=\"500\" \/><\/p>\n<p style=\"text-align: center\"><span style=\"text-decoration: underline\"><strong>Vigtig Bem\u00e6rkning:<\/strong><\/span> Den kvidrende lyd skabes af elektroniske komponenter, og da fjerene ikke kan vaskes i maskine, er det bedst at reng\u00f8re den regelm\u00e6ssigt med en fugtig klud.<\/p>\n<p>&nbsp;<\/p>\n","protected":false},"excerpt":{"rendered":"<p>Dette interaktive katteleget\u00f8j laver livagtige kvidrelyde, der udl\u00f8ser din kats naturlige jagtinstinkter. Det giver dit k\u00e6ledyr en sjov og sikker m\u00e5de at lege p\u00e5, springe p\u00e5 og blive mentalt stimuleret hver dag.<\/p>\n","protected":false},"featured_media":22876,"comment_status":"open","ping_status":"closed","template":"","meta":{"site-sidebar-layout":"default","site-content-layout":"","ast-site-content-layout":"default","site-content-style":"default","site-sidebar-style":"default","ast-global-header-display":"","ast-banner-title-visibility":"","ast-main-header-display":"","ast-hfb-above-header-display":"","ast-hfb-below-header-display":"","ast-hfb-mobile-header-display":"","site-post-title":"","ast-breadcrumbs-content":"","ast-featured-img":"","footer-sml-layout":"","ast-disable-related-posts":"","theme-transparent-header-meta":"default","adv-header-id-meta":"","stick-header-meta":"","header-above-stick-meta":"","header-main-stick-meta":"","header-below-stick-meta":"","astra-migrate-meta-layouts":"set","ast-page-background-enabled":"default","ast-page-background-meta":{"desktop":{"background-color":"var(--ast-global-color-5)","background-image":"","background-repeat":"repeat","background-position":"center center","background-size":"auto","background-attachment":"scroll","background-type":"","background-media":"","overlay-type":"","overlay-color":"","overlay-opacity":"","overlay-gradient":""},"tablet":{"background-color":"","background-image":"","background-repeat":"repeat","background-position":"center center","background-size":"auto","background-attachment":"scroll","background-type":"","background-media":"","overlay-type":"","overlay-color":"","overlay-opacity":"","overlay-gradient":""},"mobile":{"background-color":"","background-image":"","background-repeat":"repeat","background-position":"center center","background-size":"auto","background-attachment":"scroll","background-type":"","background-media":"","overlay-type":"","overlay-color":"","overlay-opacity":"","overlay-gradient":""}},"ast-content-background-meta":{"desktop":{"background-color":"var(--ast-global-color-4)","background-image":"","background-repeat":"repeat","background-position":"center center","background-size":"auto","background-attachment":"scroll","background-type":"","background-media":"","overlay-type":"","overlay-color":"","overlay-opacity":"","overlay-gradient":""},"tablet":{"background-color":"var(--ast-global-color-4)","background-image":"","background-repeat":"repeat","background-position":"center center","background-size":"auto","background-attachment":"scroll","background-type":"","background-media":"","overlay-type":"","overlay-color":"","overlay-opacity":"","overlay-gradient":""},"mobile":{"background-color":"var(--ast-global-color-4)","background-image":"","background-repeat":"repeat","background-position":"center center","background-size":"auto","background-attachment":"scroll","background-type":"","background-media":"","overlay-type":"","overlay-color":"","overlay-opacity":"","overlay-gradient":""}}},"product_brand":[],"product_cat":[169],"product_tag":[],"class_list":{"0":"post-22880","1":"product","2":"type-product","3":"status-publish","4":"has-post-thumbnail","6":"product_cat-kaeledyrsprodukter","7":"pa_31988_3w10ak41-bi","8":"pa_31988_3w10ak41-bille","9":"pa_31988_3w10ak41-blaa-papegoeje","10":"pa_31988_3w10ak41-faarekyllinger","11":"pa_31988_3w10ak41-fugl","12":"pa_31988_3w10ak41-langnaeb","13":"pa_31988_3w10ak41-mus","14":"pa_31988_3w10ak41-pindsvin","15":"pa_31988_3w10ak41-roed-papegoeje","16":"desktop-align-left","17":"tablet-align-left","18":"mobile-align-left","20":"first","21":"instock","22":"shipping-taxable","23":"purchasable","24":"product-type-variable"},"yoast_head":"<!-- This site is optimized with the Yoast SEO plugin v27.4 - https:\/\/yoast.com\/product\/yoast-seo-wordpress\/ -->\n<title>Katteleget\u00f8j med fuglelyde - Mekulo DK<\/title>\n<meta name=\"robots\" content=\"index, follow, max-snippet:-1, max-image-preview:large, max-video-preview:-1\" \/>\n<link rel=\"canonical\" href=\"https:\/\/mekulo.com\/dk\/produkt\/kattelegetoej-med-fuglelyde\/\" \/>\n<meta property=\"og:locale\" content=\"da_DK\" \/>\n<meta property=\"og:type\" content=\"article\" \/>\n<meta property=\"og:title\" content=\"Katteleget\u00f8j med fuglelyde - Mekulo DK\" \/>\n<meta property=\"og:description\" content=\"Dette interaktive katteleget\u00f8j laver livagtige kvidrelyde, der udl\u00f8ser din kats naturlige jagtinstinkter. Det giver dit k\u00e6ledyr en sjov og sikker m\u00e5de at lege p\u00e5, springe p\u00e5 og blive mentalt stimuleret hver dag.\" \/>\n<meta property=\"og:url\" content=\"https:\/\/mekulo.com\/dk\/produkt\/kattelegetoej-med-fuglelyde\/\" \/>\n<meta property=\"og:site_name\" content=\"Mekulo DK\" \/>\n<meta property=\"article:modified_time\" content=\"2026-03-02T12:51:10+00:00\" \/>\n<meta property=\"og:image\" content=\"https:\/\/mekulo.com\/dk\/wp-content\/uploads\/sites\/12\/2026\/02\/wws8yd4-1.webp\" \/>\n\t<meta property=\"og:image:width\" content=\"600\" \/>\n\t<meta property=\"og:image:height\" content=\"600\" \/>\n\t<meta property=\"og:image:type\" content=\"image\/webp\" \/>\n<meta name=\"twitter:card\" content=\"summary_large_image\" \/>\n<meta name=\"twitter:label1\" content=\"Estimeret l\u00e6setid\" \/>\n\t<meta name=\"twitter:data1\" content=\"2 minutter\" \/>\n<script type=\"application\/ld+json\" class=\"yoast-schema-graph\">{\"@context\":\"https:\\\/\\\/schema.org\",\"@graph\":[{\"@type\":\"WebPage\",\"@id\":\"https:\\\/\\\/mekulo.com\\\/dk\\\/produkt\\\/kattelegetoej-med-fuglelyde\\\/\",\"url\":\"https:\\\/\\\/mekulo.com\\\/dk\\\/produkt\\\/kattelegetoej-med-fuglelyde\\\/\",\"name\":\"Katteleget\u00f8j med fuglelyde - Mekulo DK\",\"isPartOf\":{\"@id\":\"https:\\\/\\\/mekulo.com\\\/dk\\\/#website\"},\"primaryImageOfPage\":{\"@id\":\"https:\\\/\\\/mekulo.com\\\/dk\\\/produkt\\\/kattelegetoej-med-fuglelyde\\\/#primaryimage\"},\"image\":{\"@id\":\"https:\\\/\\\/mekulo.com\\\/dk\\\/produkt\\\/kattelegetoej-med-fuglelyde\\\/#primaryimage\"},\"thumbnailUrl\":\"https:\\\/\\\/mekulo.com\\\/dk\\\/wp-content\\\/uploads\\\/sites\\\/12\\\/2026\\\/02\\\/wws8yd4-1.webp\",\"datePublished\":\"2026-02-09T12:43:17+00:00\",\"dateModified\":\"2026-03-02T12:51:10+00:00\",\"breadcrumb\":{\"@id\":\"https:\\\/\\\/mekulo.com\\\/dk\\\/produkt\\\/kattelegetoej-med-fuglelyde\\\/#breadcrumb\"},\"inLanguage\":\"da-DK\",\"potentialAction\":[{\"@type\":\"ReadAction\",\"target\":[\"https:\\\/\\\/mekulo.com\\\/dk\\\/produkt\\\/kattelegetoej-med-fuglelyde\\\/\"]}]},{\"@type\":\"ImageObject\",\"inLanguage\":\"da-DK\",\"@id\":\"https:\\\/\\\/mekulo.com\\\/dk\\\/produkt\\\/kattelegetoej-med-fuglelyde\\\/#primaryimage\",\"url\":\"https:\\\/\\\/mekulo.com\\\/dk\\\/wp-content\\\/uploads\\\/sites\\\/12\\\/2026\\\/02\\\/wws8yd4-1.webp\",\"contentUrl\":\"https:\\\/\\\/mekulo.com\\\/dk\\\/wp-content\\\/uploads\\\/sites\\\/12\\\/2026\\\/02\\\/wws8yd4-1.webp\",\"width\":600,\"height\":600},{\"@type\":\"BreadcrumbList\",\"@id\":\"https:\\\/\\\/mekulo.com\\\/dk\\\/produkt\\\/kattelegetoej-med-fuglelyde\\\/#breadcrumb\",\"itemListElement\":[{\"@type\":\"ListItem\",\"position\":1,\"name\":\"Home\",\"item\":\"https:\\\/\\\/mekulo.com\\\/dk\\\/\"},{\"@type\":\"ListItem\",\"position\":2,\"name\":\"Butik\",\"item\":\"https:\\\/\\\/mekulo.com\\\/dk\\\/butik\\\/\"},{\"@type\":\"ListItem\",\"position\":3,\"name\":\"Katteleget\u00f8j med fuglelyde\"}]},{\"@type\":\"WebSite\",\"@id\":\"https:\\\/\\\/mekulo.com\\\/dk\\\/#website\",\"url\":\"https:\\\/\\\/mekulo.com\\\/dk\\\/\",\"name\":\"Mekulo DK\",\"description\":\"\",\"publisher\":{\"@id\":\"https:\\\/\\\/mekulo.com\\\/dk\\\/#organization\"},\"potentialAction\":[{\"@type\":\"SearchAction\",\"target\":{\"@type\":\"EntryPoint\",\"urlTemplate\":\"https:\\\/\\\/mekulo.com\\\/dk\\\/?s={search_term_string}\"},\"query-input\":{\"@type\":\"PropertyValueSpecification\",\"valueRequired\":true,\"valueName\":\"search_term_string\"}}],\"inLanguage\":\"da-DK\"},{\"@type\":\"Organization\",\"@id\":\"https:\\\/\\\/mekulo.com\\\/dk\\\/#organization\",\"name\":\"Mekulo\",\"url\":\"https:\\\/\\\/mekulo.com\\\/dk\\\/\",\"logo\":{\"@type\":\"ImageObject\",\"inLanguage\":\"da-DK\",\"@id\":\"https:\\\/\\\/mekulo.com\\\/dk\\\/#\\\/schema\\\/logo\\\/image\\\/\",\"url\":\"https:\\\/\\\/mekulo.com\\\/dk\\\/wp-content\\\/uploads\\\/sites\\\/12\\\/2025\\\/12\\\/favicon_mekulo.png\",\"contentUrl\":\"https:\\\/\\\/mekulo.com\\\/dk\\\/wp-content\\\/uploads\\\/sites\\\/12\\\/2025\\\/12\\\/favicon_mekulo.png\",\"width\":50,\"height\":50,\"caption\":\"Mekulo\"},\"image\":{\"@id\":\"https:\\\/\\\/mekulo.com\\\/dk\\\/#\\\/schema\\\/logo\\\/image\\\/\"}}]}<\/script>\n<!-- \/ Yoast SEO plugin. -->","yoast_head_json":{"title":"Katteleget\u00f8j med fuglelyde - Mekulo DK","robots":{"index":"index","follow":"follow","max-snippet":"max-snippet:-1","max-image-preview":"max-image-preview:large","max-video-preview":"max-video-preview:-1"},"canonical":"https:\/\/mekulo.com\/dk\/produkt\/kattelegetoej-med-fuglelyde\/","og_locale":"da_DK","og_type":"article","og_title":"Katteleget\u00f8j med fuglelyde - Mekulo DK","og_description":"Dette interaktive katteleget\u00f8j laver livagtige kvidrelyde, der udl\u00f8ser din kats naturlige jagtinstinkter. Det giver dit k\u00e6ledyr en sjov og sikker m\u00e5de at lege p\u00e5, springe p\u00e5 og blive mentalt stimuleret hver dag.","og_url":"https:\/\/mekulo.com\/dk\/produkt\/kattelegetoej-med-fuglelyde\/","og_site_name":"Mekulo DK","article_modified_time":"2026-03-02T12:51:10+00:00","og_image":[{"width":600,"height":600,"url":"https:\/\/mekulo.com\/dk\/wp-content\/uploads\/sites\/12\/2026\/02\/wws8yd4-1.webp","type":"image\/webp"}],"twitter_card":"summary_large_image","twitter_misc":{"Estimeret l\u00e6setid":"2 minutter"},"schema":{"@context":"https:\/\/schema.org","@graph":[{"@type":"WebPage","@id":"https:\/\/mekulo.com\/dk\/produkt\/kattelegetoej-med-fuglelyde\/","url":"https:\/\/mekulo.com\/dk\/produkt\/kattelegetoej-med-fuglelyde\/","name":"Katteleget\u00f8j med fuglelyde - Mekulo DK","isPartOf":{"@id":"https:\/\/mekulo.com\/dk\/#website"},"primaryImageOfPage":{"@id":"https:\/\/mekulo.com\/dk\/produkt\/kattelegetoej-med-fuglelyde\/#primaryimage"},"image":{"@id":"https:\/\/mekulo.com\/dk\/produkt\/kattelegetoej-med-fuglelyde\/#primaryimage"},"thumbnailUrl":"https:\/\/mekulo.com\/dk\/wp-content\/uploads\/sites\/12\/2026\/02\/wws8yd4-1.webp","datePublished":"2026-02-09T12:43:17+00:00","dateModified":"2026-03-02T12:51:10+00:00","breadcrumb":{"@id":"https:\/\/mekulo.com\/dk\/produkt\/kattelegetoej-med-fuglelyde\/#breadcrumb"},"inLanguage":"da-DK","potentialAction":[{"@type":"ReadAction","target":["https:\/\/mekulo.com\/dk\/produkt\/kattelegetoej-med-fuglelyde\/"]}]},{"@type":"ImageObject","inLanguage":"da-DK","@id":"https:\/\/mekulo.com\/dk\/produkt\/kattelegetoej-med-fuglelyde\/#primaryimage","url":"https:\/\/mekulo.com\/dk\/wp-content\/uploads\/sites\/12\/2026\/02\/wws8yd4-1.webp","contentUrl":"https:\/\/mekulo.com\/dk\/wp-content\/uploads\/sites\/12\/2026\/02\/wws8yd4-1.webp","width":600,"height":600},{"@type":"BreadcrumbList","@id":"https:\/\/mekulo.com\/dk\/produkt\/kattelegetoej-med-fuglelyde\/#breadcrumb","itemListElement":[{"@type":"ListItem","position":1,"name":"Home","item":"https:\/\/mekulo.com\/dk\/"},{"@type":"ListItem","position":2,"name":"Butik","item":"https:\/\/mekulo.com\/dk\/butik\/"},{"@type":"ListItem","position":3,"name":"Katteleget\u00f8j med fuglelyde"}]},{"@type":"WebSite","@id":"https:\/\/mekulo.com\/dk\/#website","url":"https:\/\/mekulo.com\/dk\/","name":"Mekulo DK","description":"","publisher":{"@id":"https:\/\/mekulo.com\/dk\/#organization"},"potentialAction":[{"@type":"SearchAction","target":{"@type":"EntryPoint","urlTemplate":"https:\/\/mekulo.com\/dk\/?s={search_term_string}"},"query-input":{"@type":"PropertyValueSpecification","valueRequired":true,"valueName":"search_term_string"}}],"inLanguage":"da-DK"},{"@type":"Organization","@id":"https:\/\/mekulo.com\/dk\/#organization","name":"Mekulo","url":"https:\/\/mekulo.com\/dk\/","logo":{"@type":"ImageObject","inLanguage":"da-DK","@id":"https:\/\/mekulo.com\/dk\/#\/schema\/logo\/image\/","url":"https:\/\/mekulo.com\/dk\/wp-content\/uploads\/sites\/12\/2025\/12\/favicon_mekulo.png","contentUrl":"https:\/\/mekulo.com\/dk\/wp-content\/uploads\/sites\/12\/2025\/12\/favicon_mekulo.png","width":50,"height":50,"caption":"Mekulo"},"image":{"@id":"https:\/\/mekulo.com\/dk\/#\/schema\/logo\/image\/"}}]}},"_links":{"self":[{"href":"https:\/\/mekulo.com\/dk\/wp-json\/wp\/v2\/product\/22880","targetHints":{"allow":["GET"]}}],"collection":[{"href":"https:\/\/mekulo.com\/dk\/wp-json\/wp\/v2\/product"}],"about":[{"href":"https:\/\/mekulo.com\/dk\/wp-json\/wp\/v2\/types\/product"}],"replies":[{"embeddable":true,"href":"https:\/\/mekulo.com\/dk\/wp-json\/wp\/v2\/comments?post=22880"}],"wp:featuredmedia":[{"embeddable":true,"href":"https:\/\/mekulo.com\/dk\/wp-json\/wp\/v2\/media\/22876"}],"wp:attachment":[{"href":"https:\/\/mekulo.com\/dk\/wp-json\/wp\/v2\/media?parent=22880"}],"wp:term":[{"taxonomy":"product_brand","embeddable":true,"href":"https:\/\/mekulo.com\/dk\/wp-json\/wp\/v2\/product_brand?post=22880"},{"taxonomy":"product_cat","embeddable":true,"href":"https:\/\/mekulo.com\/dk\/wp-json\/wp\/v2\/product_cat?post=22880"},{"taxonomy":"product_tag","embeddable":true,"href":"https:\/\/mekulo.com\/dk\/wp-json\/wp\/v2\/product_tag?post=22880"}],"curies":[{"name":"wp","href":"https:\/\/api.w.org\/{rel}","templated":true}]}}