{"id":22846,"date":"2026-02-09T14:39:53","date_gmt":"2026-02-09T12:39:53","guid":{"rendered":"https:\/\/mekulo.com\/dk\/produkt\/traadloes-telefonoplader\/"},"modified":"2026-03-02T12:29:45","modified_gmt":"2026-03-02T10:29:45","slug":"traadloes-telefonoplader","status":"publish","type":"product","link":"https:\/\/mekulo.com\/dk\/produkt\/traadloes-telefonoplader\/","title":{"rendered":"Tr\u00e5dl\u00f8s telefonoplader"},"content":{"rendered":"<h2 style=\"text-align: center\">Vi pr\u00e6senterer den selvl\u00e5sende telefonholder med tr\u00e5dl\u00f8s opladning!<\/h2>\n<p style=\"text-align: center\">Denne holder er designet til at forbedre din k\u00f8reoplevelse og holder din telefon sikkert inden for r\u00e6kkevidde. Den har et 15W tr\u00e5dl\u00f8st opladningssystem, der oplader din telefon hurtigt og fuldt ud p\u00e5 bare 30 minutter. Den er kompatibel med n\u00e6sten alle smartphones, uanset om du har en iPhone, Samsung eller et andet m\u00e6rke, ogs\u00e5 selvom de er i et etui.<\/p>\n<p><img decoding=\"async\" class=\"alignnone size-full wp-image-24294 aligncenter\" src=\"https:\/\/keluvo.com\/template\/wp-content\/uploads\/sites\/5\/2024\/11\/mc-cleaned1715737208unnamed.webp\" alt=\"\" \/><\/p>\n<h2 style=\"text-align: center\">Hvad g\u00f8r vores tr\u00e5dl\u00f8se telefonholder s\u00e5 popul\u00e6r?<\/h2>\n<p style=\"text-align: center\">\u2714 Infrar\u00f8d auto-detektion: Denne telefonholder bruger avanceret infrar\u00f8d teknologi til at registrere din telefons st\u00f8rrelse. Placer bare din telefon i n\u00e6rheden, s\u00e5 er den nem at bruge med \u00e9n h\u00e5nd.<\/p>\n<p style=\"text-align: center\">\u2714 Stabil og justerbar: Med en st\u00e6rk sugekop og 360 graders rotation giver holderen et stabilt udsyn og adgang til alle telefonens funktioner, mens du k\u00f8rer.<\/p>\n<p style=\"text-align: center\">\u2714 Nem installation: Luftventilationsbeslaget giver mulighed for enkel, v\u00e6rkt\u00f8jsfri installation. Den kan fastg\u00f8res sikkert til ventilations\u00e5bningerne p\u00e5 n\u00e6sten alle k\u00f8ret\u00f8jer uden at for\u00e5rsage skade.<\/p>\n<p style=\"text-align: center\">\u2714 Holdbare materialer: Fremstillet af ridsefast, skridsikkert gummi og robust ABS\/PC\/magnesium-aluminiumlegering sikrer holderen et st\u00e6rkt greb og holder selv p\u00e5 uj\u00e6vne veje.<\/p>\n<p><img decoding=\"async\" class=\"alignnone size-full wp-image-24293 aligncenter\" src=\"https:\/\/keluvo.com\/template\/wp-content\/uploads\/sites\/5\/2024\/11\/mc-cleaned1715737210unnamed_1.webp\" alt=\"\" \/><\/p>\n<h2 style=\"text-align: center\">Specifikationer:<\/h2>\n<ul>\n<li>Materiale: ABS\/PC\/magnesium-aluminiumslegering<\/li>\n<li>St\u00f8rrelse: 13 x 6,5 x 1,5 mm<\/li>\n<li>Opladningseffekt: 15W<\/li>\n<li>Passer til: Smartphones mellem 4,5 og 6,5 tommer<\/li>\n<\/ul>\n<p><img decoding=\"async\" class=\"alignnone size-full wp-image-24292 aligncenter\" src=\"https:\/\/keluvo.com\/template\/wp-content\/uploads\/sites\/5\/2024\/11\/mc-cleaned171573719633c2de14-4381-425b-b434-d112f110eb5c_bca0460a-d915-4ed8-b67a-841ec1cf492c.webp\" alt=\"\" \/><\/p>\n<h2 style=\"text-align: center\">Hvad er der i \u00e6sken:<\/h2>\n<ul>\n<li>1x tr\u00e5dl\u00f8s telefonoplader og holder<\/li>\n<li>1x tr\u00e5dl\u00f8s oplader<\/li>\n<li>1x USB Type C-kabel<\/li>\n<li>1x brugervejledning<\/li>\n<\/ul>\n","protected":false},"excerpt":{"rendered":"<p>Hold din telefon opladet, mens du k\u00f8rer, uden bekymringer! Denne smartphoneholder g\u00f8r det nemt at oplade din enhed p\u00e5 farten, hvilket reducerer distraktioner, samtidig med at du kan bruge navigation, besvare opkald og afspille musik. K\u00f8r sikkert og selvsikkert!<\/p>\n","protected":false},"featured_media":22842,"comment_status":"open","ping_status":"closed","template":"","meta":{"site-sidebar-layout":"default","site-content-layout":"","ast-site-content-layout":"default","site-content-style":"default","site-sidebar-style":"default","ast-global-header-display":"","ast-banner-title-visibility":"","ast-main-header-display":"","ast-hfb-above-header-display":"","ast-hfb-below-header-display":"","ast-hfb-mobile-header-display":"","site-post-title":"","ast-breadcrumbs-content":"","ast-featured-img":"","footer-sml-layout":"","ast-disable-related-posts":"","theme-transparent-header-meta":"default","adv-header-id-meta":"","stick-header-meta":"","header-above-stick-meta":"","header-main-stick-meta":"","header-below-stick-meta":"","astra-migrate-meta-layouts":"set","ast-page-background-enabled":"default","ast-page-background-meta":{"desktop":{"background-color":"var(--ast-global-color-5)","background-image":"","background-repeat":"repeat","background-position":"center center","background-size":"auto","background-attachment":"scroll","background-type":"","background-media":"","overlay-type":"","overlay-color":"","overlay-opacity":"","overlay-gradient":""},"tablet":{"background-color":"","background-image":"","background-repeat":"repeat","background-position":"center center","background-size":"auto","background-attachment":"scroll","background-type":"","background-media":"","overlay-type":"","overlay-color":"","overlay-opacity":"","overlay-gradient":""},"mobile":{"background-color":"","background-image":"","background-repeat":"repeat","background-position":"center center","background-size":"auto","background-attachment":"scroll","background-type":"","background-media":"","overlay-type":"","overlay-color":"","overlay-opacity":"","overlay-gradient":""}},"ast-content-background-meta":{"desktop":{"background-color":"var(--ast-global-color-4)","background-image":"","background-repeat":"repeat","background-position":"center center","background-size":"auto","background-attachment":"scroll","background-type":"","background-media":"","overlay-type":"","overlay-color":"","overlay-opacity":"","overlay-gradient":""},"tablet":{"background-color":"var(--ast-global-color-4)","background-image":"","background-repeat":"repeat","background-position":"center center","background-size":"auto","background-attachment":"scroll","background-type":"","background-media":"","overlay-type":"","overlay-color":"","overlay-opacity":"","overlay-gradient":""},"mobile":{"background-color":"var(--ast-global-color-4)","background-image":"","background-repeat":"repeat","background-position":"center center","background-size":"auto","background-attachment":"scroll","background-type":"","background-media":"","overlay-type":"","overlay-color":"","overlay-opacity":"","overlay-gradient":""}}},"product_brand":[],"product_cat":[161],"product_tag":[],"class_list":{"0":"post-22846","1":"product","2":"type-product","3":"status-publish","4":"has-post-thumbnail","6":"product_cat-bilprodukter","7":"pa_16251_bhbgj7hh-soelv","8":"pa_16251_bhbgj7hh-sort","9":"desktop-align-left","10":"tablet-align-left","11":"mobile-align-left","13":"first","14":"instock","15":"shipping-taxable","16":"purchasable","17":"product-type-variable"},"yoast_head":"<!-- This site is optimized with the Yoast SEO plugin v27.4 - https:\/\/yoast.com\/product\/yoast-seo-wordpress\/ -->\n<title>Tr\u00e5dl\u00f8s telefonoplader - Mekulo DK<\/title>\n<meta name=\"robots\" content=\"index, follow, max-snippet:-1, max-image-preview:large, max-video-preview:-1\" \/>\n<link rel=\"canonical\" href=\"https:\/\/mekulo.com\/dk\/produkt\/traadloes-telefonoplader\/\" \/>\n<meta property=\"og:locale\" content=\"da_DK\" \/>\n<meta property=\"og:type\" content=\"article\" \/>\n<meta property=\"og:title\" content=\"Tr\u00e5dl\u00f8s telefonoplader - Mekulo DK\" \/>\n<meta property=\"og:description\" content=\"Hold din telefon opladet, mens du k\u00f8rer, uden bekymringer! Denne smartphoneholder g\u00f8r det nemt at oplade din enhed p\u00e5 farten, hvilket reducerer distraktioner, samtidig med at du kan bruge navigation, besvare opkald og afspille musik. K\u00f8r sikkert og selvsikkert!\" \/>\n<meta property=\"og:url\" content=\"https:\/\/mekulo.com\/dk\/produkt\/traadloes-telefonoplader\/\" \/>\n<meta property=\"og:site_name\" content=\"Mekulo DK\" \/>\n<meta property=\"article:modified_time\" content=\"2026-03-02T10:29:45+00:00\" \/>\n<meta property=\"og:image\" content=\"https:\/\/mekulo.com\/dk\/wp-content\/uploads\/sites\/12\/2026\/02\/0l76nq8-1.webp\" \/>\n\t<meta property=\"og:image:width\" content=\"300\" \/>\n\t<meta property=\"og:image:height\" content=\"300\" \/>\n\t<meta property=\"og:image:type\" content=\"image\/webp\" \/>\n<meta name=\"twitter:card\" content=\"summary_large_image\" \/>\n<meta name=\"twitter:label1\" content=\"Estimeret l\u00e6setid\" \/>\n\t<meta name=\"twitter:data1\" content=\"2 minutter\" \/>\n<script type=\"application\/ld+json\" class=\"yoast-schema-graph\">{\"@context\":\"https:\\\/\\\/schema.org\",\"@graph\":[{\"@type\":\"WebPage\",\"@id\":\"https:\\\/\\\/mekulo.com\\\/dk\\\/produkt\\\/traadloes-telefonoplader\\\/\",\"url\":\"https:\\\/\\\/mekulo.com\\\/dk\\\/produkt\\\/traadloes-telefonoplader\\\/\",\"name\":\"Tr\u00e5dl\u00f8s telefonoplader - Mekulo DK\",\"isPartOf\":{\"@id\":\"https:\\\/\\\/mekulo.com\\\/dk\\\/#website\"},\"primaryImageOfPage\":{\"@id\":\"https:\\\/\\\/mekulo.com\\\/dk\\\/produkt\\\/traadloes-telefonoplader\\\/#primaryimage\"},\"image\":{\"@id\":\"https:\\\/\\\/mekulo.com\\\/dk\\\/produkt\\\/traadloes-telefonoplader\\\/#primaryimage\"},\"thumbnailUrl\":\"https:\\\/\\\/mekulo.com\\\/dk\\\/wp-content\\\/uploads\\\/sites\\\/12\\\/2026\\\/02\\\/0l76nq8-1.webp\",\"datePublished\":\"2026-02-09T12:39:53+00:00\",\"dateModified\":\"2026-03-02T10:29:45+00:00\",\"breadcrumb\":{\"@id\":\"https:\\\/\\\/mekulo.com\\\/dk\\\/produkt\\\/traadloes-telefonoplader\\\/#breadcrumb\"},\"inLanguage\":\"da-DK\",\"potentialAction\":[{\"@type\":\"ReadAction\",\"target\":[\"https:\\\/\\\/mekulo.com\\\/dk\\\/produkt\\\/traadloes-telefonoplader\\\/\"]}]},{\"@type\":\"ImageObject\",\"inLanguage\":\"da-DK\",\"@id\":\"https:\\\/\\\/mekulo.com\\\/dk\\\/produkt\\\/traadloes-telefonoplader\\\/#primaryimage\",\"url\":\"https:\\\/\\\/mekulo.com\\\/dk\\\/wp-content\\\/uploads\\\/sites\\\/12\\\/2026\\\/02\\\/0l76nq8-1.webp\",\"contentUrl\":\"https:\\\/\\\/mekulo.com\\\/dk\\\/wp-content\\\/uploads\\\/sites\\\/12\\\/2026\\\/02\\\/0l76nq8-1.webp\",\"width\":300,\"height\":300},{\"@type\":\"BreadcrumbList\",\"@id\":\"https:\\\/\\\/mekulo.com\\\/dk\\\/produkt\\\/traadloes-telefonoplader\\\/#breadcrumb\",\"itemListElement\":[{\"@type\":\"ListItem\",\"position\":1,\"name\":\"Home\",\"item\":\"https:\\\/\\\/mekulo.com\\\/dk\\\/\"},{\"@type\":\"ListItem\",\"position\":2,\"name\":\"Butik\",\"item\":\"https:\\\/\\\/mekulo.com\\\/dk\\\/butik\\\/\"},{\"@type\":\"ListItem\",\"position\":3,\"name\":\"Tr\u00e5dl\u00f8s telefonoplader\"}]},{\"@type\":\"WebSite\",\"@id\":\"https:\\\/\\\/mekulo.com\\\/dk\\\/#website\",\"url\":\"https:\\\/\\\/mekulo.com\\\/dk\\\/\",\"name\":\"Mekulo DK\",\"description\":\"\",\"publisher\":{\"@id\":\"https:\\\/\\\/mekulo.com\\\/dk\\\/#organization\"},\"potentialAction\":[{\"@type\":\"SearchAction\",\"target\":{\"@type\":\"EntryPoint\",\"urlTemplate\":\"https:\\\/\\\/mekulo.com\\\/dk\\\/?s={search_term_string}\"},\"query-input\":{\"@type\":\"PropertyValueSpecification\",\"valueRequired\":true,\"valueName\":\"search_term_string\"}}],\"inLanguage\":\"da-DK\"},{\"@type\":\"Organization\",\"@id\":\"https:\\\/\\\/mekulo.com\\\/dk\\\/#organization\",\"name\":\"Mekulo\",\"url\":\"https:\\\/\\\/mekulo.com\\\/dk\\\/\",\"logo\":{\"@type\":\"ImageObject\",\"inLanguage\":\"da-DK\",\"@id\":\"https:\\\/\\\/mekulo.com\\\/dk\\\/#\\\/schema\\\/logo\\\/image\\\/\",\"url\":\"https:\\\/\\\/mekulo.com\\\/dk\\\/wp-content\\\/uploads\\\/sites\\\/12\\\/2025\\\/12\\\/favicon_mekulo.png\",\"contentUrl\":\"https:\\\/\\\/mekulo.com\\\/dk\\\/wp-content\\\/uploads\\\/sites\\\/12\\\/2025\\\/12\\\/favicon_mekulo.png\",\"width\":50,\"height\":50,\"caption\":\"Mekulo\"},\"image\":{\"@id\":\"https:\\\/\\\/mekulo.com\\\/dk\\\/#\\\/schema\\\/logo\\\/image\\\/\"}}]}<\/script>\n<!-- \/ Yoast SEO plugin. -->","yoast_head_json":{"title":"Tr\u00e5dl\u00f8s telefonoplader - Mekulo DK","robots":{"index":"index","follow":"follow","max-snippet":"max-snippet:-1","max-image-preview":"max-image-preview:large","max-video-preview":"max-video-preview:-1"},"canonical":"https:\/\/mekulo.com\/dk\/produkt\/traadloes-telefonoplader\/","og_locale":"da_DK","og_type":"article","og_title":"Tr\u00e5dl\u00f8s telefonoplader - Mekulo DK","og_description":"Hold din telefon opladet, mens du k\u00f8rer, uden bekymringer! Denne smartphoneholder g\u00f8r det nemt at oplade din enhed p\u00e5 farten, hvilket reducerer distraktioner, samtidig med at du kan bruge navigation, besvare opkald og afspille musik. K\u00f8r sikkert og selvsikkert!","og_url":"https:\/\/mekulo.com\/dk\/produkt\/traadloes-telefonoplader\/","og_site_name":"Mekulo DK","article_modified_time":"2026-03-02T10:29:45+00:00","og_image":[{"width":300,"height":300,"url":"https:\/\/mekulo.com\/dk\/wp-content\/uploads\/sites\/12\/2026\/02\/0l76nq8-1.webp","type":"image\/webp"}],"twitter_card":"summary_large_image","twitter_misc":{"Estimeret l\u00e6setid":"2 minutter"},"schema":{"@context":"https:\/\/schema.org","@graph":[{"@type":"WebPage","@id":"https:\/\/mekulo.com\/dk\/produkt\/traadloes-telefonoplader\/","url":"https:\/\/mekulo.com\/dk\/produkt\/traadloes-telefonoplader\/","name":"Tr\u00e5dl\u00f8s telefonoplader - Mekulo DK","isPartOf":{"@id":"https:\/\/mekulo.com\/dk\/#website"},"primaryImageOfPage":{"@id":"https:\/\/mekulo.com\/dk\/produkt\/traadloes-telefonoplader\/#primaryimage"},"image":{"@id":"https:\/\/mekulo.com\/dk\/produkt\/traadloes-telefonoplader\/#primaryimage"},"thumbnailUrl":"https:\/\/mekulo.com\/dk\/wp-content\/uploads\/sites\/12\/2026\/02\/0l76nq8-1.webp","datePublished":"2026-02-09T12:39:53+00:00","dateModified":"2026-03-02T10:29:45+00:00","breadcrumb":{"@id":"https:\/\/mekulo.com\/dk\/produkt\/traadloes-telefonoplader\/#breadcrumb"},"inLanguage":"da-DK","potentialAction":[{"@type":"ReadAction","target":["https:\/\/mekulo.com\/dk\/produkt\/traadloes-telefonoplader\/"]}]},{"@type":"ImageObject","inLanguage":"da-DK","@id":"https:\/\/mekulo.com\/dk\/produkt\/traadloes-telefonoplader\/#primaryimage","url":"https:\/\/mekulo.com\/dk\/wp-content\/uploads\/sites\/12\/2026\/02\/0l76nq8-1.webp","contentUrl":"https:\/\/mekulo.com\/dk\/wp-content\/uploads\/sites\/12\/2026\/02\/0l76nq8-1.webp","width":300,"height":300},{"@type":"BreadcrumbList","@id":"https:\/\/mekulo.com\/dk\/produkt\/traadloes-telefonoplader\/#breadcrumb","itemListElement":[{"@type":"ListItem","position":1,"name":"Home","item":"https:\/\/mekulo.com\/dk\/"},{"@type":"ListItem","position":2,"name":"Butik","item":"https:\/\/mekulo.com\/dk\/butik\/"},{"@type":"ListItem","position":3,"name":"Tr\u00e5dl\u00f8s telefonoplader"}]},{"@type":"WebSite","@id":"https:\/\/mekulo.com\/dk\/#website","url":"https:\/\/mekulo.com\/dk\/","name":"Mekulo DK","description":"","publisher":{"@id":"https:\/\/mekulo.com\/dk\/#organization"},"potentialAction":[{"@type":"SearchAction","target":{"@type":"EntryPoint","urlTemplate":"https:\/\/mekulo.com\/dk\/?s={search_term_string}"},"query-input":{"@type":"PropertyValueSpecification","valueRequired":true,"valueName":"search_term_string"}}],"inLanguage":"da-DK"},{"@type":"Organization","@id":"https:\/\/mekulo.com\/dk\/#organization","name":"Mekulo","url":"https:\/\/mekulo.com\/dk\/","logo":{"@type":"ImageObject","inLanguage":"da-DK","@id":"https:\/\/mekulo.com\/dk\/#\/schema\/logo\/image\/","url":"https:\/\/mekulo.com\/dk\/wp-content\/uploads\/sites\/12\/2025\/12\/favicon_mekulo.png","contentUrl":"https:\/\/mekulo.com\/dk\/wp-content\/uploads\/sites\/12\/2025\/12\/favicon_mekulo.png","width":50,"height":50,"caption":"Mekulo"},"image":{"@id":"https:\/\/mekulo.com\/dk\/#\/schema\/logo\/image\/"}}]}},"_links":{"self":[{"href":"https:\/\/mekulo.com\/dk\/wp-json\/wp\/v2\/product\/22846","targetHints":{"allow":["GET"]}}],"collection":[{"href":"https:\/\/mekulo.com\/dk\/wp-json\/wp\/v2\/product"}],"about":[{"href":"https:\/\/mekulo.com\/dk\/wp-json\/wp\/v2\/types\/product"}],"replies":[{"embeddable":true,"href":"https:\/\/mekulo.com\/dk\/wp-json\/wp\/v2\/comments?post=22846"}],"wp:featuredmedia":[{"embeddable":true,"href":"https:\/\/mekulo.com\/dk\/wp-json\/wp\/v2\/media\/22842"}],"wp:attachment":[{"href":"https:\/\/mekulo.com\/dk\/wp-json\/wp\/v2\/media?parent=22846"}],"wp:term":[{"taxonomy":"product_brand","embeddable":true,"href":"https:\/\/mekulo.com\/dk\/wp-json\/wp\/v2\/product_brand?post=22846"},{"taxonomy":"product_cat","embeddable":true,"href":"https:\/\/mekulo.com\/dk\/wp-json\/wp\/v2\/product_cat?post=22846"},{"taxonomy":"product_tag","embeddable":true,"href":"https:\/\/mekulo.com\/dk\/wp-json\/wp\/v2\/product_tag?post=22846"}],"curies":[{"name":"wp","href":"https:\/\/api.w.org\/{rel}","templated":true}]}}