{"id":22772,"date":"2026-02-09T14:36:00","date_gmt":"2026-02-09T12:36:00","guid":{"rendered":"https:\/\/mekulo.com\/dk\/produkt\/holder-til-vaegstik\/"},"modified":"2026-02-09T14:36:42","modified_gmt":"2026-02-09T12:36:42","slug":"holder-til-vaegstik","status":"publish","type":"product","link":"https:\/\/mekulo.com\/dk\/produkt\/holder-til-vaegstik\/","title":{"rendered":"Holder til v\u00e6gstik"},"content":{"rendered":"<h2 style=\"text-align: center\" data-start=\"89\" data-end=\"149\">Hold dine stik og kabler p\u00e6ne og altid inden for r\u00e6kkevidde.<\/h2>\n<p style=\"text-align: center\"><img decoding=\"async\" class=\"alignnone size-medium wp-image-2230 aligncenter\" src=\"https:\/\/keluvo.com\/template\/wp-content\/uploads\/sites\/5\/2024\/10\/4d6b1ea9-5a8a-4f3f-bcc2-7b6270ef8feb.webp\" alt=\"\" \/><\/p>\n<h2 style=\"text-align: center\" data-start=\"328\" data-end=\"346\">\u2b50 Hovedfordele<\/h2>\n<p style=\"text-align: center\" data-start=\"350\" data-end=\"400\">\ud83d\udd0c Holder stik og opladere sikkert p\u00e5 v\u00e6ggen<\/p>\n<p style=\"text-align: center\" data-start=\"403\" data-end=\"443\">\ud83e\uddf2 St\u00e6rk kl\u00e6ber, ingen boring n\u00f8dvendig<\/p>\n<p style=\"text-align: center\" data-start=\"446\" data-end=\"483\">\ud83d\udee0 Nem installation med peel-and-stick<\/p>\n<p style=\"text-align: center\" data-start=\"486\" data-end=\"534\">\ud83c\udfe0 Holder v\u00e6gge, skriveborde og gulve fri for rod<\/p>\n<p style=\"text-align: center\" data-start=\"537\" data-end=\"576\">\ud83d\udcaa Holdbart ABS-materiale til daglig brug<\/p>\n<p style=\"text-align: center\" data-start=\"579\" data-end=\"624\">\ud83c\udfa8 Rent, kompakt design, der passer til ethvert rum<\/p>\n<h2 style=\"text-align: center\"><img decoding=\"async\" class=\"alignnone size-medium wp-image-2237 aligncenter\" style=\"font-size: 16px;font-style: inherit;font-weight: inherit\" src=\"https:\/\/keluvo.com\/template\/wp-content\/uploads\/sites\/5\/2024\/10\/bf78c867-b294-4c09-a332-fcf8eb478ae6.webp\" alt=\"\" \/><\/h2>\n<h2 style=\"text-align: center\" data-start=\"631\" data-end=\"647\">\ud83e\udded S\u00e5dan Bruges<\/h2>\n<ol style=\"text-align: center\" data-start=\"649\" data-end=\"853\">\n<li data-start=\"649\" data-end=\"685\">\n<p style=\"text-align: left\" data-start=\"652\" data-end=\"685\">Reng\u00f8r og t\u00f8r v\u00e6goverfladen.<\/p>\n<\/li>\n<li style=\"text-align: left\" data-start=\"686\" data-end=\"721\">\n<p data-start=\"689\" data-end=\"721\">Tr\u00e6k den selvkl\u00e6bende bagside af.<\/p>\n<\/li>\n<li style=\"text-align: left\" data-start=\"722\" data-end=\"765\">\n<p data-start=\"725\" data-end=\"765\">Kl\u00e6b holderen fast p\u00e5 v\u00e6ggen.<\/p>\n<\/li>\n<li style=\"text-align: left\" data-start=\"766\" data-end=\"808\">\n<p data-start=\"769\" data-end=\"808\">Tryk i et par sekunder for at fastg\u00f8re den.<\/p>\n<\/li>\n<li data-start=\"809\" data-end=\"853\">\n<p style=\"text-align: left\" data-start=\"812\" data-end=\"853\">Placer dit stik eller kabel i holderen.<\/p>\n<\/li>\n<\/ol>\n<h2 style=\"text-align: center\" data-start=\"860\" data-end=\"881\">\ud83d\udce6 Produktdetaljer<\/h2>\n<ul style=\"text-align: center\" data-start=\"883\" data-end=\"1117\">\n<li data-start=\"883\" data-end=\"917\">\n<p style=\"text-align: left\" data-start=\"885\" data-end=\"917\">Produkttype: V\u00e6gstikholder<\/p>\n<\/li>\n<li style=\"text-align: left\" data-start=\"918\" data-end=\"943\">\n<p data-start=\"920\" data-end=\"943\">Materiale: ABS-plast<\/p>\n<\/li>\n<li style=\"text-align: left\" data-start=\"944\" data-end=\"985\">\n<p data-start=\"946\" data-end=\"985\">Installation: St\u00e6rkt kl\u00e6bende bagside<\/p>\n<\/li>\n<li style=\"text-align: left\" data-start=\"986\" data-end=\"1029\">\n<p data-start=\"988\" data-end=\"1029\">Overfladetype: Glatte og rene overflader<\/p>\n<\/li>\n<li style=\"text-align: left\" data-start=\"1030\" data-end=\"1076\">\n<p data-start=\"1032\" data-end=\"1076\">Tilg\u00e6ngelige farver: Bl\u00e5, gr\u00f8n, pink, hvid<\/p>\n<\/li>\n<li data-start=\"1077\" data-end=\"1117\">\n<p style=\"text-align: left\" data-start=\"1079\" data-end=\"1117\">M\u00e6ngdeindstillinger: 1 stk, 2 stk, 4 stk<\/p>\n<\/li>\n<\/ul>\n","protected":false},"excerpt":{"rendered":"<p>V\u00e6gstikholderen hj\u00e6lper dig med at organisere opladere og stik p\u00e5 enhver glat v\u00e6g. Den sidder godt fast uden at bore, s\u00e5 du kan holde pladsen ryddelig og have let adgang til dine enheder.<\/p>\n","protected":false},"featured_media":22768,"comment_status":"open","ping_status":"closed","template":"","meta":{"site-sidebar-layout":"default","site-content-layout":"","ast-site-content-layout":"default","site-content-style":"default","site-sidebar-style":"default","ast-global-header-display":"","ast-banner-title-visibility":"","ast-main-header-display":"","ast-hfb-above-header-display":"","ast-hfb-below-header-display":"","ast-hfb-mobile-header-display":"","site-post-title":"","ast-breadcrumbs-content":"","ast-featured-img":"","footer-sml-layout":"","ast-disable-related-posts":"","theme-transparent-header-meta":"default","adv-header-id-meta":"","stick-header-meta":"","header-above-stick-meta":"","header-main-stick-meta":"","header-below-stick-meta":"","astra-migrate-meta-layouts":"set","ast-page-background-enabled":"default","ast-page-background-meta":{"desktop":{"background-color":"var(--ast-global-color-5)","background-image":"","background-repeat":"repeat","background-position":"center center","background-size":"auto","background-attachment":"scroll","background-type":"","background-media":"","overlay-type":"","overlay-color":"","overlay-opacity":"","overlay-gradient":""},"tablet":{"background-color":"","background-image":"","background-repeat":"repeat","background-position":"center center","background-size":"auto","background-attachment":"scroll","background-type":"","background-media":"","overlay-type":"","overlay-color":"","overlay-opacity":"","overlay-gradient":""},"mobile":{"background-color":"","background-image":"","background-repeat":"repeat","background-position":"center center","background-size":"auto","background-attachment":"scroll","background-type":"","background-media":"","overlay-type":"","overlay-color":"","overlay-opacity":"","overlay-gradient":""}},"ast-content-background-meta":{"desktop":{"background-color":"var(--ast-global-color-4)","background-image":"","background-repeat":"repeat","background-position":"center center","background-size":"auto","background-attachment":"scroll","background-type":"","background-media":"","overlay-type":"","overlay-color":"","overlay-opacity":"","overlay-gradient":""},"tablet":{"background-color":"var(--ast-global-color-4)","background-image":"","background-repeat":"repeat","background-position":"center center","background-size":"auto","background-attachment":"scroll","background-type":"","background-media":"","overlay-type":"","overlay-color":"","overlay-opacity":"","overlay-gradient":""},"mobile":{"background-color":"var(--ast-global-color-4)","background-image":"","background-repeat":"repeat","background-position":"center center","background-size":"auto","background-attachment":"scroll","background-type":"","background-media":"","overlay-type":"","overlay-color":"","overlay-opacity":"","overlay-gradient":""}}},"product_brand":[],"product_cat":[168],"product_tag":[],"class_list":{"0":"post-22772","1":"product","2":"type-product","3":"status-publish","4":"has-post-thumbnail","6":"product_cat-husholdningsartikler","7":"pa_14788_l16znrjj-1-stk","8":"pa_14788_l16znrjj-2-stk","9":"pa_14788_l16znrjj-4-stk","10":"pa_14788_t5rgobiv-blaa","11":"pa_14788_t5rgobiv-groen","12":"pa_14788_t5rgobiv-hvid","13":"pa_14788_t5rgobiv-lyseroed","14":"desktop-align-left","15":"tablet-align-left","16":"mobile-align-left","18":"first","19":"instock","20":"shipping-taxable","21":"purchasable","22":"product-type-variable","23":"has-default-attributes"},"yoast_head":"<!-- This site is optimized with the Yoast SEO plugin v27.4 - https:\/\/yoast.com\/product\/yoast-seo-wordpress\/ -->\n<title>Holder til v\u00e6gstik - Mekulo DK<\/title>\n<meta name=\"robots\" content=\"index, follow, max-snippet:-1, max-image-preview:large, max-video-preview:-1\" \/>\n<link rel=\"canonical\" href=\"https:\/\/mekulo.com\/dk\/produkt\/holder-til-vaegstik\/\" \/>\n<meta property=\"og:locale\" content=\"lt_LT\" \/>\n<meta property=\"og:type\" content=\"article\" \/>\n<meta property=\"og:title\" content=\"Holder til v\u00e6gstik - Mekulo DK\" \/>\n<meta property=\"og:description\" content=\"V\u00e6gstikholderen hj\u00e6lper dig med at organisere opladere og stik p\u00e5 enhver glat v\u00e6g. Den sidder godt fast uden at bore, s\u00e5 du kan holde pladsen ryddelig og have let adgang til dine enheder.\" \/>\n<meta property=\"og:url\" content=\"https:\/\/mekulo.com\/dk\/produkt\/holder-til-vaegstik\/\" \/>\n<meta property=\"og:site_name\" content=\"Mekulo DK\" \/>\n<meta property=\"article:modified_time\" content=\"2026-02-09T12:36:42+00:00\" \/>\n<meta property=\"og:image\" content=\"https:\/\/mekulo.com\/dk\/wp-content\/uploads\/sites\/12\/2026\/02\/qx30odu-1.webp\" \/>\n\t<meta property=\"og:image:width\" content=\"1000\" \/>\n\t<meta property=\"og:image:height\" content=\"1000\" \/>\n\t<meta property=\"og:image:type\" content=\"image\/webp\" \/>\n<meta name=\"twitter:card\" content=\"summary_large_image\" \/>\n<meta name=\"twitter:label1\" content=\"Est. reading time\" \/>\n\t<meta name=\"twitter:data1\" content=\"2 minut\u0117s\" \/>\n<script type=\"application\/ld+json\" class=\"yoast-schema-graph\">{\"@context\":\"https:\\\/\\\/schema.org\",\"@graph\":[{\"@type\":\"WebPage\",\"@id\":\"https:\\\/\\\/mekulo.com\\\/dk\\\/produkt\\\/holder-til-vaegstik\\\/\",\"url\":\"https:\\\/\\\/mekulo.com\\\/dk\\\/produkt\\\/holder-til-vaegstik\\\/\",\"name\":\"Holder til v\u00e6gstik - Mekulo DK\",\"isPartOf\":{\"@id\":\"https:\\\/\\\/mekulo.com\\\/dk\\\/#website\"},\"primaryImageOfPage\":{\"@id\":\"https:\\\/\\\/mekulo.com\\\/dk\\\/produkt\\\/holder-til-vaegstik\\\/#primaryimage\"},\"image\":{\"@id\":\"https:\\\/\\\/mekulo.com\\\/dk\\\/produkt\\\/holder-til-vaegstik\\\/#primaryimage\"},\"thumbnailUrl\":\"https:\\\/\\\/mekulo.com\\\/dk\\\/wp-content\\\/uploads\\\/sites\\\/12\\\/2026\\\/02\\\/qx30odu-1.webp\",\"datePublished\":\"2026-02-09T12:36:00+00:00\",\"dateModified\":\"2026-02-09T12:36:42+00:00\",\"breadcrumb\":{\"@id\":\"https:\\\/\\\/mekulo.com\\\/dk\\\/produkt\\\/holder-til-vaegstik\\\/#breadcrumb\"},\"inLanguage\":\"lt-LT\",\"potentialAction\":[{\"@type\":\"ReadAction\",\"target\":[\"https:\\\/\\\/mekulo.com\\\/dk\\\/produkt\\\/holder-til-vaegstik\\\/\"]}]},{\"@type\":\"ImageObject\",\"inLanguage\":\"lt-LT\",\"@id\":\"https:\\\/\\\/mekulo.com\\\/dk\\\/produkt\\\/holder-til-vaegstik\\\/#primaryimage\",\"url\":\"https:\\\/\\\/mekulo.com\\\/dk\\\/wp-content\\\/uploads\\\/sites\\\/12\\\/2026\\\/02\\\/qx30odu-1.webp\",\"contentUrl\":\"https:\\\/\\\/mekulo.com\\\/dk\\\/wp-content\\\/uploads\\\/sites\\\/12\\\/2026\\\/02\\\/qx30odu-1.webp\",\"width\":1000,\"height\":1000},{\"@type\":\"BreadcrumbList\",\"@id\":\"https:\\\/\\\/mekulo.com\\\/dk\\\/produkt\\\/holder-til-vaegstik\\\/#breadcrumb\",\"itemListElement\":[{\"@type\":\"ListItem\",\"position\":1,\"name\":\"Home\",\"item\":\"https:\\\/\\\/mekulo.com\\\/dk\\\/\"},{\"@type\":\"ListItem\",\"position\":2,\"name\":\"Butik\",\"item\":\"https:\\\/\\\/mekulo.com\\\/dk\\\/butik\\\/\"},{\"@type\":\"ListItem\",\"position\":3,\"name\":\"Holder til v\u00e6gstik\"}]},{\"@type\":\"WebSite\",\"@id\":\"https:\\\/\\\/mekulo.com\\\/dk\\\/#website\",\"url\":\"https:\\\/\\\/mekulo.com\\\/dk\\\/\",\"name\":\"Mekulo DK\",\"description\":\"\",\"publisher\":{\"@id\":\"https:\\\/\\\/mekulo.com\\\/dk\\\/#organization\"},\"potentialAction\":[{\"@type\":\"SearchAction\",\"target\":{\"@type\":\"EntryPoint\",\"urlTemplate\":\"https:\\\/\\\/mekulo.com\\\/dk\\\/?s={search_term_string}\"},\"query-input\":{\"@type\":\"PropertyValueSpecification\",\"valueRequired\":true,\"valueName\":\"search_term_string\"}}],\"inLanguage\":\"lt-LT\"},{\"@type\":\"Organization\",\"@id\":\"https:\\\/\\\/mekulo.com\\\/dk\\\/#organization\",\"name\":\"Mekulo\",\"url\":\"https:\\\/\\\/mekulo.com\\\/dk\\\/\",\"logo\":{\"@type\":\"ImageObject\",\"inLanguage\":\"lt-LT\",\"@id\":\"https:\\\/\\\/mekulo.com\\\/dk\\\/#\\\/schema\\\/logo\\\/image\\\/\",\"url\":\"https:\\\/\\\/mekulo.com\\\/dk\\\/wp-content\\\/uploads\\\/sites\\\/12\\\/2025\\\/12\\\/favicon_mekulo.png\",\"contentUrl\":\"https:\\\/\\\/mekulo.com\\\/dk\\\/wp-content\\\/uploads\\\/sites\\\/12\\\/2025\\\/12\\\/favicon_mekulo.png\",\"width\":50,\"height\":50,\"caption\":\"Mekulo\"},\"image\":{\"@id\":\"https:\\\/\\\/mekulo.com\\\/dk\\\/#\\\/schema\\\/logo\\\/image\\\/\"}}]}<\/script>\n<!-- \/ Yoast SEO plugin. -->","yoast_head_json":{"title":"Holder til v\u00e6gstik - Mekulo DK","robots":{"index":"index","follow":"follow","max-snippet":"max-snippet:-1","max-image-preview":"max-image-preview:large","max-video-preview":"max-video-preview:-1"},"canonical":"https:\/\/mekulo.com\/dk\/produkt\/holder-til-vaegstik\/","og_locale":"lt_LT","og_type":"article","og_title":"Holder til v\u00e6gstik - Mekulo DK","og_description":"V\u00e6gstikholderen hj\u00e6lper dig med at organisere opladere og stik p\u00e5 enhver glat v\u00e6g. Den sidder godt fast uden at bore, s\u00e5 du kan holde pladsen ryddelig og have let adgang til dine enheder.","og_url":"https:\/\/mekulo.com\/dk\/produkt\/holder-til-vaegstik\/","og_site_name":"Mekulo DK","article_modified_time":"2026-02-09T12:36:42+00:00","og_image":[{"width":1000,"height":1000,"url":"https:\/\/mekulo.com\/dk\/wp-content\/uploads\/sites\/12\/2026\/02\/qx30odu-1.webp","type":"image\/webp"}],"twitter_card":"summary_large_image","twitter_misc":{"Est. reading time":"2 minut\u0117s"},"schema":{"@context":"https:\/\/schema.org","@graph":[{"@type":"WebPage","@id":"https:\/\/mekulo.com\/dk\/produkt\/holder-til-vaegstik\/","url":"https:\/\/mekulo.com\/dk\/produkt\/holder-til-vaegstik\/","name":"Holder til v\u00e6gstik - Mekulo DK","isPartOf":{"@id":"https:\/\/mekulo.com\/dk\/#website"},"primaryImageOfPage":{"@id":"https:\/\/mekulo.com\/dk\/produkt\/holder-til-vaegstik\/#primaryimage"},"image":{"@id":"https:\/\/mekulo.com\/dk\/produkt\/holder-til-vaegstik\/#primaryimage"},"thumbnailUrl":"https:\/\/mekulo.com\/dk\/wp-content\/uploads\/sites\/12\/2026\/02\/qx30odu-1.webp","datePublished":"2026-02-09T12:36:00+00:00","dateModified":"2026-02-09T12:36:42+00:00","breadcrumb":{"@id":"https:\/\/mekulo.com\/dk\/produkt\/holder-til-vaegstik\/#breadcrumb"},"inLanguage":"lt-LT","potentialAction":[{"@type":"ReadAction","target":["https:\/\/mekulo.com\/dk\/produkt\/holder-til-vaegstik\/"]}]},{"@type":"ImageObject","inLanguage":"lt-LT","@id":"https:\/\/mekulo.com\/dk\/produkt\/holder-til-vaegstik\/#primaryimage","url":"https:\/\/mekulo.com\/dk\/wp-content\/uploads\/sites\/12\/2026\/02\/qx30odu-1.webp","contentUrl":"https:\/\/mekulo.com\/dk\/wp-content\/uploads\/sites\/12\/2026\/02\/qx30odu-1.webp","width":1000,"height":1000},{"@type":"BreadcrumbList","@id":"https:\/\/mekulo.com\/dk\/produkt\/holder-til-vaegstik\/#breadcrumb","itemListElement":[{"@type":"ListItem","position":1,"name":"Home","item":"https:\/\/mekulo.com\/dk\/"},{"@type":"ListItem","position":2,"name":"Butik","item":"https:\/\/mekulo.com\/dk\/butik\/"},{"@type":"ListItem","position":3,"name":"Holder til v\u00e6gstik"}]},{"@type":"WebSite","@id":"https:\/\/mekulo.com\/dk\/#website","url":"https:\/\/mekulo.com\/dk\/","name":"Mekulo DK","description":"","publisher":{"@id":"https:\/\/mekulo.com\/dk\/#organization"},"potentialAction":[{"@type":"SearchAction","target":{"@type":"EntryPoint","urlTemplate":"https:\/\/mekulo.com\/dk\/?s={search_term_string}"},"query-input":{"@type":"PropertyValueSpecification","valueRequired":true,"valueName":"search_term_string"}}],"inLanguage":"lt-LT"},{"@type":"Organization","@id":"https:\/\/mekulo.com\/dk\/#organization","name":"Mekulo","url":"https:\/\/mekulo.com\/dk\/","logo":{"@type":"ImageObject","inLanguage":"lt-LT","@id":"https:\/\/mekulo.com\/dk\/#\/schema\/logo\/image\/","url":"https:\/\/mekulo.com\/dk\/wp-content\/uploads\/sites\/12\/2025\/12\/favicon_mekulo.png","contentUrl":"https:\/\/mekulo.com\/dk\/wp-content\/uploads\/sites\/12\/2025\/12\/favicon_mekulo.png","width":50,"height":50,"caption":"Mekulo"},"image":{"@id":"https:\/\/mekulo.com\/dk\/#\/schema\/logo\/image\/"}}]}},"_links":{"self":[{"href":"https:\/\/mekulo.com\/dk\/wp-json\/wp\/v2\/product\/22772","targetHints":{"allow":["GET"]}}],"collection":[{"href":"https:\/\/mekulo.com\/dk\/wp-json\/wp\/v2\/product"}],"about":[{"href":"https:\/\/mekulo.com\/dk\/wp-json\/wp\/v2\/types\/product"}],"replies":[{"embeddable":true,"href":"https:\/\/mekulo.com\/dk\/wp-json\/wp\/v2\/comments?post=22772"}],"wp:featuredmedia":[{"embeddable":true,"href":"https:\/\/mekulo.com\/dk\/wp-json\/wp\/v2\/media\/22768"}],"wp:attachment":[{"href":"https:\/\/mekulo.com\/dk\/wp-json\/wp\/v2\/media?parent=22772"}],"wp:term":[{"taxonomy":"product_brand","embeddable":true,"href":"https:\/\/mekulo.com\/dk\/wp-json\/wp\/v2\/product_brand?post=22772"},{"taxonomy":"product_cat","embeddable":true,"href":"https:\/\/mekulo.com\/dk\/wp-json\/wp\/v2\/product_cat?post=22772"},{"taxonomy":"product_tag","embeddable":true,"href":"https:\/\/mekulo.com\/dk\/wp-json\/wp\/v2\/product_tag?post=22772"}],"curies":[{"name":"wp","href":"https:\/\/api.w.org\/{rel}","templated":true}]}}