{"id":22736,"date":"2026-02-09T14:33:32","date_gmt":"2026-02-09T12:33:32","guid":{"rendered":"https:\/\/mekulo.com\/dk\/produkt\/svoebetaeppe-til-baby\/"},"modified":"2026-02-09T14:33:55","modified_gmt":"2026-02-09T12:33:55","slug":"svoebetaeppe-til-baby","status":"publish","type":"product","link":"https:\/\/mekulo.com\/dk\/produkt\/svoebetaeppe-til-baby\/","title":{"rendered":"Sv\u00f8bet\u00e6ppe til baby"},"content":{"rendered":"<div>\n<div class=\"standard-markdown grid-cols-1 grid [&amp;_&gt;_*]:min-w-0 gap-3\">\n<h2 class=\"font-claude-response-body break-words whitespace-normal leading-[1.7]\" style=\"text-align: center\"><strong>Hold Din Baby Varm, Sikker Og Sovende Med Dette Bl\u00f8de, Strikkede Sv\u00f8bet\u00e6ppe.<\/strong><\/h2>\n<\/div>\n<\/div>\n<p><img decoding=\"async\" class=\"alignnone size-medium wp-image-1599 aligncenter\" src=\"https:\/\/keluvo.com\/template\/wp-content\/uploads\/sites\/5\/2024\/10\/a91e67a9-783d-487b-ade7-733fd096473e-300x300.webp\" alt=\"\" \/><\/p>\n<h2 class=\"text-text-100 mt-3 -mb-1 text-[1.125rem] font-bold\" style=\"text-align: center\">Vigtigste Fordele \u2728<\/h2>\n<p class=\"font-claude-response-body break-words whitespace-normal leading-[1.7]\" style=\"text-align: center\">\ud83e\uddf6 Bl\u00f8d strikket uld &#8211; Bl\u00f8dt, hyggeligt stof holder babyen varm uden overheating<\/p>\n<p class=\"font-claude-response-body break-words whitespace-normal leading-[1.7]\" style=\"text-align: center\">\ud83d\udee1\ufe0f Sikkert sv\u00f8bedesign &#8211; T\u00e6t pasform hj\u00e6lper babyer med at f\u00f8le sig trygge og sove bedre<\/p>\n<p class=\"font-claude-response-body break-words whitespace-normal leading-[1.7]\" style=\"text-align: center\">\ud83d\udce6 Nem kuvertform &#8211; Nem at vikle rundt om babyen for hurtig sv\u00f8bning<\/p>\n<p class=\"font-claude-response-body break-words whitespace-normal leading-[1.7]\" style=\"text-align: center\">\ud83c\udf92 Letv\u00e6gt &amp; B\u00e6rbar &#8211; Perfekt til barnevogne, pusletasker og rejser<\/p>\n<p class=\"font-claude-response-body break-words whitespace-normal leading-[1.7]\" style=\"text-align: center\">\ud83c\udf19 Bedre s\u00f8vn &#8211; Hyggelig varme og tryghed fremmer l\u00e6ngere og mere afslappende s\u00f8vn<\/p>\n<p class=\"font-claude-response-body break-words whitespace-normal leading-[1.7]\" style=\"text-align: center\">\ud83c\udfa8 Flere farver &#8211; V\u00e6lg mellem 7 neutrale og bl\u00f8de farver, der passer til ethvert b\u00f8rnev\u00e6relse<\/p>\n<p class=\"font-claude-response-body break-words whitespace-normal leading-[1.7]\"><img decoding=\"async\" class=\"size-medium wp-image-1601 aligncenter\" src=\"https:\/\/keluvo.com\/template\/wp-content\/uploads\/sites\/5\/2024\/10\/Screenshot_4-1-300x290.png\" alt=\"\" \/><\/p>\n<h2 style=\"text-align: center\">Perfekt Til At V\u00e6re P\u00e5 Farten<\/h2>\n<p style=\"text-align: center\">Dette sv\u00f8bet\u00e6ppe er ideelt til for\u00e6ldre, der altid er p\u00e5 farten. Dets lette design g\u00f8r det nemt at pakke i klapvogne eller pusletasker. Uanset om du er ude at g\u00e5 en tur eller p\u00e5 rejse, vil denne sovepose holde din baby varm og komfortabel, uanset hvor du g\u00e5r.<\/p>\n<h2 class=\"text-text-100 mt-3 -mb-1 text-[1.125rem] font-bold\" style=\"text-align: center\">Produktdetaljer<\/h2>\n<ul class=\"[li_&amp;]:mb-0 [li_&amp;]:mt-1 [li_&amp;]:gap-1 [&amp;:not(:last-child)_ul]:pb-1 [&amp;:not(:last-child)_ol]:pb-1 list-disc flex flex-col gap-1 pl-8 mb-3\">\n<li class=\"whitespace-normal break-words pl-2\">Materiale: Bl\u00f8d strikket uld<\/li>\n<li class=\"whitespace-normal break-words pl-2\">Design: Sv\u00f8bes\u00e6k i konvolut-stil<\/li>\n<li class=\"whitespace-normal break-words pl-2\">Farver: Sort, brun, m\u00f8rkegr\u00e5, gr\u00e5, khaki, lysegr\u00e5, pink<\/li>\n<li class=\"whitespace-normal break-words pl-2\">V\u00e6gt: Let for nem transport<\/li>\n<li class=\"whitespace-normal break-words pl-2\">Brug: Perfekt til sovetid og komfort p\u00e5 farten<\/li>\n<li class=\"whitespace-normal break-words pl-2\">Garanti: 30 dages pengene-tilbage-garanti<\/li>\n<\/ul>\n<p>&nbsp;<\/p>\n","protected":false},"excerpt":{"rendered":"<p>Giv dit barn den komfort, det fortjener, med denne hyggelige sv\u00f8besovepose. Den bl\u00f8de strikkede uld skaber en blid, t\u00e6t omfavnelse, der hj\u00e6lper babyer med at f\u00f8le sig trygge og sove bedre om natten. Det brugervenlige kuvertdesign g\u00f8r det hurtigt og enkelt at pakke ind, og den lette konstruktion betyder, at du kan tage den med overalt.<\/p>\n","protected":false},"featured_media":22732,"comment_status":"open","ping_status":"closed","template":"","meta":{"site-sidebar-layout":"default","site-content-layout":"","ast-site-content-layout":"default","site-content-style":"default","site-sidebar-style":"default","ast-global-header-display":"","ast-banner-title-visibility":"","ast-main-header-display":"","ast-hfb-above-header-display":"","ast-hfb-below-header-display":"","ast-hfb-mobile-header-display":"","site-post-title":"","ast-breadcrumbs-content":"","ast-featured-img":"","footer-sml-layout":"","theme-transparent-header-meta":"default","adv-header-id-meta":"","stick-header-meta":"","header-above-stick-meta":"","header-main-stick-meta":"","header-below-stick-meta":"","astra-migrate-meta-layouts":"set","ast-page-background-enabled":"default","ast-page-background-meta":{"desktop":{"background-color":"var(--ast-global-color-5)","background-image":"","background-repeat":"repeat","background-position":"center center","background-size":"auto","background-attachment":"scroll","background-type":"","background-media":"","overlay-type":"","overlay-color":"","overlay-opacity":"","overlay-gradient":""},"tablet":{"background-color":"","background-image":"","background-repeat":"repeat","background-position":"center center","background-size":"auto","background-attachment":"scroll","background-type":"","background-media":"","overlay-type":"","overlay-color":"","overlay-opacity":"","overlay-gradient":""},"mobile":{"background-color":"","background-image":"","background-repeat":"repeat","background-position":"center center","background-size":"auto","background-attachment":"scroll","background-type":"","background-media":"","overlay-type":"","overlay-color":"","overlay-opacity":"","overlay-gradient":""}},"ast-content-background-meta":{"desktop":{"background-color":"var(--ast-global-color-4)","background-image":"","background-repeat":"repeat","background-position":"center center","background-size":"auto","background-attachment":"scroll","background-type":"","background-media":"","overlay-type":"","overlay-color":"","overlay-opacity":"","overlay-gradient":""},"tablet":{"background-color":"var(--ast-global-color-4)","background-image":"","background-repeat":"repeat","background-position":"center center","background-size":"auto","background-attachment":"scroll","background-type":"","background-media":"","overlay-type":"","overlay-color":"","overlay-opacity":"","overlay-gradient":""},"mobile":{"background-color":"var(--ast-global-color-4)","background-image":"","background-repeat":"repeat","background-position":"center center","background-size":"auto","background-attachment":"scroll","background-type":"","background-media":"","overlay-type":"","overlay-color":"","overlay-opacity":"","overlay-gradient":""}}},"product_brand":[],"product_cat":[172],"product_tag":[],"class_list":{"0":"post-22736","1":"product","2":"type-product","3":"status-publish","4":"has-post-thumbnail","6":"product_cat-legetoej-boerne-og-babyprodukter","7":"pa_14729_ypid35l8-brun","8":"pa_14729_ypid35l8-graa","9":"pa_14729_ypid35l8-khaki","10":"pa_14729_ypid35l8-lysegraa","11":"pa_14729_ypid35l8-lyseroed","12":"pa_14729_ypid35l8-moerkegraa","13":"pa_14729_ypid35l8-sort","14":"desktop-align-left","15":"tablet-align-left","16":"mobile-align-left","18":"first","19":"instock","20":"shipping-taxable","21":"purchasable","22":"product-type-variable"},"yoast_head":"<!-- This site is optimized with the Yoast SEO plugin v26.6 - https:\/\/yoast.com\/wordpress\/plugins\/seo\/ -->\n<title>Sv\u00f8bet\u00e6ppe til baby - Mekulo DK<\/title>\n<meta name=\"robots\" content=\"index, follow, max-snippet:-1, max-image-preview:large, max-video-preview:-1\" \/>\n<link rel=\"canonical\" href=\"https:\/\/mekulo.com\/dk\/produkt\/svoebetaeppe-til-baby\/\" \/>\n<meta property=\"og:locale\" content=\"da_DK\" \/>\n<meta property=\"og:type\" content=\"article\" \/>\n<meta property=\"og:title\" content=\"Sv\u00f8bet\u00e6ppe til baby - Mekulo DK\" \/>\n<meta property=\"og:description\" content=\"Giv dit barn den komfort, det fortjener, med denne hyggelige sv\u00f8besovepose. Den bl\u00f8de strikkede uld skaber en blid, t\u00e6t omfavnelse, der hj\u00e6lper babyer med at f\u00f8le sig trygge og sove bedre om natten. Det brugervenlige kuvertdesign g\u00f8r det hurtigt og enkelt at pakke ind, og den lette konstruktion betyder, at du kan tage den med overalt.\" \/>\n<meta property=\"og:url\" content=\"https:\/\/mekulo.com\/dk\/produkt\/svoebetaeppe-til-baby\/\" \/>\n<meta property=\"og:site_name\" content=\"Mekulo DK\" \/>\n<meta property=\"article:modified_time\" content=\"2026-02-09T12:33:55+00:00\" \/>\n<meta property=\"og:image\" content=\"https:\/\/mekulo.com\/dk\/wp-content\/uploads\/sites\/12\/2026\/02\/4jq9xtm-1.webp\" \/>\n\t<meta property=\"og:image:width\" content=\"720\" \/>\n\t<meta property=\"og:image:height\" content=\"720\" \/>\n\t<meta property=\"og:image:type\" content=\"image\/webp\" \/>\n<meta name=\"twitter:card\" content=\"summary_large_image\" \/>\n<meta name=\"twitter:label1\" content=\"Estimeret l\u00e6setid\" \/>\n\t<meta name=\"twitter:data1\" content=\"2 minutter\" \/>\n<script type=\"application\/ld+json\" class=\"yoast-schema-graph\">{\"@context\":\"https:\/\/schema.org\",\"@graph\":[{\"@type\":\"WebPage\",\"@id\":\"https:\/\/mekulo.com\/dk\/produkt\/svoebetaeppe-til-baby\/\",\"url\":\"https:\/\/mekulo.com\/dk\/produkt\/svoebetaeppe-til-baby\/\",\"name\":\"Sv\u00f8bet\u00e6ppe til baby - Mekulo DK\",\"isPartOf\":{\"@id\":\"https:\/\/mekulo.com\/dk\/#website\"},\"primaryImageOfPage\":{\"@id\":\"https:\/\/mekulo.com\/dk\/produkt\/svoebetaeppe-til-baby\/#primaryimage\"},\"image\":{\"@id\":\"https:\/\/mekulo.com\/dk\/produkt\/svoebetaeppe-til-baby\/#primaryimage\"},\"thumbnailUrl\":\"https:\/\/mekulo.com\/dk\/wp-content\/uploads\/sites\/12\/2026\/02\/4jq9xtm-1.webp\",\"datePublished\":\"2026-02-09T12:33:32+00:00\",\"dateModified\":\"2026-02-09T12:33:55+00:00\",\"breadcrumb\":{\"@id\":\"https:\/\/mekulo.com\/dk\/produkt\/svoebetaeppe-til-baby\/#breadcrumb\"},\"inLanguage\":\"da-DK\",\"potentialAction\":[{\"@type\":\"ReadAction\",\"target\":[\"https:\/\/mekulo.com\/dk\/produkt\/svoebetaeppe-til-baby\/\"]}]},{\"@type\":\"ImageObject\",\"inLanguage\":\"da-DK\",\"@id\":\"https:\/\/mekulo.com\/dk\/produkt\/svoebetaeppe-til-baby\/#primaryimage\",\"url\":\"https:\/\/mekulo.com\/dk\/wp-content\/uploads\/sites\/12\/2026\/02\/4jq9xtm-1.webp\",\"contentUrl\":\"https:\/\/mekulo.com\/dk\/wp-content\/uploads\/sites\/12\/2026\/02\/4jq9xtm-1.webp\",\"width\":720,\"height\":720},{\"@type\":\"BreadcrumbList\",\"@id\":\"https:\/\/mekulo.com\/dk\/produkt\/svoebetaeppe-til-baby\/#breadcrumb\",\"itemListElement\":[{\"@type\":\"ListItem\",\"position\":1,\"name\":\"Home\",\"item\":\"https:\/\/mekulo.com\/dk\/\"},{\"@type\":\"ListItem\",\"position\":2,\"name\":\"Butik\",\"item\":\"https:\/\/mekulo.com\/dk\/butik\/\"},{\"@type\":\"ListItem\",\"position\":3,\"name\":\"Sv\u00f8bet\u00e6ppe til baby\"}]},{\"@type\":\"WebSite\",\"@id\":\"https:\/\/mekulo.com\/dk\/#website\",\"url\":\"https:\/\/mekulo.com\/dk\/\",\"name\":\"Mekulo DK\",\"description\":\"\",\"publisher\":{\"@id\":\"https:\/\/mekulo.com\/dk\/#organization\"},\"potentialAction\":[{\"@type\":\"SearchAction\",\"target\":{\"@type\":\"EntryPoint\",\"urlTemplate\":\"https:\/\/mekulo.com\/dk\/?s={search_term_string}\"},\"query-input\":{\"@type\":\"PropertyValueSpecification\",\"valueRequired\":true,\"valueName\":\"search_term_string\"}}],\"inLanguage\":\"da-DK\"},{\"@type\":\"Organization\",\"@id\":\"https:\/\/mekulo.com\/dk\/#organization\",\"name\":\"Mekulo\",\"url\":\"https:\/\/mekulo.com\/dk\/\",\"logo\":{\"@type\":\"ImageObject\",\"inLanguage\":\"da-DK\",\"@id\":\"https:\/\/mekulo.com\/dk\/#\/schema\/logo\/image\/\",\"url\":\"https:\/\/mekulo.com\/dk\/wp-content\/uploads\/sites\/12\/2025\/12\/favicon_mekulo.png\",\"contentUrl\":\"https:\/\/mekulo.com\/dk\/wp-content\/uploads\/sites\/12\/2025\/12\/favicon_mekulo.png\",\"width\":50,\"height\":50,\"caption\":\"Mekulo\"},\"image\":{\"@id\":\"https:\/\/mekulo.com\/dk\/#\/schema\/logo\/image\/\"}}]}<\/script>\n<!-- \/ Yoast SEO plugin. -->","yoast_head_json":{"title":"Sv\u00f8bet\u00e6ppe til baby - Mekulo DK","robots":{"index":"index","follow":"follow","max-snippet":"max-snippet:-1","max-image-preview":"max-image-preview:large","max-video-preview":"max-video-preview:-1"},"canonical":"https:\/\/mekulo.com\/dk\/produkt\/svoebetaeppe-til-baby\/","og_locale":"da_DK","og_type":"article","og_title":"Sv\u00f8bet\u00e6ppe til baby - Mekulo DK","og_description":"Giv dit barn den komfort, det fortjener, med denne hyggelige sv\u00f8besovepose. Den bl\u00f8de strikkede uld skaber en blid, t\u00e6t omfavnelse, der hj\u00e6lper babyer med at f\u00f8le sig trygge og sove bedre om natten. Det brugervenlige kuvertdesign g\u00f8r det hurtigt og enkelt at pakke ind, og den lette konstruktion betyder, at du kan tage den med overalt.","og_url":"https:\/\/mekulo.com\/dk\/produkt\/svoebetaeppe-til-baby\/","og_site_name":"Mekulo DK","article_modified_time":"2026-02-09T12:33:55+00:00","og_image":[{"width":720,"height":720,"url":"https:\/\/mekulo.com\/dk\/wp-content\/uploads\/sites\/12\/2026\/02\/4jq9xtm-1.webp","type":"image\/webp"}],"twitter_card":"summary_large_image","twitter_misc":{"Estimeret l\u00e6setid":"2 minutter"},"schema":{"@context":"https:\/\/schema.org","@graph":[{"@type":"WebPage","@id":"https:\/\/mekulo.com\/dk\/produkt\/svoebetaeppe-til-baby\/","url":"https:\/\/mekulo.com\/dk\/produkt\/svoebetaeppe-til-baby\/","name":"Sv\u00f8bet\u00e6ppe til baby - Mekulo DK","isPartOf":{"@id":"https:\/\/mekulo.com\/dk\/#website"},"primaryImageOfPage":{"@id":"https:\/\/mekulo.com\/dk\/produkt\/svoebetaeppe-til-baby\/#primaryimage"},"image":{"@id":"https:\/\/mekulo.com\/dk\/produkt\/svoebetaeppe-til-baby\/#primaryimage"},"thumbnailUrl":"https:\/\/mekulo.com\/dk\/wp-content\/uploads\/sites\/12\/2026\/02\/4jq9xtm-1.webp","datePublished":"2026-02-09T12:33:32+00:00","dateModified":"2026-02-09T12:33:55+00:00","breadcrumb":{"@id":"https:\/\/mekulo.com\/dk\/produkt\/svoebetaeppe-til-baby\/#breadcrumb"},"inLanguage":"da-DK","potentialAction":[{"@type":"ReadAction","target":["https:\/\/mekulo.com\/dk\/produkt\/svoebetaeppe-til-baby\/"]}]},{"@type":"ImageObject","inLanguage":"da-DK","@id":"https:\/\/mekulo.com\/dk\/produkt\/svoebetaeppe-til-baby\/#primaryimage","url":"https:\/\/mekulo.com\/dk\/wp-content\/uploads\/sites\/12\/2026\/02\/4jq9xtm-1.webp","contentUrl":"https:\/\/mekulo.com\/dk\/wp-content\/uploads\/sites\/12\/2026\/02\/4jq9xtm-1.webp","width":720,"height":720},{"@type":"BreadcrumbList","@id":"https:\/\/mekulo.com\/dk\/produkt\/svoebetaeppe-til-baby\/#breadcrumb","itemListElement":[{"@type":"ListItem","position":1,"name":"Home","item":"https:\/\/mekulo.com\/dk\/"},{"@type":"ListItem","position":2,"name":"Butik","item":"https:\/\/mekulo.com\/dk\/butik\/"},{"@type":"ListItem","position":3,"name":"Sv\u00f8bet\u00e6ppe til baby"}]},{"@type":"WebSite","@id":"https:\/\/mekulo.com\/dk\/#website","url":"https:\/\/mekulo.com\/dk\/","name":"Mekulo DK","description":"","publisher":{"@id":"https:\/\/mekulo.com\/dk\/#organization"},"potentialAction":[{"@type":"SearchAction","target":{"@type":"EntryPoint","urlTemplate":"https:\/\/mekulo.com\/dk\/?s={search_term_string}"},"query-input":{"@type":"PropertyValueSpecification","valueRequired":true,"valueName":"search_term_string"}}],"inLanguage":"da-DK"},{"@type":"Organization","@id":"https:\/\/mekulo.com\/dk\/#organization","name":"Mekulo","url":"https:\/\/mekulo.com\/dk\/","logo":{"@type":"ImageObject","inLanguage":"da-DK","@id":"https:\/\/mekulo.com\/dk\/#\/schema\/logo\/image\/","url":"https:\/\/mekulo.com\/dk\/wp-content\/uploads\/sites\/12\/2025\/12\/favicon_mekulo.png","contentUrl":"https:\/\/mekulo.com\/dk\/wp-content\/uploads\/sites\/12\/2025\/12\/favicon_mekulo.png","width":50,"height":50,"caption":"Mekulo"},"image":{"@id":"https:\/\/mekulo.com\/dk\/#\/schema\/logo\/image\/"}}]}},"_links":{"self":[{"href":"https:\/\/mekulo.com\/dk\/wp-json\/wp\/v2\/product\/22736","targetHints":{"allow":["GET"]}}],"collection":[{"href":"https:\/\/mekulo.com\/dk\/wp-json\/wp\/v2\/product"}],"about":[{"href":"https:\/\/mekulo.com\/dk\/wp-json\/wp\/v2\/types\/product"}],"replies":[{"embeddable":true,"href":"https:\/\/mekulo.com\/dk\/wp-json\/wp\/v2\/comments?post=22736"}],"wp:featuredmedia":[{"embeddable":true,"href":"https:\/\/mekulo.com\/dk\/wp-json\/wp\/v2\/media\/22732"}],"wp:attachment":[{"href":"https:\/\/mekulo.com\/dk\/wp-json\/wp\/v2\/media?parent=22736"}],"wp:term":[{"taxonomy":"product_brand","embeddable":true,"href":"https:\/\/mekulo.com\/dk\/wp-json\/wp\/v2\/product_brand?post=22736"},{"taxonomy":"product_cat","embeddable":true,"href":"https:\/\/mekulo.com\/dk\/wp-json\/wp\/v2\/product_cat?post=22736"},{"taxonomy":"product_tag","embeddable":true,"href":"https:\/\/mekulo.com\/dk\/wp-json\/wp\/v2\/product_tag?post=22736"}],"curies":[{"name":"wp","href":"https:\/\/api.w.org\/{rel}","templated":true}]}}