{"id":22719,"date":"2026-02-09T14:31:17","date_gmt":"2026-02-09T12:31:17","guid":{"rendered":"https:\/\/mekulo.com\/dk\/produkt\/luksus-herreur\/"},"modified":"2026-02-10T11:16:56","modified_gmt":"2026-02-10T09:16:56","slug":"luksus-herreur","status":"publish","type":"product","link":"https:\/\/mekulo.com\/dk\/produkt\/luksus-herreur\/","title":{"rendered":"Luksus herreur"},"content":{"rendered":"<div>\n<div class=\"standard-markdown grid-cols-1 grid [&amp;_&gt;_*]:min-w-0 gap-3\">\n<h2 class=\"font-claude-response-body break-words whitespace-normal leading-[1.7]\" style=\"text-align: center\"><strong>L\u00f8ft Din Stil Med Dette Elegante, Funktionsrige Ur, Der Kombinerer Klassisk Design Med Moderne Funktionalitet.<\/strong><\/h2>\n<\/div>\n<\/div>\n<h2 style=\"text-align: center\"><img decoding=\"async\" class=\"aligncenter\" style=\"font-size: 1.7em;font-style: inherit\" src=\"https:\/\/s.alicdn.com\/@sc04\/kf\/Hef8118d29c374058a07b24bd8dc51a13J.jpg?avif=close\" \/><\/h2>\n<h2 style=\"text-align: center\"><\/h2>\n<h2 style=\"text-align: center\">Klassisk luksusdesign<\/h2>\n<p style=\"text-align: center\">Fashion minimalistiske ure til m\u00e6nd med et minimalistisk bl\u00e5t urskivedesign er rene og elegante. Sammen med en avanceret rem i rustfrit st\u00e5l er det lige s\u00e5 behageligt, som det er flot. At b\u00e6re dette ur forbedrer den kunstneriske stil i hverdagen og tilf\u00f8jer et strejf af elegance til forretningst\u00f8j.<\/p>\n<h2 style=\"text-align: center\"><img decoding=\"async\" class=\"size-medium wp-image-4053 aligncenter\" src=\"https:\/\/keluvo.com\/template\/wp-content\/uploads\/sites\/5\/2024\/10\/download.jpeg\" alt=\"\" \/><\/h2>\n<h2 style=\"text-align: center\"><\/h2>\n<h2 class=\"text-text-100 mt-3 -mb-1 text-[1.125rem] font-bold\" style=\"text-align: center\">Vigtigste fordele \u2728<\/h2>\n<p class=\"font-claude-response-body break-words whitespace-normal leading-[1.7]\" style=\"text-align: center\">\ud83d\udca7 Vandt\u00e6t design &#8211; Sikkert til h\u00e5ndvask, madlavning og regnvejr uden bekymring<\/p>\n<p class=\"font-claude-response-body break-words whitespace-normal leading-[1.7]\" style=\"text-align: center\">\ud83c\udf19 Selvlysende visere &#8211; Se tiden tydeligt selv i komplet m\u00f8rke<\/p>\n<p class=\"font-claude-response-body break-words whitespace-normal leading-[1.7]\" style=\"text-align: center\">\u231a Uge &amp; Datovisning &#8211; Praktisk vindue viser b\u00e5de dag og dato for nem planl\u00e6gning<\/p>\n<p class=\"font-claude-response-body break-words whitespace-normal leading-[1.7]\" style=\"text-align: center\">\ud83d\udc8e Design med diamantskala &#8211; Elegante mark\u00f8rer g\u00f8r det nemt at afl\u00e6se tiden med et enkelt blik<\/p>\n<p class=\"font-claude-response-body break-words whitespace-normal leading-[1.7]\" style=\"text-align: center\">\ud83d\udd17 Premium rem i rustfrit st\u00e5l &#8211; Let, behagelig og holdbar til brug hele dagen<\/p>\n<p class=\"font-claude-response-body break-words whitespace-normal leading-[1.7]\" style=\"text-align: center\">\ud83d\udc54 Alsidig stil &#8211; Supplerer b\u00e5de afslappede og formelle outfits med tidl\u00f8s elegance<\/p>\n<div style=\"text-align: center\"><img decoding=\"async\" class=\"aligncenter\" src=\"https:\/\/s.alicdn.com\/@sc04\/kf\/H27542c1cdf1d4f0a98a13056cf4bf7cbn.jpg?avif=close\" \/><\/div>\n<h2><\/h2>\n<div style=\"text-align: center\"><\/div>\n<h2 class=\"text-text-100 mt-3 -mb-1 text-[1.125rem] font-bold\" style=\"text-align: center\">Produktdetaljer<\/h2>\n<ul class=\"[li_&amp;]:mb-0 [li_&amp;]:mt-1 [li_&amp;]:gap-1 [&amp;:not(:last-child)_ul]:pb-1 [&amp;:not(:last-child)_ol]:pb-1 list-disc flex flex-col gap-1 pl-8 mb-3\" style=\"text-align: center\">\n<li class=\"whitespace-normal break-words pl-2\" style=\"text-align: left\">Indstillinger: Sort, bl\u00e5, gr\u00f8n, hvid<\/li>\n<li class=\"whitespace-normal break-words pl-2\" style=\"text-align: left\">Remmateriale: Rustfrit st\u00e5l af h\u00f8j kvalitet<\/li>\n<li class=\"whitespace-normal break-words pl-2\" style=\"text-align: left\">Funktioner: Vandt\u00e6t, selvlysende visere, ugevisning, datovisning<\/li>\n<li class=\"whitespace-normal break-words pl-2\" style=\"text-align: left\">Design: Minimalistisk luksus med diamantskala-mark\u00f8rer<\/li>\n<li class=\"whitespace-normal break-words pl-2\" style=\"text-align: left\">Stil: Klassisk og elegant til fritids- eller forretningsbrug<\/li>\n<li class=\"whitespace-normal break-words pl-2\" style=\"text-align: left\">Garanti: 30 dages pengene-tilbage-garanti<\/li>\n<\/ul>\n<p style=\"text-align: left\"><img decoding=\"async\" class=\"size-medium wp-image-4054 aligncenter\" src=\"https:\/\/keluvo.com\/template\/wp-content\/uploads\/sites\/5\/2024\/10\/download2.jpeg\" alt=\"\" \/><\/p>\n","protected":false},"excerpt":{"rendered":"<p>Dette er mere end bare et ur, det er en erkl\u00e6ring om raffineret smag. Det minimalistiske urskivedesign kombineret med en f\u00f8rsteklasses rem i rustfrit st\u00e5l skaber et sofistikeret look, der passer perfekt til alt fra afslappede weekender til vigtige forretningsm\u00f8der. Med vandt\u00e6t beskyttelse, selvlysende visere og praktiske datofunktioner leverer dette ur b\u00e5de stil og substans til den moderne mand.<\/p>\n","protected":false},"featured_media":22715,"comment_status":"open","ping_status":"closed","template":"","meta":{"site-sidebar-layout":"default","site-content-layout":"","ast-site-content-layout":"default","site-content-style":"default","site-sidebar-style":"default","ast-global-header-display":"","ast-banner-title-visibility":"","ast-main-header-display":"","ast-hfb-above-header-display":"","ast-hfb-below-header-display":"","ast-hfb-mobile-header-display":"","site-post-title":"","ast-breadcrumbs-content":"","ast-featured-img":"","footer-sml-layout":"","theme-transparent-header-meta":"default","adv-header-id-meta":"","stick-header-meta":"","header-above-stick-meta":"","header-main-stick-meta":"","header-below-stick-meta":"","astra-migrate-meta-layouts":"set","ast-page-background-enabled":"default","ast-page-background-meta":{"desktop":{"background-color":"var(--ast-global-color-5)","background-image":"","background-repeat":"repeat","background-position":"center center","background-size":"auto","background-attachment":"scroll","background-type":"","background-media":"","overlay-type":"","overlay-color":"","overlay-opacity":"","overlay-gradient":""},"tablet":{"background-color":"","background-image":"","background-repeat":"repeat","background-position":"center center","background-size":"auto","background-attachment":"scroll","background-type":"","background-media":"","overlay-type":"","overlay-color":"","overlay-opacity":"","overlay-gradient":""},"mobile":{"background-color":"","background-image":"","background-repeat":"repeat","background-position":"center center","background-size":"auto","background-attachment":"scroll","background-type":"","background-media":"","overlay-type":"","overlay-color":"","overlay-opacity":"","overlay-gradient":""}},"ast-content-background-meta":{"desktop":{"background-color":"var(--ast-global-color-4)","background-image":"","background-repeat":"repeat","background-position":"center center","background-size":"auto","background-attachment":"scroll","background-type":"","background-media":"","overlay-type":"","overlay-color":"","overlay-opacity":"","overlay-gradient":""},"tablet":{"background-color":"var(--ast-global-color-4)","background-image":"","background-repeat":"repeat","background-position":"center center","background-size":"auto","background-attachment":"scroll","background-type":"","background-media":"","overlay-type":"","overlay-color":"","overlay-opacity":"","overlay-gradient":""},"mobile":{"background-color":"var(--ast-global-color-4)","background-image":"","background-repeat":"repeat","background-position":"center center","background-size":"auto","background-attachment":"scroll","background-type":"","background-media":"","overlay-type":"","overlay-color":"","overlay-opacity":"","overlay-gradient":""}}},"product_brand":[],"product_cat":[165],"product_tag":[],"class_list":{"0":"post-22719","1":"product","2":"type-product","3":"status-publish","4":"has-post-thumbnail","6":"product_cat-fodtoej-tilbehoer","7":"pa_14672_oabhwbpx-blaa","8":"pa_14672_oabhwbpx-groen","9":"pa_14672_oabhwbpx-hvid","10":"pa_14672_oabhwbpx-sort","11":"desktop-align-left","12":"tablet-align-left","13":"mobile-align-left","15":"first","16":"instock","17":"shipping-taxable","18":"purchasable","19":"product-type-variable"},"yoast_head":"<!-- This site is optimized with the Yoast SEO plugin v26.6 - https:\/\/yoast.com\/wordpress\/plugins\/seo\/ -->\n<title>Luksus herreur - Mekulo DK<\/title>\n<meta name=\"robots\" content=\"index, follow, max-snippet:-1, max-image-preview:large, max-video-preview:-1\" \/>\n<link rel=\"canonical\" href=\"https:\/\/mekulo.com\/dk\/produkt\/luksus-herreur\/\" \/>\n<meta property=\"og:locale\" content=\"da_DK\" \/>\n<meta property=\"og:type\" content=\"article\" \/>\n<meta property=\"og:title\" content=\"Luksus herreur - Mekulo DK\" \/>\n<meta property=\"og:description\" content=\"Dette er mere end bare et ur, det er en erkl\u00e6ring om raffineret smag. Det minimalistiske urskivedesign kombineret med en f\u00f8rsteklasses rem i rustfrit st\u00e5l skaber et sofistikeret look, der passer perfekt til alt fra afslappede weekender til vigtige forretningsm\u00f8der. Med vandt\u00e6t beskyttelse, selvlysende visere og praktiske datofunktioner leverer dette ur b\u00e5de stil og substans til den moderne mand.\" \/>\n<meta property=\"og:url\" content=\"https:\/\/mekulo.com\/dk\/produkt\/luksus-herreur\/\" \/>\n<meta property=\"og:site_name\" content=\"Mekulo DK\" \/>\n<meta property=\"article:modified_time\" content=\"2026-02-10T09:16:56+00:00\" \/>\n<meta property=\"og:image\" content=\"https:\/\/mekulo.com\/dk\/wp-content\/uploads\/sites\/12\/2026\/02\/za0gfh8-1.webp\" \/>\n\t<meta property=\"og:image:width\" content=\"480\" \/>\n\t<meta property=\"og:image:height\" content=\"480\" \/>\n\t<meta property=\"og:image:type\" content=\"image\/webp\" \/>\n<meta name=\"twitter:card\" content=\"summary_large_image\" \/>\n<meta name=\"twitter:label1\" content=\"Estimeret l\u00e6setid\" \/>\n\t<meta name=\"twitter:data1\" content=\"2 minutter\" \/>\n<script type=\"application\/ld+json\" class=\"yoast-schema-graph\">{\"@context\":\"https:\/\/schema.org\",\"@graph\":[{\"@type\":\"WebPage\",\"@id\":\"https:\/\/mekulo.com\/dk\/produkt\/luksus-herreur\/\",\"url\":\"https:\/\/mekulo.com\/dk\/produkt\/luksus-herreur\/\",\"name\":\"Luksus herreur - Mekulo DK\",\"isPartOf\":{\"@id\":\"https:\/\/mekulo.com\/dk\/#website\"},\"primaryImageOfPage\":{\"@id\":\"https:\/\/mekulo.com\/dk\/produkt\/luksus-herreur\/#primaryimage\"},\"image\":{\"@id\":\"https:\/\/mekulo.com\/dk\/produkt\/luksus-herreur\/#primaryimage\"},\"thumbnailUrl\":\"https:\/\/mekulo.com\/dk\/wp-content\/uploads\/sites\/12\/2026\/02\/za0gfh8-1.webp\",\"datePublished\":\"2026-02-09T12:31:17+00:00\",\"dateModified\":\"2026-02-10T09:16:56+00:00\",\"breadcrumb\":{\"@id\":\"https:\/\/mekulo.com\/dk\/produkt\/luksus-herreur\/#breadcrumb\"},\"inLanguage\":\"da-DK\",\"potentialAction\":[{\"@type\":\"ReadAction\",\"target\":[\"https:\/\/mekulo.com\/dk\/produkt\/luksus-herreur\/\"]}]},{\"@type\":\"ImageObject\",\"inLanguage\":\"da-DK\",\"@id\":\"https:\/\/mekulo.com\/dk\/produkt\/luksus-herreur\/#primaryimage\",\"url\":\"https:\/\/mekulo.com\/dk\/wp-content\/uploads\/sites\/12\/2026\/02\/za0gfh8-1.webp\",\"contentUrl\":\"https:\/\/mekulo.com\/dk\/wp-content\/uploads\/sites\/12\/2026\/02\/za0gfh8-1.webp\",\"width\":480,\"height\":480},{\"@type\":\"BreadcrumbList\",\"@id\":\"https:\/\/mekulo.com\/dk\/produkt\/luksus-herreur\/#breadcrumb\",\"itemListElement\":[{\"@type\":\"ListItem\",\"position\":1,\"name\":\"Home\",\"item\":\"https:\/\/mekulo.com\/dk\/\"},{\"@type\":\"ListItem\",\"position\":2,\"name\":\"Butik\",\"item\":\"https:\/\/mekulo.com\/dk\/butik\/\"},{\"@type\":\"ListItem\",\"position\":3,\"name\":\"Luksus herreur\"}]},{\"@type\":\"WebSite\",\"@id\":\"https:\/\/mekulo.com\/dk\/#website\",\"url\":\"https:\/\/mekulo.com\/dk\/\",\"name\":\"Mekulo DK\",\"description\":\"\",\"publisher\":{\"@id\":\"https:\/\/mekulo.com\/dk\/#organization\"},\"potentialAction\":[{\"@type\":\"SearchAction\",\"target\":{\"@type\":\"EntryPoint\",\"urlTemplate\":\"https:\/\/mekulo.com\/dk\/?s={search_term_string}\"},\"query-input\":{\"@type\":\"PropertyValueSpecification\",\"valueRequired\":true,\"valueName\":\"search_term_string\"}}],\"inLanguage\":\"da-DK\"},{\"@type\":\"Organization\",\"@id\":\"https:\/\/mekulo.com\/dk\/#organization\",\"name\":\"Mekulo\",\"url\":\"https:\/\/mekulo.com\/dk\/\",\"logo\":{\"@type\":\"ImageObject\",\"inLanguage\":\"da-DK\",\"@id\":\"https:\/\/mekulo.com\/dk\/#\/schema\/logo\/image\/\",\"url\":\"https:\/\/mekulo.com\/dk\/wp-content\/uploads\/sites\/12\/2025\/12\/favicon_mekulo.png\",\"contentUrl\":\"https:\/\/mekulo.com\/dk\/wp-content\/uploads\/sites\/12\/2025\/12\/favicon_mekulo.png\",\"width\":50,\"height\":50,\"caption\":\"Mekulo\"},\"image\":{\"@id\":\"https:\/\/mekulo.com\/dk\/#\/schema\/logo\/image\/\"}}]}<\/script>\n<!-- \/ Yoast SEO plugin. -->","yoast_head_json":{"title":"Luksus herreur - Mekulo DK","robots":{"index":"index","follow":"follow","max-snippet":"max-snippet:-1","max-image-preview":"max-image-preview:large","max-video-preview":"max-video-preview:-1"},"canonical":"https:\/\/mekulo.com\/dk\/produkt\/luksus-herreur\/","og_locale":"da_DK","og_type":"article","og_title":"Luksus herreur - Mekulo DK","og_description":"Dette er mere end bare et ur, det er en erkl\u00e6ring om raffineret smag. Det minimalistiske urskivedesign kombineret med en f\u00f8rsteklasses rem i rustfrit st\u00e5l skaber et sofistikeret look, der passer perfekt til alt fra afslappede weekender til vigtige forretningsm\u00f8der. Med vandt\u00e6t beskyttelse, selvlysende visere og praktiske datofunktioner leverer dette ur b\u00e5de stil og substans til den moderne mand.","og_url":"https:\/\/mekulo.com\/dk\/produkt\/luksus-herreur\/","og_site_name":"Mekulo DK","article_modified_time":"2026-02-10T09:16:56+00:00","og_image":[{"width":480,"height":480,"url":"https:\/\/mekulo.com\/dk\/wp-content\/uploads\/sites\/12\/2026\/02\/za0gfh8-1.webp","type":"image\/webp"}],"twitter_card":"summary_large_image","twitter_misc":{"Estimeret l\u00e6setid":"2 minutter"},"schema":{"@context":"https:\/\/schema.org","@graph":[{"@type":"WebPage","@id":"https:\/\/mekulo.com\/dk\/produkt\/luksus-herreur\/","url":"https:\/\/mekulo.com\/dk\/produkt\/luksus-herreur\/","name":"Luksus herreur - Mekulo DK","isPartOf":{"@id":"https:\/\/mekulo.com\/dk\/#website"},"primaryImageOfPage":{"@id":"https:\/\/mekulo.com\/dk\/produkt\/luksus-herreur\/#primaryimage"},"image":{"@id":"https:\/\/mekulo.com\/dk\/produkt\/luksus-herreur\/#primaryimage"},"thumbnailUrl":"https:\/\/mekulo.com\/dk\/wp-content\/uploads\/sites\/12\/2026\/02\/za0gfh8-1.webp","datePublished":"2026-02-09T12:31:17+00:00","dateModified":"2026-02-10T09:16:56+00:00","breadcrumb":{"@id":"https:\/\/mekulo.com\/dk\/produkt\/luksus-herreur\/#breadcrumb"},"inLanguage":"da-DK","potentialAction":[{"@type":"ReadAction","target":["https:\/\/mekulo.com\/dk\/produkt\/luksus-herreur\/"]}]},{"@type":"ImageObject","inLanguage":"da-DK","@id":"https:\/\/mekulo.com\/dk\/produkt\/luksus-herreur\/#primaryimage","url":"https:\/\/mekulo.com\/dk\/wp-content\/uploads\/sites\/12\/2026\/02\/za0gfh8-1.webp","contentUrl":"https:\/\/mekulo.com\/dk\/wp-content\/uploads\/sites\/12\/2026\/02\/za0gfh8-1.webp","width":480,"height":480},{"@type":"BreadcrumbList","@id":"https:\/\/mekulo.com\/dk\/produkt\/luksus-herreur\/#breadcrumb","itemListElement":[{"@type":"ListItem","position":1,"name":"Home","item":"https:\/\/mekulo.com\/dk\/"},{"@type":"ListItem","position":2,"name":"Butik","item":"https:\/\/mekulo.com\/dk\/butik\/"},{"@type":"ListItem","position":3,"name":"Luksus herreur"}]},{"@type":"WebSite","@id":"https:\/\/mekulo.com\/dk\/#website","url":"https:\/\/mekulo.com\/dk\/","name":"Mekulo DK","description":"","publisher":{"@id":"https:\/\/mekulo.com\/dk\/#organization"},"potentialAction":[{"@type":"SearchAction","target":{"@type":"EntryPoint","urlTemplate":"https:\/\/mekulo.com\/dk\/?s={search_term_string}"},"query-input":{"@type":"PropertyValueSpecification","valueRequired":true,"valueName":"search_term_string"}}],"inLanguage":"da-DK"},{"@type":"Organization","@id":"https:\/\/mekulo.com\/dk\/#organization","name":"Mekulo","url":"https:\/\/mekulo.com\/dk\/","logo":{"@type":"ImageObject","inLanguage":"da-DK","@id":"https:\/\/mekulo.com\/dk\/#\/schema\/logo\/image\/","url":"https:\/\/mekulo.com\/dk\/wp-content\/uploads\/sites\/12\/2025\/12\/favicon_mekulo.png","contentUrl":"https:\/\/mekulo.com\/dk\/wp-content\/uploads\/sites\/12\/2025\/12\/favicon_mekulo.png","width":50,"height":50,"caption":"Mekulo"},"image":{"@id":"https:\/\/mekulo.com\/dk\/#\/schema\/logo\/image\/"}}]}},"_links":{"self":[{"href":"https:\/\/mekulo.com\/dk\/wp-json\/wp\/v2\/product\/22719","targetHints":{"allow":["GET"]}}],"collection":[{"href":"https:\/\/mekulo.com\/dk\/wp-json\/wp\/v2\/product"}],"about":[{"href":"https:\/\/mekulo.com\/dk\/wp-json\/wp\/v2\/types\/product"}],"replies":[{"embeddable":true,"href":"https:\/\/mekulo.com\/dk\/wp-json\/wp\/v2\/comments?post=22719"}],"wp:featuredmedia":[{"embeddable":true,"href":"https:\/\/mekulo.com\/dk\/wp-json\/wp\/v2\/media\/22715"}],"wp:attachment":[{"href":"https:\/\/mekulo.com\/dk\/wp-json\/wp\/v2\/media?parent=22719"}],"wp:term":[{"taxonomy":"product_brand","embeddable":true,"href":"https:\/\/mekulo.com\/dk\/wp-json\/wp\/v2\/product_brand?post=22719"},{"taxonomy":"product_cat","embeddable":true,"href":"https:\/\/mekulo.com\/dk\/wp-json\/wp\/v2\/product_cat?post=22719"},{"taxonomy":"product_tag","embeddable":true,"href":"https:\/\/mekulo.com\/dk\/wp-json\/wp\/v2\/product_tag?post=22719"}],"curies":[{"name":"wp","href":"https:\/\/api.w.org\/{rel}","templated":true}]}}