{"id":22687,"date":"2026-02-09T14:27:15","date_gmt":"2026-02-09T12:27:15","guid":{"rendered":"https:\/\/mekulo.com\/dk\/produkt\/dobbelt-hjerte-ankelkaede\/"},"modified":"2026-02-09T14:27:22","modified_gmt":"2026-02-09T12:27:22","slug":"dobbelt-hjerte-ankelkaede","status":"publish","type":"product","link":"https:\/\/mekulo.com\/dk\/produkt\/dobbelt-hjerte-ankelkaede\/","title":{"rendered":"Dobbelt hjerte-ankelk\u00e6de"},"content":{"rendered":"<div>\n<div class=\"standard-markdown grid-cols-1 grid [&amp;_&gt;_*]:min-w-0 gap-3\">\n<h2 class=\"font-claude-response-body break-words whitespace-normal leading-[1.7]\" style=\"text-align: center\"><strong>Tilf\u00f8j En Gnist Af Romantik Til Din Stil Med Denne Delikate Dobbelt Hjerte Ankelk\u00e6de. \ud83d\udc95<\/strong><\/h2>\n<\/div>\n<\/div>\n<h2 style=\"text-align: center\"><img decoding=\"async\" class=\"alignnone size-medium wp-image-2046 aligncenter\" style=\"font-size: 16px;font-style: inherit;font-weight: inherit\" src=\"https:\/\/keluvo.com\/template\/wp-content\/uploads\/sites\/5\/2024\/10\/6758fa58-47b5-4795-9862-06284e81778a.webp\" alt=\"\" \/><\/h2>\n<h2 class=\"text-text-100 mt-3 -mb-1 text-[1.125rem] font-bold\" style=\"text-align: center\">Hovedfordele \u2728<\/h2>\n<p class=\"font-claude-response-body break-words whitespace-normal leading-[1.7]\" style=\"text-align: center\">\ud83d\udc95 Romantisk dobbelthjertedesign &#8211; To sammenflettede hjerter skaber et meningsfuldt symbol p\u00e5 k\u00e6rlighed og forbindelse<\/p>\n<p class=\"font-claude-response-body break-words whitespace-normal leading-[1.7]\" style=\"text-align: center\">\u2728 I\u00f8jnefaldende gnistre &#8211; Delikat design fanger lyset smukt for en fantastisk effekt<\/p>\n<p class=\"font-claude-response-body break-words whitespace-normal leading-[1.7]\" style=\"text-align: center\">\ud83d\udd27 Justerbar pasform &#8211; Sikker l\u00e5s justeres til din ankelst\u00f8rrelse for perfekt, komfortabel brug<\/p>\n<p class=\"font-claude-response-body break-words whitespace-normal leading-[1.7]\" style=\"text-align: center\">\ud83d\udc57 Alsidig stil &#8211; Passer til b\u00e5de afslappet strandt\u00f8j og kl\u00e6delige outfits til s\u00e6rlige lejligheder<\/p>\n<p class=\"font-claude-response-body break-words whitespace-normal leading-[1.7]\" style=\"text-align: center\">\ud83c\udf81 Perfekt gave &#8211; Tankev\u00e6kkende gave til dine k\u00e6re, der symboliserer forbindelse og hengivenhed<\/p>\n<p class=\"font-claude-response-body break-words whitespace-normal leading-[1.7]\" style=\"text-align: center\">\u23f0 Komfort hele dagen &#8211; Letv\u00e6gtsdesign forbliver sikkert uden irritation eller ubehag<\/p>\n<p><img decoding=\"async\" class=\"alignnone size-medium wp-image-2053 aligncenter\" src=\"https:\/\/keluvo.com\/template\/wp-content\/uploads\/sites\/5\/2024\/10\/ddde903e-00ad-44ce-a048-315ddeff9c76.webp\" alt=\"\" \/><\/p>\n<h2 class=\"text-text-100 mt-3 -mb-1 text-[1.125rem] font-bold\" style=\"text-align: center\">Produktdetaljer<\/h2>\n<ul class=\"[li_&amp;]:mb-0 [li_&amp;]:mt-1 [li_&amp;]:gap-1 [&amp;:not(:last-child)_ul]:pb-1 [&amp;:not(:last-child)_ol]:pb-1 list-disc flex flex-col gap-1 pl-8 mb-3\">\n<li class=\"whitespace-normal break-words pl-2\">Design: Dobbelte sammenflettede hjerter<\/li>\n<li class=\"whitespace-normal break-words pl-2\">Tilg\u00e6ngelige farver: Guld, s\u00f8lv<\/li>\n<li>Total l\u00e6ngde: 30 cm<\/li>\n<li class=\"whitespace-normal break-words pl-2\">Lukning: Justerbar sp\u00e6nde for tilpasset pasform<\/li>\n<li class=\"whitespace-normal break-words pl-2\">Stil: Delikat og elegant<\/li>\n<li class=\"whitespace-normal break-words pl-2\">Garanti: 30 dages pengene-tilbage-garanti<\/li>\n<\/ul>\n","protected":false},"excerpt":{"rendered":"<p>Denne charmerende ankelk\u00e6de er perfekt til stranddage, afslappede udflugter eller s\u00e6rlige \u00f8jeblikke og har to sammenflettede hjerter, der symboliserer k\u00e6rlighed og forbindelse. Det elegante design fanger lyset smukt, samtidig med at det er behageligt nok til at blive brugt hele dagen. Uanset om du fork\u00e6ler dig selv eller leder efter en meningsfuld gave, tilf\u00f8jer dette tidl\u00f8se smykke et strejf af elegance til ethvert look.<\/p>\n","protected":false},"featured_media":22683,"comment_status":"open","ping_status":"closed","template":"","meta":{"site-sidebar-layout":"default","site-content-layout":"","ast-site-content-layout":"default","site-content-style":"default","site-sidebar-style":"default","ast-global-header-display":"","ast-banner-title-visibility":"","ast-main-header-display":"","ast-hfb-above-header-display":"","ast-hfb-below-header-display":"","ast-hfb-mobile-header-display":"","site-post-title":"","ast-breadcrumbs-content":"","ast-featured-img":"","footer-sml-layout":"","ast-disable-related-posts":"","theme-transparent-header-meta":"default","adv-header-id-meta":"","stick-header-meta":"","header-above-stick-meta":"","header-main-stick-meta":"","header-below-stick-meta":"","astra-migrate-meta-layouts":"set","ast-page-background-enabled":"default","ast-page-background-meta":{"desktop":{"background-color":"var(--ast-global-color-5)","background-image":"","background-repeat":"repeat","background-position":"center center","background-size":"auto","background-attachment":"scroll","background-type":"","background-media":"","overlay-type":"","overlay-color":"","overlay-opacity":"","overlay-gradient":""},"tablet":{"background-color":"","background-image":"","background-repeat":"repeat","background-position":"center center","background-size":"auto","background-attachment":"scroll","background-type":"","background-media":"","overlay-type":"","overlay-color":"","overlay-opacity":"","overlay-gradient":""},"mobile":{"background-color":"","background-image":"","background-repeat":"repeat","background-position":"center center","background-size":"auto","background-attachment":"scroll","background-type":"","background-media":"","overlay-type":"","overlay-color":"","overlay-opacity":"","overlay-gradient":""}},"ast-content-background-meta":{"desktop":{"background-color":"var(--ast-global-color-4)","background-image":"","background-repeat":"repeat","background-position":"center center","background-size":"auto","background-attachment":"scroll","background-type":"","background-media":"","overlay-type":"","overlay-color":"","overlay-opacity":"","overlay-gradient":""},"tablet":{"background-color":"var(--ast-global-color-4)","background-image":"","background-repeat":"repeat","background-position":"center center","background-size":"auto","background-attachment":"scroll","background-type":"","background-media":"","overlay-type":"","overlay-color":"","overlay-opacity":"","overlay-gradient":""},"mobile":{"background-color":"var(--ast-global-color-4)","background-image":"","background-repeat":"repeat","background-position":"center center","background-size":"auto","background-attachment":"scroll","background-type":"","background-media":"","overlay-type":"","overlay-color":"","overlay-opacity":"","overlay-gradient":""}}},"product_brand":[],"product_cat":[164],"product_tag":[],"class_list":{"0":"post-22687","1":"product","2":"type-product","3":"status-publish","4":"has-post-thumbnail","6":"product_cat-toej-til-kvinder","7":"pa_14614_xc9bre6r-guld","8":"pa_14614_xc9bre6r-soelv","9":"desktop-align-left","10":"tablet-align-left","11":"mobile-align-left","13":"first","14":"instock","15":"shipping-taxable","16":"purchasable","17":"product-type-variable"},"yoast_head":"<!-- This site is optimized with the Yoast SEO plugin v27.4 - https:\/\/yoast.com\/product\/yoast-seo-wordpress\/ -->\n<title>Dobbelt hjerte-ankelk\u00e6de - Mekulo DK<\/title>\n<meta name=\"robots\" content=\"index, follow, max-snippet:-1, max-image-preview:large, max-video-preview:-1\" \/>\n<link rel=\"canonical\" href=\"https:\/\/mekulo.com\/dk\/produkt\/dobbelt-hjerte-ankelkaede\/\" \/>\n<meta property=\"og:locale\" content=\"da_DK\" \/>\n<meta property=\"og:type\" content=\"article\" \/>\n<meta property=\"og:title\" content=\"Dobbelt hjerte-ankelk\u00e6de - Mekulo DK\" \/>\n<meta property=\"og:description\" content=\"Denne charmerende ankelk\u00e6de er perfekt til stranddage, afslappede udflugter eller s\u00e6rlige \u00f8jeblikke og har to sammenflettede hjerter, der symboliserer k\u00e6rlighed og forbindelse. Det elegante design fanger lyset smukt, samtidig med at det er behageligt nok til at blive brugt hele dagen. Uanset om du fork\u00e6ler dig selv eller leder efter en meningsfuld gave, tilf\u00f8jer dette tidl\u00f8se smykke et strejf af elegance til ethvert look.\" \/>\n<meta property=\"og:url\" content=\"https:\/\/mekulo.com\/dk\/produkt\/dobbelt-hjerte-ankelkaede\/\" \/>\n<meta property=\"og:site_name\" content=\"Mekulo DK\" \/>\n<meta property=\"article:modified_time\" content=\"2026-02-09T12:27:22+00:00\" \/>\n<meta property=\"og:image\" content=\"https:\/\/mekulo.com\/dk\/wp-content\/uploads\/sites\/12\/2026\/02\/e7abj3j-1.webp\" \/>\n\t<meta property=\"og:image:width\" content=\"800\" \/>\n\t<meta property=\"og:image:height\" content=\"800\" \/>\n\t<meta property=\"og:image:type\" content=\"image\/webp\" \/>\n<meta name=\"twitter:card\" content=\"summary_large_image\" \/>\n<meta name=\"twitter:label1\" content=\"Estimeret l\u00e6setid\" \/>\n\t<meta name=\"twitter:data1\" content=\"2 minutter\" \/>\n<script type=\"application\/ld+json\" class=\"yoast-schema-graph\">{\"@context\":\"https:\\\/\\\/schema.org\",\"@graph\":[{\"@type\":\"WebPage\",\"@id\":\"https:\\\/\\\/mekulo.com\\\/dk\\\/produkt\\\/dobbelt-hjerte-ankelkaede\\\/\",\"url\":\"https:\\\/\\\/mekulo.com\\\/dk\\\/produkt\\\/dobbelt-hjerte-ankelkaede\\\/\",\"name\":\"Dobbelt hjerte-ankelk\u00e6de - Mekulo DK\",\"isPartOf\":{\"@id\":\"https:\\\/\\\/mekulo.com\\\/dk\\\/#website\"},\"primaryImageOfPage\":{\"@id\":\"https:\\\/\\\/mekulo.com\\\/dk\\\/produkt\\\/dobbelt-hjerte-ankelkaede\\\/#primaryimage\"},\"image\":{\"@id\":\"https:\\\/\\\/mekulo.com\\\/dk\\\/produkt\\\/dobbelt-hjerte-ankelkaede\\\/#primaryimage\"},\"thumbnailUrl\":\"https:\\\/\\\/mekulo.com\\\/dk\\\/wp-content\\\/uploads\\\/sites\\\/12\\\/2026\\\/02\\\/e7abj3j-1.webp\",\"datePublished\":\"2026-02-09T12:27:15+00:00\",\"dateModified\":\"2026-02-09T12:27:22+00:00\",\"breadcrumb\":{\"@id\":\"https:\\\/\\\/mekulo.com\\\/dk\\\/produkt\\\/dobbelt-hjerte-ankelkaede\\\/#breadcrumb\"},\"inLanguage\":\"da-DK\",\"potentialAction\":[{\"@type\":\"ReadAction\",\"target\":[\"https:\\\/\\\/mekulo.com\\\/dk\\\/produkt\\\/dobbelt-hjerte-ankelkaede\\\/\"]}]},{\"@type\":\"ImageObject\",\"inLanguage\":\"da-DK\",\"@id\":\"https:\\\/\\\/mekulo.com\\\/dk\\\/produkt\\\/dobbelt-hjerte-ankelkaede\\\/#primaryimage\",\"url\":\"https:\\\/\\\/mekulo.com\\\/dk\\\/wp-content\\\/uploads\\\/sites\\\/12\\\/2026\\\/02\\\/e7abj3j-1.webp\",\"contentUrl\":\"https:\\\/\\\/mekulo.com\\\/dk\\\/wp-content\\\/uploads\\\/sites\\\/12\\\/2026\\\/02\\\/e7abj3j-1.webp\",\"width\":800,\"height\":800},{\"@type\":\"BreadcrumbList\",\"@id\":\"https:\\\/\\\/mekulo.com\\\/dk\\\/produkt\\\/dobbelt-hjerte-ankelkaede\\\/#breadcrumb\",\"itemListElement\":[{\"@type\":\"ListItem\",\"position\":1,\"name\":\"Home\",\"item\":\"https:\\\/\\\/mekulo.com\\\/dk\\\/\"},{\"@type\":\"ListItem\",\"position\":2,\"name\":\"Butik\",\"item\":\"https:\\\/\\\/mekulo.com\\\/dk\\\/butik\\\/\"},{\"@type\":\"ListItem\",\"position\":3,\"name\":\"Dobbelt hjerte-ankelk\u00e6de\"}]},{\"@type\":\"WebSite\",\"@id\":\"https:\\\/\\\/mekulo.com\\\/dk\\\/#website\",\"url\":\"https:\\\/\\\/mekulo.com\\\/dk\\\/\",\"name\":\"Mekulo DK\",\"description\":\"\",\"publisher\":{\"@id\":\"https:\\\/\\\/mekulo.com\\\/dk\\\/#organization\"},\"potentialAction\":[{\"@type\":\"SearchAction\",\"target\":{\"@type\":\"EntryPoint\",\"urlTemplate\":\"https:\\\/\\\/mekulo.com\\\/dk\\\/?s={search_term_string}\"},\"query-input\":{\"@type\":\"PropertyValueSpecification\",\"valueRequired\":true,\"valueName\":\"search_term_string\"}}],\"inLanguage\":\"da-DK\"},{\"@type\":\"Organization\",\"@id\":\"https:\\\/\\\/mekulo.com\\\/dk\\\/#organization\",\"name\":\"Mekulo\",\"url\":\"https:\\\/\\\/mekulo.com\\\/dk\\\/\",\"logo\":{\"@type\":\"ImageObject\",\"inLanguage\":\"da-DK\",\"@id\":\"https:\\\/\\\/mekulo.com\\\/dk\\\/#\\\/schema\\\/logo\\\/image\\\/\",\"url\":\"https:\\\/\\\/mekulo.com\\\/dk\\\/wp-content\\\/uploads\\\/sites\\\/12\\\/2025\\\/12\\\/favicon_mekulo.png\",\"contentUrl\":\"https:\\\/\\\/mekulo.com\\\/dk\\\/wp-content\\\/uploads\\\/sites\\\/12\\\/2025\\\/12\\\/favicon_mekulo.png\",\"width\":50,\"height\":50,\"caption\":\"Mekulo\"},\"image\":{\"@id\":\"https:\\\/\\\/mekulo.com\\\/dk\\\/#\\\/schema\\\/logo\\\/image\\\/\"}}]}<\/script>\n<!-- \/ Yoast SEO plugin. -->","yoast_head_json":{"title":"Dobbelt hjerte-ankelk\u00e6de - Mekulo DK","robots":{"index":"index","follow":"follow","max-snippet":"max-snippet:-1","max-image-preview":"max-image-preview:large","max-video-preview":"max-video-preview:-1"},"canonical":"https:\/\/mekulo.com\/dk\/produkt\/dobbelt-hjerte-ankelkaede\/","og_locale":"da_DK","og_type":"article","og_title":"Dobbelt hjerte-ankelk\u00e6de - Mekulo DK","og_description":"Denne charmerende ankelk\u00e6de er perfekt til stranddage, afslappede udflugter eller s\u00e6rlige \u00f8jeblikke og har to sammenflettede hjerter, der symboliserer k\u00e6rlighed og forbindelse. Det elegante design fanger lyset smukt, samtidig med at det er behageligt nok til at blive brugt hele dagen. Uanset om du fork\u00e6ler dig selv eller leder efter en meningsfuld gave, tilf\u00f8jer dette tidl\u00f8se smykke et strejf af elegance til ethvert look.","og_url":"https:\/\/mekulo.com\/dk\/produkt\/dobbelt-hjerte-ankelkaede\/","og_site_name":"Mekulo DK","article_modified_time":"2026-02-09T12:27:22+00:00","og_image":[{"width":800,"height":800,"url":"https:\/\/mekulo.com\/dk\/wp-content\/uploads\/sites\/12\/2026\/02\/e7abj3j-1.webp","type":"image\/webp"}],"twitter_card":"summary_large_image","twitter_misc":{"Estimeret l\u00e6setid":"2 minutter"},"schema":{"@context":"https:\/\/schema.org","@graph":[{"@type":"WebPage","@id":"https:\/\/mekulo.com\/dk\/produkt\/dobbelt-hjerte-ankelkaede\/","url":"https:\/\/mekulo.com\/dk\/produkt\/dobbelt-hjerte-ankelkaede\/","name":"Dobbelt hjerte-ankelk\u00e6de - Mekulo DK","isPartOf":{"@id":"https:\/\/mekulo.com\/dk\/#website"},"primaryImageOfPage":{"@id":"https:\/\/mekulo.com\/dk\/produkt\/dobbelt-hjerte-ankelkaede\/#primaryimage"},"image":{"@id":"https:\/\/mekulo.com\/dk\/produkt\/dobbelt-hjerte-ankelkaede\/#primaryimage"},"thumbnailUrl":"https:\/\/mekulo.com\/dk\/wp-content\/uploads\/sites\/12\/2026\/02\/e7abj3j-1.webp","datePublished":"2026-02-09T12:27:15+00:00","dateModified":"2026-02-09T12:27:22+00:00","breadcrumb":{"@id":"https:\/\/mekulo.com\/dk\/produkt\/dobbelt-hjerte-ankelkaede\/#breadcrumb"},"inLanguage":"da-DK","potentialAction":[{"@type":"ReadAction","target":["https:\/\/mekulo.com\/dk\/produkt\/dobbelt-hjerte-ankelkaede\/"]}]},{"@type":"ImageObject","inLanguage":"da-DK","@id":"https:\/\/mekulo.com\/dk\/produkt\/dobbelt-hjerte-ankelkaede\/#primaryimage","url":"https:\/\/mekulo.com\/dk\/wp-content\/uploads\/sites\/12\/2026\/02\/e7abj3j-1.webp","contentUrl":"https:\/\/mekulo.com\/dk\/wp-content\/uploads\/sites\/12\/2026\/02\/e7abj3j-1.webp","width":800,"height":800},{"@type":"BreadcrumbList","@id":"https:\/\/mekulo.com\/dk\/produkt\/dobbelt-hjerte-ankelkaede\/#breadcrumb","itemListElement":[{"@type":"ListItem","position":1,"name":"Home","item":"https:\/\/mekulo.com\/dk\/"},{"@type":"ListItem","position":2,"name":"Butik","item":"https:\/\/mekulo.com\/dk\/butik\/"},{"@type":"ListItem","position":3,"name":"Dobbelt hjerte-ankelk\u00e6de"}]},{"@type":"WebSite","@id":"https:\/\/mekulo.com\/dk\/#website","url":"https:\/\/mekulo.com\/dk\/","name":"Mekulo DK","description":"","publisher":{"@id":"https:\/\/mekulo.com\/dk\/#organization"},"potentialAction":[{"@type":"SearchAction","target":{"@type":"EntryPoint","urlTemplate":"https:\/\/mekulo.com\/dk\/?s={search_term_string}"},"query-input":{"@type":"PropertyValueSpecification","valueRequired":true,"valueName":"search_term_string"}}],"inLanguage":"da-DK"},{"@type":"Organization","@id":"https:\/\/mekulo.com\/dk\/#organization","name":"Mekulo","url":"https:\/\/mekulo.com\/dk\/","logo":{"@type":"ImageObject","inLanguage":"da-DK","@id":"https:\/\/mekulo.com\/dk\/#\/schema\/logo\/image\/","url":"https:\/\/mekulo.com\/dk\/wp-content\/uploads\/sites\/12\/2025\/12\/favicon_mekulo.png","contentUrl":"https:\/\/mekulo.com\/dk\/wp-content\/uploads\/sites\/12\/2025\/12\/favicon_mekulo.png","width":50,"height":50,"caption":"Mekulo"},"image":{"@id":"https:\/\/mekulo.com\/dk\/#\/schema\/logo\/image\/"}}]}},"_links":{"self":[{"href":"https:\/\/mekulo.com\/dk\/wp-json\/wp\/v2\/product\/22687","targetHints":{"allow":["GET"]}}],"collection":[{"href":"https:\/\/mekulo.com\/dk\/wp-json\/wp\/v2\/product"}],"about":[{"href":"https:\/\/mekulo.com\/dk\/wp-json\/wp\/v2\/types\/product"}],"replies":[{"embeddable":true,"href":"https:\/\/mekulo.com\/dk\/wp-json\/wp\/v2\/comments?post=22687"}],"wp:featuredmedia":[{"embeddable":true,"href":"https:\/\/mekulo.com\/dk\/wp-json\/wp\/v2\/media\/22683"}],"wp:attachment":[{"href":"https:\/\/mekulo.com\/dk\/wp-json\/wp\/v2\/media?parent=22687"}],"wp:term":[{"taxonomy":"product_brand","embeddable":true,"href":"https:\/\/mekulo.com\/dk\/wp-json\/wp\/v2\/product_brand?post=22687"},{"taxonomy":"product_cat","embeddable":true,"href":"https:\/\/mekulo.com\/dk\/wp-json\/wp\/v2\/product_cat?post=22687"},{"taxonomy":"product_tag","embeddable":true,"href":"https:\/\/mekulo.com\/dk\/wp-json\/wp\/v2\/product_tag?post=22687"}],"curies":[{"name":"wp","href":"https:\/\/api.w.org\/{rel}","templated":true}]}}