{"id":22651,"date":"2026-02-09T14:24:00","date_gmt":"2026-02-09T12:24:00","guid":{"rendered":"https:\/\/mekulo.com\/dk\/produkt\/skridsikker-telefonholder-til-bilmaatte\/"},"modified":"2026-03-02T12:29:20","modified_gmt":"2026-03-02T10:29:20","slug":"skridsikker-telefonholder-til-bilmaatte","status":"publish","type":"product","link":"https:\/\/mekulo.com\/dk\/produkt\/skridsikker-telefonholder-til-bilmaatte\/","title":{"rendered":"Skridsikker telefonholder til bilm\u00e5tte"},"content":{"rendered":"<h2 style=\"text-align: center\" data-start=\"565\" data-end=\"630\"><strong>Hold Dig Sikker Og Organiseret Med Denne Skridsikre Bilholder!<\/strong><\/h2>\n<p data-start=\"632\" data-end=\"759\"><img decoding=\"async\" class=\"size-full wp-image-24307 aligncenter\" src=\"https:\/\/keluvo.com\/template\/wp-content\/uploads\/sites\/5\/2024\/10\/0618-ezgif.com-video-to-webp-converter.webp\" alt=\"\" \/><\/p>\n<h2 style=\"text-align: center\">\ud83c\udf1f Hovedfordele<\/h2>\n<p data-start=\"1005\" data-end=\"1085\">\ud83d\udcf1 360\u00b0 roterende telefonholder &#8211; Juster til perfekte synsvinkler n\u00e5r som helst.<\/p>\n<p data-start=\"1005\" data-end=\"1085\">\ud83d\ude98 Ingen installation n\u00f8dvendig &#8211; Bare placer og k\u00f8r &#8211; ingen magneter, ingen sugekopper.<\/p>\n<p data-start=\"1171\" data-end=\"1258\">\ud83d\udd22 Skjult kontaktplade &#8211; Vis eller skjul dit nummer med medf\u00f8lgende klisterm\u00e6rkes\u00e6t.<\/p>\n<p data-start=\"1261\" data-end=\"1343\">\ud83c\udf43 Indbygget aromaterapiboks &#8211; Frisk din bil op med din yndlingsduft.<\/p>\n<p data-start=\"1346\" data-end=\"1426\">\ud83c\udf0c Selvlysende design &#8211; Absorberer lys om dagen, lyser bl\u00f8dt om natten.<\/p>\n<p data-start=\"1429\" data-end=\"1517\">\ud83d\udcaa Holdbart og sikkert materiale &#8211; Fremstillet af f\u00f8rsteklasses PVC, der modst\u00e5r varme, olie og \u00e6ldning.<\/p>\n<p data-start=\"1429\" data-end=\"1517\"><img decoding=\"async\" class=\"size-full wp-image-24309 aligncenter\" src=\"https:\/\/keluvo.com\/template\/wp-content\/uploads\/sites\/5\/2024\/10\/41098197-6f7f-4b7c-a175-06fb7bfcb01b.webp\" alt=\"\" \/><\/p>\n<h2 style=\"text-align: center\" data-start=\"1524\" data-end=\"1543\">\ud83d\udd27 S\u00e5dan Bruges<\/h2>\n<ol data-start=\"1544\" data-end=\"1820\">\n<li data-start=\"1544\" data-end=\"1581\">\n<p data-start=\"1547\" data-end=\"1581\">Placer holderen p\u00e5 instrumentbr\u00e6ttet.<\/p>\n<\/li>\n<li data-start=\"1582\" data-end=\"1642\">\n<p data-start=\"1585\" data-end=\"1642\">S\u00e6t din telefon p\u00e5 holderen &#8211; juster vinklen efter behov.<\/p>\n<\/li>\n<li data-start=\"1643\" data-end=\"1710\">\n<p data-start=\"1646\" data-end=\"1710\">inds\u00e6t dine kontaktnumre ved hj\u00e6lp af de medf\u00f8lgende nummerklisterm\u00e6rker.<\/p>\n<\/li>\n<li data-start=\"1711\" data-end=\"1769\">\n<p data-start=\"1714\" data-end=\"1769\">skub en aromaterapipind ind i hj\u00f8rnehullerne.<\/p>\n<\/li>\n<li data-start=\"1770\" data-end=\"1820\">\n<p data-start=\"1773\" data-end=\"1820\">lad den oplade med dagslys, s\u00e5 den lyser om natten.<\/p>\n<\/li>\n<\/ol>\n<h2 style=\"text-align: center\" data-start=\"1827\" data-end=\"1851\">\ud83d\udccf Produktdetaljer<\/h2>\n<ul data-start=\"1852\" data-end=\"2066\">\n<li data-start=\"1852\" data-end=\"1886\">\n<p data-start=\"1854\" data-end=\"1886\">Materiale: PVC af h\u00f8j kvalitet<\/p>\n<\/li>\n<li data-start=\"1887\" data-end=\"1925\">\n<p data-start=\"1889\" data-end=\"1925\">St\u00f8rrelse: 25 x 19 cm<\/p>\n<\/li>\n<li data-start=\"1953\" data-end=\"2030\">\n<p data-start=\"1955\" data-end=\"2030\">Funktioner: Varmebestandig, kuldebestandig, oliebestandig og lugtfri<\/p>\n<\/li>\n<li data-start=\"2031\" data-end=\"2066\">\n<p data-start=\"2033\" data-end=\"2066\">Installation: Ingen p\u00e5kr\u00e6vet<\/p>\n<\/li>\n<\/ul>\n<h2 style=\"text-align: center\" data-start=\"2073\" data-end=\"2098\">\ud83d\udce6 Pakken Indeholder<\/h2>\n<ul data-start=\"2099\" data-end=\"2167\">\n<li data-start=\"2099\" data-end=\"2134\">\n<p data-start=\"2101\" data-end=\"2134\">1x skridsikker telefonholder<\/p>\n<\/li>\n<li data-start=\"2135\" data-end=\"2167\">\n<p data-start=\"2137\" data-end=\"2167\">6x grupper af nummerklisterm\u00e6rker.<\/p>\n<\/li>\n<\/ul>\n","protected":false},"excerpt":{"rendered":"<p>Ikke flere glidende telefoner, mistede kontaktoplysninger eller beskidte billugte &#8211; denne enkle l\u00f8sning holder alt p\u00e5 plads og inden for r\u00e6kkevidde. Denne multifunktionelle skridsikre holder er designet til at holde din telefon sikkert, vise dit kontaktnummer, tilf\u00f8je en frisk duft og skabe en k\u00f8lig gl\u00f8d om natten &#8211; alt sammen uden brug af installationsv\u00e6rkt\u00f8jer eller kl\u00e6bemidler.<\/p>\n","protected":false},"featured_media":22647,"comment_status":"open","ping_status":"closed","template":"","meta":{"site-sidebar-layout":"default","site-content-layout":"","ast-site-content-layout":"default","site-content-style":"default","site-sidebar-style":"default","ast-global-header-display":"","ast-banner-title-visibility":"","ast-main-header-display":"","ast-hfb-above-header-display":"","ast-hfb-below-header-display":"","ast-hfb-mobile-header-display":"","site-post-title":"","ast-breadcrumbs-content":"","ast-featured-img":"","footer-sml-layout":"","ast-disable-related-posts":"","theme-transparent-header-meta":"default","adv-header-id-meta":"","stick-header-meta":"","header-above-stick-meta":"","header-main-stick-meta":"","header-below-stick-meta":"","astra-migrate-meta-layouts":"set","ast-page-background-enabled":"default","ast-page-background-meta":{"desktop":{"background-color":"var(--ast-global-color-5)","background-image":"","background-repeat":"repeat","background-position":"center center","background-size":"auto","background-attachment":"scroll","background-type":"","background-media":"","overlay-type":"","overlay-color":"","overlay-opacity":"","overlay-gradient":""},"tablet":{"background-color":"","background-image":"","background-repeat":"repeat","background-position":"center center","background-size":"auto","background-attachment":"scroll","background-type":"","background-media":"","overlay-type":"","overlay-color":"","overlay-opacity":"","overlay-gradient":""},"mobile":{"background-color":"","background-image":"","background-repeat":"repeat","background-position":"center center","background-size":"auto","background-attachment":"scroll","background-type":"","background-media":"","overlay-type":"","overlay-color":"","overlay-opacity":"","overlay-gradient":""}},"ast-content-background-meta":{"desktop":{"background-color":"var(--ast-global-color-4)","background-image":"","background-repeat":"repeat","background-position":"center center","background-size":"auto","background-attachment":"scroll","background-type":"","background-media":"","overlay-type":"","overlay-color":"","overlay-opacity":"","overlay-gradient":""},"tablet":{"background-color":"var(--ast-global-color-4)","background-image":"","background-repeat":"repeat","background-position":"center center","background-size":"auto","background-attachment":"scroll","background-type":"","background-media":"","overlay-type":"","overlay-color":"","overlay-opacity":"","overlay-gradient":""},"mobile":{"background-color":"var(--ast-global-color-4)","background-image":"","background-repeat":"repeat","background-position":"center center","background-size":"auto","background-attachment":"scroll","background-type":"","background-media":"","overlay-type":"","overlay-color":"","overlay-opacity":"","overlay-gradient":""}}},"product_brand":[],"product_cat":[165],"product_tag":[],"class_list":{"0":"post-22651","1":"product","2":"type-product","3":"status-publish","4":"has-post-thumbnail","6":"product_cat-fodtoej-tilbehoer","7":"pa_14609_a25qesrx-blaa","8":"pa_14609_a25qesrx-hvid","9":"pa_14609_a25qesrx-roed","10":"desktop-align-left","11":"tablet-align-left","12":"mobile-align-left","14":"first","15":"instock","16":"shipping-taxable","17":"purchasable","18":"product-type-variable"},"yoast_head":"<!-- This site is optimized with the Yoast SEO plugin v27.4 - https:\/\/yoast.com\/product\/yoast-seo-wordpress\/ -->\n<title>Skridsikker telefonholder til bilm\u00e5tte - Mekulo DK<\/title>\n<meta name=\"robots\" content=\"index, follow, max-snippet:-1, max-image-preview:large, max-video-preview:-1\" \/>\n<link rel=\"canonical\" href=\"https:\/\/mekulo.com\/dk\/produkt\/skridsikker-telefonholder-til-bilmaatte\/\" \/>\n<meta property=\"og:locale\" content=\"da_DK\" \/>\n<meta property=\"og:type\" content=\"article\" \/>\n<meta property=\"og:title\" content=\"Skridsikker telefonholder til bilm\u00e5tte - Mekulo DK\" \/>\n<meta property=\"og:description\" content=\"Ikke flere glidende telefoner, mistede kontaktoplysninger eller beskidte billugte - denne enkle l\u00f8sning holder alt p\u00e5 plads og inden for r\u00e6kkevidde. Denne multifunktionelle skridsikre holder er designet til at holde din telefon sikkert, vise dit kontaktnummer, tilf\u00f8je en frisk duft og skabe en k\u00f8lig gl\u00f8d om natten - alt sammen uden brug af installationsv\u00e6rkt\u00f8jer eller kl\u00e6bemidler.\" \/>\n<meta property=\"og:url\" content=\"https:\/\/mekulo.com\/dk\/produkt\/skridsikker-telefonholder-til-bilmaatte\/\" \/>\n<meta property=\"og:site_name\" content=\"Mekulo DK\" \/>\n<meta property=\"article:modified_time\" content=\"2026-03-02T10:29:20+00:00\" \/>\n<meta property=\"og:image\" content=\"https:\/\/mekulo.com\/dk\/wp-content\/uploads\/sites\/12\/2026\/02\/hsgkcoy-1.png\" \/>\n\t<meta property=\"og:image:width\" content=\"800\" \/>\n\t<meta property=\"og:image:height\" content=\"800\" \/>\n\t<meta property=\"og:image:type\" content=\"image\/png\" \/>\n<meta name=\"twitter:card\" content=\"summary_large_image\" \/>\n<meta name=\"twitter:label1\" content=\"Estimeret l\u00e6setid\" \/>\n\t<meta name=\"twitter:data1\" content=\"2 minutter\" \/>\n<script type=\"application\/ld+json\" class=\"yoast-schema-graph\">{\"@context\":\"https:\\\/\\\/schema.org\",\"@graph\":[{\"@type\":\"WebPage\",\"@id\":\"https:\\\/\\\/mekulo.com\\\/dk\\\/produkt\\\/skridsikker-telefonholder-til-bilmaatte\\\/\",\"url\":\"https:\\\/\\\/mekulo.com\\\/dk\\\/produkt\\\/skridsikker-telefonholder-til-bilmaatte\\\/\",\"name\":\"Skridsikker telefonholder til bilm\u00e5tte - Mekulo DK\",\"isPartOf\":{\"@id\":\"https:\\\/\\\/mekulo.com\\\/dk\\\/#website\"},\"primaryImageOfPage\":{\"@id\":\"https:\\\/\\\/mekulo.com\\\/dk\\\/produkt\\\/skridsikker-telefonholder-til-bilmaatte\\\/#primaryimage\"},\"image\":{\"@id\":\"https:\\\/\\\/mekulo.com\\\/dk\\\/produkt\\\/skridsikker-telefonholder-til-bilmaatte\\\/#primaryimage\"},\"thumbnailUrl\":\"https:\\\/\\\/mekulo.com\\\/dk\\\/wp-content\\\/uploads\\\/sites\\\/12\\\/2026\\\/02\\\/hsgkcoy-1.png\",\"datePublished\":\"2026-02-09T12:24:00+00:00\",\"dateModified\":\"2026-03-02T10:29:20+00:00\",\"breadcrumb\":{\"@id\":\"https:\\\/\\\/mekulo.com\\\/dk\\\/produkt\\\/skridsikker-telefonholder-til-bilmaatte\\\/#breadcrumb\"},\"inLanguage\":\"da-DK\",\"potentialAction\":[{\"@type\":\"ReadAction\",\"target\":[\"https:\\\/\\\/mekulo.com\\\/dk\\\/produkt\\\/skridsikker-telefonholder-til-bilmaatte\\\/\"]}]},{\"@type\":\"ImageObject\",\"inLanguage\":\"da-DK\",\"@id\":\"https:\\\/\\\/mekulo.com\\\/dk\\\/produkt\\\/skridsikker-telefonholder-til-bilmaatte\\\/#primaryimage\",\"url\":\"https:\\\/\\\/mekulo.com\\\/dk\\\/wp-content\\\/uploads\\\/sites\\\/12\\\/2026\\\/02\\\/hsgkcoy-1.png\",\"contentUrl\":\"https:\\\/\\\/mekulo.com\\\/dk\\\/wp-content\\\/uploads\\\/sites\\\/12\\\/2026\\\/02\\\/hsgkcoy-1.png\",\"width\":800,\"height\":800},{\"@type\":\"BreadcrumbList\",\"@id\":\"https:\\\/\\\/mekulo.com\\\/dk\\\/produkt\\\/skridsikker-telefonholder-til-bilmaatte\\\/#breadcrumb\",\"itemListElement\":[{\"@type\":\"ListItem\",\"position\":1,\"name\":\"Home\",\"item\":\"https:\\\/\\\/mekulo.com\\\/dk\\\/\"},{\"@type\":\"ListItem\",\"position\":2,\"name\":\"Butik\",\"item\":\"https:\\\/\\\/mekulo.com\\\/dk\\\/butik\\\/\"},{\"@type\":\"ListItem\",\"position\":3,\"name\":\"Skridsikker telefonholder til bilm\u00e5tte\"}]},{\"@type\":\"WebSite\",\"@id\":\"https:\\\/\\\/mekulo.com\\\/dk\\\/#website\",\"url\":\"https:\\\/\\\/mekulo.com\\\/dk\\\/\",\"name\":\"Mekulo DK\",\"description\":\"\",\"publisher\":{\"@id\":\"https:\\\/\\\/mekulo.com\\\/dk\\\/#organization\"},\"potentialAction\":[{\"@type\":\"SearchAction\",\"target\":{\"@type\":\"EntryPoint\",\"urlTemplate\":\"https:\\\/\\\/mekulo.com\\\/dk\\\/?s={search_term_string}\"},\"query-input\":{\"@type\":\"PropertyValueSpecification\",\"valueRequired\":true,\"valueName\":\"search_term_string\"}}],\"inLanguage\":\"da-DK\"},{\"@type\":\"Organization\",\"@id\":\"https:\\\/\\\/mekulo.com\\\/dk\\\/#organization\",\"name\":\"Mekulo\",\"url\":\"https:\\\/\\\/mekulo.com\\\/dk\\\/\",\"logo\":{\"@type\":\"ImageObject\",\"inLanguage\":\"da-DK\",\"@id\":\"https:\\\/\\\/mekulo.com\\\/dk\\\/#\\\/schema\\\/logo\\\/image\\\/\",\"url\":\"https:\\\/\\\/mekulo.com\\\/dk\\\/wp-content\\\/uploads\\\/sites\\\/12\\\/2025\\\/12\\\/favicon_mekulo.png\",\"contentUrl\":\"https:\\\/\\\/mekulo.com\\\/dk\\\/wp-content\\\/uploads\\\/sites\\\/12\\\/2025\\\/12\\\/favicon_mekulo.png\",\"width\":50,\"height\":50,\"caption\":\"Mekulo\"},\"image\":{\"@id\":\"https:\\\/\\\/mekulo.com\\\/dk\\\/#\\\/schema\\\/logo\\\/image\\\/\"}}]}<\/script>\n<!-- \/ Yoast SEO plugin. -->","yoast_head_json":{"title":"Skridsikker telefonholder til bilm\u00e5tte - Mekulo DK","robots":{"index":"index","follow":"follow","max-snippet":"max-snippet:-1","max-image-preview":"max-image-preview:large","max-video-preview":"max-video-preview:-1"},"canonical":"https:\/\/mekulo.com\/dk\/produkt\/skridsikker-telefonholder-til-bilmaatte\/","og_locale":"da_DK","og_type":"article","og_title":"Skridsikker telefonholder til bilm\u00e5tte - Mekulo DK","og_description":"Ikke flere glidende telefoner, mistede kontaktoplysninger eller beskidte billugte - denne enkle l\u00f8sning holder alt p\u00e5 plads og inden for r\u00e6kkevidde. Denne multifunktionelle skridsikre holder er designet til at holde din telefon sikkert, vise dit kontaktnummer, tilf\u00f8je en frisk duft og skabe en k\u00f8lig gl\u00f8d om natten - alt sammen uden brug af installationsv\u00e6rkt\u00f8jer eller kl\u00e6bemidler.","og_url":"https:\/\/mekulo.com\/dk\/produkt\/skridsikker-telefonholder-til-bilmaatte\/","og_site_name":"Mekulo DK","article_modified_time":"2026-03-02T10:29:20+00:00","og_image":[{"width":800,"height":800,"url":"https:\/\/mekulo.com\/dk\/wp-content\/uploads\/sites\/12\/2026\/02\/hsgkcoy-1.png","type":"image\/png"}],"twitter_card":"summary_large_image","twitter_misc":{"Estimeret l\u00e6setid":"2 minutter"},"schema":{"@context":"https:\/\/schema.org","@graph":[{"@type":"WebPage","@id":"https:\/\/mekulo.com\/dk\/produkt\/skridsikker-telefonholder-til-bilmaatte\/","url":"https:\/\/mekulo.com\/dk\/produkt\/skridsikker-telefonholder-til-bilmaatte\/","name":"Skridsikker telefonholder til bilm\u00e5tte - Mekulo DK","isPartOf":{"@id":"https:\/\/mekulo.com\/dk\/#website"},"primaryImageOfPage":{"@id":"https:\/\/mekulo.com\/dk\/produkt\/skridsikker-telefonholder-til-bilmaatte\/#primaryimage"},"image":{"@id":"https:\/\/mekulo.com\/dk\/produkt\/skridsikker-telefonholder-til-bilmaatte\/#primaryimage"},"thumbnailUrl":"https:\/\/mekulo.com\/dk\/wp-content\/uploads\/sites\/12\/2026\/02\/hsgkcoy-1.png","datePublished":"2026-02-09T12:24:00+00:00","dateModified":"2026-03-02T10:29:20+00:00","breadcrumb":{"@id":"https:\/\/mekulo.com\/dk\/produkt\/skridsikker-telefonholder-til-bilmaatte\/#breadcrumb"},"inLanguage":"da-DK","potentialAction":[{"@type":"ReadAction","target":["https:\/\/mekulo.com\/dk\/produkt\/skridsikker-telefonholder-til-bilmaatte\/"]}]},{"@type":"ImageObject","inLanguage":"da-DK","@id":"https:\/\/mekulo.com\/dk\/produkt\/skridsikker-telefonholder-til-bilmaatte\/#primaryimage","url":"https:\/\/mekulo.com\/dk\/wp-content\/uploads\/sites\/12\/2026\/02\/hsgkcoy-1.png","contentUrl":"https:\/\/mekulo.com\/dk\/wp-content\/uploads\/sites\/12\/2026\/02\/hsgkcoy-1.png","width":800,"height":800},{"@type":"BreadcrumbList","@id":"https:\/\/mekulo.com\/dk\/produkt\/skridsikker-telefonholder-til-bilmaatte\/#breadcrumb","itemListElement":[{"@type":"ListItem","position":1,"name":"Home","item":"https:\/\/mekulo.com\/dk\/"},{"@type":"ListItem","position":2,"name":"Butik","item":"https:\/\/mekulo.com\/dk\/butik\/"},{"@type":"ListItem","position":3,"name":"Skridsikker telefonholder til bilm\u00e5tte"}]},{"@type":"WebSite","@id":"https:\/\/mekulo.com\/dk\/#website","url":"https:\/\/mekulo.com\/dk\/","name":"Mekulo DK","description":"","publisher":{"@id":"https:\/\/mekulo.com\/dk\/#organization"},"potentialAction":[{"@type":"SearchAction","target":{"@type":"EntryPoint","urlTemplate":"https:\/\/mekulo.com\/dk\/?s={search_term_string}"},"query-input":{"@type":"PropertyValueSpecification","valueRequired":true,"valueName":"search_term_string"}}],"inLanguage":"da-DK"},{"@type":"Organization","@id":"https:\/\/mekulo.com\/dk\/#organization","name":"Mekulo","url":"https:\/\/mekulo.com\/dk\/","logo":{"@type":"ImageObject","inLanguage":"da-DK","@id":"https:\/\/mekulo.com\/dk\/#\/schema\/logo\/image\/","url":"https:\/\/mekulo.com\/dk\/wp-content\/uploads\/sites\/12\/2025\/12\/favicon_mekulo.png","contentUrl":"https:\/\/mekulo.com\/dk\/wp-content\/uploads\/sites\/12\/2025\/12\/favicon_mekulo.png","width":50,"height":50,"caption":"Mekulo"},"image":{"@id":"https:\/\/mekulo.com\/dk\/#\/schema\/logo\/image\/"}}]}},"_links":{"self":[{"href":"https:\/\/mekulo.com\/dk\/wp-json\/wp\/v2\/product\/22651","targetHints":{"allow":["GET"]}}],"collection":[{"href":"https:\/\/mekulo.com\/dk\/wp-json\/wp\/v2\/product"}],"about":[{"href":"https:\/\/mekulo.com\/dk\/wp-json\/wp\/v2\/types\/product"}],"replies":[{"embeddable":true,"href":"https:\/\/mekulo.com\/dk\/wp-json\/wp\/v2\/comments?post=22651"}],"wp:featuredmedia":[{"embeddable":true,"href":"https:\/\/mekulo.com\/dk\/wp-json\/wp\/v2\/media\/22647"}],"wp:attachment":[{"href":"https:\/\/mekulo.com\/dk\/wp-json\/wp\/v2\/media?parent=22651"}],"wp:term":[{"taxonomy":"product_brand","embeddable":true,"href":"https:\/\/mekulo.com\/dk\/wp-json\/wp\/v2\/product_brand?post=22651"},{"taxonomy":"product_cat","embeddable":true,"href":"https:\/\/mekulo.com\/dk\/wp-json\/wp\/v2\/product_cat?post=22651"},{"taxonomy":"product_tag","embeddable":true,"href":"https:\/\/mekulo.com\/dk\/wp-json\/wp\/v2\/product_tag?post=22651"}],"curies":[{"name":"wp","href":"https:\/\/api.w.org\/{rel}","templated":true}]}}