{"id":22623,"date":"2026-02-09T14:18:41","date_gmt":"2026-02-09T12:18:41","guid":{"rendered":"https:\/\/mekulo.com\/dk\/produkt\/legetoej-til-boerns-vaerktoejskasse\/"},"modified":"2026-02-09T14:18:51","modified_gmt":"2026-02-09T12:18:51","slug":"legetoej-til-boerns-vaerktoejskasse","status":"publish","type":"product","link":"https:\/\/mekulo.com\/dk\/produkt\/legetoej-til-boerns-vaerktoejskasse\/","title":{"rendered":"Leget\u00f8j til b\u00f8rns v\u00e6rkt\u00f8jskasse"},"content":{"rendered":"<h2 class=\"font-claude-response-body break-words whitespace-normal leading-[1.7]\" style=\"text-align: center\"><strong>Giv Dit Barn Gl\u00e6den Ved At Bygge Og Skabe Med Sit Helt Eget Realistiske V\u00e6rkt\u00f8jskasses\u00e6t.<\/strong><\/h2>\n<p><img decoding=\"async\" class=\"alignnone size-medium wp-image-2095 aligncenter\" src=\"https:\/\/keluvo.com\/template\/wp-content\/uploads\/sites\/5\/2024\/10\/e8aff8b1-4d92-4e78-b386-92ec98b1978b.webp\" alt=\"\" \/><\/p>\n<h2 class=\"text-text-100 mt-3 -mb-1 text-[1.125rem] font-bold\" style=\"text-align: center\"><strong>Vigtigste Fordele \u2728<\/strong><\/h2>\n<p class=\"font-claude-response-body break-words whitespace-normal leading-[1.7]\" style=\"text-align: center\">\ud83d\udd27 Udvikler finmotorikken &#8211; Sm\u00e5 h\u00e6nder \u00f8ver sig i at gribe, dreje og samle med v\u00e6rkt\u00f8j i perfekt st\u00f8rrelse<\/p>\n<p class=\"font-claude-response-body break-words whitespace-normal leading-[1.7]\" style=\"text-align: center\">\ud83c\udf93 P\u00e6dagogisk &amp; Engagerende &#8211; Opmuntrer til kreativ t\u00e6nkning og probleml\u00f8sning gennem interaktiv leg<\/p>\n<p class=\"font-claude-response-body break-words whitespace-normal leading-[1.7]\" style=\"text-align: center\">\u26a1 Batteridrevet boremaskine &#8211; Realistisk elektrisk boremaskine f\u00e5r b\u00f8rn til at f\u00f8le sig som rigtige bygherrer og g\u00f8r hvert projekt mere sp\u00e6ndende<\/p>\n<p class=\"font-claude-response-body break-words whitespace-normal leading-[1.7]\" style=\"text-align: center\">\ud83c\udfa8 S\u00e6tter gang i fantasien &#8211; Timevis af leg, n\u00e5r b\u00f8rn reparerer, bygger, og skaber deres egne projekter<\/p>\n<p class=\"font-claude-response-body break-words whitespace-normal leading-[1.7]\" style=\"text-align: center\">\ud83d\udc76 Sikkert for sm\u00e5 h\u00e6nder &#8211; Alt v\u00e6rkt\u00f8j er designet specielt til b\u00f8rn med sikkerhed og komfort for \u00f8je<\/p>\n<p><img decoding=\"async\" class=\"alignnone size-medium wp-image-2094 aligncenter\" src=\"https:\/\/keluvo.com\/template\/wp-content\/uploads\/sites\/5\/2024\/10\/c17e92ce-5902-47d6-8da7-1012f8f0b1e7.webp\" alt=\"\" \/><\/p>\n<h2 class=\"text-text-100 mt-3 -mb-1 text-[1.125rem] font-bold\" style=\"text-align: center\">S\u00e5dan Bruges<\/h2>\n<ol class=\"[li_&amp;]:mb-0 [li_&amp;]:mt-1 [li_&amp;]:gap-1 [&amp;:not(:last-child)_ul]:pb-1 [&amp;:not(:last-child)_ol]:pb-1 list-decimal flex flex-col gap-1 pl-8 mb-3\">\n<li class=\"whitespace-normal break-words pl-2\" style=\"text-align: left\">V\u00e6lg din stil (bj\u00f8rne- eller hundedesign), og \u00e5bn v\u00e6rkt\u00f8jskassen<\/li>\n<li class=\"whitespace-normal break-words pl-2\" style=\"text-align: left\">S\u00e6t batterier i den elektriske boremaskine (batterier medf\u00f8lger ikke)<\/li>\n<li class=\"whitespace-normal break-words pl-2\" style=\"text-align: left\">Lad dit barn udforske v\u00e6rkt\u00f8jerne og \u00f8ve sig i at s\u00e6tte delene sammen<\/li>\n<li class=\"whitespace-normal break-words pl-2\" style=\"text-align: left\">Brug skruetr\u00e6kkeren, skruen\u00f8glen og andet v\u00e6rkt\u00f8j til at bygge, skruetr\u00e6kkeren, skruen\u00f8glen og andre v\u00e6rkt\u00f8jer til at bygge og &#8220;reparere&#8221; ting<\/li>\n<li class=\"whitespace-normal break-words pl-2\" style=\"text-align: left\">L\u00e6g alle dele tilbage i v\u00e6rkt\u00f8jskassen for nem oprydning og organisering<\/li>\n<\/ol>\n<h2 class=\"text-text-100 mt-3 -mb-1 text-[1.125rem] font-bold\" style=\"text-align: center\">Pakken Indeholder<\/h2>\n<ul class=\"[li_&amp;]:mb-0 [li_&amp;]:mt-1 [li_&amp;]:gap-1 [&amp;:not(:last-child)_ul]:pb-1 [&amp;:not(:last-child)_ol]:pb-1 list-disc flex flex-col gap-1 pl-8 mb-3\">\n<li class=\"whitespace-normal break-words pl-2\">1x v\u00e6rkt\u00f8jskasse (bj\u00f8rne- eller hundedesign)<\/li>\n<li class=\"whitespace-normal break-words pl-2\">1x batteridrevet elektrisk boremaskine<\/li>\n<li class=\"whitespace-normal break-words pl-2\">Mange leget\u00f8jsv\u00e6rkt\u00f8jer og tilbeh\u00f8r (skruen\u00f8gle, skruetr\u00e6kker, skruer og byggedele)<\/li>\n<\/ul>\n","protected":false},"excerpt":{"rendered":"<p>Dette leget\u00f8jss\u00e6t med v\u00e6rkt\u00f8jskasse til b\u00f8rn er perfekt til sm\u00e5 byggere fra 3 \u00e5r og opefter og forvandler leg til et praktisk l\u00e6ringseventyr. B\u00f8rn kan udforske deres fantasi, mens de udvikler vigtige finmotoriske f\u00e6rdigheder, h\u00e5nd-\u00f8je-koordination og probleml\u00f8sningsevner gennem realistisk reparations- og byggeleg.<\/p>\n","protected":false},"featured_media":22619,"comment_status":"open","ping_status":"closed","template":"","meta":{"site-sidebar-layout":"default","site-content-layout":"","ast-site-content-layout":"default","site-content-style":"default","site-sidebar-style":"default","ast-global-header-display":"","ast-banner-title-visibility":"","ast-main-header-display":"","ast-hfb-above-header-display":"","ast-hfb-below-header-display":"","ast-hfb-mobile-header-display":"","site-post-title":"","ast-breadcrumbs-content":"","ast-featured-img":"","footer-sml-layout":"","ast-disable-related-posts":"","theme-transparent-header-meta":"default","adv-header-id-meta":"","stick-header-meta":"","header-above-stick-meta":"","header-main-stick-meta":"","header-below-stick-meta":"","astra-migrate-meta-layouts":"set","ast-page-background-enabled":"default","ast-page-background-meta":{"desktop":{"background-color":"var(--ast-global-color-5)","background-image":"","background-repeat":"repeat","background-position":"center center","background-size":"auto","background-attachment":"scroll","background-type":"","background-media":"","overlay-type":"","overlay-color":"","overlay-opacity":"","overlay-gradient":""},"tablet":{"background-color":"","background-image":"","background-repeat":"repeat","background-position":"center center","background-size":"auto","background-attachment":"scroll","background-type":"","background-media":"","overlay-type":"","overlay-color":"","overlay-opacity":"","overlay-gradient":""},"mobile":{"background-color":"","background-image":"","background-repeat":"repeat","background-position":"center center","background-size":"auto","background-attachment":"scroll","background-type":"","background-media":"","overlay-type":"","overlay-color":"","overlay-opacity":"","overlay-gradient":""}},"ast-content-background-meta":{"desktop":{"background-color":"var(--ast-global-color-4)","background-image":"","background-repeat":"repeat","background-position":"center center","background-size":"auto","background-attachment":"scroll","background-type":"","background-media":"","overlay-type":"","overlay-color":"","overlay-opacity":"","overlay-gradient":""},"tablet":{"background-color":"var(--ast-global-color-4)","background-image":"","background-repeat":"repeat","background-position":"center center","background-size":"auto","background-attachment":"scroll","background-type":"","background-media":"","overlay-type":"","overlay-color":"","overlay-opacity":"","overlay-gradient":""},"mobile":{"background-color":"var(--ast-global-color-4)","background-image":"","background-repeat":"repeat","background-position":"center center","background-size":"auto","background-attachment":"scroll","background-type":"","background-media":"","overlay-type":"","overlay-color":"","overlay-opacity":"","overlay-gradient":""}}},"product_brand":[],"product_cat":[172],"product_tag":[],"class_list":{"0":"post-22623","1":"product","2":"type-product","3":"status-publish","4":"has-post-thumbnail","6":"product_cat-legetoej-boerne-og-babyprodukter","7":"pa_14488_iznuojyv-bjoern","8":"pa_14488_iznuojyv-hund","9":"desktop-align-left","10":"tablet-align-left","11":"mobile-align-left","13":"first","14":"instock","15":"shipping-taxable","16":"purchasable","17":"product-type-variable"},"yoast_head":"<!-- This site is optimized with the Yoast SEO plugin v27.4 - https:\/\/yoast.com\/product\/yoast-seo-wordpress\/ -->\n<title>Leget\u00f8j til b\u00f8rns v\u00e6rkt\u00f8jskasse - Mekulo DK<\/title>\n<meta name=\"robots\" content=\"index, follow, max-snippet:-1, max-image-preview:large, max-video-preview:-1\" \/>\n<link rel=\"canonical\" href=\"https:\/\/mekulo.com\/dk\/produkt\/legetoej-til-boerns-vaerktoejskasse\/\" \/>\n<meta property=\"og:locale\" content=\"da_DK\" \/>\n<meta property=\"og:type\" content=\"article\" \/>\n<meta property=\"og:title\" content=\"Leget\u00f8j til b\u00f8rns v\u00e6rkt\u00f8jskasse - Mekulo DK\" \/>\n<meta property=\"og:description\" content=\"Dette leget\u00f8jss\u00e6t med v\u00e6rkt\u00f8jskasse til b\u00f8rn er perfekt til sm\u00e5 byggere fra 3 \u00e5r og opefter og forvandler leg til et praktisk l\u00e6ringseventyr. B\u00f8rn kan udforske deres fantasi, mens de udvikler vigtige finmotoriske f\u00e6rdigheder, h\u00e5nd-\u00f8je-koordination og probleml\u00f8sningsevner gennem realistisk reparations- og byggeleg.\" \/>\n<meta property=\"og:url\" content=\"https:\/\/mekulo.com\/dk\/produkt\/legetoej-til-boerns-vaerktoejskasse\/\" \/>\n<meta property=\"og:site_name\" content=\"Mekulo DK\" \/>\n<meta property=\"article:modified_time\" content=\"2026-02-09T12:18:51+00:00\" \/>\n<meta property=\"og:image\" content=\"https:\/\/mekulo.com\/dk\/wp-content\/uploads\/sites\/12\/2026\/02\/d3wceat-1.webp\" \/>\n\t<meta property=\"og:image:width\" content=\"800\" \/>\n\t<meta property=\"og:image:height\" content=\"800\" \/>\n\t<meta property=\"og:image:type\" content=\"image\/webp\" \/>\n<meta name=\"twitter:card\" content=\"summary_large_image\" \/>\n<meta name=\"twitter:label1\" content=\"Estimeret l\u00e6setid\" \/>\n\t<meta name=\"twitter:data1\" content=\"2 minutter\" \/>\n<script type=\"application\/ld+json\" class=\"yoast-schema-graph\">{\"@context\":\"https:\\\/\\\/schema.org\",\"@graph\":[{\"@type\":\"WebPage\",\"@id\":\"https:\\\/\\\/mekulo.com\\\/dk\\\/produkt\\\/legetoej-til-boerns-vaerktoejskasse\\\/\",\"url\":\"https:\\\/\\\/mekulo.com\\\/dk\\\/produkt\\\/legetoej-til-boerns-vaerktoejskasse\\\/\",\"name\":\"Leget\u00f8j til b\u00f8rns v\u00e6rkt\u00f8jskasse - Mekulo DK\",\"isPartOf\":{\"@id\":\"https:\\\/\\\/mekulo.com\\\/dk\\\/#website\"},\"primaryImageOfPage\":{\"@id\":\"https:\\\/\\\/mekulo.com\\\/dk\\\/produkt\\\/legetoej-til-boerns-vaerktoejskasse\\\/#primaryimage\"},\"image\":{\"@id\":\"https:\\\/\\\/mekulo.com\\\/dk\\\/produkt\\\/legetoej-til-boerns-vaerktoejskasse\\\/#primaryimage\"},\"thumbnailUrl\":\"https:\\\/\\\/mekulo.com\\\/dk\\\/wp-content\\\/uploads\\\/sites\\\/12\\\/2026\\\/02\\\/d3wceat-1.webp\",\"datePublished\":\"2026-02-09T12:18:41+00:00\",\"dateModified\":\"2026-02-09T12:18:51+00:00\",\"breadcrumb\":{\"@id\":\"https:\\\/\\\/mekulo.com\\\/dk\\\/produkt\\\/legetoej-til-boerns-vaerktoejskasse\\\/#breadcrumb\"},\"inLanguage\":\"da-DK\",\"potentialAction\":[{\"@type\":\"ReadAction\",\"target\":[\"https:\\\/\\\/mekulo.com\\\/dk\\\/produkt\\\/legetoej-til-boerns-vaerktoejskasse\\\/\"]}]},{\"@type\":\"ImageObject\",\"inLanguage\":\"da-DK\",\"@id\":\"https:\\\/\\\/mekulo.com\\\/dk\\\/produkt\\\/legetoej-til-boerns-vaerktoejskasse\\\/#primaryimage\",\"url\":\"https:\\\/\\\/mekulo.com\\\/dk\\\/wp-content\\\/uploads\\\/sites\\\/12\\\/2026\\\/02\\\/d3wceat-1.webp\",\"contentUrl\":\"https:\\\/\\\/mekulo.com\\\/dk\\\/wp-content\\\/uploads\\\/sites\\\/12\\\/2026\\\/02\\\/d3wceat-1.webp\",\"width\":800,\"height\":800},{\"@type\":\"BreadcrumbList\",\"@id\":\"https:\\\/\\\/mekulo.com\\\/dk\\\/produkt\\\/legetoej-til-boerns-vaerktoejskasse\\\/#breadcrumb\",\"itemListElement\":[{\"@type\":\"ListItem\",\"position\":1,\"name\":\"Home\",\"item\":\"https:\\\/\\\/mekulo.com\\\/dk\\\/\"},{\"@type\":\"ListItem\",\"position\":2,\"name\":\"Butik\",\"item\":\"https:\\\/\\\/mekulo.com\\\/dk\\\/butik\\\/\"},{\"@type\":\"ListItem\",\"position\":3,\"name\":\"Leget\u00f8j til b\u00f8rns v\u00e6rkt\u00f8jskasse\"}]},{\"@type\":\"WebSite\",\"@id\":\"https:\\\/\\\/mekulo.com\\\/dk\\\/#website\",\"url\":\"https:\\\/\\\/mekulo.com\\\/dk\\\/\",\"name\":\"Mekulo DK\",\"description\":\"\",\"publisher\":{\"@id\":\"https:\\\/\\\/mekulo.com\\\/dk\\\/#organization\"},\"potentialAction\":[{\"@type\":\"SearchAction\",\"target\":{\"@type\":\"EntryPoint\",\"urlTemplate\":\"https:\\\/\\\/mekulo.com\\\/dk\\\/?s={search_term_string}\"},\"query-input\":{\"@type\":\"PropertyValueSpecification\",\"valueRequired\":true,\"valueName\":\"search_term_string\"}}],\"inLanguage\":\"da-DK\"},{\"@type\":\"Organization\",\"@id\":\"https:\\\/\\\/mekulo.com\\\/dk\\\/#organization\",\"name\":\"Mekulo\",\"url\":\"https:\\\/\\\/mekulo.com\\\/dk\\\/\",\"logo\":{\"@type\":\"ImageObject\",\"inLanguage\":\"da-DK\",\"@id\":\"https:\\\/\\\/mekulo.com\\\/dk\\\/#\\\/schema\\\/logo\\\/image\\\/\",\"url\":\"https:\\\/\\\/mekulo.com\\\/dk\\\/wp-content\\\/uploads\\\/sites\\\/12\\\/2025\\\/12\\\/favicon_mekulo.png\",\"contentUrl\":\"https:\\\/\\\/mekulo.com\\\/dk\\\/wp-content\\\/uploads\\\/sites\\\/12\\\/2025\\\/12\\\/favicon_mekulo.png\",\"width\":50,\"height\":50,\"caption\":\"Mekulo\"},\"image\":{\"@id\":\"https:\\\/\\\/mekulo.com\\\/dk\\\/#\\\/schema\\\/logo\\\/image\\\/\"}}]}<\/script>\n<!-- \/ Yoast SEO plugin. -->","yoast_head_json":{"title":"Leget\u00f8j til b\u00f8rns v\u00e6rkt\u00f8jskasse - Mekulo DK","robots":{"index":"index","follow":"follow","max-snippet":"max-snippet:-1","max-image-preview":"max-image-preview:large","max-video-preview":"max-video-preview:-1"},"canonical":"https:\/\/mekulo.com\/dk\/produkt\/legetoej-til-boerns-vaerktoejskasse\/","og_locale":"da_DK","og_type":"article","og_title":"Leget\u00f8j til b\u00f8rns v\u00e6rkt\u00f8jskasse - Mekulo DK","og_description":"Dette leget\u00f8jss\u00e6t med v\u00e6rkt\u00f8jskasse til b\u00f8rn er perfekt til sm\u00e5 byggere fra 3 \u00e5r og opefter og forvandler leg til et praktisk l\u00e6ringseventyr. B\u00f8rn kan udforske deres fantasi, mens de udvikler vigtige finmotoriske f\u00e6rdigheder, h\u00e5nd-\u00f8je-koordination og probleml\u00f8sningsevner gennem realistisk reparations- og byggeleg.","og_url":"https:\/\/mekulo.com\/dk\/produkt\/legetoej-til-boerns-vaerktoejskasse\/","og_site_name":"Mekulo DK","article_modified_time":"2026-02-09T12:18:51+00:00","og_image":[{"width":800,"height":800,"url":"https:\/\/mekulo.com\/dk\/wp-content\/uploads\/sites\/12\/2026\/02\/d3wceat-1.webp","type":"image\/webp"}],"twitter_card":"summary_large_image","twitter_misc":{"Estimeret l\u00e6setid":"2 minutter"},"schema":{"@context":"https:\/\/schema.org","@graph":[{"@type":"WebPage","@id":"https:\/\/mekulo.com\/dk\/produkt\/legetoej-til-boerns-vaerktoejskasse\/","url":"https:\/\/mekulo.com\/dk\/produkt\/legetoej-til-boerns-vaerktoejskasse\/","name":"Leget\u00f8j til b\u00f8rns v\u00e6rkt\u00f8jskasse - Mekulo DK","isPartOf":{"@id":"https:\/\/mekulo.com\/dk\/#website"},"primaryImageOfPage":{"@id":"https:\/\/mekulo.com\/dk\/produkt\/legetoej-til-boerns-vaerktoejskasse\/#primaryimage"},"image":{"@id":"https:\/\/mekulo.com\/dk\/produkt\/legetoej-til-boerns-vaerktoejskasse\/#primaryimage"},"thumbnailUrl":"https:\/\/mekulo.com\/dk\/wp-content\/uploads\/sites\/12\/2026\/02\/d3wceat-1.webp","datePublished":"2026-02-09T12:18:41+00:00","dateModified":"2026-02-09T12:18:51+00:00","breadcrumb":{"@id":"https:\/\/mekulo.com\/dk\/produkt\/legetoej-til-boerns-vaerktoejskasse\/#breadcrumb"},"inLanguage":"da-DK","potentialAction":[{"@type":"ReadAction","target":["https:\/\/mekulo.com\/dk\/produkt\/legetoej-til-boerns-vaerktoejskasse\/"]}]},{"@type":"ImageObject","inLanguage":"da-DK","@id":"https:\/\/mekulo.com\/dk\/produkt\/legetoej-til-boerns-vaerktoejskasse\/#primaryimage","url":"https:\/\/mekulo.com\/dk\/wp-content\/uploads\/sites\/12\/2026\/02\/d3wceat-1.webp","contentUrl":"https:\/\/mekulo.com\/dk\/wp-content\/uploads\/sites\/12\/2026\/02\/d3wceat-1.webp","width":800,"height":800},{"@type":"BreadcrumbList","@id":"https:\/\/mekulo.com\/dk\/produkt\/legetoej-til-boerns-vaerktoejskasse\/#breadcrumb","itemListElement":[{"@type":"ListItem","position":1,"name":"Home","item":"https:\/\/mekulo.com\/dk\/"},{"@type":"ListItem","position":2,"name":"Butik","item":"https:\/\/mekulo.com\/dk\/butik\/"},{"@type":"ListItem","position":3,"name":"Leget\u00f8j til b\u00f8rns v\u00e6rkt\u00f8jskasse"}]},{"@type":"WebSite","@id":"https:\/\/mekulo.com\/dk\/#website","url":"https:\/\/mekulo.com\/dk\/","name":"Mekulo DK","description":"","publisher":{"@id":"https:\/\/mekulo.com\/dk\/#organization"},"potentialAction":[{"@type":"SearchAction","target":{"@type":"EntryPoint","urlTemplate":"https:\/\/mekulo.com\/dk\/?s={search_term_string}"},"query-input":{"@type":"PropertyValueSpecification","valueRequired":true,"valueName":"search_term_string"}}],"inLanguage":"da-DK"},{"@type":"Organization","@id":"https:\/\/mekulo.com\/dk\/#organization","name":"Mekulo","url":"https:\/\/mekulo.com\/dk\/","logo":{"@type":"ImageObject","inLanguage":"da-DK","@id":"https:\/\/mekulo.com\/dk\/#\/schema\/logo\/image\/","url":"https:\/\/mekulo.com\/dk\/wp-content\/uploads\/sites\/12\/2025\/12\/favicon_mekulo.png","contentUrl":"https:\/\/mekulo.com\/dk\/wp-content\/uploads\/sites\/12\/2025\/12\/favicon_mekulo.png","width":50,"height":50,"caption":"Mekulo"},"image":{"@id":"https:\/\/mekulo.com\/dk\/#\/schema\/logo\/image\/"}}]}},"_links":{"self":[{"href":"https:\/\/mekulo.com\/dk\/wp-json\/wp\/v2\/product\/22623","targetHints":{"allow":["GET"]}}],"collection":[{"href":"https:\/\/mekulo.com\/dk\/wp-json\/wp\/v2\/product"}],"about":[{"href":"https:\/\/mekulo.com\/dk\/wp-json\/wp\/v2\/types\/product"}],"replies":[{"embeddable":true,"href":"https:\/\/mekulo.com\/dk\/wp-json\/wp\/v2\/comments?post=22623"}],"wp:featuredmedia":[{"embeddable":true,"href":"https:\/\/mekulo.com\/dk\/wp-json\/wp\/v2\/media\/22619"}],"wp:attachment":[{"href":"https:\/\/mekulo.com\/dk\/wp-json\/wp\/v2\/media?parent=22623"}],"wp:term":[{"taxonomy":"product_brand","embeddable":true,"href":"https:\/\/mekulo.com\/dk\/wp-json\/wp\/v2\/product_brand?post=22623"},{"taxonomy":"product_cat","embeddable":true,"href":"https:\/\/mekulo.com\/dk\/wp-json\/wp\/v2\/product_cat?post=22623"},{"taxonomy":"product_tag","embeddable":true,"href":"https:\/\/mekulo.com\/dk\/wp-json\/wp\/v2\/product_tag?post=22623"}],"curies":[{"name":"wp","href":"https:\/\/api.w.org\/{rel}","templated":true}]}}