{"id":22368,"date":"2026-02-05T18:24:47","date_gmt":"2026-02-05T16:24:47","guid":{"rendered":"https:\/\/mekulo.com\/dk\/produkt\/360-graders-vandhane-booster-bruser\/"},"modified":"2026-02-10T11:15:29","modified_gmt":"2026-02-10T09:15:29","slug":"360-graders-vandhane-booster-bruser","status":"publish","type":"product","link":"https:\/\/mekulo.com\/dk\/produkt\/360-graders-vandhane-booster-bruser\/","title":{"rendered":"360-graders vandhane-booster-bruser"},"content":{"rendered":"<p style=\"text-align: center\" data-start=\"0\" data-end=\"68\"><strong data-start=\"0\" data-end=\"68\">Opgrader din vask med kraftig, fleksibel vandgennemstr\u00f8mning p\u00e5 f\u00e5 sekunder. \ud83d\udca6<\/strong><\/p>\n<p data-start=\"0\" data-end=\"68\"><img fetchpriority=\"high\" decoding=\"async\" class=\" wp-image-23676 aligncenter\" src=\"https:\/\/mekulo.com\/template\/wp-content\/uploads\/sites\/6\/2026\/02\/8669b9379c33842b245dc5f96d9ac236331d5373.webp\" alt=\"\" width=\"800\" height=\"800\" \/><\/p>\n<h2 style=\"text-align: center\" data-start=\"388\" data-end=\"405\"><strong>Hovedfordele \ud83d\udebf<\/strong><\/h2>\n<p data-start=\"408\" data-end=\"478\">\ud83d\udebf 3 vandtilstande &#8211; brusebad, puls og blandet tilstand med en knap.<\/p>\n<p data-start=\"481\" data-end=\"539\">\ud83d\udd04 360\u00b0 drejeligt hoved &#8211; n\u00e5 alle vinkler med lethed.<\/p>\n<p data-start=\"542\" data-end=\"604\">\ud83d\udca7 Vandbesparende design &#8211; st\u00e6rk str\u00f8mning med mindre spr\u00f8jt.<\/p>\n<p data-start=\"607\" data-end=\"669\">\ud83e\uddfc Let at reng\u00f8re &#8211; glat overflade og enkel vedligeholdelse.<\/p>\n<p data-start=\"672\" data-end=\"737\">\ud83d\udd29 Holdbare materialer &#8211; ABS-krop med udl\u00f8b i rustfrit st\u00e5l.<\/p>\n<p data-start=\"672\" data-end=\"737\"><img decoding=\"async\" class=\" wp-image-23679 aligncenter\" src=\"https:\/\/mekulo.com\/template\/wp-content\/uploads\/sites\/6\/2026\/02\/Sdcfc69a10dd942ff9ea6821d17b55941I.jpg_960x960q75.jpg_.avif\" alt=\"\" width=\"801\" height=\"801\" \/><\/p>\n<h2 style=\"text-align: center\" data-start=\"739\" data-end=\"753\"><strong>S\u00e5dan Bruges \ud83d\udccc<\/strong><\/h2>\n<ol data-start=\"754\" data-end=\"957\">\n<li data-start=\"754\" data-end=\"795\">\n<p data-start=\"757\" data-end=\"795\">Fjern din eksisterende vandhane-belufter.<\/p>\n<\/li>\n<li data-start=\"796\" data-end=\"850\">\n<p data-start=\"799\" data-end=\"850\">Skru vandhane-boosteren p\u00e5 vandhanen med h\u00e5nden.<\/p>\n<\/li>\n<li data-start=\"851\" data-end=\"904\">\n<p data-start=\"854\" data-end=\"904\">Juster vinklen frit ved hj\u00e6lp af det roterende hoved.<\/p>\n<\/li>\n<li data-start=\"905\" data-end=\"957\">\n<p data-start=\"908\" data-end=\"957\">Tryk p\u00e5 knappen for at skifte mellem vandtilstande.<\/p>\n<\/li>\n<\/ol>\n<h2 style=\"text-align: center\" data-start=\"959\" data-end=\"978\"><strong>Produktdetaljer \ud83d\udccf<\/strong><\/h2>\n<ul data-start=\"979\" data-end=\"1167\">\n<li data-start=\"979\" data-end=\"1025\">\n<p data-start=\"981\" data-end=\"1025\">Materiale: ABS + silikone + rustfrit st\u00e5l<\/p>\n<\/li>\n<li data-start=\"979\" data-end=\"1025\">\n<p data-start=\"981\" data-end=\"1025\">St\u00f8rrelser: Kort: 8,5 x 5,3 cm, Lang: 17 x 5,3 cm<\/p>\n<\/li>\n<li data-start=\"1109\" data-end=\"1139\">\n<p data-start=\"1111\" data-end=\"1139\">Rotation: Fuld 360 grader<\/p>\n<\/li>\n<li data-start=\"1140\" data-end=\"1167\">\n<p data-start=\"1142\" data-end=\"1167\">Installation: V\u00e6rkt\u00f8jsfri<\/p>\n<\/li>\n<\/ul>\n<h2 style=\"text-align: center\" data-start=\"1169\" data-end=\"1189\"><strong>Pakken Indeholder \ud83d\udce6<\/strong><\/h2>\n<ul data-start=\"1190\" data-end=\"1210\" data-is-last-node=\"\" data-is-only-node=\"\">\n<li data-start=\"1190\" data-end=\"1210\" data-is-last-node=\"\">\n<p data-start=\"1192\" data-end=\"1210\" data-is-last-node=\"\">1, 2x 360-graders vandhane booster shower.<\/p>\n<\/li>\n<\/ul>\n","protected":false},"excerpt":{"rendered":"<p>\ud83e\uddd1\u200d\ud83d\udd27This 360-graders vandhaneforst\u00e6rker forvandler enhver standard vandhane til et alsidigt reng\u00f8ringsv\u00e6rkt\u00f8j med justerbart vandtryk og vinkler.<br \/>\n\ud83d\udca7Det hj\u00e6lper med at reducere st\u00e6nk, spare vand og g\u00f8re opvask, h\u00e5ndvask og h\u00e6nder meget lettere.<br \/>\n\ud83d\udd04\ufe0fThe roterende hoved hj\u00e6lper dig ogs\u00e5 med at n\u00e5 hj\u00f8rner, der normalt er sv\u00e6re at reng\u00f8re.<\/p>\n","protected":false},"featured_media":22364,"comment_status":"open","ping_status":"closed","template":"","meta":{"site-sidebar-layout":"default","site-content-layout":"","ast-site-content-layout":"default","site-content-style":"default","site-sidebar-style":"default","ast-global-header-display":"","ast-banner-title-visibility":"","ast-main-header-display":"","ast-hfb-above-header-display":"","ast-hfb-below-header-display":"","ast-hfb-mobile-header-display":"","site-post-title":"","ast-breadcrumbs-content":"","ast-featured-img":"","footer-sml-layout":"","ast-disable-related-posts":"","theme-transparent-header-meta":"default","adv-header-id-meta":"","stick-header-meta":"","header-above-stick-meta":"","header-main-stick-meta":"","header-below-stick-meta":"","astra-migrate-meta-layouts":"set","ast-page-background-enabled":"default","ast-page-background-meta":{"desktop":{"background-color":"var(--ast-global-color-5)","background-image":"","background-repeat":"repeat","background-position":"center center","background-size":"auto","background-attachment":"scroll","background-type":"","background-media":"","overlay-type":"","overlay-color":"","overlay-opacity":"","overlay-gradient":""},"tablet":{"background-color":"","background-image":"","background-repeat":"repeat","background-position":"center center","background-size":"auto","background-attachment":"scroll","background-type":"","background-media":"","overlay-type":"","overlay-color":"","overlay-opacity":"","overlay-gradient":""},"mobile":{"background-color":"","background-image":"","background-repeat":"repeat","background-position":"center center","background-size":"auto","background-attachment":"scroll","background-type":"","background-media":"","overlay-type":"","overlay-color":"","overlay-opacity":"","overlay-gradient":""}},"ast-content-background-meta":{"desktop":{"background-color":"var(--ast-global-color-4)","background-image":"","background-repeat":"repeat","background-position":"center center","background-size":"auto","background-attachment":"scroll","background-type":"","background-media":"","overlay-type":"","overlay-color":"","overlay-opacity":"","overlay-gradient":""},"tablet":{"background-color":"var(--ast-global-color-4)","background-image":"","background-repeat":"repeat","background-position":"center center","background-size":"auto","background-attachment":"scroll","background-type":"","background-media":"","overlay-type":"","overlay-color":"","overlay-opacity":"","overlay-gradient":""},"mobile":{"background-color":"var(--ast-global-color-4)","background-image":"","background-repeat":"repeat","background-position":"center center","background-size":"auto","background-attachment":"scroll","background-type":"","background-media":"","overlay-type":"","overlay-color":"","overlay-opacity":"","overlay-gradient":""}}},"product_brand":[],"product_cat":[168],"product_tag":[],"class_list":{"0":"post-22368","1":"product","2":"type-product","3":"status-publish","4":"has-post-thumbnail","6":"product_cat-husholdningsartikler","7":"pa_55440_omk2ayhx-kort","8":"pa_55440_omk2ayhx-lang","9":"pa_55440_qr43wkey-1-stk","10":"pa_55440_qr43wkey-2-stk","11":"desktop-align-left","12":"tablet-align-left","13":"mobile-align-left","15":"first","16":"instock","17":"shipping-taxable","18":"purchasable","19":"product-type-variable","20":"has-default-attributes"},"yoast_head":"<!-- This site is optimized with the Yoast SEO plugin v27.4 - https:\/\/yoast.com\/product\/yoast-seo-wordpress\/ -->\n<title>360-graders vandhane-booster-bruser - Mekulo DK<\/title>\n<meta name=\"robots\" content=\"index, follow, max-snippet:-1, max-image-preview:large, max-video-preview:-1\" \/>\n<link rel=\"canonical\" href=\"https:\/\/mekulo.com\/dk\/produkt\/360-graders-vandhane-booster-bruser\/\" \/>\n<meta property=\"og:locale\" content=\"da_DK\" \/>\n<meta property=\"og:type\" content=\"article\" \/>\n<meta property=\"og:title\" content=\"360-graders vandhane-booster-bruser - Mekulo DK\" \/>\n<meta property=\"og:description\" content=\"\ud83e\uddd1\u200d\ud83d\udd27This 360-graders vandhaneforst\u00e6rker forvandler enhver standard vandhane til et alsidigt reng\u00f8ringsv\u00e6rkt\u00f8j med justerbart vandtryk og vinkler. \ud83d\udca7Det hj\u00e6lper med at reducere st\u00e6nk, spare vand og g\u00f8re opvask, h\u00e5ndvask og h\u00e6nder meget lettere. \ud83d\udd04\ufe0fThe roterende hoved hj\u00e6lper dig ogs\u00e5 med at n\u00e5 hj\u00f8rner, der normalt er sv\u00e6re at reng\u00f8re.\" \/>\n<meta property=\"og:url\" content=\"https:\/\/mekulo.com\/dk\/produkt\/360-graders-vandhane-booster-bruser\/\" \/>\n<meta property=\"og:site_name\" content=\"Mekulo DK\" \/>\n<meta property=\"article:modified_time\" content=\"2026-02-10T09:15:29+00:00\" \/>\n<meta property=\"og:image\" content=\"https:\/\/mekulo.com\/dk\/wp-content\/uploads\/sites\/12\/2026\/02\/od2nxcx-1.jpg\" \/>\n\t<meta property=\"og:image:width\" content=\"1080\" \/>\n\t<meta property=\"og:image:height\" content=\"1080\" \/>\n\t<meta property=\"og:image:type\" content=\"image\/jpeg\" \/>\n<meta name=\"twitter:card\" content=\"summary_large_image\" \/>\n<meta name=\"twitter:label1\" content=\"Estimeret l\u00e6setid\" \/>\n\t<meta name=\"twitter:data1\" content=\"2 minutter\" \/>\n<script type=\"application\/ld+json\" class=\"yoast-schema-graph\">{\"@context\":\"https:\\\/\\\/schema.org\",\"@graph\":[{\"@type\":\"WebPage\",\"@id\":\"https:\\\/\\\/mekulo.com\\\/dk\\\/produkt\\\/360-graders-vandhane-booster-bruser\\\/\",\"url\":\"https:\\\/\\\/mekulo.com\\\/dk\\\/produkt\\\/360-graders-vandhane-booster-bruser\\\/\",\"name\":\"360-graders vandhane-booster-bruser - Mekulo DK\",\"isPartOf\":{\"@id\":\"https:\\\/\\\/mekulo.com\\\/dk\\\/#website\"},\"primaryImageOfPage\":{\"@id\":\"https:\\\/\\\/mekulo.com\\\/dk\\\/produkt\\\/360-graders-vandhane-booster-bruser\\\/#primaryimage\"},\"image\":{\"@id\":\"https:\\\/\\\/mekulo.com\\\/dk\\\/produkt\\\/360-graders-vandhane-booster-bruser\\\/#primaryimage\"},\"thumbnailUrl\":\"https:\\\/\\\/mekulo.com\\\/dk\\\/wp-content\\\/uploads\\\/sites\\\/12\\\/2026\\\/02\\\/od2nxcx-1.jpg\",\"datePublished\":\"2026-02-05T16:24:47+00:00\",\"dateModified\":\"2026-02-10T09:15:29+00:00\",\"breadcrumb\":{\"@id\":\"https:\\\/\\\/mekulo.com\\\/dk\\\/produkt\\\/360-graders-vandhane-booster-bruser\\\/#breadcrumb\"},\"inLanguage\":\"da-DK\",\"potentialAction\":[{\"@type\":\"ReadAction\",\"target\":[\"https:\\\/\\\/mekulo.com\\\/dk\\\/produkt\\\/360-graders-vandhane-booster-bruser\\\/\"]}]},{\"@type\":\"ImageObject\",\"inLanguage\":\"da-DK\",\"@id\":\"https:\\\/\\\/mekulo.com\\\/dk\\\/produkt\\\/360-graders-vandhane-booster-bruser\\\/#primaryimage\",\"url\":\"https:\\\/\\\/mekulo.com\\\/dk\\\/wp-content\\\/uploads\\\/sites\\\/12\\\/2026\\\/02\\\/od2nxcx-1.jpg\",\"contentUrl\":\"https:\\\/\\\/mekulo.com\\\/dk\\\/wp-content\\\/uploads\\\/sites\\\/12\\\/2026\\\/02\\\/od2nxcx-1.jpg\",\"width\":1080,\"height\":1080},{\"@type\":\"BreadcrumbList\",\"@id\":\"https:\\\/\\\/mekulo.com\\\/dk\\\/produkt\\\/360-graders-vandhane-booster-bruser\\\/#breadcrumb\",\"itemListElement\":[{\"@type\":\"ListItem\",\"position\":1,\"name\":\"Home\",\"item\":\"https:\\\/\\\/mekulo.com\\\/dk\\\/\"},{\"@type\":\"ListItem\",\"position\":2,\"name\":\"Butik\",\"item\":\"https:\\\/\\\/mekulo.com\\\/dk\\\/butik\\\/\"},{\"@type\":\"ListItem\",\"position\":3,\"name\":\"360-graders vandhane-booster-bruser\"}]},{\"@type\":\"WebSite\",\"@id\":\"https:\\\/\\\/mekulo.com\\\/dk\\\/#website\",\"url\":\"https:\\\/\\\/mekulo.com\\\/dk\\\/\",\"name\":\"Mekulo DK\",\"description\":\"\",\"publisher\":{\"@id\":\"https:\\\/\\\/mekulo.com\\\/dk\\\/#organization\"},\"potentialAction\":[{\"@type\":\"SearchAction\",\"target\":{\"@type\":\"EntryPoint\",\"urlTemplate\":\"https:\\\/\\\/mekulo.com\\\/dk\\\/?s={search_term_string}\"},\"query-input\":{\"@type\":\"PropertyValueSpecification\",\"valueRequired\":true,\"valueName\":\"search_term_string\"}}],\"inLanguage\":\"da-DK\"},{\"@type\":\"Organization\",\"@id\":\"https:\\\/\\\/mekulo.com\\\/dk\\\/#organization\",\"name\":\"Mekulo\",\"url\":\"https:\\\/\\\/mekulo.com\\\/dk\\\/\",\"logo\":{\"@type\":\"ImageObject\",\"inLanguage\":\"da-DK\",\"@id\":\"https:\\\/\\\/mekulo.com\\\/dk\\\/#\\\/schema\\\/logo\\\/image\\\/\",\"url\":\"https:\\\/\\\/mekulo.com\\\/dk\\\/wp-content\\\/uploads\\\/sites\\\/12\\\/2025\\\/12\\\/favicon_mekulo.png\",\"contentUrl\":\"https:\\\/\\\/mekulo.com\\\/dk\\\/wp-content\\\/uploads\\\/sites\\\/12\\\/2025\\\/12\\\/favicon_mekulo.png\",\"width\":50,\"height\":50,\"caption\":\"Mekulo\"},\"image\":{\"@id\":\"https:\\\/\\\/mekulo.com\\\/dk\\\/#\\\/schema\\\/logo\\\/image\\\/\"}}]}<\/script>\n<!-- \/ Yoast SEO plugin. -->","yoast_head_json":{"title":"360-graders vandhane-booster-bruser - Mekulo DK","robots":{"index":"index","follow":"follow","max-snippet":"max-snippet:-1","max-image-preview":"max-image-preview:large","max-video-preview":"max-video-preview:-1"},"canonical":"https:\/\/mekulo.com\/dk\/produkt\/360-graders-vandhane-booster-bruser\/","og_locale":"da_DK","og_type":"article","og_title":"360-graders vandhane-booster-bruser - Mekulo DK","og_description":"\ud83e\uddd1\u200d\ud83d\udd27This 360-graders vandhaneforst\u00e6rker forvandler enhver standard vandhane til et alsidigt reng\u00f8ringsv\u00e6rkt\u00f8j med justerbart vandtryk og vinkler. \ud83d\udca7Det hj\u00e6lper med at reducere st\u00e6nk, spare vand og g\u00f8re opvask, h\u00e5ndvask og h\u00e6nder meget lettere. \ud83d\udd04\ufe0fThe roterende hoved hj\u00e6lper dig ogs\u00e5 med at n\u00e5 hj\u00f8rner, der normalt er sv\u00e6re at reng\u00f8re.","og_url":"https:\/\/mekulo.com\/dk\/produkt\/360-graders-vandhane-booster-bruser\/","og_site_name":"Mekulo DK","article_modified_time":"2026-02-10T09:15:29+00:00","og_image":[{"width":1080,"height":1080,"url":"https:\/\/mekulo.com\/dk\/wp-content\/uploads\/sites\/12\/2026\/02\/od2nxcx-1.jpg","type":"image\/jpeg"}],"twitter_card":"summary_large_image","twitter_misc":{"Estimeret l\u00e6setid":"2 minutter"},"schema":{"@context":"https:\/\/schema.org","@graph":[{"@type":"WebPage","@id":"https:\/\/mekulo.com\/dk\/produkt\/360-graders-vandhane-booster-bruser\/","url":"https:\/\/mekulo.com\/dk\/produkt\/360-graders-vandhane-booster-bruser\/","name":"360-graders vandhane-booster-bruser - Mekulo DK","isPartOf":{"@id":"https:\/\/mekulo.com\/dk\/#website"},"primaryImageOfPage":{"@id":"https:\/\/mekulo.com\/dk\/produkt\/360-graders-vandhane-booster-bruser\/#primaryimage"},"image":{"@id":"https:\/\/mekulo.com\/dk\/produkt\/360-graders-vandhane-booster-bruser\/#primaryimage"},"thumbnailUrl":"https:\/\/mekulo.com\/dk\/wp-content\/uploads\/sites\/12\/2026\/02\/od2nxcx-1.jpg","datePublished":"2026-02-05T16:24:47+00:00","dateModified":"2026-02-10T09:15:29+00:00","breadcrumb":{"@id":"https:\/\/mekulo.com\/dk\/produkt\/360-graders-vandhane-booster-bruser\/#breadcrumb"},"inLanguage":"da-DK","potentialAction":[{"@type":"ReadAction","target":["https:\/\/mekulo.com\/dk\/produkt\/360-graders-vandhane-booster-bruser\/"]}]},{"@type":"ImageObject","inLanguage":"da-DK","@id":"https:\/\/mekulo.com\/dk\/produkt\/360-graders-vandhane-booster-bruser\/#primaryimage","url":"https:\/\/mekulo.com\/dk\/wp-content\/uploads\/sites\/12\/2026\/02\/od2nxcx-1.jpg","contentUrl":"https:\/\/mekulo.com\/dk\/wp-content\/uploads\/sites\/12\/2026\/02\/od2nxcx-1.jpg","width":1080,"height":1080},{"@type":"BreadcrumbList","@id":"https:\/\/mekulo.com\/dk\/produkt\/360-graders-vandhane-booster-bruser\/#breadcrumb","itemListElement":[{"@type":"ListItem","position":1,"name":"Home","item":"https:\/\/mekulo.com\/dk\/"},{"@type":"ListItem","position":2,"name":"Butik","item":"https:\/\/mekulo.com\/dk\/butik\/"},{"@type":"ListItem","position":3,"name":"360-graders vandhane-booster-bruser"}]},{"@type":"WebSite","@id":"https:\/\/mekulo.com\/dk\/#website","url":"https:\/\/mekulo.com\/dk\/","name":"Mekulo DK","description":"","publisher":{"@id":"https:\/\/mekulo.com\/dk\/#organization"},"potentialAction":[{"@type":"SearchAction","target":{"@type":"EntryPoint","urlTemplate":"https:\/\/mekulo.com\/dk\/?s={search_term_string}"},"query-input":{"@type":"PropertyValueSpecification","valueRequired":true,"valueName":"search_term_string"}}],"inLanguage":"da-DK"},{"@type":"Organization","@id":"https:\/\/mekulo.com\/dk\/#organization","name":"Mekulo","url":"https:\/\/mekulo.com\/dk\/","logo":{"@type":"ImageObject","inLanguage":"da-DK","@id":"https:\/\/mekulo.com\/dk\/#\/schema\/logo\/image\/","url":"https:\/\/mekulo.com\/dk\/wp-content\/uploads\/sites\/12\/2025\/12\/favicon_mekulo.png","contentUrl":"https:\/\/mekulo.com\/dk\/wp-content\/uploads\/sites\/12\/2025\/12\/favicon_mekulo.png","width":50,"height":50,"caption":"Mekulo"},"image":{"@id":"https:\/\/mekulo.com\/dk\/#\/schema\/logo\/image\/"}}]}},"_links":{"self":[{"href":"https:\/\/mekulo.com\/dk\/wp-json\/wp\/v2\/product\/22368","targetHints":{"allow":["GET"]}}],"collection":[{"href":"https:\/\/mekulo.com\/dk\/wp-json\/wp\/v2\/product"}],"about":[{"href":"https:\/\/mekulo.com\/dk\/wp-json\/wp\/v2\/types\/product"}],"replies":[{"embeddable":true,"href":"https:\/\/mekulo.com\/dk\/wp-json\/wp\/v2\/comments?post=22368"}],"wp:featuredmedia":[{"embeddable":true,"href":"https:\/\/mekulo.com\/dk\/wp-json\/wp\/v2\/media\/22364"}],"wp:attachment":[{"href":"https:\/\/mekulo.com\/dk\/wp-json\/wp\/v2\/media?parent=22368"}],"wp:term":[{"taxonomy":"product_brand","embeddable":true,"href":"https:\/\/mekulo.com\/dk\/wp-json\/wp\/v2\/product_brand?post=22368"},{"taxonomy":"product_cat","embeddable":true,"href":"https:\/\/mekulo.com\/dk\/wp-json\/wp\/v2\/product_cat?post=22368"},{"taxonomy":"product_tag","embeddable":true,"href":"https:\/\/mekulo.com\/dk\/wp-json\/wp\/v2\/product_tag?post=22368"}],"curies":[{"name":"wp","href":"https:\/\/api.w.org\/{rel}","templated":true}]}}