{"id":22336,"date":"2026-02-05T17:32:32","date_gmt":"2026-02-05T15:32:32","guid":{"rendered":"https:\/\/mekulo.com\/dk\/produkt\/hurtigkobling-af-slanger\/"},"modified":"2026-02-05T17:35:29","modified_gmt":"2026-02-05T15:35:29","slug":"hurtigkobling-af-slanger","status":"publish","type":"product","link":"https:\/\/mekulo.com\/dk\/produkt\/hurtigkobling-af-slanger\/","title":{"rendered":"Hurtigkobling af slanger"},"content":{"rendered":"<p style=\"text-align: center;\" data-start=\"0\" data-end=\"84\"><strong data-start=\"0\" data-end=\"84\">Tilslut og frakobl din haveslange p\u00e5 f\u00e5 sekunder med en st\u00e6rk, l\u00e6kagefri pasform. \ud83e\uddd1\u200d\ud83c\udf3e<\/strong><\/p>\n<p data-start=\"0\" data-end=\"84\"><img fetchpriority=\"high\" decoding=\"async\" class=\"size-full wp-image-23661 aligncenter\" src=\"https:\/\/mekulo.com\/template\/wp-content\/uploads\/sites\/6\/2026\/02\/260efc92e34f842b9cf2de4a92df480e967377ec-800.jpg\" alt=\"\" width=\"1072\" height=\"855\" \/><\/p>\n<h2 style=\"text-align: center;\" data-start=\"350\" data-end=\"367\"><strong>Vigtigste fordele \ud83d\udd29<\/strong><\/h2>\n<p data-start=\"370\" data-end=\"437\">\ud83d\udd29 Rustfri st\u00e5lkonstruktion &#8211; Rustfri og korrosionsbestandig.<\/p>\n<p data-start=\"440\" data-end=\"502\">\ud83d\udca7 L\u00e6kagefri t\u00e6tning &#8211; Pr\u00e6cisions-O-ring forhindrer vandtab.<\/p>\n<p data-start=\"505\" data-end=\"569\">\u26a1 Hurtig tilslutningsdesign &#8211; Tryk for at tilslutte, tr\u00e6k for at frig\u00f8re.<\/p>\n<p data-start=\"572\" data-end=\"639\">\ud83d\udd0c Universal 1,9 cm GHT-pasform &#8211; Fungerer med de fleste slanger og vandhaner.<\/p>\n<p data-start=\"642\" data-end=\"711\">\ud83d\udcaa H\u00f8jtryksklassificeret &#8211; Klarer op til 200 PSI arbejdstryk.<\/p>\n<p data-start=\"642\" data-end=\"711\"><img decoding=\"async\" class=\"size-full wp-image-23656 aligncenter\" src=\"https:\/\/mekulo.com\/template\/wp-content\/uploads\/sites\/6\/2026\/02\/2-5.jpeg\" alt=\"\" width=\"1600\" height=\"1600\" \/><\/p>\n<h2 style=\"text-align: center;\" data-start=\"713\" data-end=\"727\"><strong>S\u00e5dan Bruges \ud83d\udccc<\/strong><\/h2>\n<ol data-start=\"728\" data-end=\"921\">\n<li data-start=\"728\" data-end=\"769\">\n<p data-start=\"731\" data-end=\"769\">S\u00e6t den ene fitting p\u00e5 din slangeende.<\/p>\n<\/li>\n<li data-start=\"770\" data-end=\"827\">\n<p data-start=\"773\" data-end=\"827\">S\u00e6t den matchende fitting p\u00e5 vandhanen eller dysen.<\/p>\n<\/li>\n<li data-start=\"828\" data-end=\"879\">\n<p data-start=\"831\" data-end=\"879\">Skub stikkene sammen, indtil de klikker.<\/p>\n<\/li>\n<li data-start=\"880\" data-end=\"921\">\n<p data-start=\"883\" data-end=\"921\">Tr\u00e6k tilbage for at afbryde, n\u00e5r det er n\u00f8dvendigt.<\/p>\n<\/li>\n<\/ol>\n<h2 style=\"text-align: center;\" data-start=\"923\" data-end=\"942\"><strong>Produktdetaljer \ud83d\udccf<\/strong><\/h2>\n<ul data-start=\"943\" data-end=\"1184\">\n<li data-start=\"943\" data-end=\"972\">\n<p data-start=\"945\" data-end=\"972\">Materiale: Rustfrit st\u00e5l<\/p>\n<\/li>\n<li data-start=\"973\" data-end=\"1006\">\n<p data-start=\"975\" data-end=\"1006\">Forbindelsestype: 1,9 cm GHT<\/p>\n<\/li>\n<li data-start=\"1007\" data-end=\"1042\">\n<p data-start=\"1009\" data-end=\"1042\">Arbejdstryk: Op til 200 PSI<\/p>\n<\/li>\n<li data-start=\"1043\" data-end=\"1076\">\n<p data-start=\"1045\" data-end=\"1076\">Bursttryk: Op til 600 PSI<\/p>\n<\/li>\n<li data-start=\"1077\" data-end=\"1164\">\n<p data-start=\"1079\" data-end=\"1094\">Skala: <span style=\"font-size: 16px;\">3,8 x 2,5 cm, <\/span><span style=\"font-size: 16px;\">3,2 x 3 cm\u00a0<\/span><\/p>\n<\/li>\n<\/ul>\n<h2 style=\"text-align: center;\" data-start=\"1186\" data-end=\"1206\"><strong>Pakken Indeholder \ud83d\udce6<\/strong><\/h2>\n<ul data-start=\"1207\" data-end=\"1263\" data-is-last-node=\"\" data-is-only-node=\"\">\n<li data-start=\"1207\" data-end=\"1263\" data-is-last-node=\"\">\n<p data-start=\"1209\" data-end=\"1263\" data-is-last-node=\"\">1, 2, 3x par\/s af quick connect slangefittings.<\/p>\n<\/li>\n<\/ul>\n","protected":false},"excerpt":{"rendered":"<p>\ud83d\udd29Disse hurtigkoblingsfittings i rustfrit st\u00e5l g\u00f8r vanding hurtigere og nemmere ved at lade dig klikke slanger, dyser og spr\u00f8jter p\u00e5 og af med det samme.<br \/>\n\ud83c\udfe1De er bygget til at h\u00e5ndtere h\u00f8jt tryk uden l\u00e6kager, hvilket sparer tid, vand og kr\u00e6fter under enhver udend\u00f8rs opgave.<br \/>\n\ud83d\udc69\u200d\ud83c\udf3ePerfect til b\u00e5de hjemmehaver og professionelle ops\u00e6tninger, de hj\u00e6lper med at holde din arbejdsgang glat og frustrationsfri.<\/p>\n","protected":false},"featured_media":22332,"comment_status":"open","ping_status":"closed","template":"","meta":{"site-sidebar-layout":"default","site-content-layout":"","ast-site-content-layout":"default","site-content-style":"default","site-sidebar-style":"default","ast-global-header-display":"","ast-banner-title-visibility":"","ast-main-header-display":"","ast-hfb-above-header-display":"","ast-hfb-below-header-display":"","ast-hfb-mobile-header-display":"","site-post-title":"","ast-breadcrumbs-content":"","ast-featured-img":"","footer-sml-layout":"","ast-disable-related-posts":"","theme-transparent-header-meta":"default","adv-header-id-meta":"","stick-header-meta":"","header-above-stick-meta":"","header-main-stick-meta":"","header-below-stick-meta":"","astra-migrate-meta-layouts":"set","ast-page-background-enabled":"default","ast-page-background-meta":{"desktop":{"background-color":"var(--ast-global-color-5)","background-image":"","background-repeat":"repeat","background-position":"center center","background-size":"auto","background-attachment":"scroll","background-type":"","background-media":"","overlay-type":"","overlay-color":"","overlay-opacity":"","overlay-gradient":""},"tablet":{"background-color":"","background-image":"","background-repeat":"repeat","background-position":"center center","background-size":"auto","background-attachment":"scroll","background-type":"","background-media":"","overlay-type":"","overlay-color":"","overlay-opacity":"","overlay-gradient":""},"mobile":{"background-color":"","background-image":"","background-repeat":"repeat","background-position":"center center","background-size":"auto","background-attachment":"scroll","background-type":"","background-media":"","overlay-type":"","overlay-color":"","overlay-opacity":"","overlay-gradient":""}},"ast-content-background-meta":{"desktop":{"background-color":"var(--ast-global-color-4)","background-image":"","background-repeat":"repeat","background-position":"center center","background-size":"auto","background-attachment":"scroll","background-type":"","background-media":"","overlay-type":"","overlay-color":"","overlay-opacity":"","overlay-gradient":""},"tablet":{"background-color":"var(--ast-global-color-4)","background-image":"","background-repeat":"repeat","background-position":"center center","background-size":"auto","background-attachment":"scroll","background-type":"","background-media":"","overlay-type":"","overlay-color":"","overlay-opacity":"","overlay-gradient":""},"mobile":{"background-color":"var(--ast-global-color-4)","background-image":"","background-repeat":"repeat","background-position":"center center","background-size":"auto","background-attachment":"scroll","background-type":"","background-media":"","overlay-type":"","overlay-color":"","overlay-opacity":"","overlay-gradient":""}}},"product_brand":[],"product_cat":[168,171],"product_tag":[],"class_list":{"0":"post-22336","1":"product","2":"type-product","3":"status-publish","4":"has-post-thumbnail","6":"product_cat-husholdningsartikler","7":"product_cat-vaerktoejer","8":"pa_55050_2zdtiwo2-1-par","9":"pa_55050_2zdtiwo2-2-par","10":"pa_55050_2zdtiwo2-3-par","11":"desktop-align-left","12":"tablet-align-left","13":"mobile-align-left","15":"first","16":"instock","17":"shipping-taxable","18":"purchasable","19":"product-type-variable"},"yoast_head":"<!-- This site is optimized with the Yoast SEO plugin v27.4 - https:\/\/yoast.com\/product\/yoast-seo-wordpress\/ -->\n<title>Hurtigkobling af slanger - Mekulo DK<\/title>\n<meta name=\"robots\" content=\"index, follow, max-snippet:-1, max-image-preview:large, max-video-preview:-1\" \/>\n<link rel=\"canonical\" href=\"https:\/\/mekulo.com\/dk\/produkt\/hurtigkobling-af-slanger\/\" \/>\n<meta property=\"og:locale\" content=\"da_DK\" \/>\n<meta property=\"og:type\" content=\"article\" \/>\n<meta property=\"og:title\" content=\"Hurtigkobling af slanger - Mekulo DK\" \/>\n<meta property=\"og:description\" content=\"\ud83d\udd29Disse hurtigkoblingsfittings i rustfrit st\u00e5l g\u00f8r vanding hurtigere og nemmere ved at lade dig klikke slanger, dyser og spr\u00f8jter p\u00e5 og af med det samme. \ud83c\udfe1De er bygget til at h\u00e5ndtere h\u00f8jt tryk uden l\u00e6kager, hvilket sparer tid, vand og kr\u00e6fter under enhver udend\u00f8rs opgave. \ud83d\udc69\u200d\ud83c\udf3ePerfect til b\u00e5de hjemmehaver og professionelle ops\u00e6tninger, de hj\u00e6lper med at holde din arbejdsgang glat og frustrationsfri.\" \/>\n<meta property=\"og:url\" content=\"https:\/\/mekulo.com\/dk\/produkt\/hurtigkobling-af-slanger\/\" \/>\n<meta property=\"og:site_name\" content=\"Mekulo DK\" \/>\n<meta property=\"article:modified_time\" content=\"2026-02-05T15:35:29+00:00\" \/>\n<meta property=\"og:image\" content=\"https:\/\/mekulo.com\/dk\/wp-content\/uploads\/sites\/12\/2026\/02\/s7bn142-1.jpeg\" \/>\n\t<meta property=\"og:image:width\" content=\"1600\" \/>\n\t<meta property=\"og:image:height\" content=\"1600\" \/>\n\t<meta property=\"og:image:type\" content=\"image\/jpeg\" \/>\n<meta name=\"twitter:card\" content=\"summary_large_image\" \/>\n<meta name=\"twitter:label1\" content=\"Estimeret l\u00e6setid\" \/>\n\t<meta name=\"twitter:data1\" content=\"2 minutter\" \/>\n<script type=\"application\/ld+json\" class=\"yoast-schema-graph\">{\"@context\":\"https:\\\/\\\/schema.org\",\"@graph\":[{\"@type\":\"WebPage\",\"@id\":\"https:\\\/\\\/mekulo.com\\\/dk\\\/produkt\\\/hurtigkobling-af-slanger\\\/\",\"url\":\"https:\\\/\\\/mekulo.com\\\/dk\\\/produkt\\\/hurtigkobling-af-slanger\\\/\",\"name\":\"Hurtigkobling af slanger - Mekulo DK\",\"isPartOf\":{\"@id\":\"https:\\\/\\\/mekulo.com\\\/dk\\\/#website\"},\"primaryImageOfPage\":{\"@id\":\"https:\\\/\\\/mekulo.com\\\/dk\\\/produkt\\\/hurtigkobling-af-slanger\\\/#primaryimage\"},\"image\":{\"@id\":\"https:\\\/\\\/mekulo.com\\\/dk\\\/produkt\\\/hurtigkobling-af-slanger\\\/#primaryimage\"},\"thumbnailUrl\":\"https:\\\/\\\/mekulo.com\\\/dk\\\/wp-content\\\/uploads\\\/sites\\\/12\\\/2026\\\/02\\\/s7bn142-1.jpeg\",\"datePublished\":\"2026-02-05T15:32:32+00:00\",\"dateModified\":\"2026-02-05T15:35:29+00:00\",\"breadcrumb\":{\"@id\":\"https:\\\/\\\/mekulo.com\\\/dk\\\/produkt\\\/hurtigkobling-af-slanger\\\/#breadcrumb\"},\"inLanguage\":\"da-DK\",\"potentialAction\":[{\"@type\":\"ReadAction\",\"target\":[\"https:\\\/\\\/mekulo.com\\\/dk\\\/produkt\\\/hurtigkobling-af-slanger\\\/\"]}]},{\"@type\":\"ImageObject\",\"inLanguage\":\"da-DK\",\"@id\":\"https:\\\/\\\/mekulo.com\\\/dk\\\/produkt\\\/hurtigkobling-af-slanger\\\/#primaryimage\",\"url\":\"https:\\\/\\\/mekulo.com\\\/dk\\\/wp-content\\\/uploads\\\/sites\\\/12\\\/2026\\\/02\\\/s7bn142-1.jpeg\",\"contentUrl\":\"https:\\\/\\\/mekulo.com\\\/dk\\\/wp-content\\\/uploads\\\/sites\\\/12\\\/2026\\\/02\\\/s7bn142-1.jpeg\",\"width\":1600,\"height\":1600},{\"@type\":\"BreadcrumbList\",\"@id\":\"https:\\\/\\\/mekulo.com\\\/dk\\\/produkt\\\/hurtigkobling-af-slanger\\\/#breadcrumb\",\"itemListElement\":[{\"@type\":\"ListItem\",\"position\":1,\"name\":\"Home\",\"item\":\"https:\\\/\\\/mekulo.com\\\/dk\\\/\"},{\"@type\":\"ListItem\",\"position\":2,\"name\":\"Butik\",\"item\":\"https:\\\/\\\/mekulo.com\\\/dk\\\/butik\\\/\"},{\"@type\":\"ListItem\",\"position\":3,\"name\":\"Hurtigkobling af slanger\"}]},{\"@type\":\"WebSite\",\"@id\":\"https:\\\/\\\/mekulo.com\\\/dk\\\/#website\",\"url\":\"https:\\\/\\\/mekulo.com\\\/dk\\\/\",\"name\":\"Mekulo DK\",\"description\":\"\",\"publisher\":{\"@id\":\"https:\\\/\\\/mekulo.com\\\/dk\\\/#organization\"},\"potentialAction\":[{\"@type\":\"SearchAction\",\"target\":{\"@type\":\"EntryPoint\",\"urlTemplate\":\"https:\\\/\\\/mekulo.com\\\/dk\\\/?s={search_term_string}\"},\"query-input\":{\"@type\":\"PropertyValueSpecification\",\"valueRequired\":true,\"valueName\":\"search_term_string\"}}],\"inLanguage\":\"da-DK\"},{\"@type\":\"Organization\",\"@id\":\"https:\\\/\\\/mekulo.com\\\/dk\\\/#organization\",\"name\":\"Mekulo\",\"url\":\"https:\\\/\\\/mekulo.com\\\/dk\\\/\",\"logo\":{\"@type\":\"ImageObject\",\"inLanguage\":\"da-DK\",\"@id\":\"https:\\\/\\\/mekulo.com\\\/dk\\\/#\\\/schema\\\/logo\\\/image\\\/\",\"url\":\"https:\\\/\\\/mekulo.com\\\/dk\\\/wp-content\\\/uploads\\\/sites\\\/12\\\/2025\\\/12\\\/favicon_mekulo.png\",\"contentUrl\":\"https:\\\/\\\/mekulo.com\\\/dk\\\/wp-content\\\/uploads\\\/sites\\\/12\\\/2025\\\/12\\\/favicon_mekulo.png\",\"width\":50,\"height\":50,\"caption\":\"Mekulo\"},\"image\":{\"@id\":\"https:\\\/\\\/mekulo.com\\\/dk\\\/#\\\/schema\\\/logo\\\/image\\\/\"}}]}<\/script>\n<!-- \/ Yoast SEO plugin. -->","yoast_head_json":{"title":"Hurtigkobling af slanger - Mekulo DK","robots":{"index":"index","follow":"follow","max-snippet":"max-snippet:-1","max-image-preview":"max-image-preview:large","max-video-preview":"max-video-preview:-1"},"canonical":"https:\/\/mekulo.com\/dk\/produkt\/hurtigkobling-af-slanger\/","og_locale":"da_DK","og_type":"article","og_title":"Hurtigkobling af slanger - Mekulo DK","og_description":"\ud83d\udd29Disse hurtigkoblingsfittings i rustfrit st\u00e5l g\u00f8r vanding hurtigere og nemmere ved at lade dig klikke slanger, dyser og spr\u00f8jter p\u00e5 og af med det samme. \ud83c\udfe1De er bygget til at h\u00e5ndtere h\u00f8jt tryk uden l\u00e6kager, hvilket sparer tid, vand og kr\u00e6fter under enhver udend\u00f8rs opgave. \ud83d\udc69\u200d\ud83c\udf3ePerfect til b\u00e5de hjemmehaver og professionelle ops\u00e6tninger, de hj\u00e6lper med at holde din arbejdsgang glat og frustrationsfri.","og_url":"https:\/\/mekulo.com\/dk\/produkt\/hurtigkobling-af-slanger\/","og_site_name":"Mekulo DK","article_modified_time":"2026-02-05T15:35:29+00:00","og_image":[{"width":1600,"height":1600,"url":"https:\/\/mekulo.com\/dk\/wp-content\/uploads\/sites\/12\/2026\/02\/s7bn142-1.jpeg","type":"image\/jpeg"}],"twitter_card":"summary_large_image","twitter_misc":{"Estimeret l\u00e6setid":"2 minutter"},"schema":{"@context":"https:\/\/schema.org","@graph":[{"@type":"WebPage","@id":"https:\/\/mekulo.com\/dk\/produkt\/hurtigkobling-af-slanger\/","url":"https:\/\/mekulo.com\/dk\/produkt\/hurtigkobling-af-slanger\/","name":"Hurtigkobling af slanger - Mekulo DK","isPartOf":{"@id":"https:\/\/mekulo.com\/dk\/#website"},"primaryImageOfPage":{"@id":"https:\/\/mekulo.com\/dk\/produkt\/hurtigkobling-af-slanger\/#primaryimage"},"image":{"@id":"https:\/\/mekulo.com\/dk\/produkt\/hurtigkobling-af-slanger\/#primaryimage"},"thumbnailUrl":"https:\/\/mekulo.com\/dk\/wp-content\/uploads\/sites\/12\/2026\/02\/s7bn142-1.jpeg","datePublished":"2026-02-05T15:32:32+00:00","dateModified":"2026-02-05T15:35:29+00:00","breadcrumb":{"@id":"https:\/\/mekulo.com\/dk\/produkt\/hurtigkobling-af-slanger\/#breadcrumb"},"inLanguage":"da-DK","potentialAction":[{"@type":"ReadAction","target":["https:\/\/mekulo.com\/dk\/produkt\/hurtigkobling-af-slanger\/"]}]},{"@type":"ImageObject","inLanguage":"da-DK","@id":"https:\/\/mekulo.com\/dk\/produkt\/hurtigkobling-af-slanger\/#primaryimage","url":"https:\/\/mekulo.com\/dk\/wp-content\/uploads\/sites\/12\/2026\/02\/s7bn142-1.jpeg","contentUrl":"https:\/\/mekulo.com\/dk\/wp-content\/uploads\/sites\/12\/2026\/02\/s7bn142-1.jpeg","width":1600,"height":1600},{"@type":"BreadcrumbList","@id":"https:\/\/mekulo.com\/dk\/produkt\/hurtigkobling-af-slanger\/#breadcrumb","itemListElement":[{"@type":"ListItem","position":1,"name":"Home","item":"https:\/\/mekulo.com\/dk\/"},{"@type":"ListItem","position":2,"name":"Butik","item":"https:\/\/mekulo.com\/dk\/butik\/"},{"@type":"ListItem","position":3,"name":"Hurtigkobling af slanger"}]},{"@type":"WebSite","@id":"https:\/\/mekulo.com\/dk\/#website","url":"https:\/\/mekulo.com\/dk\/","name":"Mekulo DK","description":"","publisher":{"@id":"https:\/\/mekulo.com\/dk\/#organization"},"potentialAction":[{"@type":"SearchAction","target":{"@type":"EntryPoint","urlTemplate":"https:\/\/mekulo.com\/dk\/?s={search_term_string}"},"query-input":{"@type":"PropertyValueSpecification","valueRequired":true,"valueName":"search_term_string"}}],"inLanguage":"da-DK"},{"@type":"Organization","@id":"https:\/\/mekulo.com\/dk\/#organization","name":"Mekulo","url":"https:\/\/mekulo.com\/dk\/","logo":{"@type":"ImageObject","inLanguage":"da-DK","@id":"https:\/\/mekulo.com\/dk\/#\/schema\/logo\/image\/","url":"https:\/\/mekulo.com\/dk\/wp-content\/uploads\/sites\/12\/2025\/12\/favicon_mekulo.png","contentUrl":"https:\/\/mekulo.com\/dk\/wp-content\/uploads\/sites\/12\/2025\/12\/favicon_mekulo.png","width":50,"height":50,"caption":"Mekulo"},"image":{"@id":"https:\/\/mekulo.com\/dk\/#\/schema\/logo\/image\/"}}]}},"_links":{"self":[{"href":"https:\/\/mekulo.com\/dk\/wp-json\/wp\/v2\/product\/22336","targetHints":{"allow":["GET"]}}],"collection":[{"href":"https:\/\/mekulo.com\/dk\/wp-json\/wp\/v2\/product"}],"about":[{"href":"https:\/\/mekulo.com\/dk\/wp-json\/wp\/v2\/types\/product"}],"replies":[{"embeddable":true,"href":"https:\/\/mekulo.com\/dk\/wp-json\/wp\/v2\/comments?post=22336"}],"wp:featuredmedia":[{"embeddable":true,"href":"https:\/\/mekulo.com\/dk\/wp-json\/wp\/v2\/media\/22332"}],"wp:attachment":[{"href":"https:\/\/mekulo.com\/dk\/wp-json\/wp\/v2\/media?parent=22336"}],"wp:term":[{"taxonomy":"product_brand","embeddable":true,"href":"https:\/\/mekulo.com\/dk\/wp-json\/wp\/v2\/product_brand?post=22336"},{"taxonomy":"product_cat","embeddable":true,"href":"https:\/\/mekulo.com\/dk\/wp-json\/wp\/v2\/product_cat?post=22336"},{"taxonomy":"product_tag","embeddable":true,"href":"https:\/\/mekulo.com\/dk\/wp-json\/wp\/v2\/product_tag?post=22336"}],"curies":[{"name":"wp","href":"https:\/\/api.w.org\/{rel}","templated":true}]}}