{"id":22307,"date":"2026-02-05T17:29:13","date_gmt":"2026-02-05T15:29:13","guid":{"rendered":"https:\/\/mekulo.com\/dk\/produkt\/natural-essence-soelvfarvet-haarfarve\/"},"modified":"2026-03-02T12:33:38","modified_gmt":"2026-03-02T10:33:38","slug":"natural-essence-soelvfarvet-haarfarve","status":"publish","type":"product","link":"https:\/\/mekulo.com\/dk\/produkt\/natural-essence-soelvfarvet-haarfarve\/","title":{"rendered":"Natural essence s\u00f8lvfarvet h\u00e5rfarve"},"content":{"rendered":"<p style=\"text-align: center;\" data-start=\"0\" data-end=\"91\"><strong data-start=\"0\" data-end=\"91\">Opn\u00e5 et naturligt gr\u00e5t h\u00e5rlook, der d\u00e6kker hvidt h\u00e5r og ser ungdommeligt og elegant ud. \ud83d\udc75<\/strong><\/p>\n<p data-start=\"0\" data-end=\"91\"><img decoding=\"async\" class=\"size-full wp-image-23637 aligncenter\" src=\"https:\/\/mekulo.com\/template\/wp-content\/uploads\/sites\/6\/2026\/02\/b801fbcd91077224891daff9441930f6cc525802-900.avif\" alt=\"\" \/><\/p>\n<h2 style=\"text-align: center;\" data-start=\"377\" data-end=\"394\"><strong>Vigtigste fordele \ud83e\ude76<\/strong><\/h2>\n<p data-start=\"397\" data-end=\"466\">\ud83c\udf2b\ufe0f Naturlig gr\u00e5 tone &#8211; Bl\u00f8d, j\u00e6vn farve uden skarp kontrast.<\/p>\n<p data-start=\"469\" data-end=\"539\">\ud83c\udfa8 Langvarig farve &#8211; Modst\u00e5r falmning fra vask og sollys.<\/p>\n<p data-start=\"542\" data-end=\"614\">\ud83d\udca7 Sk\u00e5nsom h\u00e5rpleje &#8211; Fugter og reducerer krus og spaltede spidser.<\/p>\n<p data-start=\"617\" data-end=\"678\">\u2728 Glat og skinnende finish &#8211; H\u00e5ret f\u00f8les bl\u00f8dt og sundt.<\/p>\n<p data-start=\"681\" data-end=\"750\">\ud83c\udfe0 Nem hjemmebrug &#8211; Enkel p\u00e5f\u00f8ring med professionelle resultater.<\/p>\n<p data-start=\"681\" data-end=\"750\"><img decoding=\"async\" class=\"size-full wp-image-23633 aligncenter\" src=\"https:\/\/mekulo.com\/template\/wp-content\/uploads\/sites\/6\/2026\/02\/45d1113bc0f8031b8177597b5d815eb6d5e5c885-800.avif\" alt=\"\" \/><\/p>\n<h2 style=\"text-align: center;\" data-start=\"752\" data-end=\"766\"><strong>S\u00e5dan Bruges \ud83d\udccc<\/strong><\/h2>\n<ol data-start=\"767\" data-end=\"1036\">\n<li data-start=\"767\" data-end=\"815\">\n<p data-start=\"770\" data-end=\"815\">Udf\u00f8r en hudf\u00f8lsomhedstest f\u00f8r brug.<\/p>\n<\/li>\n<li data-start=\"816\" data-end=\"843\">\n<p data-start=\"819\" data-end=\"843\">S\u00f8rg for, at h\u00e5ret er t\u00f8rt.<\/p>\n<\/li>\n<li data-start=\"844\" data-end=\"912\">\n<p data-start=\"847\" data-end=\"912\">Brug handsker, og p\u00e5f\u00f8r beskyttende creme p\u00e5 hudomr\u00e5der n\u00e6r h\u00e5ret.<\/p>\n<\/li>\n<li data-start=\"913\" data-end=\"955\">\n<p data-start=\"916\" data-end=\"955\">P\u00e5f\u00f8r farven j\u00e6vnt p\u00e5 alle h\u00e5rstr\u00e5.<\/p>\n<\/li>\n<li data-start=\"956\" data-end=\"985\">\n<p data-start=\"959\" data-end=\"985\">Lad den virke i 30 minutter.<\/p>\n<\/li>\n<li data-start=\"986\" data-end=\"1036\">\n<p data-start=\"989\" data-end=\"1036\">Skyl grundigt med varmt vand, indtil den er klar.<\/p>\n<\/li>\n<\/ol>\n<h2 style=\"text-align: center;\" data-start=\"1038\" data-end=\"1057\"><strong>Produktdetaljer \ud83d\udccf<\/strong><\/h2>\n<ul data-start=\"1058\" data-end=\"1324\">\n<li data-start=\"1102\" data-end=\"1122\">\n<p data-start=\"1104\" data-end=\"1122\">Nettov\u00e6gt: 100 g, 200 g, 300 g<\/p>\n<\/li>\n<li data-start=\"1123\" data-end=\"1146\">\n<p data-start=\"1125\" data-end=\"1146\">Holdbarhed: 3 \u00e5r<\/p>\n<\/li>\n<li data-start=\"1147\" data-end=\"1200\">\n<p data-start=\"1149\" data-end=\"1200\">Formula: Irritationsfattig, n\u00e6rende og reparerende<\/p>\n<\/li>\n<li data-start=\"1201\" data-end=\"1254\">\n<p data-start=\"1203\" data-end=\"1254\">Opbevaring: Opbevares p\u00e5 et k\u00f8ligt sted, v\u00e6k fra sollys<\/p>\n<\/li>\n<li data-start=\"1201\" data-end=\"1254\">\n<p data-start=\"1203\" data-end=\"1254\">Velegnet til: D\u00e6kning af hvidt h\u00e5r og opn\u00e5else af s\u00f8lv\/gr\u00e5toner<\/p>\n<\/li>\n<li data-start=\"1201\" data-end=\"1254\">Ingredienser: Aqua, aloe barbadensis bladekstrakt, symphytum officinale bladekstrakt, citrus reticulata (mandarin) frugtekstrakt, hydrolyseret hvedeprotein<\/li>\n<li data-start=\"1255\" data-end=\"1324\">St\u00f8rrelse: 16,3 x 5,5 cm<\/li>\n<\/ul>\n<h2 style=\"text-align: center;\" data-start=\"1326\" data-end=\"1346\"><strong>Pakken Indeholder \ud83d\udce6<\/strong><\/h2>\n<ul data-start=\"1347\" data-end=\"1391\" data-is-last-node=\"\" data-is-only-node=\"\">\n<li data-start=\"1347\" data-end=\"1391\" data-is-last-node=\"\">\n<p data-start=\"1349\" data-end=\"1391\" data-is-last-node=\"\">1, 2, 3x natural essence silver h\u00e5rfarve.<\/p>\n<\/li>\n<\/ul>\n","protected":false},"excerpt":{"rendered":"<p>\ud83e\ude76Denne naturlige s\u00f8lvh\u00e5rfarve giver en bl\u00f8d, j\u00e6vn gr\u00e5 tone med langvarig farve og glans.<br \/>\n\ud83d\udc75Den er sk\u00e5nsom mod h\u00e5ret, mens den plejer og reparerer under farvningen og efterlader h\u00e5ret glat og silkeagtigt.<br \/>\n\ud83c\udfe0Du kan nemt skabe et gr\u00e5t look p\u00e5 salonniveau derhjemme uden komplicerede trin.<\/p>\n","protected":false},"featured_media":22303,"comment_status":"open","ping_status":"closed","template":"","meta":{"site-sidebar-layout":"default","site-content-layout":"","ast-site-content-layout":"default","site-content-style":"default","site-sidebar-style":"default","ast-global-header-display":"","ast-banner-title-visibility":"","ast-main-header-display":"","ast-hfb-above-header-display":"","ast-hfb-below-header-display":"","ast-hfb-mobile-header-display":"","site-post-title":"","ast-breadcrumbs-content":"","ast-featured-img":"","footer-sml-layout":"","theme-transparent-header-meta":"default","adv-header-id-meta":"","stick-header-meta":"","header-above-stick-meta":"","header-main-stick-meta":"","header-below-stick-meta":"","astra-migrate-meta-layouts":"set","ast-page-background-enabled":"default","ast-page-background-meta":{"desktop":{"background-color":"var(--ast-global-color-5)","background-image":"","background-repeat":"repeat","background-position":"center center","background-size":"auto","background-attachment":"scroll","background-type":"","background-media":"","overlay-type":"","overlay-color":"","overlay-opacity":"","overlay-gradient":""},"tablet":{"background-color":"","background-image":"","background-repeat":"repeat","background-position":"center center","background-size":"auto","background-attachment":"scroll","background-type":"","background-media":"","overlay-type":"","overlay-color":"","overlay-opacity":"","overlay-gradient":""},"mobile":{"background-color":"","background-image":"","background-repeat":"repeat","background-position":"center center","background-size":"auto","background-attachment":"scroll","background-type":"","background-media":"","overlay-type":"","overlay-color":"","overlay-opacity":"","overlay-gradient":""}},"ast-content-background-meta":{"desktop":{"background-color":"var(--ast-global-color-4)","background-image":"","background-repeat":"repeat","background-position":"center center","background-size":"auto","background-attachment":"scroll","background-type":"","background-media":"","overlay-type":"","overlay-color":"","overlay-opacity":"","overlay-gradient":""},"tablet":{"background-color":"var(--ast-global-color-4)","background-image":"","background-repeat":"repeat","background-position":"center center","background-size":"auto","background-attachment":"scroll","background-type":"","background-media":"","overlay-type":"","overlay-color":"","overlay-opacity":"","overlay-gradient":""},"mobile":{"background-color":"var(--ast-global-color-4)","background-image":"","background-repeat":"repeat","background-position":"center center","background-size":"auto","background-attachment":"scroll","background-type":"","background-media":"","overlay-type":"","overlay-color":"","overlay-opacity":"","overlay-gradient":""}}},"product_brand":[],"product_cat":[162],"product_tag":[],"class_list":{"0":"post-22307","1":"product","2":"type-product","3":"status-publish","4":"has-post-thumbnail","6":"product_cat-skoenheds-og-hygiejneprodukter","7":"pa_54866_brqhhtln-1-stk","8":"pa_54866_brqhhtln-2-stk","9":"pa_54866_brqhhtln-3-stk","10":"desktop-align-left","11":"tablet-align-left","12":"mobile-align-left","14":"first","15":"instock","16":"shipping-taxable","17":"purchasable","18":"product-type-variable"},"yoast_head":"<!-- This site is optimized with the Yoast SEO plugin v26.6 - https:\/\/yoast.com\/wordpress\/plugins\/seo\/ -->\n<title>Natural essence s\u00f8lvfarvet h\u00e5rfarve - Mekulo DK<\/title>\n<meta name=\"robots\" content=\"index, follow, max-snippet:-1, max-image-preview:large, max-video-preview:-1\" \/>\n<link rel=\"canonical\" href=\"https:\/\/mekulo.com\/dk\/produkt\/natural-essence-soelvfarvet-haarfarve\/\" \/>\n<meta property=\"og:locale\" content=\"da_DK\" \/>\n<meta property=\"og:type\" content=\"article\" \/>\n<meta property=\"og:title\" content=\"Natural essence s\u00f8lvfarvet h\u00e5rfarve - Mekulo DK\" \/>\n<meta property=\"og:description\" content=\"\ud83e\ude76Denne naturlige s\u00f8lvh\u00e5rfarve giver en bl\u00f8d, j\u00e6vn gr\u00e5 tone med langvarig farve og glans. \ud83d\udc75Den er sk\u00e5nsom mod h\u00e5ret, mens den plejer og reparerer under farvningen og efterlader h\u00e5ret glat og silkeagtigt. \ud83c\udfe0Du kan nemt skabe et gr\u00e5t look p\u00e5 salonniveau derhjemme uden komplicerede trin.\" \/>\n<meta property=\"og:url\" content=\"https:\/\/mekulo.com\/dk\/produkt\/natural-essence-soelvfarvet-haarfarve\/\" \/>\n<meta property=\"og:site_name\" content=\"Mekulo DK\" \/>\n<meta property=\"article:modified_time\" content=\"2026-03-02T10:33:38+00:00\" \/>\n<meta property=\"og:image\" content=\"https:\/\/mekulo.com\/dk\/wp-content\/uploads\/sites\/12\/2026\/02\/iggd7o4-1.jpg\" \/>\n\t<meta property=\"og:image:width\" content=\"800\" \/>\n\t<meta property=\"og:image:height\" content=\"800\" \/>\n\t<meta property=\"og:image:type\" content=\"image\/jpeg\" \/>\n<meta name=\"twitter:card\" content=\"summary_large_image\" \/>\n<meta name=\"twitter:label1\" content=\"Estimeret l\u00e6setid\" \/>\n\t<meta name=\"twitter:data1\" content=\"2 minutter\" \/>\n<script type=\"application\/ld+json\" class=\"yoast-schema-graph\">{\"@context\":\"https:\/\/schema.org\",\"@graph\":[{\"@type\":\"WebPage\",\"@id\":\"https:\/\/mekulo.com\/dk\/produkt\/natural-essence-soelvfarvet-haarfarve\/\",\"url\":\"https:\/\/mekulo.com\/dk\/produkt\/natural-essence-soelvfarvet-haarfarve\/\",\"name\":\"Natural essence s\u00f8lvfarvet h\u00e5rfarve - Mekulo DK\",\"isPartOf\":{\"@id\":\"https:\/\/mekulo.com\/dk\/#website\"},\"primaryImageOfPage\":{\"@id\":\"https:\/\/mekulo.com\/dk\/produkt\/natural-essence-soelvfarvet-haarfarve\/#primaryimage\"},\"image\":{\"@id\":\"https:\/\/mekulo.com\/dk\/produkt\/natural-essence-soelvfarvet-haarfarve\/#primaryimage\"},\"thumbnailUrl\":\"https:\/\/mekulo.com\/dk\/wp-content\/uploads\/sites\/12\/2026\/02\/iggd7o4-1.jpg\",\"datePublished\":\"2026-02-05T15:29:13+00:00\",\"dateModified\":\"2026-03-02T10:33:38+00:00\",\"breadcrumb\":{\"@id\":\"https:\/\/mekulo.com\/dk\/produkt\/natural-essence-soelvfarvet-haarfarve\/#breadcrumb\"},\"inLanguage\":\"da-DK\",\"potentialAction\":[{\"@type\":\"ReadAction\",\"target\":[\"https:\/\/mekulo.com\/dk\/produkt\/natural-essence-soelvfarvet-haarfarve\/\"]}]},{\"@type\":\"ImageObject\",\"inLanguage\":\"da-DK\",\"@id\":\"https:\/\/mekulo.com\/dk\/produkt\/natural-essence-soelvfarvet-haarfarve\/#primaryimage\",\"url\":\"https:\/\/mekulo.com\/dk\/wp-content\/uploads\/sites\/12\/2026\/02\/iggd7o4-1.jpg\",\"contentUrl\":\"https:\/\/mekulo.com\/dk\/wp-content\/uploads\/sites\/12\/2026\/02\/iggd7o4-1.jpg\",\"width\":800,\"height\":800},{\"@type\":\"BreadcrumbList\",\"@id\":\"https:\/\/mekulo.com\/dk\/produkt\/natural-essence-soelvfarvet-haarfarve\/#breadcrumb\",\"itemListElement\":[{\"@type\":\"ListItem\",\"position\":1,\"name\":\"Home\",\"item\":\"https:\/\/mekulo.com\/dk\/\"},{\"@type\":\"ListItem\",\"position\":2,\"name\":\"Butik\",\"item\":\"https:\/\/mekulo.com\/dk\/butik\/\"},{\"@type\":\"ListItem\",\"position\":3,\"name\":\"Natural essence s\u00f8lvfarvet h\u00e5rfarve\"}]},{\"@type\":\"WebSite\",\"@id\":\"https:\/\/mekulo.com\/dk\/#website\",\"url\":\"https:\/\/mekulo.com\/dk\/\",\"name\":\"Mekulo DK\",\"description\":\"\",\"publisher\":{\"@id\":\"https:\/\/mekulo.com\/dk\/#organization\"},\"potentialAction\":[{\"@type\":\"SearchAction\",\"target\":{\"@type\":\"EntryPoint\",\"urlTemplate\":\"https:\/\/mekulo.com\/dk\/?s={search_term_string}\"},\"query-input\":{\"@type\":\"PropertyValueSpecification\",\"valueRequired\":true,\"valueName\":\"search_term_string\"}}],\"inLanguage\":\"da-DK\"},{\"@type\":\"Organization\",\"@id\":\"https:\/\/mekulo.com\/dk\/#organization\",\"name\":\"Mekulo\",\"url\":\"https:\/\/mekulo.com\/dk\/\",\"logo\":{\"@type\":\"ImageObject\",\"inLanguage\":\"da-DK\",\"@id\":\"https:\/\/mekulo.com\/dk\/#\/schema\/logo\/image\/\",\"url\":\"https:\/\/mekulo.com\/dk\/wp-content\/uploads\/sites\/12\/2025\/12\/favicon_mekulo.png\",\"contentUrl\":\"https:\/\/mekulo.com\/dk\/wp-content\/uploads\/sites\/12\/2025\/12\/favicon_mekulo.png\",\"width\":50,\"height\":50,\"caption\":\"Mekulo\"},\"image\":{\"@id\":\"https:\/\/mekulo.com\/dk\/#\/schema\/logo\/image\/\"}}]}<\/script>\n<!-- \/ Yoast SEO plugin. -->","yoast_head_json":{"title":"Natural essence s\u00f8lvfarvet h\u00e5rfarve - Mekulo DK","robots":{"index":"index","follow":"follow","max-snippet":"max-snippet:-1","max-image-preview":"max-image-preview:large","max-video-preview":"max-video-preview:-1"},"canonical":"https:\/\/mekulo.com\/dk\/produkt\/natural-essence-soelvfarvet-haarfarve\/","og_locale":"da_DK","og_type":"article","og_title":"Natural essence s\u00f8lvfarvet h\u00e5rfarve - Mekulo DK","og_description":"\ud83e\ude76Denne naturlige s\u00f8lvh\u00e5rfarve giver en bl\u00f8d, j\u00e6vn gr\u00e5 tone med langvarig farve og glans. \ud83d\udc75Den er sk\u00e5nsom mod h\u00e5ret, mens den plejer og reparerer under farvningen og efterlader h\u00e5ret glat og silkeagtigt. \ud83c\udfe0Du kan nemt skabe et gr\u00e5t look p\u00e5 salonniveau derhjemme uden komplicerede trin.","og_url":"https:\/\/mekulo.com\/dk\/produkt\/natural-essence-soelvfarvet-haarfarve\/","og_site_name":"Mekulo DK","article_modified_time":"2026-03-02T10:33:38+00:00","og_image":[{"width":800,"height":800,"url":"https:\/\/mekulo.com\/dk\/wp-content\/uploads\/sites\/12\/2026\/02\/iggd7o4-1.jpg","type":"image\/jpeg"}],"twitter_card":"summary_large_image","twitter_misc":{"Estimeret l\u00e6setid":"2 minutter"},"schema":{"@context":"https:\/\/schema.org","@graph":[{"@type":"WebPage","@id":"https:\/\/mekulo.com\/dk\/produkt\/natural-essence-soelvfarvet-haarfarve\/","url":"https:\/\/mekulo.com\/dk\/produkt\/natural-essence-soelvfarvet-haarfarve\/","name":"Natural essence s\u00f8lvfarvet h\u00e5rfarve - Mekulo DK","isPartOf":{"@id":"https:\/\/mekulo.com\/dk\/#website"},"primaryImageOfPage":{"@id":"https:\/\/mekulo.com\/dk\/produkt\/natural-essence-soelvfarvet-haarfarve\/#primaryimage"},"image":{"@id":"https:\/\/mekulo.com\/dk\/produkt\/natural-essence-soelvfarvet-haarfarve\/#primaryimage"},"thumbnailUrl":"https:\/\/mekulo.com\/dk\/wp-content\/uploads\/sites\/12\/2026\/02\/iggd7o4-1.jpg","datePublished":"2026-02-05T15:29:13+00:00","dateModified":"2026-03-02T10:33:38+00:00","breadcrumb":{"@id":"https:\/\/mekulo.com\/dk\/produkt\/natural-essence-soelvfarvet-haarfarve\/#breadcrumb"},"inLanguage":"da-DK","potentialAction":[{"@type":"ReadAction","target":["https:\/\/mekulo.com\/dk\/produkt\/natural-essence-soelvfarvet-haarfarve\/"]}]},{"@type":"ImageObject","inLanguage":"da-DK","@id":"https:\/\/mekulo.com\/dk\/produkt\/natural-essence-soelvfarvet-haarfarve\/#primaryimage","url":"https:\/\/mekulo.com\/dk\/wp-content\/uploads\/sites\/12\/2026\/02\/iggd7o4-1.jpg","contentUrl":"https:\/\/mekulo.com\/dk\/wp-content\/uploads\/sites\/12\/2026\/02\/iggd7o4-1.jpg","width":800,"height":800},{"@type":"BreadcrumbList","@id":"https:\/\/mekulo.com\/dk\/produkt\/natural-essence-soelvfarvet-haarfarve\/#breadcrumb","itemListElement":[{"@type":"ListItem","position":1,"name":"Home","item":"https:\/\/mekulo.com\/dk\/"},{"@type":"ListItem","position":2,"name":"Butik","item":"https:\/\/mekulo.com\/dk\/butik\/"},{"@type":"ListItem","position":3,"name":"Natural essence s\u00f8lvfarvet h\u00e5rfarve"}]},{"@type":"WebSite","@id":"https:\/\/mekulo.com\/dk\/#website","url":"https:\/\/mekulo.com\/dk\/","name":"Mekulo DK","description":"","publisher":{"@id":"https:\/\/mekulo.com\/dk\/#organization"},"potentialAction":[{"@type":"SearchAction","target":{"@type":"EntryPoint","urlTemplate":"https:\/\/mekulo.com\/dk\/?s={search_term_string}"},"query-input":{"@type":"PropertyValueSpecification","valueRequired":true,"valueName":"search_term_string"}}],"inLanguage":"da-DK"},{"@type":"Organization","@id":"https:\/\/mekulo.com\/dk\/#organization","name":"Mekulo","url":"https:\/\/mekulo.com\/dk\/","logo":{"@type":"ImageObject","inLanguage":"da-DK","@id":"https:\/\/mekulo.com\/dk\/#\/schema\/logo\/image\/","url":"https:\/\/mekulo.com\/dk\/wp-content\/uploads\/sites\/12\/2025\/12\/favicon_mekulo.png","contentUrl":"https:\/\/mekulo.com\/dk\/wp-content\/uploads\/sites\/12\/2025\/12\/favicon_mekulo.png","width":50,"height":50,"caption":"Mekulo"},"image":{"@id":"https:\/\/mekulo.com\/dk\/#\/schema\/logo\/image\/"}}]}},"_links":{"self":[{"href":"https:\/\/mekulo.com\/dk\/wp-json\/wp\/v2\/product\/22307","targetHints":{"allow":["GET"]}}],"collection":[{"href":"https:\/\/mekulo.com\/dk\/wp-json\/wp\/v2\/product"}],"about":[{"href":"https:\/\/mekulo.com\/dk\/wp-json\/wp\/v2\/types\/product"}],"replies":[{"embeddable":true,"href":"https:\/\/mekulo.com\/dk\/wp-json\/wp\/v2\/comments?post=22307"}],"wp:featuredmedia":[{"embeddable":true,"href":"https:\/\/mekulo.com\/dk\/wp-json\/wp\/v2\/media\/22303"}],"wp:attachment":[{"href":"https:\/\/mekulo.com\/dk\/wp-json\/wp\/v2\/media?parent=22307"}],"wp:term":[{"taxonomy":"product_brand","embeddable":true,"href":"https:\/\/mekulo.com\/dk\/wp-json\/wp\/v2\/product_brand?post=22307"},{"taxonomy":"product_cat","embeddable":true,"href":"https:\/\/mekulo.com\/dk\/wp-json\/wp\/v2\/product_cat?post=22307"},{"taxonomy":"product_tag","embeddable":true,"href":"https:\/\/mekulo.com\/dk\/wp-json\/wp\/v2\/product_tag?post=22307"}],"curies":[{"name":"wp","href":"https:\/\/api.w.org\/{rel}","templated":true}]}}