{"id":22288,"date":"2026-02-05T17:27:28","date_gmt":"2026-02-05T15:27:28","guid":{"rendered":"https:\/\/mekulo.com\/dk\/produkt\/creme-til-restaurering-af-laeder-160-g\/"},"modified":"2026-02-05T17:27:38","modified_gmt":"2026-02-05T15:27:38","slug":"creme-til-restaurering-af-laeder-160-g","status":"publish","type":"product","link":"https:\/\/mekulo.com\/dk\/produkt\/creme-til-restaurering-af-laeder-160-g\/","title":{"rendered":"Creme til restaurering af l\u00e6der (160 g)"},"content":{"rendered":"<p style=\"text-align: center\" data-start=\"0\" data-end=\"79\"><strong data-start=\"0\" data-end=\"79\">Gendanner falmet og slidt l\u00e6der til et rent, skinnende, som nyt look p\u00e5 f\u00e5 minutter. \u2728<\/strong><\/p>\n<p data-start=\"0\" data-end=\"79\"><img fetchpriority=\"high\" decoding=\"async\" class=\"size-full wp-image-23624 aligncenter\" src=\"https:\/\/mekulo.com\/template\/wp-content\/uploads\/sites\/6\/2026\/02\/Sc2e15db354de4040ba9bfa3a47f3b21bH.png_960x960.png_.jpg\" alt=\"\" width=\"1069\" height=\"867\" \/><\/p>\n<h2 style=\"text-align: center\" data-start=\"361\" data-end=\"378\">Hovedfordele \ud83d\ude97<\/h2>\n<p data-start=\"381\" data-end=\"448\">\u2728 Gendanner farve og glans &#8211; Bringer kedeligt l\u00e6der tilbage til livet.<\/p>\n<p data-start=\"451\" data-end=\"513\">\ud83e\uddfc Renser og polerer &#8211; Fjerner snavs, fedt og m\u00e6rker.<\/p>\n<p data-start=\"516\" data-end=\"586\">\ud83d\udee1\ufe0f Beskyttende lag &#8211; Hj\u00e6lper med at afvise st\u00f8v, sved og fingeraftryk.<\/p>\n<p data-start=\"589\" data-end=\"648\">\ud83c\udf3f Sikker og milj\u00f8venlig &#8211; Oliefri, lugtfri formel.<\/p>\n<p data-start=\"651\" data-end=\"727\">\ud83d\ude97 Bred anvendelse &#8211; Fungerer p\u00e5 bils\u00e6der, sofaer, sko, tasker m.m.<\/p>\n<p data-start=\"651\" data-end=\"727\"><img decoding=\"async\" class=\"size-full wp-image-23630 aligncenter\" src=\"https:\/\/mekulo.com\/template\/wp-content\/uploads\/sites\/6\/2026\/02\/S33fd5d1316eb402181f096284b9b40b9O.jpg\" alt=\"\" width=\"1080\" height=\"1080\" \/><\/p>\n<h2 style=\"text-align: center\" data-start=\"729\" data-end=\"743\">S\u00e5dan Bruges \ud83d\udccc<\/h2>\n<ol data-start=\"744\" data-end=\"973\">\n<li data-start=\"744\" data-end=\"797\">\n<p data-start=\"747\" data-end=\"797\">Test p\u00e5 et skjult omr\u00e5de med et par dr\u00e5ber vand.<\/p>\n<\/li>\n<li data-start=\"798\" data-end=\"850\">\n<p data-start=\"801\" data-end=\"850\">P\u00e5f\u00f8r en lille m\u00e6ngde creme p\u00e5 en ren klud.<\/p>\n<\/li>\n<li data-start=\"851\" data-end=\"892\">\n<p data-start=\"854\" data-end=\"892\">Gnid forsigtigt p\u00e5 l\u00e6deroverfladen.<\/p>\n<\/li>\n<li data-start=\"893\" data-end=\"928\">\n<p data-start=\"896\" data-end=\"928\">T\u00f8r j\u00e6vnt af, og lad det absorbere.<\/p>\n<\/li>\n<li data-start=\"929\" data-end=\"973\">\n<p data-start=\"932\" data-end=\"973\">Puds let for ekstra glans, hvis det er n\u00f8dvendigt.<\/p>\n<\/li>\n<\/ol>\n<h2 style=\"text-align: center\" data-start=\"975\" data-end=\"994\">Produktoplysninger \ud83d\udccf<\/h2>\n<ul data-start=\"995\" data-end=\"1286\">\n<li data-start=\"1048\" data-end=\"1096\">\n<p data-start=\"1050\" data-end=\"1096\">Funktion: Reng\u00f8r, reparerer, polerer og beskytter<\/p>\n<\/li>\n<li data-start=\"1097\" data-end=\"1154\">\n<p data-start=\"1099\" data-end=\"1154\">Formula: Oliefri, sikker og milj\u00f8venlig<\/p>\n<\/li>\n<li data-start=\"1155\" data-end=\"1233\">\n<p data-start=\"1157\" data-end=\"1233\">Velegnet til: Bilinteri\u00f8r, sofaer, l\u00e6dersko, tasker, punge, t\u00f8j<\/p>\n<\/li>\n<li data-start=\"1234\" data-end=\"1286\">\n<p data-start=\"1236\" data-end=\"1286\">Effekt: Genopretter farve, forhindrer st\u00f8v og pletter<\/p>\n<\/li>\n<li data-start=\"1234\" data-end=\"1286\">\n<p data-start=\"1236\" data-end=\"1286\">St\u00f8rrelse: 8,5 x 4,5 cm<\/p>\n<\/li>\n<li data-start=\"1234\" data-end=\"1286\">Kapacitet: 160 g<\/li>\n<\/ul>\n<h2 style=\"text-align: center\" data-start=\"1288\" data-end=\"1308\">Pakken Indeholder \ud83d\udce6<\/h2>\n<ul data-start=\"1309\" data-end=\"1340\" data-is-last-node=\"\" data-is-only-node=\"\">\n<li data-start=\"1309\" data-end=\"1340\" data-is-last-node=\"\">\n<p data-start=\"1311\" data-end=\"1340\" data-is-last-node=\"\">1x l\u00e6derrestaureringscreme<\/p>\n<\/li>\n<li data-start=\"1309\" data-end=\"1340\" data-is-last-node=\"\">\n<p data-start=\"1311\" data-end=\"1340\" data-is-last-node=\"\">1x indvendig svamp.<\/p>\n<\/li>\n<\/ul>\n","protected":false},"excerpt":{"rendered":"<p>\ud83d\ude98Denne l\u00e6derrestaureringscreme renser, reparerer og genopliver l\u00e6deroverflader i dybden uden skader.<br \/>\n\ud83d\udfe4Den fjerner snavs, fedt og lette ridser, mens den genopretter farve og glans.<br \/>\n\ud83c\udfe0Ideal til bilinteri\u00f8r og l\u00e6dervarer i hjemmet, den sparer penge ved at forl\u00e6nge dit l\u00e6ders levetid.<\/p>\n","protected":false},"featured_media":22284,"comment_status":"open","ping_status":"closed","template":"","meta":{"site-sidebar-layout":"default","site-content-layout":"","ast-site-content-layout":"default","site-content-style":"default","site-sidebar-style":"default","ast-global-header-display":"","ast-banner-title-visibility":"","ast-main-header-display":"","ast-hfb-above-header-display":"","ast-hfb-below-header-display":"","ast-hfb-mobile-header-display":"","site-post-title":"","ast-breadcrumbs-content":"","ast-featured-img":"","footer-sml-layout":"","ast-disable-related-posts":"","theme-transparent-header-meta":"default","adv-header-id-meta":"","stick-header-meta":"","header-above-stick-meta":"","header-main-stick-meta":"","header-below-stick-meta":"","astra-migrate-meta-layouts":"set","ast-page-background-enabled":"default","ast-page-background-meta":{"desktop":{"background-color":"var(--ast-global-color-5)","background-image":"","background-repeat":"repeat","background-position":"center center","background-size":"auto","background-attachment":"scroll","background-type":"","background-media":"","overlay-type":"","overlay-color":"","overlay-opacity":"","overlay-gradient":""},"tablet":{"background-color":"","background-image":"","background-repeat":"repeat","background-position":"center center","background-size":"auto","background-attachment":"scroll","background-type":"","background-media":"","overlay-type":"","overlay-color":"","overlay-opacity":"","overlay-gradient":""},"mobile":{"background-color":"","background-image":"","background-repeat":"repeat","background-position":"center center","background-size":"auto","background-attachment":"scroll","background-type":"","background-media":"","overlay-type":"","overlay-color":"","overlay-opacity":"","overlay-gradient":""}},"ast-content-background-meta":{"desktop":{"background-color":"var(--ast-global-color-4)","background-image":"","background-repeat":"repeat","background-position":"center center","background-size":"auto","background-attachment":"scroll","background-type":"","background-media":"","overlay-type":"","overlay-color":"","overlay-opacity":"","overlay-gradient":""},"tablet":{"background-color":"var(--ast-global-color-4)","background-image":"","background-repeat":"repeat","background-position":"center center","background-size":"auto","background-attachment":"scroll","background-type":"","background-media":"","overlay-type":"","overlay-color":"","overlay-opacity":"","overlay-gradient":""},"mobile":{"background-color":"var(--ast-global-color-4)","background-image":"","background-repeat":"repeat","background-position":"center center","background-size":"auto","background-attachment":"scroll","background-type":"","background-media":"","overlay-type":"","overlay-color":"","overlay-opacity":"","overlay-gradient":""}}},"product_brand":[],"product_cat":[161,168],"product_tag":[],"class_list":{"0":"post-22288","1":"product","2":"type-product","3":"status-publish","4":"has-post-thumbnail","6":"product_cat-bilprodukter","7":"product_cat-husholdningsartikler","8":"pa_54803_thj0af8v-1-stk","9":"pa_54803_thj0af8v-2-stk","10":"pa_54803_thj0af8v-4-stk","11":"desktop-align-left","12":"tablet-align-left","13":"mobile-align-left","15":"first","16":"instock","17":"shipping-taxable","18":"purchasable","19":"product-type-variable"},"yoast_head":"<!-- This site is optimized with the Yoast SEO plugin v27.4 - https:\/\/yoast.com\/product\/yoast-seo-wordpress\/ -->\n<title>Creme til restaurering af l\u00e6der (160 g) - Mekulo DK<\/title>\n<meta name=\"robots\" content=\"index, follow, max-snippet:-1, max-image-preview:large, max-video-preview:-1\" \/>\n<link rel=\"canonical\" href=\"https:\/\/mekulo.com\/dk\/produkt\/creme-til-restaurering-af-laeder-160-g\/\" \/>\n<meta property=\"og:locale\" content=\"fi_FI\" \/>\n<meta property=\"og:type\" content=\"article\" \/>\n<meta property=\"og:title\" content=\"Creme til restaurering af l\u00e6der (160 g) - Mekulo DK\" \/>\n<meta property=\"og:description\" content=\"\ud83d\ude98Denne l\u00e6derrestaureringscreme renser, reparerer og genopliver l\u00e6deroverflader i dybden uden skader. \ud83d\udfe4Den fjerner snavs, fedt og lette ridser, mens den genopretter farve og glans. \ud83c\udfe0Ideal til bilinteri\u00f8r og l\u00e6dervarer i hjemmet, den sparer penge ved at forl\u00e6nge dit l\u00e6ders levetid.\" \/>\n<meta property=\"og:url\" content=\"https:\/\/mekulo.com\/dk\/produkt\/creme-til-restaurering-af-laeder-160-g\/\" \/>\n<meta property=\"og:site_name\" content=\"Mekulo DK\" \/>\n<meta property=\"article:modified_time\" content=\"2026-02-05T15:27:38+00:00\" \/>\n<meta property=\"og:image\" content=\"https:\/\/mekulo.com\/dk\/wp-content\/uploads\/sites\/12\/2026\/02\/f1z9t7a-1.jpg\" \/>\n\t<meta property=\"og:image:width\" content=\"1000\" \/>\n\t<meta property=\"og:image:height\" content=\"1000\" \/>\n\t<meta property=\"og:image:type\" content=\"image\/jpeg\" \/>\n<meta name=\"twitter:card\" content=\"summary_large_image\" \/>\n<meta name=\"twitter:label1\" content=\"Arvioitu lukuaika\" \/>\n\t<meta name=\"twitter:data1\" content=\"2 minuuttia\" \/>\n<script type=\"application\/ld+json\" class=\"yoast-schema-graph\">{\"@context\":\"https:\\\/\\\/schema.org\",\"@graph\":[{\"@type\":\"WebPage\",\"@id\":\"https:\\\/\\\/mekulo.com\\\/dk\\\/produkt\\\/creme-til-restaurering-af-laeder-160-g\\\/\",\"url\":\"https:\\\/\\\/mekulo.com\\\/dk\\\/produkt\\\/creme-til-restaurering-af-laeder-160-g\\\/\",\"name\":\"Creme til restaurering af l\u00e6der (160 g) - Mekulo DK\",\"isPartOf\":{\"@id\":\"https:\\\/\\\/mekulo.com\\\/dk\\\/#website\"},\"primaryImageOfPage\":{\"@id\":\"https:\\\/\\\/mekulo.com\\\/dk\\\/produkt\\\/creme-til-restaurering-af-laeder-160-g\\\/#primaryimage\"},\"image\":{\"@id\":\"https:\\\/\\\/mekulo.com\\\/dk\\\/produkt\\\/creme-til-restaurering-af-laeder-160-g\\\/#primaryimage\"},\"thumbnailUrl\":\"https:\\\/\\\/mekulo.com\\\/dk\\\/wp-content\\\/uploads\\\/sites\\\/12\\\/2026\\\/02\\\/f1z9t7a-1.jpg\",\"datePublished\":\"2026-02-05T15:27:28+00:00\",\"dateModified\":\"2026-02-05T15:27:38+00:00\",\"breadcrumb\":{\"@id\":\"https:\\\/\\\/mekulo.com\\\/dk\\\/produkt\\\/creme-til-restaurering-af-laeder-160-g\\\/#breadcrumb\"},\"inLanguage\":\"fi\",\"potentialAction\":[{\"@type\":\"ReadAction\",\"target\":[\"https:\\\/\\\/mekulo.com\\\/dk\\\/produkt\\\/creme-til-restaurering-af-laeder-160-g\\\/\"]}]},{\"@type\":\"ImageObject\",\"inLanguage\":\"fi\",\"@id\":\"https:\\\/\\\/mekulo.com\\\/dk\\\/produkt\\\/creme-til-restaurering-af-laeder-160-g\\\/#primaryimage\",\"url\":\"https:\\\/\\\/mekulo.com\\\/dk\\\/wp-content\\\/uploads\\\/sites\\\/12\\\/2026\\\/02\\\/f1z9t7a-1.jpg\",\"contentUrl\":\"https:\\\/\\\/mekulo.com\\\/dk\\\/wp-content\\\/uploads\\\/sites\\\/12\\\/2026\\\/02\\\/f1z9t7a-1.jpg\",\"width\":1000,\"height\":1000},{\"@type\":\"BreadcrumbList\",\"@id\":\"https:\\\/\\\/mekulo.com\\\/dk\\\/produkt\\\/creme-til-restaurering-af-laeder-160-g\\\/#breadcrumb\",\"itemListElement\":[{\"@type\":\"ListItem\",\"position\":1,\"name\":\"Home\",\"item\":\"https:\\\/\\\/mekulo.com\\\/dk\\\/\"},{\"@type\":\"ListItem\",\"position\":2,\"name\":\"Butik\",\"item\":\"https:\\\/\\\/mekulo.com\\\/dk\\\/butik\\\/\"},{\"@type\":\"ListItem\",\"position\":3,\"name\":\"Creme til restaurering af l\u00e6der (160 g)\"}]},{\"@type\":\"WebSite\",\"@id\":\"https:\\\/\\\/mekulo.com\\\/dk\\\/#website\",\"url\":\"https:\\\/\\\/mekulo.com\\\/dk\\\/\",\"name\":\"Mekulo DK\",\"description\":\"\",\"publisher\":{\"@id\":\"https:\\\/\\\/mekulo.com\\\/dk\\\/#organization\"},\"potentialAction\":[{\"@type\":\"SearchAction\",\"target\":{\"@type\":\"EntryPoint\",\"urlTemplate\":\"https:\\\/\\\/mekulo.com\\\/dk\\\/?s={search_term_string}\"},\"query-input\":{\"@type\":\"PropertyValueSpecification\",\"valueRequired\":true,\"valueName\":\"search_term_string\"}}],\"inLanguage\":\"fi\"},{\"@type\":\"Organization\",\"@id\":\"https:\\\/\\\/mekulo.com\\\/dk\\\/#organization\",\"name\":\"Mekulo\",\"url\":\"https:\\\/\\\/mekulo.com\\\/dk\\\/\",\"logo\":{\"@type\":\"ImageObject\",\"inLanguage\":\"fi\",\"@id\":\"https:\\\/\\\/mekulo.com\\\/dk\\\/#\\\/schema\\\/logo\\\/image\\\/\",\"url\":\"https:\\\/\\\/mekulo.com\\\/dk\\\/wp-content\\\/uploads\\\/sites\\\/12\\\/2025\\\/12\\\/favicon_mekulo.png\",\"contentUrl\":\"https:\\\/\\\/mekulo.com\\\/dk\\\/wp-content\\\/uploads\\\/sites\\\/12\\\/2025\\\/12\\\/favicon_mekulo.png\",\"width\":50,\"height\":50,\"caption\":\"Mekulo\"},\"image\":{\"@id\":\"https:\\\/\\\/mekulo.com\\\/dk\\\/#\\\/schema\\\/logo\\\/image\\\/\"}}]}<\/script>\n<!-- \/ Yoast SEO plugin. -->","yoast_head_json":{"title":"Creme til restaurering af l\u00e6der (160 g) - Mekulo DK","robots":{"index":"index","follow":"follow","max-snippet":"max-snippet:-1","max-image-preview":"max-image-preview:large","max-video-preview":"max-video-preview:-1"},"canonical":"https:\/\/mekulo.com\/dk\/produkt\/creme-til-restaurering-af-laeder-160-g\/","og_locale":"fi_FI","og_type":"article","og_title":"Creme til restaurering af l\u00e6der (160 g) - Mekulo DK","og_description":"\ud83d\ude98Denne l\u00e6derrestaureringscreme renser, reparerer og genopliver l\u00e6deroverflader i dybden uden skader. \ud83d\udfe4Den fjerner snavs, fedt og lette ridser, mens den genopretter farve og glans. \ud83c\udfe0Ideal til bilinteri\u00f8r og l\u00e6dervarer i hjemmet, den sparer penge ved at forl\u00e6nge dit l\u00e6ders levetid.","og_url":"https:\/\/mekulo.com\/dk\/produkt\/creme-til-restaurering-af-laeder-160-g\/","og_site_name":"Mekulo DK","article_modified_time":"2026-02-05T15:27:38+00:00","og_image":[{"width":1000,"height":1000,"url":"https:\/\/mekulo.com\/dk\/wp-content\/uploads\/sites\/12\/2026\/02\/f1z9t7a-1.jpg","type":"image\/jpeg"}],"twitter_card":"summary_large_image","twitter_misc":{"Arvioitu lukuaika":"2 minuuttia"},"schema":{"@context":"https:\/\/schema.org","@graph":[{"@type":"WebPage","@id":"https:\/\/mekulo.com\/dk\/produkt\/creme-til-restaurering-af-laeder-160-g\/","url":"https:\/\/mekulo.com\/dk\/produkt\/creme-til-restaurering-af-laeder-160-g\/","name":"Creme til restaurering af l\u00e6der (160 g) - Mekulo DK","isPartOf":{"@id":"https:\/\/mekulo.com\/dk\/#website"},"primaryImageOfPage":{"@id":"https:\/\/mekulo.com\/dk\/produkt\/creme-til-restaurering-af-laeder-160-g\/#primaryimage"},"image":{"@id":"https:\/\/mekulo.com\/dk\/produkt\/creme-til-restaurering-af-laeder-160-g\/#primaryimage"},"thumbnailUrl":"https:\/\/mekulo.com\/dk\/wp-content\/uploads\/sites\/12\/2026\/02\/f1z9t7a-1.jpg","datePublished":"2026-02-05T15:27:28+00:00","dateModified":"2026-02-05T15:27:38+00:00","breadcrumb":{"@id":"https:\/\/mekulo.com\/dk\/produkt\/creme-til-restaurering-af-laeder-160-g\/#breadcrumb"},"inLanguage":"fi","potentialAction":[{"@type":"ReadAction","target":["https:\/\/mekulo.com\/dk\/produkt\/creme-til-restaurering-af-laeder-160-g\/"]}]},{"@type":"ImageObject","inLanguage":"fi","@id":"https:\/\/mekulo.com\/dk\/produkt\/creme-til-restaurering-af-laeder-160-g\/#primaryimage","url":"https:\/\/mekulo.com\/dk\/wp-content\/uploads\/sites\/12\/2026\/02\/f1z9t7a-1.jpg","contentUrl":"https:\/\/mekulo.com\/dk\/wp-content\/uploads\/sites\/12\/2026\/02\/f1z9t7a-1.jpg","width":1000,"height":1000},{"@type":"BreadcrumbList","@id":"https:\/\/mekulo.com\/dk\/produkt\/creme-til-restaurering-af-laeder-160-g\/#breadcrumb","itemListElement":[{"@type":"ListItem","position":1,"name":"Home","item":"https:\/\/mekulo.com\/dk\/"},{"@type":"ListItem","position":2,"name":"Butik","item":"https:\/\/mekulo.com\/dk\/butik\/"},{"@type":"ListItem","position":3,"name":"Creme til restaurering af l\u00e6der (160 g)"}]},{"@type":"WebSite","@id":"https:\/\/mekulo.com\/dk\/#website","url":"https:\/\/mekulo.com\/dk\/","name":"Mekulo DK","description":"","publisher":{"@id":"https:\/\/mekulo.com\/dk\/#organization"},"potentialAction":[{"@type":"SearchAction","target":{"@type":"EntryPoint","urlTemplate":"https:\/\/mekulo.com\/dk\/?s={search_term_string}"},"query-input":{"@type":"PropertyValueSpecification","valueRequired":true,"valueName":"search_term_string"}}],"inLanguage":"fi"},{"@type":"Organization","@id":"https:\/\/mekulo.com\/dk\/#organization","name":"Mekulo","url":"https:\/\/mekulo.com\/dk\/","logo":{"@type":"ImageObject","inLanguage":"fi","@id":"https:\/\/mekulo.com\/dk\/#\/schema\/logo\/image\/","url":"https:\/\/mekulo.com\/dk\/wp-content\/uploads\/sites\/12\/2025\/12\/favicon_mekulo.png","contentUrl":"https:\/\/mekulo.com\/dk\/wp-content\/uploads\/sites\/12\/2025\/12\/favicon_mekulo.png","width":50,"height":50,"caption":"Mekulo"},"image":{"@id":"https:\/\/mekulo.com\/dk\/#\/schema\/logo\/image\/"}}]}},"_links":{"self":[{"href":"https:\/\/mekulo.com\/dk\/wp-json\/wp\/v2\/product\/22288","targetHints":{"allow":["GET"]}}],"collection":[{"href":"https:\/\/mekulo.com\/dk\/wp-json\/wp\/v2\/product"}],"about":[{"href":"https:\/\/mekulo.com\/dk\/wp-json\/wp\/v2\/types\/product"}],"replies":[{"embeddable":true,"href":"https:\/\/mekulo.com\/dk\/wp-json\/wp\/v2\/comments?post=22288"}],"wp:featuredmedia":[{"embeddable":true,"href":"https:\/\/mekulo.com\/dk\/wp-json\/wp\/v2\/media\/22284"}],"wp:attachment":[{"href":"https:\/\/mekulo.com\/dk\/wp-json\/wp\/v2\/media?parent=22288"}],"wp:term":[{"taxonomy":"product_brand","embeddable":true,"href":"https:\/\/mekulo.com\/dk\/wp-json\/wp\/v2\/product_brand?post=22288"},{"taxonomy":"product_cat","embeddable":true,"href":"https:\/\/mekulo.com\/dk\/wp-json\/wp\/v2\/product_cat?post=22288"},{"taxonomy":"product_tag","embeddable":true,"href":"https:\/\/mekulo.com\/dk\/wp-json\/wp\/v2\/product_tag?post=22288"}],"curies":[{"name":"wp","href":"https:\/\/api.w.org\/{rel}","templated":true}]}}