{"id":22239,"date":"2026-02-05T08:16:19","date_gmt":"2026-02-05T06:16:19","guid":{"rendered":"https:\/\/mekulo.com\/dk\/produkt\/elektrisk-skumskaerepen\/"},"modified":"2026-02-10T11:16:38","modified_gmt":"2026-02-10T09:16:38","slug":"elektrisk-skumskaerepen","status":"publish","type":"product","link":"https:\/\/mekulo.com\/dk\/produkt\/elektrisk-skumskaerepen\/","title":{"rendered":"Elektrisk skumsk\u00e6repen"},"content":{"rendered":"<p style=\"text-align: center\" data-start=\"0\" data-end=\"78\"><strong data-start=\"0\" data-end=\"78\">Sk\u00e6r skum og bl\u00f8de materialer rent og ubesv\u00e6ret med varme, ikke kraft. \u2702\ufe0f<\/strong><\/p>\n<p data-start=\"0\" data-end=\"78\"><img decoding=\"async\" class=\"size-full wp-image-23611 aligncenter\" src=\"https:\/\/mekulo.com\/template\/wp-content\/uploads\/sites\/6\/2026\/02\/607315fc47cf90b8c5188b4a3edeede64ae72f49.avif\" alt=\"\" \/><\/p>\n<h2 style=\"text-align: center\" data-start=\"374\" data-end=\"391\"><strong>Vigtigste fordele \ud83d\udd25<\/strong><\/h2>\n<p data-start=\"394\" data-end=\"449\">\u2702\ufe0f Hot melt-sk\u00e6ring &#8211; J\u00e6vne snit uden at rive.<\/p>\n<p data-start=\"452\" data-end=\"515\">\ud83d\udd25 Sikker lavsp\u00e6ndingsbrug &#8211; Designet til kontrolleret opvarmning.<\/p>\n<p data-start=\"518\" data-end=\"585\">\ud83e\uddf0 Flere n\u00e5lespidser &#8211; Nemme at udskifte til forskellige opgaver.<\/p>\n<p data-start=\"588\" data-end=\"647\">\ud83e\udeb6 Letv\u00e6gtsdesign &#8211; Komfortabelt til detaljeret arbejde.<\/p>\n<p data-start=\"650\" data-end=\"716\">\u26a1 Hurtig og effektiv &#8211; Sparer tid p\u00e5 skum og bl\u00f8de materialer.<\/p>\n<p data-start=\"650\" data-end=\"716\"><img decoding=\"async\" class=\"size-full wp-image-23610 aligncenter\" src=\"https:\/\/mekulo.com\/template\/wp-content\/uploads\/sites\/6\/2026\/02\/15a0803fc091d27a6325ed0dd9409559a47299f6.avif\" alt=\"\" \/><\/p>\n<h2 style=\"text-align: center\" data-start=\"718\" data-end=\"732\"><strong>S\u00e5dan Bruges \ud83d\udccc<\/strong><\/h2>\n<ol data-start=\"733\" data-end=\"1010\">\n<li data-start=\"733\" data-end=\"793\">\n<p data-start=\"736\" data-end=\"793\">Tilslut pennen til en 6-12V str\u00f8mkilde (2A eller h\u00f8jere).<\/p>\n<\/li>\n<li data-start=\"794\" data-end=\"827\">\n<p data-start=\"797\" data-end=\"827\">vent p\u00e5, at spidsen bliver varm.<\/p>\n<\/li>\n<li data-start=\"828\" data-end=\"894\">\n<p data-start=\"831\" data-end=\"894\">f\u00f8r forsigtigt pennen, og lad materialet smelte, mens du sk\u00e6rer.<\/p>\n<\/li>\n<li data-start=\"895\" data-end=\"947\">\n<p data-start=\"898\" data-end=\"947\">brug ikke kraft for at undg\u00e5 at b\u00f8je n\u00e5len.<\/p>\n<\/li>\n<li data-start=\"948\" data-end=\"1010\">\n<p data-start=\"951\" data-end=\"1010\">sluk, og lad den k\u00f8le af, f\u00f8r du skifter spids eller opbevarer.<\/p>\n<\/li>\n<\/ol>\n<h2 style=\"text-align: center\" data-start=\"1012\" data-end=\"1031\"><strong>Produktoplysninger \ud83d\udccf<\/strong><\/h2>\n<ul data-start=\"1032\" data-end=\"1400\">\n<li data-start=\"1032\" data-end=\"1062\">\n<p data-start=\"1034\" data-end=\"1062\">Arbejdstemperatur: 300\u00b0C<\/p>\n<\/li>\n<li data-start=\"1063\" data-end=\"1115\">\n<p data-start=\"1065\" data-end=\"1115\">Tilg\u00e6ngelige st\u00f8rrelser: 5 cm, 10 cm, 15 cm, 20 cm, 25 cm<\/p>\n<\/li>\n<li data-start=\"1116\" data-end=\"1153\">\n<p data-start=\"1118\" data-end=\"1153\">Sk\u00e6remetode: Elektrisk hot melt<\/p>\n<\/li>\n<li data-start=\"1154\" data-end=\"1265\">\n<p data-start=\"1156\" data-end=\"1265\">Egnede materialer: Skumplade, perlebomuld, KT-plade, benzenplade, tynd klud, v\u00e6vede poser, str\u00e6kfilm<\/p>\n<\/li>\n<li data-start=\"1266\" data-end=\"1338\">\n<p data-start=\"1268\" data-end=\"1338\">Energimuligheder: 6-12V oplader, batteri eller 18650 litiumbatteripakke<\/p>\n<\/li>\n<li data-start=\"1339\" data-end=\"1400\">\n<p data-start=\"1341\" data-end=\"1400\">Bem\u00e6rk: Ikke egnet til h\u00e5rde materialer eller materialer med h\u00f8j temperatur<\/p>\n<\/li>\n<li data-start=\"1339\" data-end=\"1400\">Stik: EU-stik<\/li>\n<\/ul>\n<h2 style=\"text-align: center\" data-start=\"1402\" data-end=\"1422\"><strong>Pakken Indeholder \ud83d\udce6<\/strong><\/h2>\n<ul data-start=\"1423\" data-end=\"1499\" data-is-last-node=\"\" data-is-only-node=\"\">\n<li data-start=\"1423\" data-end=\"1456\">\n<p data-start=\"1425\" data-end=\"1456\">1x elektrisk skumsk\u00e6repen<\/p>\n<\/li>\n<li data-start=\"1457\" data-end=\"1499\" data-is-last-node=\"\">\n<p data-start=\"1459\" data-end=\"1499\" data-is-last-node=\"\">EU-stik.<\/p>\n<\/li>\n<\/ul>\n","protected":false},"excerpt":{"rendered":"<p>\ud83d\udd8a\ufe0fThis elektrisk skumsk\u00e6repen bruger kontrolleret varme til at smelte gennem skum, stof og film for glatte og pr\u00e6cise snit.<br \/>\n\ud83d\udce6Den er let, nem at h\u00e5ndtere og ideel til hobby-, emballage- og g\u00f8r-det-selv-projekter.<br \/>\n\ud83e\udea1Med flere n\u00e5lemuligheder kan du hurtigt skifte spids, s\u00e5 den passer til forskellige sk\u00e6rebehov.<\/p>\n","protected":false},"featured_media":22235,"comment_status":"open","ping_status":"closed","template":"","meta":{"site-sidebar-layout":"default","site-content-layout":"","ast-site-content-layout":"default","site-content-style":"default","site-sidebar-style":"default","ast-global-header-display":"","ast-banner-title-visibility":"","ast-main-header-display":"","ast-hfb-above-header-display":"","ast-hfb-below-header-display":"","ast-hfb-mobile-header-display":"","site-post-title":"","ast-breadcrumbs-content":"","ast-featured-img":"","footer-sml-layout":"","ast-disable-related-posts":"","theme-transparent-header-meta":"default","adv-header-id-meta":"","stick-header-meta":"","header-above-stick-meta":"","header-main-stick-meta":"","header-below-stick-meta":"","astra-migrate-meta-layouts":"set","ast-page-background-enabled":"default","ast-page-background-meta":{"desktop":{"background-color":"var(--ast-global-color-5)","background-image":"","background-repeat":"repeat","background-position":"center center","background-size":"auto","background-attachment":"scroll","background-type":"","background-media":"","overlay-type":"","overlay-color":"","overlay-opacity":"","overlay-gradient":""},"tablet":{"background-color":"","background-image":"","background-repeat":"repeat","background-position":"center center","background-size":"auto","background-attachment":"scroll","background-type":"","background-media":"","overlay-type":"","overlay-color":"","overlay-opacity":"","overlay-gradient":""},"mobile":{"background-color":"","background-image":"","background-repeat":"repeat","background-position":"center center","background-size":"auto","background-attachment":"scroll","background-type":"","background-media":"","overlay-type":"","overlay-color":"","overlay-opacity":"","overlay-gradient":""}},"ast-content-background-meta":{"desktop":{"background-color":"var(--ast-global-color-4)","background-image":"","background-repeat":"repeat","background-position":"center center","background-size":"auto","background-attachment":"scroll","background-type":"","background-media":"","overlay-type":"","overlay-color":"","overlay-opacity":"","overlay-gradient":""},"tablet":{"background-color":"var(--ast-global-color-4)","background-image":"","background-repeat":"repeat","background-position":"center center","background-size":"auto","background-attachment":"scroll","background-type":"","background-media":"","overlay-type":"","overlay-color":"","overlay-opacity":"","overlay-gradient":""},"mobile":{"background-color":"var(--ast-global-color-4)","background-image":"","background-repeat":"repeat","background-position":"center center","background-size":"auto","background-attachment":"scroll","background-type":"","background-media":"","overlay-type":"","overlay-color":"","overlay-opacity":"","overlay-gradient":""}}},"product_brand":[],"product_cat":[171],"product_tag":[],"class_list":{"0":"post-22239","1":"product","2":"type-product","3":"status-publish","4":"has-post-thumbnail","6":"product_cat-vaerktoejer","7":"pa_54767_9dpjrp6p-10-cm","8":"pa_54767_9dpjrp6p-15-cm","9":"pa_54767_9dpjrp6p-20-cm","10":"pa_54767_9dpjrp6p-25-cm","11":"pa_54767_9dpjrp6p-5-cm","12":"desktop-align-left","13":"tablet-align-left","14":"mobile-align-left","16":"first","17":"instock","18":"shipping-taxable","19":"purchasable","20":"product-type-variable"},"yoast_head":"<!-- This site is optimized with the Yoast SEO plugin v27.4 - https:\/\/yoast.com\/product\/yoast-seo-wordpress\/ -->\n<title>Elektrisk skumsk\u00e6repen - Mekulo DK<\/title>\n<meta name=\"robots\" content=\"index, follow, max-snippet:-1, max-image-preview:large, max-video-preview:-1\" \/>\n<link rel=\"canonical\" href=\"https:\/\/mekulo.com\/dk\/produkt\/elektrisk-skumskaerepen\/\" \/>\n<meta property=\"og:locale\" content=\"da_DK\" \/>\n<meta property=\"og:type\" content=\"article\" \/>\n<meta property=\"og:title\" content=\"Elektrisk skumsk\u00e6repen - Mekulo DK\" \/>\n<meta property=\"og:description\" content=\"\ud83d\udd8a\ufe0fThis elektrisk skumsk\u00e6repen bruger kontrolleret varme til at smelte gennem skum, stof og film for glatte og pr\u00e6cise snit. \ud83d\udce6Den er let, nem at h\u00e5ndtere og ideel til hobby-, emballage- og g\u00f8r-det-selv-projekter. \ud83e\udea1Med flere n\u00e5lemuligheder kan du hurtigt skifte spids, s\u00e5 den passer til forskellige sk\u00e6rebehov.\" \/>\n<meta property=\"og:url\" content=\"https:\/\/mekulo.com\/dk\/produkt\/elektrisk-skumskaerepen\/\" \/>\n<meta property=\"og:site_name\" content=\"Mekulo DK\" \/>\n<meta property=\"article:modified_time\" content=\"2026-02-10T09:16:38+00:00\" \/>\n<meta property=\"og:image\" content=\"https:\/\/mekulo.com\/dk\/wp-content\/uploads\/sites\/12\/2026\/02\/k1bcg1u-1.jpg\" \/>\n\t<meta property=\"og:image:width\" content=\"960\" \/>\n\t<meta property=\"og:image:height\" content=\"960\" \/>\n\t<meta property=\"og:image:type\" content=\"image\/jpeg\" \/>\n<meta name=\"twitter:card\" content=\"summary_large_image\" \/>\n<meta name=\"twitter:label1\" content=\"Estimeret l\u00e6setid\" \/>\n\t<meta name=\"twitter:data1\" content=\"2 minutter\" \/>\n<script type=\"application\/ld+json\" class=\"yoast-schema-graph\">{\"@context\":\"https:\\\/\\\/schema.org\",\"@graph\":[{\"@type\":\"WebPage\",\"@id\":\"https:\\\/\\\/mekulo.com\\\/dk\\\/produkt\\\/elektrisk-skumskaerepen\\\/\",\"url\":\"https:\\\/\\\/mekulo.com\\\/dk\\\/produkt\\\/elektrisk-skumskaerepen\\\/\",\"name\":\"Elektrisk skumsk\u00e6repen - Mekulo DK\",\"isPartOf\":{\"@id\":\"https:\\\/\\\/mekulo.com\\\/dk\\\/#website\"},\"primaryImageOfPage\":{\"@id\":\"https:\\\/\\\/mekulo.com\\\/dk\\\/produkt\\\/elektrisk-skumskaerepen\\\/#primaryimage\"},\"image\":{\"@id\":\"https:\\\/\\\/mekulo.com\\\/dk\\\/produkt\\\/elektrisk-skumskaerepen\\\/#primaryimage\"},\"thumbnailUrl\":\"https:\\\/\\\/mekulo.com\\\/dk\\\/wp-content\\\/uploads\\\/sites\\\/12\\\/2026\\\/02\\\/k1bcg1u-1.jpg\",\"datePublished\":\"2026-02-05T06:16:19+00:00\",\"dateModified\":\"2026-02-10T09:16:38+00:00\",\"breadcrumb\":{\"@id\":\"https:\\\/\\\/mekulo.com\\\/dk\\\/produkt\\\/elektrisk-skumskaerepen\\\/#breadcrumb\"},\"inLanguage\":\"da-DK\",\"potentialAction\":[{\"@type\":\"ReadAction\",\"target\":[\"https:\\\/\\\/mekulo.com\\\/dk\\\/produkt\\\/elektrisk-skumskaerepen\\\/\"]}]},{\"@type\":\"ImageObject\",\"inLanguage\":\"da-DK\",\"@id\":\"https:\\\/\\\/mekulo.com\\\/dk\\\/produkt\\\/elektrisk-skumskaerepen\\\/#primaryimage\",\"url\":\"https:\\\/\\\/mekulo.com\\\/dk\\\/wp-content\\\/uploads\\\/sites\\\/12\\\/2026\\\/02\\\/k1bcg1u-1.jpg\",\"contentUrl\":\"https:\\\/\\\/mekulo.com\\\/dk\\\/wp-content\\\/uploads\\\/sites\\\/12\\\/2026\\\/02\\\/k1bcg1u-1.jpg\",\"width\":960,\"height\":960},{\"@type\":\"BreadcrumbList\",\"@id\":\"https:\\\/\\\/mekulo.com\\\/dk\\\/produkt\\\/elektrisk-skumskaerepen\\\/#breadcrumb\",\"itemListElement\":[{\"@type\":\"ListItem\",\"position\":1,\"name\":\"Home\",\"item\":\"https:\\\/\\\/mekulo.com\\\/dk\\\/\"},{\"@type\":\"ListItem\",\"position\":2,\"name\":\"Butik\",\"item\":\"https:\\\/\\\/mekulo.com\\\/dk\\\/butik\\\/\"},{\"@type\":\"ListItem\",\"position\":3,\"name\":\"Elektrisk skumsk\u00e6repen\"}]},{\"@type\":\"WebSite\",\"@id\":\"https:\\\/\\\/mekulo.com\\\/dk\\\/#website\",\"url\":\"https:\\\/\\\/mekulo.com\\\/dk\\\/\",\"name\":\"Mekulo DK\",\"description\":\"\",\"publisher\":{\"@id\":\"https:\\\/\\\/mekulo.com\\\/dk\\\/#organization\"},\"potentialAction\":[{\"@type\":\"SearchAction\",\"target\":{\"@type\":\"EntryPoint\",\"urlTemplate\":\"https:\\\/\\\/mekulo.com\\\/dk\\\/?s={search_term_string}\"},\"query-input\":{\"@type\":\"PropertyValueSpecification\",\"valueRequired\":true,\"valueName\":\"search_term_string\"}}],\"inLanguage\":\"da-DK\"},{\"@type\":\"Organization\",\"@id\":\"https:\\\/\\\/mekulo.com\\\/dk\\\/#organization\",\"name\":\"Mekulo\",\"url\":\"https:\\\/\\\/mekulo.com\\\/dk\\\/\",\"logo\":{\"@type\":\"ImageObject\",\"inLanguage\":\"da-DK\",\"@id\":\"https:\\\/\\\/mekulo.com\\\/dk\\\/#\\\/schema\\\/logo\\\/image\\\/\",\"url\":\"https:\\\/\\\/mekulo.com\\\/dk\\\/wp-content\\\/uploads\\\/sites\\\/12\\\/2025\\\/12\\\/favicon_mekulo.png\",\"contentUrl\":\"https:\\\/\\\/mekulo.com\\\/dk\\\/wp-content\\\/uploads\\\/sites\\\/12\\\/2025\\\/12\\\/favicon_mekulo.png\",\"width\":50,\"height\":50,\"caption\":\"Mekulo\"},\"image\":{\"@id\":\"https:\\\/\\\/mekulo.com\\\/dk\\\/#\\\/schema\\\/logo\\\/image\\\/\"}}]}<\/script>\n<!-- \/ Yoast SEO plugin. -->","yoast_head_json":{"title":"Elektrisk skumsk\u00e6repen - Mekulo DK","robots":{"index":"index","follow":"follow","max-snippet":"max-snippet:-1","max-image-preview":"max-image-preview:large","max-video-preview":"max-video-preview:-1"},"canonical":"https:\/\/mekulo.com\/dk\/produkt\/elektrisk-skumskaerepen\/","og_locale":"da_DK","og_type":"article","og_title":"Elektrisk skumsk\u00e6repen - Mekulo DK","og_description":"\ud83d\udd8a\ufe0fThis elektrisk skumsk\u00e6repen bruger kontrolleret varme til at smelte gennem skum, stof og film for glatte og pr\u00e6cise snit. \ud83d\udce6Den er let, nem at h\u00e5ndtere og ideel til hobby-, emballage- og g\u00f8r-det-selv-projekter. \ud83e\udea1Med flere n\u00e5lemuligheder kan du hurtigt skifte spids, s\u00e5 den passer til forskellige sk\u00e6rebehov.","og_url":"https:\/\/mekulo.com\/dk\/produkt\/elektrisk-skumskaerepen\/","og_site_name":"Mekulo DK","article_modified_time":"2026-02-10T09:16:38+00:00","og_image":[{"width":960,"height":960,"url":"https:\/\/mekulo.com\/dk\/wp-content\/uploads\/sites\/12\/2026\/02\/k1bcg1u-1.jpg","type":"image\/jpeg"}],"twitter_card":"summary_large_image","twitter_misc":{"Estimeret l\u00e6setid":"2 minutter"},"schema":{"@context":"https:\/\/schema.org","@graph":[{"@type":"WebPage","@id":"https:\/\/mekulo.com\/dk\/produkt\/elektrisk-skumskaerepen\/","url":"https:\/\/mekulo.com\/dk\/produkt\/elektrisk-skumskaerepen\/","name":"Elektrisk skumsk\u00e6repen - Mekulo DK","isPartOf":{"@id":"https:\/\/mekulo.com\/dk\/#website"},"primaryImageOfPage":{"@id":"https:\/\/mekulo.com\/dk\/produkt\/elektrisk-skumskaerepen\/#primaryimage"},"image":{"@id":"https:\/\/mekulo.com\/dk\/produkt\/elektrisk-skumskaerepen\/#primaryimage"},"thumbnailUrl":"https:\/\/mekulo.com\/dk\/wp-content\/uploads\/sites\/12\/2026\/02\/k1bcg1u-1.jpg","datePublished":"2026-02-05T06:16:19+00:00","dateModified":"2026-02-10T09:16:38+00:00","breadcrumb":{"@id":"https:\/\/mekulo.com\/dk\/produkt\/elektrisk-skumskaerepen\/#breadcrumb"},"inLanguage":"da-DK","potentialAction":[{"@type":"ReadAction","target":["https:\/\/mekulo.com\/dk\/produkt\/elektrisk-skumskaerepen\/"]}]},{"@type":"ImageObject","inLanguage":"da-DK","@id":"https:\/\/mekulo.com\/dk\/produkt\/elektrisk-skumskaerepen\/#primaryimage","url":"https:\/\/mekulo.com\/dk\/wp-content\/uploads\/sites\/12\/2026\/02\/k1bcg1u-1.jpg","contentUrl":"https:\/\/mekulo.com\/dk\/wp-content\/uploads\/sites\/12\/2026\/02\/k1bcg1u-1.jpg","width":960,"height":960},{"@type":"BreadcrumbList","@id":"https:\/\/mekulo.com\/dk\/produkt\/elektrisk-skumskaerepen\/#breadcrumb","itemListElement":[{"@type":"ListItem","position":1,"name":"Home","item":"https:\/\/mekulo.com\/dk\/"},{"@type":"ListItem","position":2,"name":"Butik","item":"https:\/\/mekulo.com\/dk\/butik\/"},{"@type":"ListItem","position":3,"name":"Elektrisk skumsk\u00e6repen"}]},{"@type":"WebSite","@id":"https:\/\/mekulo.com\/dk\/#website","url":"https:\/\/mekulo.com\/dk\/","name":"Mekulo DK","description":"","publisher":{"@id":"https:\/\/mekulo.com\/dk\/#organization"},"potentialAction":[{"@type":"SearchAction","target":{"@type":"EntryPoint","urlTemplate":"https:\/\/mekulo.com\/dk\/?s={search_term_string}"},"query-input":{"@type":"PropertyValueSpecification","valueRequired":true,"valueName":"search_term_string"}}],"inLanguage":"da-DK"},{"@type":"Organization","@id":"https:\/\/mekulo.com\/dk\/#organization","name":"Mekulo","url":"https:\/\/mekulo.com\/dk\/","logo":{"@type":"ImageObject","inLanguage":"da-DK","@id":"https:\/\/mekulo.com\/dk\/#\/schema\/logo\/image\/","url":"https:\/\/mekulo.com\/dk\/wp-content\/uploads\/sites\/12\/2025\/12\/favicon_mekulo.png","contentUrl":"https:\/\/mekulo.com\/dk\/wp-content\/uploads\/sites\/12\/2025\/12\/favicon_mekulo.png","width":50,"height":50,"caption":"Mekulo"},"image":{"@id":"https:\/\/mekulo.com\/dk\/#\/schema\/logo\/image\/"}}]}},"_links":{"self":[{"href":"https:\/\/mekulo.com\/dk\/wp-json\/wp\/v2\/product\/22239","targetHints":{"allow":["GET"]}}],"collection":[{"href":"https:\/\/mekulo.com\/dk\/wp-json\/wp\/v2\/product"}],"about":[{"href":"https:\/\/mekulo.com\/dk\/wp-json\/wp\/v2\/types\/product"}],"replies":[{"embeddable":true,"href":"https:\/\/mekulo.com\/dk\/wp-json\/wp\/v2\/comments?post=22239"}],"wp:featuredmedia":[{"embeddable":true,"href":"https:\/\/mekulo.com\/dk\/wp-json\/wp\/v2\/media\/22235"}],"wp:attachment":[{"href":"https:\/\/mekulo.com\/dk\/wp-json\/wp\/v2\/media?parent=22239"}],"wp:term":[{"taxonomy":"product_brand","embeddable":true,"href":"https:\/\/mekulo.com\/dk\/wp-json\/wp\/v2\/product_brand?post=22239"},{"taxonomy":"product_cat","embeddable":true,"href":"https:\/\/mekulo.com\/dk\/wp-json\/wp\/v2\/product_cat?post=22239"},{"taxonomy":"product_tag","embeddable":true,"href":"https:\/\/mekulo.com\/dk\/wp-json\/wp\/v2\/product_tag?post=22239"}],"curies":[{"name":"wp","href":"https:\/\/api.w.org\/{rel}","templated":true}]}}