{"id":22179,"date":"2026-02-05T08:12:10","date_gmt":"2026-02-05T06:12:10","guid":{"rendered":"https:\/\/mekulo.com\/dk\/produkt\/3d-firkant-med-flere-markeringer\/"},"modified":"2026-03-02T12:29:47","modified_gmt":"2026-03-02T10:29:47","slug":"3d-firkant-med-flere-markeringer","status":"publish","type":"product","link":"https:\/\/mekulo.com\/dk\/produkt\/3d-firkant-med-flere-markeringer\/","title":{"rendered":"3D-firkant med flere markeringer"},"content":{"rendered":"<p style=\"text-align: center\" data-start=\"0\" data-end=\"64\"><strong data-start=\"0\" data-end=\"64\">Mark\u00e9r flader og kanter p\u00e5 samme tid med perfekt n\u00f8jagtighed. \ud83d\udcd0<\/strong><\/p>\n<p data-start=\"0\" data-end=\"64\"><img fetchpriority=\"high\" decoding=\"async\" class=\"size-full wp-image-23557 aligncenter\" src=\"https:\/\/mekulo.com\/template\/wp-content\/uploads\/sites\/6\/2026\/02\/3-4.jpeg\" alt=\"\" width=\"1200\" height=\"1200\" \/><\/p>\n<h2 style=\"text-align: center\" data-start=\"387\" data-end=\"404\"><strong>Hovedfordele \ud83d\udcd0<\/strong><\/h2>\n<p data-start=\"407\" data-end=\"462\">\ud83d\udcd0 \u00c6gte 3D-m\u00e6rkning &#8211; M\u00e6rk flader og kanter p\u00e5 \u00e9n gang.<\/p>\n<p data-start=\"465\" data-end=\"527\">\ud83c\udfaf H\u00f8j n\u00f8jagtighed &#8211; Reducerer justerings- og overf\u00f8rselsfejl.<\/p>\n<p data-start=\"530\" data-end=\"590\">\ud83e\uddf1 Stabil p\u00e5 tynde plader &#8211; Bred base forhindrer vridning.<\/p>\n<p data-start=\"593\" data-end=\"661\">\ud83d\udccf Indbyggede trinst\u00f8rrelser &#8211; Nem m\u00e6rkning for 0,6 cm, 0,9 cm og 1 cm.<\/p>\n<p data-start=\"664\" data-end=\"734\">\ud83d\udee0\ufe0f Perfekt til maskinops\u00e6tning &#8211; Indstiller kniv- og bordvinkler hurtigt.<\/p>\n<p data-start=\"737\" data-end=\"797\">\u2728 Tydelige indgraverede skalaer &#8211; lette at afl\u00e6se i al slags belysning.<\/p>\n<p data-start=\"737\" data-end=\"797\"><img decoding=\"async\" class=\"size-full wp-image-23562 aligncenter\" src=\"https:\/\/mekulo.com\/template\/wp-content\/uploads\/sites\/6\/2026\/02\/9e2fe57a37d89d4c19292c216408b7dabfe18183.avif\" alt=\"\" \/><\/p>\n<h2 style=\"text-align: center\" data-start=\"799\" data-end=\"813\"><strong>Brug \ud83d\udccc<\/strong><\/h2>\n<ol data-start=\"814\" data-end=\"1068\">\n<li data-start=\"814\" data-end=\"879\">\n<p data-start=\"817\" data-end=\"879\">S\u00e6t firkanten mod emnets overflade og kant.<\/p>\n<\/li>\n<li data-start=\"880\" data-end=\"946\">\n<p data-start=\"883\" data-end=\"946\">skub langs pladen for at markere begge overflader p\u00e5 samme tid.<\/p>\n<\/li>\n<li data-start=\"947\" data-end=\"997\">\n<p data-start=\"950\" data-end=\"997\">brug trinvise fordybninger til hurtige st\u00f8rrelsesmarkeringer.<\/p>\n<\/li>\n<li data-start=\"998\" data-end=\"1068\">\n<p data-start=\"1001\" data-end=\"1068\">s\u00e6t den p\u00e5 maskinborde for at kontrollere klingens eller bittens h\u00f8jde og vinkler.<\/p>\n<\/li>\n<\/ol>\n<h2 style=\"text-align: center\" data-start=\"1070\" data-end=\"1089\"><strong>Produktdetaljer \ud83d\udccf<\/strong><\/h2>\n<ul data-start=\"1090\" data-end=\"1401\">\n<li data-start=\"1090\" data-end=\"1127\">\n<p data-start=\"1092\" data-end=\"1127\">Materiale: Aluminium af flykvalitet<\/p>\n<\/li>\n<li data-start=\"1128\" data-end=\"1173\">\n<p data-start=\"1130\" data-end=\"1173\">Konstruktion: Pr\u00e6cisionsfr\u00e6set solid krop<\/p>\n<\/li>\n<li data-start=\"1174\" data-end=\"1225\">\n<p data-start=\"1176\" data-end=\"1225\">Fastg\u00f8relseselementer: Skruer i rustfrit st\u00e5l med h\u00f8j styrke<\/p>\n<\/li>\n<li data-start=\"1226\" data-end=\"1277\">\n<p data-start=\"1228\" data-end=\"1277\">Design: Dobbelte gennemg\u00e5ende ben med midterrille<\/p>\n<\/li>\n<li data-start=\"1278\" data-end=\"1339\">\n<p data-start=\"1280\" data-end=\"1339\">Funktioner: Indgraverede hvide skalaer, aftrappede markeringsudsparinger<\/p>\n<\/li>\n<li data-start=\"1340\" data-end=\"1401\">\n<p data-start=\"1342\" data-end=\"1401\">Anvendelsesomr\u00e5der: T\u00f8mrer- og snedkerarbejde, ops\u00e6tning af maskiner<\/p>\n<\/li>\n<li data-start=\"1340\" data-end=\"1401\">St\u00f8rrelser: Option A: 112 x 79 x 83 mm, Option B: 112 x 79 x 84 mm<\/li>\n<\/ul>\n<h2 style=\"text-align: center\" data-start=\"1403\" data-end=\"1423\"><strong>Pakken Indeholder \ud83d\udce6<\/strong><\/h2>\n<ul data-start=\"1424\" data-end=\"1453\" data-is-last-node=\"\" data-is-only-node=\"\">\n<li data-start=\"1424\" data-end=\"1453\" data-is-last-node=\"\">\n<p data-start=\"1426\" data-end=\"1453\" data-is-last-node=\"\">Option A: 1x 3D-multim\u00e6rkefirkant, 1x sekskantn\u00f8gle<\/p>\n<\/li>\n<li data-start=\"1424\" data-end=\"1453\" data-is-last-node=\"\">\n<p data-start=\"1426\" data-end=\"1453\" data-is-last-node=\"\">Option B: 1x 3D-multim\u00e6rkefirkant, 1x sekskantn\u00f8gle, 1x cylindrisk metalstop \/ positioneringsstift.<\/p>\n<\/li>\n<\/ul>\n","protected":false},"excerpt":{"rendered":"<p>\ud83d\udcd0Med denne 3D-multim\u00e6rkevinkel kan du markere forsiden, kanten og bagsiden af dit emne i \u00e9t trin, hvilket reducerer fejl og sparer tid.<br \/>\n\ud83d\udc68\u200d\ud83d\udd27Its unikke design med to ben holder linjerne p\u00e5 linje p\u00e5 tv\u00e6rs af overflader for rent, pr\u00e6cist snedkerarbejde.<br \/>\n\ud83e\udeb5Dette g\u00f8r den ideel til tr\u00e6arbejdere, der \u00f8nsker ensartede resultater uden konstant efterkontrol.<\/p>\n","protected":false},"featured_media":22175,"comment_status":"open","ping_status":"closed","template":"","meta":{"site-sidebar-layout":"default","site-content-layout":"","ast-site-content-layout":"default","site-content-style":"default","site-sidebar-style":"default","ast-global-header-display":"","ast-banner-title-visibility":"","ast-main-header-display":"","ast-hfb-above-header-display":"","ast-hfb-below-header-display":"","ast-hfb-mobile-header-display":"","site-post-title":"","ast-breadcrumbs-content":"","ast-featured-img":"","footer-sml-layout":"","theme-transparent-header-meta":"default","adv-header-id-meta":"","stick-header-meta":"","header-above-stick-meta":"","header-main-stick-meta":"","header-below-stick-meta":"","astra-migrate-meta-layouts":"set","ast-page-background-enabled":"default","ast-page-background-meta":{"desktop":{"background-color":"var(--ast-global-color-5)","background-image":"","background-repeat":"repeat","background-position":"center center","background-size":"auto","background-attachment":"scroll","background-type":"","background-media":"","overlay-type":"","overlay-color":"","overlay-opacity":"","overlay-gradient":""},"tablet":{"background-color":"","background-image":"","background-repeat":"repeat","background-position":"center center","background-size":"auto","background-attachment":"scroll","background-type":"","background-media":"","overlay-type":"","overlay-color":"","overlay-opacity":"","overlay-gradient":""},"mobile":{"background-color":"","background-image":"","background-repeat":"repeat","background-position":"center center","background-size":"auto","background-attachment":"scroll","background-type":"","background-media":"","overlay-type":"","overlay-color":"","overlay-opacity":"","overlay-gradient":""}},"ast-content-background-meta":{"desktop":{"background-color":"var(--ast-global-color-4)","background-image":"","background-repeat":"repeat","background-position":"center center","background-size":"auto","background-attachment":"scroll","background-type":"","background-media":"","overlay-type":"","overlay-color":"","overlay-opacity":"","overlay-gradient":""},"tablet":{"background-color":"var(--ast-global-color-4)","background-image":"","background-repeat":"repeat","background-position":"center center","background-size":"auto","background-attachment":"scroll","background-type":"","background-media":"","overlay-type":"","overlay-color":"","overlay-opacity":"","overlay-gradient":""},"mobile":{"background-color":"var(--ast-global-color-4)","background-image":"","background-repeat":"repeat","background-position":"center center","background-size":"auto","background-attachment":"scroll","background-type":"","background-media":"","overlay-type":"","overlay-color":"","overlay-opacity":"","overlay-gradient":""}}},"product_brand":[],"product_cat":[171],"product_tag":[],"class_list":{"0":"post-22179","1":"product","2":"type-product","3":"status-publish","4":"has-post-thumbnail","6":"product_cat-vaerktoejer","7":"pa_54610_huewair4-a","8":"pa_54610_huewair4-b","9":"pa_54610_xhvl7d3a-blaa","10":"pa_54610_xhvl7d3a-roed","11":"pa_54610_xhvl7d3a-sort","12":"desktop-align-left","13":"tablet-align-left","14":"mobile-align-left","16":"first","17":"instock","18":"shipping-taxable","19":"purchasable","20":"product-type-variable","21":"has-default-attributes"},"yoast_head":"<!-- This site is optimized with the Yoast SEO plugin v26.6 - https:\/\/yoast.com\/wordpress\/plugins\/seo\/ -->\n<title>3D-firkant med flere markeringer - Mekulo DK<\/title>\n<meta name=\"robots\" content=\"index, follow, max-snippet:-1, max-image-preview:large, max-video-preview:-1\" \/>\n<link rel=\"canonical\" href=\"https:\/\/mekulo.com\/dk\/produkt\/3d-firkant-med-flere-markeringer\/\" \/>\n<meta property=\"og:locale\" content=\"da_DK\" \/>\n<meta property=\"og:type\" content=\"article\" \/>\n<meta property=\"og:title\" content=\"3D-firkant med flere markeringer - Mekulo DK\" \/>\n<meta property=\"og:description\" content=\"\ud83d\udcd0Med denne 3D-multim\u00e6rkevinkel kan du markere forsiden, kanten og bagsiden af dit emne i \u00e9t trin, hvilket reducerer fejl og sparer tid. \ud83d\udc68\u200d\ud83d\udd27Its unikke design med to ben holder linjerne p\u00e5 linje p\u00e5 tv\u00e6rs af overflader for rent, pr\u00e6cist snedkerarbejde. \ud83e\udeb5Dette g\u00f8r den ideel til tr\u00e6arbejdere, der \u00f8nsker ensartede resultater uden konstant efterkontrol.\" \/>\n<meta property=\"og:url\" content=\"https:\/\/mekulo.com\/dk\/produkt\/3d-firkant-med-flere-markeringer\/\" \/>\n<meta property=\"og:site_name\" content=\"Mekulo DK\" \/>\n<meta property=\"article:modified_time\" content=\"2026-03-02T10:29:47+00:00\" \/>\n<meta property=\"og:image\" content=\"https:\/\/mekulo.com\/dk\/wp-content\/uploads\/sites\/12\/2026\/02\/frpa0dj-1.webp\" \/>\n\t<meta property=\"og:image:width\" content=\"1600\" \/>\n\t<meta property=\"og:image:height\" content=\"1600\" \/>\n\t<meta property=\"og:image:type\" content=\"image\/webp\" \/>\n<meta name=\"twitter:card\" content=\"summary_large_image\" \/>\n<meta name=\"twitter:label1\" content=\"Estimeret l\u00e6setid\" \/>\n\t<meta name=\"twitter:data1\" content=\"2 minutter\" \/>\n<script type=\"application\/ld+json\" class=\"yoast-schema-graph\">{\"@context\":\"https:\/\/schema.org\",\"@graph\":[{\"@type\":\"WebPage\",\"@id\":\"https:\/\/mekulo.com\/dk\/produkt\/3d-firkant-med-flere-markeringer\/\",\"url\":\"https:\/\/mekulo.com\/dk\/produkt\/3d-firkant-med-flere-markeringer\/\",\"name\":\"3D-firkant med flere markeringer - Mekulo DK\",\"isPartOf\":{\"@id\":\"https:\/\/mekulo.com\/dk\/#website\"},\"primaryImageOfPage\":{\"@id\":\"https:\/\/mekulo.com\/dk\/produkt\/3d-firkant-med-flere-markeringer\/#primaryimage\"},\"image\":{\"@id\":\"https:\/\/mekulo.com\/dk\/produkt\/3d-firkant-med-flere-markeringer\/#primaryimage\"},\"thumbnailUrl\":\"https:\/\/mekulo.com\/dk\/wp-content\/uploads\/sites\/12\/2026\/02\/frpa0dj-1.webp\",\"datePublished\":\"2026-02-05T06:12:10+00:00\",\"dateModified\":\"2026-03-02T10:29:47+00:00\",\"breadcrumb\":{\"@id\":\"https:\/\/mekulo.com\/dk\/produkt\/3d-firkant-med-flere-markeringer\/#breadcrumb\"},\"inLanguage\":\"da-DK\",\"potentialAction\":[{\"@type\":\"ReadAction\",\"target\":[\"https:\/\/mekulo.com\/dk\/produkt\/3d-firkant-med-flere-markeringer\/\"]}]},{\"@type\":\"ImageObject\",\"inLanguage\":\"da-DK\",\"@id\":\"https:\/\/mekulo.com\/dk\/produkt\/3d-firkant-med-flere-markeringer\/#primaryimage\",\"url\":\"https:\/\/mekulo.com\/dk\/wp-content\/uploads\/sites\/12\/2026\/02\/frpa0dj-1.webp\",\"contentUrl\":\"https:\/\/mekulo.com\/dk\/wp-content\/uploads\/sites\/12\/2026\/02\/frpa0dj-1.webp\",\"width\":1600,\"height\":1600},{\"@type\":\"BreadcrumbList\",\"@id\":\"https:\/\/mekulo.com\/dk\/produkt\/3d-firkant-med-flere-markeringer\/#breadcrumb\",\"itemListElement\":[{\"@type\":\"ListItem\",\"position\":1,\"name\":\"Home\",\"item\":\"https:\/\/mekulo.com\/dk\/\"},{\"@type\":\"ListItem\",\"position\":2,\"name\":\"Butik\",\"item\":\"https:\/\/mekulo.com\/dk\/butik\/\"},{\"@type\":\"ListItem\",\"position\":3,\"name\":\"3D-firkant med flere markeringer\"}]},{\"@type\":\"WebSite\",\"@id\":\"https:\/\/mekulo.com\/dk\/#website\",\"url\":\"https:\/\/mekulo.com\/dk\/\",\"name\":\"Mekulo DK\",\"description\":\"\",\"publisher\":{\"@id\":\"https:\/\/mekulo.com\/dk\/#organization\"},\"potentialAction\":[{\"@type\":\"SearchAction\",\"target\":{\"@type\":\"EntryPoint\",\"urlTemplate\":\"https:\/\/mekulo.com\/dk\/?s={search_term_string}\"},\"query-input\":{\"@type\":\"PropertyValueSpecification\",\"valueRequired\":true,\"valueName\":\"search_term_string\"}}],\"inLanguage\":\"da-DK\"},{\"@type\":\"Organization\",\"@id\":\"https:\/\/mekulo.com\/dk\/#organization\",\"name\":\"Mekulo\",\"url\":\"https:\/\/mekulo.com\/dk\/\",\"logo\":{\"@type\":\"ImageObject\",\"inLanguage\":\"da-DK\",\"@id\":\"https:\/\/mekulo.com\/dk\/#\/schema\/logo\/image\/\",\"url\":\"https:\/\/mekulo.com\/dk\/wp-content\/uploads\/sites\/12\/2025\/12\/favicon_mekulo.png\",\"contentUrl\":\"https:\/\/mekulo.com\/dk\/wp-content\/uploads\/sites\/12\/2025\/12\/favicon_mekulo.png\",\"width\":50,\"height\":50,\"caption\":\"Mekulo\"},\"image\":{\"@id\":\"https:\/\/mekulo.com\/dk\/#\/schema\/logo\/image\/\"}}]}<\/script>\n<!-- \/ Yoast SEO plugin. -->","yoast_head_json":{"title":"3D-firkant med flere markeringer - Mekulo DK","robots":{"index":"index","follow":"follow","max-snippet":"max-snippet:-1","max-image-preview":"max-image-preview:large","max-video-preview":"max-video-preview:-1"},"canonical":"https:\/\/mekulo.com\/dk\/produkt\/3d-firkant-med-flere-markeringer\/","og_locale":"da_DK","og_type":"article","og_title":"3D-firkant med flere markeringer - Mekulo DK","og_description":"\ud83d\udcd0Med denne 3D-multim\u00e6rkevinkel kan du markere forsiden, kanten og bagsiden af dit emne i \u00e9t trin, hvilket reducerer fejl og sparer tid. \ud83d\udc68\u200d\ud83d\udd27Its unikke design med to ben holder linjerne p\u00e5 linje p\u00e5 tv\u00e6rs af overflader for rent, pr\u00e6cist snedkerarbejde. \ud83e\udeb5Dette g\u00f8r den ideel til tr\u00e6arbejdere, der \u00f8nsker ensartede resultater uden konstant efterkontrol.","og_url":"https:\/\/mekulo.com\/dk\/produkt\/3d-firkant-med-flere-markeringer\/","og_site_name":"Mekulo DK","article_modified_time":"2026-03-02T10:29:47+00:00","og_image":[{"width":1600,"height":1600,"url":"https:\/\/mekulo.com\/dk\/wp-content\/uploads\/sites\/12\/2026\/02\/frpa0dj-1.webp","type":"image\/webp"}],"twitter_card":"summary_large_image","twitter_misc":{"Estimeret l\u00e6setid":"2 minutter"},"schema":{"@context":"https:\/\/schema.org","@graph":[{"@type":"WebPage","@id":"https:\/\/mekulo.com\/dk\/produkt\/3d-firkant-med-flere-markeringer\/","url":"https:\/\/mekulo.com\/dk\/produkt\/3d-firkant-med-flere-markeringer\/","name":"3D-firkant med flere markeringer - Mekulo DK","isPartOf":{"@id":"https:\/\/mekulo.com\/dk\/#website"},"primaryImageOfPage":{"@id":"https:\/\/mekulo.com\/dk\/produkt\/3d-firkant-med-flere-markeringer\/#primaryimage"},"image":{"@id":"https:\/\/mekulo.com\/dk\/produkt\/3d-firkant-med-flere-markeringer\/#primaryimage"},"thumbnailUrl":"https:\/\/mekulo.com\/dk\/wp-content\/uploads\/sites\/12\/2026\/02\/frpa0dj-1.webp","datePublished":"2026-02-05T06:12:10+00:00","dateModified":"2026-03-02T10:29:47+00:00","breadcrumb":{"@id":"https:\/\/mekulo.com\/dk\/produkt\/3d-firkant-med-flere-markeringer\/#breadcrumb"},"inLanguage":"da-DK","potentialAction":[{"@type":"ReadAction","target":["https:\/\/mekulo.com\/dk\/produkt\/3d-firkant-med-flere-markeringer\/"]}]},{"@type":"ImageObject","inLanguage":"da-DK","@id":"https:\/\/mekulo.com\/dk\/produkt\/3d-firkant-med-flere-markeringer\/#primaryimage","url":"https:\/\/mekulo.com\/dk\/wp-content\/uploads\/sites\/12\/2026\/02\/frpa0dj-1.webp","contentUrl":"https:\/\/mekulo.com\/dk\/wp-content\/uploads\/sites\/12\/2026\/02\/frpa0dj-1.webp","width":1600,"height":1600},{"@type":"BreadcrumbList","@id":"https:\/\/mekulo.com\/dk\/produkt\/3d-firkant-med-flere-markeringer\/#breadcrumb","itemListElement":[{"@type":"ListItem","position":1,"name":"Home","item":"https:\/\/mekulo.com\/dk\/"},{"@type":"ListItem","position":2,"name":"Butik","item":"https:\/\/mekulo.com\/dk\/butik\/"},{"@type":"ListItem","position":3,"name":"3D-firkant med flere markeringer"}]},{"@type":"WebSite","@id":"https:\/\/mekulo.com\/dk\/#website","url":"https:\/\/mekulo.com\/dk\/","name":"Mekulo DK","description":"","publisher":{"@id":"https:\/\/mekulo.com\/dk\/#organization"},"potentialAction":[{"@type":"SearchAction","target":{"@type":"EntryPoint","urlTemplate":"https:\/\/mekulo.com\/dk\/?s={search_term_string}"},"query-input":{"@type":"PropertyValueSpecification","valueRequired":true,"valueName":"search_term_string"}}],"inLanguage":"da-DK"},{"@type":"Organization","@id":"https:\/\/mekulo.com\/dk\/#organization","name":"Mekulo","url":"https:\/\/mekulo.com\/dk\/","logo":{"@type":"ImageObject","inLanguage":"da-DK","@id":"https:\/\/mekulo.com\/dk\/#\/schema\/logo\/image\/","url":"https:\/\/mekulo.com\/dk\/wp-content\/uploads\/sites\/12\/2025\/12\/favicon_mekulo.png","contentUrl":"https:\/\/mekulo.com\/dk\/wp-content\/uploads\/sites\/12\/2025\/12\/favicon_mekulo.png","width":50,"height":50,"caption":"Mekulo"},"image":{"@id":"https:\/\/mekulo.com\/dk\/#\/schema\/logo\/image\/"}}]}},"_links":{"self":[{"href":"https:\/\/mekulo.com\/dk\/wp-json\/wp\/v2\/product\/22179","targetHints":{"allow":["GET"]}}],"collection":[{"href":"https:\/\/mekulo.com\/dk\/wp-json\/wp\/v2\/product"}],"about":[{"href":"https:\/\/mekulo.com\/dk\/wp-json\/wp\/v2\/types\/product"}],"replies":[{"embeddable":true,"href":"https:\/\/mekulo.com\/dk\/wp-json\/wp\/v2\/comments?post=22179"}],"wp:featuredmedia":[{"embeddable":true,"href":"https:\/\/mekulo.com\/dk\/wp-json\/wp\/v2\/media\/22175"}],"wp:attachment":[{"href":"https:\/\/mekulo.com\/dk\/wp-json\/wp\/v2\/media?parent=22179"}],"wp:term":[{"taxonomy":"product_brand","embeddable":true,"href":"https:\/\/mekulo.com\/dk\/wp-json\/wp\/v2\/product_brand?post=22179"},{"taxonomy":"product_cat","embeddable":true,"href":"https:\/\/mekulo.com\/dk\/wp-json\/wp\/v2\/product_cat?post=22179"},{"taxonomy":"product_tag","embeddable":true,"href":"https:\/\/mekulo.com\/dk\/wp-json\/wp\/v2\/product_tag?post=22179"}],"curies":[{"name":"wp","href":"https:\/\/api.w.org\/{rel}","templated":true}]}}