{"id":22164,"date":"2026-02-05T08:10:35","date_gmt":"2026-02-05T06:10:35","guid":{"rendered":"https:\/\/mekulo.com\/dk\/produkt\/propangasbraender-ukrudtsbraendersaet\/"},"modified":"2026-02-05T08:10:44","modified_gmt":"2026-02-05T06:10:44","slug":"propangasbraender-ukrudtsbraendersaet","status":"publish","type":"product","link":"https:\/\/mekulo.com\/dk\/produkt\/propangasbraender-ukrudtsbraendersaet\/","title":{"rendered":"Propangasbr\u00e6nder ukrudtsbr\u00e6nders\u00e6t"},"content":{"rendered":"<div class=\"flex max-w-full flex-col grow\">\n<div class=\"min-h-8 text-message relative flex w-full flex-col items-end gap-2 text-start break-words whitespace-normal [.text-message+&amp;]:mt-1\" dir=\"auto\" data-message-author-role=\"assistant\" data-message-id=\"6400d3be-7f26-4d1d-9ba5-c9df32c4aa56\" data-message-model-slug=\"gpt-5-2\">\n<div class=\"flex w-full flex-col gap-1 empty:hidden first:pt-[1px]\">\n<div class=\"markdown prose dark:prose-invert w-full wrap-break-word light markdown-new-styling\">\n<p style=\"text-align: center\" data-start=\"0\" data-end=\"48\"><strong data-start=\"0\" data-end=\"48\">Br\u00e6nd Ukrudt Hurtigt Og Rent Uden Kemikalier. \ud83d\udd25<\/strong><\/p>\n<p data-start=\"0\" data-end=\"48\"><img fetchpriority=\"high\" decoding=\"async\" class=\"size-full wp-image-23547 aligncenter\" src=\"https:\/\/mekulo.com\/template\/wp-content\/uploads\/sites\/6\/2026\/02\/3-1.jpg\" alt=\"\" width=\"1080\" height=\"1080\" \/><\/p>\n<h2 style=\"text-align: center\" data-start=\"516\" data-end=\"533\"><strong>Hovedfordele \ud83d\udd25<\/strong><\/h2>\n<p data-start=\"536\" data-end=\"610\">\ud83d\udd25 Kraftig flammekontrol &#8211; Justerbar ildkraft til forskellige opgaver.<\/p>\n<p data-start=\"613\" data-end=\"692\">\ud83c\udf31 Kemikaliefri ukrudtsfjernelse &#8211; Milj\u00f8venlig og sikker for milj\u00f8et.<\/p>\n<p data-start=\"695\" data-end=\"766\">\ud83d\udee0\ufe0f Kraftig konstruktion &#8211; Messing og r\u00f8dt kobber for lang levetid.<\/p>\n<p data-start=\"769\" data-end=\"842\">\u2744\ufe0f Multifunktionel brug &#8211; Ukrudtsbr\u00e6nding, opt\u00f8ning af is, svejsning og meget mere.<\/p>\n<p data-start=\"845\" data-end=\"908\">\ud83d\udd12 Sikker drift &#8211; St\u00e6rk forsegling og h\u00f8jtryksslange.<\/p>\n<p data-start=\"911\" data-end=\"965\">\ud83d\udcdc CSA-certificeret &#8211; Testet for sikkerhed og kvalitet.<\/p>\n<p data-start=\"911\" data-end=\"965\"><img decoding=\"async\" class=\"size-full wp-image-23544 aligncenter\" src=\"https:\/\/mekulo.com\/template\/wp-content\/uploads\/sites\/6\/2026\/02\/He36442523a384bd5bf780715122d2e46S.webp\" alt=\"\" width=\"1000\" height=\"1684\" \/><\/p>\n<h2 style=\"text-align: center\" data-start=\"967\" data-end=\"981\"><strong>S\u00e5dan Bruges \ud83d\udccc<\/strong><\/h2>\n<ol data-start=\"982\" data-end=\"1226\">\n<li data-start=\"982\" data-end=\"1034\">\n<p data-start=\"985\" data-end=\"1034\">Tilslut br\u00e6nderen til en propan- eller LPG-gasbeholder.<\/p>\n<\/li>\n<li data-start=\"1035\" data-end=\"1073\">\n<p data-start=\"1038\" data-end=\"1073\">T\u00e6nd for gassen ved hj\u00e6lp af kontakten.<\/p>\n<\/li>\n<li data-start=\"1074\" data-end=\"1123\">\n<p data-start=\"1077\" data-end=\"1123\">T\u00e6nd br\u00e6nderen, og juster flammeniveauet.<\/p>\n<\/li>\n<li data-start=\"1124\" data-end=\"1177\">\n<p data-start=\"1127\" data-end=\"1177\">Sigt p\u00e5 ukrudt eller m\u00e5lomr\u00e5det, og bev\u00e6g dig langsomt.<\/p>\n<\/li>\n<li data-start=\"1178\" data-end=\"1226\">\n<p data-start=\"1181\" data-end=\"1226\">Sluk for gassen efter brug, og lad den k\u00f8le af.<\/p>\n<\/li>\n<\/ol>\n<h2 style=\"text-align: center\" data-start=\"1228\" data-end=\"1247\"><strong>Produktoplysninger \ud83d\udccf<\/strong><\/h2>\n<ul data-start=\"1248\" data-end=\"1510\">\n<li data-start=\"1248\" data-end=\"1283\">\n<p data-start=\"1250\" data-end=\"1283\">Materialer: Messing og r\u00f8dt kobber<\/p>\n<\/li>\n<li data-start=\"1284\" data-end=\"1311\">\n<p data-start=\"1286\" data-end=\"1311\">Gastype: Propan\/LPG<\/p>\n<\/li>\n<li data-start=\"1312\" data-end=\"1355\">\n<p data-start=\"1314\" data-end=\"1355\">Kontaktmuligheder: dobbeltkontakt<\/p>\n<\/li>\n<li data-start=\"1356\" data-end=\"1402\">\n<p data-start=\"1358\" data-end=\"1402\">Slange: Slidst\u00e6rk, h\u00f8jtryksdesign<\/p>\n<\/li>\n<li data-start=\"1403\" data-end=\"1478\">\n<p data-start=\"1405\" data-end=\"1478\">Anvendelser: Ukrudtsbr\u00e6nding, opt\u00f8ning, svejsning, desinfektion, vedligeholdelse<\/p>\n<\/li>\n<li data-start=\"1403\" data-end=\"1478\">Typer: 30# type (405 mm), 35# type (480 mm), 50# type (680 mm)<\/li>\n<\/ul>\n<h2 style=\"text-align: center\">Pakken Indeholder \ud83d\udce6<\/h2>\n<ul>\n<li data-start=\"51\" data-end=\"131\">1x gasbl\u00e6selampehoved<\/li>\n<li data-start=\"51\" data-end=\"131\">1x r\u00f8d gasslange<\/li>\n<li data-start=\"51\" data-end=\"131\">1x s\u00e6t stik\/fittings.<\/li>\n<\/ul>\n<\/div>\n<\/div>\n<\/div>\n<\/div>\n","protected":false},"excerpt":{"rendered":"<p>\ud83d\udc68\u200d\ud83d\udd27This propanbr\u00e6nder ukrudtsbr\u00e6nders\u00e6t leverer kraftig, justerbar flammevarme til at fjerne ukrudt, smelte is og h\u00e5ndtere mange udend\u00f8rs opgaver med lethed.<br \/>\n\ud83d\udd25Det fungerer med propan eller LPG og giver dig st\u00e6rk, kontrolleret ildkraft pr\u00e6cis, hvor du har brug for det.<br \/>\n\ud83c\udfe1Det er bygget af slidst\u00e6rkt messing og r\u00f8dt kobber, hvilket g\u00f8r det p\u00e5lideligt til langvarig udend\u00f8rs og professionel brug.<\/p>\n","protected":false},"featured_media":22160,"comment_status":"open","ping_status":"closed","template":"","meta":{"site-sidebar-layout":"default","site-content-layout":"","ast-site-content-layout":"default","site-content-style":"default","site-sidebar-style":"default","ast-global-header-display":"","ast-banner-title-visibility":"","ast-main-header-display":"","ast-hfb-above-header-display":"","ast-hfb-below-header-display":"","ast-hfb-mobile-header-display":"","site-post-title":"","ast-breadcrumbs-content":"","ast-featured-img":"","footer-sml-layout":"","ast-disable-related-posts":"","theme-transparent-header-meta":"default","adv-header-id-meta":"","stick-header-meta":"","header-above-stick-meta":"","header-main-stick-meta":"","header-below-stick-meta":"","astra-migrate-meta-layouts":"set","ast-page-background-enabled":"default","ast-page-background-meta":{"desktop":{"background-color":"var(--ast-global-color-5)","background-image":"","background-repeat":"repeat","background-position":"center center","background-size":"auto","background-attachment":"scroll","background-type":"","background-media":"","overlay-type":"","overlay-color":"","overlay-opacity":"","overlay-gradient":""},"tablet":{"background-color":"","background-image":"","background-repeat":"repeat","background-position":"center center","background-size":"auto","background-attachment":"scroll","background-type":"","background-media":"","overlay-type":"","overlay-color":"","overlay-opacity":"","overlay-gradient":""},"mobile":{"background-color":"","background-image":"","background-repeat":"repeat","background-position":"center center","background-size":"auto","background-attachment":"scroll","background-type":"","background-media":"","overlay-type":"","overlay-color":"","overlay-opacity":"","overlay-gradient":""}},"ast-content-background-meta":{"desktop":{"background-color":"var(--ast-global-color-4)","background-image":"","background-repeat":"repeat","background-position":"center center","background-size":"auto","background-attachment":"scroll","background-type":"","background-media":"","overlay-type":"","overlay-color":"","overlay-opacity":"","overlay-gradient":""},"tablet":{"background-color":"var(--ast-global-color-4)","background-image":"","background-repeat":"repeat","background-position":"center center","background-size":"auto","background-attachment":"scroll","background-type":"","background-media":"","overlay-type":"","overlay-color":"","overlay-opacity":"","overlay-gradient":""},"mobile":{"background-color":"var(--ast-global-color-4)","background-image":"","background-repeat":"repeat","background-position":"center center","background-size":"auto","background-attachment":"scroll","background-type":"","background-media":"","overlay-type":"","overlay-color":"","overlay-opacity":"","overlay-gradient":""}}},"product_brand":[],"product_cat":[171],"product_tag":[],"class_list":{"0":"post-22164","1":"product","2":"type-product","3":"status-publish","4":"has-post-thumbnail","6":"product_cat-vaerktoejer","7":"pa_54590_11e232pc-1546","8":"pa_54590_11e232pc-1547","9":"pa_54590_11e232pc-1548","10":"desktop-align-left","11":"tablet-align-left","12":"mobile-align-left","14":"first","15":"instock","16":"shipping-taxable","17":"purchasable","18":"product-type-variable"},"yoast_head":"<!-- This site is optimized with the Yoast SEO plugin v27.4 - https:\/\/yoast.com\/product\/yoast-seo-wordpress\/ -->\n<title>Propangasbr\u00e6nder ukrudtsbr\u00e6nders\u00e6t - Mekulo DK<\/title>\n<meta name=\"robots\" content=\"index, follow, max-snippet:-1, max-image-preview:large, max-video-preview:-1\" \/>\n<link rel=\"canonical\" href=\"https:\/\/mekulo.com\/dk\/produkt\/propangasbraender-ukrudtsbraendersaet\/\" \/>\n<meta property=\"og:locale\" content=\"da_DK\" \/>\n<meta property=\"og:type\" content=\"article\" \/>\n<meta property=\"og:title\" content=\"Propangasbr\u00e6nder ukrudtsbr\u00e6nders\u00e6t - Mekulo DK\" \/>\n<meta property=\"og:description\" content=\"\ud83d\udc68\u200d\ud83d\udd27This propanbr\u00e6nder ukrudtsbr\u00e6nders\u00e6t leverer kraftig, justerbar flammevarme til at fjerne ukrudt, smelte is og h\u00e5ndtere mange udend\u00f8rs opgaver med lethed. \ud83d\udd25Det fungerer med propan eller LPG og giver dig st\u00e6rk, kontrolleret ildkraft pr\u00e6cis, hvor du har brug for det. \ud83c\udfe1Det er bygget af slidst\u00e6rkt messing og r\u00f8dt kobber, hvilket g\u00f8r det p\u00e5lideligt til langvarig udend\u00f8rs og professionel brug.\" \/>\n<meta property=\"og:url\" content=\"https:\/\/mekulo.com\/dk\/produkt\/propangasbraender-ukrudtsbraendersaet\/\" \/>\n<meta property=\"og:site_name\" content=\"Mekulo DK\" \/>\n<meta property=\"article:modified_time\" content=\"2026-02-05T06:10:44+00:00\" \/>\n<meta property=\"og:image\" content=\"https:\/\/mekulo.com\/dk\/wp-content\/uploads\/sites\/12\/2026\/02\/oucdrdp-1.jpg\" \/>\n\t<meta property=\"og:image:width\" content=\"1080\" \/>\n\t<meta property=\"og:image:height\" content=\"1080\" \/>\n\t<meta property=\"og:image:type\" content=\"image\/jpeg\" \/>\n<meta name=\"twitter:card\" content=\"summary_large_image\" \/>\n<meta name=\"twitter:label1\" content=\"Estimeret l\u00e6setid\" \/>\n\t<meta name=\"twitter:data1\" content=\"2 minutter\" \/>\n<script type=\"application\/ld+json\" class=\"yoast-schema-graph\">{\"@context\":\"https:\\\/\\\/schema.org\",\"@graph\":[{\"@type\":\"WebPage\",\"@id\":\"https:\\\/\\\/mekulo.com\\\/dk\\\/produkt\\\/propangasbraender-ukrudtsbraendersaet\\\/\",\"url\":\"https:\\\/\\\/mekulo.com\\\/dk\\\/produkt\\\/propangasbraender-ukrudtsbraendersaet\\\/\",\"name\":\"Propangasbr\u00e6nder ukrudtsbr\u00e6nders\u00e6t - Mekulo DK\",\"isPartOf\":{\"@id\":\"https:\\\/\\\/mekulo.com\\\/dk\\\/#website\"},\"primaryImageOfPage\":{\"@id\":\"https:\\\/\\\/mekulo.com\\\/dk\\\/produkt\\\/propangasbraender-ukrudtsbraendersaet\\\/#primaryimage\"},\"image\":{\"@id\":\"https:\\\/\\\/mekulo.com\\\/dk\\\/produkt\\\/propangasbraender-ukrudtsbraendersaet\\\/#primaryimage\"},\"thumbnailUrl\":\"https:\\\/\\\/mekulo.com\\\/dk\\\/wp-content\\\/uploads\\\/sites\\\/12\\\/2026\\\/02\\\/oucdrdp-1.jpg\",\"datePublished\":\"2026-02-05T06:10:35+00:00\",\"dateModified\":\"2026-02-05T06:10:44+00:00\",\"breadcrumb\":{\"@id\":\"https:\\\/\\\/mekulo.com\\\/dk\\\/produkt\\\/propangasbraender-ukrudtsbraendersaet\\\/#breadcrumb\"},\"inLanguage\":\"da-DK\",\"potentialAction\":[{\"@type\":\"ReadAction\",\"target\":[\"https:\\\/\\\/mekulo.com\\\/dk\\\/produkt\\\/propangasbraender-ukrudtsbraendersaet\\\/\"]}]},{\"@type\":\"ImageObject\",\"inLanguage\":\"da-DK\",\"@id\":\"https:\\\/\\\/mekulo.com\\\/dk\\\/produkt\\\/propangasbraender-ukrudtsbraendersaet\\\/#primaryimage\",\"url\":\"https:\\\/\\\/mekulo.com\\\/dk\\\/wp-content\\\/uploads\\\/sites\\\/12\\\/2026\\\/02\\\/oucdrdp-1.jpg\",\"contentUrl\":\"https:\\\/\\\/mekulo.com\\\/dk\\\/wp-content\\\/uploads\\\/sites\\\/12\\\/2026\\\/02\\\/oucdrdp-1.jpg\",\"width\":1080,\"height\":1080},{\"@type\":\"BreadcrumbList\",\"@id\":\"https:\\\/\\\/mekulo.com\\\/dk\\\/produkt\\\/propangasbraender-ukrudtsbraendersaet\\\/#breadcrumb\",\"itemListElement\":[{\"@type\":\"ListItem\",\"position\":1,\"name\":\"Home\",\"item\":\"https:\\\/\\\/mekulo.com\\\/dk\\\/\"},{\"@type\":\"ListItem\",\"position\":2,\"name\":\"Butik\",\"item\":\"https:\\\/\\\/mekulo.com\\\/dk\\\/butik\\\/\"},{\"@type\":\"ListItem\",\"position\":3,\"name\":\"Propangasbr\u00e6nder ukrudtsbr\u00e6nders\u00e6t\"}]},{\"@type\":\"WebSite\",\"@id\":\"https:\\\/\\\/mekulo.com\\\/dk\\\/#website\",\"url\":\"https:\\\/\\\/mekulo.com\\\/dk\\\/\",\"name\":\"Mekulo DK\",\"description\":\"\",\"publisher\":{\"@id\":\"https:\\\/\\\/mekulo.com\\\/dk\\\/#organization\"},\"potentialAction\":[{\"@type\":\"SearchAction\",\"target\":{\"@type\":\"EntryPoint\",\"urlTemplate\":\"https:\\\/\\\/mekulo.com\\\/dk\\\/?s={search_term_string}\"},\"query-input\":{\"@type\":\"PropertyValueSpecification\",\"valueRequired\":true,\"valueName\":\"search_term_string\"}}],\"inLanguage\":\"da-DK\"},{\"@type\":\"Organization\",\"@id\":\"https:\\\/\\\/mekulo.com\\\/dk\\\/#organization\",\"name\":\"Mekulo\",\"url\":\"https:\\\/\\\/mekulo.com\\\/dk\\\/\",\"logo\":{\"@type\":\"ImageObject\",\"inLanguage\":\"da-DK\",\"@id\":\"https:\\\/\\\/mekulo.com\\\/dk\\\/#\\\/schema\\\/logo\\\/image\\\/\",\"url\":\"https:\\\/\\\/mekulo.com\\\/dk\\\/wp-content\\\/uploads\\\/sites\\\/12\\\/2025\\\/12\\\/favicon_mekulo.png\",\"contentUrl\":\"https:\\\/\\\/mekulo.com\\\/dk\\\/wp-content\\\/uploads\\\/sites\\\/12\\\/2025\\\/12\\\/favicon_mekulo.png\",\"width\":50,\"height\":50,\"caption\":\"Mekulo\"},\"image\":{\"@id\":\"https:\\\/\\\/mekulo.com\\\/dk\\\/#\\\/schema\\\/logo\\\/image\\\/\"}}]}<\/script>\n<!-- \/ Yoast SEO plugin. -->","yoast_head_json":{"title":"Propangasbr\u00e6nder ukrudtsbr\u00e6nders\u00e6t - Mekulo DK","robots":{"index":"index","follow":"follow","max-snippet":"max-snippet:-1","max-image-preview":"max-image-preview:large","max-video-preview":"max-video-preview:-1"},"canonical":"https:\/\/mekulo.com\/dk\/produkt\/propangasbraender-ukrudtsbraendersaet\/","og_locale":"da_DK","og_type":"article","og_title":"Propangasbr\u00e6nder ukrudtsbr\u00e6nders\u00e6t - Mekulo DK","og_description":"\ud83d\udc68\u200d\ud83d\udd27This propanbr\u00e6nder ukrudtsbr\u00e6nders\u00e6t leverer kraftig, justerbar flammevarme til at fjerne ukrudt, smelte is og h\u00e5ndtere mange udend\u00f8rs opgaver med lethed. \ud83d\udd25Det fungerer med propan eller LPG og giver dig st\u00e6rk, kontrolleret ildkraft pr\u00e6cis, hvor du har brug for det. \ud83c\udfe1Det er bygget af slidst\u00e6rkt messing og r\u00f8dt kobber, hvilket g\u00f8r det p\u00e5lideligt til langvarig udend\u00f8rs og professionel brug.","og_url":"https:\/\/mekulo.com\/dk\/produkt\/propangasbraender-ukrudtsbraendersaet\/","og_site_name":"Mekulo DK","article_modified_time":"2026-02-05T06:10:44+00:00","og_image":[{"width":1080,"height":1080,"url":"https:\/\/mekulo.com\/dk\/wp-content\/uploads\/sites\/12\/2026\/02\/oucdrdp-1.jpg","type":"image\/jpeg"}],"twitter_card":"summary_large_image","twitter_misc":{"Estimeret l\u00e6setid":"2 minutter"},"schema":{"@context":"https:\/\/schema.org","@graph":[{"@type":"WebPage","@id":"https:\/\/mekulo.com\/dk\/produkt\/propangasbraender-ukrudtsbraendersaet\/","url":"https:\/\/mekulo.com\/dk\/produkt\/propangasbraender-ukrudtsbraendersaet\/","name":"Propangasbr\u00e6nder ukrudtsbr\u00e6nders\u00e6t - Mekulo DK","isPartOf":{"@id":"https:\/\/mekulo.com\/dk\/#website"},"primaryImageOfPage":{"@id":"https:\/\/mekulo.com\/dk\/produkt\/propangasbraender-ukrudtsbraendersaet\/#primaryimage"},"image":{"@id":"https:\/\/mekulo.com\/dk\/produkt\/propangasbraender-ukrudtsbraendersaet\/#primaryimage"},"thumbnailUrl":"https:\/\/mekulo.com\/dk\/wp-content\/uploads\/sites\/12\/2026\/02\/oucdrdp-1.jpg","datePublished":"2026-02-05T06:10:35+00:00","dateModified":"2026-02-05T06:10:44+00:00","breadcrumb":{"@id":"https:\/\/mekulo.com\/dk\/produkt\/propangasbraender-ukrudtsbraendersaet\/#breadcrumb"},"inLanguage":"da-DK","potentialAction":[{"@type":"ReadAction","target":["https:\/\/mekulo.com\/dk\/produkt\/propangasbraender-ukrudtsbraendersaet\/"]}]},{"@type":"ImageObject","inLanguage":"da-DK","@id":"https:\/\/mekulo.com\/dk\/produkt\/propangasbraender-ukrudtsbraendersaet\/#primaryimage","url":"https:\/\/mekulo.com\/dk\/wp-content\/uploads\/sites\/12\/2026\/02\/oucdrdp-1.jpg","contentUrl":"https:\/\/mekulo.com\/dk\/wp-content\/uploads\/sites\/12\/2026\/02\/oucdrdp-1.jpg","width":1080,"height":1080},{"@type":"BreadcrumbList","@id":"https:\/\/mekulo.com\/dk\/produkt\/propangasbraender-ukrudtsbraendersaet\/#breadcrumb","itemListElement":[{"@type":"ListItem","position":1,"name":"Home","item":"https:\/\/mekulo.com\/dk\/"},{"@type":"ListItem","position":2,"name":"Butik","item":"https:\/\/mekulo.com\/dk\/butik\/"},{"@type":"ListItem","position":3,"name":"Propangasbr\u00e6nder ukrudtsbr\u00e6nders\u00e6t"}]},{"@type":"WebSite","@id":"https:\/\/mekulo.com\/dk\/#website","url":"https:\/\/mekulo.com\/dk\/","name":"Mekulo DK","description":"","publisher":{"@id":"https:\/\/mekulo.com\/dk\/#organization"},"potentialAction":[{"@type":"SearchAction","target":{"@type":"EntryPoint","urlTemplate":"https:\/\/mekulo.com\/dk\/?s={search_term_string}"},"query-input":{"@type":"PropertyValueSpecification","valueRequired":true,"valueName":"search_term_string"}}],"inLanguage":"da-DK"},{"@type":"Organization","@id":"https:\/\/mekulo.com\/dk\/#organization","name":"Mekulo","url":"https:\/\/mekulo.com\/dk\/","logo":{"@type":"ImageObject","inLanguage":"da-DK","@id":"https:\/\/mekulo.com\/dk\/#\/schema\/logo\/image\/","url":"https:\/\/mekulo.com\/dk\/wp-content\/uploads\/sites\/12\/2025\/12\/favicon_mekulo.png","contentUrl":"https:\/\/mekulo.com\/dk\/wp-content\/uploads\/sites\/12\/2025\/12\/favicon_mekulo.png","width":50,"height":50,"caption":"Mekulo"},"image":{"@id":"https:\/\/mekulo.com\/dk\/#\/schema\/logo\/image\/"}}]}},"_links":{"self":[{"href":"https:\/\/mekulo.com\/dk\/wp-json\/wp\/v2\/product\/22164","targetHints":{"allow":["GET"]}}],"collection":[{"href":"https:\/\/mekulo.com\/dk\/wp-json\/wp\/v2\/product"}],"about":[{"href":"https:\/\/mekulo.com\/dk\/wp-json\/wp\/v2\/types\/product"}],"replies":[{"embeddable":true,"href":"https:\/\/mekulo.com\/dk\/wp-json\/wp\/v2\/comments?post=22164"}],"wp:featuredmedia":[{"embeddable":true,"href":"https:\/\/mekulo.com\/dk\/wp-json\/wp\/v2\/media\/22160"}],"wp:attachment":[{"href":"https:\/\/mekulo.com\/dk\/wp-json\/wp\/v2\/media?parent=22164"}],"wp:term":[{"taxonomy":"product_brand","embeddable":true,"href":"https:\/\/mekulo.com\/dk\/wp-json\/wp\/v2\/product_brand?post=22164"},{"taxonomy":"product_cat","embeddable":true,"href":"https:\/\/mekulo.com\/dk\/wp-json\/wp\/v2\/product_cat?post=22164"},{"taxonomy":"product_tag","embeddable":true,"href":"https:\/\/mekulo.com\/dk\/wp-json\/wp\/v2\/product_tag?post=22164"}],"curies":[{"name":"wp","href":"https:\/\/api.w.org\/{rel}","templated":true}]}}