{"id":22135,"date":"2026-02-04T21:39:30","date_gmt":"2026-02-04T19:39:30","guid":{"rendered":"https:\/\/mekulo.com\/dk\/produkt\/interaktivt-giraf-legetoej\/"},"modified":"2026-02-11T12:48:06","modified_gmt":"2026-02-11T10:48:06","slug":"interaktivt-giraf-legetoej","status":"publish","type":"product","link":"https:\/\/mekulo.com\/dk\/produkt\/interaktivt-giraf-legetoej\/","title":{"rendered":"Interaktivt giraf-leget\u00f8j"},"content":{"rendered":"<div class=\"flex max-w-full flex-col grow\">\n<div class=\"min-h-8 text-message relative flex w-full flex-col items-end gap-2 text-start break-words whitespace-normal [.text-message+&amp;]:mt-1\" dir=\"auto\" data-message-author-role=\"assistant\" data-message-id=\"dfc2fa5e-d5c9-44a1-b4ba-f9930e738b9c\" data-message-model-slug=\"gpt-5-2\">\n<div class=\"flex w-full flex-col gap-1 empty:hidden first:pt-[1px]\">\n<div class=\"markdown prose dark:prose-invert w-full wrap-break-word light markdown-new-styling\">\n<p style=\"text-align: center\" data-start=\"0\" data-end=\"52\"><strong data-start=\"0\" data-end=\"52\">Bring Musik, Bev\u00e6gelse Og Latter Ind I Legen. \ud83c\udfb6<\/strong><\/p>\n<\/div>\n<p data-start=\"0\" data-end=\"52\"><img fetchpriority=\"high\" decoding=\"async\" class=\"size-full wp-image-23516 aligncenter\" src=\"https:\/\/mekulo.com\/template\/wp-content\/uploads\/sites\/6\/2026\/02\/6.jpg\" alt=\"\" width=\"1080\" height=\"1080\" \/><\/p>\n<div class=\"markdown prose dark:prose-invert w-full wrap-break-word light markdown-new-styling\">\n<h2 style=\"text-align: center\" data-start=\"283\" data-end=\"300\">Hovedfordele \ud83e\udd92<\/h2>\n<p data-start=\"303\" data-end=\"372\">\ud83e\udd92 Sjov med dans og sang &#8211; drejer, danser og spiller 10 sange.<\/p>\n<p data-start=\"375\" data-end=\"443\">\ud83c\udfa4 Stemmeimitation &#8211; gentager det, du siger, til interaktiv leg.<\/p>\n<p data-start=\"446\" data-end=\"503\">\ud83d\udca1 LED-lyseffekter &#8211; lyse og engagerende for b\u00f8rn.<\/p>\n<p data-start=\"506\" data-end=\"575\">\ud83e\uddf8 Bl\u00f8dt plys-materiale &#8211; blidt, sikkert og behageligt at r\u00f8re ved.<\/p>\n<p data-start=\"578\" data-end=\"649\">\ud83c\udf81 Beskeder, der kan optages &#8211; perfekt til personlige hilsner og gaver.<\/p>\n<p data-start=\"652\" data-end=\"715\">\ud83d\ude97 B\u00e6rbart design &#8211; Let at have med p\u00e5 rejser og udflugter.<\/p>\n<p data-start=\"652\" data-end=\"715\"><img decoding=\"async\" class=\"size-full wp-image-23520 aligncenter\" src=\"https:\/\/mekulo.com\/template\/wp-content\/uploads\/sites\/6\/2026\/02\/Sf23033191bcd4f4d8c9ba4b5ae1750e00.jpg\" alt=\"\" width=\"1080\" height=\"1080\" \/><\/p>\n<h2 style=\"text-align: center\" data-start=\"717\" data-end=\"731\">Brug \ud83d\udccc<\/h2>\n<ol data-start=\"732\" data-end=\"1003\">\n<li data-start=\"732\" data-end=\"774\">\n<p data-start=\"735\" data-end=\"774\">S\u00e6t 3x AA-batterier i (medf\u00f8lger ikke).<\/p>\n<\/li>\n<li data-start=\"775\" data-end=\"830\">\n<p data-start=\"778\" data-end=\"830\">Tryk p\u00e5 knappen for at afspille musik og se den danse.<\/p>\n<\/li>\n<li data-start=\"831\" data-end=\"880\">\n<p data-start=\"834\" data-end=\"880\">Tal for at aktivere stemmegentagelsesfunktionen.<\/p>\n<\/li>\n<li data-start=\"881\" data-end=\"939\">\n<p data-start=\"884\" data-end=\"939\">Tryk og hold optageknappen nede for at optage en besked.<\/p>\n<\/li>\n<li data-start=\"940\" data-end=\"1003\">\n<p data-start=\"943\" data-end=\"1003\">Tryk \u00e9n gang for at afspille optagelsen, eller hold den nede igen for at slette den.<\/p>\n<\/li>\n<\/ol>\n<h2 style=\"text-align: center\" data-start=\"1005\" data-end=\"1024\">Produktdetaljer \ud83d\udccf<\/h2>\n<ul data-start=\"1025\" data-end=\"1201\">\n<li data-start=\"1025\" data-end=\"1044\">\n<p data-start=\"1027\" data-end=\"1044\">Materiale: Plys<\/p>\n<\/li>\n<li data-start=\"1045\" data-end=\"1074\">\n<p data-start=\"1047\" data-end=\"1074\">St\u00f8rrelse: 31 x 8,6 cm<\/p>\n<\/li>\n<li data-start=\"1095\" data-end=\"1137\">\n<p data-start=\"1097\" data-end=\"1137\">Str\u00f8m: 3x AA-batterier (medf\u00f8lger ikke)<\/p>\n<\/li>\n<li data-start=\"1138\" data-end=\"1201\">\n<p data-start=\"1140\" data-end=\"1201\">Funktioner: Dans, sang, tale, optagelse, LED-lys<\/p>\n<\/li>\n<\/ul>\n<h2 style=\"text-align: center\" data-start=\"1203\" data-end=\"1223\">Pakken Indeholder \ud83d\udce6<\/h2>\n<ul data-start=\"1224\" data-end=\"1269\" data-is-last-node=\"\" data-is-only-node=\"\">\n<li data-start=\"1224\" data-end=\"1269\" data-is-last-node=\"\">\n<p data-start=\"1226\" data-end=\"1269\" data-is-last-node=\"\">1x interaktivt dansende, talende girafleget\u00f8j.<\/p>\n<\/li>\n<\/ul>\n<\/div>\n<\/div>\n<\/div>\n<\/div>\n","protected":false},"excerpt":{"rendered":"<p>\ud83e\udd92Dette interaktive girafleget\u00f8j danser, synger, taler og lyser for at holde b\u00f8rn underholdt i timevis.<br \/>\n\ud83c\udfb5Det gentager stemmer, spiller sange og optager beskeder og hj\u00e6lper b\u00f8rn med at have det sjovt, mens de udvikler tale- og lyttef\u00e6rdigheder.<br \/>\n\ud83d\udc67Dets legende bev\u00e6gelser og lyde holder b\u00f8rn engagerede, mens de tilskynder til aktiv og fantasifuld leg.<\/p>\n","protected":false},"featured_media":22131,"comment_status":"open","ping_status":"closed","template":"","meta":{"site-sidebar-layout":"default","site-content-layout":"","ast-site-content-layout":"default","site-content-style":"default","site-sidebar-style":"default","ast-global-header-display":"","ast-banner-title-visibility":"","ast-main-header-display":"","ast-hfb-above-header-display":"","ast-hfb-below-header-display":"","ast-hfb-mobile-header-display":"","site-post-title":"","ast-breadcrumbs-content":"","ast-featured-img":"","footer-sml-layout":"","ast-disable-related-posts":"","theme-transparent-header-meta":"default","adv-header-id-meta":"","stick-header-meta":"","header-above-stick-meta":"","header-main-stick-meta":"","header-below-stick-meta":"","astra-migrate-meta-layouts":"set","ast-page-background-enabled":"default","ast-page-background-meta":{"desktop":{"background-color":"var(--ast-global-color-5)","background-image":"","background-repeat":"repeat","background-position":"center center","background-size":"auto","background-attachment":"scroll","background-type":"","background-media":"","overlay-type":"","overlay-color":"","overlay-opacity":"","overlay-gradient":""},"tablet":{"background-color":"","background-image":"","background-repeat":"repeat","background-position":"center center","background-size":"auto","background-attachment":"scroll","background-type":"","background-media":"","overlay-type":"","overlay-color":"","overlay-opacity":"","overlay-gradient":""},"mobile":{"background-color":"","background-image":"","background-repeat":"repeat","background-position":"center center","background-size":"auto","background-attachment":"scroll","background-type":"","background-media":"","overlay-type":"","overlay-color":"","overlay-opacity":"","overlay-gradient":""}},"ast-content-background-meta":{"desktop":{"background-color":"var(--ast-global-color-4)","background-image":"","background-repeat":"repeat","background-position":"center center","background-size":"auto","background-attachment":"scroll","background-type":"","background-media":"","overlay-type":"","overlay-color":"","overlay-opacity":"","overlay-gradient":""},"tablet":{"background-color":"var(--ast-global-color-4)","background-image":"","background-repeat":"repeat","background-position":"center center","background-size":"auto","background-attachment":"scroll","background-type":"","background-media":"","overlay-type":"","overlay-color":"","overlay-opacity":"","overlay-gradient":""},"mobile":{"background-color":"var(--ast-global-color-4)","background-image":"","background-repeat":"repeat","background-position":"center center","background-size":"auto","background-attachment":"scroll","background-type":"","background-media":"","overlay-type":"","overlay-color":"","overlay-opacity":"","overlay-gradient":""}}},"product_brand":[],"product_cat":[172],"product_tag":[],"class_list":{"0":"post-22135","1":"product","2":"type-product","3":"status-publish","4":"has-post-thumbnail","6":"product_cat-legetoej-boerne-og-babyprodukter","7":"pa_54576_oudacuiy-brun","8":"pa_54576_oudacuiy-groen","9":"pa_54576_oudacuiy-gul","10":"pa_54576_oudacuiy-lyseroed","11":"desktop-align-left","12":"tablet-align-left","13":"mobile-align-left","15":"first","16":"instock","17":"shipping-taxable","18":"purchasable","19":"product-type-variable"},"yoast_head":"<!-- This site is optimized with the Yoast SEO plugin v27.4 - https:\/\/yoast.com\/product\/yoast-seo-wordpress\/ -->\n<title>Interaktivt giraf-leget\u00f8j - Mekulo DK<\/title>\n<meta name=\"robots\" content=\"index, follow, max-snippet:-1, max-image-preview:large, max-video-preview:-1\" \/>\n<link rel=\"canonical\" href=\"https:\/\/mekulo.com\/dk\/produkt\/interaktivt-giraf-legetoej\/\" \/>\n<meta property=\"og:locale\" content=\"da_DK\" \/>\n<meta property=\"og:type\" content=\"article\" \/>\n<meta property=\"og:title\" content=\"Interaktivt giraf-leget\u00f8j - Mekulo DK\" \/>\n<meta property=\"og:description\" content=\"\ud83e\udd92Dette interaktive girafleget\u00f8j danser, synger, taler og lyser for at holde b\u00f8rn underholdt i timevis. \ud83c\udfb5Det gentager stemmer, spiller sange og optager beskeder og hj\u00e6lper b\u00f8rn med at have det sjovt, mens de udvikler tale- og lyttef\u00e6rdigheder. \ud83d\udc67Dets legende bev\u00e6gelser og lyde holder b\u00f8rn engagerede, mens de tilskynder til aktiv og fantasifuld leg.\" \/>\n<meta property=\"og:url\" content=\"https:\/\/mekulo.com\/dk\/produkt\/interaktivt-giraf-legetoej\/\" \/>\n<meta property=\"og:site_name\" content=\"Mekulo DK\" \/>\n<meta property=\"article:modified_time\" content=\"2026-02-11T10:48:06+00:00\" \/>\n<meta property=\"og:image\" content=\"https:\/\/mekulo.com\/dk\/wp-content\/uploads\/sites\/12\/2026\/02\/nfkkhf4-1.jpeg\" \/>\n\t<meta property=\"og:image:width\" content=\"1000\" \/>\n\t<meta property=\"og:image:height\" content=\"1000\" \/>\n\t<meta property=\"og:image:type\" content=\"image\/jpeg\" \/>\n<meta name=\"twitter:card\" content=\"summary_large_image\" \/>\n<meta name=\"twitter:label1\" content=\"Estimeret l\u00e6setid\" \/>\n\t<meta name=\"twitter:data1\" content=\"2 minutter\" \/>\n<script type=\"application\/ld+json\" class=\"yoast-schema-graph\">{\"@context\":\"https:\\\/\\\/schema.org\",\"@graph\":[{\"@type\":\"WebPage\",\"@id\":\"https:\\\/\\\/mekulo.com\\\/dk\\\/produkt\\\/interaktivt-giraf-legetoej\\\/\",\"url\":\"https:\\\/\\\/mekulo.com\\\/dk\\\/produkt\\\/interaktivt-giraf-legetoej\\\/\",\"name\":\"Interaktivt giraf-leget\u00f8j - Mekulo DK\",\"isPartOf\":{\"@id\":\"https:\\\/\\\/mekulo.com\\\/dk\\\/#website\"},\"primaryImageOfPage\":{\"@id\":\"https:\\\/\\\/mekulo.com\\\/dk\\\/produkt\\\/interaktivt-giraf-legetoej\\\/#primaryimage\"},\"image\":{\"@id\":\"https:\\\/\\\/mekulo.com\\\/dk\\\/produkt\\\/interaktivt-giraf-legetoej\\\/#primaryimage\"},\"thumbnailUrl\":\"https:\\\/\\\/mekulo.com\\\/dk\\\/wp-content\\\/uploads\\\/sites\\\/12\\\/2026\\\/02\\\/nfkkhf4-1.jpeg\",\"datePublished\":\"2026-02-04T19:39:30+00:00\",\"dateModified\":\"2026-02-11T10:48:06+00:00\",\"breadcrumb\":{\"@id\":\"https:\\\/\\\/mekulo.com\\\/dk\\\/produkt\\\/interaktivt-giraf-legetoej\\\/#breadcrumb\"},\"inLanguage\":\"da-DK\",\"potentialAction\":[{\"@type\":\"ReadAction\",\"target\":[\"https:\\\/\\\/mekulo.com\\\/dk\\\/produkt\\\/interaktivt-giraf-legetoej\\\/\"]}]},{\"@type\":\"ImageObject\",\"inLanguage\":\"da-DK\",\"@id\":\"https:\\\/\\\/mekulo.com\\\/dk\\\/produkt\\\/interaktivt-giraf-legetoej\\\/#primaryimage\",\"url\":\"https:\\\/\\\/mekulo.com\\\/dk\\\/wp-content\\\/uploads\\\/sites\\\/12\\\/2026\\\/02\\\/nfkkhf4-1.jpeg\",\"contentUrl\":\"https:\\\/\\\/mekulo.com\\\/dk\\\/wp-content\\\/uploads\\\/sites\\\/12\\\/2026\\\/02\\\/nfkkhf4-1.jpeg\",\"width\":1000,\"height\":1000},{\"@type\":\"BreadcrumbList\",\"@id\":\"https:\\\/\\\/mekulo.com\\\/dk\\\/produkt\\\/interaktivt-giraf-legetoej\\\/#breadcrumb\",\"itemListElement\":[{\"@type\":\"ListItem\",\"position\":1,\"name\":\"Home\",\"item\":\"https:\\\/\\\/mekulo.com\\\/dk\\\/\"},{\"@type\":\"ListItem\",\"position\":2,\"name\":\"Butik\",\"item\":\"https:\\\/\\\/mekulo.com\\\/dk\\\/butik\\\/\"},{\"@type\":\"ListItem\",\"position\":3,\"name\":\"Interaktivt giraf-leget\u00f8j\"}]},{\"@type\":\"WebSite\",\"@id\":\"https:\\\/\\\/mekulo.com\\\/dk\\\/#website\",\"url\":\"https:\\\/\\\/mekulo.com\\\/dk\\\/\",\"name\":\"Mekulo DK\",\"description\":\"\",\"publisher\":{\"@id\":\"https:\\\/\\\/mekulo.com\\\/dk\\\/#organization\"},\"potentialAction\":[{\"@type\":\"SearchAction\",\"target\":{\"@type\":\"EntryPoint\",\"urlTemplate\":\"https:\\\/\\\/mekulo.com\\\/dk\\\/?s={search_term_string}\"},\"query-input\":{\"@type\":\"PropertyValueSpecification\",\"valueRequired\":true,\"valueName\":\"search_term_string\"}}],\"inLanguage\":\"da-DK\"},{\"@type\":\"Organization\",\"@id\":\"https:\\\/\\\/mekulo.com\\\/dk\\\/#organization\",\"name\":\"Mekulo\",\"url\":\"https:\\\/\\\/mekulo.com\\\/dk\\\/\",\"logo\":{\"@type\":\"ImageObject\",\"inLanguage\":\"da-DK\",\"@id\":\"https:\\\/\\\/mekulo.com\\\/dk\\\/#\\\/schema\\\/logo\\\/image\\\/\",\"url\":\"https:\\\/\\\/mekulo.com\\\/dk\\\/wp-content\\\/uploads\\\/sites\\\/12\\\/2025\\\/12\\\/favicon_mekulo.png\",\"contentUrl\":\"https:\\\/\\\/mekulo.com\\\/dk\\\/wp-content\\\/uploads\\\/sites\\\/12\\\/2025\\\/12\\\/favicon_mekulo.png\",\"width\":50,\"height\":50,\"caption\":\"Mekulo\"},\"image\":{\"@id\":\"https:\\\/\\\/mekulo.com\\\/dk\\\/#\\\/schema\\\/logo\\\/image\\\/\"}}]}<\/script>\n<!-- \/ Yoast SEO plugin. -->","yoast_head_json":{"title":"Interaktivt giraf-leget\u00f8j - Mekulo DK","robots":{"index":"index","follow":"follow","max-snippet":"max-snippet:-1","max-image-preview":"max-image-preview:large","max-video-preview":"max-video-preview:-1"},"canonical":"https:\/\/mekulo.com\/dk\/produkt\/interaktivt-giraf-legetoej\/","og_locale":"da_DK","og_type":"article","og_title":"Interaktivt giraf-leget\u00f8j - Mekulo DK","og_description":"\ud83e\udd92Dette interaktive girafleget\u00f8j danser, synger, taler og lyser for at holde b\u00f8rn underholdt i timevis. \ud83c\udfb5Det gentager stemmer, spiller sange og optager beskeder og hj\u00e6lper b\u00f8rn med at have det sjovt, mens de udvikler tale- og lyttef\u00e6rdigheder. \ud83d\udc67Dets legende bev\u00e6gelser og lyde holder b\u00f8rn engagerede, mens de tilskynder til aktiv og fantasifuld leg.","og_url":"https:\/\/mekulo.com\/dk\/produkt\/interaktivt-giraf-legetoej\/","og_site_name":"Mekulo DK","article_modified_time":"2026-02-11T10:48:06+00:00","og_image":[{"width":1000,"height":1000,"url":"https:\/\/mekulo.com\/dk\/wp-content\/uploads\/sites\/12\/2026\/02\/nfkkhf4-1.jpeg","type":"image\/jpeg"}],"twitter_card":"summary_large_image","twitter_misc":{"Estimeret l\u00e6setid":"2 minutter"},"schema":{"@context":"https:\/\/schema.org","@graph":[{"@type":"WebPage","@id":"https:\/\/mekulo.com\/dk\/produkt\/interaktivt-giraf-legetoej\/","url":"https:\/\/mekulo.com\/dk\/produkt\/interaktivt-giraf-legetoej\/","name":"Interaktivt giraf-leget\u00f8j - Mekulo DK","isPartOf":{"@id":"https:\/\/mekulo.com\/dk\/#website"},"primaryImageOfPage":{"@id":"https:\/\/mekulo.com\/dk\/produkt\/interaktivt-giraf-legetoej\/#primaryimage"},"image":{"@id":"https:\/\/mekulo.com\/dk\/produkt\/interaktivt-giraf-legetoej\/#primaryimage"},"thumbnailUrl":"https:\/\/mekulo.com\/dk\/wp-content\/uploads\/sites\/12\/2026\/02\/nfkkhf4-1.jpeg","datePublished":"2026-02-04T19:39:30+00:00","dateModified":"2026-02-11T10:48:06+00:00","breadcrumb":{"@id":"https:\/\/mekulo.com\/dk\/produkt\/interaktivt-giraf-legetoej\/#breadcrumb"},"inLanguage":"da-DK","potentialAction":[{"@type":"ReadAction","target":["https:\/\/mekulo.com\/dk\/produkt\/interaktivt-giraf-legetoej\/"]}]},{"@type":"ImageObject","inLanguage":"da-DK","@id":"https:\/\/mekulo.com\/dk\/produkt\/interaktivt-giraf-legetoej\/#primaryimage","url":"https:\/\/mekulo.com\/dk\/wp-content\/uploads\/sites\/12\/2026\/02\/nfkkhf4-1.jpeg","contentUrl":"https:\/\/mekulo.com\/dk\/wp-content\/uploads\/sites\/12\/2026\/02\/nfkkhf4-1.jpeg","width":1000,"height":1000},{"@type":"BreadcrumbList","@id":"https:\/\/mekulo.com\/dk\/produkt\/interaktivt-giraf-legetoej\/#breadcrumb","itemListElement":[{"@type":"ListItem","position":1,"name":"Home","item":"https:\/\/mekulo.com\/dk\/"},{"@type":"ListItem","position":2,"name":"Butik","item":"https:\/\/mekulo.com\/dk\/butik\/"},{"@type":"ListItem","position":3,"name":"Interaktivt giraf-leget\u00f8j"}]},{"@type":"WebSite","@id":"https:\/\/mekulo.com\/dk\/#website","url":"https:\/\/mekulo.com\/dk\/","name":"Mekulo DK","description":"","publisher":{"@id":"https:\/\/mekulo.com\/dk\/#organization"},"potentialAction":[{"@type":"SearchAction","target":{"@type":"EntryPoint","urlTemplate":"https:\/\/mekulo.com\/dk\/?s={search_term_string}"},"query-input":{"@type":"PropertyValueSpecification","valueRequired":true,"valueName":"search_term_string"}}],"inLanguage":"da-DK"},{"@type":"Organization","@id":"https:\/\/mekulo.com\/dk\/#organization","name":"Mekulo","url":"https:\/\/mekulo.com\/dk\/","logo":{"@type":"ImageObject","inLanguage":"da-DK","@id":"https:\/\/mekulo.com\/dk\/#\/schema\/logo\/image\/","url":"https:\/\/mekulo.com\/dk\/wp-content\/uploads\/sites\/12\/2025\/12\/favicon_mekulo.png","contentUrl":"https:\/\/mekulo.com\/dk\/wp-content\/uploads\/sites\/12\/2025\/12\/favicon_mekulo.png","width":50,"height":50,"caption":"Mekulo"},"image":{"@id":"https:\/\/mekulo.com\/dk\/#\/schema\/logo\/image\/"}}]}},"_links":{"self":[{"href":"https:\/\/mekulo.com\/dk\/wp-json\/wp\/v2\/product\/22135","targetHints":{"allow":["GET"]}}],"collection":[{"href":"https:\/\/mekulo.com\/dk\/wp-json\/wp\/v2\/product"}],"about":[{"href":"https:\/\/mekulo.com\/dk\/wp-json\/wp\/v2\/types\/product"}],"replies":[{"embeddable":true,"href":"https:\/\/mekulo.com\/dk\/wp-json\/wp\/v2\/comments?post=22135"}],"wp:featuredmedia":[{"embeddable":true,"href":"https:\/\/mekulo.com\/dk\/wp-json\/wp\/v2\/media\/22131"}],"wp:attachment":[{"href":"https:\/\/mekulo.com\/dk\/wp-json\/wp\/v2\/media?parent=22135"}],"wp:term":[{"taxonomy":"product_brand","embeddable":true,"href":"https:\/\/mekulo.com\/dk\/wp-json\/wp\/v2\/product_brand?post=22135"},{"taxonomy":"product_cat","embeddable":true,"href":"https:\/\/mekulo.com\/dk\/wp-json\/wp\/v2\/product_cat?post=22135"},{"taxonomy":"product_tag","embeddable":true,"href":"https:\/\/mekulo.com\/dk\/wp-json\/wp\/v2\/product_tag?post=22135"}],"curies":[{"name":"wp","href":"https:\/\/api.w.org\/{rel}","templated":true}]}}