{"id":22122,"date":"2026-02-04T21:38:12","date_gmt":"2026-02-04T19:38:12","guid":{"rendered":"https:\/\/mekulo.com\/dk\/produkt\/oereringe-med-blomsterkvaste\/"},"modified":"2026-02-04T21:38:19","modified_gmt":"2026-02-04T19:38:19","slug":"oereringe-med-blomsterkvaste","status":"publish","type":"product","link":"https:\/\/mekulo.com\/dk\/produkt\/oereringe-med-blomsterkvaste\/","title":{"rendered":"\u00d8reringe med blomsterkvaste"},"content":{"rendered":"<p style=\"text-align: center\" data-start=\"0\" data-end=\"51\"><strong data-start=\"0\" data-end=\"51\">F\u00f8j \u00f8jeblikkelig gnist og elegance til ethvert outfit. \ud83c\udf38<\/strong><\/p>\n<p data-start=\"0\" data-end=\"51\"><img decoding=\"async\" class=\"size-full wp-image-23507 aligncenter\" src=\"https:\/\/mekulo.com\/template\/wp-content\/uploads\/sites\/6\/2026\/02\/1f3775c3ab4abc1be212ebcc7ad00f37d1693998-800.avif\" alt=\"\" \/><\/p>\n<h2 style=\"text-align: center\" data-start=\"363\" data-end=\"380\"><strong>Hovedfordele \u2728<\/strong><\/h2>\n<p data-start=\"383\" data-end=\"443\">\u2728 Elegant kvastdesign &#8211; Skinner med hver bev\u00e6gelse.<\/p>\n<p data-start=\"446\" data-end=\"504\">\ud83c\udf38 Stilfuld blomsterdetalje &#8211; Feminin og i\u00f8jnefaldende.<\/p>\n<p data-start=\"507\" data-end=\"560\">\ud83d\udc8e Glitrende rhinsten &#8211; Tilf\u00f8jer \u00f8jeblikkelig glamour.<\/p>\n<p data-start=\"563\" data-end=\"622\">\ud83d\udc42 Allergivenlige materialer &#8211; Sikkert for f\u00f8lsomme \u00f8rer.<\/p>\n<p data-start=\"625\" data-end=\"706\">\ud83c\udf81 Perfekt gavevalg &#8211; Klar til f\u00f8dselsdage, ferier og s\u00e6rlige \u00f8jeblikke.<\/p>\n<p data-start=\"709\" data-end=\"769\">\ud83d\udc83 Alsidig stil &#8211; Passer til afslappede og formelle outfits.<\/p>\n<p data-start=\"709\" data-end=\"769\"><img decoding=\"async\" class=\"size-full wp-image-23506 aligncenter\" src=\"https:\/\/mekulo.com\/template\/wp-content\/uploads\/sites\/6\/2026\/02\/feb094a5e8b49be1b534871367ffc9544265c219-800.avif\" alt=\"\" \/><\/p>\n<h2 style=\"text-align: center\" data-start=\"988\" data-end=\"1007\"><strong>Produktdetaljer \ud83d\udccf<\/strong><\/h2>\n<ul data-start=\"1008\" data-end=\"1217\">\n<li data-start=\"1008\" data-end=\"1057\">\n<p data-start=\"1010\" data-end=\"1057\">Materiale: Zinklegering, galvaniseret \u00e6gte guld<\/p>\n<\/li>\n<li data-start=\"1058\" data-end=\"1108\">\n<p data-start=\"1060\" data-end=\"1108\">Stentype: Kunstige \u00e6delstene (rhinestones)<\/p>\n<\/li>\n<li data-start=\"1141\" data-end=\"1161\">\n<p data-start=\"1143\" data-end=\"1161\">St\u00f8rrelse: 4 x 1,8 cm<\/p>\n<\/li>\n<li data-start=\"1162\" data-end=\"1217\">\n<p data-start=\"1164\" data-end=\"1217\">Pasform: Allergivenlig, behagelig for f\u00f8lsomme \u00f8rer<\/p>\n<\/li>\n<\/ul>\n<h2 style=\"text-align: center\" data-start=\"1219\" data-end=\"1239\"><strong>Pakken indeholder \ud83d\udce6<\/strong><\/h2>\n<ul data-start=\"1240\" data-end=\"1274\" data-is-last-node=\"\" data-is-only-node=\"\">\n<li data-start=\"1240\" data-end=\"1274\" data-is-last-node=\"\">\n<p data-start=\"1242\" data-end=\"1274\" data-is-last-node=\"\">1x par blomsterkvast\u00f8reringe.<\/p>\n<\/li>\n<\/ul>\n","protected":false},"excerpt":{"rendered":"<p>\ud83c\udf3aDisse blomsterkvast\u00f8reringe har glitrende krystalk\u00e6der og et delikat blomsterdesign, der bev\u00e6ger sig smukt med hvert skridt.<br \/>\n\ud83d\udc42De er perfekte til daglig brug, s\u00e6rlige lejligheder eller som gave til en, du holder af.<br \/>\n\u2728Deres lette fornemmelse g\u00f8r dem behagelige nok til at b\u00e6re hele dagen uden irritation.<\/p>\n","protected":false},"featured_media":22118,"comment_status":"open","ping_status":"closed","template":"","meta":{"site-sidebar-layout":"default","site-content-layout":"","ast-site-content-layout":"default","site-content-style":"default","site-sidebar-style":"default","ast-global-header-display":"","ast-banner-title-visibility":"","ast-main-header-display":"","ast-hfb-above-header-display":"","ast-hfb-below-header-display":"","ast-hfb-mobile-header-display":"","site-post-title":"","ast-breadcrumbs-content":"","ast-featured-img":"","footer-sml-layout":"","ast-disable-related-posts":"","theme-transparent-header-meta":"default","adv-header-id-meta":"","stick-header-meta":"","header-above-stick-meta":"","header-main-stick-meta":"","header-below-stick-meta":"","astra-migrate-meta-layouts":"set","ast-page-background-enabled":"default","ast-page-background-meta":{"desktop":{"background-color":"var(--ast-global-color-5)","background-image":"","background-repeat":"repeat","background-position":"center center","background-size":"auto","background-attachment":"scroll","background-type":"","background-media":"","overlay-type":"","overlay-color":"","overlay-opacity":"","overlay-gradient":""},"tablet":{"background-color":"","background-image":"","background-repeat":"repeat","background-position":"center center","background-size":"auto","background-attachment":"scroll","background-type":"","background-media":"","overlay-type":"","overlay-color":"","overlay-opacity":"","overlay-gradient":""},"mobile":{"background-color":"","background-image":"","background-repeat":"repeat","background-position":"center center","background-size":"auto","background-attachment":"scroll","background-type":"","background-media":"","overlay-type":"","overlay-color":"","overlay-opacity":"","overlay-gradient":""}},"ast-content-background-meta":{"desktop":{"background-color":"var(--ast-global-color-4)","background-image":"","background-repeat":"repeat","background-position":"center center","background-size":"auto","background-attachment":"scroll","background-type":"","background-media":"","overlay-type":"","overlay-color":"","overlay-opacity":"","overlay-gradient":""},"tablet":{"background-color":"var(--ast-global-color-4)","background-image":"","background-repeat":"repeat","background-position":"center center","background-size":"auto","background-attachment":"scroll","background-type":"","background-media":"","overlay-type":"","overlay-color":"","overlay-opacity":"","overlay-gradient":""},"mobile":{"background-color":"var(--ast-global-color-4)","background-image":"","background-repeat":"repeat","background-position":"center center","background-size":"auto","background-attachment":"scroll","background-type":"","background-media":"","overlay-type":"","overlay-color":"","overlay-opacity":"","overlay-gradient":""}}},"product_brand":[],"product_cat":[165,162],"product_tag":[],"class_list":{"0":"post-22122","1":"product","2":"type-product","3":"status-publish","4":"has-post-thumbnail","6":"product_cat-fodtoej-tilbehoer","7":"product_cat-skoenheds-og-hygiejneprodukter","8":"pa_54482_6mzn8vx2-guld","9":"pa_54482_6mzn8vx2-soelv","10":"desktop-align-left","11":"tablet-align-left","12":"mobile-align-left","14":"first","15":"instock","16":"shipping-taxable","17":"purchasable","18":"product-type-variable"},"yoast_head":"<!-- This site is optimized with the Yoast SEO plugin v27.4 - https:\/\/yoast.com\/product\/yoast-seo-wordpress\/ -->\n<title>\u00d8reringe med blomsterkvaste - Mekulo DK<\/title>\n<meta name=\"robots\" content=\"index, follow, max-snippet:-1, max-image-preview:large, max-video-preview:-1\" \/>\n<link rel=\"canonical\" href=\"https:\/\/mekulo.com\/dk\/produkt\/oereringe-med-blomsterkvaste\/\" \/>\n<meta property=\"og:locale\" content=\"da_DK\" \/>\n<meta property=\"og:type\" content=\"article\" \/>\n<meta property=\"og:title\" content=\"\u00d8reringe med blomsterkvaste - Mekulo DK\" \/>\n<meta property=\"og:description\" content=\"\ud83c\udf3aDisse blomsterkvast\u00f8reringe har glitrende krystalk\u00e6der og et delikat blomsterdesign, der bev\u00e6ger sig smukt med hvert skridt. \ud83d\udc42De er perfekte til daglig brug, s\u00e6rlige lejligheder eller som gave til en, du holder af. \u2728Deres lette fornemmelse g\u00f8r dem behagelige nok til at b\u00e6re hele dagen uden irritation.\" \/>\n<meta property=\"og:url\" content=\"https:\/\/mekulo.com\/dk\/produkt\/oereringe-med-blomsterkvaste\/\" \/>\n<meta property=\"og:site_name\" content=\"Mekulo DK\" \/>\n<meta property=\"article:modified_time\" content=\"2026-02-04T19:38:19+00:00\" \/>\n<meta property=\"og:image\" content=\"https:\/\/mekulo.com\/dk\/wp-content\/uploads\/sites\/12\/2026\/02\/shiqrsa-1.jpg\" \/>\n\t<meta property=\"og:image:width\" content=\"500\" \/>\n\t<meta property=\"og:image:height\" content=\"500\" \/>\n\t<meta property=\"og:image:type\" content=\"image\/jpeg\" \/>\n<meta name=\"twitter:card\" content=\"summary_large_image\" \/>\n<meta name=\"twitter:label1\" content=\"Estimeret l\u00e6setid\" \/>\n\t<meta name=\"twitter:data1\" content=\"2 minutter\" \/>\n<script type=\"application\/ld+json\" class=\"yoast-schema-graph\">{\"@context\":\"https:\\\/\\\/schema.org\",\"@graph\":[{\"@type\":\"WebPage\",\"@id\":\"https:\\\/\\\/mekulo.com\\\/dk\\\/produkt\\\/oereringe-med-blomsterkvaste\\\/\",\"url\":\"https:\\\/\\\/mekulo.com\\\/dk\\\/produkt\\\/oereringe-med-blomsterkvaste\\\/\",\"name\":\"\u00d8reringe med blomsterkvaste - Mekulo DK\",\"isPartOf\":{\"@id\":\"https:\\\/\\\/mekulo.com\\\/dk\\\/#website\"},\"primaryImageOfPage\":{\"@id\":\"https:\\\/\\\/mekulo.com\\\/dk\\\/produkt\\\/oereringe-med-blomsterkvaste\\\/#primaryimage\"},\"image\":{\"@id\":\"https:\\\/\\\/mekulo.com\\\/dk\\\/produkt\\\/oereringe-med-blomsterkvaste\\\/#primaryimage\"},\"thumbnailUrl\":\"https:\\\/\\\/mekulo.com\\\/dk\\\/wp-content\\\/uploads\\\/sites\\\/12\\\/2026\\\/02\\\/shiqrsa-1.jpg\",\"datePublished\":\"2026-02-04T19:38:12+00:00\",\"dateModified\":\"2026-02-04T19:38:19+00:00\",\"breadcrumb\":{\"@id\":\"https:\\\/\\\/mekulo.com\\\/dk\\\/produkt\\\/oereringe-med-blomsterkvaste\\\/#breadcrumb\"},\"inLanguage\":\"da-DK\",\"potentialAction\":[{\"@type\":\"ReadAction\",\"target\":[\"https:\\\/\\\/mekulo.com\\\/dk\\\/produkt\\\/oereringe-med-blomsterkvaste\\\/\"]}]},{\"@type\":\"ImageObject\",\"inLanguage\":\"da-DK\",\"@id\":\"https:\\\/\\\/mekulo.com\\\/dk\\\/produkt\\\/oereringe-med-blomsterkvaste\\\/#primaryimage\",\"url\":\"https:\\\/\\\/mekulo.com\\\/dk\\\/wp-content\\\/uploads\\\/sites\\\/12\\\/2026\\\/02\\\/shiqrsa-1.jpg\",\"contentUrl\":\"https:\\\/\\\/mekulo.com\\\/dk\\\/wp-content\\\/uploads\\\/sites\\\/12\\\/2026\\\/02\\\/shiqrsa-1.jpg\",\"width\":500,\"height\":500},{\"@type\":\"BreadcrumbList\",\"@id\":\"https:\\\/\\\/mekulo.com\\\/dk\\\/produkt\\\/oereringe-med-blomsterkvaste\\\/#breadcrumb\",\"itemListElement\":[{\"@type\":\"ListItem\",\"position\":1,\"name\":\"Home\",\"item\":\"https:\\\/\\\/mekulo.com\\\/dk\\\/\"},{\"@type\":\"ListItem\",\"position\":2,\"name\":\"Butik\",\"item\":\"https:\\\/\\\/mekulo.com\\\/dk\\\/butik\\\/\"},{\"@type\":\"ListItem\",\"position\":3,\"name\":\"\u00d8reringe med blomsterkvaste\"}]},{\"@type\":\"WebSite\",\"@id\":\"https:\\\/\\\/mekulo.com\\\/dk\\\/#website\",\"url\":\"https:\\\/\\\/mekulo.com\\\/dk\\\/\",\"name\":\"Mekulo DK\",\"description\":\"\",\"publisher\":{\"@id\":\"https:\\\/\\\/mekulo.com\\\/dk\\\/#organization\"},\"potentialAction\":[{\"@type\":\"SearchAction\",\"target\":{\"@type\":\"EntryPoint\",\"urlTemplate\":\"https:\\\/\\\/mekulo.com\\\/dk\\\/?s={search_term_string}\"},\"query-input\":{\"@type\":\"PropertyValueSpecification\",\"valueRequired\":true,\"valueName\":\"search_term_string\"}}],\"inLanguage\":\"da-DK\"},{\"@type\":\"Organization\",\"@id\":\"https:\\\/\\\/mekulo.com\\\/dk\\\/#organization\",\"name\":\"Mekulo\",\"url\":\"https:\\\/\\\/mekulo.com\\\/dk\\\/\",\"logo\":{\"@type\":\"ImageObject\",\"inLanguage\":\"da-DK\",\"@id\":\"https:\\\/\\\/mekulo.com\\\/dk\\\/#\\\/schema\\\/logo\\\/image\\\/\",\"url\":\"https:\\\/\\\/mekulo.com\\\/dk\\\/wp-content\\\/uploads\\\/sites\\\/12\\\/2025\\\/12\\\/favicon_mekulo.png\",\"contentUrl\":\"https:\\\/\\\/mekulo.com\\\/dk\\\/wp-content\\\/uploads\\\/sites\\\/12\\\/2025\\\/12\\\/favicon_mekulo.png\",\"width\":50,\"height\":50,\"caption\":\"Mekulo\"},\"image\":{\"@id\":\"https:\\\/\\\/mekulo.com\\\/dk\\\/#\\\/schema\\\/logo\\\/image\\\/\"}}]}<\/script>\n<!-- \/ Yoast SEO plugin. -->","yoast_head_json":{"title":"\u00d8reringe med blomsterkvaste - Mekulo DK","robots":{"index":"index","follow":"follow","max-snippet":"max-snippet:-1","max-image-preview":"max-image-preview:large","max-video-preview":"max-video-preview:-1"},"canonical":"https:\/\/mekulo.com\/dk\/produkt\/oereringe-med-blomsterkvaste\/","og_locale":"da_DK","og_type":"article","og_title":"\u00d8reringe med blomsterkvaste - Mekulo DK","og_description":"\ud83c\udf3aDisse blomsterkvast\u00f8reringe har glitrende krystalk\u00e6der og et delikat blomsterdesign, der bev\u00e6ger sig smukt med hvert skridt. \ud83d\udc42De er perfekte til daglig brug, s\u00e6rlige lejligheder eller som gave til en, du holder af. \u2728Deres lette fornemmelse g\u00f8r dem behagelige nok til at b\u00e6re hele dagen uden irritation.","og_url":"https:\/\/mekulo.com\/dk\/produkt\/oereringe-med-blomsterkvaste\/","og_site_name":"Mekulo DK","article_modified_time":"2026-02-04T19:38:19+00:00","og_image":[{"width":500,"height":500,"url":"https:\/\/mekulo.com\/dk\/wp-content\/uploads\/sites\/12\/2026\/02\/shiqrsa-1.jpg","type":"image\/jpeg"}],"twitter_card":"summary_large_image","twitter_misc":{"Estimeret l\u00e6setid":"2 minutter"},"schema":{"@context":"https:\/\/schema.org","@graph":[{"@type":"WebPage","@id":"https:\/\/mekulo.com\/dk\/produkt\/oereringe-med-blomsterkvaste\/","url":"https:\/\/mekulo.com\/dk\/produkt\/oereringe-med-blomsterkvaste\/","name":"\u00d8reringe med blomsterkvaste - Mekulo DK","isPartOf":{"@id":"https:\/\/mekulo.com\/dk\/#website"},"primaryImageOfPage":{"@id":"https:\/\/mekulo.com\/dk\/produkt\/oereringe-med-blomsterkvaste\/#primaryimage"},"image":{"@id":"https:\/\/mekulo.com\/dk\/produkt\/oereringe-med-blomsterkvaste\/#primaryimage"},"thumbnailUrl":"https:\/\/mekulo.com\/dk\/wp-content\/uploads\/sites\/12\/2026\/02\/shiqrsa-1.jpg","datePublished":"2026-02-04T19:38:12+00:00","dateModified":"2026-02-04T19:38:19+00:00","breadcrumb":{"@id":"https:\/\/mekulo.com\/dk\/produkt\/oereringe-med-blomsterkvaste\/#breadcrumb"},"inLanguage":"da-DK","potentialAction":[{"@type":"ReadAction","target":["https:\/\/mekulo.com\/dk\/produkt\/oereringe-med-blomsterkvaste\/"]}]},{"@type":"ImageObject","inLanguage":"da-DK","@id":"https:\/\/mekulo.com\/dk\/produkt\/oereringe-med-blomsterkvaste\/#primaryimage","url":"https:\/\/mekulo.com\/dk\/wp-content\/uploads\/sites\/12\/2026\/02\/shiqrsa-1.jpg","contentUrl":"https:\/\/mekulo.com\/dk\/wp-content\/uploads\/sites\/12\/2026\/02\/shiqrsa-1.jpg","width":500,"height":500},{"@type":"BreadcrumbList","@id":"https:\/\/mekulo.com\/dk\/produkt\/oereringe-med-blomsterkvaste\/#breadcrumb","itemListElement":[{"@type":"ListItem","position":1,"name":"Home","item":"https:\/\/mekulo.com\/dk\/"},{"@type":"ListItem","position":2,"name":"Butik","item":"https:\/\/mekulo.com\/dk\/butik\/"},{"@type":"ListItem","position":3,"name":"\u00d8reringe med blomsterkvaste"}]},{"@type":"WebSite","@id":"https:\/\/mekulo.com\/dk\/#website","url":"https:\/\/mekulo.com\/dk\/","name":"Mekulo DK","description":"","publisher":{"@id":"https:\/\/mekulo.com\/dk\/#organization"},"potentialAction":[{"@type":"SearchAction","target":{"@type":"EntryPoint","urlTemplate":"https:\/\/mekulo.com\/dk\/?s={search_term_string}"},"query-input":{"@type":"PropertyValueSpecification","valueRequired":true,"valueName":"search_term_string"}}],"inLanguage":"da-DK"},{"@type":"Organization","@id":"https:\/\/mekulo.com\/dk\/#organization","name":"Mekulo","url":"https:\/\/mekulo.com\/dk\/","logo":{"@type":"ImageObject","inLanguage":"da-DK","@id":"https:\/\/mekulo.com\/dk\/#\/schema\/logo\/image\/","url":"https:\/\/mekulo.com\/dk\/wp-content\/uploads\/sites\/12\/2025\/12\/favicon_mekulo.png","contentUrl":"https:\/\/mekulo.com\/dk\/wp-content\/uploads\/sites\/12\/2025\/12\/favicon_mekulo.png","width":50,"height":50,"caption":"Mekulo"},"image":{"@id":"https:\/\/mekulo.com\/dk\/#\/schema\/logo\/image\/"}}]}},"_links":{"self":[{"href":"https:\/\/mekulo.com\/dk\/wp-json\/wp\/v2\/product\/22122","targetHints":{"allow":["GET"]}}],"collection":[{"href":"https:\/\/mekulo.com\/dk\/wp-json\/wp\/v2\/product"}],"about":[{"href":"https:\/\/mekulo.com\/dk\/wp-json\/wp\/v2\/types\/product"}],"replies":[{"embeddable":true,"href":"https:\/\/mekulo.com\/dk\/wp-json\/wp\/v2\/comments?post=22122"}],"wp:featuredmedia":[{"embeddable":true,"href":"https:\/\/mekulo.com\/dk\/wp-json\/wp\/v2\/media\/22118"}],"wp:attachment":[{"href":"https:\/\/mekulo.com\/dk\/wp-json\/wp\/v2\/media?parent=22122"}],"wp:term":[{"taxonomy":"product_brand","embeddable":true,"href":"https:\/\/mekulo.com\/dk\/wp-json\/wp\/v2\/product_brand?post=22122"},{"taxonomy":"product_cat","embeddable":true,"href":"https:\/\/mekulo.com\/dk\/wp-json\/wp\/v2\/product_cat?post=22122"},{"taxonomy":"product_tag","embeddable":true,"href":"https:\/\/mekulo.com\/dk\/wp-json\/wp\/v2\/product_tag?post=22122"}],"curies":[{"name":"wp","href":"https:\/\/api.w.org\/{rel}","templated":true}]}}