{"id":22092,"date":"2026-02-04T21:36:05","date_gmt":"2026-02-04T19:36:05","guid":{"rendered":"https:\/\/mekulo.com\/dk\/produkt\/justerbare-gardinstangsholdere-uden-at-bore\/"},"modified":"2026-03-17T11:49:02","modified_gmt":"2026-03-17T09:49:02","slug":"justerbare-gardinstangsholdere-uden-at-bore","status":"publish","type":"product","link":"https:\/\/mekulo.com\/dk\/produkt\/justerbare-gardinstangsholdere-uden-at-bore\/","title":{"rendered":"Justerbare gardinstangsholdere uden at bore"},"content":{"rendered":"<p style=\"text-align: center\" data-start=\"0\" data-end=\"71\"><strong data-start=\"0\" data-end=\"71\">H\u00e6ng gardinst\u00e6nger sikkert op uden at bore eller beskadige dine v\u00e6gge. \ud83e\uddf1<\/strong><\/p>\n<p data-start=\"0\" data-end=\"71\"><img decoding=\"async\" class=\"size-full wp-image-23483 aligncenter\" src=\"https:\/\/mekulo.com\/template\/wp-content\/uploads\/sites\/6\/2026\/02\/18fe785688654e9755bfc9d98498c1211c6636b2bebe3048fbfa32548005bedf-800.avif\" alt=\"\" \/><\/p>\n<h2 style=\"text-align: center\" data-start=\"391\" data-end=\"408\"><strong>Hovedfordele \ud83d\udee0\ufe0f<\/strong><\/h2>\n<p data-start=\"411\" data-end=\"469\">\ud83d\udee0\ufe0f Ingen boring n\u00f8dvendig &#8211; Kl\u00e6b p\u00e5 og h\u00e6ng med det samme.<\/p>\n<p data-start=\"472\" data-end=\"543\">\ud83d\udd12 St\u00e6rk selvkl\u00e6bende bagside &#8211; Holder godt fast p\u00e5 glatte overflader.<\/p>\n<p data-start=\"472\" data-end=\"543\">\ud83d\udd27 Justerbar fjedersp\u00e6nding &#8211; Passer sikkert til forskellige stangst\u00f8rrelser.<\/p>\n<p data-start=\"619\" data-end=\"673\">\ud83c\udfe0 Moderne, rent design &#8211; Passer til enhver boligindretning.<\/p>\n<p data-start=\"676\" data-end=\"737\">\ud83d\udce6 Flere pakkemuligheder &#8211; V\u00e6lg den m\u00e6ngde, du har brug for.<\/p>\n<p data-start=\"740\" data-end=\"789\">\ud83e\uddf1 V\u00e6gsikker l\u00f8sning &#8211; Ingen huller, ingen skader.<\/p>\n<p data-start=\"740\" data-end=\"789\"><img decoding=\"async\" class=\"size-full wp-image-23481 aligncenter\" src=\"https:\/\/mekulo.com\/template\/wp-content\/uploads\/sites\/6\/2026\/02\/c245b7f2673740e15cad2b69bd8812be65b465fb8fb52fe28071c967a8a59e8a-800.avif\" alt=\"\" \/><\/p>\n<h2 style=\"text-align: center\" data-start=\"791\" data-end=\"805\"><strong>S\u00e5dan Bruges \ud83d\udccc<\/strong><\/h2>\n<ol data-start=\"806\" data-end=\"1007\">\n<li data-start=\"806\" data-end=\"842\">\n<p data-start=\"809\" data-end=\"842\">Reng\u00f8r og t\u00f8r v\u00e6goverfladen.<\/p>\n<\/li>\n<li data-start=\"843\" data-end=\"878\">\n<p data-start=\"846\" data-end=\"878\">Tr\u00e6k den selvkl\u00e6bende bagside af.<\/p>\n<\/li>\n<li data-start=\"879\" data-end=\"922\">\n<p data-start=\"882\" data-end=\"922\">Tryk holderen fast p\u00e5 v\u00e6ggen.<\/p>\n<\/li>\n<li data-start=\"923\" data-end=\"964\">\n<p data-start=\"926\" data-end=\"964\">Juster fjedersp\u00e6ndingen, hvis det er n\u00f8dvendigt.<\/p>\n<\/li>\n<li data-start=\"965\" data-end=\"1007\">\n<p data-start=\"968\" data-end=\"1007\">Placer gardinstangen i holderne.<\/p>\n<\/li>\n<\/ol>\n<h2 style=\"text-align: center\" data-start=\"1009\" data-end=\"1028\"><strong>Produktoplysninger \ud83d\udccf<\/strong><\/h2>\n<ul data-start=\"1029\" data-end=\"1231\">\n<li data-start=\"1029\" data-end=\"1055\">\n<p data-start=\"1031\" data-end=\"1055\">Materiale: ABS + fjeder<\/p>\n<\/li>\n<li data-start=\"1056\" data-end=\"1098\">\n<p data-start=\"1058\" data-end=\"1098\">Kl\u00e6bemiddel: St\u00e6rk selvkl\u00e6bende bagside<\/p>\n<\/li>\n<li data-start=\"1099\" data-end=\"1126\">\n<p data-start=\"1101\" data-end=\"1126\">Krogst\u00f8rrelse: 4,5 x 3,5 cm<\/p>\n<\/li>\n<li data-start=\"1127\" data-end=\"1153\">\n<p data-start=\"1129\" data-end=\"1153\">M\u00e6rkatst\u00f8rrelse: 6 x 5 cm<\/p>\n<\/li>\n<li data-start=\"1154\" data-end=\"1182\">\n<p data-start=\"1156\" data-end=\"1182\">Design: Slank og moderne<\/p>\n<\/li>\n<\/ul>\n<h2 style=\"text-align: center\" data-start=\"1233\" data-end=\"1253\"><strong>Pakken Indeholder \ud83d\udce6<\/strong><\/h2>\n<ul data-start=\"1254\" data-end=\"1315\" data-is-last-node=\"\" data-is-only-node=\"\">\n<li data-start=\"1254\" data-end=\"1315\" data-is-last-node=\"\">\n<p data-start=\"1256\" data-end=\"1315\" data-is-last-node=\"\">6, 12, 24x justerbare gardinstangsholdere uden boring.<\/p>\n<\/li>\n<\/ul>\n","protected":false},"excerpt":{"rendered":"<p>\ud83e\uddf1Med disse justerbare gardinstangsholdere uden boremaskine kan du hurtigt installere gardinst\u00e6nger ved hj\u00e6lp af st\u00e6rk selvkl\u00e6bende bagside og fjedersp\u00e6nding.<br \/>\n\ud83c\udfe0De er perfekte til lejere, hurtige rumopdateringer eller alle, der \u00f8nsker en ren ops\u00e6tning uden v\u00e6rkt\u00f8j.<br \/>\n\ud83d\udecb\ufe0fThey passer ogs\u00e5 let ind i ethvert rum takket v\u00e6re deres moderne, minimale design.<\/p>\n","protected":false},"featured_media":22088,"comment_status":"open","ping_status":"closed","template":"","meta":{"site-sidebar-layout":"default","site-content-layout":"","ast-site-content-layout":"default","site-content-style":"default","site-sidebar-style":"default","ast-global-header-display":"","ast-banner-title-visibility":"","ast-main-header-display":"","ast-hfb-above-header-display":"","ast-hfb-below-header-display":"","ast-hfb-mobile-header-display":"","site-post-title":"","ast-breadcrumbs-content":"","ast-featured-img":"","footer-sml-layout":"","theme-transparent-header-meta":"default","adv-header-id-meta":"","stick-header-meta":"","header-above-stick-meta":"","header-main-stick-meta":"","header-below-stick-meta":"","astra-migrate-meta-layouts":"set","ast-page-background-enabled":"default","ast-page-background-meta":{"desktop":{"background-color":"var(--ast-global-color-5)","background-image":"","background-repeat":"repeat","background-position":"center center","background-size":"auto","background-attachment":"scroll","background-type":"","background-media":"","overlay-type":"","overlay-color":"","overlay-opacity":"","overlay-gradient":""},"tablet":{"background-color":"","background-image":"","background-repeat":"repeat","background-position":"center center","background-size":"auto","background-attachment":"scroll","background-type":"","background-media":"","overlay-type":"","overlay-color":"","overlay-opacity":"","overlay-gradient":""},"mobile":{"background-color":"","background-image":"","background-repeat":"repeat","background-position":"center center","background-size":"auto","background-attachment":"scroll","background-type":"","background-media":"","overlay-type":"","overlay-color":"","overlay-opacity":"","overlay-gradient":""}},"ast-content-background-meta":{"desktop":{"background-color":"var(--ast-global-color-4)","background-image":"","background-repeat":"repeat","background-position":"center center","background-size":"auto","background-attachment":"scroll","background-type":"","background-media":"","overlay-type":"","overlay-color":"","overlay-opacity":"","overlay-gradient":""},"tablet":{"background-color":"var(--ast-global-color-4)","background-image":"","background-repeat":"repeat","background-position":"center center","background-size":"auto","background-attachment":"scroll","background-type":"","background-media":"","overlay-type":"","overlay-color":"","overlay-opacity":"","overlay-gradient":""},"mobile":{"background-color":"var(--ast-global-color-4)","background-image":"","background-repeat":"repeat","background-position":"center center","background-size":"auto","background-attachment":"scroll","background-type":"","background-media":"","overlay-type":"","overlay-color":"","overlay-opacity":"","overlay-gradient":""}}},"product_brand":[],"product_cat":[168],"product_tag":[],"class_list":{"0":"post-22092","1":"product","2":"type-product","3":"status-publish","4":"has-post-thumbnail","6":"product_cat-husholdningsartikler","7":"pa_54480_jnq03ga6-12-stk","8":"pa_54480_jnq03ga6-24-stk","9":"pa_54480_jnq03ga6-6-stk","10":"pa_54480_p9rcqi46-gennemsigtig","11":"pa_54480_p9rcqi46-hvid","12":"pa_54480_p9rcqi46-sort","13":"desktop-align-left","14":"tablet-align-left","15":"mobile-align-left","17":"first","18":"instock","19":"shipping-taxable","20":"purchasable","21":"product-type-variable","22":"has-default-attributes"},"yoast_head":"<!-- This site is optimized with the Yoast SEO plugin v26.6 - https:\/\/yoast.com\/wordpress\/plugins\/seo\/ -->\n<title>Justerbare gardinstangsholdere uden at bore - Mekulo DK<\/title>\n<meta name=\"robots\" content=\"index, follow, max-snippet:-1, max-image-preview:large, max-video-preview:-1\" \/>\n<link rel=\"canonical\" href=\"https:\/\/mekulo.com\/dk\/produkt\/justerbare-gardinstangsholdere-uden-at-bore\/\" \/>\n<meta property=\"og:locale\" content=\"da_DK\" \/>\n<meta property=\"og:type\" content=\"article\" \/>\n<meta property=\"og:title\" content=\"Justerbare gardinstangsholdere uden at bore - Mekulo DK\" \/>\n<meta property=\"og:description\" content=\"\ud83e\uddf1Med disse justerbare gardinstangsholdere uden boremaskine kan du hurtigt installere gardinst\u00e6nger ved hj\u00e6lp af st\u00e6rk selvkl\u00e6bende bagside og fjedersp\u00e6nding. \ud83c\udfe0De er perfekte til lejere, hurtige rumopdateringer eller alle, der \u00f8nsker en ren ops\u00e6tning uden v\u00e6rkt\u00f8j. \ud83d\udecb\ufe0fThey passer ogs\u00e5 let ind i ethvert rum takket v\u00e6re deres moderne, minimale design.\" \/>\n<meta property=\"og:url\" content=\"https:\/\/mekulo.com\/dk\/produkt\/justerbare-gardinstangsholdere-uden-at-bore\/\" \/>\n<meta property=\"og:site_name\" content=\"Mekulo DK\" \/>\n<meta property=\"article:modified_time\" content=\"2026-03-17T09:49:02+00:00\" \/>\n<meta property=\"og:image\" content=\"https:\/\/mekulo.com\/dk\/wp-content\/uploads\/sites\/12\/2026\/02\/mljn6hp-1.jpg\" \/>\n\t<meta property=\"og:image:width\" content=\"800\" \/>\n\t<meta property=\"og:image:height\" content=\"800\" \/>\n\t<meta property=\"og:image:type\" content=\"image\/jpeg\" \/>\n<meta name=\"twitter:card\" content=\"summary_large_image\" \/>\n<meta name=\"twitter:label1\" content=\"Estimeret l\u00e6setid\" \/>\n\t<meta name=\"twitter:data1\" content=\"2 minutter\" \/>\n<script type=\"application\/ld+json\" class=\"yoast-schema-graph\">{\"@context\":\"https:\/\/schema.org\",\"@graph\":[{\"@type\":\"WebPage\",\"@id\":\"https:\/\/mekulo.com\/dk\/produkt\/justerbare-gardinstangsholdere-uden-at-bore\/\",\"url\":\"https:\/\/mekulo.com\/dk\/produkt\/justerbare-gardinstangsholdere-uden-at-bore\/\",\"name\":\"Justerbare gardinstangsholdere uden at bore - Mekulo DK\",\"isPartOf\":{\"@id\":\"https:\/\/mekulo.com\/dk\/#website\"},\"primaryImageOfPage\":{\"@id\":\"https:\/\/mekulo.com\/dk\/produkt\/justerbare-gardinstangsholdere-uden-at-bore\/#primaryimage\"},\"image\":{\"@id\":\"https:\/\/mekulo.com\/dk\/produkt\/justerbare-gardinstangsholdere-uden-at-bore\/#primaryimage\"},\"thumbnailUrl\":\"https:\/\/mekulo.com\/dk\/wp-content\/uploads\/sites\/12\/2026\/02\/mljn6hp-1.jpg\",\"datePublished\":\"2026-02-04T19:36:05+00:00\",\"dateModified\":\"2026-03-17T09:49:02+00:00\",\"breadcrumb\":{\"@id\":\"https:\/\/mekulo.com\/dk\/produkt\/justerbare-gardinstangsholdere-uden-at-bore\/#breadcrumb\"},\"inLanguage\":\"da-DK\",\"potentialAction\":[{\"@type\":\"ReadAction\",\"target\":[\"https:\/\/mekulo.com\/dk\/produkt\/justerbare-gardinstangsholdere-uden-at-bore\/\"]}]},{\"@type\":\"ImageObject\",\"inLanguage\":\"da-DK\",\"@id\":\"https:\/\/mekulo.com\/dk\/produkt\/justerbare-gardinstangsholdere-uden-at-bore\/#primaryimage\",\"url\":\"https:\/\/mekulo.com\/dk\/wp-content\/uploads\/sites\/12\/2026\/02\/mljn6hp-1.jpg\",\"contentUrl\":\"https:\/\/mekulo.com\/dk\/wp-content\/uploads\/sites\/12\/2026\/02\/mljn6hp-1.jpg\",\"width\":800,\"height\":800},{\"@type\":\"BreadcrumbList\",\"@id\":\"https:\/\/mekulo.com\/dk\/produkt\/justerbare-gardinstangsholdere-uden-at-bore\/#breadcrumb\",\"itemListElement\":[{\"@type\":\"ListItem\",\"position\":1,\"name\":\"Home\",\"item\":\"https:\/\/mekulo.com\/dk\/\"},{\"@type\":\"ListItem\",\"position\":2,\"name\":\"Butik\",\"item\":\"https:\/\/mekulo.com\/dk\/butik\/\"},{\"@type\":\"ListItem\",\"position\":3,\"name\":\"Justerbare gardinstangsholdere uden at bore\"}]},{\"@type\":\"WebSite\",\"@id\":\"https:\/\/mekulo.com\/dk\/#website\",\"url\":\"https:\/\/mekulo.com\/dk\/\",\"name\":\"Mekulo DK\",\"description\":\"\",\"publisher\":{\"@id\":\"https:\/\/mekulo.com\/dk\/#organization\"},\"potentialAction\":[{\"@type\":\"SearchAction\",\"target\":{\"@type\":\"EntryPoint\",\"urlTemplate\":\"https:\/\/mekulo.com\/dk\/?s={search_term_string}\"},\"query-input\":{\"@type\":\"PropertyValueSpecification\",\"valueRequired\":true,\"valueName\":\"search_term_string\"}}],\"inLanguage\":\"da-DK\"},{\"@type\":\"Organization\",\"@id\":\"https:\/\/mekulo.com\/dk\/#organization\",\"name\":\"Mekulo\",\"url\":\"https:\/\/mekulo.com\/dk\/\",\"logo\":{\"@type\":\"ImageObject\",\"inLanguage\":\"da-DK\",\"@id\":\"https:\/\/mekulo.com\/dk\/#\/schema\/logo\/image\/\",\"url\":\"https:\/\/mekulo.com\/dk\/wp-content\/uploads\/sites\/12\/2025\/12\/favicon_mekulo.png\",\"contentUrl\":\"https:\/\/mekulo.com\/dk\/wp-content\/uploads\/sites\/12\/2025\/12\/favicon_mekulo.png\",\"width\":50,\"height\":50,\"caption\":\"Mekulo\"},\"image\":{\"@id\":\"https:\/\/mekulo.com\/dk\/#\/schema\/logo\/image\/\"}}]}<\/script>\n<!-- \/ Yoast SEO plugin. -->","yoast_head_json":{"title":"Justerbare gardinstangsholdere uden at bore - Mekulo DK","robots":{"index":"index","follow":"follow","max-snippet":"max-snippet:-1","max-image-preview":"max-image-preview:large","max-video-preview":"max-video-preview:-1"},"canonical":"https:\/\/mekulo.com\/dk\/produkt\/justerbare-gardinstangsholdere-uden-at-bore\/","og_locale":"da_DK","og_type":"article","og_title":"Justerbare gardinstangsholdere uden at bore - Mekulo DK","og_description":"\ud83e\uddf1Med disse justerbare gardinstangsholdere uden boremaskine kan du hurtigt installere gardinst\u00e6nger ved hj\u00e6lp af st\u00e6rk selvkl\u00e6bende bagside og fjedersp\u00e6nding. \ud83c\udfe0De er perfekte til lejere, hurtige rumopdateringer eller alle, der \u00f8nsker en ren ops\u00e6tning uden v\u00e6rkt\u00f8j. \ud83d\udecb\ufe0fThey passer ogs\u00e5 let ind i ethvert rum takket v\u00e6re deres moderne, minimale design.","og_url":"https:\/\/mekulo.com\/dk\/produkt\/justerbare-gardinstangsholdere-uden-at-bore\/","og_site_name":"Mekulo DK","article_modified_time":"2026-03-17T09:49:02+00:00","og_image":[{"width":800,"height":800,"url":"https:\/\/mekulo.com\/dk\/wp-content\/uploads\/sites\/12\/2026\/02\/mljn6hp-1.jpg","type":"image\/jpeg"}],"twitter_card":"summary_large_image","twitter_misc":{"Estimeret l\u00e6setid":"2 minutter"},"schema":{"@context":"https:\/\/schema.org","@graph":[{"@type":"WebPage","@id":"https:\/\/mekulo.com\/dk\/produkt\/justerbare-gardinstangsholdere-uden-at-bore\/","url":"https:\/\/mekulo.com\/dk\/produkt\/justerbare-gardinstangsholdere-uden-at-bore\/","name":"Justerbare gardinstangsholdere uden at bore - Mekulo DK","isPartOf":{"@id":"https:\/\/mekulo.com\/dk\/#website"},"primaryImageOfPage":{"@id":"https:\/\/mekulo.com\/dk\/produkt\/justerbare-gardinstangsholdere-uden-at-bore\/#primaryimage"},"image":{"@id":"https:\/\/mekulo.com\/dk\/produkt\/justerbare-gardinstangsholdere-uden-at-bore\/#primaryimage"},"thumbnailUrl":"https:\/\/mekulo.com\/dk\/wp-content\/uploads\/sites\/12\/2026\/02\/mljn6hp-1.jpg","datePublished":"2026-02-04T19:36:05+00:00","dateModified":"2026-03-17T09:49:02+00:00","breadcrumb":{"@id":"https:\/\/mekulo.com\/dk\/produkt\/justerbare-gardinstangsholdere-uden-at-bore\/#breadcrumb"},"inLanguage":"da-DK","potentialAction":[{"@type":"ReadAction","target":["https:\/\/mekulo.com\/dk\/produkt\/justerbare-gardinstangsholdere-uden-at-bore\/"]}]},{"@type":"ImageObject","inLanguage":"da-DK","@id":"https:\/\/mekulo.com\/dk\/produkt\/justerbare-gardinstangsholdere-uden-at-bore\/#primaryimage","url":"https:\/\/mekulo.com\/dk\/wp-content\/uploads\/sites\/12\/2026\/02\/mljn6hp-1.jpg","contentUrl":"https:\/\/mekulo.com\/dk\/wp-content\/uploads\/sites\/12\/2026\/02\/mljn6hp-1.jpg","width":800,"height":800},{"@type":"BreadcrumbList","@id":"https:\/\/mekulo.com\/dk\/produkt\/justerbare-gardinstangsholdere-uden-at-bore\/#breadcrumb","itemListElement":[{"@type":"ListItem","position":1,"name":"Home","item":"https:\/\/mekulo.com\/dk\/"},{"@type":"ListItem","position":2,"name":"Butik","item":"https:\/\/mekulo.com\/dk\/butik\/"},{"@type":"ListItem","position":3,"name":"Justerbare gardinstangsholdere uden at bore"}]},{"@type":"WebSite","@id":"https:\/\/mekulo.com\/dk\/#website","url":"https:\/\/mekulo.com\/dk\/","name":"Mekulo DK","description":"","publisher":{"@id":"https:\/\/mekulo.com\/dk\/#organization"},"potentialAction":[{"@type":"SearchAction","target":{"@type":"EntryPoint","urlTemplate":"https:\/\/mekulo.com\/dk\/?s={search_term_string}"},"query-input":{"@type":"PropertyValueSpecification","valueRequired":true,"valueName":"search_term_string"}}],"inLanguage":"da-DK"},{"@type":"Organization","@id":"https:\/\/mekulo.com\/dk\/#organization","name":"Mekulo","url":"https:\/\/mekulo.com\/dk\/","logo":{"@type":"ImageObject","inLanguage":"da-DK","@id":"https:\/\/mekulo.com\/dk\/#\/schema\/logo\/image\/","url":"https:\/\/mekulo.com\/dk\/wp-content\/uploads\/sites\/12\/2025\/12\/favicon_mekulo.png","contentUrl":"https:\/\/mekulo.com\/dk\/wp-content\/uploads\/sites\/12\/2025\/12\/favicon_mekulo.png","width":50,"height":50,"caption":"Mekulo"},"image":{"@id":"https:\/\/mekulo.com\/dk\/#\/schema\/logo\/image\/"}}]}},"_links":{"self":[{"href":"https:\/\/mekulo.com\/dk\/wp-json\/wp\/v2\/product\/22092","targetHints":{"allow":["GET"]}}],"collection":[{"href":"https:\/\/mekulo.com\/dk\/wp-json\/wp\/v2\/product"}],"about":[{"href":"https:\/\/mekulo.com\/dk\/wp-json\/wp\/v2\/types\/product"}],"replies":[{"embeddable":true,"href":"https:\/\/mekulo.com\/dk\/wp-json\/wp\/v2\/comments?post=22092"}],"wp:featuredmedia":[{"embeddable":true,"href":"https:\/\/mekulo.com\/dk\/wp-json\/wp\/v2\/media\/22088"}],"wp:attachment":[{"href":"https:\/\/mekulo.com\/dk\/wp-json\/wp\/v2\/media?parent=22092"}],"wp:term":[{"taxonomy":"product_brand","embeddable":true,"href":"https:\/\/mekulo.com\/dk\/wp-json\/wp\/v2\/product_brand?post=22092"},{"taxonomy":"product_cat","embeddable":true,"href":"https:\/\/mekulo.com\/dk\/wp-json\/wp\/v2\/product_cat?post=22092"},{"taxonomy":"product_tag","embeddable":true,"href":"https:\/\/mekulo.com\/dk\/wp-json\/wp\/v2\/product_tag?post=22092"}],"curies":[{"name":"wp","href":"https:\/\/api.w.org\/{rel}","templated":true}]}}