{"id":22004,"date":"2026-02-04T21:28:50","date_gmt":"2026-02-04T19:28:50","guid":{"rendered":"https:\/\/mekulo.com\/dk\/produkt\/elektrisk-kredsloebstester-til-biler\/"},"modified":"2026-02-10T11:14:42","modified_gmt":"2026-02-10T09:14:42","slug":"elektrisk-kredsloebstester-til-biler","status":"publish","type":"product","link":"https:\/\/mekulo.com\/dk\/produkt\/elektrisk-kredsloebstester-til-biler\/","title":{"rendered":"Elektrisk kredsl\u00f8bstester til biler"},"content":{"rendered":"<div class=\"flex flex-col text-sm pb-25\">\n<article class=\"text-token-text-primary w-full focus:outline-none [--shadow-height:45px] has-data-writing-block:pointer-events-none has-data-writing-block:-mt-(--shadow-height) has-data-writing-block:pt-(--shadow-height) [&amp;:has([data-writing-block])&gt;*]:pointer-events-auto scroll-mt-[calc(var(--header-height)+min(200px,max(70px,20svh)))]\" dir=\"auto\" data-turn-id=\"request-69788f7d-d97c-832a-a512-ce7bdd364928-0\" data-testid=\"conversation-turn-114\" data-scroll-anchor=\"true\" data-turn=\"assistant\">\n<div class=\"text-base my-auto mx-auto pb-10 [--thread-content-margin:--spacing(4)] @w-sm\/main:[--thread-content-margin:--spacing(6)] @w-lg\/main:[--thread-content-margin:--spacing(16)] px-(--thread-content-margin)\">\n<div class=\"[--thread-content-max-width:40rem] @w-lg\/main:[--thread-content-max-width:48rem] mx-auto max-w-(--thread-content-max-width) flex-1 group\/turn-messages focus-visible:outline-hidden relative flex w-full min-w-0 flex-col agent-turn\">\n<div class=\"flex max-w-full flex-col grow\">\n<div class=\"min-h-8 text-message relative flex w-full flex-col items-end gap-2 text-start break-words whitespace-normal [.text-message+&amp;]:mt-1\" dir=\"auto\" data-message-author-role=\"assistant\" data-message-id=\"25a5b520-4a21-44c2-85e4-0a1c74bda00b\" data-message-model-slug=\"gpt-5-2\">\n<div class=\"flex w-full flex-col gap-1 empty:hidden first:pt-[1px]\">\n<div class=\"markdown prose dark:prose-invert w-full wrap-break-word light markdown-new-styling\">\n<p style=\"text-align: center\" data-start=\"0\" data-end=\"66\"><strong data-start=\"0\" data-end=\"66\">Find Elektriske Fejl Hurtigt Uden At Klippe Eller Beskadige Ledninger. \ud83e\uddd1\u200d\ud83d\udd27<\/strong><\/p>\n<p data-start=\"0\" data-end=\"66\"><img fetchpriority=\"high\" decoding=\"async\" class=\"size-full wp-image-23408 aligncenter\" src=\"https:\/\/mekulo.com\/template\/wp-content\/uploads\/sites\/6\/2026\/02\/H981abc6c54964a58bb317e1464d4f1b3u.jpg_960x960q75.jpg_.jpg\" alt=\"\" width=\"1080\" height=\"1080\" \/><\/p>\n<h2 style=\"text-align: center\" data-start=\"376\" data-end=\"393\">Vigtigste fordele\u26a1<\/h2>\n<p data-start=\"396\" data-end=\"467\">\u26a1 Find kortslutninger og brud &#8211; Opdag \u00e5bne kredsl\u00f8b og str\u00f8ml\u00e6kager.<\/p>\n<p data-start=\"470\" data-end=\"538\">\ud83d\udd0d Ber\u00f8ringsfri sporing &#8211; Ingen ledningsgennemtr\u00e6ngning eller isolationsskader.<\/p>\n<p data-start=\"541\" data-end=\"604\">\ud83e\udded Retningsindikator &#8211; Leder dig direkte til fejlen.<\/p>\n<p data-start=\"607\" data-end=\"663\">\ud83d\ude97 Bredt sp\u00e6ndingsomr\u00e5de &#8211; Fungerer p\u00e5 6V-42V DC-systemer.<\/p>\n<p data-start=\"666\" data-end=\"728\">\ud83d\udee0\ufe0f Fleksibel probe &#8211; Kan n\u00e5 sn\u00e6vre og skjulte ledningsomr\u00e5der.<\/p>\n<p data-start=\"731\" data-end=\"791\">\u23f1\ufe0f Sparer tid &#8211; Hurtigere diagnose betyder hurtigere reparationer.<\/p>\n<p data-start=\"731\" data-end=\"791\"><img decoding=\"async\" class=\"size-full wp-image-23404 aligncenter\" src=\"https:\/\/mekulo.com\/template\/wp-content\/uploads\/sites\/6\/2026\/02\/1a173f1a81dc5fd5d21e0965d5db92e311ff1762.jpg\" alt=\"\" width=\"1080\" height=\"666\" \/><\/p>\n<h2 style=\"text-align: center\" data-start=\"793\" data-end=\"807\">S\u00e5dan Bruges Den \ud83d\udccc<\/h2>\n<ol data-start=\"808\" data-end=\"1079\">\n<li data-start=\"808\" data-end=\"873\">\n<p data-start=\"811\" data-end=\"873\">Tilslut senderen til det kredsl\u00f8b eller den ledning, der skal testes.<\/p>\n<\/li>\n<li data-start=\"874\" data-end=\"933\">\n<p data-start=\"877\" data-end=\"933\">T\u00e6nd for modtageren, og juster om n\u00f8dvendigt f\u00f8lsomheden.<\/p>\n<\/li>\n<li data-start=\"934\" data-end=\"980\">\n<p data-start=\"937\" data-end=\"980\">Scan ledningerne med den fleksible probe.<\/p>\n<\/li>\n<li data-start=\"981\" data-end=\"1036\">\n<p data-start=\"984\" data-end=\"1036\">F\u00f8lg tonen og indikatoren for at finde fejlen.<\/p>\n<\/li>\n<li data-start=\"1037\" data-end=\"1079\">\n<p data-start=\"1040\" data-end=\"1079\">Reparer problemet, og test igen for at bekr\u00e6fte.<\/p>\n<\/li>\n<\/ol>\n<h2 style=\"text-align: center\" data-start=\"1081\" data-end=\"1100\">Produktoplysninger \ud83d\udccf<\/h2>\n<ul data-start=\"1101\" data-end=\"1422\">\n<li data-start=\"1156\" data-end=\"1184\">\n<p data-start=\"1158\" data-end=\"1184\">Sp\u00e6ndingsomr\u00e5de: 6V-42V DC<\/p>\n<\/li>\n<li data-start=\"1185\" data-end=\"1234\">\n<p data-start=\"1187\" data-end=\"1234\">Str\u00f8mforsyning: 2 x 9V batterier (medf\u00f8lger ikke)<\/p>\n<\/li>\n<li data-start=\"1235\" data-end=\"1274\">\n<p data-start=\"1237\" data-end=\"1274\">Sondel\u00e6ngde: 17,7 cm fleksibel sonde<\/p>\n<\/li>\n<li data-start=\"1275\" data-end=\"1301\">\n<p data-start=\"1277\" data-end=\"1301\">Materiale: Oprullet st\u00e5l<\/p>\n<\/li>\n<li data-start=\"1302\" data-end=\"1369\">\n<p data-start=\"1304\" data-end=\"1369\">Funktioner: Ledningssporing, kortslutningsdetektering, lokalisering af \u00e5bent kredsl\u00f8b<\/p>\n<\/li>\n<li data-start=\"1370\" data-end=\"1422\">\n<p data-start=\"1372\" data-end=\"1422\">Anvendelser: Biler, lastbiler, traktorer, b\u00e5de, autocampere<\/p>\n<\/li>\n<li data-start=\"1370\" data-end=\"1422\">St\u00f8rrelser: Sonde: 204 x 179 x 44 mm, Senderenhed: 58 x 68 x 675 mm<\/li>\n<\/ul>\n<h2 style=\"text-align: center\" data-start=\"1424\" data-end=\"1444\">Pakken Indeholder \ud83d\udce6<\/h2>\n<ul>\n<li data-start=\"131\" data-end=\"188\">\n<p data-start=\"133\" data-end=\"188\">1x h\u00e5ndholdt kabelmodtager\/sonde<\/p>\n<\/li>\n<li data-start=\"189\" data-end=\"252\">\n<p data-start=\"191\" data-end=\"252\">1x senderenhed<\/p>\n<\/li>\n<li data-start=\"253\" data-end=\"279\">\n<p data-start=\"255\" data-end=\"279\">1x brugsanvisning<\/p>\n<\/li>\n<li data-start=\"280\" data-end=\"317\">\n<p data-start=\"282\" data-end=\"317\">1x b\u00e6retaske\/opbevaringskuffert.<\/p>\n<\/li>\n<\/ul>\n<\/div>\n<\/div>\n<\/div>\n<\/div>\n<\/div>\n<\/div>\n<\/article>\n<\/div>\n","protected":false},"excerpt":{"rendered":"<p>\ud83e\uddd1\u200d\ud83d\udd27This bilens elektriske kredsl\u00f8bstester hj\u00e6lper dig med hurtigt at finde kortslutninger, brud og \u00e5bne kredsl\u00f8b i bilens ledninger.<br \/>\n\ud83d\ude98Den bruger ber\u00f8ringsfri sporing til at lede dig direkte til problemomr\u00e5det, hvilket sparer tid og g\u00e6tterier.<br \/>\n\u26a1Dette professionelle v\u00e6rkt\u00f8j g\u00f8r elektrisk diagnosticering hurtigere, sikrere og mere pr\u00e6cis.<\/p>\n","protected":false},"featured_media":22000,"comment_status":"open","ping_status":"closed","template":"","meta":{"site-sidebar-layout":"default","site-content-layout":"","ast-site-content-layout":"default","site-content-style":"default","site-sidebar-style":"default","ast-global-header-display":"","ast-banner-title-visibility":"","ast-main-header-display":"","ast-hfb-above-header-display":"","ast-hfb-below-header-display":"","ast-hfb-mobile-header-display":"","site-post-title":"","ast-breadcrumbs-content":"","ast-featured-img":"","footer-sml-layout":"","theme-transparent-header-meta":"default","adv-header-id-meta":"","stick-header-meta":"","header-above-stick-meta":"","header-main-stick-meta":"","header-below-stick-meta":"","astra-migrate-meta-layouts":"set","ast-page-background-enabled":"default","ast-page-background-meta":{"desktop":{"background-color":"var(--ast-global-color-5)","background-image":"","background-repeat":"repeat","background-position":"center center","background-size":"auto","background-attachment":"scroll","background-type":"","background-media":"","overlay-type":"","overlay-color":"","overlay-opacity":"","overlay-gradient":""},"tablet":{"background-color":"","background-image":"","background-repeat":"repeat","background-position":"center center","background-size":"auto","background-attachment":"scroll","background-type":"","background-media":"","overlay-type":"","overlay-color":"","overlay-opacity":"","overlay-gradient":""},"mobile":{"background-color":"","background-image":"","background-repeat":"repeat","background-position":"center center","background-size":"auto","background-attachment":"scroll","background-type":"","background-media":"","overlay-type":"","overlay-color":"","overlay-opacity":"","overlay-gradient":""}},"ast-content-background-meta":{"desktop":{"background-color":"var(--ast-global-color-4)","background-image":"","background-repeat":"repeat","background-position":"center center","background-size":"auto","background-attachment":"scroll","background-type":"","background-media":"","overlay-type":"","overlay-color":"","overlay-opacity":"","overlay-gradient":""},"tablet":{"background-color":"var(--ast-global-color-4)","background-image":"","background-repeat":"repeat","background-position":"center center","background-size":"auto","background-attachment":"scroll","background-type":"","background-media":"","overlay-type":"","overlay-color":"","overlay-opacity":"","overlay-gradient":""},"mobile":{"background-color":"var(--ast-global-color-4)","background-image":"","background-repeat":"repeat","background-position":"center center","background-size":"auto","background-attachment":"scroll","background-type":"","background-media":"","overlay-type":"","overlay-color":"","overlay-opacity":"","overlay-gradient":""}}},"product_brand":[],"product_cat":[161,171],"product_tag":[],"class_list":{"0":"post-22004","1":"product","2":"type-product","3":"status-publish","4":"has-post-thumbnail","6":"product_cat-bilprodukter","7":"product_cat-vaerktoejer","8":"desktop-align-left","9":"tablet-align-left","10":"mobile-align-left","12":"first","13":"instock","14":"shipping-taxable","15":"purchasable","16":"product-type-simple"},"yoast_head":"<!-- This site is optimized with the Yoast SEO plugin v26.6 - https:\/\/yoast.com\/wordpress\/plugins\/seo\/ -->\n<title>Elektrisk kredsl\u00f8bstester til biler - Mekulo DK<\/title>\n<meta name=\"robots\" content=\"index, follow, max-snippet:-1, max-image-preview:large, max-video-preview:-1\" \/>\n<link rel=\"canonical\" href=\"https:\/\/mekulo.com\/dk\/produkt\/elektrisk-kredsloebstester-til-biler\/\" \/>\n<meta property=\"og:locale\" content=\"da_DK\" \/>\n<meta property=\"og:type\" content=\"article\" \/>\n<meta property=\"og:title\" content=\"Elektrisk kredsl\u00f8bstester til biler - Mekulo DK\" \/>\n<meta property=\"og:description\" content=\"\ud83e\uddd1\u200d\ud83d\udd27This bilens elektriske kredsl\u00f8bstester hj\u00e6lper dig med hurtigt at finde kortslutninger, brud og \u00e5bne kredsl\u00f8b i bilens ledninger. \ud83d\ude98Den bruger ber\u00f8ringsfri sporing til at lede dig direkte til problemomr\u00e5det, hvilket sparer tid og g\u00e6tterier. \u26a1Dette professionelle v\u00e6rkt\u00f8j g\u00f8r elektrisk diagnosticering hurtigere, sikrere og mere pr\u00e6cis.\" \/>\n<meta property=\"og:url\" content=\"https:\/\/mekulo.com\/dk\/produkt\/elektrisk-kredsloebstester-til-biler\/\" \/>\n<meta property=\"og:site_name\" content=\"Mekulo DK\" \/>\n<meta property=\"article:modified_time\" content=\"2026-02-10T09:14:42+00:00\" \/>\n<meta property=\"og:image\" content=\"https:\/\/mekulo.com\/dk\/wp-content\/uploads\/sites\/12\/2026\/02\/8g0pgaw-1.jpg\" \/>\n\t<meta property=\"og:image:width\" content=\"960\" \/>\n\t<meta property=\"og:image:height\" content=\"960\" \/>\n\t<meta property=\"og:image:type\" content=\"image\/jpeg\" \/>\n<meta name=\"twitter:card\" content=\"summary_large_image\" \/>\n<meta name=\"twitter:label1\" content=\"Estimeret l\u00e6setid\" \/>\n\t<meta name=\"twitter:data1\" content=\"2 minutter\" \/>\n<script type=\"application\/ld+json\" class=\"yoast-schema-graph\">{\"@context\":\"https:\/\/schema.org\",\"@graph\":[{\"@type\":\"WebPage\",\"@id\":\"https:\/\/mekulo.com\/dk\/produkt\/elektrisk-kredsloebstester-til-biler\/\",\"url\":\"https:\/\/mekulo.com\/dk\/produkt\/elektrisk-kredsloebstester-til-biler\/\",\"name\":\"Elektrisk kredsl\u00f8bstester til biler - Mekulo DK\",\"isPartOf\":{\"@id\":\"https:\/\/mekulo.com\/dk\/#website\"},\"primaryImageOfPage\":{\"@id\":\"https:\/\/mekulo.com\/dk\/produkt\/elektrisk-kredsloebstester-til-biler\/#primaryimage\"},\"image\":{\"@id\":\"https:\/\/mekulo.com\/dk\/produkt\/elektrisk-kredsloebstester-til-biler\/#primaryimage\"},\"thumbnailUrl\":\"https:\/\/mekulo.com\/dk\/wp-content\/uploads\/sites\/12\/2026\/02\/8g0pgaw-1.jpg\",\"datePublished\":\"2026-02-04T19:28:50+00:00\",\"dateModified\":\"2026-02-10T09:14:42+00:00\",\"breadcrumb\":{\"@id\":\"https:\/\/mekulo.com\/dk\/produkt\/elektrisk-kredsloebstester-til-biler\/#breadcrumb\"},\"inLanguage\":\"da-DK\",\"potentialAction\":[{\"@type\":\"ReadAction\",\"target\":[\"https:\/\/mekulo.com\/dk\/produkt\/elektrisk-kredsloebstester-til-biler\/\"]}]},{\"@type\":\"ImageObject\",\"inLanguage\":\"da-DK\",\"@id\":\"https:\/\/mekulo.com\/dk\/produkt\/elektrisk-kredsloebstester-til-biler\/#primaryimage\",\"url\":\"https:\/\/mekulo.com\/dk\/wp-content\/uploads\/sites\/12\/2026\/02\/8g0pgaw-1.jpg\",\"contentUrl\":\"https:\/\/mekulo.com\/dk\/wp-content\/uploads\/sites\/12\/2026\/02\/8g0pgaw-1.jpg\",\"width\":960,\"height\":960},{\"@type\":\"BreadcrumbList\",\"@id\":\"https:\/\/mekulo.com\/dk\/produkt\/elektrisk-kredsloebstester-til-biler\/#breadcrumb\",\"itemListElement\":[{\"@type\":\"ListItem\",\"position\":1,\"name\":\"Home\",\"item\":\"https:\/\/mekulo.com\/dk\/\"},{\"@type\":\"ListItem\",\"position\":2,\"name\":\"Butik\",\"item\":\"https:\/\/mekulo.com\/dk\/butik\/\"},{\"@type\":\"ListItem\",\"position\":3,\"name\":\"Elektrisk kredsl\u00f8bstester til biler\"}]},{\"@type\":\"WebSite\",\"@id\":\"https:\/\/mekulo.com\/dk\/#website\",\"url\":\"https:\/\/mekulo.com\/dk\/\",\"name\":\"Mekulo DK\",\"description\":\"\",\"publisher\":{\"@id\":\"https:\/\/mekulo.com\/dk\/#organization\"},\"potentialAction\":[{\"@type\":\"SearchAction\",\"target\":{\"@type\":\"EntryPoint\",\"urlTemplate\":\"https:\/\/mekulo.com\/dk\/?s={search_term_string}\"},\"query-input\":{\"@type\":\"PropertyValueSpecification\",\"valueRequired\":true,\"valueName\":\"search_term_string\"}}],\"inLanguage\":\"da-DK\"},{\"@type\":\"Organization\",\"@id\":\"https:\/\/mekulo.com\/dk\/#organization\",\"name\":\"Mekulo\",\"url\":\"https:\/\/mekulo.com\/dk\/\",\"logo\":{\"@type\":\"ImageObject\",\"inLanguage\":\"da-DK\",\"@id\":\"https:\/\/mekulo.com\/dk\/#\/schema\/logo\/image\/\",\"url\":\"https:\/\/mekulo.com\/dk\/wp-content\/uploads\/sites\/12\/2025\/12\/favicon_mekulo.png\",\"contentUrl\":\"https:\/\/mekulo.com\/dk\/wp-content\/uploads\/sites\/12\/2025\/12\/favicon_mekulo.png\",\"width\":50,\"height\":50,\"caption\":\"Mekulo\"},\"image\":{\"@id\":\"https:\/\/mekulo.com\/dk\/#\/schema\/logo\/image\/\"}}]}<\/script>\n<!-- \/ Yoast SEO plugin. -->","yoast_head_json":{"title":"Elektrisk kredsl\u00f8bstester til biler - Mekulo DK","robots":{"index":"index","follow":"follow","max-snippet":"max-snippet:-1","max-image-preview":"max-image-preview:large","max-video-preview":"max-video-preview:-1"},"canonical":"https:\/\/mekulo.com\/dk\/produkt\/elektrisk-kredsloebstester-til-biler\/","og_locale":"da_DK","og_type":"article","og_title":"Elektrisk kredsl\u00f8bstester til biler - Mekulo DK","og_description":"\ud83e\uddd1\u200d\ud83d\udd27This bilens elektriske kredsl\u00f8bstester hj\u00e6lper dig med hurtigt at finde kortslutninger, brud og \u00e5bne kredsl\u00f8b i bilens ledninger. \ud83d\ude98Den bruger ber\u00f8ringsfri sporing til at lede dig direkte til problemomr\u00e5det, hvilket sparer tid og g\u00e6tterier. \u26a1Dette professionelle v\u00e6rkt\u00f8j g\u00f8r elektrisk diagnosticering hurtigere, sikrere og mere pr\u00e6cis.","og_url":"https:\/\/mekulo.com\/dk\/produkt\/elektrisk-kredsloebstester-til-biler\/","og_site_name":"Mekulo DK","article_modified_time":"2026-02-10T09:14:42+00:00","og_image":[{"width":960,"height":960,"url":"https:\/\/mekulo.com\/dk\/wp-content\/uploads\/sites\/12\/2026\/02\/8g0pgaw-1.jpg","type":"image\/jpeg"}],"twitter_card":"summary_large_image","twitter_misc":{"Estimeret l\u00e6setid":"2 minutter"},"schema":{"@context":"https:\/\/schema.org","@graph":[{"@type":"WebPage","@id":"https:\/\/mekulo.com\/dk\/produkt\/elektrisk-kredsloebstester-til-biler\/","url":"https:\/\/mekulo.com\/dk\/produkt\/elektrisk-kredsloebstester-til-biler\/","name":"Elektrisk kredsl\u00f8bstester til biler - Mekulo DK","isPartOf":{"@id":"https:\/\/mekulo.com\/dk\/#website"},"primaryImageOfPage":{"@id":"https:\/\/mekulo.com\/dk\/produkt\/elektrisk-kredsloebstester-til-biler\/#primaryimage"},"image":{"@id":"https:\/\/mekulo.com\/dk\/produkt\/elektrisk-kredsloebstester-til-biler\/#primaryimage"},"thumbnailUrl":"https:\/\/mekulo.com\/dk\/wp-content\/uploads\/sites\/12\/2026\/02\/8g0pgaw-1.jpg","datePublished":"2026-02-04T19:28:50+00:00","dateModified":"2026-02-10T09:14:42+00:00","breadcrumb":{"@id":"https:\/\/mekulo.com\/dk\/produkt\/elektrisk-kredsloebstester-til-biler\/#breadcrumb"},"inLanguage":"da-DK","potentialAction":[{"@type":"ReadAction","target":["https:\/\/mekulo.com\/dk\/produkt\/elektrisk-kredsloebstester-til-biler\/"]}]},{"@type":"ImageObject","inLanguage":"da-DK","@id":"https:\/\/mekulo.com\/dk\/produkt\/elektrisk-kredsloebstester-til-biler\/#primaryimage","url":"https:\/\/mekulo.com\/dk\/wp-content\/uploads\/sites\/12\/2026\/02\/8g0pgaw-1.jpg","contentUrl":"https:\/\/mekulo.com\/dk\/wp-content\/uploads\/sites\/12\/2026\/02\/8g0pgaw-1.jpg","width":960,"height":960},{"@type":"BreadcrumbList","@id":"https:\/\/mekulo.com\/dk\/produkt\/elektrisk-kredsloebstester-til-biler\/#breadcrumb","itemListElement":[{"@type":"ListItem","position":1,"name":"Home","item":"https:\/\/mekulo.com\/dk\/"},{"@type":"ListItem","position":2,"name":"Butik","item":"https:\/\/mekulo.com\/dk\/butik\/"},{"@type":"ListItem","position":3,"name":"Elektrisk kredsl\u00f8bstester til biler"}]},{"@type":"WebSite","@id":"https:\/\/mekulo.com\/dk\/#website","url":"https:\/\/mekulo.com\/dk\/","name":"Mekulo DK","description":"","publisher":{"@id":"https:\/\/mekulo.com\/dk\/#organization"},"potentialAction":[{"@type":"SearchAction","target":{"@type":"EntryPoint","urlTemplate":"https:\/\/mekulo.com\/dk\/?s={search_term_string}"},"query-input":{"@type":"PropertyValueSpecification","valueRequired":true,"valueName":"search_term_string"}}],"inLanguage":"da-DK"},{"@type":"Organization","@id":"https:\/\/mekulo.com\/dk\/#organization","name":"Mekulo","url":"https:\/\/mekulo.com\/dk\/","logo":{"@type":"ImageObject","inLanguage":"da-DK","@id":"https:\/\/mekulo.com\/dk\/#\/schema\/logo\/image\/","url":"https:\/\/mekulo.com\/dk\/wp-content\/uploads\/sites\/12\/2025\/12\/favicon_mekulo.png","contentUrl":"https:\/\/mekulo.com\/dk\/wp-content\/uploads\/sites\/12\/2025\/12\/favicon_mekulo.png","width":50,"height":50,"caption":"Mekulo"},"image":{"@id":"https:\/\/mekulo.com\/dk\/#\/schema\/logo\/image\/"}}]}},"_links":{"self":[{"href":"https:\/\/mekulo.com\/dk\/wp-json\/wp\/v2\/product\/22004","targetHints":{"allow":["GET"]}}],"collection":[{"href":"https:\/\/mekulo.com\/dk\/wp-json\/wp\/v2\/product"}],"about":[{"href":"https:\/\/mekulo.com\/dk\/wp-json\/wp\/v2\/types\/product"}],"replies":[{"embeddable":true,"href":"https:\/\/mekulo.com\/dk\/wp-json\/wp\/v2\/comments?post=22004"}],"wp:featuredmedia":[{"embeddable":true,"href":"https:\/\/mekulo.com\/dk\/wp-json\/wp\/v2\/media\/22000"}],"wp:attachment":[{"href":"https:\/\/mekulo.com\/dk\/wp-json\/wp\/v2\/media?parent=22004"}],"wp:term":[{"taxonomy":"product_brand","embeddable":true,"href":"https:\/\/mekulo.com\/dk\/wp-json\/wp\/v2\/product_brand?post=22004"},{"taxonomy":"product_cat","embeddable":true,"href":"https:\/\/mekulo.com\/dk\/wp-json\/wp\/v2\/product_cat?post=22004"},{"taxonomy":"product_tag","embeddable":true,"href":"https:\/\/mekulo.com\/dk\/wp-json\/wp\/v2\/product_tag?post=22004"}],"curies":[{"name":"wp","href":"https:\/\/api.w.org\/{rel}","templated":true}]}}