{"id":21984,"date":"2026-02-04T21:26:31","date_gmt":"2026-02-04T19:26:31","guid":{"rendered":"https:\/\/mekulo.com\/dk\/produkt\/fleksibel-stikkontaktforlaenger\/"},"modified":"2026-02-10T11:15:00","modified_gmt":"2026-02-10T09:15:00","slug":"fleksibel-stikkontaktforlaenger","status":"publish","type":"product","link":"https:\/\/mekulo.com\/dk\/produkt\/fleksibel-stikkontaktforlaenger\/","title":{"rendered":"Fleksibel stikkontaktforl\u00e6nger"},"content":{"rendered":"<div class=\"flex max-w-full flex-col grow\">\n<div class=\"min-h-8 text-message relative flex w-full flex-col items-end gap-2 text-start break-words whitespace-normal [.text-message+&amp;]:mt-1\" dir=\"auto\" data-message-author-role=\"assistant\" data-message-id=\"ea5f50ec-2aaa-40dc-a295-bd79a548e10b\" data-message-model-slug=\"gpt-5-2\">\n<div class=\"flex w-full flex-col gap-1 empty:hidden first:pt-[1px]\">\n<div class=\"markdown prose dark:prose-invert w-full wrap-break-word light markdown-new-styling\">\n<p style=\"text-align: center\" data-start=\"0\" data-end=\"61\"><strong data-start=\"0\" data-end=\"61\">N\u00e5 Stramme Bolte Og M\u00f8trikker, Som Stift V\u00e6rkt\u00f8j Ikke Kan N\u00e5. \u2699\ufe0f<\/strong><\/p>\n<p data-start=\"0\" data-end=\"61\"><img fetchpriority=\"high\" decoding=\"async\" class=\"size-full wp-image-23387 aligncenter\" src=\"https:\/\/mekulo.com\/template\/wp-content\/uploads\/sites\/6\/2026\/02\/2b28ef7a362dfd327661746531e9074a433483bf-700.jpg\" alt=\"\" width=\"1080\" height=\"1080\" \/><\/p>\n<h2 style=\"text-align: center\" data-start=\"352\" data-end=\"369\"><strong>Vigtigste fordele \ud83d\udd04<\/strong><\/h2>\n<p data-start=\"372\" data-end=\"433\">\ud83d\udd04 Fleksibel op til 45\u00b0 &#8211; F\u00e5 adgang til sn\u00e6vre og besv\u00e6rlige steder.<\/p>\n<p data-start=\"436\" data-end=\"494\">\ud83e\uddf0 Tre drevst\u00f8rrelser medf\u00f8lger &#8211; 6,3 mm, 10 mm og 12,5 mm.<\/p>\n<p data-start=\"497\" data-end=\"563\">\ud83d\udcaa Ender i CRV-st\u00e5l &#8211; St\u00e6rke, holdbare og korrosionsbestandige.<\/p>\n<p data-start=\"566\" data-end=\"635\">\ud83d\udd12 Sikkert fatningsgreb &#8211; Fjederbelastet sp\u00e6rre og skridsikker kugle.<\/p>\n<p data-start=\"638\" data-end=\"701\">\u2699\ufe0f Forbedret pr\u00e6cision &#8211; Mindre glidning under h\u00e5rde forhold.<\/p>\n<p data-start=\"704\" data-end=\"772\">\ud83d\ude97 Ideel til bilreparationer &#8211; Perfekt til motorrum og hj\u00f8rner.<\/p>\n<p data-start=\"704\" data-end=\"772\"><img decoding=\"async\" class=\"size-full wp-image-23388 aligncenter\" src=\"https:\/\/mekulo.com\/template\/wp-content\/uploads\/sites\/6\/2026\/02\/7c8ce82847c31e176ee2f29926489a793af57e3f-700.jpg\" alt=\"\" width=\"1080\" height=\"1080\" \/><\/p>\n<h2 style=\"text-align: center\" data-start=\"774\" data-end=\"788\"><strong>S\u00e5dan Bruges Den \ud83d\udccc<\/strong><\/h2>\n<ol data-start=\"789\" data-end=\"1026\">\n<li data-start=\"789\" data-end=\"834\">\n<p data-start=\"792\" data-end=\"834\">V\u00e6lg den rigtige st\u00f8rrelse forl\u00e6nger.<\/p>\n<\/li>\n<li data-start=\"835\" data-end=\"887\">\n<p data-start=\"838\" data-end=\"887\">S\u00e6t forl\u00e6ngeren p\u00e5 din skralde eller skruen\u00f8gle.<\/p>\n<\/li>\n<li data-start=\"888\" data-end=\"933\">\n<p data-start=\"891\" data-end=\"933\">S\u00e6t topn\u00f8glen p\u00e5 enden af forl\u00e6ngeren.<\/p>\n<\/li>\n<li data-start=\"934\" data-end=\"978\">\n<p data-start=\"937\" data-end=\"978\">B\u00f8j forl\u00e6ngeren til den \u00f8nskede vinkel.<\/p>\n<\/li>\n<li data-start=\"979\" data-end=\"1026\">\n<p data-start=\"982\" data-end=\"1026\">P\u00e5f\u00f8r moment, og udf\u00f8r opgaven problemfrit.<\/p>\n<\/li>\n<\/ol>\n<h2 style=\"text-align: center\" data-start=\"1028\" data-end=\"1047\"><strong>Produktdetaljer \ud83d\udccf<\/strong><\/h2>\n<ul>\n<li>M\u00e5l:<\/li>\n<li style=\"list-style-type: none\">\n<ul data-start=\"1115\" data-end=\"1212\">\n<li data-start=\"1115\" data-end=\"1145\">\n<p data-start=\"1117\" data-end=\"1145\">6,3 mm drev &#8211; 14,5 cm l\u00e6ngde<\/p>\n<\/li>\n<li data-start=\"1148\" data-end=\"1178\">\n<p data-start=\"1150\" data-end=\"1178\">10 mm drev &#8211; 20 cm l\u00e6ngde<\/p>\n<\/li>\n<li data-start=\"1181\" data-end=\"1212\">\n<p data-start=\"1183\" data-end=\"1212\">12,5 mm drev &#8211; 24,5 cm l\u00e6ngde<\/p>\n<\/li>\n<\/ul>\n<\/li>\n<li data-start=\"1213\" data-end=\"1238\">\n<p data-start=\"1215\" data-end=\"1238\">Flexvinkel: Op til 45\u00b0<\/p>\n<\/li>\n<li data-start=\"1239\" data-end=\"1280\">\n<p data-start=\"1241\" data-end=\"1280\">Materiale: Kromvanadium (CRV)-st\u00e5l<\/p>\n<\/li>\n<li data-start=\"1281\" data-end=\"1319\">\n<p data-start=\"1283\" data-end=\"1319\">L\u00e5sning: Fjederbelastet sp\u00e6rrekugle<\/p>\n<\/li>\n<\/ul>\n<h2 style=\"text-align: center\" data-start=\"1321\" data-end=\"1341\"><strong>Pakken Indeholder \ud83d\udce6<\/strong><\/h2>\n<ul data-start=\"1342\" data-end=\"1456\" data-is-last-node=\"\" data-is-only-node=\"\">\n<li data-start=\"1342\" data-end=\"1380\">\n<p data-start=\"1344\" data-end=\"1380\">1x 12,5 mm fleksibel muffeforl\u00e6nger eller<\/p>\n<\/li>\n<li data-start=\"1381\" data-end=\"1419\">\n<p data-start=\"1383\" data-end=\"1419\">1x 10 mm fleksibel muffeforl\u00e6nger eller<\/p>\n<\/li>\n<li data-start=\"1420\" data-end=\"1456\" data-is-last-node=\"\">\n<p data-start=\"1422\" data-end=\"1456\" data-is-last-node=\"\">1x 6,3 mm fleksibel muffeforl\u00e6nger eller<\/p>\n<\/li>\n<li data-start=\"1420\" data-end=\"1456\" data-is-last-node=\"\">S\u00e6t med 3x fleksible muffeforl\u00e6ngere.<\/li>\n<\/ul>\n<\/div>\n<\/div>\n<\/div>\n<\/div>\n","protected":false},"excerpt":{"rendered":"<p>\ud83d\udd04Disse fleksible stikd\u00e5seforl\u00e6ngere b\u00f8jer op til 45\u00b0, s\u00e5 du nemt kan p\u00e5f\u00f8re moment fra sv\u00e6rt tilg\u00e6ngelige vinkler.<br \/>\n\ud83e\uddf0Det er perfekt til bilreparationer og vedligeholdelsesopgaver i sn\u00e6vre eller begr\u00e6nsede rum.<br \/>\n\u2699\ufe0fThis s\u00e6t sparer tid, reducerer frustration og hj\u00e6lper dig med at afslutte opgaver rent og pr\u00e6cist.<\/p>\n","protected":false},"featured_media":21980,"comment_status":"open","ping_status":"closed","template":"","meta":{"site-sidebar-layout":"default","site-content-layout":"","ast-site-content-layout":"default","site-content-style":"default","site-sidebar-style":"default","ast-global-header-display":"","ast-banner-title-visibility":"","ast-main-header-display":"","ast-hfb-above-header-display":"","ast-hfb-below-header-display":"","ast-hfb-mobile-header-display":"","site-post-title":"","ast-breadcrumbs-content":"","ast-featured-img":"","footer-sml-layout":"","ast-disable-related-posts":"","theme-transparent-header-meta":"default","adv-header-id-meta":"","stick-header-meta":"","header-above-stick-meta":"","header-main-stick-meta":"","header-below-stick-meta":"","astra-migrate-meta-layouts":"set","ast-page-background-enabled":"default","ast-page-background-meta":{"desktop":{"background-color":"var(--ast-global-color-5)","background-image":"","background-repeat":"repeat","background-position":"center center","background-size":"auto","background-attachment":"scroll","background-type":"","background-media":"","overlay-type":"","overlay-color":"","overlay-opacity":"","overlay-gradient":""},"tablet":{"background-color":"","background-image":"","background-repeat":"repeat","background-position":"center center","background-size":"auto","background-attachment":"scroll","background-type":"","background-media":"","overlay-type":"","overlay-color":"","overlay-opacity":"","overlay-gradient":""},"mobile":{"background-color":"","background-image":"","background-repeat":"repeat","background-position":"center center","background-size":"auto","background-attachment":"scroll","background-type":"","background-media":"","overlay-type":"","overlay-color":"","overlay-opacity":"","overlay-gradient":""}},"ast-content-background-meta":{"desktop":{"background-color":"var(--ast-global-color-4)","background-image":"","background-repeat":"repeat","background-position":"center center","background-size":"auto","background-attachment":"scroll","background-type":"","background-media":"","overlay-type":"","overlay-color":"","overlay-opacity":"","overlay-gradient":""},"tablet":{"background-color":"var(--ast-global-color-4)","background-image":"","background-repeat":"repeat","background-position":"center center","background-size":"auto","background-attachment":"scroll","background-type":"","background-media":"","overlay-type":"","overlay-color":"","overlay-opacity":"","overlay-gradient":""},"mobile":{"background-color":"var(--ast-global-color-4)","background-image":"","background-repeat":"repeat","background-position":"center center","background-size":"auto","background-attachment":"scroll","background-type":"","background-media":"","overlay-type":"","overlay-color":"","overlay-opacity":"","overlay-gradient":""}}},"product_brand":[],"product_cat":[15],"product_tag":[],"class_list":{"0":"post-21984","1":"product","2":"type-product","3":"status-publish","4":"has-post-thumbnail","6":"product_cat-uncategorized","7":"pa_54280_upeapybu-10-mm","8":"pa_54280_upeapybu-125-mm","9":"pa_54280_upeapybu-63-mm","10":"pa_54280_upeapybu-saet-med-3-stk","11":"desktop-align-left","12":"tablet-align-left","13":"mobile-align-left","15":"first","16":"instock","17":"shipping-taxable","18":"purchasable","19":"product-type-variable"},"yoast_head":"<!-- This site is optimized with the Yoast SEO plugin v27.4 - https:\/\/yoast.com\/product\/yoast-seo-wordpress\/ -->\n<title>Fleksibel stikkontaktforl\u00e6nger - Mekulo DK<\/title>\n<meta name=\"robots\" content=\"index, follow, max-snippet:-1, max-image-preview:large, max-video-preview:-1\" \/>\n<link rel=\"canonical\" href=\"https:\/\/mekulo.com\/dk\/produkt\/fleksibel-stikkontaktforlaenger\/\" \/>\n<meta property=\"og:locale\" content=\"da_DK\" \/>\n<meta property=\"og:type\" content=\"article\" \/>\n<meta property=\"og:title\" content=\"Fleksibel stikkontaktforl\u00e6nger - Mekulo DK\" \/>\n<meta property=\"og:description\" content=\"\ud83d\udd04Disse fleksible stikd\u00e5seforl\u00e6ngere b\u00f8jer op til 45\u00b0, s\u00e5 du nemt kan p\u00e5f\u00f8re moment fra sv\u00e6rt tilg\u00e6ngelige vinkler. \ud83e\uddf0Det er perfekt til bilreparationer og vedligeholdelsesopgaver i sn\u00e6vre eller begr\u00e6nsede rum. \u2699\ufe0fThis s\u00e6t sparer tid, reducerer frustration og hj\u00e6lper dig med at afslutte opgaver rent og pr\u00e6cist.\" \/>\n<meta property=\"og:url\" content=\"https:\/\/mekulo.com\/dk\/produkt\/fleksibel-stikkontaktforlaenger\/\" \/>\n<meta property=\"og:site_name\" content=\"Mekulo DK\" \/>\n<meta property=\"article:modified_time\" content=\"2026-02-10T09:15:00+00:00\" \/>\n<meta property=\"og:image\" content=\"https:\/\/mekulo.com\/dk\/wp-content\/uploads\/sites\/12\/2026\/02\/mr3dd7z-1.jpg\" \/>\n\t<meta property=\"og:image:width\" content=\"1080\" \/>\n\t<meta property=\"og:image:height\" content=\"1080\" \/>\n\t<meta property=\"og:image:type\" content=\"image\/jpeg\" \/>\n<meta name=\"twitter:card\" content=\"summary_large_image\" \/>\n<meta name=\"twitter:label1\" content=\"Estimeret l\u00e6setid\" \/>\n\t<meta name=\"twitter:data1\" content=\"2 minutter\" \/>\n<script type=\"application\/ld+json\" class=\"yoast-schema-graph\">{\"@context\":\"https:\\\/\\\/schema.org\",\"@graph\":[{\"@type\":\"WebPage\",\"@id\":\"https:\\\/\\\/mekulo.com\\\/dk\\\/produkt\\\/fleksibel-stikkontaktforlaenger\\\/\",\"url\":\"https:\\\/\\\/mekulo.com\\\/dk\\\/produkt\\\/fleksibel-stikkontaktforlaenger\\\/\",\"name\":\"Fleksibel stikkontaktforl\u00e6nger - Mekulo DK\",\"isPartOf\":{\"@id\":\"https:\\\/\\\/mekulo.com\\\/dk\\\/#website\"},\"primaryImageOfPage\":{\"@id\":\"https:\\\/\\\/mekulo.com\\\/dk\\\/produkt\\\/fleksibel-stikkontaktforlaenger\\\/#primaryimage\"},\"image\":{\"@id\":\"https:\\\/\\\/mekulo.com\\\/dk\\\/produkt\\\/fleksibel-stikkontaktforlaenger\\\/#primaryimage\"},\"thumbnailUrl\":\"https:\\\/\\\/mekulo.com\\\/dk\\\/wp-content\\\/uploads\\\/sites\\\/12\\\/2026\\\/02\\\/mr3dd7z-1.jpg\",\"datePublished\":\"2026-02-04T19:26:31+00:00\",\"dateModified\":\"2026-02-10T09:15:00+00:00\",\"breadcrumb\":{\"@id\":\"https:\\\/\\\/mekulo.com\\\/dk\\\/produkt\\\/fleksibel-stikkontaktforlaenger\\\/#breadcrumb\"},\"inLanguage\":\"da-DK\",\"potentialAction\":[{\"@type\":\"ReadAction\",\"target\":[\"https:\\\/\\\/mekulo.com\\\/dk\\\/produkt\\\/fleksibel-stikkontaktforlaenger\\\/\"]}]},{\"@type\":\"ImageObject\",\"inLanguage\":\"da-DK\",\"@id\":\"https:\\\/\\\/mekulo.com\\\/dk\\\/produkt\\\/fleksibel-stikkontaktforlaenger\\\/#primaryimage\",\"url\":\"https:\\\/\\\/mekulo.com\\\/dk\\\/wp-content\\\/uploads\\\/sites\\\/12\\\/2026\\\/02\\\/mr3dd7z-1.jpg\",\"contentUrl\":\"https:\\\/\\\/mekulo.com\\\/dk\\\/wp-content\\\/uploads\\\/sites\\\/12\\\/2026\\\/02\\\/mr3dd7z-1.jpg\",\"width\":1080,\"height\":1080},{\"@type\":\"BreadcrumbList\",\"@id\":\"https:\\\/\\\/mekulo.com\\\/dk\\\/produkt\\\/fleksibel-stikkontaktforlaenger\\\/#breadcrumb\",\"itemListElement\":[{\"@type\":\"ListItem\",\"position\":1,\"name\":\"Home\",\"item\":\"https:\\\/\\\/mekulo.com\\\/dk\\\/\"},{\"@type\":\"ListItem\",\"position\":2,\"name\":\"Butik\",\"item\":\"https:\\\/\\\/mekulo.com\\\/dk\\\/butik\\\/\"},{\"@type\":\"ListItem\",\"position\":3,\"name\":\"Fleksibel stikkontaktforl\u00e6nger\"}]},{\"@type\":\"WebSite\",\"@id\":\"https:\\\/\\\/mekulo.com\\\/dk\\\/#website\",\"url\":\"https:\\\/\\\/mekulo.com\\\/dk\\\/\",\"name\":\"Mekulo DK\",\"description\":\"\",\"publisher\":{\"@id\":\"https:\\\/\\\/mekulo.com\\\/dk\\\/#organization\"},\"potentialAction\":[{\"@type\":\"SearchAction\",\"target\":{\"@type\":\"EntryPoint\",\"urlTemplate\":\"https:\\\/\\\/mekulo.com\\\/dk\\\/?s={search_term_string}\"},\"query-input\":{\"@type\":\"PropertyValueSpecification\",\"valueRequired\":true,\"valueName\":\"search_term_string\"}}],\"inLanguage\":\"da-DK\"},{\"@type\":\"Organization\",\"@id\":\"https:\\\/\\\/mekulo.com\\\/dk\\\/#organization\",\"name\":\"Mekulo\",\"url\":\"https:\\\/\\\/mekulo.com\\\/dk\\\/\",\"logo\":{\"@type\":\"ImageObject\",\"inLanguage\":\"da-DK\",\"@id\":\"https:\\\/\\\/mekulo.com\\\/dk\\\/#\\\/schema\\\/logo\\\/image\\\/\",\"url\":\"https:\\\/\\\/mekulo.com\\\/dk\\\/wp-content\\\/uploads\\\/sites\\\/12\\\/2025\\\/12\\\/favicon_mekulo.png\",\"contentUrl\":\"https:\\\/\\\/mekulo.com\\\/dk\\\/wp-content\\\/uploads\\\/sites\\\/12\\\/2025\\\/12\\\/favicon_mekulo.png\",\"width\":50,\"height\":50,\"caption\":\"Mekulo\"},\"image\":{\"@id\":\"https:\\\/\\\/mekulo.com\\\/dk\\\/#\\\/schema\\\/logo\\\/image\\\/\"}}]}<\/script>\n<!-- \/ Yoast SEO plugin. -->","yoast_head_json":{"title":"Fleksibel stikkontaktforl\u00e6nger - Mekulo DK","robots":{"index":"index","follow":"follow","max-snippet":"max-snippet:-1","max-image-preview":"max-image-preview:large","max-video-preview":"max-video-preview:-1"},"canonical":"https:\/\/mekulo.com\/dk\/produkt\/fleksibel-stikkontaktforlaenger\/","og_locale":"da_DK","og_type":"article","og_title":"Fleksibel stikkontaktforl\u00e6nger - Mekulo DK","og_description":"\ud83d\udd04Disse fleksible stikd\u00e5seforl\u00e6ngere b\u00f8jer op til 45\u00b0, s\u00e5 du nemt kan p\u00e5f\u00f8re moment fra sv\u00e6rt tilg\u00e6ngelige vinkler. \ud83e\uddf0Det er perfekt til bilreparationer og vedligeholdelsesopgaver i sn\u00e6vre eller begr\u00e6nsede rum. \u2699\ufe0fThis s\u00e6t sparer tid, reducerer frustration og hj\u00e6lper dig med at afslutte opgaver rent og pr\u00e6cist.","og_url":"https:\/\/mekulo.com\/dk\/produkt\/fleksibel-stikkontaktforlaenger\/","og_site_name":"Mekulo DK","article_modified_time":"2026-02-10T09:15:00+00:00","og_image":[{"width":1080,"height":1080,"url":"https:\/\/mekulo.com\/dk\/wp-content\/uploads\/sites\/12\/2026\/02\/mr3dd7z-1.jpg","type":"image\/jpeg"}],"twitter_card":"summary_large_image","twitter_misc":{"Estimeret l\u00e6setid":"2 minutter"},"schema":{"@context":"https:\/\/schema.org","@graph":[{"@type":"WebPage","@id":"https:\/\/mekulo.com\/dk\/produkt\/fleksibel-stikkontaktforlaenger\/","url":"https:\/\/mekulo.com\/dk\/produkt\/fleksibel-stikkontaktforlaenger\/","name":"Fleksibel stikkontaktforl\u00e6nger - Mekulo DK","isPartOf":{"@id":"https:\/\/mekulo.com\/dk\/#website"},"primaryImageOfPage":{"@id":"https:\/\/mekulo.com\/dk\/produkt\/fleksibel-stikkontaktforlaenger\/#primaryimage"},"image":{"@id":"https:\/\/mekulo.com\/dk\/produkt\/fleksibel-stikkontaktforlaenger\/#primaryimage"},"thumbnailUrl":"https:\/\/mekulo.com\/dk\/wp-content\/uploads\/sites\/12\/2026\/02\/mr3dd7z-1.jpg","datePublished":"2026-02-04T19:26:31+00:00","dateModified":"2026-02-10T09:15:00+00:00","breadcrumb":{"@id":"https:\/\/mekulo.com\/dk\/produkt\/fleksibel-stikkontaktforlaenger\/#breadcrumb"},"inLanguage":"da-DK","potentialAction":[{"@type":"ReadAction","target":["https:\/\/mekulo.com\/dk\/produkt\/fleksibel-stikkontaktforlaenger\/"]}]},{"@type":"ImageObject","inLanguage":"da-DK","@id":"https:\/\/mekulo.com\/dk\/produkt\/fleksibel-stikkontaktforlaenger\/#primaryimage","url":"https:\/\/mekulo.com\/dk\/wp-content\/uploads\/sites\/12\/2026\/02\/mr3dd7z-1.jpg","contentUrl":"https:\/\/mekulo.com\/dk\/wp-content\/uploads\/sites\/12\/2026\/02\/mr3dd7z-1.jpg","width":1080,"height":1080},{"@type":"BreadcrumbList","@id":"https:\/\/mekulo.com\/dk\/produkt\/fleksibel-stikkontaktforlaenger\/#breadcrumb","itemListElement":[{"@type":"ListItem","position":1,"name":"Home","item":"https:\/\/mekulo.com\/dk\/"},{"@type":"ListItem","position":2,"name":"Butik","item":"https:\/\/mekulo.com\/dk\/butik\/"},{"@type":"ListItem","position":3,"name":"Fleksibel stikkontaktforl\u00e6nger"}]},{"@type":"WebSite","@id":"https:\/\/mekulo.com\/dk\/#website","url":"https:\/\/mekulo.com\/dk\/","name":"Mekulo DK","description":"","publisher":{"@id":"https:\/\/mekulo.com\/dk\/#organization"},"potentialAction":[{"@type":"SearchAction","target":{"@type":"EntryPoint","urlTemplate":"https:\/\/mekulo.com\/dk\/?s={search_term_string}"},"query-input":{"@type":"PropertyValueSpecification","valueRequired":true,"valueName":"search_term_string"}}],"inLanguage":"da-DK"},{"@type":"Organization","@id":"https:\/\/mekulo.com\/dk\/#organization","name":"Mekulo","url":"https:\/\/mekulo.com\/dk\/","logo":{"@type":"ImageObject","inLanguage":"da-DK","@id":"https:\/\/mekulo.com\/dk\/#\/schema\/logo\/image\/","url":"https:\/\/mekulo.com\/dk\/wp-content\/uploads\/sites\/12\/2025\/12\/favicon_mekulo.png","contentUrl":"https:\/\/mekulo.com\/dk\/wp-content\/uploads\/sites\/12\/2025\/12\/favicon_mekulo.png","width":50,"height":50,"caption":"Mekulo"},"image":{"@id":"https:\/\/mekulo.com\/dk\/#\/schema\/logo\/image\/"}}]}},"_links":{"self":[{"href":"https:\/\/mekulo.com\/dk\/wp-json\/wp\/v2\/product\/21984","targetHints":{"allow":["GET"]}}],"collection":[{"href":"https:\/\/mekulo.com\/dk\/wp-json\/wp\/v2\/product"}],"about":[{"href":"https:\/\/mekulo.com\/dk\/wp-json\/wp\/v2\/types\/product"}],"replies":[{"embeddable":true,"href":"https:\/\/mekulo.com\/dk\/wp-json\/wp\/v2\/comments?post=21984"}],"wp:featuredmedia":[{"embeddable":true,"href":"https:\/\/mekulo.com\/dk\/wp-json\/wp\/v2\/media\/21980"}],"wp:attachment":[{"href":"https:\/\/mekulo.com\/dk\/wp-json\/wp\/v2\/media?parent=21984"}],"wp:term":[{"taxonomy":"product_brand","embeddable":true,"href":"https:\/\/mekulo.com\/dk\/wp-json\/wp\/v2\/product_brand?post=21984"},{"taxonomy":"product_cat","embeddable":true,"href":"https:\/\/mekulo.com\/dk\/wp-json\/wp\/v2\/product_cat?post=21984"},{"taxonomy":"product_tag","embeddable":true,"href":"https:\/\/mekulo.com\/dk\/wp-json\/wp\/v2\/product_tag?post=21984"}],"curies":[{"name":"wp","href":"https:\/\/api.w.org\/{rel}","templated":true}]}}