{"id":21938,"date":"2026-02-04T21:21:57","date_gmt":"2026-02-04T19:21:57","guid":{"rendered":"https:\/\/mekulo.com\/dk\/produkt\/oejeblikkeligt-bordtennisnet\/"},"modified":"2026-02-04T21:22:22","modified_gmt":"2026-02-04T19:22:22","slug":"oejeblikkeligt-bordtennisnet","status":"publish","type":"product","link":"https:\/\/mekulo.com\/dk\/produkt\/oejeblikkeligt-bordtennisnet\/","title":{"rendered":"\u00d8jeblikkeligt bordtennisnet"},"content":{"rendered":"<p style=\"text-align: center\" data-start=\"0\" data-end=\"53\"><strong data-start=\"0\" data-end=\"53\">G\u00f8r ethvert bord til et bordtennisbord p\u00e5 f\u00e5 sekunder. \ud83c\udfbe<\/strong><\/p>\n<p data-start=\"0\" data-end=\"53\"><img fetchpriority=\"high\" decoding=\"async\" class=\"size-full wp-image-23349 aligncenter\" src=\"https:\/\/mekulo.com\/template\/wp-content\/uploads\/sites\/6\/2026\/02\/83704579ac58ad4ff57c2ca0cc3a9a1abba33c11.jpg\" alt=\"\" width=\"1080\" height=\"1013\" \/><\/p>\n<h2 style=\"text-align: center\" data-start=\"346\" data-end=\"363\"><strong>Hovedfordele \ud83c\udfd3<\/strong><\/h2>\n<p data-start=\"366\" data-end=\"429\">\ud83c\udfd3 \u00d8jeblikkelig ops\u00e6tning &#8211; Forvandler ethvert bord til et bordtennisbord.<\/p>\n<p data-start=\"432\" data-end=\"493\">\ud83d\udd04 Indtr\u00e6kkeligt net &#8211; Let at fastg\u00f8re, justere og fjerne.<\/p>\n<p data-start=\"496\" data-end=\"552\">\ud83d\udcaa Holdbare materialer &#8211; Bygget til langvarig leg.<\/p>\n<p data-start=\"555\" data-end=\"608\">\ud83c\udf92 Kompakt og b\u00e6rbar &#8211; Let at b\u00e6re og opbevare.<\/p>\n<p data-start=\"611\" data-end=\"680\">\ud83d\udc68\u200d\ud83d\udc69\u200d\ud83d\udc67\u200d\ud83d\udc66 Familievenligt &#8211; Sjovt for alle aldre og f\u00e6rdighedsniveauer.<\/p>\n<p data-start=\"683\" data-end=\"744\">\ud83c\udf81 God gaveid\u00e9 &#8211; Perfekt til sports- og spilelskere.<\/p>\n<p data-start=\"683\" data-end=\"744\"><img decoding=\"async\" class=\"size-full wp-image-23351 aligncenter\" src=\"https:\/\/mekulo.com\/template\/wp-content\/uploads\/sites\/6\/2026\/02\/d48dda820de79d755f51e4caa47242c74e417289-700.jpg\" alt=\"\" width=\"1080\" height=\"1080\" \/><\/p>\n<h2 style=\"text-align: center\" data-start=\"746\" data-end=\"760\"><strong>S\u00e5dan Bruges Det \ud83d\udccc<\/strong><\/h2>\n<ol data-start=\"761\" data-end=\"942\">\n<li data-start=\"761\" data-end=\"795\">\n<p data-start=\"764\" data-end=\"795\">Tr\u00e6k det optr\u00e6kkelige net ud.<\/p>\n<\/li>\n<li data-start=\"796\" data-end=\"834\">\n<p data-start=\"799\" data-end=\"834\">Klips hver side fast p\u00e5 en bordkant.<\/p>\n<\/li>\n<li data-start=\"835\" data-end=\"878\">\n<p data-start=\"838\" data-end=\"878\">Juster netbredden, s\u00e5 den passer til bordet.<\/p>\n<\/li>\n<li data-start=\"879\" data-end=\"910\">\n<p data-start=\"882\" data-end=\"910\">Begynd at spille med det samme.<\/p>\n<\/li>\n<li data-start=\"911\" data-end=\"942\">\n<p data-start=\"914\" data-end=\"942\">Tr\u00e6k det ind og opbevar det efter brug.<\/p>\n<\/li>\n<\/ol>\n<h2 style=\"text-align: center\" data-start=\"944\" data-end=\"963\"><strong>Produktdetaljer \ud83d\udccf<\/strong><\/h2>\n<ul data-start=\"964\" data-end=\"1162\">\n<li data-start=\"1015\" data-end=\"1059\">\n<p data-start=\"1017\" data-end=\"1059\">Installation: Klikkes p\u00e5, kr\u00e6ver ikke v\u00e6rkt\u00f8j<\/p>\n<\/li>\n<li data-start=\"1060\" data-end=\"1094\">\n<p data-start=\"1062\" data-end=\"1094\">Anvendelse: Indend\u00f8rs og udend\u00f8rs borde<\/p>\n<\/li>\n<li data-start=\"1095\" data-end=\"1127\">\n<p data-start=\"1097\" data-end=\"1127\">Design: Kompakt og b\u00e6rbar<\/p>\n<\/li>\n<li data-start=\"1128\" data-end=\"1162\">\n<p data-start=\"1130\" data-end=\"1162\">Spillere: Velegnet til alle aldre<\/p>\n<\/li>\n<li data-start=\"1128\" data-end=\"1162\">St\u00f8rrelser: Lukket: 19 x 12 x 14 cm, Strech op til 174 cm<\/li>\n<\/ul>\n<h2 style=\"text-align: center\" data-start=\"1164\" data-end=\"1184\"><strong>Pakken Indeholder \ud83d\udce6<\/strong><\/h2>\n<ul data-start=\"1185\" data-end=\"1237\" data-is-last-node=\"\" data-is-only-node=\"\">\n<li data-start=\"1185\" data-end=\"1221\">\n<p data-start=\"1187\" data-end=\"1221\">1, 2x indtr\u00e6kkeligt bordtennisnet.<\/p>\n<\/li>\n<\/ul>\n","protected":false},"excerpt":{"rendered":"<p>\ud83c\udfd3Med dette \u00f8jeblikkelige bordtennisnet kan du spille bordtennis n\u00e5r som helst og hvor som helst uden en permanent ops\u00e6tning.<br \/>\n\ud83c\udfe0Det optr\u00e6kkelige design klikkes hurtigt p\u00e5 de fleste borde, hvilket g\u00f8r det perfekt til hjemmet, rejser, fester eller udend\u00f8rs sjov.<br \/>\n\ud83e\uddd2Med dette net kan du spille hurtigt og aktivt, uanset hvor du er, uden besv\u00e6r.<\/p>\n","protected":false},"featured_media":21934,"comment_status":"open","ping_status":"closed","template":"","meta":{"site-sidebar-layout":"default","site-content-layout":"","ast-site-content-layout":"default","site-content-style":"default","site-sidebar-style":"default","ast-global-header-display":"","ast-banner-title-visibility":"","ast-main-header-display":"","ast-hfb-above-header-display":"","ast-hfb-below-header-display":"","ast-hfb-mobile-header-display":"","site-post-title":"","ast-breadcrumbs-content":"","ast-featured-img":"","footer-sml-layout":"","ast-disable-related-posts":"","theme-transparent-header-meta":"default","adv-header-id-meta":"","stick-header-meta":"","header-above-stick-meta":"","header-main-stick-meta":"","header-below-stick-meta":"","astra-migrate-meta-layouts":"set","ast-page-background-enabled":"default","ast-page-background-meta":{"desktop":{"background-color":"var(--ast-global-color-5)","background-image":"","background-repeat":"repeat","background-position":"center center","background-size":"auto","background-attachment":"scroll","background-type":"","background-media":"","overlay-type":"","overlay-color":"","overlay-opacity":"","overlay-gradient":""},"tablet":{"background-color":"","background-image":"","background-repeat":"repeat","background-position":"center center","background-size":"auto","background-attachment":"scroll","background-type":"","background-media":"","overlay-type":"","overlay-color":"","overlay-opacity":"","overlay-gradient":""},"mobile":{"background-color":"","background-image":"","background-repeat":"repeat","background-position":"center center","background-size":"auto","background-attachment":"scroll","background-type":"","background-media":"","overlay-type":"","overlay-color":"","overlay-opacity":"","overlay-gradient":""}},"ast-content-background-meta":{"desktop":{"background-color":"var(--ast-global-color-4)","background-image":"","background-repeat":"repeat","background-position":"center center","background-size":"auto","background-attachment":"scroll","background-type":"","background-media":"","overlay-type":"","overlay-color":"","overlay-opacity":"","overlay-gradient":""},"tablet":{"background-color":"var(--ast-global-color-4)","background-image":"","background-repeat":"repeat","background-position":"center center","background-size":"auto","background-attachment":"scroll","background-type":"","background-media":"","overlay-type":"","overlay-color":"","overlay-opacity":"","overlay-gradient":""},"mobile":{"background-color":"var(--ast-global-color-4)","background-image":"","background-repeat":"repeat","background-position":"center center","background-size":"auto","background-attachment":"scroll","background-type":"","background-media":"","overlay-type":"","overlay-color":"","overlay-opacity":"","overlay-gradient":""}}},"product_brand":[],"product_cat":[172,167],"product_tag":[],"class_list":{"0":"post-21938","1":"product","2":"type-product","3":"status-publish","4":"has-post-thumbnail","6":"product_cat-legetoej-boerne-og-babyprodukter","7":"product_cat-vandreture-camping-og-fritidsartikler","8":"pa_54274_h2idixvz-1-stk","9":"pa_54274_h2idixvz-2-stk","10":"pa_54274_lqc3zkey-blaa","11":"pa_54274_lqc3zkey-graa","12":"pa_54274_lqc3zkey-orange","13":"pa_54274_lqc3zkey-sort","14":"desktop-align-left","15":"tablet-align-left","16":"mobile-align-left","18":"first","19":"instock","20":"shipping-taxable","21":"purchasable","22":"product-type-variable","23":"has-default-attributes"},"yoast_head":"<!-- This site is optimized with the Yoast SEO plugin v27.4 - https:\/\/yoast.com\/product\/yoast-seo-wordpress\/ -->\n<title>\u00d8jeblikkeligt bordtennisnet - Mekulo DK<\/title>\n<meta name=\"robots\" content=\"index, follow, max-snippet:-1, max-image-preview:large, max-video-preview:-1\" \/>\n<link rel=\"canonical\" href=\"https:\/\/mekulo.com\/dk\/produkt\/oejeblikkeligt-bordtennisnet\/\" \/>\n<meta property=\"og:locale\" content=\"da_DK\" \/>\n<meta property=\"og:type\" content=\"article\" \/>\n<meta property=\"og:title\" content=\"\u00d8jeblikkeligt bordtennisnet - Mekulo DK\" \/>\n<meta property=\"og:description\" content=\"\ud83c\udfd3Med dette \u00f8jeblikkelige bordtennisnet kan du spille bordtennis n\u00e5r som helst og hvor som helst uden en permanent ops\u00e6tning. \ud83c\udfe0Det optr\u00e6kkelige design klikkes hurtigt p\u00e5 de fleste borde, hvilket g\u00f8r det perfekt til hjemmet, rejser, fester eller udend\u00f8rs sjov. \ud83e\uddd2Med dette net kan du spille hurtigt og aktivt, uanset hvor du er, uden besv\u00e6r.\" \/>\n<meta property=\"og:url\" content=\"https:\/\/mekulo.com\/dk\/produkt\/oejeblikkeligt-bordtennisnet\/\" \/>\n<meta property=\"og:site_name\" content=\"Mekulo DK\" \/>\n<meta property=\"article:modified_time\" content=\"2026-02-04T19:22:22+00:00\" \/>\n<meta property=\"og:image\" content=\"https:\/\/mekulo.com\/dk\/wp-content\/uploads\/sites\/12\/2026\/02\/699bm4l-1.jpg\" \/>\n\t<meta property=\"og:image:width\" content=\"800\" \/>\n\t<meta property=\"og:image:height\" content=\"800\" \/>\n\t<meta property=\"og:image:type\" content=\"image\/jpeg\" \/>\n<meta name=\"twitter:card\" content=\"summary_large_image\" \/>\n<meta name=\"twitter:label1\" content=\"Estimeret l\u00e6setid\" \/>\n\t<meta name=\"twitter:data1\" content=\"2 minutter\" \/>\n<script type=\"application\/ld+json\" class=\"yoast-schema-graph\">{\"@context\":\"https:\\\/\\\/schema.org\",\"@graph\":[{\"@type\":\"WebPage\",\"@id\":\"https:\\\/\\\/mekulo.com\\\/dk\\\/produkt\\\/oejeblikkeligt-bordtennisnet\\\/\",\"url\":\"https:\\\/\\\/mekulo.com\\\/dk\\\/produkt\\\/oejeblikkeligt-bordtennisnet\\\/\",\"name\":\"\u00d8jeblikkeligt bordtennisnet - Mekulo DK\",\"isPartOf\":{\"@id\":\"https:\\\/\\\/mekulo.com\\\/dk\\\/#website\"},\"primaryImageOfPage\":{\"@id\":\"https:\\\/\\\/mekulo.com\\\/dk\\\/produkt\\\/oejeblikkeligt-bordtennisnet\\\/#primaryimage\"},\"image\":{\"@id\":\"https:\\\/\\\/mekulo.com\\\/dk\\\/produkt\\\/oejeblikkeligt-bordtennisnet\\\/#primaryimage\"},\"thumbnailUrl\":\"https:\\\/\\\/mekulo.com\\\/dk\\\/wp-content\\\/uploads\\\/sites\\\/12\\\/2026\\\/02\\\/699bm4l-1.jpg\",\"datePublished\":\"2026-02-04T19:21:57+00:00\",\"dateModified\":\"2026-02-04T19:22:22+00:00\",\"breadcrumb\":{\"@id\":\"https:\\\/\\\/mekulo.com\\\/dk\\\/produkt\\\/oejeblikkeligt-bordtennisnet\\\/#breadcrumb\"},\"inLanguage\":\"da-DK\",\"potentialAction\":[{\"@type\":\"ReadAction\",\"target\":[\"https:\\\/\\\/mekulo.com\\\/dk\\\/produkt\\\/oejeblikkeligt-bordtennisnet\\\/\"]}]},{\"@type\":\"ImageObject\",\"inLanguage\":\"da-DK\",\"@id\":\"https:\\\/\\\/mekulo.com\\\/dk\\\/produkt\\\/oejeblikkeligt-bordtennisnet\\\/#primaryimage\",\"url\":\"https:\\\/\\\/mekulo.com\\\/dk\\\/wp-content\\\/uploads\\\/sites\\\/12\\\/2026\\\/02\\\/699bm4l-1.jpg\",\"contentUrl\":\"https:\\\/\\\/mekulo.com\\\/dk\\\/wp-content\\\/uploads\\\/sites\\\/12\\\/2026\\\/02\\\/699bm4l-1.jpg\",\"width\":800,\"height\":800},{\"@type\":\"BreadcrumbList\",\"@id\":\"https:\\\/\\\/mekulo.com\\\/dk\\\/produkt\\\/oejeblikkeligt-bordtennisnet\\\/#breadcrumb\",\"itemListElement\":[{\"@type\":\"ListItem\",\"position\":1,\"name\":\"Home\",\"item\":\"https:\\\/\\\/mekulo.com\\\/dk\\\/\"},{\"@type\":\"ListItem\",\"position\":2,\"name\":\"Butik\",\"item\":\"https:\\\/\\\/mekulo.com\\\/dk\\\/butik\\\/\"},{\"@type\":\"ListItem\",\"position\":3,\"name\":\"\u00d8jeblikkeligt bordtennisnet\"}]},{\"@type\":\"WebSite\",\"@id\":\"https:\\\/\\\/mekulo.com\\\/dk\\\/#website\",\"url\":\"https:\\\/\\\/mekulo.com\\\/dk\\\/\",\"name\":\"Mekulo DK\",\"description\":\"\",\"publisher\":{\"@id\":\"https:\\\/\\\/mekulo.com\\\/dk\\\/#organization\"},\"potentialAction\":[{\"@type\":\"SearchAction\",\"target\":{\"@type\":\"EntryPoint\",\"urlTemplate\":\"https:\\\/\\\/mekulo.com\\\/dk\\\/?s={search_term_string}\"},\"query-input\":{\"@type\":\"PropertyValueSpecification\",\"valueRequired\":true,\"valueName\":\"search_term_string\"}}],\"inLanguage\":\"da-DK\"},{\"@type\":\"Organization\",\"@id\":\"https:\\\/\\\/mekulo.com\\\/dk\\\/#organization\",\"name\":\"Mekulo\",\"url\":\"https:\\\/\\\/mekulo.com\\\/dk\\\/\",\"logo\":{\"@type\":\"ImageObject\",\"inLanguage\":\"da-DK\",\"@id\":\"https:\\\/\\\/mekulo.com\\\/dk\\\/#\\\/schema\\\/logo\\\/image\\\/\",\"url\":\"https:\\\/\\\/mekulo.com\\\/dk\\\/wp-content\\\/uploads\\\/sites\\\/12\\\/2025\\\/12\\\/favicon_mekulo.png\",\"contentUrl\":\"https:\\\/\\\/mekulo.com\\\/dk\\\/wp-content\\\/uploads\\\/sites\\\/12\\\/2025\\\/12\\\/favicon_mekulo.png\",\"width\":50,\"height\":50,\"caption\":\"Mekulo\"},\"image\":{\"@id\":\"https:\\\/\\\/mekulo.com\\\/dk\\\/#\\\/schema\\\/logo\\\/image\\\/\"}}]}<\/script>\n<!-- \/ Yoast SEO plugin. -->","yoast_head_json":{"title":"\u00d8jeblikkeligt bordtennisnet - Mekulo DK","robots":{"index":"index","follow":"follow","max-snippet":"max-snippet:-1","max-image-preview":"max-image-preview:large","max-video-preview":"max-video-preview:-1"},"canonical":"https:\/\/mekulo.com\/dk\/produkt\/oejeblikkeligt-bordtennisnet\/","og_locale":"da_DK","og_type":"article","og_title":"\u00d8jeblikkeligt bordtennisnet - Mekulo DK","og_description":"\ud83c\udfd3Med dette \u00f8jeblikkelige bordtennisnet kan du spille bordtennis n\u00e5r som helst og hvor som helst uden en permanent ops\u00e6tning. \ud83c\udfe0Det optr\u00e6kkelige design klikkes hurtigt p\u00e5 de fleste borde, hvilket g\u00f8r det perfekt til hjemmet, rejser, fester eller udend\u00f8rs sjov. \ud83e\uddd2Med dette net kan du spille hurtigt og aktivt, uanset hvor du er, uden besv\u00e6r.","og_url":"https:\/\/mekulo.com\/dk\/produkt\/oejeblikkeligt-bordtennisnet\/","og_site_name":"Mekulo DK","article_modified_time":"2026-02-04T19:22:22+00:00","og_image":[{"width":800,"height":800,"url":"https:\/\/mekulo.com\/dk\/wp-content\/uploads\/sites\/12\/2026\/02\/699bm4l-1.jpg","type":"image\/jpeg"}],"twitter_card":"summary_large_image","twitter_misc":{"Estimeret l\u00e6setid":"2 minutter"},"schema":{"@context":"https:\/\/schema.org","@graph":[{"@type":"WebPage","@id":"https:\/\/mekulo.com\/dk\/produkt\/oejeblikkeligt-bordtennisnet\/","url":"https:\/\/mekulo.com\/dk\/produkt\/oejeblikkeligt-bordtennisnet\/","name":"\u00d8jeblikkeligt bordtennisnet - Mekulo DK","isPartOf":{"@id":"https:\/\/mekulo.com\/dk\/#website"},"primaryImageOfPage":{"@id":"https:\/\/mekulo.com\/dk\/produkt\/oejeblikkeligt-bordtennisnet\/#primaryimage"},"image":{"@id":"https:\/\/mekulo.com\/dk\/produkt\/oejeblikkeligt-bordtennisnet\/#primaryimage"},"thumbnailUrl":"https:\/\/mekulo.com\/dk\/wp-content\/uploads\/sites\/12\/2026\/02\/699bm4l-1.jpg","datePublished":"2026-02-04T19:21:57+00:00","dateModified":"2026-02-04T19:22:22+00:00","breadcrumb":{"@id":"https:\/\/mekulo.com\/dk\/produkt\/oejeblikkeligt-bordtennisnet\/#breadcrumb"},"inLanguage":"da-DK","potentialAction":[{"@type":"ReadAction","target":["https:\/\/mekulo.com\/dk\/produkt\/oejeblikkeligt-bordtennisnet\/"]}]},{"@type":"ImageObject","inLanguage":"da-DK","@id":"https:\/\/mekulo.com\/dk\/produkt\/oejeblikkeligt-bordtennisnet\/#primaryimage","url":"https:\/\/mekulo.com\/dk\/wp-content\/uploads\/sites\/12\/2026\/02\/699bm4l-1.jpg","contentUrl":"https:\/\/mekulo.com\/dk\/wp-content\/uploads\/sites\/12\/2026\/02\/699bm4l-1.jpg","width":800,"height":800},{"@type":"BreadcrumbList","@id":"https:\/\/mekulo.com\/dk\/produkt\/oejeblikkeligt-bordtennisnet\/#breadcrumb","itemListElement":[{"@type":"ListItem","position":1,"name":"Home","item":"https:\/\/mekulo.com\/dk\/"},{"@type":"ListItem","position":2,"name":"Butik","item":"https:\/\/mekulo.com\/dk\/butik\/"},{"@type":"ListItem","position":3,"name":"\u00d8jeblikkeligt bordtennisnet"}]},{"@type":"WebSite","@id":"https:\/\/mekulo.com\/dk\/#website","url":"https:\/\/mekulo.com\/dk\/","name":"Mekulo DK","description":"","publisher":{"@id":"https:\/\/mekulo.com\/dk\/#organization"},"potentialAction":[{"@type":"SearchAction","target":{"@type":"EntryPoint","urlTemplate":"https:\/\/mekulo.com\/dk\/?s={search_term_string}"},"query-input":{"@type":"PropertyValueSpecification","valueRequired":true,"valueName":"search_term_string"}}],"inLanguage":"da-DK"},{"@type":"Organization","@id":"https:\/\/mekulo.com\/dk\/#organization","name":"Mekulo","url":"https:\/\/mekulo.com\/dk\/","logo":{"@type":"ImageObject","inLanguage":"da-DK","@id":"https:\/\/mekulo.com\/dk\/#\/schema\/logo\/image\/","url":"https:\/\/mekulo.com\/dk\/wp-content\/uploads\/sites\/12\/2025\/12\/favicon_mekulo.png","contentUrl":"https:\/\/mekulo.com\/dk\/wp-content\/uploads\/sites\/12\/2025\/12\/favicon_mekulo.png","width":50,"height":50,"caption":"Mekulo"},"image":{"@id":"https:\/\/mekulo.com\/dk\/#\/schema\/logo\/image\/"}}]}},"_links":{"self":[{"href":"https:\/\/mekulo.com\/dk\/wp-json\/wp\/v2\/product\/21938","targetHints":{"allow":["GET"]}}],"collection":[{"href":"https:\/\/mekulo.com\/dk\/wp-json\/wp\/v2\/product"}],"about":[{"href":"https:\/\/mekulo.com\/dk\/wp-json\/wp\/v2\/types\/product"}],"replies":[{"embeddable":true,"href":"https:\/\/mekulo.com\/dk\/wp-json\/wp\/v2\/comments?post=21938"}],"wp:featuredmedia":[{"embeddable":true,"href":"https:\/\/mekulo.com\/dk\/wp-json\/wp\/v2\/media\/21934"}],"wp:attachment":[{"href":"https:\/\/mekulo.com\/dk\/wp-json\/wp\/v2\/media?parent=21938"}],"wp:term":[{"taxonomy":"product_brand","embeddable":true,"href":"https:\/\/mekulo.com\/dk\/wp-json\/wp\/v2\/product_brand?post=21938"},{"taxonomy":"product_cat","embeddable":true,"href":"https:\/\/mekulo.com\/dk\/wp-json\/wp\/v2\/product_cat?post=21938"},{"taxonomy":"product_tag","embeddable":true,"href":"https:\/\/mekulo.com\/dk\/wp-json\/wp\/v2\/product_tag?post=21938"}],"curies":[{"name":"wp","href":"https:\/\/api.w.org\/{rel}","templated":true}]}}