{"id":21876,"date":"2026-02-04T21:16:51","date_gmt":"2026-02-04T19:16:51","guid":{"rendered":"https:\/\/mekulo.com\/dk\/produkt\/beskyttelse-af-rammeskinne\/"},"modified":"2026-02-04T21:17:12","modified_gmt":"2026-02-04T19:17:12","slug":"beskyttelse-af-rammeskinne","status":"publish","type":"product","link":"https:\/\/mekulo.com\/dk\/produkt\/beskyttelse-af-rammeskinne\/","title":{"rendered":"Beskyttelse af rammeskinne"},"content":{"rendered":"<p style=\"text-align: center\" data-start=\"0\" data-end=\"62\"><strong data-start=\"0\" data-end=\"62\">L\u00f8ft dit k\u00f8ret\u00f8j sikkert uden at beskadige rammeskinnerne. \ud83d\ude99<\/strong><\/p>\n<p data-start=\"0\" data-end=\"62\"><img fetchpriority=\"high\" decoding=\"async\" class=\"size-full wp-image-23294 aligncenter\" src=\"https:\/\/mekulo.com\/template\/wp-content\/uploads\/sites\/6\/2026\/02\/fd2b81ad50ca338414591a68d2d1915df6a5ebac-700.jpg\" alt=\"\" width=\"1080\" height=\"1040\" \/><\/p>\n<h2 style=\"text-align: center\" data-start=\"353\" data-end=\"370\"><strong>Hovedfordele \ud83d\ude97<\/strong><\/h2>\n<p data-start=\"373\" data-end=\"447\">\ud83e\uddf2 Magnetisk greb &#8211; Holder puden p\u00e5 plads, mens donkraften placeres.<\/p>\n<p data-start=\"450\" data-end=\"513\">\ud83d\ude97 Beskytter klemmesvejsninger &#8211; Forhindrer b\u00f8jning eller deformation.<\/p>\n<p data-start=\"516\" data-end=\"572\">\ud83d\udcaa St\u00e6rk aluminiumskrop &#8211; Holdbar og langvarig.<\/p>\n<p data-start=\"575\" data-end=\"638\">\ud83e\uddf5 Nylonrilleindsats &#8211; Ekstra beskyttelse af rammeskinner.<\/p>\n<p data-start=\"641\" data-end=\"695\">\u2699\ufe0f Nem installation &#8211; Ingen skader p\u00e5 dit k\u00f8ret\u00f8j.<\/p>\n<p data-start=\"698\" data-end=\"771\">\ud83d\udd27 Universel pasform &#8211; Fungerer med de fleste unibody-k\u00f8ret\u00f8jer og gulvdonkrafte.<\/p>\n<p data-start=\"698\" data-end=\"771\"><img decoding=\"async\" class=\"size-full wp-image-23299 aligncenter\" src=\"https:\/\/mekulo.com\/template\/wp-content\/uploads\/sites\/6\/2026\/02\/S2cfb1299924440cb8d0a0c166c39a729K.jpg_960x960q75.jpg_.avif\" alt=\"\" width=\"960\" height=\"960\" \/><\/p>\n<h2 style=\"text-align: center\" data-start=\"773\" data-end=\"787\"><strong>S\u00e5dan Bruges \ud83d\udccc<\/strong><\/h2>\n<ol data-start=\"788\" data-end=\"1020\">\n<li data-start=\"788\" data-end=\"842\">\n<p data-start=\"791\" data-end=\"842\">Placer donkraftpuden p\u00e5 k\u00f8ret\u00f8jets klemmesvejsning.<\/p>\n<\/li>\n<li data-start=\"843\" data-end=\"889\">\n<p data-start=\"846\" data-end=\"889\">Lad magneterne holde puden p\u00e5 plads.<\/p>\n<\/li>\n<li data-start=\"890\" data-end=\"931\">\n<p data-start=\"893\" data-end=\"931\">Juster din gulvdonkraft under puden.<\/p>\n<\/li>\n<li data-start=\"932\" data-end=\"974\">\n<p data-start=\"935\" data-end=\"974\">L\u00f8ft k\u00f8ret\u00f8jet langsomt og sikkert.<\/p>\n<\/li>\n<li data-start=\"975\" data-end=\"1020\">\n<p data-start=\"978\" data-end=\"1020\">Fjern puden, n\u00e5r du har s\u00e6nket k\u00f8ret\u00f8jet.<\/p>\n<\/li>\n<\/ol>\n<h2 style=\"text-align: center\" data-start=\"1022\" data-end=\"1041\"><strong>Produktdetaljer \ud83d\udccf<\/strong><\/h2>\n<ul data-start=\"1042\" data-end=\"1324\">\n<li data-start=\"1103\" data-end=\"1143\">\n<p data-start=\"1105\" data-end=\"1143\">Materiale: Aluminium med nylonindsats<\/p>\n<\/li>\n<li data-start=\"1144\" data-end=\"1181\">\n<p data-start=\"1146\" data-end=\"1181\">Design: Magnetisk donkraftpude med slidser<\/p>\n<\/li>\n<li data-start=\"1182\" data-end=\"1223\">\n<p data-start=\"1184\" data-end=\"1223\">Slidsst\u00f8rrelse: 0,9 cm bredde x 1,5 cm dybde<\/p>\n<\/li>\n<li data-start=\"1224\" data-end=\"1248\">\n<p data-start=\"1226\" data-end=\"1248\">Basisdiameter: 7,4 cm<\/p>\n<\/li>\n<li data-start=\"1249\" data-end=\"1299\">\n<p data-start=\"1251\" data-end=\"1299\">Pasform: De fleste unibody-k\u00f8ret\u00f8jer og gulvdonkrafte<\/p>\n<\/li>\n<\/ul>\n<h2 style=\"text-align: center\" data-start=\"1326\" data-end=\"1346\"><strong>Pakken Indeholder<\/strong><\/h2>\n<ul>\n<li>2, 4x rammeskinnebeskyttere.<\/li>\n<\/ul>\n","protected":false},"excerpt":{"rendered":"<p>\ud83d\ude98Denne rammeskinnebeskytter holder bilens svejsninger beskyttet, n\u00e5r du l\u00f8fter med en donkraft.<br \/>\n\ud83e\uddf2Det magnetiske aluminiumsdesign holder puden fast p\u00e5 plads og reducerer udskridning under l\u00f8ft.<br \/>\n\u2699\ufe0fThis v\u00e6rkt\u00f8j giver dig et sikrere, mere stabilt donkraftpunkt og hj\u00e6lper med at forhindre dyre skader p\u00e5 rammen.<\/p>\n","protected":false},"featured_media":21872,"comment_status":"open","ping_status":"closed","template":"","meta":{"site-sidebar-layout":"default","site-content-layout":"","ast-site-content-layout":"default","site-content-style":"default","site-sidebar-style":"default","ast-global-header-display":"","ast-banner-title-visibility":"","ast-main-header-display":"","ast-hfb-above-header-display":"","ast-hfb-below-header-display":"","ast-hfb-mobile-header-display":"","site-post-title":"","ast-breadcrumbs-content":"","ast-featured-img":"","footer-sml-layout":"","ast-disable-related-posts":"","theme-transparent-header-meta":"default","adv-header-id-meta":"","stick-header-meta":"","header-above-stick-meta":"","header-main-stick-meta":"","header-below-stick-meta":"","astra-migrate-meta-layouts":"set","ast-page-background-enabled":"default","ast-page-background-meta":{"desktop":{"background-color":"var(--ast-global-color-5)","background-image":"","background-repeat":"repeat","background-position":"center center","background-size":"auto","background-attachment":"scroll","background-type":"","background-media":"","overlay-type":"","overlay-color":"","overlay-opacity":"","overlay-gradient":""},"tablet":{"background-color":"","background-image":"","background-repeat":"repeat","background-position":"center center","background-size":"auto","background-attachment":"scroll","background-type":"","background-media":"","overlay-type":"","overlay-color":"","overlay-opacity":"","overlay-gradient":""},"mobile":{"background-color":"","background-image":"","background-repeat":"repeat","background-position":"center center","background-size":"auto","background-attachment":"scroll","background-type":"","background-media":"","overlay-type":"","overlay-color":"","overlay-opacity":"","overlay-gradient":""}},"ast-content-background-meta":{"desktop":{"background-color":"var(--ast-global-color-4)","background-image":"","background-repeat":"repeat","background-position":"center center","background-size":"auto","background-attachment":"scroll","background-type":"","background-media":"","overlay-type":"","overlay-color":"","overlay-opacity":"","overlay-gradient":""},"tablet":{"background-color":"var(--ast-global-color-4)","background-image":"","background-repeat":"repeat","background-position":"center center","background-size":"auto","background-attachment":"scroll","background-type":"","background-media":"","overlay-type":"","overlay-color":"","overlay-opacity":"","overlay-gradient":""},"mobile":{"background-color":"var(--ast-global-color-4)","background-image":"","background-repeat":"repeat","background-position":"center center","background-size":"auto","background-attachment":"scroll","background-type":"","background-media":"","overlay-type":"","overlay-color":"","overlay-opacity":"","overlay-gradient":""}}},"product_brand":[],"product_cat":[161],"product_tag":[],"class_list":{"0":"post-21876","1":"product","2":"type-product","3":"status-publish","4":"has-post-thumbnail","6":"product_cat-bilprodukter","7":"pa_54262_e1isk15p-2-stk","8":"pa_54262_e1isk15p-4-stk","9":"pa_54262_yi18nkc7-blaa","10":"pa_54262_yi18nkc7-orange","11":"pa_54262_yi18nkc7-roed","12":"desktop-align-left","13":"tablet-align-left","14":"mobile-align-left","16":"first","17":"instock","18":"shipping-taxable","19":"purchasable","20":"product-type-variable","21":"has-default-attributes"},"yoast_head":"<!-- This site is optimized with the Yoast SEO plugin v27.4 - https:\/\/yoast.com\/product\/yoast-seo-wordpress\/ -->\n<title>Beskyttelse af rammeskinne - Mekulo DK<\/title>\n<meta name=\"robots\" content=\"index, follow, max-snippet:-1, max-image-preview:large, max-video-preview:-1\" \/>\n<link rel=\"canonical\" href=\"https:\/\/mekulo.com\/dk\/produkt\/beskyttelse-af-rammeskinne\/\" \/>\n<meta property=\"og:locale\" content=\"da_DK\" \/>\n<meta property=\"og:type\" content=\"article\" \/>\n<meta property=\"og:title\" content=\"Beskyttelse af rammeskinne - Mekulo DK\" \/>\n<meta property=\"og:description\" content=\"\ud83d\ude98Denne rammeskinnebeskytter holder bilens svejsninger beskyttet, n\u00e5r du l\u00f8fter med en donkraft. \ud83e\uddf2Det magnetiske aluminiumsdesign holder puden fast p\u00e5 plads og reducerer udskridning under l\u00f8ft. \u2699\ufe0fThis v\u00e6rkt\u00f8j giver dig et sikrere, mere stabilt donkraftpunkt og hj\u00e6lper med at forhindre dyre skader p\u00e5 rammen.\" \/>\n<meta property=\"og:url\" content=\"https:\/\/mekulo.com\/dk\/produkt\/beskyttelse-af-rammeskinne\/\" \/>\n<meta property=\"og:site_name\" content=\"Mekulo DK\" \/>\n<meta property=\"article:modified_time\" content=\"2026-02-04T19:17:12+00:00\" \/>\n<meta property=\"og:image\" content=\"https:\/\/mekulo.com\/dk\/wp-content\/uploads\/sites\/12\/2026\/02\/7q3l23w-1.jpg\" \/>\n\t<meta property=\"og:image:width\" content=\"960\" \/>\n\t<meta property=\"og:image:height\" content=\"960\" \/>\n\t<meta property=\"og:image:type\" content=\"image\/jpeg\" \/>\n<meta name=\"twitter:card\" content=\"summary_large_image\" \/>\n<meta name=\"twitter:label1\" content=\"Estimeret l\u00e6setid\" \/>\n\t<meta name=\"twitter:data1\" content=\"2 minutter\" \/>\n<script type=\"application\/ld+json\" class=\"yoast-schema-graph\">{\"@context\":\"https:\\\/\\\/schema.org\",\"@graph\":[{\"@type\":\"WebPage\",\"@id\":\"https:\\\/\\\/mekulo.com\\\/dk\\\/produkt\\\/beskyttelse-af-rammeskinne\\\/\",\"url\":\"https:\\\/\\\/mekulo.com\\\/dk\\\/produkt\\\/beskyttelse-af-rammeskinne\\\/\",\"name\":\"Beskyttelse af rammeskinne - Mekulo DK\",\"isPartOf\":{\"@id\":\"https:\\\/\\\/mekulo.com\\\/dk\\\/#website\"},\"primaryImageOfPage\":{\"@id\":\"https:\\\/\\\/mekulo.com\\\/dk\\\/produkt\\\/beskyttelse-af-rammeskinne\\\/#primaryimage\"},\"image\":{\"@id\":\"https:\\\/\\\/mekulo.com\\\/dk\\\/produkt\\\/beskyttelse-af-rammeskinne\\\/#primaryimage\"},\"thumbnailUrl\":\"https:\\\/\\\/mekulo.com\\\/dk\\\/wp-content\\\/uploads\\\/sites\\\/12\\\/2026\\\/02\\\/7q3l23w-1.jpg\",\"datePublished\":\"2026-02-04T19:16:51+00:00\",\"dateModified\":\"2026-02-04T19:17:12+00:00\",\"breadcrumb\":{\"@id\":\"https:\\\/\\\/mekulo.com\\\/dk\\\/produkt\\\/beskyttelse-af-rammeskinne\\\/#breadcrumb\"},\"inLanguage\":\"da-DK\",\"potentialAction\":[{\"@type\":\"ReadAction\",\"target\":[\"https:\\\/\\\/mekulo.com\\\/dk\\\/produkt\\\/beskyttelse-af-rammeskinne\\\/\"]}]},{\"@type\":\"ImageObject\",\"inLanguage\":\"da-DK\",\"@id\":\"https:\\\/\\\/mekulo.com\\\/dk\\\/produkt\\\/beskyttelse-af-rammeskinne\\\/#primaryimage\",\"url\":\"https:\\\/\\\/mekulo.com\\\/dk\\\/wp-content\\\/uploads\\\/sites\\\/12\\\/2026\\\/02\\\/7q3l23w-1.jpg\",\"contentUrl\":\"https:\\\/\\\/mekulo.com\\\/dk\\\/wp-content\\\/uploads\\\/sites\\\/12\\\/2026\\\/02\\\/7q3l23w-1.jpg\",\"width\":960,\"height\":960},{\"@type\":\"BreadcrumbList\",\"@id\":\"https:\\\/\\\/mekulo.com\\\/dk\\\/produkt\\\/beskyttelse-af-rammeskinne\\\/#breadcrumb\",\"itemListElement\":[{\"@type\":\"ListItem\",\"position\":1,\"name\":\"Home\",\"item\":\"https:\\\/\\\/mekulo.com\\\/dk\\\/\"},{\"@type\":\"ListItem\",\"position\":2,\"name\":\"Butik\",\"item\":\"https:\\\/\\\/mekulo.com\\\/dk\\\/butik\\\/\"},{\"@type\":\"ListItem\",\"position\":3,\"name\":\"Beskyttelse af rammeskinne\"}]},{\"@type\":\"WebSite\",\"@id\":\"https:\\\/\\\/mekulo.com\\\/dk\\\/#website\",\"url\":\"https:\\\/\\\/mekulo.com\\\/dk\\\/\",\"name\":\"Mekulo DK\",\"description\":\"\",\"publisher\":{\"@id\":\"https:\\\/\\\/mekulo.com\\\/dk\\\/#organization\"},\"potentialAction\":[{\"@type\":\"SearchAction\",\"target\":{\"@type\":\"EntryPoint\",\"urlTemplate\":\"https:\\\/\\\/mekulo.com\\\/dk\\\/?s={search_term_string}\"},\"query-input\":{\"@type\":\"PropertyValueSpecification\",\"valueRequired\":true,\"valueName\":\"search_term_string\"}}],\"inLanguage\":\"da-DK\"},{\"@type\":\"Organization\",\"@id\":\"https:\\\/\\\/mekulo.com\\\/dk\\\/#organization\",\"name\":\"Mekulo\",\"url\":\"https:\\\/\\\/mekulo.com\\\/dk\\\/\",\"logo\":{\"@type\":\"ImageObject\",\"inLanguage\":\"da-DK\",\"@id\":\"https:\\\/\\\/mekulo.com\\\/dk\\\/#\\\/schema\\\/logo\\\/image\\\/\",\"url\":\"https:\\\/\\\/mekulo.com\\\/dk\\\/wp-content\\\/uploads\\\/sites\\\/12\\\/2025\\\/12\\\/favicon_mekulo.png\",\"contentUrl\":\"https:\\\/\\\/mekulo.com\\\/dk\\\/wp-content\\\/uploads\\\/sites\\\/12\\\/2025\\\/12\\\/favicon_mekulo.png\",\"width\":50,\"height\":50,\"caption\":\"Mekulo\"},\"image\":{\"@id\":\"https:\\\/\\\/mekulo.com\\\/dk\\\/#\\\/schema\\\/logo\\\/image\\\/\"}}]}<\/script>\n<!-- \/ Yoast SEO plugin. -->","yoast_head_json":{"title":"Beskyttelse af rammeskinne - Mekulo DK","robots":{"index":"index","follow":"follow","max-snippet":"max-snippet:-1","max-image-preview":"max-image-preview:large","max-video-preview":"max-video-preview:-1"},"canonical":"https:\/\/mekulo.com\/dk\/produkt\/beskyttelse-af-rammeskinne\/","og_locale":"da_DK","og_type":"article","og_title":"Beskyttelse af rammeskinne - Mekulo DK","og_description":"\ud83d\ude98Denne rammeskinnebeskytter holder bilens svejsninger beskyttet, n\u00e5r du l\u00f8fter med en donkraft. \ud83e\uddf2Det magnetiske aluminiumsdesign holder puden fast p\u00e5 plads og reducerer udskridning under l\u00f8ft. \u2699\ufe0fThis v\u00e6rkt\u00f8j giver dig et sikrere, mere stabilt donkraftpunkt og hj\u00e6lper med at forhindre dyre skader p\u00e5 rammen.","og_url":"https:\/\/mekulo.com\/dk\/produkt\/beskyttelse-af-rammeskinne\/","og_site_name":"Mekulo DK","article_modified_time":"2026-02-04T19:17:12+00:00","og_image":[{"width":960,"height":960,"url":"https:\/\/mekulo.com\/dk\/wp-content\/uploads\/sites\/12\/2026\/02\/7q3l23w-1.jpg","type":"image\/jpeg"}],"twitter_card":"summary_large_image","twitter_misc":{"Estimeret l\u00e6setid":"2 minutter"},"schema":{"@context":"https:\/\/schema.org","@graph":[{"@type":"WebPage","@id":"https:\/\/mekulo.com\/dk\/produkt\/beskyttelse-af-rammeskinne\/","url":"https:\/\/mekulo.com\/dk\/produkt\/beskyttelse-af-rammeskinne\/","name":"Beskyttelse af rammeskinne - Mekulo DK","isPartOf":{"@id":"https:\/\/mekulo.com\/dk\/#website"},"primaryImageOfPage":{"@id":"https:\/\/mekulo.com\/dk\/produkt\/beskyttelse-af-rammeskinne\/#primaryimage"},"image":{"@id":"https:\/\/mekulo.com\/dk\/produkt\/beskyttelse-af-rammeskinne\/#primaryimage"},"thumbnailUrl":"https:\/\/mekulo.com\/dk\/wp-content\/uploads\/sites\/12\/2026\/02\/7q3l23w-1.jpg","datePublished":"2026-02-04T19:16:51+00:00","dateModified":"2026-02-04T19:17:12+00:00","breadcrumb":{"@id":"https:\/\/mekulo.com\/dk\/produkt\/beskyttelse-af-rammeskinne\/#breadcrumb"},"inLanguage":"da-DK","potentialAction":[{"@type":"ReadAction","target":["https:\/\/mekulo.com\/dk\/produkt\/beskyttelse-af-rammeskinne\/"]}]},{"@type":"ImageObject","inLanguage":"da-DK","@id":"https:\/\/mekulo.com\/dk\/produkt\/beskyttelse-af-rammeskinne\/#primaryimage","url":"https:\/\/mekulo.com\/dk\/wp-content\/uploads\/sites\/12\/2026\/02\/7q3l23w-1.jpg","contentUrl":"https:\/\/mekulo.com\/dk\/wp-content\/uploads\/sites\/12\/2026\/02\/7q3l23w-1.jpg","width":960,"height":960},{"@type":"BreadcrumbList","@id":"https:\/\/mekulo.com\/dk\/produkt\/beskyttelse-af-rammeskinne\/#breadcrumb","itemListElement":[{"@type":"ListItem","position":1,"name":"Home","item":"https:\/\/mekulo.com\/dk\/"},{"@type":"ListItem","position":2,"name":"Butik","item":"https:\/\/mekulo.com\/dk\/butik\/"},{"@type":"ListItem","position":3,"name":"Beskyttelse af rammeskinne"}]},{"@type":"WebSite","@id":"https:\/\/mekulo.com\/dk\/#website","url":"https:\/\/mekulo.com\/dk\/","name":"Mekulo DK","description":"","publisher":{"@id":"https:\/\/mekulo.com\/dk\/#organization"},"potentialAction":[{"@type":"SearchAction","target":{"@type":"EntryPoint","urlTemplate":"https:\/\/mekulo.com\/dk\/?s={search_term_string}"},"query-input":{"@type":"PropertyValueSpecification","valueRequired":true,"valueName":"search_term_string"}}],"inLanguage":"da-DK"},{"@type":"Organization","@id":"https:\/\/mekulo.com\/dk\/#organization","name":"Mekulo","url":"https:\/\/mekulo.com\/dk\/","logo":{"@type":"ImageObject","inLanguage":"da-DK","@id":"https:\/\/mekulo.com\/dk\/#\/schema\/logo\/image\/","url":"https:\/\/mekulo.com\/dk\/wp-content\/uploads\/sites\/12\/2025\/12\/favicon_mekulo.png","contentUrl":"https:\/\/mekulo.com\/dk\/wp-content\/uploads\/sites\/12\/2025\/12\/favicon_mekulo.png","width":50,"height":50,"caption":"Mekulo"},"image":{"@id":"https:\/\/mekulo.com\/dk\/#\/schema\/logo\/image\/"}}]}},"_links":{"self":[{"href":"https:\/\/mekulo.com\/dk\/wp-json\/wp\/v2\/product\/21876","targetHints":{"allow":["GET"]}}],"collection":[{"href":"https:\/\/mekulo.com\/dk\/wp-json\/wp\/v2\/product"}],"about":[{"href":"https:\/\/mekulo.com\/dk\/wp-json\/wp\/v2\/types\/product"}],"replies":[{"embeddable":true,"href":"https:\/\/mekulo.com\/dk\/wp-json\/wp\/v2\/comments?post=21876"}],"wp:featuredmedia":[{"embeddable":true,"href":"https:\/\/mekulo.com\/dk\/wp-json\/wp\/v2\/media\/21872"}],"wp:attachment":[{"href":"https:\/\/mekulo.com\/dk\/wp-json\/wp\/v2\/media?parent=21876"}],"wp:term":[{"taxonomy":"product_brand","embeddable":true,"href":"https:\/\/mekulo.com\/dk\/wp-json\/wp\/v2\/product_brand?post=21876"},{"taxonomy":"product_cat","embeddable":true,"href":"https:\/\/mekulo.com\/dk\/wp-json\/wp\/v2\/product_cat?post=21876"},{"taxonomy":"product_tag","embeddable":true,"href":"https:\/\/mekulo.com\/dk\/wp-json\/wp\/v2\/product_tag?post=21876"}],"curies":[{"name":"wp","href":"https:\/\/api.w.org\/{rel}","templated":true}]}}