{"id":21836,"date":"2026-02-04T21:13:05","date_gmt":"2026-02-04T19:13:05","guid":{"rendered":"https:\/\/mekulo.com\/dk\/produkt\/digital-haandgrebsstyrketraener\/"},"modified":"2026-02-10T11:15:23","modified_gmt":"2026-02-10T09:15:23","slug":"digital-haandgrebsstyrketraener","status":"publish","type":"product","link":"https:\/\/mekulo.com\/dk\/produkt\/digital-haandgrebsstyrketraener\/","title":{"rendered":"Digital h\u00e5ndgrebsstyrketr\u00e6ner"},"content":{"rendered":"<div class=\"flex flex-col text-sm pb-25\">\n<article class=\"text-token-text-primary w-full focus:outline-none [--shadow-height:45px] has-data-writing-block:pointer-events-none has-data-writing-block:-mt-(--shadow-height) has-data-writing-block:pt-(--shadow-height) [&amp;:has([data-writing-block])&gt;*]:pointer-events-auto scroll-mt-[calc(var(--header-height)+min(200px,max(70px,20svh)))]\" dir=\"auto\" data-turn-id=\"request-69788f7d-d97c-832a-a512-ce7bdd364928-2\" data-testid=\"conversation-turn-96\" data-scroll-anchor=\"true\" data-turn=\"assistant\">\n<div class=\"text-base my-auto mx-auto pb-10 [--thread-content-margin:--spacing(4)] @w-sm\/main:[--thread-content-margin:--spacing(6)] @w-lg\/main:[--thread-content-margin:--spacing(16)] px-(--thread-content-margin)\">\n<div class=\"[--thread-content-max-width:40rem] @w-lg\/main:[--thread-content-max-width:48rem] mx-auto max-w-(--thread-content-max-width) flex-1 group\/turn-messages focus-visible:outline-hidden relative flex w-full min-w-0 flex-col agent-turn\">\n<div class=\"flex max-w-full flex-col grow\">\n<div class=\"min-h-8 text-message relative flex w-full flex-col items-end gap-2 text-start break-words whitespace-normal [.text-message+&amp;]:mt-1\" dir=\"auto\" data-message-author-role=\"assistant\" data-message-id=\"6640df02-da13-478e-93e8-1ecd98849215\" data-message-model-slug=\"gpt-5-2\">\n<div class=\"flex w-full flex-col gap-1 empty:hidden first:pt-[1px]\">\n<div class=\"markdown prose dark:prose-invert w-full wrap-break-word light markdown-new-styling\">\n<p style=\"text-align: center\" data-start=\"0\" data-end=\"83\"><strong data-start=\"0\" data-end=\"83\">M\u00e5l, Tr\u00e6n, Og Forbedr Din Grebsstyrke Med Digital Feedback I Realtid. \ud83e\udef3<\/strong><\/p>\n<p data-start=\"0\" data-end=\"83\"><img fetchpriority=\"high\" decoding=\"async\" class=\"size-full wp-image-23260 aligncenter\" src=\"https:\/\/mekulo.com\/template\/wp-content\/uploads\/sites\/6\/2026\/02\/976be7ded93e9abbb8eca38e7236a9d2a049132f-1.jpg\" alt=\"\" width=\"810\" height=\"1080\" \/><\/p>\n<h2 style=\"text-align: center\" data-start=\"405\" data-end=\"422\"><strong>Hovedfordele<\/strong><\/h2>\n<p data-start=\"425\" data-end=\"488\">\ud83d\udcaa Smart grebstr\u00e6ning &#8211; Opbygger h\u00e5nd- og underarmsstyrke.<\/p>\n<p data-start=\"491\" data-end=\"556\">\ud83d\udcca N\u00f8jagtig digital sporing &#8211; Viser maksimal styrke med det samme.<\/p>\n<p data-start=\"559\" data-end=\"620\">\ud83d\udd06 Tydeligt LED-display &#8211; Let at afl\u00e6se resultater p\u00e5 et \u00f8jeblik.<\/p>\n<p data-start=\"623\" data-end=\"689\">\ud83d\udd27 Justerbart h\u00e5ndtag &#8211; Passer komfortabelt til forskellige h\u00e5ndst\u00f8rrelser.<\/p>\n<p data-start=\"692\" data-end=\"767\">\ud83e\udde0 Underst\u00f8tter den generelle sundhed &#8211; Hj\u00e6lper med at opretholde styrke og koordination.<\/p>\n<p data-start=\"770\" data-end=\"836\">\ud83c\udfc3 Alsidig brug &#8211; Fitness, genoptr\u00e6ning, eksamener og daglig tr\u00e6ning.<\/p>\n<p data-start=\"770\" data-end=\"836\"><img decoding=\"async\" class=\"size-full wp-image-23265 aligncenter\" src=\"https:\/\/mekulo.com\/template\/wp-content\/uploads\/sites\/6\/2026\/02\/S83cbd974c52a4d2ca6a5686b874257653.webp\" alt=\"\" width=\"1001\" height=\"1001\" \/><\/p>\n<h2 style=\"text-align: center\" data-start=\"838\" data-end=\"852\"><strong>S\u00e5dan Bruges Den \ud83d\udccc<\/strong><\/h2>\n<ol data-start=\"853\" data-end=\"1066\">\n<li data-start=\"853\" data-end=\"898\">\n<p data-start=\"856\" data-end=\"898\">Juster h\u00e5ndtaget, s\u00e5 det passer til din h\u00e5ndst\u00f8rrelse.<\/p>\n<\/li>\n<li data-start=\"899\" data-end=\"933\">\n<p data-start=\"902\" data-end=\"933\">Hold godt fast i gribetr\u00e6neren.<\/p>\n<\/li>\n<li data-start=\"934\" data-end=\"966\">\n<p data-start=\"937\" data-end=\"966\">Klem med maksimal kraft.<\/p>\n<\/li>\n<li data-start=\"967\" data-end=\"1018\">\n<p data-start=\"970\" data-end=\"1018\">Tjek din styrkeafl\u00e6sning p\u00e5 LED-sk\u00e6rmen.<\/p>\n<\/li>\n<li data-start=\"1019\" data-end=\"1066\">\n<p data-start=\"1022\" data-end=\"1066\">Gentag dagligt for at spore forbedringer over tid.<\/p>\n<\/li>\n<\/ol>\n<h2 style=\"text-align: center\" data-start=\"1068\" data-end=\"1087\"><strong>Produktdetaljer \ud83d\udccf<\/strong><\/h2>\n<ul data-start=\"1088\" data-end=\"1334\">\n<li data-start=\"1135\" data-end=\"1166\">\n<p data-start=\"1137\" data-end=\"1166\">Display: Digital LED-sk\u00e6rm<\/p>\n<\/li>\n<li data-start=\"1167\" data-end=\"1193\">\n<p data-start=\"1169\" data-end=\"1193\">St\u00f8rrelse: 135 x 55 x 35 mm<\/p>\n<\/li>\n<li data-start=\"1194\" data-end=\"1227\">\n<p data-start=\"1196\" data-end=\"1227\">Justerbar grebsafstand: Ja<\/p>\n<\/li>\n<li data-start=\"1228\" data-end=\"1304\">\n<p data-start=\"1230\" data-end=\"1304\">Brugsscenarier: Styrketr\u00e6ning, rehabilitering, eksamener, \u00e6ldrefitness<\/p>\n<\/li>\n<li data-start=\"1228\" data-end=\"1304\">\n<p data-start=\"1230\" data-end=\"1304\">Opladningstype: USB Type-C (kabel medf\u00f8lger)<\/p>\n<\/li>\n<li data-start=\"1305\" data-end=\"1334\">\n<p data-start=\"1307\" data-end=\"1334\">Anvendelige personer: Unisex<\/p>\n<\/li>\n<\/ul>\n<h2 style=\"text-align: center\" data-start=\"1336\" data-end=\"1356\"><strong>Pakken Indeholder \ud83d\udce6<\/strong><\/h2>\n<ul data-start=\"1357\" data-end=\"1397\" data-is-last-node=\"\" data-is-only-node=\"\">\n<li data-start=\"1357\" data-end=\"1397\" data-is-last-node=\"\">\n<p data-start=\"1359\" data-end=\"1397\" data-is-last-node=\"\">1x digital h\u00e5ndgrebsstyrketr\u00e6ner.<\/p>\n<\/li>\n<\/ul>\n<\/div>\n<\/div>\n<\/div>\n<\/div>\n<\/div>\n<\/div>\n<\/article>\n<\/div>\n","protected":false},"excerpt":{"rendered":"<p>\ud83e\udd1aDenne digitale h\u00e5ndgrebsstyrketr\u00e6ner hj\u00e6lper dig med at opbygge h\u00e5ndstyrke, mens du n\u00f8jagtigt sporer dine fremskridt p\u00e5 et tydeligt LED-display.<br \/>\n\ud83d\udcaaDen er ideel til daglig fitness, genoptr\u00e6ning, eksamener og seniorers sundhedsrutiner.<br \/>\n\ud83e\udde0Denne smarte tr\u00e6ner forvandler enkle pres til m\u00e5lbare resultater, som du kan se og forbedre hver dag.<\/p>\n","protected":false},"featured_media":21832,"comment_status":"open","ping_status":"closed","template":"","meta":{"site-sidebar-layout":"default","site-content-layout":"","ast-site-content-layout":"default","site-content-style":"default","site-sidebar-style":"default","ast-global-header-display":"","ast-banner-title-visibility":"","ast-main-header-display":"","ast-hfb-above-header-display":"","ast-hfb-below-header-display":"","ast-hfb-mobile-header-display":"","site-post-title":"","ast-breadcrumbs-content":"","ast-featured-img":"","footer-sml-layout":"","theme-transparent-header-meta":"default","adv-header-id-meta":"","stick-header-meta":"","header-above-stick-meta":"","header-main-stick-meta":"","header-below-stick-meta":"","astra-migrate-meta-layouts":"set","ast-page-background-enabled":"default","ast-page-background-meta":{"desktop":{"background-color":"var(--ast-global-color-5)","background-image":"","background-repeat":"repeat","background-position":"center center","background-size":"auto","background-attachment":"scroll","background-type":"","background-media":"","overlay-type":"","overlay-color":"","overlay-opacity":"","overlay-gradient":""},"tablet":{"background-color":"","background-image":"","background-repeat":"repeat","background-position":"center center","background-size":"auto","background-attachment":"scroll","background-type":"","background-media":"","overlay-type":"","overlay-color":"","overlay-opacity":"","overlay-gradient":""},"mobile":{"background-color":"","background-image":"","background-repeat":"repeat","background-position":"center center","background-size":"auto","background-attachment":"scroll","background-type":"","background-media":"","overlay-type":"","overlay-color":"","overlay-opacity":"","overlay-gradient":""}},"ast-content-background-meta":{"desktop":{"background-color":"var(--ast-global-color-4)","background-image":"","background-repeat":"repeat","background-position":"center center","background-size":"auto","background-attachment":"scroll","background-type":"","background-media":"","overlay-type":"","overlay-color":"","overlay-opacity":"","overlay-gradient":""},"tablet":{"background-color":"var(--ast-global-color-4)","background-image":"","background-repeat":"repeat","background-position":"center center","background-size":"auto","background-attachment":"scroll","background-type":"","background-media":"","overlay-type":"","overlay-color":"","overlay-opacity":"","overlay-gradient":""},"mobile":{"background-color":"var(--ast-global-color-4)","background-image":"","background-repeat":"repeat","background-position":"center center","background-size":"auto","background-attachment":"scroll","background-type":"","background-media":"","overlay-type":"","overlay-color":"","overlay-opacity":"","overlay-gradient":""}}},"product_brand":[],"product_cat":[170],"product_tag":[],"class_list":{"0":"post-21836","1":"product","2":"type-product","3":"status-publish","4":"has-post-thumbnail","6":"product_cat-sportsudstyr","7":"desktop-align-left","8":"tablet-align-left","9":"mobile-align-left","11":"first","12":"instock","13":"shipping-taxable","14":"purchasable","15":"product-type-simple"},"yoast_head":"<!-- This site is optimized with the Yoast SEO plugin v26.6 - https:\/\/yoast.com\/wordpress\/plugins\/seo\/ -->\n<title>Digital h\u00e5ndgrebsstyrketr\u00e6ner - Mekulo DK<\/title>\n<meta name=\"robots\" content=\"index, follow, max-snippet:-1, max-image-preview:large, max-video-preview:-1\" \/>\n<link rel=\"canonical\" href=\"https:\/\/mekulo.com\/dk\/produkt\/digital-haandgrebsstyrketraener\/\" \/>\n<meta property=\"og:locale\" content=\"da_DK\" \/>\n<meta property=\"og:type\" content=\"article\" \/>\n<meta property=\"og:title\" content=\"Digital h\u00e5ndgrebsstyrketr\u00e6ner - Mekulo DK\" \/>\n<meta property=\"og:description\" content=\"\ud83e\udd1aDenne digitale h\u00e5ndgrebsstyrketr\u00e6ner hj\u00e6lper dig med at opbygge h\u00e5ndstyrke, mens du n\u00f8jagtigt sporer dine fremskridt p\u00e5 et tydeligt LED-display. \ud83d\udcaaDen er ideel til daglig fitness, genoptr\u00e6ning, eksamener og seniorers sundhedsrutiner. \ud83e\udde0Denne smarte tr\u00e6ner forvandler enkle pres til m\u00e5lbare resultater, som du kan se og forbedre hver dag.\" \/>\n<meta property=\"og:url\" content=\"https:\/\/mekulo.com\/dk\/produkt\/digital-haandgrebsstyrketraener\/\" \/>\n<meta property=\"og:site_name\" content=\"Mekulo DK\" \/>\n<meta property=\"article:modified_time\" content=\"2026-02-10T09:15:23+00:00\" \/>\n<meta property=\"og:image\" content=\"https:\/\/mekulo.com\/dk\/wp-content\/uploads\/sites\/12\/2026\/02\/28xybbo-1.jpg\" \/>\n\t<meta property=\"og:image:width\" content=\"960\" \/>\n\t<meta property=\"og:image:height\" content=\"960\" \/>\n\t<meta property=\"og:image:type\" content=\"image\/jpeg\" \/>\n<meta name=\"twitter:card\" content=\"summary_large_image\" \/>\n<meta name=\"twitter:label1\" content=\"Estimeret l\u00e6setid\" \/>\n\t<meta name=\"twitter:data1\" content=\"2 minutter\" \/>\n<script type=\"application\/ld+json\" class=\"yoast-schema-graph\">{\"@context\":\"https:\/\/schema.org\",\"@graph\":[{\"@type\":\"WebPage\",\"@id\":\"https:\/\/mekulo.com\/dk\/produkt\/digital-haandgrebsstyrketraener\/\",\"url\":\"https:\/\/mekulo.com\/dk\/produkt\/digital-haandgrebsstyrketraener\/\",\"name\":\"Digital h\u00e5ndgrebsstyrketr\u00e6ner - Mekulo DK\",\"isPartOf\":{\"@id\":\"https:\/\/mekulo.com\/dk\/#website\"},\"primaryImageOfPage\":{\"@id\":\"https:\/\/mekulo.com\/dk\/produkt\/digital-haandgrebsstyrketraener\/#primaryimage\"},\"image\":{\"@id\":\"https:\/\/mekulo.com\/dk\/produkt\/digital-haandgrebsstyrketraener\/#primaryimage\"},\"thumbnailUrl\":\"https:\/\/mekulo.com\/dk\/wp-content\/uploads\/sites\/12\/2026\/02\/28xybbo-1.jpg\",\"datePublished\":\"2026-02-04T19:13:05+00:00\",\"dateModified\":\"2026-02-10T09:15:23+00:00\",\"breadcrumb\":{\"@id\":\"https:\/\/mekulo.com\/dk\/produkt\/digital-haandgrebsstyrketraener\/#breadcrumb\"},\"inLanguage\":\"da-DK\",\"potentialAction\":[{\"@type\":\"ReadAction\",\"target\":[\"https:\/\/mekulo.com\/dk\/produkt\/digital-haandgrebsstyrketraener\/\"]}]},{\"@type\":\"ImageObject\",\"inLanguage\":\"da-DK\",\"@id\":\"https:\/\/mekulo.com\/dk\/produkt\/digital-haandgrebsstyrketraener\/#primaryimage\",\"url\":\"https:\/\/mekulo.com\/dk\/wp-content\/uploads\/sites\/12\/2026\/02\/28xybbo-1.jpg\",\"contentUrl\":\"https:\/\/mekulo.com\/dk\/wp-content\/uploads\/sites\/12\/2026\/02\/28xybbo-1.jpg\",\"width\":960,\"height\":960},{\"@type\":\"BreadcrumbList\",\"@id\":\"https:\/\/mekulo.com\/dk\/produkt\/digital-haandgrebsstyrketraener\/#breadcrumb\",\"itemListElement\":[{\"@type\":\"ListItem\",\"position\":1,\"name\":\"Home\",\"item\":\"https:\/\/mekulo.com\/dk\/\"},{\"@type\":\"ListItem\",\"position\":2,\"name\":\"Butik\",\"item\":\"https:\/\/mekulo.com\/dk\/butik\/\"},{\"@type\":\"ListItem\",\"position\":3,\"name\":\"Digital h\u00e5ndgrebsstyrketr\u00e6ner\"}]},{\"@type\":\"WebSite\",\"@id\":\"https:\/\/mekulo.com\/dk\/#website\",\"url\":\"https:\/\/mekulo.com\/dk\/\",\"name\":\"Mekulo DK\",\"description\":\"\",\"publisher\":{\"@id\":\"https:\/\/mekulo.com\/dk\/#organization\"},\"potentialAction\":[{\"@type\":\"SearchAction\",\"target\":{\"@type\":\"EntryPoint\",\"urlTemplate\":\"https:\/\/mekulo.com\/dk\/?s={search_term_string}\"},\"query-input\":{\"@type\":\"PropertyValueSpecification\",\"valueRequired\":true,\"valueName\":\"search_term_string\"}}],\"inLanguage\":\"da-DK\"},{\"@type\":\"Organization\",\"@id\":\"https:\/\/mekulo.com\/dk\/#organization\",\"name\":\"Mekulo\",\"url\":\"https:\/\/mekulo.com\/dk\/\",\"logo\":{\"@type\":\"ImageObject\",\"inLanguage\":\"da-DK\",\"@id\":\"https:\/\/mekulo.com\/dk\/#\/schema\/logo\/image\/\",\"url\":\"https:\/\/mekulo.com\/dk\/wp-content\/uploads\/sites\/12\/2025\/12\/favicon_mekulo.png\",\"contentUrl\":\"https:\/\/mekulo.com\/dk\/wp-content\/uploads\/sites\/12\/2025\/12\/favicon_mekulo.png\",\"width\":50,\"height\":50,\"caption\":\"Mekulo\"},\"image\":{\"@id\":\"https:\/\/mekulo.com\/dk\/#\/schema\/logo\/image\/\"}}]}<\/script>\n<!-- \/ Yoast SEO plugin. -->","yoast_head_json":{"title":"Digital h\u00e5ndgrebsstyrketr\u00e6ner - Mekulo DK","robots":{"index":"index","follow":"follow","max-snippet":"max-snippet:-1","max-image-preview":"max-image-preview:large","max-video-preview":"max-video-preview:-1"},"canonical":"https:\/\/mekulo.com\/dk\/produkt\/digital-haandgrebsstyrketraener\/","og_locale":"da_DK","og_type":"article","og_title":"Digital h\u00e5ndgrebsstyrketr\u00e6ner - Mekulo DK","og_description":"\ud83e\udd1aDenne digitale h\u00e5ndgrebsstyrketr\u00e6ner hj\u00e6lper dig med at opbygge h\u00e5ndstyrke, mens du n\u00f8jagtigt sporer dine fremskridt p\u00e5 et tydeligt LED-display. \ud83d\udcaaDen er ideel til daglig fitness, genoptr\u00e6ning, eksamener og seniorers sundhedsrutiner. \ud83e\udde0Denne smarte tr\u00e6ner forvandler enkle pres til m\u00e5lbare resultater, som du kan se og forbedre hver dag.","og_url":"https:\/\/mekulo.com\/dk\/produkt\/digital-haandgrebsstyrketraener\/","og_site_name":"Mekulo DK","article_modified_time":"2026-02-10T09:15:23+00:00","og_image":[{"width":960,"height":960,"url":"https:\/\/mekulo.com\/dk\/wp-content\/uploads\/sites\/12\/2026\/02\/28xybbo-1.jpg","type":"image\/jpeg"}],"twitter_card":"summary_large_image","twitter_misc":{"Estimeret l\u00e6setid":"2 minutter"},"schema":{"@context":"https:\/\/schema.org","@graph":[{"@type":"WebPage","@id":"https:\/\/mekulo.com\/dk\/produkt\/digital-haandgrebsstyrketraener\/","url":"https:\/\/mekulo.com\/dk\/produkt\/digital-haandgrebsstyrketraener\/","name":"Digital h\u00e5ndgrebsstyrketr\u00e6ner - Mekulo DK","isPartOf":{"@id":"https:\/\/mekulo.com\/dk\/#website"},"primaryImageOfPage":{"@id":"https:\/\/mekulo.com\/dk\/produkt\/digital-haandgrebsstyrketraener\/#primaryimage"},"image":{"@id":"https:\/\/mekulo.com\/dk\/produkt\/digital-haandgrebsstyrketraener\/#primaryimage"},"thumbnailUrl":"https:\/\/mekulo.com\/dk\/wp-content\/uploads\/sites\/12\/2026\/02\/28xybbo-1.jpg","datePublished":"2026-02-04T19:13:05+00:00","dateModified":"2026-02-10T09:15:23+00:00","breadcrumb":{"@id":"https:\/\/mekulo.com\/dk\/produkt\/digital-haandgrebsstyrketraener\/#breadcrumb"},"inLanguage":"da-DK","potentialAction":[{"@type":"ReadAction","target":["https:\/\/mekulo.com\/dk\/produkt\/digital-haandgrebsstyrketraener\/"]}]},{"@type":"ImageObject","inLanguage":"da-DK","@id":"https:\/\/mekulo.com\/dk\/produkt\/digital-haandgrebsstyrketraener\/#primaryimage","url":"https:\/\/mekulo.com\/dk\/wp-content\/uploads\/sites\/12\/2026\/02\/28xybbo-1.jpg","contentUrl":"https:\/\/mekulo.com\/dk\/wp-content\/uploads\/sites\/12\/2026\/02\/28xybbo-1.jpg","width":960,"height":960},{"@type":"BreadcrumbList","@id":"https:\/\/mekulo.com\/dk\/produkt\/digital-haandgrebsstyrketraener\/#breadcrumb","itemListElement":[{"@type":"ListItem","position":1,"name":"Home","item":"https:\/\/mekulo.com\/dk\/"},{"@type":"ListItem","position":2,"name":"Butik","item":"https:\/\/mekulo.com\/dk\/butik\/"},{"@type":"ListItem","position":3,"name":"Digital h\u00e5ndgrebsstyrketr\u00e6ner"}]},{"@type":"WebSite","@id":"https:\/\/mekulo.com\/dk\/#website","url":"https:\/\/mekulo.com\/dk\/","name":"Mekulo DK","description":"","publisher":{"@id":"https:\/\/mekulo.com\/dk\/#organization"},"potentialAction":[{"@type":"SearchAction","target":{"@type":"EntryPoint","urlTemplate":"https:\/\/mekulo.com\/dk\/?s={search_term_string}"},"query-input":{"@type":"PropertyValueSpecification","valueRequired":true,"valueName":"search_term_string"}}],"inLanguage":"da-DK"},{"@type":"Organization","@id":"https:\/\/mekulo.com\/dk\/#organization","name":"Mekulo","url":"https:\/\/mekulo.com\/dk\/","logo":{"@type":"ImageObject","inLanguage":"da-DK","@id":"https:\/\/mekulo.com\/dk\/#\/schema\/logo\/image\/","url":"https:\/\/mekulo.com\/dk\/wp-content\/uploads\/sites\/12\/2025\/12\/favicon_mekulo.png","contentUrl":"https:\/\/mekulo.com\/dk\/wp-content\/uploads\/sites\/12\/2025\/12\/favicon_mekulo.png","width":50,"height":50,"caption":"Mekulo"},"image":{"@id":"https:\/\/mekulo.com\/dk\/#\/schema\/logo\/image\/"}}]}},"_links":{"self":[{"href":"https:\/\/mekulo.com\/dk\/wp-json\/wp\/v2\/product\/21836","targetHints":{"allow":["GET"]}}],"collection":[{"href":"https:\/\/mekulo.com\/dk\/wp-json\/wp\/v2\/product"}],"about":[{"href":"https:\/\/mekulo.com\/dk\/wp-json\/wp\/v2\/types\/product"}],"replies":[{"embeddable":true,"href":"https:\/\/mekulo.com\/dk\/wp-json\/wp\/v2\/comments?post=21836"}],"wp:featuredmedia":[{"embeddable":true,"href":"https:\/\/mekulo.com\/dk\/wp-json\/wp\/v2\/media\/21832"}],"wp:attachment":[{"href":"https:\/\/mekulo.com\/dk\/wp-json\/wp\/v2\/media?parent=21836"}],"wp:term":[{"taxonomy":"product_brand","embeddable":true,"href":"https:\/\/mekulo.com\/dk\/wp-json\/wp\/v2\/product_brand?post=21836"},{"taxonomy":"product_cat","embeddable":true,"href":"https:\/\/mekulo.com\/dk\/wp-json\/wp\/v2\/product_cat?post=21836"},{"taxonomy":"product_tag","embeddable":true,"href":"https:\/\/mekulo.com\/dk\/wp-json\/wp\/v2\/product_tag?post=21836"}],"curies":[{"name":"wp","href":"https:\/\/api.w.org\/{rel}","templated":true}]}}